{"id":132984,"date":"2019-11-15T11:29:47","date_gmt":"2019-11-15T10:29:47","guid":{"rendered":"https:\/\/www.ferrovial.com\/compania\/sobre-nosotros\/consejo\/funciones-del-consejo\/"},"modified":"2023-06-16T09:18:54","modified_gmt":"2023-06-16T07:18:54","slug":"funciones-del-consejo","status":"publish","type":"page","link":"https:\/\/www.ferrovial.com\/es-la\/compania\/sobre-nosotros\/consejo\/funciones-del-consejo\/","title":{"rendered":"Funciones del Consejo"},"content":{"rendered":"    <m-final-content-header bgimage='https:\/\/static.ferrovial.com\/wp-content\/uploads\/2019\/09\/13141316\/che17633d-1280x720.jpg'>\n            <c-breadcrumb label-text=\"Breadcrumb\" slot=\"breadcrumbs\" type='2' align='left' wrap='wrapped wrapped' aria-label='Vienes de Consejo de Administraci\u00f3n'>\n                        <ol>\n\n                                                            <li><a href=\"https:\/\/www.ferrovial.com\/es-la\/\" title=\"Ferrovial\">Ferrovial<\/a><\/li>\n                                                                        <li><a href=\"https:\/\/www.ferrovial.com\/es\/compania\/\" title=\"Sobre nosotros\">Sobre nosotros<\/a><\/li>\n                                                                        <li><a href=\"https:\/\/www.ferrovial.com\/es\/compania\/sobre-nosotros\/\" title=\"Nuestra compa\u00f1\u00eda\">Nuestra compa\u00f1\u00eda<\/a><\/li>\n                                                                        <li><a href=\"https:\/\/www.ferrovial.com\/es\/compania\/sobre-nosotros\/consejo\/\" title=\"Consejo de Administraci\u00f3n\">Consejo de Administraci\u00f3n<\/a><\/li>\n                                    \n                <\/ol>\n\n                <\/c-breadcrumb>\n    \n        <div slot=\"header\">\n            <h1>\n                Funciones del Consejo            <\/h1>\n                    <\/div>\n    <\/m-final-content-header>\n\n    \n\n\n<m-wysiwig class=\"wp-block-components-wysiwyg\"><div slot=\"maincontent\">\n<p>El Consejo de Administraci\u00f3n de Ferrovial SE tiene atribuida como funci\u00f3n principal la de supervisar la actividad del grupo Ferrovial, lo que comprende orientar su pol\u00edtica, controlar las instancias de gesti\u00f3n, y procurar que respeten el objeto e inter\u00e9s social; evaluar la gesti\u00f3n de los directivos; adoptar las decisiones m\u00e1s relevantes; y delegar su gesti\u00f3n ordinaria en el equipo de direcci\u00f3n conforme a la normativa aplicable.<\/p>\n\n\n\n<p><a><\/a><a><\/a><a><\/a><a><\/a><a><\/a>El Consejo tendr\u00e1 las competencias previstas en la ley y los Estatutos Sociales. Adem\u00e1s, ejercer\u00e1 las siguientes funciones:<\/p>\n\n\n\n<ul class=\"wp-block-list\">\n<li>Procurar que las cuentas anuales de la Sociedad que el Consejo formule y presente a la Junta General se elaboren de forma que el informe del auditor externo no contenga salvedades ni limitaciones de ning\u00fan tipo.<\/li>\n\n\n\n<li>Supervisar, al menos trimestralmente, la evoluci\u00f3n de los estados financieros de la Sociedad, as\u00ed como aprobar la informaci\u00f3n que deba facilitarse peri\u00f3dicamente a los mercados o autoridades supervisoras.<\/li>\n\n\n\n<li>Promover la participaci\u00f3n de los accionistas en las Juntas Generales y adoptar las medidas oportunas para facilitar que la Junta General ejerza efectivamente las funciones que le son propias conforme a la ley y a los Estatutos Sociales, y procurar que la Junta General y los accionistas de la Sociedad dispongan de la informaci\u00f3n a la que tengan derecho en virtud de la normativa aplicable y los Estatutos Sociales.<\/li>\n\n\n\n<li>Establecer mecanismos de intercambio de informaci\u00f3n regular con los inversores institucionales que formen parte del accionariado de la Sociedad, todo ello conforme a la normativa aplicable.<\/li>\n\n\n\n<li>Nombrar o cesar al director de auditor\u00eda interna, previa recomendaci\u00f3n de la Comisi\u00f3n de Auditor\u00eda y Control.<\/li>\n<\/ul>\n\n\n\n<p>El Consejo definir\u00e1 una postura sobre la creaci\u00f3n sostenible de valor a largo plazo por parte de la Sociedad y de sus negocios y formular una estrategia acorde con ello. El Consejo formular\u00e1 objetivos espec\u00edficos a este respecto. Dependiendo de las din\u00e1micas del mercado, podr\u00e1 ser necesario realizar ajustes a corto plazo en la estrategia. A la hora de elaborar la estrategia, deber\u00e1 prestarse especial atenci\u00f3n, en todo caso, a lo siguiente:<\/p>\n\n\n\n<ul class=\"wp-block-list\">\n<li>la implementaci\u00f3n y viabilidad de la estrategia;<\/li>\n\n\n\n<li>el modelo de negocio aplicado por la Sociedad y el mercado en el que operen la Sociedad y sus negocios;<\/li>\n\n\n\n<li>oportunidades y riesgos para la Sociedad;<\/li>\n\n\n\n<li>los objetivos financieros y operativos de la Sociedad y su impacto en su futura posici\u00f3n en los mercados de referencia;<\/li>\n\n\n\n<li>los intereses de los grupos de inter\u00e9s;<\/li>\n\n\n\n<li>el impacto de la Sociedad y sus negocios en el \u00e1mbito de la sostenibilidad, incluidos los efectos sobre las personas y el medio ambiente;<\/li>\n\n\n\n<li>el abono de una cantidad equitativa de impuestos en los pa\u00edses en los que opere la Sociedad; y<\/li>\n\n\n\n<li>el impacto de las nuevas tecnolog\u00edas y la evoluci\u00f3n de los modelos de negocio.<\/li>\n<\/ul>\n<\/div><\/m-wysiwig>\n","protected":false},"excerpt":{"rendered":"","protected":false},"featured_media":0,"parent":131247,"menu_order":0,"comment_status":"closed","ping_status":"closed","template":"","meta":{"_acf_changed":false,"footnotes":""},"class_list":["post-132984","page","type-page","status-publish","hentry"],"acf":[],"yoast_head":"<!-- This site is optimized with the Yoast SEO plugin v27.2 - https:\/\/yoast.com\/product\/yoast-seo-wordpress\/ -->\n<title>Funciones del Consejo de Administraci\u00f3n - Ferrovial<\/title>\n<meta name=\"description\" content=\"El Consejo de Administraci\u00f3n de Ferrovial S.A. tiene atribuida como funci\u00f3n principal la de supervisar la actividad de Ferrovial, lo que comprende la ...\" \/>\n<meta name=\"robots\" content=\"index, follow, max-snippet:-1, max-image-preview:large, max-video-preview:-1\" \/>\n<link rel=\"canonical\" href=\"https:\/\/www.ferrovial.com\/es-la\/compania\/sobre-nosotros\/consejo\/funciones-del-consejo\/\" \/>\n<meta property=\"og:locale\" content=\"es_ES\" \/>\n<meta property=\"og:type\" content=\"article\" \/>\n<meta property=\"og:title\" content=\"Funciones del Consejo de Administraci\u00f3n - Ferrovial\" \/>\n<meta property=\"og:description\" content=\"El Consejo de Administraci\u00f3n de Ferrovial S.A. tiene atribuida como funci\u00f3n principal la de supervisar la actividad de Ferrovial, lo que comprende la ...\" \/>\n<meta property=\"og:url\" content=\"https:\/\/www.ferrovial.com\/es-la\/compania\/sobre-nosotros\/consejo\/funciones-del-consejo\/\" \/>\n<meta property=\"og:site_name\" content=\"Ferrovial\" \/>\n<meta property=\"article:publisher\" content=\"https:\/\/www.facebook.com\/ferrovial\" \/>\n<meta property=\"article:modified_time\" content=\"2023-06-16T07:18:54+00:00\" \/>\n<meta name=\"twitter:card\" content=\"summary_large_image\" \/>\n<meta name=\"twitter:site\" content=\"@ferrovial\" \/>\n<meta name=\"twitter:label1\" content=\"Est. reading time\" \/>\n\t<meta name=\"twitter:data1\" content=\"2 minutes\" \/>\n<!-- \/ Yoast SEO plugin. -->","yoast_head_json":{"title":"Funciones del Consejo de Administraci\u00f3n - Ferrovial","description":"El Consejo de Administraci\u00f3n de Ferrovial S.A. tiene atribuida como funci\u00f3n principal la de supervisar la actividad de Ferrovial, lo que comprende la ...","robots":{"index":"index","follow":"follow","max-snippet":"max-snippet:-1","max-image-preview":"max-image-preview:large","max-video-preview":"max-video-preview:-1"},"canonical":"https:\/\/www.ferrovial.com\/es-la\/compania\/sobre-nosotros\/consejo\/funciones-del-consejo\/","og_locale":"es_ES","og_type":"article","og_title":"Funciones del Consejo de Administraci\u00f3n - Ferrovial","og_description":"El Consejo de Administraci\u00f3n de Ferrovial S.A. tiene atribuida como funci\u00f3n principal la de supervisar la actividad de Ferrovial, lo que comprende la ...","og_url":"https:\/\/www.ferrovial.com\/es-la\/compania\/sobre-nosotros\/consejo\/funciones-del-consejo\/","og_site_name":"Ferrovial","article_publisher":"https:\/\/www.facebook.com\/ferrovial","article_modified_time":"2023-06-16T07:18:54+00:00","twitter_card":"summary_large_image","twitter_site":"@ferrovial","twitter_misc":{"Est. reading time":"2 minutes"},"schema":{"@context":"https:\/\/schema.org","@graph":[{"@type":"WebPage","@id":"https:\/\/www.ferrovial.com\/es-la\/compania\/sobre-nosotros\/consejo\/funciones-del-consejo\/","url":"https:\/\/www.ferrovial.com\/es-la\/compania\/sobre-nosotros\/consejo\/funciones-del-consejo\/","name":"Funciones del Consejo de Administraci\u00f3n - Ferrovial","isPartOf":{"@id":"https:\/\/www.ferrovial.com\/es-la\/#website"},"datePublished":"2019-11-15T10:29:47+00:00","dateModified":"2023-06-16T07:18:54+00:00","description":"El Consejo de Administraci\u00f3n de Ferrovial S.A. tiene atribuida como funci\u00f3n principal la de supervisar la actividad de Ferrovial, lo que comprende la ...","breadcrumb":{"@id":"https:\/\/www.ferrovial.com\/es-la\/compania\/sobre-nosotros\/consejo\/funciones-del-consejo\/#breadcrumb"},"inLanguage":"es-419","potentialAction":[{"@type":"ReadAction","target":["https:\/\/www.ferrovial.com\/es-la\/compania\/sobre-nosotros\/consejo\/funciones-del-consejo\/"]}]},{"@type":"BreadcrumbList","@id":"https:\/\/www.ferrovial.com\/es-la\/compania\/sobre-nosotros\/consejo\/funciones-del-consejo\/#breadcrumb","itemListElement":[{"@type":"ListItem","position":1,"name":"Portada","item":"https:\/\/www.ferrovial.com\/es-la\/"},{"@type":"ListItem","position":2,"name":"Sobre nosotros","item":"https:\/\/www.ferrovial.com\/es-la\/compania\/"},{"@type":"ListItem","position":3,"name":"Nuestra compa\u00f1\u00eda","item":"https:\/\/www.ferrovial.com\/es-la\/compania\/sobre-nosotros\/"},{"@type":"ListItem","position":4,"name":"Consejo de Administraci\u00f3n","item":"https:\/\/www.ferrovial.com\/es-la\/compania\/sobre-nosotros\/consejo\/"},{"@type":"ListItem","position":5,"name":"Funciones del Consejo"}]},{"@type":"WebSite","@id":"https:\/\/www.ferrovial.com\/es-la\/#website","url":"https:\/\/www.ferrovial.com\/es-la\/","name":"Ferrovial","description":"Welcome to the Ferrovial&#039;s website, global operator of sustainable infrastructure. Here you can find all the information about the company and subsidiaries.","publisher":{"@id":"https:\/\/www.ferrovial.com\/es-la\/#organization"},"potentialAction":[{"@type":"SearchAction","target":{"@type":"EntryPoint","urlTemplate":"https:\/\/www.ferrovial.com\/es-la\/?s={search_term_string}"},"query-input":{"@type":"PropertyValueSpecification","valueRequired":true,"valueName":"search_term_string"}}],"inLanguage":"es-419"},{"@type":"Organization","@id":"https:\/\/www.ferrovial.com\/es-la\/#organization","name":"Ferrovial S.A.","url":"https:\/\/www.ferrovial.com\/es-la\/","logo":{"@type":"ImageObject","inLanguage":"es-419","@id":"https:\/\/www.ferrovial.com\/es-la\/#\/schema\/logo\/image\/","url":"https:\/\/static.ferrovial.com\/wp-content\/uploads\/2020\/01\/13124948\/logo-ferrovial-cf7.png","contentUrl":"https:\/\/static.ferrovial.com\/wp-content\/uploads\/2020\/01\/13124948\/logo-ferrovial-cf7.png","width":144,"height":32,"caption":"Ferrovial S.A."},"image":{"@id":"https:\/\/www.ferrovial.com\/es-la\/#\/schema\/logo\/image\/"},"sameAs":["https:\/\/www.facebook.com\/ferrovial","https:\/\/x.com\/ferrovial","https:\/\/www.instagram.com\/ferrovial\/","https:\/\/www.linkedin.com\/company\/ferrovial","https:\/\/www.pinterest.es\/ferrovial\/","https:\/\/www.youtube.com\/ferrovial","https:\/\/en.wikipedia.org\/wiki\/Ferrovial"]}]}},"_links":{"self":[{"href":"https:\/\/www.ferrovial.com\/es-la\/wp-json\/wp\/v2\/pages\/132984","targetHints":{"allow":["GET"]}}],"collection":[{"href":"https:\/\/www.ferrovial.com\/es-la\/wp-json\/wp\/v2\/pages"}],"about":[{"href":"https:\/\/www.ferrovial.com\/es-la\/wp-json\/wp\/v2\/types\/page"}],"replies":[{"embeddable":true,"href":"https:\/\/www.ferrovial.com\/es-la\/wp-json\/wp\/v2\/comments?post=132984"}],"version-history":[{"count":3,"href":"https:\/\/www.ferrovial.com\/es-la\/wp-json\/wp\/v2\/pages\/132984\/revisions"}],"predecessor-version":[{"id":263182,"href":"https:\/\/www.ferrovial.com\/es-la\/wp-json\/wp\/v2\/pages\/132984\/revisions\/263182"}],"up":[{"embeddable":true,"href":"https:\/\/www.ferrovial.com\/es-la\/wp-json\/wp\/v2\/pages\/131247"}],"wp:attachment":[{"href":"https:\/\/www.ferrovial.com\/es-la\/wp-json\/wp\/v2\/media?parent=132984"}],"curies":[{"name":"wp","href":"https:\/\/api.w.org\/{rel}","templated":true}]}}