{"id":132985,"date":"2019-11-15T10:28:32","date_gmt":"2019-11-15T09:28:32","guid":{"rendered":"https:\/\/www.ferrovial.com\/sostenibilidad\/rsc\/indices\/dow-jones\/"},"modified":"2025-09-16T09:34:35","modified_gmt":"2025-09-16T07:34:35","slug":"dow-jones","status":"publish","type":"page","link":"https:\/\/www.ferrovial.com\/es-la\/sostenibilidad\/rsc\/indices\/dow-jones\/","title":{"rendered":"Indice de Sostenibilidad Dow Jones"},"content":{"rendered":"    <m-final-content-header bgimage='https:\/\/static.ferrovial.com\/wp-content\/uploads\/2019\/11\/13132320\/3695_sylvan_bridge-1-1280x720.jpg'>\n            <c-breadcrumb label-text=\"Breadcrumb\" slot=\"breadcrumbs\" type='2' align='left' wrap='wrapped wrapped' aria-label='Vienes de \u00cdndices de Sostenibilidad'>\n                        <ol>\n\n                                                            <li><a href=\"https:\/\/www.ferrovial.com\/es-la\/\" title=\"Ferrovial\">Ferrovial<\/a><\/li>\n                                                                        <li><a href=\"https:\/\/www.ferrovial.com\/es\/sostenibilidad\/\" title=\"Sostenibilidad\">Sostenibilidad<\/a><\/li>\n                                                                        <li><a href=\"https:\/\/www.ferrovial.com\/es\/sostenibilidad\/rsc\/\" title=\"Social RSC\">Social RSC<\/a><\/li>\n                                                                        <li><a href=\"https:\/\/www.ferrovial.com\/es\/sostenibilidad\/rsc\/indices\/\" title=\"\u00cdndices de Sostenibilidad\">\u00cdndices de Sostenibilidad<\/a><\/li>\n                                    \n                <\/ol>\n\n                <\/c-breadcrumb>\n    \n        <div slot=\"header\">\n            <h1>\n                \u00cdndices Dow Jones Best-in-Class            <\/h1>\n                    <\/div>\n    <\/m-final-content-header>\n\n    \n\n\n<m-wysiwig class=\"wp-block-components-wysiwyg\"><div slot=\"maincontent\">    <p class=\"intro\">Ferrovial lleva 23 a\u00f1os formando parte de los \u00edndices Dow Jones Best-in-Class global y europeo de manera ininterrumpida. Estos \u00edndices, elaborados por la agencia de calificaci\u00f3n S&#038;P Global, est\u00e1n considerados entre los m\u00e1s prestigiosos del mundo en materia de sostenibilidad.<\/p>\n    \n\n\n<h2 class=\"wp-block-heading\">Dow Jones Best-in-Class<\/h2>\n\n\n\n<p>Creados en 1999, los <strong>\u00edndices de Dow Jones<\/strong>, son un referente internacional en el reconocimiento de empresas que destacan por integrar la sostenibilidad en su estrategia corporativa.<\/p>\n\n\n\n<p>Para su elaboraci\u00f3n, la agencia <strong>S&amp;P Global<\/strong> aplica su metodolog\u00eda propia, el <strong>Corporate Sustainability Assessment (CSA),<\/strong> con el que eval\u00faa a las empresas seg\u00fan criterios medioambientales, sociales y de buen gobierno (ESG). <\/p>\n\n\n\n<p>Cada a\u00f1o m\u00e1s de 13.000 empresas son invitadas a participar en el CSA, aunque solo unas 3.500 de las mayores compa\u00f1\u00edas del mundo pueden optar a formar parte de los \u00edndices Dow Jones Best-in-Class.<\/p>\n\n\n\n<h2 class=\"wp-block-heading\"><strong>Ferrovial y el DJBiC<\/strong><\/h2>\n\n\n\n<p>En 2024, Ferrovial fue reconocida por segundo a\u00f1o consecutivo como <strong>la empresa m\u00e1s sostenible de Europa en el sector de Construcci\u00f3n e Ingenier\u00eda<\/strong>. Encabezar el \u00cdndice Dow Jones Best-in-Class avala nuestra solidez en el desempe\u00f1o medioambiental, social y econ\u00f3mico.<\/p>\n\n\n\n<p>Adem\u00e1s, Ferrovial est\u00e1 presente en destacados \u00edndices de sostenibilidad como <strong>CDP, ISS ESG, MSCI, FTSE4Good y Sustainalytics<\/strong>, que reflejan las buenas pr\u00e1cticas de la compa\u00f1\u00eda en esta materia.<\/p>\n<\/div><\/m-wysiwig>\n","protected":false},"excerpt":{"rendered":"","protected":false},"featured_media":0,"parent":131434,"menu_order":0,"comment_status":"closed","ping_status":"closed","template":"","meta":{"_acf_changed":false,"footnotes":""},"class_list":["post-132985","page","type-page","status-publish","hentry"],"acf":[],"yoast_head":"<!-- This site is optimized with the Yoast SEO plugin v27.2 - https:\/\/yoast.com\/product\/yoast-seo-wordpress\/ -->\n<title>Indice de Sostenibilidad Dow Jones - Ferrovial<\/title>\n<meta name=\"description\" content=\"Welcome to the Ferrovial&#039;s website, global operator of sustainable infrastructure. Here you can find all the information about the company and subsidiaries.\" \/>\n<meta name=\"robots\" content=\"index, follow, max-snippet:-1, max-image-preview:large, max-video-preview:-1\" \/>\n<link rel=\"canonical\" href=\"https:\/\/www.ferrovial.com\/es-la\/sostenibilidad\/rsc\/indices\/dow-jones\/\" \/>\n<meta property=\"og:locale\" content=\"es_ES\" \/>\n<meta property=\"og:type\" content=\"article\" \/>\n<meta property=\"og:title\" content=\"Indice de Sostenibilidad Dow Jones - Ferrovial\" \/>\n<meta property=\"og:description\" content=\"Welcome to the Ferrovial&#039;s website, global operator of sustainable infrastructure. Here you can find all the information about the company and subsidiaries.\" \/>\n<meta property=\"og:url\" content=\"https:\/\/www.ferrovial.com\/es-la\/sostenibilidad\/rsc\/indices\/dow-jones\/\" \/>\n<meta property=\"og:site_name\" content=\"Ferrovial\" \/>\n<meta property=\"article:publisher\" content=\"https:\/\/www.facebook.com\/ferrovial\" \/>\n<meta property=\"article:modified_time\" content=\"2025-09-16T07:34:35+00:00\" \/>\n<meta name=\"twitter:card\" content=\"summary_large_image\" \/>\n<meta name=\"twitter:site\" content=\"@ferrovial\" \/>\n<meta name=\"twitter:label1\" content=\"Est. reading time\" \/>\n\t<meta name=\"twitter:data1\" content=\"1 minute\" \/>\n<!-- \/ Yoast SEO plugin. -->","yoast_head_json":{"title":"Indice de Sostenibilidad Dow Jones - Ferrovial","description":"Welcome to the Ferrovial's website, global operator of sustainable infrastructure. Here you can find all the information about the company and subsidiaries.","robots":{"index":"index","follow":"follow","max-snippet":"max-snippet:-1","max-image-preview":"max-image-preview:large","max-video-preview":"max-video-preview:-1"},"canonical":"https:\/\/www.ferrovial.com\/es-la\/sostenibilidad\/rsc\/indices\/dow-jones\/","og_locale":"es_ES","og_type":"article","og_title":"Indice de Sostenibilidad Dow Jones - Ferrovial","og_description":"Welcome to the Ferrovial's website, global operator of sustainable infrastructure. Here you can find all the information about the company and subsidiaries.","og_url":"https:\/\/www.ferrovial.com\/es-la\/sostenibilidad\/rsc\/indices\/dow-jones\/","og_site_name":"Ferrovial","article_publisher":"https:\/\/www.facebook.com\/ferrovial","article_modified_time":"2025-09-16T07:34:35+00:00","twitter_card":"summary_large_image","twitter_site":"@ferrovial","twitter_misc":{"Est. reading time":"1 minute"},"schema":{"@context":"https:\/\/schema.org","@graph":[{"@type":"WebPage","@id":"https:\/\/www.ferrovial.com\/es-la\/sostenibilidad\/rsc\/indices\/dow-jones\/","url":"https:\/\/www.ferrovial.com\/es-la\/sostenibilidad\/rsc\/indices\/dow-jones\/","name":"Indice de Sostenibilidad Dow Jones - Ferrovial","isPartOf":{"@id":"https:\/\/www.ferrovial.com\/es-la\/#website"},"datePublished":"2019-11-15T09:28:32+00:00","dateModified":"2025-09-16T07:34:35+00:00","description":"Welcome to the Ferrovial's website, global operator of sustainable infrastructure. Here you can find all the information about the company and subsidiaries.","breadcrumb":{"@id":"https:\/\/www.ferrovial.com\/es-la\/sostenibilidad\/rsc\/indices\/dow-jones\/#breadcrumb"},"inLanguage":"es-419","potentialAction":[{"@type":"ReadAction","target":["https:\/\/www.ferrovial.com\/es-la\/sostenibilidad\/rsc\/indices\/dow-jones\/"]}]},{"@type":"BreadcrumbList","@id":"https:\/\/www.ferrovial.com\/es-la\/sostenibilidad\/rsc\/indices\/dow-jones\/#breadcrumb","itemListElement":[{"@type":"ListItem","position":1,"name":"Portada","item":"https:\/\/www.ferrovial.com\/es-la\/"},{"@type":"ListItem","position":2,"name":"Sostenibilidad","item":"https:\/\/www.ferrovial.com\/es-la\/sostenibilidad\/"},{"@type":"ListItem","position":3,"name":"Social RSC","item":"https:\/\/www.ferrovial.com\/es-la\/sostenibilidad\/rsc\/"},{"@type":"ListItem","position":4,"name":"\u00cdndices de Sostenibilidad","item":"https:\/\/www.ferrovial.com\/es-la\/sostenibilidad\/rsc\/indices\/"},{"@type":"ListItem","position":5,"name":"Indice de Sostenibilidad Dow Jones"}]},{"@type":"WebSite","@id":"https:\/\/www.ferrovial.com\/es-la\/#website","url":"https:\/\/www.ferrovial.com\/es-la\/","name":"Ferrovial","description":"Welcome to the Ferrovial&#039;s website, global operator of sustainable infrastructure. Here you can find all the information about the company and subsidiaries.","publisher":{"@id":"https:\/\/www.ferrovial.com\/es-la\/#organization"},"potentialAction":[{"@type":"SearchAction","target":{"@type":"EntryPoint","urlTemplate":"https:\/\/www.ferrovial.com\/es-la\/?s={search_term_string}"},"query-input":{"@type":"PropertyValueSpecification","valueRequired":true,"valueName":"search_term_string"}}],"inLanguage":"es-419"},{"@type":"Organization","@id":"https:\/\/www.ferrovial.com\/es-la\/#organization","name":"Ferrovial S.A.","url":"https:\/\/www.ferrovial.com\/es-la\/","logo":{"@type":"ImageObject","inLanguage":"es-419","@id":"https:\/\/www.ferrovial.com\/es-la\/#\/schema\/logo\/image\/","url":"https:\/\/static.ferrovial.com\/wp-content\/uploads\/2020\/01\/13124948\/logo-ferrovial-cf7.png","contentUrl":"https:\/\/static.ferrovial.com\/wp-content\/uploads\/2020\/01\/13124948\/logo-ferrovial-cf7.png","width":144,"height":32,"caption":"Ferrovial S.A."},"image":{"@id":"https:\/\/www.ferrovial.com\/es-la\/#\/schema\/logo\/image\/"},"sameAs":["https:\/\/www.facebook.com\/ferrovial","https:\/\/x.com\/ferrovial","https:\/\/www.instagram.com\/ferrovial\/","https:\/\/www.linkedin.com\/company\/ferrovial","https:\/\/www.pinterest.es\/ferrovial\/","https:\/\/www.youtube.com\/ferrovial","https:\/\/en.wikipedia.org\/wiki\/Ferrovial"]}]}},"_links":{"self":[{"href":"https:\/\/www.ferrovial.com\/es-la\/wp-json\/wp\/v2\/pages\/132985","targetHints":{"allow":["GET"]}}],"collection":[{"href":"https:\/\/www.ferrovial.com\/es-la\/wp-json\/wp\/v2\/pages"}],"about":[{"href":"https:\/\/www.ferrovial.com\/es-la\/wp-json\/wp\/v2\/types\/page"}],"replies":[{"embeddable":true,"href":"https:\/\/www.ferrovial.com\/es-la\/wp-json\/wp\/v2\/comments?post=132985"}],"version-history":[{"count":3,"href":"https:\/\/www.ferrovial.com\/es-la\/wp-json\/wp\/v2\/pages\/132985\/revisions"}],"predecessor-version":[{"id":313240,"href":"https:\/\/www.ferrovial.com\/es-la\/wp-json\/wp\/v2\/pages\/132985\/revisions\/313240"}],"up":[{"embeddable":true,"href":"https:\/\/www.ferrovial.com\/es-la\/wp-json\/wp\/v2\/pages\/131434"}],"wp:attachment":[{"href":"https:\/\/www.ferrovial.com\/es-la\/wp-json\/wp\/v2\/media?parent=132985"}],"curies":[{"name":"wp","href":"https:\/\/api.w.org\/{rel}","templated":true}]}}