{"id":132999,"date":"2019-11-13T11:27:17","date_gmt":"2019-11-13T10:27:17","guid":{"rendered":"https:\/\/www.ferrovial.com\/gei-3\/"},"modified":"2025-07-02T11:30:27","modified_gmt":"2025-07-02T09:30:27","slug":"gei-3","status":"publish","type":"page","link":"https:\/\/www.ferrovial.com\/es-la\/sostenibilidad\/medio-ambiente\/huella-carbono\/reduccion-emisiones\/gei-3\/","title":{"rendered":"Emisiones GEI Scope 3"},"content":{"rendered":"    <m-final-content-header >\n            <c-breadcrumb label-text=\"Breadcrumb\" slot=\"breadcrumbs\" type='2' align='left' wrap='wrapped wrapped' aria-label='Vienes de Reducci\u00f3n de emisiones'>\n                        <ol>\n\n                                                            <li><a href=\"https:\/\/www.ferrovial.com\/es-la\/\" title=\"Ferrovial\">Ferrovial<\/a><\/li>\n                                                                        <li><a href=\"https:\/\/www.ferrovial.com\/es\/sostenibilidad\/\" title=\"Sostenibilidad\">Sostenibilidad<\/a><\/li>\n                                                                        <li><a href=\"https:\/\/www.ferrovial.com\/es\/sostenibilidad\/medio-ambiente\/\" title=\"Medio Ambiente\">Medio Ambiente<\/a><\/li>\n                                                                        <li><a href=\"https:\/\/www.ferrovial.com\/es\/sostenibilidad\/medio-ambiente\/huella-carbono\/\" title=\"Huella de carbono\">Huella de carbono<\/a><\/li>\n                                                                        <li><a href=\"https:\/\/www.ferrovial.com\/es\/sostenibilidad\/medio-ambiente\/huella-carbono\/reduccion-emisiones\/\" title=\"Reducci\u00f3n de emisiones\">Reducci\u00f3n de emisiones<\/a><\/li>\n                                    \n                <\/ol>\n\n                <\/c-breadcrumb>\n    \n        <div slot=\"header\">\n            <h1>\n                Emisiones GEI Scope 3            <\/h1>\n                    <\/div>\n    <\/m-final-content-header>\n\n    \n\n\n<m-wysiwig class=\"wp-block-components-wysiwyg\"><div slot=\"maincontent\">    <p class=\"intro\">Extension of the Scope of indirect emissions (Scope 3)<\/p>\n    \n\n\n<p>Ferrovial calcula las emisiones GEI Scope 3 siguiendo las pautas recogidas en&nbsp;<em>Corporate Value Chain (Scope 3) Accounting and Reporting Standard<\/em>&nbsp;publicado&nbsp;por&nbsp;<em>Green House Gas Protocol Initiative, el WRI y el WBCSD.<\/em>A continuaci\u00f3n&nbsp;se detallan las actividades, productos y servicios, con respecto a las que se ha calculado el Scope 3:<\/p>\n\n\n\n<ul class=\"wp-block-list\">\n<li><strong>Compra de bienes y servicios (<em>Purchased goods and services<\/em>):<\/strong>&nbsp;Incluyen las emisiones relacionadas con el ciclo de vida de los materiales comprados por Ferrovial que han sido utilizados en productos o servicios que la empresa ofrece.<\/li>\n\n\n\n<li><strong>Bienes capitales (<em>Capital goods<\/em>):<\/strong>&nbsp;Incluye todas las emisiones aguas arriba (es decir, de la cuna a la puerta) de la producci\u00f3n de bienes de equipo comprados o adquiridos por la compa\u00f1\u00eda en el a\u00f1o.<\/li>\n\n\n\n<li><strong>Combustible y energ\u00eda relacionado con la actividad (<em>Fuel and energy related activities<\/em>):<\/strong>&nbsp;Dentro de este apartado se considera la energ\u00eda que es necesaria para producir los combustibles y electricidad que la empresa consume y la p\u00e9rdida de la electricidad en el transporte.<\/li>\n\n\n\n<li><strong>Transporte y distribuci\u00f3n (<em>Upstream transportation and distribution<\/em>):<\/strong>&nbsp;Incluye las emisiones procedentes del transporte y la distribuci\u00f3n de los principales productos adquiridos en el ejercicio.<\/li>\n\n\n\n<li><strong>Residuos generados en las operaciones (<em>Waste generated in operations<\/em>):<\/strong>&nbsp;Las emisiones en este apartado est\u00e1n relacionadas con los residuos generados por la actividad de la empresa.<\/li>\n\n\n\n<li><strong>Viajes de empresa&nbsp;(<em>Business travel<\/em>):<\/strong>&nbsp;Se incluyen las emisiones asociadas a viajes de empresa: tren, avi\u00f3n y taxis.<\/li>\n\n\n\n<li><strong>Desplazamientos de empleados (<em>Employee commuting<\/em>):<\/strong>&nbsp;Incluye emisiones procedentes del desplazamiento de los empleados desde sus domicilios hasta sus puestos de trabajo.<\/li>\n\n\n\n<li><strong>Inversiones (<em>Investments<\/em>):<\/strong>&nbsp;Contabiliza las emisiones relacionadas con las inversiones en otras empresas.<\/li>\n\n\n\n<li><strong>Uso de los productos vendidos (<em>Use of sold products<\/em>):<\/strong>&nbsp;Ferrovial calcula las emisiones procedentes del uso de las infraestructuras de transporte.<\/li>\n\n\n\n<li><strong>Final ciclo de vida de los productos vendidos (<em>End of life treatment of sold products<\/em>):<\/strong>&nbsp;Esta categor\u00eda incluye las emisiones procedentes de la eliminaci\u00f3n de residuos generados al final de la vida \u00fatil de los productos vendidos por Ferrovial en el a\u00f1o de reporte.<\/li>\n\n\n\n<li><strong>Activos arrendados (<em>Upstream leased assets<\/em>):<\/strong>&nbsp;Incluye las emisiones relacionadas con el consumo de electricidad de aquellos edificios de nuestros clientes en los se lleva el mantenimiento y limpieza de los edificios de sus clientes y gestionamos el consumo.<\/li>\n<\/ul>\n<\/div><\/m-wysiwig>\n\n\n\n<m-wysiwig class=\"wp-block-components-wysiwyg\"><div slot=\"maincontent\">\n<figure class=\"wp-block-table\"><table><tbody><tr><td><\/td><td><strong>2020<\/strong> <strong>(a\u00f1o base)<\/strong><\/td><td><strong>2021<\/strong><\/td><td><strong>2022<\/strong><\/td><td><strong>2023<\/strong><\/td><td><strong>2024<\/strong><\/td><\/tr><tr><td><strong>Compra bienes y servicios<\/strong><\/td><td>1.249.800<\/td><td>1.403.267<\/td><td>1.104.252<\/td><td>733.465<\/td><td>869.564<\/td><\/tr><tr><td><strong>Bienes capitales<\/strong><\/td><td>309.106<\/td><td>129.578<\/td><td>447.484<\/td><td>224.495<\/td><td>153.622<\/td><\/tr><tr><td><strong>Actividades relacionadas con fuel y energ\u00eda<\/strong><\/td><td>72.338<\/td><td>71.667<\/td><td>72.767<\/td><td>69.750<\/td><td>79.984<\/td><\/tr><tr><td><strong>Transporte y distribuci\u00f3n corriente arriba<\/strong><\/td><td>315.643<\/td><td>365.114<\/td><td>298.044<\/td><td>257.334<\/td><td>265.439<\/td><\/tr><tr><td><strong>Residuos generados en las operaciones<\/strong><\/td><td>214.557<\/td><td>186.995<\/td><td>204.573<\/td><td>352.323<\/td><td>303.293<\/td><\/tr><tr><td><strong>Viajes de empresa<\/strong><\/td><td>1.159<\/td><td>1.964<\/td><td>3.805<\/td><td>3.147<\/td><td>5.303<\/td><\/tr><tr><td><strong>Desplazamiento de los empleados<\/strong><\/td><td>1.171<\/td><td>886<\/td><td>843<\/td><td>843<\/td><td>825<\/td><\/tr><tr><td><strong>Activos arrendados corriente arriba<\/strong><\/td><td>0<\/td><td>0<\/td><td>0<\/td><td>0<\/td><td>0<\/td><\/tr><tr><td><strong>Transporte y distribuci\u00f3n corriente abajo<\/strong><\/td><td>0<\/td><td>0<\/td><td>0<\/td><td>0<\/td><td>0<\/td><\/tr><tr><td><strong>Procesamiento de los productos vendidos<\/strong><\/td><td>0<\/td><td>0<\/td><td>0<\/td><td>0<\/td><td>0<\/td><\/tr><tr><td><strong>Uso de los productos vendidos<\/strong><\/td><td>0<\/td><td>0<\/td><td>0<\/td><td>0<\/td><td>0<\/td><\/tr><tr><td><strong>Tratamiento de fin de ciclo de vida de los productos<\/strong><\/td><td>15.002<\/td><td>49.205<\/td><td>10.215<\/td><td>6.801<\/td><td>6.957<\/td><\/tr><tr><td><strong>Activos alquilados corriente abajo<\/strong><\/td><td>0<\/td><td>0<\/td><td>0<\/td><td>0<\/td><td>0<\/td><\/tr><tr><td><strong>Franquicias<\/strong><\/td><td>0<\/td><td>0<\/td><td>0<\/td><td>0<\/td><td>0<\/td><\/tr><tr><td><strong>Inversiones<\/strong><\/td><td>33.427<\/td><td>34.705<\/td><td>36.658<\/td><td>36.487<\/td><td>31.606<\/td><\/tr><tr><td><strong>TOTAL<\/strong><\/td><td><strong>2.212.203<\/strong><\/td><td><strong>2.243.381<\/strong><\/td><td><strong>2.178.641<\/strong><\/td><td><strong>1.684.645<\/strong><\/td><td><strong>1.716.592<\/strong><\/td><\/tr><\/tbody><\/table><figcaption class=\"wp-element-caption\"><br><br><\/figcaption><\/figure>\n<\/div><\/m-wysiwig>\n","protected":false},"excerpt":{"rendered":"","protected":false},"featured_media":0,"parent":133204,"menu_order":0,"comment_status":"closed","ping_status":"closed","template":"","meta":{"_acf_changed":false,"footnotes":""},"class_list":["post-132999","page","type-page","status-publish","hentry"],"acf":[],"yoast_head":"<!-- This site is optimized with the Yoast SEO plugin v27.2 - https:\/\/yoast.com\/product\/yoast-seo-wordpress\/ -->\n<title>Emisiones GEI Scope 3 - Ferrovial<\/title>\n<meta name=\"description\" content=\"Welcome to the Ferrovial&#039;s website, global operator of sustainable infrastructure. Here you can find all the information about the company and subsidiaries.\" \/>\n<meta name=\"robots\" content=\"index, follow, max-snippet:-1, max-image-preview:large, max-video-preview:-1\" \/>\n<link rel=\"canonical\" href=\"https:\/\/www.ferrovial.com\/es-la\/sostenibilidad\/medio-ambiente\/huella-carbono\/reduccion-emisiones\/gei-3\/\" \/>\n<meta property=\"og:locale\" content=\"es_ES\" \/>\n<meta property=\"og:type\" content=\"article\" \/>\n<meta property=\"og:title\" content=\"Emisiones GEI Scope 3 - Ferrovial\" \/>\n<meta property=\"og:description\" content=\"Welcome to the Ferrovial&#039;s website, global operator of sustainable infrastructure. Here you can find all the information about the company and subsidiaries.\" \/>\n<meta property=\"og:url\" content=\"https:\/\/www.ferrovial.com\/es-la\/sostenibilidad\/medio-ambiente\/huella-carbono\/reduccion-emisiones\/gei-3\/\" \/>\n<meta property=\"og:site_name\" content=\"Ferrovial\" \/>\n<meta property=\"article:publisher\" content=\"https:\/\/www.facebook.com\/ferrovial\" \/>\n<meta property=\"article:modified_time\" content=\"2025-07-02T09:30:27+00:00\" \/>\n<meta name=\"twitter:card\" content=\"summary_large_image\" \/>\n<meta name=\"twitter:site\" content=\"@ferrovial\" \/>\n<meta name=\"twitter:label1\" content=\"Est. reading time\" \/>\n\t<meta name=\"twitter:data1\" content=\"3 minutes\" \/>\n<!-- \/ Yoast SEO plugin. -->","yoast_head_json":{"title":"Emisiones GEI Scope 3 - Ferrovial","description":"Welcome to the Ferrovial's website, global operator of sustainable infrastructure. Here you can find all the information about the company and subsidiaries.","robots":{"index":"index","follow":"follow","max-snippet":"max-snippet:-1","max-image-preview":"max-image-preview:large","max-video-preview":"max-video-preview:-1"},"canonical":"https:\/\/www.ferrovial.com\/es-la\/sostenibilidad\/medio-ambiente\/huella-carbono\/reduccion-emisiones\/gei-3\/","og_locale":"es_ES","og_type":"article","og_title":"Emisiones GEI Scope 3 - Ferrovial","og_description":"Welcome to the Ferrovial's website, global operator of sustainable infrastructure. Here you can find all the information about the company and subsidiaries.","og_url":"https:\/\/www.ferrovial.com\/es-la\/sostenibilidad\/medio-ambiente\/huella-carbono\/reduccion-emisiones\/gei-3\/","og_site_name":"Ferrovial","article_publisher":"https:\/\/www.facebook.com\/ferrovial","article_modified_time":"2025-07-02T09:30:27+00:00","twitter_card":"summary_large_image","twitter_site":"@ferrovial","twitter_misc":{"Est. reading time":"3 minutes"},"schema":{"@context":"https:\/\/schema.org","@graph":[{"@type":"WebPage","@id":"https:\/\/www.ferrovial.com\/es-la\/sostenibilidad\/medio-ambiente\/huella-carbono\/reduccion-emisiones\/gei-3\/","url":"https:\/\/www.ferrovial.com\/es-la\/sostenibilidad\/medio-ambiente\/huella-carbono\/reduccion-emisiones\/gei-3\/","name":"Emisiones GEI Scope 3 - Ferrovial","isPartOf":{"@id":"https:\/\/www.ferrovial.com\/es-la\/#website"},"datePublished":"2019-11-13T10:27:17+00:00","dateModified":"2025-07-02T09:30:27+00:00","description":"Welcome to the Ferrovial's website, global operator of sustainable infrastructure. Here you can find all the information about the company and subsidiaries.","breadcrumb":{"@id":"https:\/\/www.ferrovial.com\/es-la\/sostenibilidad\/medio-ambiente\/huella-carbono\/reduccion-emisiones\/gei-3\/#breadcrumb"},"inLanguage":"es-419","potentialAction":[{"@type":"ReadAction","target":["https:\/\/www.ferrovial.com\/es-la\/sostenibilidad\/medio-ambiente\/huella-carbono\/reduccion-emisiones\/gei-3\/"]}]},{"@type":"BreadcrumbList","@id":"https:\/\/www.ferrovial.com\/es-la\/sostenibilidad\/medio-ambiente\/huella-carbono\/reduccion-emisiones\/gei-3\/#breadcrumb","itemListElement":[{"@type":"ListItem","position":1,"name":"Portada","item":"https:\/\/www.ferrovial.com\/es-la\/"},{"@type":"ListItem","position":2,"name":"Sostenibilidad","item":"https:\/\/www.ferrovial.com\/es-la\/sostenibilidad\/"},{"@type":"ListItem","position":3,"name":"Medio Ambiente","item":"https:\/\/www.ferrovial.com\/es-la\/sostenibilidad\/medio-ambiente\/"},{"@type":"ListItem","position":4,"name":"Huella de carbono","item":"https:\/\/www.ferrovial.com\/es-la\/sostenibilidad\/medio-ambiente\/huella-carbono\/"},{"@type":"ListItem","position":5,"name":"Reducci\u00f3n de emisiones","item":"https:\/\/www.ferrovial.com\/es-la\/sostenibilidad\/medio-ambiente\/huella-carbono\/reduccion-emisiones\/"},{"@type":"ListItem","position":6,"name":"Emisiones GEI Scope 3"}]},{"@type":"WebSite","@id":"https:\/\/www.ferrovial.com\/es-la\/#website","url":"https:\/\/www.ferrovial.com\/es-la\/","name":"Ferrovial","description":"Welcome to the Ferrovial&#039;s website, global operator of sustainable infrastructure. Here you can find all the information about the company and subsidiaries.","publisher":{"@id":"https:\/\/www.ferrovial.com\/es-la\/#organization"},"potentialAction":[{"@type":"SearchAction","target":{"@type":"EntryPoint","urlTemplate":"https:\/\/www.ferrovial.com\/es-la\/?s={search_term_string}"},"query-input":{"@type":"PropertyValueSpecification","valueRequired":true,"valueName":"search_term_string"}}],"inLanguage":"es-419"},{"@type":"Organization","@id":"https:\/\/www.ferrovial.com\/es-la\/#organization","name":"Ferrovial S.A.","url":"https:\/\/www.ferrovial.com\/es-la\/","logo":{"@type":"ImageObject","inLanguage":"es-419","@id":"https:\/\/www.ferrovial.com\/es-la\/#\/schema\/logo\/image\/","url":"https:\/\/static.ferrovial.com\/wp-content\/uploads\/2020\/01\/13124948\/logo-ferrovial-cf7.png","contentUrl":"https:\/\/static.ferrovial.com\/wp-content\/uploads\/2020\/01\/13124948\/logo-ferrovial-cf7.png","width":144,"height":32,"caption":"Ferrovial S.A."},"image":{"@id":"https:\/\/www.ferrovial.com\/es-la\/#\/schema\/logo\/image\/"},"sameAs":["https:\/\/www.facebook.com\/ferrovial","https:\/\/x.com\/ferrovial","https:\/\/www.instagram.com\/ferrovial\/","https:\/\/www.linkedin.com\/company\/ferrovial","https:\/\/www.pinterest.es\/ferrovial\/","https:\/\/www.youtube.com\/ferrovial","https:\/\/en.wikipedia.org\/wiki\/Ferrovial"]}]}},"_links":{"self":[{"href":"https:\/\/www.ferrovial.com\/es-la\/wp-json\/wp\/v2\/pages\/132999","targetHints":{"allow":["GET"]}}],"collection":[{"href":"https:\/\/www.ferrovial.com\/es-la\/wp-json\/wp\/v2\/pages"}],"about":[{"href":"https:\/\/www.ferrovial.com\/es-la\/wp-json\/wp\/v2\/types\/page"}],"replies":[{"embeddable":true,"href":"https:\/\/www.ferrovial.com\/es-la\/wp-json\/wp\/v2\/comments?post=132999"}],"version-history":[{"count":3,"href":"https:\/\/www.ferrovial.com\/es-la\/wp-json\/wp\/v2\/pages\/132999\/revisions"}],"predecessor-version":[{"id":308645,"href":"https:\/\/www.ferrovial.com\/es-la\/wp-json\/wp\/v2\/pages\/132999\/revisions\/308645"}],"up":[{"embeddable":true,"href":"https:\/\/www.ferrovial.com\/es-la\/wp-json\/wp\/v2\/pages\/133204"}],"wp:attachment":[{"href":"https:\/\/www.ferrovial.com\/es-la\/wp-json\/wp\/v2\/media?parent=132999"}],"curies":[{"name":"wp","href":"https:\/\/api.w.org\/{rel}","templated":true}]}}