{"id":133012,"date":"2019-11-08T15:08:06","date_gmt":"2019-11-08T14:08:06","guid":{"rendered":"https:\/\/www.ferrovial.com\/empleo\/graduate-programme\/challenge-by-cintra\/"},"modified":"2023-12-27T16:25:25","modified_gmt":"2023-12-27T15:25:25","slug":"challenge-by-cintra","status":"publish","type":"page","link":"https:\/\/www.ferrovial.com\/es-la\/empleo\/graduate-program\/challenge-by-cintra\/","title":{"rendered":"Challenge by Cintra"},"content":{"rendered":"    <m-final-content-header bgimage='https:\/\/static.ferrovial.com\/wp-content\/uploads\/2019\/09\/13135417\/407-etr-highway-in-toronto-canada-1280x720.jpg'>\n            <c-breadcrumb label-text=\"Breadcrumb\" slot=\"breadcrumbs\" type='2' align='left' wrap='wrapped wrapped' aria-label='Vienes de Becas y graduados'>\n                        <ol>\n\n                                                            <li><a href=\"https:\/\/www.ferrovial.com\/es-la\/\" title=\"Ferrovial\">Ferrovial<\/a><\/li>\n                                                                        <li><a href=\"https:\/\/www.ferrovial.com\/es\/empleo\/\" title=\"Empleo\">Empleo<\/a><\/li>\n                                                                        <li><a href=\"https:\/\/www.ferrovial.com\/es\/empleo\/graduate-program\/\" title=\"Becas y graduados\">Becas y graduados<\/a><\/li>\n                                    \n                <\/ol>\n\n                <\/c-breadcrumb>\n    \n        <div slot=\"header\">\n            <h1>\n                Challenge by Cintra            <\/h1>\n                    <\/div>\n    <\/m-final-content-header>\n\n    \n\n\n<m-wysiwig class=\"wp-block-components-wysiwyg\"><div slot=\"maincontent\">    <p class=\"intro\">Una oportunidad para adquirir experiencia en una empresa internacional, ganar confianza y establecer contactos con otros profesionales reci\u00e9n graduados con intereses y aspiraciones similares.<\/p>\n    \n\n\n<p><strong><a href=\"http:\/\/www.challengebycintra.com\">Challenge by Cintra<\/a><\/strong>. Un programa de pr\u00e1cticas que acumula ocho ediciones y ofrece cada a\u00f1o plazas en pa\u00edses como Estados Unidos y Espa\u00f1a.<\/p>\n\n\n\n<p>El programa de pr\u00e1cticas remuneradas de Cintra est\u00e1 dirigido a estudiantes reci\u00e9n titulados en \u00e1reas como <strong>derecho, ingenier\u00eda,&nbsp;<em>data science<\/em>, matem\u00e1ticas, recursos humanos, econom\u00eda, administraci\u00f3n y gesti\u00f3n de empresas<\/strong>.<\/p>\n<\/div><\/m-wysiwig>\n\n\n    <m-video >\n                <a class='m-video__modal' slot='modal' href='https:\/\/www.youtube-nocookie.com\/embed\/JJo0QJu5L48'>\n            <img slot=\"poster\" v-lazy=\"'https:\/\/static.ferrovial.com\/wp-content\/uploads\/2023\/12\/27162341\/challenge-by-cintra-1280x645.png'\" title=\"\" width=\"1280\" height=\"100%\" >\n        <\/a>\n            <\/m-video>\n    \n\n    <m-careers>\n                            <section slot=\"careers\">\n                        <div>\n                                                                <h2>\n                                        Empleo                                    <\/h2>\n                                                                        <h3>\n                                        \u00danete a nuestro equipo                                    <\/h3>\n                                                                <blockquote>\n                                                                <img decoding=\"async\" src=\"https:\/\/static.ferrovial.com\/wp-content\/uploads\/2019\/12\/13140750\/anna-grassot-2019-graduates.png\" alt=\"\" \/>\n                                <p>Yo recomendar\u00eda a los licenciados que se prepararan para trabajar en proyectos estimulantes, interesantes y complejos en donde puedan aprender y mejorar tanto personal como profesionalmente<\/p>\n\n                                                                        <footer>\n                                                                                                <cite>\n                                                        Anna Grassot                                                    <\/cite>\n                                                                                                        <p>\n                                                        Divisi\u00f3n Autopistas en EE.UU.                                                    <\/p>\n                                                                                            <\/footer>\n                                                                    <\/blockquote>\n\n                                                                <nav>\n                                        <ul>\n                                                                                                <li>\n                                                        <a href=\"\" title=\"Graduate Programme\" target=\"\" icon=\"\">\n                                                            Graduate Programme                                                        <\/a>\n                                                    <\/li>\n                                                                                                        <li>\n                                                        <a href=\"https:\/\/www.ferrovial.com\/es\/empleo\/ofertas\/?visible_en=Graduados+y+becarios\" title=\"Ofertas de Empleo\" target=\"_blank\" icon=\"\">\n                                                            Ofertas de Empleo                                                        <\/a>\n                                                    <\/li>\n                                                                                                        <li>\n                                                        <a href=\"\" title=\"Por qu\u00e9 Ferrovial\" target=\"\" icon=\"\">\n                                                            Por qu\u00e9 Ferrovial                                                        <\/a>\n                                                    <\/li>\n                                                                                            <\/ul>\n                                    <\/nav>\n                                                            <\/div>\n                    <\/section>\n                                    <section slot=\"careers\">\n                        <div>\n                                                                <h2>\n                                        Empleo                                    <\/h2>\n                                                                        <h3>\n                                        \u00danete a nuestro equipo                                    <\/h3>\n                                                                <blockquote>\n                                                                <img decoding=\"async\" src=\"https:\/\/static.ferrovial.com\/wp-content\/uploads\/2019\/12\/13140755\/miguel-angel-garcia-graduates.png\" alt=\"miguel-Angel-Garcia-Graduates\" \/>\n                                <p>El \u00e9xito de Ferrovial se basa en la calidad de su capital humano. Los principales valores de las personas en esta empresa son la proactividad, la capacidad de colaborar y trabajar con los dem\u00e1s, y la generosidad<\/p>\n\n                                                                        <footer>\n                                                                                                <cite>\n                                                        Miguel \u00c1ngel Garc\u00eda                                                    <\/cite>\n                                                                                                        <p>\n                                                        Divisi\u00f3n Autopistas en Madrid                                                    <\/p>\n                                                                                            <\/footer>\n                                                                    <\/blockquote>\n\n                                                                <nav>\n                                        <ul>\n                                                                                                <li>\n                                                        <a href=\"\" title=\"Graduate Programme\" target=\"\" icon=\"\">\n                                                            Graduate Programme                                                        <\/a>\n                                                    <\/li>\n                                                                                                        <li>\n                                                        <a href=\"https:\/\/www.ferrovial.com\/es\/empleo\/ofertas\/?visible_en=Graduados+y+becarios\" title=\"Ofertas de Empleo\" target=\"_blank\" icon=\"\">\n                                                            Ofertas de Empleo                                                        <\/a>\n                                                    <\/li>\n                                                                                                        <li>\n                                                        <a href=\"\" title=\"Por qu\u00e9 Ferrovial\" target=\"\" icon=\"\">\n                                                            Por qu\u00e9 Ferrovial                                                        <\/a>\n                                                    <\/li>\n                                                                                            <\/ul>\n                                    <\/nav>\n                                                            <\/div>\n                    <\/section>\n                    <\/m-careers>\n\n    \n\n\n    <m-distributor-basic bgimg='https:\/\/static.ferrovial.com\/wp-content\/uploads\/2019\/09\/13134314\/lbj-1.jpg'>\n                        <h3 slot=\"title\">\n                    Descubre m\u00e1s sobre Challenge by Cintra                <\/h3>\n                                    <c-button slot='cta' type='primary' disabled='false' href='http:\/\/challengebycintra.com' target='_blank' sr-only='Abrir en una nueva pesta\u00f1a' icon='true'>\n                        <span>Visitar el sitio oficial<\/span>\n                                            <c-icon icon=\"external\" size=\"s\">\n                        <\/c-icon>\n                                        <\/c-button>\n                    \n        \n\n    <\/m-distributor-basic>\n    ","protected":false},"excerpt":{"rendered":"","protected":false},"featured_media":0,"parent":131490,"menu_order":0,"comment_status":"closed","ping_status":"closed","template":"","meta":{"_acf_changed":false,"footnotes":""},"class_list":["post-133012","page","type-page","status-publish","hentry"],"acf":[],"yoast_head":"<!-- This site is optimized with the Yoast SEO plugin v27.2 - https:\/\/yoast.com\/product\/yoast-seo-wordpress\/ -->\n<title>Graduate program: Challenge by Cintra - Ferrovial<\/title>\n<meta name=\"description\" content=\"Welcome to the Ferrovial&#039;s website, global operator of sustainable infrastructure. Here you can find all the information about the company and subsidiaries.\" \/>\n<meta name=\"robots\" content=\"index, follow, max-snippet:-1, max-image-preview:large, max-video-preview:-1\" \/>\n<link rel=\"canonical\" href=\"https:\/\/www.ferrovial.com\/es-la\/empleo\/graduate-program\/challenge-by-cintra\/\" \/>\n<meta property=\"og:locale\" content=\"es_ES\" \/>\n<meta property=\"og:type\" content=\"article\" \/>\n<meta property=\"og:title\" content=\"Graduate program: Challenge by Cintra - Ferrovial\" \/>\n<meta property=\"og:description\" content=\"Welcome to the Ferrovial&#039;s website, global operator of sustainable infrastructure. Here you can find all the information about the company and subsidiaries.\" \/>\n<meta property=\"og:url\" content=\"https:\/\/www.ferrovial.com\/es-la\/empleo\/graduate-program\/challenge-by-cintra\/\" \/>\n<meta property=\"og:site_name\" content=\"Ferrovial\" \/>\n<meta property=\"article:publisher\" content=\"https:\/\/www.facebook.com\/ferrovial\" \/>\n<meta property=\"article:modified_time\" content=\"2023-12-27T15:25:25+00:00\" \/>\n<meta name=\"twitter:card\" content=\"summary_large_image\" \/>\n<meta name=\"twitter:site\" content=\"@ferrovial\" \/>\n<!-- \/ Yoast SEO plugin. -->","yoast_head_json":{"title":"Graduate program: Challenge by Cintra - Ferrovial","description":"Welcome to the Ferrovial's website, global operator of sustainable infrastructure. Here you can find all the information about the company and subsidiaries.","robots":{"index":"index","follow":"follow","max-snippet":"max-snippet:-1","max-image-preview":"max-image-preview:large","max-video-preview":"max-video-preview:-1"},"canonical":"https:\/\/www.ferrovial.com\/es-la\/empleo\/graduate-program\/challenge-by-cintra\/","og_locale":"es_ES","og_type":"article","og_title":"Graduate program: Challenge by Cintra - Ferrovial","og_description":"Welcome to the Ferrovial's website, global operator of sustainable infrastructure. Here you can find all the information about the company and subsidiaries.","og_url":"https:\/\/www.ferrovial.com\/es-la\/empleo\/graduate-program\/challenge-by-cintra\/","og_site_name":"Ferrovial","article_publisher":"https:\/\/www.facebook.com\/ferrovial","article_modified_time":"2023-12-27T15:25:25+00:00","twitter_card":"summary_large_image","twitter_site":"@ferrovial","schema":{"@context":"https:\/\/schema.org","@graph":[{"@type":"WebPage","@id":"https:\/\/www.ferrovial.com\/es-la\/empleo\/graduate-program\/challenge-by-cintra\/","url":"https:\/\/www.ferrovial.com\/es-la\/empleo\/graduate-program\/challenge-by-cintra\/","name":"Graduate program: Challenge by Cintra - Ferrovial","isPartOf":{"@id":"https:\/\/www.ferrovial.com\/es-la\/#website"},"datePublished":"2019-11-08T14:08:06+00:00","dateModified":"2023-12-27T15:25:25+00:00","description":"Welcome to the Ferrovial's website, global operator of sustainable infrastructure. Here you can find all the information about the company and subsidiaries.","breadcrumb":{"@id":"https:\/\/www.ferrovial.com\/es-la\/empleo\/graduate-program\/challenge-by-cintra\/#breadcrumb"},"inLanguage":"es-419","potentialAction":[{"@type":"ReadAction","target":["https:\/\/www.ferrovial.com\/es-la\/empleo\/graduate-program\/challenge-by-cintra\/"]}]},{"@type":"BreadcrumbList","@id":"https:\/\/www.ferrovial.com\/es-la\/empleo\/graduate-program\/challenge-by-cintra\/#breadcrumb","itemListElement":[{"@type":"ListItem","position":1,"name":"Portada","item":"https:\/\/www.ferrovial.com\/es-la\/"},{"@type":"ListItem","position":2,"name":"Empleo","item":"https:\/\/www.ferrovial.com\/es-la\/empleo\/"},{"@type":"ListItem","position":3,"name":"Becas y graduados","item":"https:\/\/www.ferrovial.com\/es-la\/empleo\/graduate-program\/"},{"@type":"ListItem","position":4,"name":"Challenge by Cintra"}]},{"@type":"WebSite","@id":"https:\/\/www.ferrovial.com\/es-la\/#website","url":"https:\/\/www.ferrovial.com\/es-la\/","name":"Ferrovial","description":"Welcome to the Ferrovial&#039;s website, global operator of sustainable infrastructure. Here you can find all the information about the company and subsidiaries.","publisher":{"@id":"https:\/\/www.ferrovial.com\/es-la\/#organization"},"potentialAction":[{"@type":"SearchAction","target":{"@type":"EntryPoint","urlTemplate":"https:\/\/www.ferrovial.com\/es-la\/?s={search_term_string}"},"query-input":{"@type":"PropertyValueSpecification","valueRequired":true,"valueName":"search_term_string"}}],"inLanguage":"es-419"},{"@type":"Organization","@id":"https:\/\/www.ferrovial.com\/es-la\/#organization","name":"Ferrovial S.A.","url":"https:\/\/www.ferrovial.com\/es-la\/","logo":{"@type":"ImageObject","inLanguage":"es-419","@id":"https:\/\/www.ferrovial.com\/es-la\/#\/schema\/logo\/image\/","url":"https:\/\/static.ferrovial.com\/wp-content\/uploads\/2020\/01\/13124948\/logo-ferrovial-cf7.png","contentUrl":"https:\/\/static.ferrovial.com\/wp-content\/uploads\/2020\/01\/13124948\/logo-ferrovial-cf7.png","width":144,"height":32,"caption":"Ferrovial S.A."},"image":{"@id":"https:\/\/www.ferrovial.com\/es-la\/#\/schema\/logo\/image\/"},"sameAs":["https:\/\/www.facebook.com\/ferrovial","https:\/\/x.com\/ferrovial","https:\/\/www.instagram.com\/ferrovial\/","https:\/\/www.linkedin.com\/company\/ferrovial","https:\/\/www.pinterest.es\/ferrovial\/","https:\/\/www.youtube.com\/ferrovial","https:\/\/en.wikipedia.org\/wiki\/Ferrovial"]}]}},"_links":{"self":[{"href":"https:\/\/www.ferrovial.com\/es-la\/wp-json\/wp\/v2\/pages\/133012","targetHints":{"allow":["GET"]}}],"collection":[{"href":"https:\/\/www.ferrovial.com\/es-la\/wp-json\/wp\/v2\/pages"}],"about":[{"href":"https:\/\/www.ferrovial.com\/es-la\/wp-json\/wp\/v2\/types\/page"}],"replies":[{"embeddable":true,"href":"https:\/\/www.ferrovial.com\/es-la\/wp-json\/wp\/v2\/comments?post=133012"}],"version-history":[{"count":3,"href":"https:\/\/www.ferrovial.com\/es-la\/wp-json\/wp\/v2\/pages\/133012\/revisions"}],"predecessor-version":[{"id":273309,"href":"https:\/\/www.ferrovial.com\/es-la\/wp-json\/wp\/v2\/pages\/133012\/revisions\/273309"}],"up":[{"embeddable":true,"href":"https:\/\/www.ferrovial.com\/es-la\/wp-json\/wp\/v2\/pages\/131490"}],"wp:attachment":[{"href":"https:\/\/www.ferrovial.com\/es-la\/wp-json\/wp\/v2\/media?parent=133012"}],"curies":[{"name":"wp","href":"https:\/\/api.w.org\/{rel}","templated":true}]}}