{"id":133015,"date":"2019-11-08T11:51:54","date_gmt":"2019-11-08T10:51:54","guid":{"rendered":"https:\/\/www.ferrovial.com\/target-zero\/"},"modified":"2020-07-13T12:56:17","modified_gmt":"2020-07-13T10:56:17","slug":"target-zero","status":"publish","type":"page","link":"https:\/\/www.ferrovial.com\/es-la\/sostenibilidad\/seguridad-salud\/target-zero\/","title":{"rendered":"Target Zero"},"content":{"rendered":"    <m-final-content-header bgimage='https:\/\/static.ferrovial.com\/wp-content\/uploads\/2020\/07\/13124317\/best-quality-double-semi-truck-1131x720.jpg'>\n            <c-breadcrumb label-text=\"Breadcrumb\" slot=\"breadcrumbs\" type='2' align='left' wrap='wrapped wrapped' aria-label='Vienes de Seguridad, salud y bienestar'>\n                        <ol>\n\n                                                            <li><a href=\"https:\/\/www.ferrovial.com\/es-la\/\" title=\"Ferrovial\">Ferrovial<\/a><\/li>\n                                                                        <li><a href=\"https:\/\/www.ferrovial.com\/es\/sostenibilidad\/\" title=\"Sostenibilidad\">Sostenibilidad<\/a><\/li>\n                                                                        <li><a href=\"https:\/\/www.ferrovial.com\/es\/sostenibilidad\/seguridad-salud\/\" title=\"Seguridad, salud y bienestar\">Seguridad, salud y bienestar<\/a><\/li>\n                                    \n                <\/ol>\n\n                <\/c-breadcrumb>\n    \n        <div slot=\"header\">\n            <h1>\n                Target Zero             <\/h1>\n                    <\/div>\n    <\/m-final-content-header>\n\n    \n\n\n<m-wysiwig class=\"wp-block-components-wysiwyg\"><div slot=\"maincontent\">    <p class=\"intro\">A trav\u00e9s de nuestra pol\u00edtica, buscamos \u201ccrear entornos de trabajo libres de riesgos para todos, cada d\u00eda\u201d, guiados por el convencimiento de que cualquier accidente se puede evitar. <\/p>\n    \n\n\n<p>Esta visi\u00f3n establece de facto el objetivo deseado de target zero, con el que est\u00e1n comprometidos todos nuestros trabajadores.<\/p>\n\n\n\n<p>Para conseguir el objetivo de <em>target zero<\/em> hemos dise\u00f1ado una hoja de ruta basada en las siguientes l\u00edneas de actuaci\u00f3n:<\/p>\n\n\n\n<ul class=\"wp-block-list\"><li>Organizaci\u00f3n adecuada, al m\u00e1ximo nivel ejecutivo, con un <strong>representante<\/strong> de seguridad y salud en todos los Comit\u00e9s de Direcci\u00f3n.<\/li><li>Adecuada implantaci\u00f3n de <strong>sistemas de gesti\u00f3n<\/strong> en todas las \u00e1reas de negocio.<\/li><li>Implantaci\u00f3n de unos <strong>est\u00e1ndares m\u00ednimos<\/strong> de seguridad adecuados para cada \u00e1rea de negocio.<\/li><li><strong>Formaci\u00f3n<\/strong> dirigida a la involucraci\u00f3n de los trabajadores.<\/li><li>Estricto sistema de <strong>inspecci\u00f3n y control<\/strong> en los centros de trabajo, que incluye tanto inspecciones de seguridad como un sistema de reporte de observaciones de seguridad\/<em>near miss<\/em> y auditor\u00eda internas llevadas a cabo por expertos independientes.<\/li><li>Sistema de <strong>reporting<\/strong> basado en indicadores proactivos y reactivos.<\/li><li>Apuesta por la <strong>innovaci\u00f3n<\/strong>.<\/li><li>Plan de <strong>seguridad vial<\/strong>.<\/li><\/ul>\n<\/div><\/m-wysiwig>\n","protected":false},"excerpt":{"rendered":"","protected":false},"featured_media":0,"parent":133175,"menu_order":0,"comment_status":"closed","ping_status":"closed","template":"","meta":{"_acf_changed":false,"footnotes":""},"class_list":["post-133015","page","type-page","status-publish","hentry"],"acf":[],"yoast_head":"<!-- This site is optimized with the Yoast SEO plugin v27.2 - https:\/\/yoast.com\/product\/yoast-seo-wordpress\/ -->\n<title>Target Zero - Ferrovial<\/title>\n<meta name=\"description\" content=\"Welcome to the Ferrovial&#039;s website, global operator of sustainable infrastructure. Here you can find all the information about the company and subsidiaries.\" \/>\n<meta name=\"robots\" content=\"index, follow, max-snippet:-1, max-image-preview:large, max-video-preview:-1\" \/>\n<link rel=\"canonical\" href=\"https:\/\/www.ferrovial.com\/es-la\/sostenibilidad\/seguridad-salud\/target-zero\/\" \/>\n<meta property=\"og:locale\" content=\"es_ES\" \/>\n<meta property=\"og:type\" content=\"article\" \/>\n<meta property=\"og:title\" content=\"Target Zero - Ferrovial\" \/>\n<meta property=\"og:description\" content=\"Welcome to the Ferrovial&#039;s website, global operator of sustainable infrastructure. Here you can find all the information about the company and subsidiaries.\" \/>\n<meta property=\"og:url\" content=\"https:\/\/www.ferrovial.com\/es-la\/sostenibilidad\/seguridad-salud\/target-zero\/\" \/>\n<meta property=\"og:site_name\" content=\"Ferrovial\" \/>\n<meta property=\"article:publisher\" content=\"https:\/\/www.facebook.com\/ferrovial\" \/>\n<meta property=\"article:modified_time\" content=\"2020-07-13T10:56:17+00:00\" \/>\n<meta name=\"twitter:card\" content=\"summary_large_image\" \/>\n<meta name=\"twitter:site\" content=\"@ferrovial\" \/>\n<meta name=\"twitter:label1\" content=\"Est. reading time\" \/>\n\t<meta name=\"twitter:data1\" content=\"1 minute\" \/>\n<!-- \/ Yoast SEO plugin. -->","yoast_head_json":{"title":"Target Zero - Ferrovial","description":"Welcome to the Ferrovial's website, global operator of sustainable infrastructure. Here you can find all the information about the company and subsidiaries.","robots":{"index":"index","follow":"follow","max-snippet":"max-snippet:-1","max-image-preview":"max-image-preview:large","max-video-preview":"max-video-preview:-1"},"canonical":"https:\/\/www.ferrovial.com\/es-la\/sostenibilidad\/seguridad-salud\/target-zero\/","og_locale":"es_ES","og_type":"article","og_title":"Target Zero - Ferrovial","og_description":"Welcome to the Ferrovial's website, global operator of sustainable infrastructure. Here you can find all the information about the company and subsidiaries.","og_url":"https:\/\/www.ferrovial.com\/es-la\/sostenibilidad\/seguridad-salud\/target-zero\/","og_site_name":"Ferrovial","article_publisher":"https:\/\/www.facebook.com\/ferrovial","article_modified_time":"2020-07-13T10:56:17+00:00","twitter_card":"summary_large_image","twitter_site":"@ferrovial","twitter_misc":{"Est. reading time":"1 minute"},"schema":{"@context":"https:\/\/schema.org","@graph":[{"@type":"WebPage","@id":"https:\/\/www.ferrovial.com\/es-la\/sostenibilidad\/seguridad-salud\/target-zero\/","url":"https:\/\/www.ferrovial.com\/es-la\/sostenibilidad\/seguridad-salud\/target-zero\/","name":"Target Zero - Ferrovial","isPartOf":{"@id":"https:\/\/www.ferrovial.com\/es-la\/#website"},"datePublished":"2019-11-08T10:51:54+00:00","dateModified":"2020-07-13T10:56:17+00:00","description":"Welcome to the Ferrovial's website, global operator of sustainable infrastructure. Here you can find all the information about the company and subsidiaries.","breadcrumb":{"@id":"https:\/\/www.ferrovial.com\/es-la\/sostenibilidad\/seguridad-salud\/target-zero\/#breadcrumb"},"inLanguage":"es-419","potentialAction":[{"@type":"ReadAction","target":["https:\/\/www.ferrovial.com\/es-la\/sostenibilidad\/seguridad-salud\/target-zero\/"]}]},{"@type":"BreadcrumbList","@id":"https:\/\/www.ferrovial.com\/es-la\/sostenibilidad\/seguridad-salud\/target-zero\/#breadcrumb","itemListElement":[{"@type":"ListItem","position":1,"name":"Portada","item":"https:\/\/www.ferrovial.com\/es-la\/"},{"@type":"ListItem","position":2,"name":"Sostenibilidad","item":"https:\/\/www.ferrovial.com\/es-la\/sostenibilidad\/"},{"@type":"ListItem","position":3,"name":"Seguridad, salud y bienestar","item":"https:\/\/www.ferrovial.com\/es-la\/sostenibilidad\/seguridad-salud\/"},{"@type":"ListItem","position":4,"name":"Target Zero"}]},{"@type":"WebSite","@id":"https:\/\/www.ferrovial.com\/es-la\/#website","url":"https:\/\/www.ferrovial.com\/es-la\/","name":"Ferrovial","description":"Welcome to the Ferrovial&#039;s website, global operator of sustainable infrastructure. Here you can find all the information about the company and subsidiaries.","publisher":{"@id":"https:\/\/www.ferrovial.com\/es-la\/#organization"},"potentialAction":[{"@type":"SearchAction","target":{"@type":"EntryPoint","urlTemplate":"https:\/\/www.ferrovial.com\/es-la\/?s={search_term_string}"},"query-input":{"@type":"PropertyValueSpecification","valueRequired":true,"valueName":"search_term_string"}}],"inLanguage":"es-419"},{"@type":"Organization","@id":"https:\/\/www.ferrovial.com\/es-la\/#organization","name":"Ferrovial S.A.","url":"https:\/\/www.ferrovial.com\/es-la\/","logo":{"@type":"ImageObject","inLanguage":"es-419","@id":"https:\/\/www.ferrovial.com\/es-la\/#\/schema\/logo\/image\/","url":"https:\/\/static.ferrovial.com\/wp-content\/uploads\/2020\/01\/13124948\/logo-ferrovial-cf7.png","contentUrl":"https:\/\/static.ferrovial.com\/wp-content\/uploads\/2020\/01\/13124948\/logo-ferrovial-cf7.png","width":144,"height":32,"caption":"Ferrovial S.A."},"image":{"@id":"https:\/\/www.ferrovial.com\/es-la\/#\/schema\/logo\/image\/"},"sameAs":["https:\/\/www.facebook.com\/ferrovial","https:\/\/x.com\/ferrovial","https:\/\/www.instagram.com\/ferrovial\/","https:\/\/www.linkedin.com\/company\/ferrovial","https:\/\/www.pinterest.es\/ferrovial\/","https:\/\/www.youtube.com\/ferrovial","https:\/\/en.wikipedia.org\/wiki\/Ferrovial"]}]}},"_links":{"self":[{"href":"https:\/\/www.ferrovial.com\/es-la\/wp-json\/wp\/v2\/pages\/133015","targetHints":{"allow":["GET"]}}],"collection":[{"href":"https:\/\/www.ferrovial.com\/es-la\/wp-json\/wp\/v2\/pages"}],"about":[{"href":"https:\/\/www.ferrovial.com\/es-la\/wp-json\/wp\/v2\/types\/page"}],"replies":[{"embeddable":true,"href":"https:\/\/www.ferrovial.com\/es-la\/wp-json\/wp\/v2\/comments?post=133015"}],"version-history":[{"count":2,"href":"https:\/\/www.ferrovial.com\/es-la\/wp-json\/wp\/v2\/pages\/133015\/revisions"}],"predecessor-version":[{"id":170824,"href":"https:\/\/www.ferrovial.com\/es-la\/wp-json\/wp\/v2\/pages\/133015\/revisions\/170824"}],"up":[{"embeddable":true,"href":"https:\/\/www.ferrovial.com\/es-la\/wp-json\/wp\/v2\/pages\/133175"}],"wp:attachment":[{"href":"https:\/\/www.ferrovial.com\/es-la\/wp-json\/wp\/v2\/media?parent=133015"}],"curies":[{"name":"wp","href":"https:\/\/api.w.org\/{rel}","templated":true}]}}