{"id":133035,"date":"2019-11-05T10:54:42","date_gmt":"2019-11-05T09:54:42","guid":{"rendered":"https:\/\/www.ferrovial.com\/empleo\/por-que-ferrovial\/entorno-de-trabajo-eficiente\/"},"modified":"2025-04-10T10:19:48","modified_gmt":"2025-04-10T08:19:48","slug":"entorno-de-trabajo-eficiente","status":"publish","type":"page","link":"https:\/\/www.ferrovial.com\/es-la\/empleo\/por-que-ferrovial\/entorno-de-trabajo-eficiente\/","title":{"rendered":"Entorno de trabajo eficiente"},"content":{"rendered":"    <m-final-content-header bgimage='https:\/\/static.ferrovial.com\/wp-content\/uploads\/2019\/11\/13140924\/pag_entorno_de_trabajo-1280x430.jpg'>\n            <c-breadcrumb label-text=\"Breadcrumb\" slot=\"breadcrumbs\" type='2' align='left' wrap='wrapped wrapped' aria-label='Vienes de Por qu\u00e9 Ferrovial'>\n                        <ol>\n\n                                                            <li><a href=\"https:\/\/www.ferrovial.com\/es-la\/\" title=\"Ferrovial\">Ferrovial<\/a><\/li>\n                                                                        <li><a href=\"https:\/\/www.ferrovial.com\/es\/empleo\/\" title=\"Empleo\">Empleo<\/a><\/li>\n                                                                        <li><a href=\"https:\/\/www.ferrovial.com\/es\/empleo\/por-que-ferrovial\/\" title=\"Por qu\u00e9 Ferrovial\">Por qu\u00e9 Ferrovial<\/a><\/li>\n                                    \n                <\/ol>\n\n                <\/c-breadcrumb>\n    \n        <div slot=\"header\">\n            <h1>\n                Entorno de trabajo eficiente             <\/h1>\n                    <\/div>\n    <\/m-final-content-header>\n\n    \n\n\n<m-wysiwig class=\"wp-block-components-wysiwyg\"><div slot=\"maincontent\">    <p class=\"intro\">Fomentamos un ambiente laboral flexible desarrollando nuevas formas de hacer las cosas, m\u00e1s \u00e1giles, creativas y eficientes.<\/p>\n    \n\n\n<p>Ofrecemos diferentes medidas de flexibilidad atendiendo a la legislaci\u00f3n y condiciones de cada pa\u00eds:<\/p>\n\n\n\n<ul class=\"wp-block-list\">\n<li>Medidas de conciliaci\u00f3n<\/li>\n\n\n\n<li>Compra de d\u00edas de vacaciones<\/li>\n\n\n\n<li>Jornadas intensivas todos los viernes y en verano<\/li>\n\n\n\n<li>Jornada flexible<\/li>\n\n\n\n<li>Programas de bienestar: revisiones m\u00e9dicas, yoga, <em>mindfulness<\/em>, descuentos en gimnasios<\/li>\n\n\n\n<li>Revisi\u00f3n anual del talento (objetivos y competencias) y evaluaci\u00f3n 360 para la alta direcci\u00f3n<\/li>\n<\/ul>\n<\/div><\/m-wysiwig>\n\n\n\n<p><\/p>\n","protected":false},"excerpt":{"rendered":"","protected":false},"featured_media":0,"parent":131503,"menu_order":0,"comment_status":"closed","ping_status":"closed","template":"","meta":{"_acf_changed":false,"footnotes":""},"class_list":["post-133035","page","type-page","status-publish","hentry"],"acf":[],"yoast_head":"<!-- This site is optimized with the Yoast SEO plugin v27.2 - https:\/\/yoast.com\/product\/yoast-seo-wordpress\/ -->\n<title>Entorno de trabajo eficiente - Ferrovial<\/title>\n<meta name=\"description\" content=\"Welcome to the Ferrovial&#039;s website, global operator of sustainable infrastructure. Here you can find all the information about the company and subsidiaries.\" \/>\n<meta name=\"robots\" content=\"index, follow, max-snippet:-1, max-image-preview:large, max-video-preview:-1\" \/>\n<link rel=\"canonical\" href=\"https:\/\/www.ferrovial.com\/es-la\/empleo\/por-que-ferrovial\/entorno-de-trabajo-eficiente\/\" \/>\n<meta property=\"og:locale\" content=\"es_ES\" \/>\n<meta property=\"og:type\" content=\"article\" \/>\n<meta property=\"og:title\" content=\"Entorno de trabajo eficiente - Ferrovial\" \/>\n<meta property=\"og:description\" content=\"Welcome to the Ferrovial&#039;s website, global operator of sustainable infrastructure. Here you can find all the information about the company and subsidiaries.\" \/>\n<meta property=\"og:url\" content=\"https:\/\/www.ferrovial.com\/es-la\/empleo\/por-que-ferrovial\/entorno-de-trabajo-eficiente\/\" \/>\n<meta property=\"og:site_name\" content=\"Ferrovial\" \/>\n<meta property=\"article:publisher\" content=\"https:\/\/www.facebook.com\/ferrovial\" \/>\n<meta property=\"article:modified_time\" content=\"2025-04-10T08:19:48+00:00\" \/>\n<meta name=\"twitter:card\" content=\"summary_large_image\" \/>\n<meta name=\"twitter:site\" content=\"@ferrovial\" \/>\n<meta name=\"twitter:label1\" content=\"Est. reading time\" \/>\n\t<meta name=\"twitter:data1\" content=\"1 minute\" \/>\n<!-- \/ Yoast SEO plugin. -->","yoast_head_json":{"title":"Entorno de trabajo eficiente - Ferrovial","description":"Welcome to the Ferrovial's website, global operator of sustainable infrastructure. Here you can find all the information about the company and subsidiaries.","robots":{"index":"index","follow":"follow","max-snippet":"max-snippet:-1","max-image-preview":"max-image-preview:large","max-video-preview":"max-video-preview:-1"},"canonical":"https:\/\/www.ferrovial.com\/es-la\/empleo\/por-que-ferrovial\/entorno-de-trabajo-eficiente\/","og_locale":"es_ES","og_type":"article","og_title":"Entorno de trabajo eficiente - Ferrovial","og_description":"Welcome to the Ferrovial's website, global operator of sustainable infrastructure. Here you can find all the information about the company and subsidiaries.","og_url":"https:\/\/www.ferrovial.com\/es-la\/empleo\/por-que-ferrovial\/entorno-de-trabajo-eficiente\/","og_site_name":"Ferrovial","article_publisher":"https:\/\/www.facebook.com\/ferrovial","article_modified_time":"2025-04-10T08:19:48+00:00","twitter_card":"summary_large_image","twitter_site":"@ferrovial","twitter_misc":{"Est. reading time":"1 minute"},"schema":{"@context":"https:\/\/schema.org","@graph":[{"@type":"WebPage","@id":"https:\/\/www.ferrovial.com\/es-la\/empleo\/por-que-ferrovial\/entorno-de-trabajo-eficiente\/","url":"https:\/\/www.ferrovial.com\/es-la\/empleo\/por-que-ferrovial\/entorno-de-trabajo-eficiente\/","name":"Entorno de trabajo eficiente - Ferrovial","isPartOf":{"@id":"https:\/\/www.ferrovial.com\/es-la\/#website"},"datePublished":"2019-11-05T09:54:42+00:00","dateModified":"2025-04-10T08:19:48+00:00","description":"Welcome to the Ferrovial's website, global operator of sustainable infrastructure. Here you can find all the information about the company and subsidiaries.","breadcrumb":{"@id":"https:\/\/www.ferrovial.com\/es-la\/empleo\/por-que-ferrovial\/entorno-de-trabajo-eficiente\/#breadcrumb"},"inLanguage":"es-419","potentialAction":[{"@type":"ReadAction","target":["https:\/\/www.ferrovial.com\/es-la\/empleo\/por-que-ferrovial\/entorno-de-trabajo-eficiente\/"]}]},{"@type":"BreadcrumbList","@id":"https:\/\/www.ferrovial.com\/es-la\/empleo\/por-que-ferrovial\/entorno-de-trabajo-eficiente\/#breadcrumb","itemListElement":[{"@type":"ListItem","position":1,"name":"Portada","item":"https:\/\/www.ferrovial.com\/es-la\/"},{"@type":"ListItem","position":2,"name":"Empleo","item":"https:\/\/www.ferrovial.com\/es-la\/empleo\/"},{"@type":"ListItem","position":3,"name":"Por qu\u00e9 Ferrovial","item":"https:\/\/www.ferrovial.com\/es-la\/empleo\/por-que-ferrovial\/"},{"@type":"ListItem","position":4,"name":"Entorno de trabajo eficiente"}]},{"@type":"WebSite","@id":"https:\/\/www.ferrovial.com\/es-la\/#website","url":"https:\/\/www.ferrovial.com\/es-la\/","name":"Ferrovial","description":"Welcome to the Ferrovial&#039;s website, global operator of sustainable infrastructure. Here you can find all the information about the company and subsidiaries.","publisher":{"@id":"https:\/\/www.ferrovial.com\/es-la\/#organization"},"potentialAction":[{"@type":"SearchAction","target":{"@type":"EntryPoint","urlTemplate":"https:\/\/www.ferrovial.com\/es-la\/?s={search_term_string}"},"query-input":{"@type":"PropertyValueSpecification","valueRequired":true,"valueName":"search_term_string"}}],"inLanguage":"es-419"},{"@type":"Organization","@id":"https:\/\/www.ferrovial.com\/es-la\/#organization","name":"Ferrovial S.A.","url":"https:\/\/www.ferrovial.com\/es-la\/","logo":{"@type":"ImageObject","inLanguage":"es-419","@id":"https:\/\/www.ferrovial.com\/es-la\/#\/schema\/logo\/image\/","url":"https:\/\/static.ferrovial.com\/wp-content\/uploads\/2020\/01\/13124948\/logo-ferrovial-cf7.png","contentUrl":"https:\/\/static.ferrovial.com\/wp-content\/uploads\/2020\/01\/13124948\/logo-ferrovial-cf7.png","width":144,"height":32,"caption":"Ferrovial S.A."},"image":{"@id":"https:\/\/www.ferrovial.com\/es-la\/#\/schema\/logo\/image\/"},"sameAs":["https:\/\/www.facebook.com\/ferrovial","https:\/\/x.com\/ferrovial","https:\/\/www.instagram.com\/ferrovial\/","https:\/\/www.linkedin.com\/company\/ferrovial","https:\/\/www.pinterest.es\/ferrovial\/","https:\/\/www.youtube.com\/ferrovial","https:\/\/en.wikipedia.org\/wiki\/Ferrovial"]}]}},"_links":{"self":[{"href":"https:\/\/www.ferrovial.com\/es-la\/wp-json\/wp\/v2\/pages\/133035","targetHints":{"allow":["GET"]}}],"collection":[{"href":"https:\/\/www.ferrovial.com\/es-la\/wp-json\/wp\/v2\/pages"}],"about":[{"href":"https:\/\/www.ferrovial.com\/es-la\/wp-json\/wp\/v2\/types\/page"}],"replies":[{"embeddable":true,"href":"https:\/\/www.ferrovial.com\/es-la\/wp-json\/wp\/v2\/comments?post=133035"}],"version-history":[{"count":3,"href":"https:\/\/www.ferrovial.com\/es-la\/wp-json\/wp\/v2\/pages\/133035\/revisions"}],"predecessor-version":[{"id":303358,"href":"https:\/\/www.ferrovial.com\/es-la\/wp-json\/wp\/v2\/pages\/133035\/revisions\/303358"}],"up":[{"embeddable":true,"href":"https:\/\/www.ferrovial.com\/es-la\/wp-json\/wp\/v2\/pages\/131503"}],"wp:attachment":[{"href":"https:\/\/www.ferrovial.com\/es-la\/wp-json\/wp\/v2\/media?parent=133035"}],"curies":[{"name":"wp","href":"https:\/\/api.w.org\/{rel}","templated":true}]}}