{"id":133042,"date":"2019-11-04T19:05:31","date_gmt":"2019-11-04T18:05:31","guid":{"rendered":"https:\/\/www.ferrovial.com\/economia-circular\/"},"modified":"2022-11-28T12:14:53","modified_gmt":"2022-11-28T11:14:53","slug":"economia-circular","status":"publish","type":"page","link":"https:\/\/www.ferrovial.com\/es-la\/sostenibilidad\/medio-ambiente\/economia-circular\/","title":{"rendered":"Econom\u00eda circular"},"content":{"rendered":"    <m-final-content-header bgimage='https:\/\/static.ferrovial.com\/wp-content\/uploads\/2022\/11\/22154801\/ejemplo-construccion-obra-economia-circular.jpg'>\n            <c-breadcrumb label-text=\"Breadcrumb\" slot=\"breadcrumbs\" type='2' align='left' wrap='wrapped wrapped' aria-label='Vienes de Medio Ambiente'>\n                        <ol>\n\n                                                            <li><a href=\"https:\/\/www.ferrovial.com\/es-la\/\" title=\"Ferrovial\">Ferrovial<\/a><\/li>\n                                                                        <li><a href=\"https:\/\/www.ferrovial.com\/es\/sostenibilidad\/\" title=\"Sostenibilidad\">Sostenibilidad<\/a><\/li>\n                                                                        <li><a href=\"https:\/\/www.ferrovial.com\/es\/sostenibilidad\/medio-ambiente\/\" title=\"Medio Ambiente\">Medio Ambiente<\/a><\/li>\n                                    \n                <\/ol>\n\n                <\/c-breadcrumb>\n    \n        <div slot=\"header\">\n            <h1>\n                Econom\u00eda circular            <\/h1>\n                    <\/div>\n    <\/m-final-content-header>\n\n    \n\n\n<m-wysiwig class=\"wp-block-components-wysiwyg\"><div slot=\"maincontent\">    <p class=\"intro\"><\/p>\n    \n\n\n<p>El Plan estrat\u00e9gico Horizon 24 se centra en el desarrollo, construcci\u00f3n y operaci\u00f3n de infraestructuras sostenibles. Alineado con \u00e9l, se encuentra la <a href=\"https:\/\/www.ferrovial.com\/es-la\/sostenibilidad\/rsc\/plan\/\" target=\"_blank\" rel=\"noreferrer noopener\">Estrategia de Sostenibilidad de Ferrovial<\/a> cuyo foco se centra en <strong><em>abordar los principales retos de la sociedad <\/em><\/strong>abarcando las \u00e1reas de cambio clim\u00e1tico, biodiversidad, econom\u00eda circular y agua, lo que encaja de manera directa en los m\u00faltiples frentes para dar respuesta efectiva a los retos ambientales y sociales que presenta el cambio clim\u00e1tico.<\/p>\n\n\n\n<p>Como muestra de estos compromisos empresariales, aprobamos nuestro <strong>primer Plan de Econom\u00eda Circular<\/strong>, manteniendo nuestro empe\u00f1o por ofrecer servicios e infraestructuras que:<\/p>\n\n\n\n<ul class=\"wp-block-list\"><li>Impulsen la <strong>reutilizaci\u00f3n y el reciclaje <\/strong>de residuos<\/li><li>Promuevan un <strong>uso eficiente <\/strong>de materiales, as\u00ed como el empleo de <strong>materiales reciclados<\/strong><\/li><li>Contribuyan a una <strong>gesti\u00f3n m\u00e1s eficiente de la huella h\u00eddrica<\/strong><\/li><li>Avancen en la <strong>descarbonizaci\u00f3n de la econom\u00eda <\/strong>para colaborar en encontrar una salida a la crisis energ\u00e9tica<\/li><li>Contribuyan a <strong>reducir nuestro impacto ambiental <\/strong>y el de nuestros usuarios y clientes<\/li><\/ul>\n\n\n\n<p>Con este objetivo, trabajamos en la incorporaci\u00f3n de los principios de la econom\u00eda circular en todos nuestros procesos, productos y servicios.<\/p>\n<\/div><\/m-wysiwig>\n\n\n    <m-distributor-brands-basic>\n                            <a slot='card'>\n                                                        <c-icon icon=\"centro-competencia-medioambiente\">\n                                <\/c-icon>\n                                                        <p class=\"description\">\n                            Priorizando la reutilizaci\u00f3n y el reciclaje de residuos                         <\/p>\n                                                        <p class=\"country\">\n                                    Residuos                                <\/p>\n                                                    <\/a>\n                                        <a slot='card'>\n                                                        <c-icon icon=\"centro-competencia-energia-facility-management\">\n                                <\/c-icon>\n                                                        <p class=\"description\">\n                            Mejorando la eficiencia energ\u00e9tica y el consumo de electricidad renovable                        <\/p>\n                                                        <p class=\"country\">\n                                    Energ\u00eda                                <\/p>\n                                                    <\/a>\n                                        <a slot='card'>\n                                                        <c-icon icon=\"agua\">\n                                <\/c-icon>\n                                                        <p class=\"description\">\n                            Incrementando eficiencia en el consumo de agua y fomentando su reutilizaci\u00f3n y reciclaje                        <\/p>\n                                                        <p class=\"country\">\n                                    Agua                                <\/p>\n                                                    <\/a>\n                                        <a slot='card'>\n                                                        <c-icon icon=\"services\">\n                                <\/c-icon>\n                                                        <p class=\"description\">\n                            Orientados a la incorporaci\u00f3n de materiales reciclados dentro de nuestros procesos                        <\/p>\n                                                        <p class=\"country\">\n                                    Materiales                                <\/p>\n                                                    <\/a>\n                        <\/m-distributor-brands-basic>\n\n    \n\n\n<m-wysiwig class=\"wp-block-components-wysiwyg\"><div slot=\"maincontent\">\n<p>El plan de Econom\u00eda Circular establece objetivos espec\u00edficos para los diferentes negocios, as\u00ed como l\u00edneas de actuaci\u00f3n que permiten a la compa\u00f1\u00eda fortaleces su compromiso con la econom\u00eda circular y avanzar en su desempe\u00f1o.<\/p>\n\n\n\n<h2 class=\"wp-block-heading\">Ejemplos de econom\u00eda circular<\/h2>\n\n\n\n<ul class=\"wp-block-list\"><li>Apuesta por la valorizaci\u00f3n de lodos de depuraci\u00f3n y exploraci\u00f3n de<strong> nuevas tecnolog\u00edas<\/strong> que puedan reducir el volumen de los lodos de depuraci\u00f3n, como es el caso de la carbonataci\u00f3n hidrotermal de fangos de depuraci\u00f3n.<\/li><li>En las <strong>plantas de tratamiento de agua se capta el biog\u00e1s generado y se aprovecha<\/strong> tanto t\u00e9rmicamente como para generar energ\u00eda el\u00e9ctrica para autoconsumo.<\/li><li>Avanzar en el desarrollo de <strong>pavimentos de larga duraci\u00f3n<\/strong>, a trav\u00e9s de la mejora de los betunes y ligantes asf\u00e1lticos.<\/li><li>Fomento de <strong>medidas de eficiencia en el consumo de agua como la instalaci\u00f3n de grifer\u00eda e instalaciones sanitarias<\/strong> que se realicen como parte de las obras de renovaci\u00f3n en edificaci\u00f3n.<\/li><\/ul>\n<\/div><\/m-wysiwig>\n\n\n    <m-distributor-carousel-highlights :translations='{\n        &quot;paginationseparator&quot;:&quot;de&quot;,\n        &quot;next&quot;:&quot;Siguiente&quot;,\n        &quot;prev&quot;:&quot;Anterior&quot;\n    }'>\n                        <h2 slot=\"label\">\n                    econom\u00eda circular                <\/h2>\n                                <h3 slot=\"title\">\n                    Proyectos destacados                <\/h3>\n                                    <div class=\"m-distributor-carousel-highlights__inner__viewport__wrapper\" slot=\"carouselItem\">\n                        <c-card class=\"m-distributor-carousel-highlights__inner__viewport__slide\" type=\"type-4\" link=\"https:\/\/newsroom.ferrovial.com\/es\/noticias\/las-obras-del-aeropuerto-adolfo-suarez-madrid-barajas-ejemplo-de-economia-circular\/\"  >\n                                                                <img decoding=\"async\" slot=\"background\" src=\"https:\/\/static.newsroom.ferrovial.com\/wp-content\/uploads\/2022\/11\/15141305\/obras-aeropuerto-barajas-adolfo-suarez-602x784.jpg\" video=\"true\" height=\"100%\">\n                                                                        <h3 role=\"listitem\" slot=\"title\">Ejemplo de econom\u00eda circular<\/h3>\n                                                                        <p slot=\"description\">\n                                        Lorem ipsum                                    <\/p>\n                                                            <\/c-card>\n                    <\/div>\n                                        <div class=\"m-distributor-carousel-highlights__inner__viewport__wrapper\" slot=\"carouselItem\">\n                        <c-card class=\"m-distributor-carousel-highlights__inner__viewport__slide\" type=\"type-3\" link=\"\" target='_blank' >\n                                                                <label slot=\"label\">Blog<\/label>\n                                                                        <h3 role=\"listitem\" slot=\"title\">Las carreteras de la econom\u00eda circular<\/h3>\n                                                                        <p slot=\"description\">\n                                        Lorem ipsum                                    <\/p>\n                                                                        <c-icon slot=\"icon\" icon=\"roads\" size=\"xxl\">\n                                    <\/c-icon>\n                                                                        <c-masked-image path=\"3\"  slot=\"image\">\n                                    <\/c-masked-image>\n                                                            <\/c-card>\n                    <\/div>\n                                        <div class=\"m-distributor-carousel-highlights__inner__viewport__wrapper\" slot=\"carouselItem\">\n                        <c-card class=\"m-distributor-carousel-highlights__inner__viewport__slide\" type=\"type-2\" link=\"https:\/\/newsroom.ferrovial.com\/es\/noticias\/mit-colabora-con-cadagua-para-la-valorizacion-de-fangos-mediante-carbonatacion-hidrotermal\/\"  >\n                                                                <label slot=\"label\">Noticias<\/label>\n                                                                        <h3 role=\"listitem\" slot=\"title\">MIT colabora con Cadagua para la valorizaci\u00f3n<\/h3>\n                                                                        <p slot=\"description\">\n                                        Lorem ipsum                                    <\/p>\n                                                                        <c-masked-image path=\"3\" src='https:\/\/static.newsroom.ferrovial.com\/wp-content\/uploads\/2019\/01\/15152424\/valorizacion-de-fangos-de-mit-y-cadagua-480x480.jpg' slot=\"image\">\n                                    <\/c-masked-image>\n                                                            <\/c-card>\n                    <\/div>\n                                        <div class=\"m-distributor-carousel-highlights__inner__viewport__wrapper\" slot=\"carouselItem\">\n                        <c-card class=\"m-distributor-carousel-highlights__inner__viewport__slide\" type=\"type-2\" link=\"https:\/\/newsroom.ferrovial.com\/es\/noticias\/ferrovial-ikongreen-energia-descarbonizacion\/\"  >\n                                                                <label slot=\"label\">Noticias<\/label>\n                                                                        <h3 role=\"listitem\" slot=\"title\">M\u00f3dulo de suministro energ\u00e9tico <\/h3>\n                                                                        <p slot=\"description\">\n                                        Lorem ipsum                                    <\/p>\n                                                                        <c-masked-image path=\"3\" src='https:\/\/static.newsroom.ferrovial.com\/wp-content\/uploads\/2022\/03\/15142303\/ikongreen-2-480x480.jpg' slot=\"image\">\n                                    <\/c-masked-image>\n                                                            <\/c-card>\n                    <\/div>\n                        <\/m-distributor-carousel-highlights>\n    ","protected":false},"excerpt":{"rendered":"","protected":false},"featured_media":0,"parent":133210,"menu_order":0,"comment_status":"closed","ping_status":"closed","template":"","meta":{"_acf_changed":false,"footnotes":""},"class_list":["post-133042","page","type-page","status-publish","hentry"],"acf":[],"yoast_head":"<!-- This site is optimized with the Yoast SEO plugin v27.2 - https:\/\/yoast.com\/product\/yoast-seo-wordpress\/ -->\n<title>Econom\u00eda circular: objetivos y ejemplos o principios - Ferrovial<\/title>\n<meta name=\"description\" content=\"Promover una econom\u00eda baja en carbono y un uso eficiente de los recursos naturales contribuye a reducir nuestro impacto ambiental y el de nuestros ...\" \/>\n<meta name=\"robots\" content=\"index, follow, max-snippet:-1, max-image-preview:large, max-video-preview:-1\" \/>\n<link rel=\"canonical\" href=\"https:\/\/www.ferrovial.com\/es-la\/sostenibilidad\/medio-ambiente\/economia-circular\/\" \/>\n<meta property=\"og:locale\" content=\"es_ES\" \/>\n<meta property=\"og:type\" content=\"article\" \/>\n<meta property=\"og:title\" content=\"Econom\u00eda circular: objetivos y ejemplos o principios - Ferrovial\" \/>\n<meta property=\"og:description\" content=\"Promover una econom\u00eda baja en carbono y un uso eficiente de los recursos naturales contribuye a reducir nuestro impacto ambiental y el de nuestros ...\" \/>\n<meta property=\"og:url\" content=\"https:\/\/www.ferrovial.com\/es-la\/sostenibilidad\/medio-ambiente\/economia-circular\/\" \/>\n<meta property=\"og:site_name\" content=\"Ferrovial\" \/>\n<meta property=\"article:publisher\" content=\"https:\/\/www.facebook.com\/ferrovial\" \/>\n<meta property=\"article:modified_time\" content=\"2022-11-28T11:14:53+00:00\" \/>\n<meta name=\"twitter:card\" content=\"summary_large_image\" \/>\n<meta name=\"twitter:site\" content=\"@ferrovial\" \/>\n<meta name=\"twitter:label1\" content=\"Est. reading time\" \/>\n\t<meta name=\"twitter:data1\" content=\"2 minutes\" \/>\n<!-- \/ Yoast SEO plugin. -->","yoast_head_json":{"title":"Econom\u00eda circular: objetivos y ejemplos o principios - Ferrovial","description":"Promover una econom\u00eda baja en carbono y un uso eficiente de los recursos naturales contribuye a reducir nuestro impacto ambiental y el de nuestros ...","robots":{"index":"index","follow":"follow","max-snippet":"max-snippet:-1","max-image-preview":"max-image-preview:large","max-video-preview":"max-video-preview:-1"},"canonical":"https:\/\/www.ferrovial.com\/es-la\/sostenibilidad\/medio-ambiente\/economia-circular\/","og_locale":"es_ES","og_type":"article","og_title":"Econom\u00eda circular: objetivos y ejemplos o principios - Ferrovial","og_description":"Promover una econom\u00eda baja en carbono y un uso eficiente de los recursos naturales contribuye a reducir nuestro impacto ambiental y el de nuestros ...","og_url":"https:\/\/www.ferrovial.com\/es-la\/sostenibilidad\/medio-ambiente\/economia-circular\/","og_site_name":"Ferrovial","article_publisher":"https:\/\/www.facebook.com\/ferrovial","article_modified_time":"2022-11-28T11:14:53+00:00","twitter_card":"summary_large_image","twitter_site":"@ferrovial","twitter_misc":{"Est. reading time":"2 minutes"},"schema":{"@context":"https:\/\/schema.org","@graph":[{"@type":"WebPage","@id":"https:\/\/www.ferrovial.com\/es-la\/sostenibilidad\/medio-ambiente\/economia-circular\/","url":"https:\/\/www.ferrovial.com\/es-la\/sostenibilidad\/medio-ambiente\/economia-circular\/","name":"Econom\u00eda circular: objetivos y ejemplos o principios - Ferrovial","isPartOf":{"@id":"https:\/\/www.ferrovial.com\/es-la\/#website"},"datePublished":"2019-11-04T18:05:31+00:00","dateModified":"2022-11-28T11:14:53+00:00","description":"Promover una econom\u00eda baja en carbono y un uso eficiente de los recursos naturales contribuye a reducir nuestro impacto ambiental y el de nuestros ...","breadcrumb":{"@id":"https:\/\/www.ferrovial.com\/es-la\/sostenibilidad\/medio-ambiente\/economia-circular\/#breadcrumb"},"inLanguage":"es-419","potentialAction":[{"@type":"ReadAction","target":["https:\/\/www.ferrovial.com\/es-la\/sostenibilidad\/medio-ambiente\/economia-circular\/"]}]},{"@type":"BreadcrumbList","@id":"https:\/\/www.ferrovial.com\/es-la\/sostenibilidad\/medio-ambiente\/economia-circular\/#breadcrumb","itemListElement":[{"@type":"ListItem","position":1,"name":"Portada","item":"https:\/\/www.ferrovial.com\/es-la\/"},{"@type":"ListItem","position":2,"name":"Sostenibilidad","item":"https:\/\/www.ferrovial.com\/es-la\/sostenibilidad\/"},{"@type":"ListItem","position":3,"name":"Medio Ambiente","item":"https:\/\/www.ferrovial.com\/es-la\/sostenibilidad\/medio-ambiente\/"},{"@type":"ListItem","position":4,"name":"Econom\u00eda circular"}]},{"@type":"WebSite","@id":"https:\/\/www.ferrovial.com\/es-la\/#website","url":"https:\/\/www.ferrovial.com\/es-la\/","name":"Ferrovial","description":"Welcome to the Ferrovial&#039;s website, global operator of sustainable infrastructure. Here you can find all the information about the company and subsidiaries.","publisher":{"@id":"https:\/\/www.ferrovial.com\/es-la\/#organization"},"potentialAction":[{"@type":"SearchAction","target":{"@type":"EntryPoint","urlTemplate":"https:\/\/www.ferrovial.com\/es-la\/?s={search_term_string}"},"query-input":{"@type":"PropertyValueSpecification","valueRequired":true,"valueName":"search_term_string"}}],"inLanguage":"es-419"},{"@type":"Organization","@id":"https:\/\/www.ferrovial.com\/es-la\/#organization","name":"Ferrovial S.A.","url":"https:\/\/www.ferrovial.com\/es-la\/","logo":{"@type":"ImageObject","inLanguage":"es-419","@id":"https:\/\/www.ferrovial.com\/es-la\/#\/schema\/logo\/image\/","url":"https:\/\/static.ferrovial.com\/wp-content\/uploads\/2020\/01\/13124948\/logo-ferrovial-cf7.png","contentUrl":"https:\/\/static.ferrovial.com\/wp-content\/uploads\/2020\/01\/13124948\/logo-ferrovial-cf7.png","width":144,"height":32,"caption":"Ferrovial S.A."},"image":{"@id":"https:\/\/www.ferrovial.com\/es-la\/#\/schema\/logo\/image\/"},"sameAs":["https:\/\/www.facebook.com\/ferrovial","https:\/\/x.com\/ferrovial","https:\/\/www.instagram.com\/ferrovial\/","https:\/\/www.linkedin.com\/company\/ferrovial","https:\/\/www.pinterest.es\/ferrovial\/","https:\/\/www.youtube.com\/ferrovial","https:\/\/en.wikipedia.org\/wiki\/Ferrovial"]}]}},"_links":{"self":[{"href":"https:\/\/www.ferrovial.com\/es-la\/wp-json\/wp\/v2\/pages\/133042","targetHints":{"allow":["GET"]}}],"collection":[{"href":"https:\/\/www.ferrovial.com\/es-la\/wp-json\/wp\/v2\/pages"}],"about":[{"href":"https:\/\/www.ferrovial.com\/es-la\/wp-json\/wp\/v2\/types\/page"}],"replies":[{"embeddable":true,"href":"https:\/\/www.ferrovial.com\/es-la\/wp-json\/wp\/v2\/comments?post=133042"}],"version-history":[{"count":3,"href":"https:\/\/www.ferrovial.com\/es-la\/wp-json\/wp\/v2\/pages\/133042\/revisions"}],"predecessor-version":[{"id":243760,"href":"https:\/\/www.ferrovial.com\/es-la\/wp-json\/wp\/v2\/pages\/133042\/revisions\/243760"}],"up":[{"embeddable":true,"href":"https:\/\/www.ferrovial.com\/es-la\/wp-json\/wp\/v2\/pages\/133210"}],"wp:attachment":[{"href":"https:\/\/www.ferrovial.com\/es-la\/wp-json\/wp\/v2\/media?parent=133042"}],"curies":[{"name":"wp","href":"https:\/\/api.w.org\/{rel}","templated":true}]}}