{"id":133064,"date":"2019-10-11T09:46:09","date_gmt":"2019-10-11T07:46:09","guid":{"rendered":"https:\/\/www.ferrovial.com\/como-creamos-valor\/"},"modified":"2020-04-21T20:51:01","modified_gmt":"2020-04-21T18:51:01","slug":"como-creamos-valor","status":"publish","type":"page","link":"https:\/\/www.ferrovial.com\/es-la\/como-creamos-valor\/","title":{"rendered":"\u00bfC\u00f3mo creamos valor?"},"content":{"rendered":"    <m-final-content-header bgimage='https:\/\/static.ferrovial.com\/wp-content\/uploads\/2019\/11\/13141924\/407_etr_ontario_canada-1280x720.jpg'>\n            <c-breadcrumb label-text=\"Breadcrumb\" slot=\"breadcrumbs\" type='2' align='left' wrap='wrapped wrapped' aria-label='Vienes de Qui\u00e9nes somos'>\n                        <ol>\n\n                                                            <li><a href=\"https:\/\/www.ferrovial.com\/es-la\/\" title=\"Ferrovial\">Ferrovial<\/a><\/li>\n                                                                        <li><a href=\"https:\/\/www.ferrovial.com\/es\/cintra\/\" title=\"Cintra\">Cintra<\/a><\/li>\n                                                                        <li><a href=\"https:\/\/www.ferrovial.com\/es\/cintra\/quienes-somos\/\" title=\"Qui\u00e9nes somos\">Qui\u00e9nes somos<\/a><\/li>\n                                    \n                <\/ol>\n\n                <\/c-breadcrumb>\n    \n        <div slot=\"header\">\n            <h1>\n                \u00bfC\u00f3mo creamos valor?            <\/h1>\n                    <\/div>\n    <\/m-final-content-header>\n\n    \n\n\n<m-wysiwig class=\"wp-block-components-wysiwyg\"><div slot=\"maincontent\">\n<p class=\"intro\">La ventaja competitiva que obtenemos de la gesti\u00f3n directa, activa y eficiente de nuestra cartera de proyectos en todas sus fases, permite crear valor para todos nuestros stakeholders,  eliminando o reduciendo gradualmente sus riesgos. <\/p>\n\n\n\n<h2 class=\"wp-block-heading\">Cartera de activos \u00fanica<\/h2>\n\n\n\n<p>Tenemos una cartera de activos complejos que genera informaci\u00f3n muy valiosa acerca de todos los aspectos de nuestro negocio (ratios de operaci\u00f3n, preferencias de los usuarios, entre otros). Esta informaci\u00f3n se extrae y analiza de manera sistem\u00e1tica utilizando t\u00e9cnicas como el <strong>Big Data<\/strong> para mejorar los aspectos operativos de las concesiones existentes y competir por la adjudicaci\u00f3n de nuevos proyectos. <\/p>\n\n\n\n<h2 class=\"wp-block-heading\">Nuestro tridente para la creaci\u00f3n de valor<\/h2>\n\n\n\n<ul class=\"wp-block-list\"><li><strong>De-risking:<\/strong> es la principal fuente de creaci\u00f3n de valor en nuestros activos.  A medida que se van reduciendo y eliminando los riesgos de cada fase del ciclo de vida del proyecto (construcci\u00f3n, \u201cramp-up\u201d y fase de madurez), el activo aumenta su valoraci\u00f3n, ya que disminuye la tasa de descuento aplicada a los flujos de caja futuros estimados.<\/li><li><strong>Rolling Forward: <\/strong>se trata del aumento progresivo de valor a medida que avanzamos en el periodo concesional y nos vamos acercando al grueso de los flujos de caja que se concentran al final del periodo de la concesi\u00f3n.<\/li><li><strong>Operaci\u00f3n:<\/strong> como operador \u201cpremium\u201d, sabemos extraer el m\u00e1ximo valor de los activos. Lo logramos maximizando los flujos de caja y desarrollando nuevas ventajas competitivas que permitan un alto \u00e9xito en las licitaciones. La experiencia en <strong>activos de alta complejidad<\/strong> (por su singularidad t\u00e9cnica, niveles de tr\u00e1fico y tama\u00f1o de la inversi\u00f3n) nos permite combinar el cumplimiento de nuestras obligaciones contractuales, al coste \u00f3ptimo, con una estrategia para maximizar los ingresos establecidos en los pliegos de concesi\u00f3n. <\/li><\/ul>\n<\/div><\/m-wysiwig>\n\n\n\n<div class=\"wp-block-image\"><figure class=\"aligncenter is-resized\"><img v-lazy=\"'https:\/\/static.ferrovial.com\/wp-content\/uploads\/2019\/11\/13123238\/nte-031416-037-1024x682.jpg'\" alt=\"\" class=\"wp-image-71278\" width=\"768\" height=\"512\"\/><\/figure><\/div>\n\n\n\n<p><\/p>\n\n\n\n<m-wysiwig class=\"wp-block-components-wysiwyg\"><div slot=\"maincontent\">\n<h2 class=\"wp-block-heading\">Know How<\/h2>\n\n\n\n<p> Contamos con uno de los equipos  de mayor experiencia y capacidad del sector. A lo largo de cinco d\u00e9cadas dedicados al desarrollo y gesti\u00f3n de proyectos de alta complejidad, hemos desarrollado una serie de capacidades \u00fanicas para el an\u00e1lisis de oportunidades, la licitaci\u00f3n y el desarrollo de proyectos, a trav\u00e9s de equipos altamente especializados. <\/p>\n\n\n\n<p> Nuestro equipo interno de financiaci\u00f3n de proyectos ha conseguido obtener algunas de las financiaciones m\u00e1s pioneras y eficientes del mundo. Adem\u00e1s, tenemos un equipo de an\u00e1lisis propio con alta experiencia que identifica la combinaci\u00f3n de variables de negocio que maximiza la competitividad de nuestras ofertas.   <\/p>\n\n\n\n<h3 class=\"wp-block-heading\">La confianza: clave en nuestra relaci\u00f3n con socios y Administraciones<\/h3>\n\n\n\n<p>Nuestra meta es ofrecer a todas las partes involucradas seguridad y certeza en todo el proceso.   <\/p>\n\n\n\n<p>Gestionamos directa y activamente todas las fases de un <strong>proyecto PPP <\/strong>(colaboraciones p\u00fablico-privadas) gracias a la experiencia que nos brinda nuestro portfolio, \u00fanico por su diversidad y complejidad. Defendemos, como operador, una estrategia de inversi\u00f3n a largo plazo.   <\/p>\n\n\n\n<p>En las fases previas del proyecto, trabajamos de manera proactiva con las Administraciones para aportar nuestra experiencia en la b\u00fasqueda de soluciones que optimicen el uso de la infraestructura y maximicen su valor, a la vez que se garantizan la calidad de los proyectos, los tiempos de ejecuci\u00f3n y velando por el cumplimiento del presupuesto.   <\/p>\n\n\n\n<p>Establecemos relaciones a largo plazo con aquellos que comparten nuestra visi\u00f3n del negocio. Seleccionamos para cada proyecto los que mejor se adaptan a su perfil de riesgo, identificando aquellos que mayor ventaja competitiva aportan al consorcio. Nuestros socios valoran nuestra capacidad para identificar y mitigar los distintos riesgos de un proyecto y para gestionar una concesi\u00f3n.  <\/p>\n<\/div><\/m-wysiwig>\n","protected":false},"excerpt":{"rendered":"","protected":false},"featured_media":0,"parent":0,"menu_order":0,"comment_status":"closed","ping_status":"closed","template":"","meta":{"_acf_changed":false,"footnotes":""},"class_list":["post-133064","page","type-page","status-publish","hentry"],"acf":[],"yoast_head":"<!-- This site is optimized with the Yoast SEO plugin v27.2 - https:\/\/yoast.com\/product\/yoast-seo-wordpress\/ -->\n<title>\u00bfC\u00f3mo creamos valor con nuestra gesti\u00f3n de autopistas? - Cintra<\/title>\n<meta name=\"description\" content=\"Welcome to the Ferrovial&#039;s website, global operator of sustainable infrastructure. Here you can find all the information about the company and subsidiaries.\" \/>\n<meta name=\"robots\" content=\"index, follow, max-snippet:-1, max-image-preview:large, max-video-preview:-1\" \/>\n<link rel=\"canonical\" href=\"https:\/\/www.ferrovial.com\/es-la\/como-creamos-valor\/\" \/>\n<meta property=\"og:locale\" content=\"es_ES\" \/>\n<meta property=\"og:type\" content=\"article\" \/>\n<meta property=\"og:title\" content=\"\u00bfC\u00f3mo creamos valor con nuestra gesti\u00f3n de autopistas? - Cintra\" \/>\n<meta property=\"og:description\" content=\"Welcome to the Ferrovial&#039;s website, global operator of sustainable infrastructure. Here you can find all the information about the company and subsidiaries.\" \/>\n<meta property=\"og:url\" content=\"https:\/\/www.ferrovial.com\/es-la\/como-creamos-valor\/\" \/>\n<meta property=\"og:site_name\" content=\"Ferrovial\" \/>\n<meta property=\"article:publisher\" content=\"https:\/\/www.facebook.com\/ferrovial\" \/>\n<meta property=\"article:modified_time\" content=\"2020-04-21T18:51:01+00:00\" \/>\n<meta property=\"og:image\" content=\"https:\/\/www.ferrovial.com\/wp-content\/uploads\/2019\/11\/nte-031416-037-1024x682.jpg\" \/>\n<meta name=\"twitter:card\" content=\"summary_large_image\" \/>\n<meta name=\"twitter:site\" content=\"@ferrovial\" \/>\n<meta name=\"twitter:label1\" content=\"Est. reading time\" \/>\n\t<meta name=\"twitter:data1\" content=\"3 minutes\" \/>\n<!-- \/ Yoast SEO plugin. -->","yoast_head_json":{"title":"\u00bfC\u00f3mo creamos valor con nuestra gesti\u00f3n de autopistas? - Cintra","description":"Welcome to the Ferrovial's website, global operator of sustainable infrastructure. Here you can find all the information about the company and subsidiaries.","robots":{"index":"index","follow":"follow","max-snippet":"max-snippet:-1","max-image-preview":"max-image-preview:large","max-video-preview":"max-video-preview:-1"},"canonical":"https:\/\/www.ferrovial.com\/es-la\/como-creamos-valor\/","og_locale":"es_ES","og_type":"article","og_title":"\u00bfC\u00f3mo creamos valor con nuestra gesti\u00f3n de autopistas? - Cintra","og_description":"Welcome to the Ferrovial's website, global operator of sustainable infrastructure. Here you can find all the information about the company and subsidiaries.","og_url":"https:\/\/www.ferrovial.com\/es-la\/como-creamos-valor\/","og_site_name":"Ferrovial","article_publisher":"https:\/\/www.facebook.com\/ferrovial","article_modified_time":"2020-04-21T18:51:01+00:00","og_image":[{"url":"https:\/\/www.ferrovial.com\/wp-content\/uploads\/2019\/11\/nte-031416-037-1024x682.jpg","type":"","width":"","height":""}],"twitter_card":"summary_large_image","twitter_site":"@ferrovial","twitter_misc":{"Est. reading time":"3 minutes"},"schema":{"@context":"https:\/\/schema.org","@graph":[{"@type":"WebPage","@id":"https:\/\/www.ferrovial.com\/es-la\/como-creamos-valor\/","url":"https:\/\/www.ferrovial.com\/es-la\/como-creamos-valor\/","name":"\u00bfC\u00f3mo creamos valor con nuestra gesti\u00f3n de autopistas? - Cintra","isPartOf":{"@id":"https:\/\/www.ferrovial.com\/es-la\/#website"},"primaryImageOfPage":{"@id":"https:\/\/www.ferrovial.com\/es-la\/como-creamos-valor\/#primaryimage"},"image":{"@id":"https:\/\/www.ferrovial.com\/es-la\/como-creamos-valor\/#primaryimage"},"thumbnailUrl":"https:\/\/www.ferrovial.com\/wp-content\/uploads\/2019\/11\/nte-031416-037-1024x682.jpg","datePublished":"2019-10-11T07:46:09+00:00","dateModified":"2020-04-21T18:51:01+00:00","description":"Welcome to the Ferrovial's website, global operator of sustainable infrastructure. Here you can find all the information about the company and subsidiaries.","breadcrumb":{"@id":"https:\/\/www.ferrovial.com\/es-la\/como-creamos-valor\/#breadcrumb"},"inLanguage":"es-419","potentialAction":[{"@type":"ReadAction","target":["https:\/\/www.ferrovial.com\/es-la\/como-creamos-valor\/"]}]},{"@type":"ImageObject","inLanguage":"es-419","@id":"https:\/\/www.ferrovial.com\/es-la\/como-creamos-valor\/#primaryimage","url":"https:\/\/www.ferrovial.com\/wp-content\/uploads\/2019\/11\/nte-031416-037-1024x682.jpg","contentUrl":"https:\/\/www.ferrovial.com\/wp-content\/uploads\/2019\/11\/nte-031416-037-1024x682.jpg"},{"@type":"BreadcrumbList","@id":"https:\/\/www.ferrovial.com\/es-la\/como-creamos-valor\/#breadcrumb","itemListElement":[{"@type":"ListItem","position":1,"name":"Portada","item":"https:\/\/www.ferrovial.com\/es-la\/"},{"@type":"ListItem","position":2,"name":"\u00bfC\u00f3mo creamos valor?"}]},{"@type":"WebSite","@id":"https:\/\/www.ferrovial.com\/es-la\/#website","url":"https:\/\/www.ferrovial.com\/es-la\/","name":"Ferrovial","description":"Welcome to the Ferrovial&#039;s website, global operator of sustainable infrastructure. Here you can find all the information about the company and subsidiaries.","publisher":{"@id":"https:\/\/www.ferrovial.com\/es-la\/#organization"},"potentialAction":[{"@type":"SearchAction","target":{"@type":"EntryPoint","urlTemplate":"https:\/\/www.ferrovial.com\/es-la\/?s={search_term_string}"},"query-input":{"@type":"PropertyValueSpecification","valueRequired":true,"valueName":"search_term_string"}}],"inLanguage":"es-419"},{"@type":"Organization","@id":"https:\/\/www.ferrovial.com\/es-la\/#organization","name":"Ferrovial S.A.","url":"https:\/\/www.ferrovial.com\/es-la\/","logo":{"@type":"ImageObject","inLanguage":"es-419","@id":"https:\/\/www.ferrovial.com\/es-la\/#\/schema\/logo\/image\/","url":"https:\/\/static.ferrovial.com\/wp-content\/uploads\/2020\/01\/13124948\/logo-ferrovial-cf7.png","contentUrl":"https:\/\/static.ferrovial.com\/wp-content\/uploads\/2020\/01\/13124948\/logo-ferrovial-cf7.png","width":144,"height":32,"caption":"Ferrovial S.A."},"image":{"@id":"https:\/\/www.ferrovial.com\/es-la\/#\/schema\/logo\/image\/"},"sameAs":["https:\/\/www.facebook.com\/ferrovial","https:\/\/x.com\/ferrovial","https:\/\/www.instagram.com\/ferrovial\/","https:\/\/www.linkedin.com\/company\/ferrovial","https:\/\/www.pinterest.es\/ferrovial\/","https:\/\/www.youtube.com\/ferrovial","https:\/\/en.wikipedia.org\/wiki\/Ferrovial"]}]}},"_links":{"self":[{"href":"https:\/\/www.ferrovial.com\/es-la\/wp-json\/wp\/v2\/pages\/133064","targetHints":{"allow":["GET"]}}],"collection":[{"href":"https:\/\/www.ferrovial.com\/es-la\/wp-json\/wp\/v2\/pages"}],"about":[{"href":"https:\/\/www.ferrovial.com\/es-la\/wp-json\/wp\/v2\/types\/page"}],"replies":[{"embeddable":true,"href":"https:\/\/www.ferrovial.com\/es-la\/wp-json\/wp\/v2\/comments?post=133064"}],"version-history":[{"count":1,"href":"https:\/\/www.ferrovial.com\/es-la\/wp-json\/wp\/v2\/pages\/133064\/revisions"}],"predecessor-version":[{"id":162904,"href":"https:\/\/www.ferrovial.com\/es-la\/wp-json\/wp\/v2\/pages\/133064\/revisions\/162904"}],"wp:attachment":[{"href":"https:\/\/www.ferrovial.com\/es-la\/wp-json\/wp\/v2\/media?parent=133064"}],"curies":[{"name":"wp","href":"https:\/\/api.w.org\/{rel}","templated":true}]}}