{"id":133075,"date":"2019-10-02T13:25:03","date_gmt":"2019-10-02T11:25:03","guid":{"rendered":"https:\/\/www.ferrovial.com\/iso-14001\/"},"modified":"2025-05-15T11:12:16","modified_gmt":"2025-05-15T09:12:16","slug":"iso-14001","status":"publish","type":"page","link":"https:\/\/www.ferrovial.com\/es-la\/sostenibilidad\/social\/usuarios-clientes\/certificaciones\/iso-14001\/","title":{"rendered":"ISO 14001"},"content":{"rendered":"    <m-final-content-header bgimage='https:\/\/static.ferrovial.com\/wp-content\/uploads\/2019\/10\/13140842\/ferrovial-calidad-actividades-certificadas-1.jpg'>\n            <c-breadcrumb label-text=\"Breadcrumb\" slot=\"breadcrumbs\" type='2' align='left' wrap='wrapped wrapped' aria-label='Vienes de Certificaciones'>\n                        <ol>\n\n                                                            <li><a href=\"https:\/\/www.ferrovial.com\/es-la\/\" title=\"Ferrovial\">Ferrovial<\/a><\/li>\n                                                                        <li><a href=\"https:\/\/www.ferrovial.com\/es\/sostenibilidad\/\" title=\"Sostenibilidad\">Sostenibilidad<\/a><\/li>\n                                                                        <li><a href=\"https:\/\/www.ferrovial.com\/es\/sostenibilidad\/social\/\" title=\"Compromiso con la sociedad\">Compromiso con la sociedad<\/a><\/li>\n                                                                        <li><a href=\"https:\/\/www.ferrovial.com\/es\/sostenibilidad\/social\/usuarios-clientes\/\" title=\"Experiencia del usuario y clientes\">Experiencia del usuario y clientes<\/a><\/li>\n                                                                        <li><a href=\"https:\/\/www.ferrovial.com\/es\/sostenibilidad\/social\/usuarios-clientes\/certificaciones\/\" title=\"Certificaciones\">Certificaciones<\/a><\/li>\n                                    \n                <\/ol>\n\n                <\/c-breadcrumb>\n    \n        <div slot=\"header\">\n            <h1>\n                ISO 14001            <\/h1>\n                    <\/div>\n    <\/m-final-content-header>\n\n    \n\n\n<m-wysiwig class=\"wp-block-components-wysiwyg\"><div slot=\"maincontent\">    <p class=\"intro\">En 2024, el porcentaje de la actividad certificada en calidad y medio ambiente bajos las normas ISO 9001 e ISO 14001 fue del 86%, en ambos casos<\/p>\n    \n\n\n<h2 class=\"wp-block-heading\">Qu\u00e9 es la ISO 14001<\/h2>\n\n\n\n<p>Es una normativa que marca las pautas para que empresas\/organizaciones establezcan un Sistema de Gesti\u00f3n Ambiental (SGA) efectivo.<\/p>\n\n\n\n<h2 class=\"wp-block-heading\">C\u00f3mo la aplicamos<\/h2>\n\n\n\n<p>Nuestros clientes y usuarios son el centro de todo lo que hacemos. En la  <a href=\"https:\/\/www.ferrovial.com\/es-la\/sostenibilidad\/medio-ambiente\/\">Pol\u00edtica de Calidad y Medio Ambiente de Ferrovial <\/a> se establece que nuestro af\u00e1n es procurarles la mejor experiencia en la utilizaci\u00f3n de nuestras infraestructuras y servicios.<\/p>\n\n\n\n<p>Por eso, Ferrovial mantiene su fuerte compromiso con la calidad y el medio ambiente. Todas las \u00e1reas de negocio tienen implantados en sus contratos sistemas de calidad y medio ambiente.<\/p>\n\n\n\n<p>Generalmente, estos sistemas se encuentran certificados conforme a las normas <a href=\"\/es\/sostenibilidad\/social\/usuarios-clientes\/certificaciones\/iso-9001\/\">ISO 9001<\/a> e ISO 14001 y por las principales empresas de certificaci\u00f3n acreditadas: <a href=\"https:\/\/www.aenor.com\/\" target=\"_blank\" rel=\"noreferrer noopener\">AENOR<\/a> (Asociaci\u00f3n Espa\u00f1ola de Normalizaci\u00f3n y Certificaci\u00f3n), <a aria-label=\"SGS (opens in a new tab)\" href=\"https:\/\/www.sgs.es\/\" target=\"_blank\" rel=\"noreferrer noopener\">SGS<\/a>, <a aria-label=\"BVQi (opens in a new tab)\" href=\"https:\/\/www.bureauveritas.es\/\" target=\"_blank\" rel=\"noreferrer noopener\">BVQi<\/a> (Bureau Veritas Quality International),<a aria-label=\" BSI Group (opens in a new tab)\" href=\"https:\/\/www.bsigroup.com\/es-ES\/\" target=\"_blank\" rel=\"noreferrer noopener\"> BSI Group<\/a> y <a aria-label=\"DNV (opens in a new tab)\" href=\"https:\/\/www.dnvgl.com\/\" target=\"_blank\" rel=\"noreferrer noopener\">DN<\/a><a href=\"https:\/\/www.dnv.com\" target=\"_blank\" rel=\"noreferrer noopener\">V<\/a>.<\/p>\n\n\n\n<p>Para calcular el alcance de certificaci\u00f3n de los sistemas en cada empresa y en el total del grupo, se calcula desde el 2008 el Porcentaje de Actividad Certificada. El m\u00e9todo de c\u00e1lculo se basa en contabilizar las actividades que est\u00e1n certificadas bajo un sistema de calidad o medio ambiente, considerando para ello el n\u00famero de proyectos de cada actividad.<\/p>\n<\/div><\/m-wysiwig>\n\n\n\n    <m-link-list>\n                    <h3 slot=\"maintitle\">\n                Algunos de nuestros certificados            <\/h3>\n                    <p slot=\"text\">Descripci\u00f3n por defecto<\/p>\n                    <ul slot=\"links\">\n                                    <li>\n                        <c-link external='_blank' sr-only='Abrir en una nueva pesta\u00f1a' icon='download'>\n                            <a href=\"https:\/\/static.ferrovial.com\/wp-content\/uploads\/2025\/05\/02165805\/iso-14001-cadagua-esp.pdf\" title=\"ISO 14001 Cadagua\">\n                                ISO 14001 Cadagua (PDF 2 MB)                            <\/a>\n                        <\/c-link>\n                    <\/li>\n                                    <li>\n                        <c-link external='_blank' sr-only='Abrir en una nueva pesta\u00f1a' icon='download'>\n                            <a href=\"https:\/\/static.ferrovial.com\/wp-content\/uploads\/2025\/05\/02170037\/iso-14001-ferrovial-construccion-esp.pdf\" title=\"ISO 14001 Ferrovial Construcci\u00f3n\">\n                                ISO 14001 Ferrovial Construcci\u00f3n (PDF 2 MB)                            <\/a>\n                        <\/c-link>\n                    <\/li>\n                                    <li>\n                        <c-link external='_blank' sr-only='Abrir en una nueva pesta\u00f1a' icon='download'>\n                            <a href=\"https:\/\/static.ferrovial.com\/wp-content\/uploads\/2025\/05\/02170117\/iso-14001-cintra-esp.pdf\" title=\"ISO 14001 Cintra\">\n                                ISO 14001 Cintra (PDF 3 MB)                            <\/a>\n                        <\/c-link>\n                    <\/li>\n                            <\/ul>\n            <\/m-link-list>\n    ","protected":false},"excerpt":{"rendered":"","protected":false},"featured_media":0,"parent":133185,"menu_order":0,"comment_status":"closed","ping_status":"closed","template":"","meta":{"_acf_changed":false,"footnotes":""},"class_list":["post-133075","page","type-page","status-publish","hentry"],"acf":[],"yoast_head":"<!-- This site is optimized with the Yoast SEO plugin v27.2 - https:\/\/yoast.com\/product\/yoast-seo-wordpress\/ -->\n<title>ISO 14001: qu\u00e9 es y c\u00f3mo la aplicamos - Ferrovial<\/title>\n<meta name=\"description\" content=\"Nuestros clientes y usuarios son el centro de todo lo que hacemos. Nuestro af\u00e1n es procurarles la mejor experiencia en la utilizaci\u00f3n de...\" \/>\n<meta name=\"robots\" content=\"index, follow, max-snippet:-1, max-image-preview:large, max-video-preview:-1\" \/>\n<link rel=\"canonical\" href=\"https:\/\/www.ferrovial.com\/es-la\/sostenibilidad\/social\/usuarios-clientes\/certificaciones\/iso-14001\/\" \/>\n<meta property=\"og:locale\" content=\"es_ES\" \/>\n<meta property=\"og:type\" content=\"article\" \/>\n<meta property=\"og:title\" content=\"ISO 14001: qu\u00e9 es y c\u00f3mo la aplicamos - Ferrovial\" \/>\n<meta property=\"og:description\" content=\"Nuestros clientes y usuarios son el centro de todo lo que hacemos. Nuestro af\u00e1n es procurarles la mejor experiencia en la utilizaci\u00f3n de...\" \/>\n<meta property=\"og:url\" content=\"https:\/\/www.ferrovial.com\/es-la\/sostenibilidad\/social\/usuarios-clientes\/certificaciones\/iso-14001\/\" \/>\n<meta property=\"og:site_name\" content=\"Ferrovial\" \/>\n<meta property=\"article:publisher\" content=\"https:\/\/www.facebook.com\/ferrovial\" \/>\n<meta property=\"article:modified_time\" content=\"2025-05-15T09:12:16+00:00\" \/>\n<meta name=\"twitter:card\" content=\"summary_large_image\" \/>\n<meta name=\"twitter:site\" content=\"@ferrovial\" \/>\n<meta name=\"twitter:label1\" content=\"Est. reading time\" \/>\n\t<meta name=\"twitter:data1\" content=\"1 minute\" \/>\n<!-- \/ Yoast SEO plugin. -->","yoast_head_json":{"title":"ISO 14001: qu\u00e9 es y c\u00f3mo la aplicamos - Ferrovial","description":"Nuestros clientes y usuarios son el centro de todo lo que hacemos. Nuestro af\u00e1n es procurarles la mejor experiencia en la utilizaci\u00f3n de...","robots":{"index":"index","follow":"follow","max-snippet":"max-snippet:-1","max-image-preview":"max-image-preview:large","max-video-preview":"max-video-preview:-1"},"canonical":"https:\/\/www.ferrovial.com\/es-la\/sostenibilidad\/social\/usuarios-clientes\/certificaciones\/iso-14001\/","og_locale":"es_ES","og_type":"article","og_title":"ISO 14001: qu\u00e9 es y c\u00f3mo la aplicamos - Ferrovial","og_description":"Nuestros clientes y usuarios son el centro de todo lo que hacemos. Nuestro af\u00e1n es procurarles la mejor experiencia en la utilizaci\u00f3n de...","og_url":"https:\/\/www.ferrovial.com\/es-la\/sostenibilidad\/social\/usuarios-clientes\/certificaciones\/iso-14001\/","og_site_name":"Ferrovial","article_publisher":"https:\/\/www.facebook.com\/ferrovial","article_modified_time":"2025-05-15T09:12:16+00:00","twitter_card":"summary_large_image","twitter_site":"@ferrovial","twitter_misc":{"Est. reading time":"1 minute"},"schema":{"@context":"https:\/\/schema.org","@graph":[{"@type":"WebPage","@id":"https:\/\/www.ferrovial.com\/es-la\/sostenibilidad\/social\/usuarios-clientes\/certificaciones\/iso-14001\/","url":"https:\/\/www.ferrovial.com\/es-la\/sostenibilidad\/social\/usuarios-clientes\/certificaciones\/iso-14001\/","name":"ISO 14001: qu\u00e9 es y c\u00f3mo la aplicamos - Ferrovial","isPartOf":{"@id":"https:\/\/www.ferrovial.com\/es-la\/#website"},"datePublished":"2019-10-02T11:25:03+00:00","dateModified":"2025-05-15T09:12:16+00:00","description":"Nuestros clientes y usuarios son el centro de todo lo que hacemos. Nuestro af\u00e1n es procurarles la mejor experiencia en la utilizaci\u00f3n de...","breadcrumb":{"@id":"https:\/\/www.ferrovial.com\/es-la\/sostenibilidad\/social\/usuarios-clientes\/certificaciones\/iso-14001\/#breadcrumb"},"inLanguage":"es-419","potentialAction":[{"@type":"ReadAction","target":["https:\/\/www.ferrovial.com\/es-la\/sostenibilidad\/social\/usuarios-clientes\/certificaciones\/iso-14001\/"]}]},{"@type":"BreadcrumbList","@id":"https:\/\/www.ferrovial.com\/es-la\/sostenibilidad\/social\/usuarios-clientes\/certificaciones\/iso-14001\/#breadcrumb","itemListElement":[{"@type":"ListItem","position":1,"name":"Portada","item":"https:\/\/www.ferrovial.com\/es-la\/"},{"@type":"ListItem","position":2,"name":"Sostenibilidad","item":"https:\/\/www.ferrovial.com\/es-la\/sostenibilidad\/"},{"@type":"ListItem","position":3,"name":"Compromiso con la sociedad","item":"https:\/\/www.ferrovial.com\/es-la\/sostenibilidad\/social\/"},{"@type":"ListItem","position":4,"name":"Experiencia del usuario y clientes","item":"https:\/\/www.ferrovial.com\/es-la\/sostenibilidad\/social\/usuarios-clientes\/"},{"@type":"ListItem","position":5,"name":"Certificaciones","item":"https:\/\/www.ferrovial.com\/es-la\/sostenibilidad\/social\/usuarios-clientes\/certificaciones\/"},{"@type":"ListItem","position":6,"name":"ISO 14001"}]},{"@type":"WebSite","@id":"https:\/\/www.ferrovial.com\/es-la\/#website","url":"https:\/\/www.ferrovial.com\/es-la\/","name":"Ferrovial","description":"Welcome to the Ferrovial&#039;s website, global operator of sustainable infrastructure. Here you can find all the information about the company and subsidiaries.","publisher":{"@id":"https:\/\/www.ferrovial.com\/es-la\/#organization"},"potentialAction":[{"@type":"SearchAction","target":{"@type":"EntryPoint","urlTemplate":"https:\/\/www.ferrovial.com\/es-la\/?s={search_term_string}"},"query-input":{"@type":"PropertyValueSpecification","valueRequired":true,"valueName":"search_term_string"}}],"inLanguage":"es-419"},{"@type":"Organization","@id":"https:\/\/www.ferrovial.com\/es-la\/#organization","name":"Ferrovial S.A.","url":"https:\/\/www.ferrovial.com\/es-la\/","logo":{"@type":"ImageObject","inLanguage":"es-419","@id":"https:\/\/www.ferrovial.com\/es-la\/#\/schema\/logo\/image\/","url":"https:\/\/static.ferrovial.com\/wp-content\/uploads\/2020\/01\/13124948\/logo-ferrovial-cf7.png","contentUrl":"https:\/\/static.ferrovial.com\/wp-content\/uploads\/2020\/01\/13124948\/logo-ferrovial-cf7.png","width":144,"height":32,"caption":"Ferrovial S.A."},"image":{"@id":"https:\/\/www.ferrovial.com\/es-la\/#\/schema\/logo\/image\/"},"sameAs":["https:\/\/www.facebook.com\/ferrovial","https:\/\/x.com\/ferrovial","https:\/\/www.instagram.com\/ferrovial\/","https:\/\/www.linkedin.com\/company\/ferrovial","https:\/\/www.pinterest.es\/ferrovial\/","https:\/\/www.youtube.com\/ferrovial","https:\/\/en.wikipedia.org\/wiki\/Ferrovial"]}]}},"_links":{"self":[{"href":"https:\/\/www.ferrovial.com\/es-la\/wp-json\/wp\/v2\/pages\/133075","targetHints":{"allow":["GET"]}}],"collection":[{"href":"https:\/\/www.ferrovial.com\/es-la\/wp-json\/wp\/v2\/pages"}],"about":[{"href":"https:\/\/www.ferrovial.com\/es-la\/wp-json\/wp\/v2\/types\/page"}],"replies":[{"embeddable":true,"href":"https:\/\/www.ferrovial.com\/es-la\/wp-json\/wp\/v2\/comments?post=133075"}],"version-history":[{"count":3,"href":"https:\/\/www.ferrovial.com\/es-la\/wp-json\/wp\/v2\/pages\/133075\/revisions"}],"predecessor-version":[{"id":305486,"href":"https:\/\/www.ferrovial.com\/es-la\/wp-json\/wp\/v2\/pages\/133075\/revisions\/305486"}],"up":[{"embeddable":true,"href":"https:\/\/www.ferrovial.com\/es-la\/wp-json\/wp\/v2\/pages\/133185"}],"wp:attachment":[{"href":"https:\/\/www.ferrovial.com\/es-la\/wp-json\/wp\/v2\/media?parent=133075"}],"curies":[{"name":"wp","href":"https:\/\/api.w.org\/{rel}","templated":true}]}}