{"id":133081,"date":"2019-09-13T12:12:54","date_gmt":"2019-09-13T10:12:54","guid":{"rendered":"https:\/\/www.ferrovial.com\/gei-1-2\/"},"modified":"2025-07-02T11:28:12","modified_gmt":"2025-07-02T09:28:12","slug":"gei-1-2","status":"publish","type":"page","link":"https:\/\/www.ferrovial.com\/es-la\/sostenibilidad\/medio-ambiente\/huella-carbono\/reduccion-emisiones\/gei-1-2\/","title":{"rendered":"Emisiones GEI (Scope 1 y 2)"},"content":{"rendered":"    <m-final-content-header >\n            <c-breadcrumb label-text=\"Breadcrumb\" slot=\"breadcrumbs\" type='2' align='left' wrap='wrapped wrapped' aria-label='Vienes de Reducci\u00f3n de emisiones'>\n                        <ol>\n\n                                                            <li><a href=\"https:\/\/www.ferrovial.com\/es-la\/\" title=\"Ferrovial\">Ferrovial<\/a><\/li>\n                                                                        <li><a href=\"https:\/\/www.ferrovial.com\/es\/sostenibilidad\/\" title=\"Sostenibilidad\">Sostenibilidad<\/a><\/li>\n                                                                        <li><a href=\"https:\/\/www.ferrovial.com\/es\/sostenibilidad\/medio-ambiente\/\" title=\"Medio Ambiente\">Medio Ambiente<\/a><\/li>\n                                                                        <li><a href=\"https:\/\/www.ferrovial.com\/es\/sostenibilidad\/medio-ambiente\/huella-carbono\/\" title=\"Huella de carbono\">Huella de carbono<\/a><\/li>\n                                                                        <li><a href=\"https:\/\/www.ferrovial.com\/es\/sostenibilidad\/medio-ambiente\/huella-carbono\/reduccion-emisiones\/\" title=\"Reducci\u00f3n de emisiones\">Reducci\u00f3n de emisiones<\/a><\/li>\n                                    \n                <\/ol>\n\n                <\/c-breadcrumb>\n    \n        <div slot=\"header\">\n            <h1>\n                Emisiones GEI (Scope 1 y 2)            <\/h1>\n                    <\/div>\n    <\/m-final-content-header>\n\n    \n\n\n<m-wysiwig class=\"wp-block-components-wysiwyg\"><div slot=\"maincontent\">    <p class=\"intro\">Las emisiones GEI (gas de efecto invernadero) que se generan en nuestras actividades se clasifican en:<\/p>\n    \n\n\n<ul class=\"wp-block-list\">\n<li><strong>Difusas.<\/strong> Emisiones no asociadas a un foco emisor determinado, tales como las emisiones de biog\u00e1s procedentes de vertedero.<\/li>\n\n\n\n<li><strong>Electricidad.<\/strong> Estas emisiones indirectas son emisiones consecuencia del consumo de electricidad comprada a otras empresas que la producen o controlan.<\/li>\n\n\n\n<li><strong>Equipos estacionarios.<\/strong> Son aquellos equipos fijos como grupos electr\u00f3genos, calderas, hornos, quemadores, turbinas, calentadores, incineradores, motores, flameadores, etc. que utilizan combustible f\u00f3sil para generar calor, electricidad o vapor o utilizados para llevar a cabo un proceso de la empresa. La maquinaria utilizada en obra se incluye dentro de este grupo.<\/li>\n\n\n\n<li><strong>Fugitivas.<\/strong> Procedentes del consumo de refrigerantes. Estas emisiones son despreciables comparadas con el resto de emisiones.<\/li>\n\n\n\n<li><strong>M\u00f3viles.<\/strong> Procedentes de la combusti\u00f3n de combustibles en veh\u00edculos y motos gestionados por la compa\u00f1\u00eda.<\/li>\n<\/ul>\n\n\n\n<h2 class=\"wp-block-heading\"><strong>305-1. Emisiones directas de GEI (alcance 1) (tCO<sub>2<\/sub> eq)<\/strong><\/h2>\n\n\n\n<figure class=\"wp-block-table\"><table><tbody><tr><td><strong>POR NEGOCIO<\/strong><\/td><td><strong>2020<\/strong> <strong>(a\u00f1o base)<\/strong><\/td><td><strong>2021<\/strong><\/td><td><strong>2022<\/strong><\/td><td><strong>2023<\/strong><\/td><td><strong>2024<\/strong><\/td><\/tr><tr><td><strong>Energ\u00eda<\/strong><\/td><td>13<\/td><td>1.214<\/td><td>3.576<\/td><td>3.091<\/td><td>3.217<\/td><\/tr><tr><td><strong>Infraestructuras<\/strong><\/td><td>2.586<\/td><td>2.353<\/td><td>2.918<\/td><td>3.765<\/td><td>3.726<\/td><\/tr><tr><td><strong>Construcci\u00f3n<\/strong><\/td><td>231.981<\/td><td>208.012<\/td><td>180.908<\/td><td>212.531<\/td><td>216.653<\/td><\/tr><tr><td><strong>Aeropuertos<\/strong><\/td><td>1.296<\/td><td>1.296<\/td><td>1.296<\/td><td>1.014<\/td><td>917<\/td><\/tr><tr><td><strong>Corporaci\u00f3n<\/strong><\/td><td>151<\/td><td>166<\/td><td>54<\/td><td>154<\/td><td>159<\/td><\/tr><tr><td><strong>Waste Management<\/strong><\/td><td>239.387<\/td><td>225.824<\/td><td>232.062<\/td><td>102.599<\/td><td>82.211<\/td><\/tr><tr><td><strong>TOTAL<\/strong><\/td><td><strong><strong>475.415<\/strong><\/strong><\/td><td><strong><strong>438.864<\/strong><\/strong><\/td><td><strong><strong>420.812<\/strong><\/strong><\/td><td><strong><strong>323.154<\/strong><\/strong><\/td><td><strong>306.884<\/strong><\/td><\/tr><\/tbody><\/table><\/figure>\n\n\n\n<p><\/p>\n\n\n\n<h2 class=\"wp-block-heading\">305-2. Emisiones indirectas de GEI al generar energ\u00eda (alcance 2) <strong>(tCO<sub>2<\/sub> eq)<\/strong><\/h2>\n\n\n\n<figure class=\"wp-block-table\"><table><tbody><tr><td><strong>POR NEGOCIO<\/strong><\/td><td><strong>2020<\/strong> <strong>(a\u00f1o base)<\/strong><\/td><td><strong>2021<\/strong><\/td><td><strong>2022<\/strong><\/td><td><strong>2023<\/strong><\/td><td><strong>2024<\/strong><\/td><\/tr><tr><td><strong>Energ\u00eda<\/strong><\/td><td>0<\/td><td>0<\/td><td>7<\/td><td>7<\/td><td>30<\/td><\/tr><tr><td><strong>Infraestructuras<\/strong><\/td><td>1.936<\/td><td>1.745<\/td><td>1.631<\/td><td>1.788<\/td><td>704<\/td><\/tr><tr><td><strong>Construcci\u00f3n<\/strong><\/td><td>37.048<\/td><td>28.041<\/td><td>30.258<\/td><td>17.245<\/td><td>22.077<\/td><\/tr><tr><td><strong>Aeropuertos<\/strong><\/td><td>7.624<\/td><td>7.624<\/td><td>7.624<\/td><td>7.695<\/td><td>5.049<\/td><\/tr><tr><td><strong>Corporaci\u00f3n<\/strong><\/td><td>365<\/td><td>373<\/td><td>319<\/td><td>0<\/td><td>0<\/td><\/tr><tr><td><strong>Waste management<\/strong><\/td><td>85<\/td><td>102<\/td><td>626<\/td><td>724<\/td><td>783<\/td><\/tr><tr><td><strong>TOTAL (market-based)<\/strong><\/td><td><strong>47.058<\/strong><\/td><td><strong>37.885<\/strong><\/td><td><strong>40.465<\/strong><\/td><td><strong>27.459<\/strong><\/td><td><strong>28.643<\/strong><\/td><\/tr><tr><td><strong>TOTAL (location-based)<\/strong><\/td><td><strong>75.974<\/strong><\/td><td><strong>75.730<\/strong><\/td><td><strong>62.895<\/strong><\/td><td><strong>64.706<\/strong><\/td><td><strong>68.654<\/strong><\/td><\/tr><\/tbody><\/table><\/figure>\n\n\n\n<p><\/p>\n<\/div><\/m-wysiwig>\n\n\n\n<p><\/p>\n","protected":false},"excerpt":{"rendered":"","protected":false},"featured_media":0,"parent":133204,"menu_order":0,"comment_status":"closed","ping_status":"closed","template":"","meta":{"_acf_changed":false,"footnotes":""},"class_list":["post-133081","page","type-page","status-publish","hentry"],"acf":[],"yoast_head":"<!-- This site is optimized with the Yoast SEO plugin v27.2 - https:\/\/yoast.com\/product\/yoast-seo-wordpress\/ -->\n<title>Emisiones GEI (Scope 1 y 2) - Ferrovial<\/title>\n<meta name=\"description\" content=\"Welcome to the Ferrovial&#039;s website, global operator of sustainable infrastructure. Here you can find all the information about the company and subsidiaries.\" \/>\n<meta name=\"robots\" content=\"index, follow, max-snippet:-1, max-image-preview:large, max-video-preview:-1\" \/>\n<link rel=\"canonical\" href=\"https:\/\/www.ferrovial.com\/es-la\/sostenibilidad\/medio-ambiente\/huella-carbono\/reduccion-emisiones\/gei-1-2\/\" \/>\n<meta property=\"og:locale\" content=\"es_ES\" \/>\n<meta property=\"og:type\" content=\"article\" \/>\n<meta property=\"og:title\" content=\"Emisiones GEI (Scope 1 y 2) - Ferrovial\" \/>\n<meta property=\"og:description\" content=\"Welcome to the Ferrovial&#039;s website, global operator of sustainable infrastructure. Here you can find all the information about the company and subsidiaries.\" \/>\n<meta property=\"og:url\" content=\"https:\/\/www.ferrovial.com\/es-la\/sostenibilidad\/medio-ambiente\/huella-carbono\/reduccion-emisiones\/gei-1-2\/\" \/>\n<meta property=\"og:site_name\" content=\"Ferrovial\" \/>\n<meta property=\"article:publisher\" content=\"https:\/\/www.facebook.com\/ferrovial\" \/>\n<meta property=\"article:modified_time\" content=\"2025-07-02T09:28:12+00:00\" \/>\n<meta name=\"twitter:card\" content=\"summary_large_image\" \/>\n<meta name=\"twitter:site\" content=\"@ferrovial\" \/>\n<meta name=\"twitter:label1\" content=\"Est. reading time\" \/>\n\t<meta name=\"twitter:data1\" content=\"2 minutes\" \/>\n<!-- \/ Yoast SEO plugin. -->","yoast_head_json":{"title":"Emisiones GEI (Scope 1 y 2) - Ferrovial","description":"Welcome to the Ferrovial's website, global operator of sustainable infrastructure. Here you can find all the information about the company and subsidiaries.","robots":{"index":"index","follow":"follow","max-snippet":"max-snippet:-1","max-image-preview":"max-image-preview:large","max-video-preview":"max-video-preview:-1"},"canonical":"https:\/\/www.ferrovial.com\/es-la\/sostenibilidad\/medio-ambiente\/huella-carbono\/reduccion-emisiones\/gei-1-2\/","og_locale":"es_ES","og_type":"article","og_title":"Emisiones GEI (Scope 1 y 2) - Ferrovial","og_description":"Welcome to the Ferrovial's website, global operator of sustainable infrastructure. Here you can find all the information about the company and subsidiaries.","og_url":"https:\/\/www.ferrovial.com\/es-la\/sostenibilidad\/medio-ambiente\/huella-carbono\/reduccion-emisiones\/gei-1-2\/","og_site_name":"Ferrovial","article_publisher":"https:\/\/www.facebook.com\/ferrovial","article_modified_time":"2025-07-02T09:28:12+00:00","twitter_card":"summary_large_image","twitter_site":"@ferrovial","twitter_misc":{"Est. reading time":"2 minutes"},"schema":{"@context":"https:\/\/schema.org","@graph":[{"@type":"WebPage","@id":"https:\/\/www.ferrovial.com\/es-la\/sostenibilidad\/medio-ambiente\/huella-carbono\/reduccion-emisiones\/gei-1-2\/","url":"https:\/\/www.ferrovial.com\/es-la\/sostenibilidad\/medio-ambiente\/huella-carbono\/reduccion-emisiones\/gei-1-2\/","name":"Emisiones GEI (Scope 1 y 2) - Ferrovial","isPartOf":{"@id":"https:\/\/www.ferrovial.com\/es-la\/#website"},"datePublished":"2019-09-13T10:12:54+00:00","dateModified":"2025-07-02T09:28:12+00:00","description":"Welcome to the Ferrovial's website, global operator of sustainable infrastructure. Here you can find all the information about the company and subsidiaries.","breadcrumb":{"@id":"https:\/\/www.ferrovial.com\/es-la\/sostenibilidad\/medio-ambiente\/huella-carbono\/reduccion-emisiones\/gei-1-2\/#breadcrumb"},"inLanguage":"es-419","potentialAction":[{"@type":"ReadAction","target":["https:\/\/www.ferrovial.com\/es-la\/sostenibilidad\/medio-ambiente\/huella-carbono\/reduccion-emisiones\/gei-1-2\/"]}]},{"@type":"BreadcrumbList","@id":"https:\/\/www.ferrovial.com\/es-la\/sostenibilidad\/medio-ambiente\/huella-carbono\/reduccion-emisiones\/gei-1-2\/#breadcrumb","itemListElement":[{"@type":"ListItem","position":1,"name":"Portada","item":"https:\/\/www.ferrovial.com\/es-la\/"},{"@type":"ListItem","position":2,"name":"Sostenibilidad","item":"https:\/\/www.ferrovial.com\/es-la\/sostenibilidad\/"},{"@type":"ListItem","position":3,"name":"Medio Ambiente","item":"https:\/\/www.ferrovial.com\/es-la\/sostenibilidad\/medio-ambiente\/"},{"@type":"ListItem","position":4,"name":"Huella de carbono","item":"https:\/\/www.ferrovial.com\/es-la\/sostenibilidad\/medio-ambiente\/huella-carbono\/"},{"@type":"ListItem","position":5,"name":"Reducci\u00f3n de emisiones","item":"https:\/\/www.ferrovial.com\/es-la\/sostenibilidad\/medio-ambiente\/huella-carbono\/reduccion-emisiones\/"},{"@type":"ListItem","position":6,"name":"Emisiones GEI (Scope 1 y 2)"}]},{"@type":"WebSite","@id":"https:\/\/www.ferrovial.com\/es-la\/#website","url":"https:\/\/www.ferrovial.com\/es-la\/","name":"Ferrovial","description":"Welcome to the Ferrovial&#039;s website, global operator of sustainable infrastructure. Here you can find all the information about the company and subsidiaries.","publisher":{"@id":"https:\/\/www.ferrovial.com\/es-la\/#organization"},"potentialAction":[{"@type":"SearchAction","target":{"@type":"EntryPoint","urlTemplate":"https:\/\/www.ferrovial.com\/es-la\/?s={search_term_string}"},"query-input":{"@type":"PropertyValueSpecification","valueRequired":true,"valueName":"search_term_string"}}],"inLanguage":"es-419"},{"@type":"Organization","@id":"https:\/\/www.ferrovial.com\/es-la\/#organization","name":"Ferrovial S.A.","url":"https:\/\/www.ferrovial.com\/es-la\/","logo":{"@type":"ImageObject","inLanguage":"es-419","@id":"https:\/\/www.ferrovial.com\/es-la\/#\/schema\/logo\/image\/","url":"https:\/\/static.ferrovial.com\/wp-content\/uploads\/2020\/01\/13124948\/logo-ferrovial-cf7.png","contentUrl":"https:\/\/static.ferrovial.com\/wp-content\/uploads\/2020\/01\/13124948\/logo-ferrovial-cf7.png","width":144,"height":32,"caption":"Ferrovial S.A."},"image":{"@id":"https:\/\/www.ferrovial.com\/es-la\/#\/schema\/logo\/image\/"},"sameAs":["https:\/\/www.facebook.com\/ferrovial","https:\/\/x.com\/ferrovial","https:\/\/www.instagram.com\/ferrovial\/","https:\/\/www.linkedin.com\/company\/ferrovial","https:\/\/www.pinterest.es\/ferrovial\/","https:\/\/www.youtube.com\/ferrovial","https:\/\/en.wikipedia.org\/wiki\/Ferrovial"]}]}},"_links":{"self":[{"href":"https:\/\/www.ferrovial.com\/es-la\/wp-json\/wp\/v2\/pages\/133081","targetHints":{"allow":["GET"]}}],"collection":[{"href":"https:\/\/www.ferrovial.com\/es-la\/wp-json\/wp\/v2\/pages"}],"about":[{"href":"https:\/\/www.ferrovial.com\/es-la\/wp-json\/wp\/v2\/types\/page"}],"replies":[{"embeddable":true,"href":"https:\/\/www.ferrovial.com\/es-la\/wp-json\/wp\/v2\/comments?post=133081"}],"version-history":[{"count":3,"href":"https:\/\/www.ferrovial.com\/es-la\/wp-json\/wp\/v2\/pages\/133081\/revisions"}],"predecessor-version":[{"id":308637,"href":"https:\/\/www.ferrovial.com\/es-la\/wp-json\/wp\/v2\/pages\/133081\/revisions\/308637"}],"up":[{"embeddable":true,"href":"https:\/\/www.ferrovial.com\/es-la\/wp-json\/wp\/v2\/pages\/133204"}],"wp:attachment":[{"href":"https:\/\/www.ferrovial.com\/es-la\/wp-json\/wp\/v2\/media?parent=133081"}],"curies":[{"name":"wp","href":"https:\/\/api.w.org\/{rel}","templated":true}]}}