{"id":133127,"date":"2019-09-06T09:25:03","date_gmt":"2019-09-06T07:25:03","guid":{"rendered":"https:\/\/www.ferrovial.com\/empleo\/ofertas\/ventas\/"},"modified":"2021-01-18T14:40:02","modified_gmt":"2021-01-18T13:40:02","slug":"ventas","status":"publish","type":"page","link":"https:\/\/www.ferrovial.com\/es-la\/empleo\/ofertas\/ventas\/","title":{"rendered":"Ventas"},"content":{"rendered":"    <m-final-content-header >\n            <c-breadcrumb label-text=\"Breadcrumb\" slot=\"breadcrumbs\" type='2' align='left' wrap='wrapped wrapped' aria-label='Vienes de Ofertas de empleo'>\n                        <ol>\n\n                                                            <li><a href=\"https:\/\/www.ferrovial.com\/es-la\/\" title=\"Ferrovial\">Ferrovial<\/a><\/li>\n                                                                        <li><a href=\"https:\/\/www.ferrovial.com\/es-la\/empleo\/\" title=\"Empleo\">Empleo<\/a><\/li>\n                                                                        <li><a href=\"https:\/\/www.ferrovial.com\/es-la\/empleo\/ofertas\/\" title=\"Ofertas de empleo\">Ofertas de empleo<\/a><\/li>\n                                    \n                <\/ol>\n\n                <\/c-breadcrumb>\n    \n        <div slot=\"header\">\n            <h1>\n                Ventas            <\/h1>\n                    <\/div>\n    <\/m-final-content-header>\n\n    \n\n\n\n\n<m-wysiwig class=\"wp-block-components-wysiwyg\"><div slot=\"maincontent\">\n<h2 class=\"wp-block-heading\">Caracter\u00edsticas de los empleos de&nbsp;<em>ventas <\/em>en Ferrovial<\/h2>\n\n\n\n<h3 class=\"wp-block-heading\">Descripci\u00f3n<\/h3>\n\n\n\n<p>El responsable de ventas de una compa\u00f1\u00eda debe encargarse de la creaci\u00f3n, supervisi\u00f3n y ejecuci\u00f3n de una estrategia comercial, y del equipo que la ejecuta, s\u00f3lida y con buenos resultados en un determinado periodo de tiempo.<\/p>\n\n\n\n<h3 class=\"wp-block-heading\">Actividades laborales<\/h3>\n\n\n\n<ul class=\"wp-block-list\"><li>Marca los objetivos de ventas a lograr gracias a la estrategia comercial.<\/li><li>Creaci\u00f3n de la estrategia comercial o plan de ventas que seguir\u00e1 la compa\u00f1\u00eda.<\/li><li>Se encarga de reclutar, contratar y formar a las personas que formar\u00e1n parte del equipo de ventas o comercial.<\/li><li>Define los objetivos tanto individuales como del equipo y asesora a los componentes del equipo de ventas.<\/li><li>Realizar pruebas y ensayos para mejorar los procedimientos.<\/li><li>Analiza de forma constante los n\u00fameros de la compa\u00f1\u00eda y los datos de la labor del equipo para alcanzar el objetivo marcado por la estrategia de venta.<\/li><li>Observar, de forma permanente, la formaci\u00f3n que hay en la organizaci\u00f3n de las personas encargadas de ventas para que todas contin\u00faen con el procedimiento marcado y la misma estrategia.<\/li><li>Supervisi\u00f3n y participaci\u00f3n de las operaciones significativas.<\/li><li>Tomar decisiones con visi\u00f3n de futuro.<\/li><li>Reportar resultados y mantener al d\u00eda al equipo directivo.<\/li><\/ul>\n\n\n\n<h3 class=\"wp-block-heading\">Perfil profesional<\/h3>\n\n\n\n<p>Asumir este rol dentro de una compa\u00f1\u00eda implica que la persona que lo ocupe sea:<\/p>\n\n\n\n<ul class=\"wp-block-list\"><li>Capaz de asumir un papel de liderazgo dentro del equipo.<\/li><li>Tener un car\u00e1cter \u00edntegro, colaborativo, de compa\u00f1erismo.<\/li><li>Ser capaz de sacar lo mejor de las personas y ser una persona motivadora, optimista y constructiva.<\/li><li>Ser capaz de tomar decisiones r\u00e1pidas, dr\u00e1sticas, por tanto, una persona con confianza en ella misma.<\/li><li>Tiene que ser responsable pues supervisar\u00e1 las ventas y los procesos de comercializaci\u00f3n de los servicios de la compa\u00f1\u00eda.<\/li><li>Para ello es necesario que controle herramientas tecnol\u00f3gicas que impliquen la gesti\u00f3n, organizaci\u00f3n y supervisi\u00f3n de los datos: control de CRM.<\/li><li>Organizada, met\u00f3dica y responsable.<\/li><li>Con destreza para la organizaci\u00f3n y resoluci\u00f3n de tareas.<\/li><li>Ha de ser una persona con buenas capacidades de comunicaci\u00f3n puesto que tendr\u00e1 que estar en conversaciones constantes con diferentes \u00e1reas tanto internas como externas a la compa\u00f1\u00eda (equipo directivo, equipo comercial, clientes, etc.)<\/li><\/ul>\n\n\n\n<h3 class=\"wp-block-heading\">Titulaciones oficiales<\/h3>\n\n\n\n<ul class=\"wp-block-list\"><li>FP de grado medio de Gesti\u00f3n Administrativa.<\/li><li>Titulaci\u00f3n de Administraci\u00f3n o Direcci\u00f3n de empresas (Grados, MBA, etc.)<\/li><li>T\u00e9cnico superior en Administraci\u00f3n y Finanzas.<\/li><li>Direcci\u00f3n comercial y marketing.<\/li><li>Gesti\u00f3n y marketing empresarial.<\/li><li>Grado en marketing.<\/li><li>Gesti\u00f3n de ventas y espacios comerciales.<\/li><li>Conocimientos avanzados de aplicaciones inform\u00e1ticas y de contabilidad: Office (Excel, Power Point, Word, etc.), conocimiento de software de ERP y CRM. &nbsp;<\/li><li>Habilidades comunicativas en varios idiomas.<\/li><\/ul>\n<\/div><\/m-wysiwig>\n\n\n\n    <m-link-list>\n                    <h3 slot=\"maintitle\">\n                Ofertas de empleo en el resto de \u00e1reas funcionales            <\/h3>\n                    <p slot=\"text\">Descripci\u00f3n por defecto<\/p>\n                    <ul slot=\"links\">\n                                    <li>\n                        <c-link external='false' icon='arrow'>\n                            <a href=\"\" title=\"Administraci\u00f3n\">\n                                Administraci\u00f3n                            <\/a>\n                        <\/c-link>\n                    <\/li>\n                                    <li>\n                        <c-link external='false' icon='arrow'>\n                            <a href=\"\" title=\"Aprovisionamiento\">\n                                Aprovisionamiento                            <\/a>\n                        <\/c-link>\n                    <\/li>\n                                    <li>\n                        <c-link external='false' icon='arrow'>\n                            <a href=\"\" title=\"Calidad\">\n                                Calidad                            <\/a>\n                        <\/c-link>\n                    <\/li>\n                                    <li>\n                        <c-link external='false' icon='arrow'>\n                            <a href=\"\" title=\"Compras\">\n                                Compras                            <\/a>\n                        <\/c-link>\n                    <\/li>\n                                    <li>\n                        <c-link external='false' icon='arrow'>\n                            <a href=\"\" title=\"Consultor\u00eda\">\n                                Consultor\u00eda                            <\/a>\n                        <\/c-link>\n                    <\/li>\n                                    <li>\n                        <c-link external='false' icon='arrow'>\n                            <a href=\"\" title=\"Contabilidad \/ Auditor\u00eda\">\n                                Contabilidad \/ Auditor\u00eda                            <\/a>\n                        <\/c-link>\n                    <\/li>\n                                    <li>\n                        <c-link external='false' icon='arrow'>\n                            <a href=\"\" title=\"Control de proyecto \/ Gesti\u00f3n de costes\">\n                                Control de proyecto \/ Gesti\u00f3n de costes                            <\/a>\n                        <\/c-link>\n                    <\/li>\n                                    <li>\n                        <c-link external='false' icon='arrow'>\n                            <a href=\"\" title=\"Gesti\u00f3n\">\n                                Gesti\u00f3n                            <\/a>\n                        <\/c-link>\n                    <\/li>\n                                    <li>\n                        <c-link external='false' icon='arrow'>\n                            <a href=\"\" title=\"Gesti\u00f3n de proyectos\">\n                                Gesti\u00f3n de proyectos                            <\/a>\n                        <\/c-link>\n                    <\/li>\n                                    <li>\n                        <c-link external='false' icon='arrow'>\n                            <a href=\"\" title=\"Desarrollo de negocio\">\n                                Desarrollo de negocio                            <\/a>\n                        <\/c-link>\n                    <\/li>\n                                    <li>\n                        <c-link external='false' icon='arrow'>\n                            <a href=\"\" title=\"Dise\u00f1o\">\n                                Dise\u00f1o                            <\/a>\n                        <\/c-link>\n                    <\/li>\n                                    <li>\n                        <c-link external='false' icon='arrow'>\n                            <a href=\"\" title=\"Finanzas\">\n                                Finanzas                            <\/a>\n                        <\/c-link>\n                    <\/li>\n                                    <li>\n                        <c-link external='false' icon='arrow'>\n                            <a href=\"\" title=\"Ingenier\u00eda\">\n                                Ingenier\u00eda                            <\/a>\n                        <\/c-link>\n                    <\/li>\n                                    <li>\n                        <c-link external='false' icon='arrow'>\n                            <a href=\"\" title=\"Innovaci\u00f3n\">\n                                Innovaci\u00f3n                            <\/a>\n                        <\/c-link>\n                    <\/li>\n                                    <li>\n                        <c-link external='false' icon='arrow'>\n                            <a href=\"\" title=\"Legal\">\n                                Legal                            <\/a>\n                        <\/c-link>\n                    <\/li>\n                                    <li>\n                        <c-link external='false' icon='arrow'>\n                            <a href=\"\" title=\"Log\u00edstica\">\n                                Log\u00edstica                            <\/a>\n                        <\/c-link>\n                    <\/li>\n                                    <li>\n                        <c-link external='false' icon='arrow'>\n                            <a href=\"\" title=\"Marketing y Comunicaci\u00f3n\">\n                                Marketing y Comunicaci\u00f3n                            <\/a>\n                        <\/c-link>\n                    <\/li>\n                                    <li>\n                        <c-link external='false' icon='arrow'>\n                            <a href=\"\" title=\"Medio ambiente\">\n                                Medio ambiente                            <\/a>\n                        <\/c-link>\n                    <\/li>\n                                    <li>\n                        <c-link external='false' icon='arrow'>\n                            <a href=\"\" title=\"Operaciones \/ Producci\u00f3n\">\n                                Operaciones \/ Producci\u00f3n                            <\/a>\n                        <\/c-link>\n                    <\/li>\n                                    <li>\n                        <c-link external='false' icon='arrow'>\n                            <a href=\"\" title=\"Recursos Humanos\">\n                                Recursos Humanos                            <\/a>\n                        <\/c-link>\n                    <\/li>\n                                    <li>\n                        <c-link external='false' icon='arrow'>\n                            <a href=\"\" title=\"Seguridad y Salud\">\n                                Seguridad y Salud                            <\/a>\n                        <\/c-link>\n                    <\/li>\n                                    <li>\n                        <c-link external='false' icon='arrow'>\n                            <a href=\"\" title=\"Sistemas inform\u00e1ticos\">\n                                Sistemas inform\u00e1ticos                            <\/a>\n                        <\/c-link>\n                    <\/li>\n                                    <li>\n                        <c-link external='false' icon='arrow'>\n                            <a href=\"\" title=\"Skilled Trade \/Field\">\n                                Skilled Trade \/Field                            <\/a>\n                        <\/c-link>\n                    <\/li>\n                            <\/ul>\n            <\/m-link-list>\n    ","protected":false},"excerpt":{"rendered":"","protected":false},"featured_media":0,"parent":131483,"menu_order":0,"comment_status":"closed","ping_status":"closed","template":"","meta":{"_acf_changed":false,"footnotes":""},"class_list":["post-133127","page","type-page","status-publish","hentry"],"acf":[],"yoast_head":"<!-- This site is optimized with the Yoast SEO plugin v27.2 - https:\/\/yoast.com\/product\/yoast-seo-wordpress\/ -->\n<title>Trabajos en Ventas en Chile, Colombia, Per\u00fa... - Ferrovial<\/title>\n<meta name=\"description\" content=\"Ecuentra trabajo en Ventas en el extranjero en una multinacional l\u00edder en su sector. Tenemos presencia en en EEUU, UK, Espa\u00f1a, Australia, Canad\u00e1, Chile, Portugal ...\" \/>\n<meta name=\"robots\" content=\"index, follow, max-snippet:-1, max-image-preview:large, max-video-preview:-1\" \/>\n<link rel=\"canonical\" href=\"https:\/\/www.ferrovial.com\/es-la\/empleo\/ofertas\/ventas\/\" \/>\n<meta property=\"og:locale\" content=\"es_ES\" \/>\n<meta property=\"og:type\" content=\"article\" \/>\n<meta property=\"og:title\" content=\"Trabajos en Ventas en Chile, Colombia, Per\u00fa... - Ferrovial\" \/>\n<meta property=\"og:description\" content=\"Ecuentra trabajo en Ventas en el extranjero en una multinacional l\u00edder en su sector. Tenemos presencia en en EEUU, UK, Espa\u00f1a, Australia, Canad\u00e1, Chile, Portugal ...\" \/>\n<meta property=\"og:url\" content=\"https:\/\/www.ferrovial.com\/es-la\/empleo\/ofertas\/ventas\/\" \/>\n<meta property=\"og:site_name\" content=\"Ferrovial\" \/>\n<meta property=\"article:publisher\" content=\"https:\/\/www.facebook.com\/ferrovial\" \/>\n<meta property=\"article:modified_time\" content=\"2021-01-18T13:40:02+00:00\" \/>\n<meta name=\"twitter:card\" content=\"summary_large_image\" \/>\n<meta name=\"twitter:site\" content=\"@ferrovial\" \/>\n<meta name=\"twitter:label1\" content=\"Est. reading time\" \/>\n\t<meta name=\"twitter:data1\" content=\"2 minutes\" \/>\n<!-- \/ Yoast SEO plugin. -->","yoast_head_json":{"title":"Trabajos en Ventas en Chile, Colombia, Per\u00fa... - Ferrovial","description":"Ecuentra trabajo en Ventas en el extranjero en una multinacional l\u00edder en su sector. Tenemos presencia en en EEUU, UK, Espa\u00f1a, Australia, Canad\u00e1, Chile, Portugal ...","robots":{"index":"index","follow":"follow","max-snippet":"max-snippet:-1","max-image-preview":"max-image-preview:large","max-video-preview":"max-video-preview:-1"},"canonical":"https:\/\/www.ferrovial.com\/es-la\/empleo\/ofertas\/ventas\/","og_locale":"es_ES","og_type":"article","og_title":"Trabajos en Ventas en Chile, Colombia, Per\u00fa... - Ferrovial","og_description":"Ecuentra trabajo en Ventas en el extranjero en una multinacional l\u00edder en su sector. Tenemos presencia en en EEUU, UK, Espa\u00f1a, Australia, Canad\u00e1, Chile, Portugal ...","og_url":"https:\/\/www.ferrovial.com\/es-la\/empleo\/ofertas\/ventas\/","og_site_name":"Ferrovial","article_publisher":"https:\/\/www.facebook.com\/ferrovial","article_modified_time":"2021-01-18T13:40:02+00:00","twitter_card":"summary_large_image","twitter_site":"@ferrovial","twitter_misc":{"Est. reading time":"2 minutes"},"schema":{"@context":"https:\/\/schema.org","@graph":[{"@type":"WebPage","@id":"https:\/\/www.ferrovial.com\/es-la\/empleo\/ofertas\/ventas\/","url":"https:\/\/www.ferrovial.com\/es-la\/empleo\/ofertas\/ventas\/","name":"Trabajos en Ventas en Chile, Colombia, Per\u00fa... - Ferrovial","isPartOf":{"@id":"https:\/\/www.ferrovial.com\/es-la\/#website"},"datePublished":"2019-09-06T07:25:03+00:00","dateModified":"2021-01-18T13:40:02+00:00","description":"Ecuentra trabajo en Ventas en el extranjero en una multinacional l\u00edder en su sector. Tenemos presencia en en EEUU, UK, Espa\u00f1a, Australia, Canad\u00e1, Chile, Portugal ...","breadcrumb":{"@id":"https:\/\/www.ferrovial.com\/es-la\/empleo\/ofertas\/ventas\/#breadcrumb"},"inLanguage":"es-419","potentialAction":[{"@type":"ReadAction","target":["https:\/\/www.ferrovial.com\/es-la\/empleo\/ofertas\/ventas\/"]}]},{"@type":"BreadcrumbList","@id":"https:\/\/www.ferrovial.com\/es-la\/empleo\/ofertas\/ventas\/#breadcrumb","itemListElement":[{"@type":"ListItem","position":1,"name":"Portada","item":"https:\/\/www.ferrovial.com\/es-la\/"},{"@type":"ListItem","position":2,"name":"Empleo","item":"https:\/\/www.ferrovial.com\/es-la\/empleo\/"},{"@type":"ListItem","position":3,"name":"Ofertas de empleo","item":"https:\/\/www.ferrovial.com\/es-la\/empleo\/ofertas\/"},{"@type":"ListItem","position":4,"name":"Ventas"}]},{"@type":"WebSite","@id":"https:\/\/www.ferrovial.com\/es-la\/#website","url":"https:\/\/www.ferrovial.com\/es-la\/","name":"Ferrovial","description":"Welcome to the Ferrovial&#039;s website, global operator of sustainable infrastructure. Here you can find all the information about the company and subsidiaries.","publisher":{"@id":"https:\/\/www.ferrovial.com\/es-la\/#organization"},"potentialAction":[{"@type":"SearchAction","target":{"@type":"EntryPoint","urlTemplate":"https:\/\/www.ferrovial.com\/es-la\/?s={search_term_string}"},"query-input":{"@type":"PropertyValueSpecification","valueRequired":true,"valueName":"search_term_string"}}],"inLanguage":"es-419"},{"@type":"Organization","@id":"https:\/\/www.ferrovial.com\/es-la\/#organization","name":"Ferrovial S.A.","url":"https:\/\/www.ferrovial.com\/es-la\/","logo":{"@type":"ImageObject","inLanguage":"es-419","@id":"https:\/\/www.ferrovial.com\/es-la\/#\/schema\/logo\/image\/","url":"https:\/\/static.ferrovial.com\/wp-content\/uploads\/2020\/01\/13124948\/logo-ferrovial-cf7.png","contentUrl":"https:\/\/static.ferrovial.com\/wp-content\/uploads\/2020\/01\/13124948\/logo-ferrovial-cf7.png","width":144,"height":32,"caption":"Ferrovial S.A."},"image":{"@id":"https:\/\/www.ferrovial.com\/es-la\/#\/schema\/logo\/image\/"},"sameAs":["https:\/\/www.facebook.com\/ferrovial","https:\/\/x.com\/ferrovial","https:\/\/www.instagram.com\/ferrovial\/","https:\/\/www.linkedin.com\/company\/ferrovial","https:\/\/www.pinterest.es\/ferrovial\/","https:\/\/www.youtube.com\/ferrovial","https:\/\/en.wikipedia.org\/wiki\/Ferrovial"]}]}},"_links":{"self":[{"href":"https:\/\/www.ferrovial.com\/es-la\/wp-json\/wp\/v2\/pages\/133127","targetHints":{"allow":["GET"]}}],"collection":[{"href":"https:\/\/www.ferrovial.com\/es-la\/wp-json\/wp\/v2\/pages"}],"about":[{"href":"https:\/\/www.ferrovial.com\/es-la\/wp-json\/wp\/v2\/types\/page"}],"replies":[{"embeddable":true,"href":"https:\/\/www.ferrovial.com\/es-la\/wp-json\/wp\/v2\/comments?post=133127"}],"version-history":[{"count":3,"href":"https:\/\/www.ferrovial.com\/es-la\/wp-json\/wp\/v2\/pages\/133127\/revisions"}],"predecessor-version":[{"id":184810,"href":"https:\/\/www.ferrovial.com\/es-la\/wp-json\/wp\/v2\/pages\/133127\/revisions\/184810"}],"up":[{"embeddable":true,"href":"https:\/\/www.ferrovial.com\/es-la\/wp-json\/wp\/v2\/pages\/131483"}],"wp:attachment":[{"href":"https:\/\/www.ferrovial.com\/es-la\/wp-json\/wp\/v2\/media?parent=133127"}],"curies":[{"name":"wp","href":"https:\/\/api.w.org\/{rel}","templated":true}]}}