{"id":133147,"date":"2019-09-05T17:22:39","date_gmt":"2019-09-05T15:22:39","guid":{"rendered":"https:\/\/www.ferrovial.com\/empleo\/ofertas\/compras\/"},"modified":"2021-01-18T13:54:55","modified_gmt":"2021-01-18T12:54:55","slug":"compras","status":"publish","type":"page","link":"https:\/\/www.ferrovial.com\/es-la\/empleo\/ofertas\/compras\/","title":{"rendered":"Compras"},"content":{"rendered":"    <m-final-content-header >\n            <c-breadcrumb label-text=\"Breadcrumb\" slot=\"breadcrumbs\" type='2' align='left' wrap='wrapped wrapped' aria-label='Vienes de Ofertas de empleo'>\n                        <ol>\n\n                                                            <li><a href=\"https:\/\/www.ferrovial.com\/es-la\/\" title=\"Ferrovial\">Ferrovial<\/a><\/li>\n                                                                        <li><a href=\"https:\/\/www.ferrovial.com\/es-la\/empleo\/\" title=\"Empleo\">Empleo<\/a><\/li>\n                                                                        <li><a href=\"https:\/\/www.ferrovial.com\/es-la\/empleo\/ofertas\/\" title=\"Ofertas de empleo\">Ofertas de empleo<\/a><\/li>\n                                    \n                <\/ol>\n\n                <\/c-breadcrumb>\n    \n        <div slot=\"header\">\n            <h1>\n                Compras            <\/h1>\n                    <\/div>\n    <\/m-final-content-header>\n\n    \n\n\n\n\n<m-wysiwig class=\"wp-block-components-wysiwyg\"><div slot=\"maincontent\">\n<h2 class=\"wp-block-heading\">Caracter\u00edsticas de los empleos de&nbsp;<em>compras<\/em>&nbsp;en Ferrovial<\/h2>\n\n\n\n<h3 class=\"wp-block-heading\">Descripci\u00f3n:<\/h3>\n\n\n\n<p>La persona responsable de compras es la encargada de adquirir los materiales y de la gesti\u00f3n de los servicios indispensables que la empresa necesita para un desarrollo \u00f3ptimo de su actividad. La labor de esta persona y su departamento es fundamental puesto que la adquisici\u00f3n de los materiales o servicios necesarios, al proveedor correcto, por el coste adecuado y en el momento id\u00f3neo convertir\u00e1n en un \u00e9xito el desarrollo de la producci\u00f3n de la compa\u00f1\u00eda.<\/p>\n\n\n\n<h3 class=\"wp-block-heading\">Actividades laborales:<\/h3>\n\n\n\n<ul class=\"wp-block-list\"><li>Conocer a la perfecci\u00f3n los diferentes presupuestos elaborados por el departamento de Finanzas.<\/li><li>Conocer las necesidades de materiales o servicios de los departamentos involucrados en la producci\u00f3n de la empresa.<\/li><li>Estar perfectamente coordinados con el departamento de Aprovisionamiento para controlar los materiales en stock y el almacenaje.<\/li><li>Tambi\u00e9n ha de coordinarse con el departamento comercial para conocer las expectativas de venta.<\/li><li>An\u00e1lisis de las partidas de los diferentes proveedores para comprobar que se cumple lo acordado en la compra.<\/li><li>B\u00fasqueda activa de tendencias del mercado para contar con la capacidad de anticipaci\u00f3n ante las nuevas demandas, ofertas o mejoras.<\/li><li>B\u00fasqueda de estrategias e implementaci\u00f3n de soluciones para alcanzar la m\u00e1xima rentabilidad posible.<\/li><li>Desarrollar y construir relaciones con los proveedores para negociar contratos, ajustar precios, tiempos de entrega o est\u00e1ndares de calidad.<\/li><\/ul>\n\n\n\n<h3 class=\"wp-block-heading\">Perfil profesional<\/h3>\n\n\n\n<ul class=\"wp-block-list\"><li>Car\u00e1cter anal\u00edtico para extraer conclusiones de los datos.<\/li><li>Gran capacidad de gesti\u00f3n del tiempo y de organizaci\u00f3n.<\/li><li>Aptitudes de negociaci\u00f3n y autoconfianza. &nbsp;<\/li><li>Destreza con los n\u00fameros, cifras, datos, etc.<\/li><li>Competencia a la hora de priorizar tareas.<\/li><li>An\u00e1lisis permanente de las tendencias del mercado para la anticipaci\u00f3n.<\/li><li>Facilidad para trabajar en equipo.<\/li><li>Buena capacidad de comunicaci\u00f3n.<\/li><\/ul>\n\n\n\n<h3 class=\"wp-block-heading\">Titulaciones oficiales<\/h3>\n\n\n\n<ul class=\"wp-block-list\"><li>Comercio<\/li><li>Marketing<\/li><li>Ventas<\/li><li>Gesti\u00f3n comercial<\/li><li>Finanzas o contabilidad<\/li><li>Fundamental el manejo de programas de organizaci\u00f3n (Excel), SAP, etc.<\/li><li>Ingl\u00e9s avanzado<\/li><\/ul>\n<\/div><\/m-wysiwig>\n\n\n\n    <m-link-list>\n                    <h3 slot=\"maintitle\">\n                Ofertas de empleo en el resto de \u00e1reas funcionales            <\/h3>\n                    <p slot=\"text\">Descripci\u00f3n por defecto<\/p>\n                    <ul slot=\"links\">\n                                    <li>\n                        <c-link external='false' icon='arrow'>\n                            <a href=\"\" title=\"Administraci\u00f3n\">\n                                Administraci\u00f3n                            <\/a>\n                        <\/c-link>\n                    <\/li>\n                                    <li>\n                        <c-link external='false' icon='arrow'>\n                            <a href=\"\" title=\"Aprovisionamiento\">\n                                Aprovisionamiento                            <\/a>\n                        <\/c-link>\n                    <\/li>\n                                    <li>\n                        <c-link external='false' icon='arrow'>\n                            <a href=\"\" title=\"Calidad\">\n                                Calidad                            <\/a>\n                        <\/c-link>\n                    <\/li>\n                                    <li>\n                        <c-link external='false' icon='arrow'>\n                            <a href=\"\" title=\"Consultor\u00eda\">\n                                Consultor\u00eda                            <\/a>\n                        <\/c-link>\n                    <\/li>\n                                    <li>\n                        <c-link external='false' icon='arrow'>\n                            <a href=\"\" title=\"Contabilidad \/ Auditor\u00eda\">\n                                Contabilidad \/ Auditor\u00eda                            <\/a>\n                        <\/c-link>\n                    <\/li>\n                                    <li>\n                        <c-link external='false' icon='arrow'>\n                            <a href=\"\" title=\"Control de proyecto \/ Gesti\u00f3n de costes\">\n                                Control de proyecto \/ Gesti\u00f3n de costes                            <\/a>\n                        <\/c-link>\n                    <\/li>\n                                    <li>\n                        <c-link external='false' icon='arrow'>\n                            <a href=\"\" title=\"Gesti\u00f3n\">\n                                Gesti\u00f3n                            <\/a>\n                        <\/c-link>\n                    <\/li>\n                                    <li>\n                        <c-link external='false' icon='arrow'>\n                            <a href=\"\" title=\"Gesti\u00f3n de proyectos\">\n                                Gesti\u00f3n de proyectos                            <\/a>\n                        <\/c-link>\n                    <\/li>\n                                    <li>\n                        <c-link external='false' icon='arrow'>\n                            <a href=\"\" title=\"Desarrollo de negocio\">\n                                Desarrollo de negocio                            <\/a>\n                        <\/c-link>\n                    <\/li>\n                                    <li>\n                        <c-link external='false' icon='arrow'>\n                            <a href=\"\" title=\"Dise\u00f1o\">\n                                Dise\u00f1o                            <\/a>\n                        <\/c-link>\n                    <\/li>\n                                    <li>\n                        <c-link external='false' icon='arrow'>\n                            <a href=\"\" title=\"Finanzas\">\n                                Finanzas                            <\/a>\n                        <\/c-link>\n                    <\/li>\n                                    <li>\n                        <c-link external='false' icon='arrow'>\n                            <a href=\"\" title=\"Ingenier\u00eda\">\n                                Ingenier\u00eda                            <\/a>\n                        <\/c-link>\n                    <\/li>\n                                    <li>\n                        <c-link external='false' icon='arrow'>\n                            <a href=\"\" title=\"Innovaci\u00f3n\">\n                                Innovaci\u00f3n                            <\/a>\n                        <\/c-link>\n                    <\/li>\n                                    <li>\n                        <c-link external='false' icon='arrow'>\n                            <a href=\"\" title=\"Legal\">\n                                Legal                            <\/a>\n                        <\/c-link>\n                    <\/li>\n                                    <li>\n                        <c-link external='false' icon='arrow'>\n                            <a href=\"\" title=\"Log\u00edstica\">\n                                Log\u00edstica                            <\/a>\n                        <\/c-link>\n                    <\/li>\n                                    <li>\n                        <c-link external='false' icon='arrow'>\n                            <a href=\"\" title=\"Marketing y Comunicaci\u00f3n\">\n                                Marketing y Comunicaci\u00f3n                            <\/a>\n                        <\/c-link>\n                    <\/li>\n                                    <li>\n                        <c-link external='false' icon='arrow'>\n                            <a href=\"\" title=\"Medio ambiente\">\n                                Medio ambiente                            <\/a>\n                        <\/c-link>\n                    <\/li>\n                                    <li>\n                        <c-link external='false' icon='arrow'>\n                            <a href=\"\" title=\"Operaciones \/ Producci\u00f3n\">\n                                Operaciones \/ Producci\u00f3n                            <\/a>\n                        <\/c-link>\n                    <\/li>\n                                    <li>\n                        <c-link external='false' icon='arrow'>\n                            <a href=\"\" title=\"Recursos Humanos\">\n                                Recursos Humanos                            <\/a>\n                        <\/c-link>\n                    <\/li>\n                                    <li>\n                        <c-link external='false' icon='arrow'>\n                            <a href=\"\" title=\"Seguridad y Salud\">\n                                Seguridad y Salud                            <\/a>\n                        <\/c-link>\n                    <\/li>\n                                    <li>\n                        <c-link external='false' icon='arrow'>\n                            <a href=\"\" title=\"Sistemas inform\u00e1ticos\">\n                                Sistemas inform\u00e1ticos                            <\/a>\n                        <\/c-link>\n                    <\/li>\n                                    <li>\n                        <c-link external='false' icon='arrow'>\n                            <a href=\"\" title=\"Skilled Trade \/Field\">\n                                Skilled Trade \/Field                            <\/a>\n                        <\/c-link>\n                    <\/li>\n                                    <li>\n                        <c-link external='false' icon='arrow'>\n                            <a href=\"\" title=\"Ventas\">\n                                Ventas                            <\/a>\n                        <\/c-link>\n                    <\/li>\n                            <\/ul>\n            <\/m-link-list>\n    ","protected":false},"excerpt":{"rendered":"","protected":false},"featured_media":0,"parent":131483,"menu_order":0,"comment_status":"closed","ping_status":"closed","template":"","meta":{"_acf_changed":false,"footnotes":""},"class_list":["post-133147","page","type-page","status-publish","hentry"],"acf":[],"yoast_head":"<!-- This site is optimized with the Yoast SEO plugin v27.2 - https:\/\/yoast.com\/product\/yoast-seo-wordpress\/ -->\n<title>Trabajos de Compras en Chile, Colombia, Per\u00fa... - Ferrovial<\/title>\n<meta name=\"description\" content=\"Ecuentra trabajo de Compras en el extranjero en una multinacional l\u00edder en su sector. Tenemos presencia en en EEUU, UK, Espa\u00f1a, Australia, Canad\u00e1, Chile, Portugal ...\" \/>\n<meta name=\"robots\" content=\"index, follow, max-snippet:-1, max-image-preview:large, max-video-preview:-1\" \/>\n<link rel=\"canonical\" href=\"https:\/\/www.ferrovial.com\/es-la\/empleo\/ofertas\/compras\/\" \/>\n<meta property=\"og:locale\" content=\"es_ES\" \/>\n<meta property=\"og:type\" content=\"article\" \/>\n<meta property=\"og:title\" content=\"Trabajos de Compras en Chile, Colombia, Per\u00fa... - Ferrovial\" \/>\n<meta property=\"og:description\" content=\"Ecuentra trabajo de Compras en el extranjero en una multinacional l\u00edder en su sector. Tenemos presencia en en EEUU, UK, Espa\u00f1a, Australia, Canad\u00e1, Chile, Portugal ...\" \/>\n<meta property=\"og:url\" content=\"https:\/\/www.ferrovial.com\/es-la\/empleo\/ofertas\/compras\/\" \/>\n<meta property=\"og:site_name\" content=\"Ferrovial\" \/>\n<meta property=\"article:publisher\" content=\"https:\/\/www.facebook.com\/ferrovial\" \/>\n<meta property=\"article:modified_time\" content=\"2021-01-18T12:54:55+00:00\" \/>\n<meta name=\"twitter:card\" content=\"summary_large_image\" \/>\n<meta name=\"twitter:site\" content=\"@ferrovial\" \/>\n<meta name=\"twitter:label1\" content=\"Est. reading time\" \/>\n\t<meta name=\"twitter:data1\" content=\"2 minutes\" \/>\n<!-- \/ Yoast SEO plugin. -->","yoast_head_json":{"title":"Trabajos de Compras en Chile, Colombia, Per\u00fa... - Ferrovial","description":"Ecuentra trabajo de Compras en el extranjero en una multinacional l\u00edder en su sector. Tenemos presencia en en EEUU, UK, Espa\u00f1a, Australia, Canad\u00e1, Chile, Portugal ...","robots":{"index":"index","follow":"follow","max-snippet":"max-snippet:-1","max-image-preview":"max-image-preview:large","max-video-preview":"max-video-preview:-1"},"canonical":"https:\/\/www.ferrovial.com\/es-la\/empleo\/ofertas\/compras\/","og_locale":"es_ES","og_type":"article","og_title":"Trabajos de Compras en Chile, Colombia, Per\u00fa... - Ferrovial","og_description":"Ecuentra trabajo de Compras en el extranjero en una multinacional l\u00edder en su sector. Tenemos presencia en en EEUU, UK, Espa\u00f1a, Australia, Canad\u00e1, Chile, Portugal ...","og_url":"https:\/\/www.ferrovial.com\/es-la\/empleo\/ofertas\/compras\/","og_site_name":"Ferrovial","article_publisher":"https:\/\/www.facebook.com\/ferrovial","article_modified_time":"2021-01-18T12:54:55+00:00","twitter_card":"summary_large_image","twitter_site":"@ferrovial","twitter_misc":{"Est. reading time":"2 minutes"},"schema":{"@context":"https:\/\/schema.org","@graph":[{"@type":"WebPage","@id":"https:\/\/www.ferrovial.com\/es-la\/empleo\/ofertas\/compras\/","url":"https:\/\/www.ferrovial.com\/es-la\/empleo\/ofertas\/compras\/","name":"Trabajos de Compras en Chile, Colombia, Per\u00fa... - Ferrovial","isPartOf":{"@id":"https:\/\/www.ferrovial.com\/es-la\/#website"},"datePublished":"2019-09-05T15:22:39+00:00","dateModified":"2021-01-18T12:54:55+00:00","description":"Ecuentra trabajo de Compras en el extranjero en una multinacional l\u00edder en su sector. Tenemos presencia en en EEUU, UK, Espa\u00f1a, Australia, Canad\u00e1, Chile, Portugal ...","breadcrumb":{"@id":"https:\/\/www.ferrovial.com\/es-la\/empleo\/ofertas\/compras\/#breadcrumb"},"inLanguage":"es-419","potentialAction":[{"@type":"ReadAction","target":["https:\/\/www.ferrovial.com\/es-la\/empleo\/ofertas\/compras\/"]}]},{"@type":"BreadcrumbList","@id":"https:\/\/www.ferrovial.com\/es-la\/empleo\/ofertas\/compras\/#breadcrumb","itemListElement":[{"@type":"ListItem","position":1,"name":"Portada","item":"https:\/\/www.ferrovial.com\/es-la\/"},{"@type":"ListItem","position":2,"name":"Empleo","item":"https:\/\/www.ferrovial.com\/es-la\/empleo\/"},{"@type":"ListItem","position":3,"name":"Ofertas de empleo","item":"https:\/\/www.ferrovial.com\/es-la\/empleo\/ofertas\/"},{"@type":"ListItem","position":4,"name":"Compras"}]},{"@type":"WebSite","@id":"https:\/\/www.ferrovial.com\/es-la\/#website","url":"https:\/\/www.ferrovial.com\/es-la\/","name":"Ferrovial","description":"Welcome to the Ferrovial&#039;s website, global operator of sustainable infrastructure. Here you can find all the information about the company and subsidiaries.","publisher":{"@id":"https:\/\/www.ferrovial.com\/es-la\/#organization"},"potentialAction":[{"@type":"SearchAction","target":{"@type":"EntryPoint","urlTemplate":"https:\/\/www.ferrovial.com\/es-la\/?s={search_term_string}"},"query-input":{"@type":"PropertyValueSpecification","valueRequired":true,"valueName":"search_term_string"}}],"inLanguage":"es-419"},{"@type":"Organization","@id":"https:\/\/www.ferrovial.com\/es-la\/#organization","name":"Ferrovial S.A.","url":"https:\/\/www.ferrovial.com\/es-la\/","logo":{"@type":"ImageObject","inLanguage":"es-419","@id":"https:\/\/www.ferrovial.com\/es-la\/#\/schema\/logo\/image\/","url":"https:\/\/static.ferrovial.com\/wp-content\/uploads\/2020\/01\/13124948\/logo-ferrovial-cf7.png","contentUrl":"https:\/\/static.ferrovial.com\/wp-content\/uploads\/2020\/01\/13124948\/logo-ferrovial-cf7.png","width":144,"height":32,"caption":"Ferrovial S.A."},"image":{"@id":"https:\/\/www.ferrovial.com\/es-la\/#\/schema\/logo\/image\/"},"sameAs":["https:\/\/www.facebook.com\/ferrovial","https:\/\/x.com\/ferrovial","https:\/\/www.instagram.com\/ferrovial\/","https:\/\/www.linkedin.com\/company\/ferrovial","https:\/\/www.pinterest.es\/ferrovial\/","https:\/\/www.youtube.com\/ferrovial","https:\/\/en.wikipedia.org\/wiki\/Ferrovial"]}]}},"_links":{"self":[{"href":"https:\/\/www.ferrovial.com\/es-la\/wp-json\/wp\/v2\/pages\/133147","targetHints":{"allow":["GET"]}}],"collection":[{"href":"https:\/\/www.ferrovial.com\/es-la\/wp-json\/wp\/v2\/pages"}],"about":[{"href":"https:\/\/www.ferrovial.com\/es-la\/wp-json\/wp\/v2\/types\/page"}],"replies":[{"embeddable":true,"href":"https:\/\/www.ferrovial.com\/es-la\/wp-json\/wp\/v2\/comments?post=133147"}],"version-history":[{"count":3,"href":"https:\/\/www.ferrovial.com\/es-la\/wp-json\/wp\/v2\/pages\/133147\/revisions"}],"predecessor-version":[{"id":184772,"href":"https:\/\/www.ferrovial.com\/es-la\/wp-json\/wp\/v2\/pages\/133147\/revisions\/184772"}],"up":[{"embeddable":true,"href":"https:\/\/www.ferrovial.com\/es-la\/wp-json\/wp\/v2\/pages\/131483"}],"wp:attachment":[{"href":"https:\/\/www.ferrovial.com\/es-la\/wp-json\/wp\/v2\/media?parent=133147"}],"curies":[{"name":"wp","href":"https:\/\/api.w.org\/{rel}","templated":true}]}}