{"id":133148,"date":"2019-09-05T17:22:04","date_gmt":"2019-09-05T15:22:04","guid":{"rendered":"https:\/\/www.ferrovial.com\/empleo\/ofertas\/calidad\/"},"modified":"2021-01-18T11:44:20","modified_gmt":"2021-01-18T10:44:20","slug":"calidad","status":"publish","type":"page","link":"https:\/\/www.ferrovial.com\/es-la\/empleo\/ofertas\/calidad\/","title":{"rendered":"Calidad"},"content":{"rendered":"    <m-final-content-header >\n            <c-breadcrumb label-text=\"Breadcrumb\" slot=\"breadcrumbs\" type='2' align='left' wrap='wrapped wrapped' aria-label='Vienes de Ofertas de empleo'>\n                        <ol>\n\n                                                            <li><a href=\"https:\/\/www.ferrovial.com\/es-la\/\" title=\"Ferrovial\">Ferrovial<\/a><\/li>\n                                                                        <li><a href=\"https:\/\/www.ferrovial.com\/es-la\/empleo\/\" title=\"Empleo\">Empleo<\/a><\/li>\n                                                                        <li><a href=\"https:\/\/www.ferrovial.com\/es-la\/empleo\/ofertas\/\" title=\"Ofertas de empleo\">Ofertas de empleo<\/a><\/li>\n                                    \n                <\/ol>\n\n                <\/c-breadcrumb>\n    \n        <div slot=\"header\">\n            <h1>\n                Calidad            <\/h1>\n                    <\/div>\n    <\/m-final-content-header>\n\n    \n\n\n\n\n<m-wysiwig class=\"wp-block-components-wysiwyg\"><div slot=\"maincontent\">\n<h2 class=\"wp-block-heading\">Caracter\u00edsticas de los empleos de&nbsp;<em>Calidad<\/em>&nbsp;en Ferrovial<\/h2>\n\n\n\n<h3 class=\"wp-block-heading\">Descripci\u00f3n:<\/h3>\n\n\n\n<p>La persona responsable de la calidad de la compa\u00f1\u00eda es aquella que se encarga de que se implementen, desarrollen, cumplan y mantengan los procesos para el desarrollo \u00f3ptimo de la calidad de la empresa. La calidad es algo transversal a todos los departamentos. El objetivo de su labor es asegurar que los servicios que ofrece la empresa cumplan su finalidad, sean acordes y cumplan con las exigencias tanto externas como internas<\/p>\n\n\n\n<h3 class=\"wp-block-heading\">Actividades laborales:<\/h3>\n\n\n\n<ul class=\"wp-block-list\"><li>Es la persona encargada de definir, desarrollar e implementar aquellos procedimientos necesarios para que se cumplan las normas de calidad en toda la compa\u00f1\u00eda.<\/li><li>Debe tener comunicaci\u00f3n interdepartamental.<\/li><li>A de ser el punto de uni\u00f3n entre la directiva y los empleados para que el desempe\u00f1o de la actividad de la empresa se desarrolle seg\u00fan la normativa.<\/li><li>Ejercer el control del cumplimiento de calidad con los clientes.<\/li><li>Comprobar, con el departamento de compras, que los proveedores externos cumplen con los requisitos.<\/li><li>Establecer los est\u00e1ndares de calidad, salud y seguridad.<\/li><li>Estar al d\u00eda de las novedades acerca de las normativas y asegurarse de que se implementan de forma correcta en la compa\u00f1\u00eda.<\/li><li>Recopilaci\u00f3n de datos y estad\u00edsticas que le permitan asegurar que la empresa trabaja de la forma m\u00e1s eficaz y segura posible en todos sus procesos.<\/li><li>Proponer cambios y mejoras y su implementaci\u00f3n.<\/li><\/ul>\n\n\n\n<h3 class=\"wp-block-heading\">Perfil profesional<\/h3>\n\n\n\n<ul class=\"wp-block-list\"><li>Gran capacidad de an\u00e1lisis.<\/li><li>Persona resolutiva.<\/li><li>H\u00e1bil y segura para la toma de decisiones.<\/li><li>Interesada en la innovaci\u00f3n.<\/li><li>Capacidad de planificaci\u00f3n y organizaci\u00f3n.<\/li><li>Inter\u00e9s e implicaci\u00f3n en la investigaci\u00f3n de nuevas estrategias para la implementaci\u00f3n de nuevas soluciones.<\/li><li>Vocaci\u00f3n y orientaci\u00f3n al cliente puesto que en su puesto tendr\u00e1 que relacionarse con un gran n\u00famero de personas de muy variados perfiles. &nbsp;<\/li><\/ul>\n\n\n\n<h3 class=\"wp-block-heading\">Titulaciones oficiales<\/h3>\n\n\n\n<p>Se requiere contar con alguna titulaci\u00f3n de ciclos formativos de grado superior o estudios universitarios relacionados con la calidad.<\/p>\n\n\n\n<ul class=\"wp-block-list\"><li>Formaci\u00f3n de Experto en Gesti\u00f3n de la Calidad<\/li><li>Grado en Ingenier\u00eda de Tecnolog\u00edas Industriales<\/li><li>Grado en Ingenier\u00eda en Organizaci\u00f3n Industrial<\/li><li>Grado en Ingenier\u00eda Qu\u00edmica Industrial<\/li><li>Imprescindible tener conocimientos espec\u00edficos sobre normativas y est\u00e1ndares de control de calidad como las ISO, EFQM, IFS, BRC, IRIS, etc.<\/li><li>Se valorar\u00e1 estar en posesi\u00f3n de titulaciones de posgrado de control de calidad.<br><br><\/li><\/ul>\n<\/div><\/m-wysiwig>\n\n\n\n    <m-link-list>\n                    <h3 slot=\"maintitle\">\n                Ofertas de empleo en el resto de \u00e1reas funcionales            <\/h3>\n                    <p slot=\"text\">Descripci\u00f3n por defecto<\/p>\n                    <ul slot=\"links\">\n                                    <li>\n                        <c-link external='false' icon='arrow'>\n                            <a href=\"\" title=\"Administraci\u00f3n\">\n                                Administraci\u00f3n                            <\/a>\n                        <\/c-link>\n                    <\/li>\n                                    <li>\n                        <c-link external='false' icon='arrow'>\n                            <a href=\"\" title=\"Aprovisionamiento\">\n                                Aprovisionamiento                            <\/a>\n                        <\/c-link>\n                    <\/li>\n                                    <li>\n                        <c-link external='false' icon='arrow'>\n                            <a href=\"\" title=\"Compras\">\n                                Compras                            <\/a>\n                        <\/c-link>\n                    <\/li>\n                                    <li>\n                        <c-link external='false' icon='arrow'>\n                            <a href=\"\" title=\"Consultor\u00eda\">\n                                Consultor\u00eda                            <\/a>\n                        <\/c-link>\n                    <\/li>\n                                    <li>\n                        <c-link external='false' icon='arrow'>\n                            <a href=\"\" title=\"Contabilidad \/ Auditor\u00eda\">\n                                Contabilidad \/ Auditor\u00eda                            <\/a>\n                        <\/c-link>\n                    <\/li>\n                                    <li>\n                        <c-link external='false' icon='arrow'>\n                            <a href=\"\" title=\"Control de proyecto \/ Gesti\u00f3n de costes\">\n                                Control de proyecto \/ Gesti\u00f3n de costes                            <\/a>\n                        <\/c-link>\n                    <\/li>\n                                    <li>\n                        <c-link external='false' icon='arrow'>\n                            <a href=\"\" title=\"Gesti\u00f3n\">\n                                Gesti\u00f3n                            <\/a>\n                        <\/c-link>\n                    <\/li>\n                                    <li>\n                        <c-link external='false' icon='arrow'>\n                            <a href=\"\" title=\"Gesti\u00f3n de proyectos\">\n                                Gesti\u00f3n de proyectos                            <\/a>\n                        <\/c-link>\n                    <\/li>\n                                    <li>\n                        <c-link external='false' icon='arrow'>\n                            <a href=\"\" title=\"Desarrollo de negocio\">\n                                Desarrollo de negocio                            <\/a>\n                        <\/c-link>\n                    <\/li>\n                                    <li>\n                        <c-link external='false' icon='arrow'>\n                            <a href=\"\" title=\"Dise\u00f1o\">\n                                Dise\u00f1o                            <\/a>\n                        <\/c-link>\n                    <\/li>\n                                    <li>\n                        <c-link external='false' icon='arrow'>\n                            <a href=\"\" title=\"Finanzas\">\n                                Finanzas                            <\/a>\n                        <\/c-link>\n                    <\/li>\n                                    <li>\n                        <c-link external='false' icon='arrow'>\n                            <a href=\"\" title=\"Ingenier\u00eda\">\n                                Ingenier\u00eda                            <\/a>\n                        <\/c-link>\n                    <\/li>\n                                    <li>\n                        <c-link external='false' icon='arrow'>\n                            <a href=\"\" title=\"Innovaci\u00f3n\">\n                                Innovaci\u00f3n                            <\/a>\n                        <\/c-link>\n                    <\/li>\n                                    <li>\n                        <c-link external='false' icon='arrow'>\n                            <a href=\"\" title=\"Legal\">\n                                Legal                            <\/a>\n                        <\/c-link>\n                    <\/li>\n                                    <li>\n                        <c-link external='false' icon='arrow'>\n                            <a href=\"\" title=\"Log\u00edstica\">\n                                Log\u00edstica                            <\/a>\n                        <\/c-link>\n                    <\/li>\n                                    <li>\n                        <c-link external='false' icon='arrow'>\n                            <a href=\"\" title=\"Marketing y Comunicaci\u00f3n\">\n                                Marketing y Comunicaci\u00f3n                            <\/a>\n                        <\/c-link>\n                    <\/li>\n                                    <li>\n                        <c-link external='false' icon='arrow'>\n                            <a href=\"\" title=\"Medio ambiente\">\n                                Medio ambiente                            <\/a>\n                        <\/c-link>\n                    <\/li>\n                                    <li>\n                        <c-link external='false' icon='arrow'>\n                            <a href=\"\" title=\"Operaciones \/ Producci\u00f3n\">\n                                Operaciones \/ Producci\u00f3n                            <\/a>\n                        <\/c-link>\n                    <\/li>\n                                    <li>\n                        <c-link external='false' icon='arrow'>\n                            <a href=\"\" title=\"Recursos Humanos\">\n                                Recursos Humanos                            <\/a>\n                        <\/c-link>\n                    <\/li>\n                                    <li>\n                        <c-link external='false' icon='arrow'>\n                            <a href=\"\" title=\"Seguridad y Salud\">\n                                Seguridad y Salud                            <\/a>\n                        <\/c-link>\n                    <\/li>\n                                    <li>\n                        <c-link external='false' icon='arrow'>\n                            <a href=\"\" title=\"Sistemas inform\u00e1ticos\">\n                                Sistemas inform\u00e1ticos                            <\/a>\n                        <\/c-link>\n                    <\/li>\n                                    <li>\n                        <c-link external='false' icon='arrow'>\n                            <a href=\"\" title=\"Skilled Trade \/Field\">\n                                Skilled Trade \/Field                            <\/a>\n                        <\/c-link>\n                    <\/li>\n                                    <li>\n                        <c-link external='false' icon='arrow'>\n                            <a href=\"\" title=\"Ventas\">\n                                Ventas                            <\/a>\n                        <\/c-link>\n                    <\/li>\n                            <\/ul>\n            <\/m-link-list>\n    ","protected":false},"excerpt":{"rendered":"","protected":false},"featured_media":0,"parent":131483,"menu_order":0,"comment_status":"closed","ping_status":"closed","template":"","meta":{"_acf_changed":false,"footnotes":""},"class_list":["post-133148","page","type-page","status-publish","hentry"],"acf":[],"yoast_head":"<!-- This site is optimized with the Yoast SEO plugin v27.2 - https:\/\/yoast.com\/product\/yoast-seo-wordpress\/ -->\n<title>Trabajos de Control de Calidad en Chile, Colombia, Per\u00fa... - Ferrovial<\/title>\n<meta name=\"description\" content=\"Ecuentra trabajo de Control de Calidad en el extranjero en una multinacional l\u00edder en su sector. Tenemos presencia en en EEUU, UK, Espa\u00f1a, Australia, Canad\u00e1, Chile ...\" \/>\n<meta name=\"robots\" content=\"index, follow, max-snippet:-1, max-image-preview:large, max-video-preview:-1\" \/>\n<link rel=\"canonical\" href=\"https:\/\/www.ferrovial.com\/es-la\/empleo\/ofertas\/calidad\/\" \/>\n<meta property=\"og:locale\" content=\"es_ES\" \/>\n<meta property=\"og:type\" content=\"article\" \/>\n<meta property=\"og:title\" content=\"Trabajos de Control de Calidad en Chile, Colombia, Per\u00fa... - Ferrovial\" \/>\n<meta property=\"og:description\" content=\"Ecuentra trabajo de Control de Calidad en el extranjero en una multinacional l\u00edder en su sector. Tenemos presencia en en EEUU, UK, Espa\u00f1a, Australia, Canad\u00e1, Chile ...\" \/>\n<meta property=\"og:url\" content=\"https:\/\/www.ferrovial.com\/es-la\/empleo\/ofertas\/calidad\/\" \/>\n<meta property=\"og:site_name\" content=\"Ferrovial\" \/>\n<meta property=\"article:publisher\" content=\"https:\/\/www.facebook.com\/ferrovial\" \/>\n<meta property=\"article:modified_time\" content=\"2021-01-18T10:44:20+00:00\" \/>\n<meta name=\"twitter:card\" content=\"summary_large_image\" \/>\n<meta name=\"twitter:site\" content=\"@ferrovial\" \/>\n<meta name=\"twitter:label1\" content=\"Est. reading time\" \/>\n\t<meta name=\"twitter:data1\" content=\"2 minutes\" \/>\n<!-- \/ Yoast SEO plugin. -->","yoast_head_json":{"title":"Trabajos de Control de Calidad en Chile, Colombia, Per\u00fa... - Ferrovial","description":"Ecuentra trabajo de Control de Calidad en el extranjero en una multinacional l\u00edder en su sector. Tenemos presencia en en EEUU, UK, Espa\u00f1a, Australia, Canad\u00e1, Chile ...","robots":{"index":"index","follow":"follow","max-snippet":"max-snippet:-1","max-image-preview":"max-image-preview:large","max-video-preview":"max-video-preview:-1"},"canonical":"https:\/\/www.ferrovial.com\/es-la\/empleo\/ofertas\/calidad\/","og_locale":"es_ES","og_type":"article","og_title":"Trabajos de Control de Calidad en Chile, Colombia, Per\u00fa... - Ferrovial","og_description":"Ecuentra trabajo de Control de Calidad en el extranjero en una multinacional l\u00edder en su sector. Tenemos presencia en en EEUU, UK, Espa\u00f1a, Australia, Canad\u00e1, Chile ...","og_url":"https:\/\/www.ferrovial.com\/es-la\/empleo\/ofertas\/calidad\/","og_site_name":"Ferrovial","article_publisher":"https:\/\/www.facebook.com\/ferrovial","article_modified_time":"2021-01-18T10:44:20+00:00","twitter_card":"summary_large_image","twitter_site":"@ferrovial","twitter_misc":{"Est. reading time":"2 minutes"},"schema":{"@context":"https:\/\/schema.org","@graph":[{"@type":"WebPage","@id":"https:\/\/www.ferrovial.com\/es-la\/empleo\/ofertas\/calidad\/","url":"https:\/\/www.ferrovial.com\/es-la\/empleo\/ofertas\/calidad\/","name":"Trabajos de Control de Calidad en Chile, Colombia, Per\u00fa... - Ferrovial","isPartOf":{"@id":"https:\/\/www.ferrovial.com\/es-la\/#website"},"datePublished":"2019-09-05T15:22:04+00:00","dateModified":"2021-01-18T10:44:20+00:00","description":"Ecuentra trabajo de Control de Calidad en el extranjero en una multinacional l\u00edder en su sector. Tenemos presencia en en EEUU, UK, Espa\u00f1a, Australia, Canad\u00e1, Chile ...","breadcrumb":{"@id":"https:\/\/www.ferrovial.com\/es-la\/empleo\/ofertas\/calidad\/#breadcrumb"},"inLanguage":"es-419","potentialAction":[{"@type":"ReadAction","target":["https:\/\/www.ferrovial.com\/es-la\/empleo\/ofertas\/calidad\/"]}]},{"@type":"BreadcrumbList","@id":"https:\/\/www.ferrovial.com\/es-la\/empleo\/ofertas\/calidad\/#breadcrumb","itemListElement":[{"@type":"ListItem","position":1,"name":"Portada","item":"https:\/\/www.ferrovial.com\/es-la\/"},{"@type":"ListItem","position":2,"name":"Empleo","item":"https:\/\/www.ferrovial.com\/es-la\/empleo\/"},{"@type":"ListItem","position":3,"name":"Ofertas de empleo","item":"https:\/\/www.ferrovial.com\/es-la\/empleo\/ofertas\/"},{"@type":"ListItem","position":4,"name":"Calidad"}]},{"@type":"WebSite","@id":"https:\/\/www.ferrovial.com\/es-la\/#website","url":"https:\/\/www.ferrovial.com\/es-la\/","name":"Ferrovial","description":"Welcome to the Ferrovial&#039;s website, global operator of sustainable infrastructure. Here you can find all the information about the company and subsidiaries.","publisher":{"@id":"https:\/\/www.ferrovial.com\/es-la\/#organization"},"potentialAction":[{"@type":"SearchAction","target":{"@type":"EntryPoint","urlTemplate":"https:\/\/www.ferrovial.com\/es-la\/?s={search_term_string}"},"query-input":{"@type":"PropertyValueSpecification","valueRequired":true,"valueName":"search_term_string"}}],"inLanguage":"es-419"},{"@type":"Organization","@id":"https:\/\/www.ferrovial.com\/es-la\/#organization","name":"Ferrovial S.A.","url":"https:\/\/www.ferrovial.com\/es-la\/","logo":{"@type":"ImageObject","inLanguage":"es-419","@id":"https:\/\/www.ferrovial.com\/es-la\/#\/schema\/logo\/image\/","url":"https:\/\/static.ferrovial.com\/wp-content\/uploads\/2020\/01\/13124948\/logo-ferrovial-cf7.png","contentUrl":"https:\/\/static.ferrovial.com\/wp-content\/uploads\/2020\/01\/13124948\/logo-ferrovial-cf7.png","width":144,"height":32,"caption":"Ferrovial S.A."},"image":{"@id":"https:\/\/www.ferrovial.com\/es-la\/#\/schema\/logo\/image\/"},"sameAs":["https:\/\/www.facebook.com\/ferrovial","https:\/\/x.com\/ferrovial","https:\/\/www.instagram.com\/ferrovial\/","https:\/\/www.linkedin.com\/company\/ferrovial","https:\/\/www.pinterest.es\/ferrovial\/","https:\/\/www.youtube.com\/ferrovial","https:\/\/en.wikipedia.org\/wiki\/Ferrovial"]}]}},"_links":{"self":[{"href":"https:\/\/www.ferrovial.com\/es-la\/wp-json\/wp\/v2\/pages\/133148","targetHints":{"allow":["GET"]}}],"collection":[{"href":"https:\/\/www.ferrovial.com\/es-la\/wp-json\/wp\/v2\/pages"}],"about":[{"href":"https:\/\/www.ferrovial.com\/es-la\/wp-json\/wp\/v2\/types\/page"}],"replies":[{"embeddable":true,"href":"https:\/\/www.ferrovial.com\/es-la\/wp-json\/wp\/v2\/comments?post=133148"}],"version-history":[{"count":2,"href":"https:\/\/www.ferrovial.com\/es-la\/wp-json\/wp\/v2\/pages\/133148\/revisions"}],"predecessor-version":[{"id":184762,"href":"https:\/\/www.ferrovial.com\/es-la\/wp-json\/wp\/v2\/pages\/133148\/revisions\/184762"}],"up":[{"embeddable":true,"href":"https:\/\/www.ferrovial.com\/es-la\/wp-json\/wp\/v2\/pages\/131483"}],"wp:attachment":[{"href":"https:\/\/www.ferrovial.com\/es-la\/wp-json\/wp\/v2\/media?parent=133148"}],"curies":[{"name":"wp","href":"https:\/\/api.w.org\/{rel}","templated":true}]}}