{"id":133175,"date":"2019-09-05T17:07:28","date_gmt":"2019-09-05T15:07:28","guid":{"rendered":"https:\/\/www.ferrovial.com\/empleo\/por-que-ferrovial\/seguridad-salud\/"},"modified":"2025-02-07T08:29:32","modified_gmt":"2025-02-07T07:29:32","slug":"seguridad-salud","status":"publish","type":"page","link":"https:\/\/www.ferrovial.com\/es-la\/sostenibilidad\/seguridad-salud\/","title":{"rendered":"Seguridad, salud y bienestar"},"content":{"rendered":"    <m-final-content-header bgimage='https:\/\/static.ferrovial.com\/wp-content\/uploads\/2020\/07\/13124253\/casco-obra-seguridad-y-salud-1280x720.jpg'>\n            <c-breadcrumb label-text=\"Breadcrumb\" slot=\"breadcrumbs\" type='2' align='left' wrap='wrapped wrapped' aria-label='Vienes de Sostenibilidad'>\n                        <ol>\n\n                                                            <li><a href=\"https:\/\/www.ferrovial.com\/es-la\/\" title=\"Ferrovial\">Ferrovial<\/a><\/li>\n                                                                        <li><a href=\"https:\/\/www.ferrovial.com\/es\/sostenibilidad\/\" title=\"Sostenibilidad\">Sostenibilidad<\/a><\/li>\n                                    \n                <\/ol>\n\n                <\/c-breadcrumb>\n    \n        <div slot=\"header\">\n            <h1>\n                Seguridad, salud y bienestar            <\/h1>\n                    <\/div>\n    <\/m-final-content-header>\n\n    \n\n\n<m-wysiwig class=\"wp-block-components-wysiwyg\"><div slot=\"maincontent\">    <p class=\"intro\">Llevamos m\u00e1s de 70 a\u00f1os dise\u00f1ando, construyendo y gestionando infraestructuras sostenibles, con un estilo \u00fanico, el estilo de Ferrovial.<\/p>\n    \n\n\n<p>Esperamos la perfecci\u00f3n en materia de seguridad. No es una forma de hablar, es una norma que todos debemos cumplir cada d\u00eda. La perfecci\u00f3n en la seguridad significa que todo el mundo vuelva a casa sano y salvo al final del d\u00eda. No hay lugar para el compromiso, los atajos o la complacencia cuando se trata de proteger vidas.<\/p>\n<\/div><\/m-wysiwig>\n\n\n\n    <m-distributor-basic bgimg='https:\/\/static.ferrovial.com\/wp-content\/uploads\/2021\/05\/24094308\/health-safety-wellbeing-at-ferrovial.jpg'>\n                        <h3 slot=\"title\">\n                    Estrategia de Seguridad, Salud y Bienestar                <\/h3>\n                                    <c-button slot='cta' type='primary' disabled='false' href='https:\/\/newsroom.ferrovial.com\/es\/inforvial\/inforvial-33-seguridad-y-salud\/' target='_blank' sr-only='Abrir en una nueva pesta\u00f1a' icon='true'>\n                        <span>Descarga el &#8220;Especial Seguridad y Salud&#8221;<\/span>\n                                            <c-icon icon=\"external\" size=\"s\">\n                        <\/c-icon>\n                                        <\/c-button>\n                    \n        \n\n    <\/m-distributor-basic>\n    \n\n\n<m-wysiwig class=\"wp-block-components-wysiwyg\"><div slot=\"maincontent\">\n<h2 class=\"wp-block-heading\">Nuestro compromiso se basa en nuestros valores fundamentales<\/h2>\n<\/div><\/m-wysiwig>\n\n\n\n<m-wysiwig class=\"wp-block-components-wysiwyg\"><div slot=\"maincontent\">\n<p>Nuestro compromiso con la salud, la seguridad y el bienestar de nuestros empleados y contratistas es un aspecto fundamental de nuestra estrategia de mejora empresarial, profundamente arraigado en nuestros valores b\u00e1sicos. En consecuencia, <strong>la salud, la seguridad y el bienestar son prioritarios dentro de nuestro marco de excelencia operativa, con el objetivo de prevenir lesiones graves y mortales<\/strong>.<\/p>\n<\/div><\/m-wysiwig>\n\n\n\n<m-wysiwig class=\"wp-block-components-wysiwyg\"><div slot=\"maincontent\">\n<h2 class=\"wp-block-heading\"><strong>KPI: SIF rate<\/strong><\/h2>\n<\/div><\/m-wysiwig>\n\n\n    <m-cyphers-basic>\n                        <ul slot=\"cyphers\">\n                                                <li>\n                                                                        <p class=\"pre\">\n                                            2026                                        <\/p>\n                                                                                <p class=\"number\">\n                                            -31,8%                                        <\/p>\n                                                                                <p class=\"post\">\n                                            (2022 Ref.)                                        <\/p>\n                                                                    <\/li>\n                                            <\/ul>\n                    <\/m-cyphers-basic>\n\n    \n\n\n<m-wysiwig class=\"wp-block-components-wysiwyg\"><div slot=\"maincontent\">\n<figure class=\"wp-block-embed is-type-video is-provider-youtube wp-block-embed-youtube wp-embed-aspect-16-9 wp-has-aspect-ratio\"><div class=\"wp-block-embed__wrapper\">\n<iframe loading=\"lazy\" title=\"Health &amp; Safety | Ferrovial\" width=\"500\" height=\"281\" src=\"https:\/\/www.youtube.com\/embed\/3d8YUPrUZLY?feature=oembed&#038;enablejsapi=1&#038;origin=https:\/\/www.ferrovial.com\" frameborder=\"0\" allow=\"accelerometer; autoplay; clipboard-write; encrypted-media; gyroscope; picture-in-picture; web-share\" referrerpolicy=\"strict-origin-when-cross-origin\" allowfullscreen><\/iframe>\n<\/div><\/figure>\n<\/div><\/m-wysiwig>\n\n\n\n<m-accordion class=\"wp-block-components-accordion\"><div slot=\"title\"><h3>Enfoque organizacional<\/h3><\/div>\n<div slot=\"item\" class=\"wp-block-components-accordion-item\"><div class=\"m-accordion__item\"><h4>Liderazgo<c-icon icon=\"arrow\" size=\"m\"><\/c-icon><\/h4><\/div><div class=\"m-accordion__content\">\n<m-wysiwig class=\"wp-block-components-wysiwyg\"><div slot=\"maincontent\">\n<p>Fomentamos la transparencia y la rendici\u00f3n de cuentas. Nos centramos en la calidad y los resultados de los compromisos de liderazgo y las Revisiones Ejecutivas de Incidentes (EIR).<\/p>\n\n\n\n<p><strong>Indicadores:<\/strong><\/p>\n\n\n\n<ul class=\"wp-block-list\">\n<li>90% de EIR de alto nivel, incluidos los contratistas<\/li>\n\n\n\n<li>Cierre del 90% de las acciones EIR<\/li>\n<\/ul>\n<\/div><\/m-wysiwig>\n<\/div><\/div>\n\n\n\n<div slot=\"item\" class=\"wp-block-components-accordion-item\"><div class=\"m-accordion__item\"><h4>Competencias<c-icon icon=\"arrow\" size=\"m\"><\/c-icon><\/h4><\/div><div class=\"m-accordion__content\">\n<m-wysiwig class=\"wp-block-components-wysiwyg\"><div slot=\"maincontent\">\n<p>Desarrollamos a los miembros de nuestro equipo mediante un marco de competencias, para inspirarles y capacitarles a trabajar de forma segura o no trabajar.<\/p>\n\n\n\n<p><strong>Indicador: <\/strong><\/p>\n\n\n\n<ul class=\"wp-block-list\">\n<li>El SCR ampl\u00eda sus funciones<\/li>\n\n\n\n<li>90% Licencia de explotaci\u00f3n (5 a\u00f1os)<\/li>\n<\/ul>\n<\/div><\/m-wysiwig>\n<\/div><\/div>\n\n\n\n<div slot=\"item\" class=\"wp-block-components-accordion-item\"><div class=\"m-accordion__item\"><h4>Resiliencia<c-icon icon=\"arrow\" size=\"m\"><\/c-icon><\/h4><\/div><div class=\"m-accordion__content\">\n<m-wysiwig class=\"wp-block-components-wysiwyg\"><div slot=\"maincontent\">\n<p>Avanzamos en la mejora continua, aprendiendo de nuestra experiencia para innovar y reducir riesgos.<\/p>\n\n\n\n<p><strong>Indicador:<\/strong><\/p>\n\n\n\n<ul class=\"wp-block-list\">\n<li>Cierre del 80% de las acciones<\/li>\n<\/ul>\n<\/div><\/m-wysiwig>\n<\/div><\/div>\n\n\n\n<div slot=\"item\" class=\"wp-block-components-accordion-item\"><div class=\"m-accordion__item\"><h4>Interacci\u00f3n<c-icon icon=\"arrow\" size=\"m\"><\/c-icon><\/h4><\/div><div class=\"m-accordion__content\">\n<m-wysiwig class=\"wp-block-components-wysiwyg\"><div slot=\"maincontent\">\n<p>Promovemos una cultura colaborativa en la que los miembros del equipo se cuidan mutuamente y alzan la voz cuando se detecten situaciones inseguras.<\/p>\n\n\n\n<p><strong>Indicador:<\/strong> <\/p>\n\n\n\n<ul class=\"wp-block-list\">\n<li>90% de acciones de compromiso<\/li>\n<\/ul>\n<\/div><\/m-wysiwig>\n<\/div><\/div>\n<\/m-accordion>\n\n\n\n<m-accordion class=\"wp-block-components-accordion\"><div slot=\"title\"><h3>Enfoque operacional<\/h3><\/div>\n<div slot=\"item\" class=\"wp-block-components-accordion-item\"><div class=\"m-accordion__item\"><h4>Planificaci\u00f3n y preparaci\u00f3n<c-icon icon=\"arrow\" size=\"m\"><\/c-icon><\/h4><\/div><div class=\"m-accordion__content\">\n<m-wysiwig class=\"wp-block-components-wysiwyg\"><div slot=\"maincontent\">\n<p>La planificaci\u00f3n se realiza en el lugar de trabajo y requiere colaboraci\u00f3n. <strong>Nuestro prop\u00f3sito es garantizar los recursos y la supervisi\u00f3n para la prevenci\u00f3n de los SIF.<\/strong> La preparaci\u00f3n es a nivel de equipo, nuestro prop\u00f3sito es eliminar la improvisaci\u00f3n.<\/p>\n<\/div><\/m-wysiwig>\n<\/div><\/div>\n\n\n\n<div slot=\"item\" class=\"wp-block-components-accordion-item\"><div class=\"m-accordion__item\"><h4>Control y verificaci\u00f3n<c-icon icon=\"arrow\" size=\"m\"><\/c-icon><\/h4><\/div><div class=\"m-accordion__content\">\n<m-wysiwig class=\"wp-block-components-wysiwyg\"><div slot=\"maincontent\">\n<p>Control de los riesgos SIF con intervenciones directas, mitigadora,administrativas y la aplicaci\u00f3n de las normas de Ferrovial HSW. La verificaci\u00f3n es una comprobaci\u00f3n continua que garantiza la existencia de controles de los riesgos SIF.<\/p>\n<\/div><\/m-wysiwig>\n<\/div><\/div>\n\n\n\n<div slot=\"item\" class=\"wp-block-components-accordion-item\"><div class=\"m-accordion__item\"><h4>Cultura, competencia y sensibilizaci\u00f3n<c-icon icon=\"arrow\" size=\"m\"><\/c-icon><\/h4><\/div><div class=\"m-accordion__content\">\n<m-wysiwig class=\"wp-block-components-wysiwyg\"><div slot=\"maincontent\">\n<p>La competencia es un requisito para todas nuestras actividades laborales, y algunas tambi\u00e9n requieren cualificaci\u00f3n. La conciencia ante una situaci\u00f3n es esencial y puede convertirse en la \u00faltima capa de defensa para la prevenci\u00f3n de los SIF.<\/p>\n<\/div><\/m-wysiwig>\n<\/div><\/div>\n<\/m-accordion>\n\n\n\n<m-accordion class=\"wp-block-components-accordion\"><div slot=\"title\"><h3>Enfoque personal<\/h3><\/div>\n<div slot=\"item\" class=\"wp-block-components-accordion-item\"><div class=\"m-accordion__item\"><h4>Always Safe, Always Ready<c-icon icon=\"arrow\" size=\"m\"><\/c-icon><\/h4><\/div><div class=\"m-accordion__content\">\n<m-wysiwig class=\"wp-block-components-wysiwyg\"><div slot=\"maincontent\">\n<p>&#8220;Always Safe, Always Ready&#8221; (ASAR) es nuestra expectativa y la filosof\u00eda que aplicamos a todos en nuestros entornos de trabajo. &#8220;Always Ready&#8221; significa que tenemos un <strong>plan seguro para trabajar<\/strong>, que estamos dispuestos a echar una mano a los compa\u00f1eros con menos experiencia y que estamos preparados para actuar cuando algo no es seguro.<\/p>\n<\/div><\/m-wysiwig>\n<\/div><\/div>\n\n\n\n<div slot=\"item\" class=\"wp-block-components-accordion-item\"><div class=\"m-accordion__item\"><h4>HASAVI<c-icon icon=\"arrow\" size=\"m\"><\/c-icon><\/h4><\/div><div class=\"m-accordion__content\">\n<m-wysiwig class=\"wp-block-components-wysiwyg\"><div slot=\"maincontent\">\n<p>HASAVI es nuestro programa de bienestar. La salud y la seguridad no son suficientes en Ferrovial, queremos que nuestro personal vuelva a casa mejor que antes, con <strong>h\u00e1bitos de vida saludables<\/strong>. Nuestros pilares de bienestar:<\/p>\n\n\n\n<ul class=\"wp-block-list\">\n<li>Salud mental<\/li>\n\n\n\n<li>Salud f\u00edsica<\/li>\n\n\n\n<li>Bienestar social<\/li>\n\n\n\n<li>Bienestar econ\u00f3mico<\/li>\n<\/ul>\n<\/div><\/m-wysiwig>\n<\/div><\/div>\n<\/m-accordion>\n\n\n\n<m-wysiwig class=\"wp-block-components-wysiwyg\"><div slot=\"maincontent\">\n<h2 class=\"wp-block-heading\">&#8220;Siempre seguros, siempre preparados&#8221;<\/h2>\n\n\n\n<figure class=\"wp-block-embed is-type-video is-provider-youtube wp-block-embed-youtube wp-embed-aspect-16-9 wp-has-aspect-ratio\"><div class=\"wp-block-embed__wrapper\">\n<iframe loading=\"lazy\" title=\"V\u00eddeo lanzamiento campa\u00f1a Always Safe, Always Ready | Ferrovial\" width=\"500\" height=\"281\" src=\"https:\/\/www.youtube.com\/embed\/LE0nJfHdEzA?feature=oembed&#038;enablejsapi=1&#038;origin=https:\/\/www.ferrovial.com\" frameborder=\"0\" allow=\"accelerometer; autoplay; clipboard-write; encrypted-media; gyroscope; picture-in-picture; web-share\" referrerpolicy=\"strict-origin-when-cross-origin\" allowfullscreen><\/iframe>\n<\/div><\/figure>\n<\/div><\/m-wysiwig>\n\n\n    <m-annual-report :whitetext='false' :gutenberg='true'>\n                        <p slot=\"cta\">\n                    Ver las cifras destacadas de Ferrovial en 2025                <\/p>\n                \n                        <c-button href='https:\/\/informeanualintegrado2025.ferrovial.com\/en\/' title='Accede al Informe Anual Integrado' slot='cta' disabled='false' type='ghost-positive-alt' target='_blank' rel='noopener' >\n                Accede al Informe Anual Integrado                <span class=\"sr-only\">Abrir en una nueva pesta\u00f1a<\/span>\n                                <\/c-button>\n                \n        \n            <ul slot=\"cypher\">\n\n                                            <li>\n                                \n                                <div>\n                                    <span><\/span><span >9627<\/span><span>M\u20ac<\/span>\n                                <\/div>\n\n                                                                        <span>\n                                            Ventas                                        <\/span>\n                                                                    <\/li>\n                                                    <li>\n                                \n                                <div>\n                                    <span><\/span><span >40606<\/span><span>M\u20ac<\/span>\n                                <\/div>\n\n                                                                        <span>\n                                            Capitalizaci\u00f3n                                         <\/span>\n                                                                    <\/li>\n                                                    <li>\n                                \n                                <div>\n                                    <span><\/span><span >5088<\/span><span>M\u20ac<\/span>\n                                <\/div>\n\n                                                                        <span>\n                                            Liquidez                                        <\/span>\n                                                                    <\/li>\n                                                    <li>\n                                \n                                <div>\n                                    <span><\/span><span >22609<\/span><span><\/span>\n                                <\/div>\n\n                                                                        <span>\n                                            Empleados                                        <\/span>\n                                                                    <\/li>\n                        \n            <\/ul>\n            <\/m-annual-report>\n\n    ","protected":false},"excerpt":{"rendered":"","protected":false},"featured_media":0,"parent":131432,"menu_order":0,"comment_status":"closed","ping_status":"closed","template":"","meta":{"_acf_changed":false,"footnotes":""},"class_list":["post-133175","page","type-page","status-publish","hentry"],"acf":[],"yoast_head":"<!-- This site is optimized with the Yoast SEO plugin v27.2 - https:\/\/yoast.com\/product\/yoast-seo-wordpress\/ -->\n<title>Seguridad y salud en el trabajo - Ferrovial<\/title>\n<meta name=\"description\" content=\"La seguridad y salud es un factor clave para lograr la excelencia operativa. Ferrovial trabaja cada d\u00eda para crear entornos de trabajo libres de riesgos para todos.\" \/>\n<meta name=\"robots\" content=\"index, follow, max-snippet:-1, max-image-preview:large, max-video-preview:-1\" \/>\n<link rel=\"canonical\" href=\"https:\/\/www.ferrovial.com\/es-la\/sostenibilidad\/seguridad-salud\/\" \/>\n<meta property=\"og:locale\" content=\"es_ES\" \/>\n<meta property=\"og:type\" content=\"article\" \/>\n<meta property=\"og:title\" content=\"Seguridad y salud en el trabajo - Ferrovial\" \/>\n<meta property=\"og:description\" content=\"La seguridad y salud es un factor clave para lograr la excelencia operativa. Ferrovial trabaja cada d\u00eda para crear entornos de trabajo libres de riesgos para todos.\" \/>\n<meta property=\"og:url\" content=\"https:\/\/www.ferrovial.com\/es-la\/sostenibilidad\/seguridad-salud\/\" \/>\n<meta property=\"og:site_name\" content=\"Ferrovial\" \/>\n<meta property=\"article:publisher\" content=\"https:\/\/www.facebook.com\/ferrovial\" \/>\n<meta property=\"article:modified_time\" content=\"2025-02-07T07:29:32+00:00\" \/>\n<meta name=\"twitter:card\" content=\"summary_large_image\" \/>\n<meta name=\"twitter:site\" content=\"@ferrovial\" \/>\n<meta name=\"twitter:label1\" content=\"Est. reading time\" \/>\n\t<meta name=\"twitter:data1\" content=\"3 minutes\" \/>\n<!-- \/ Yoast SEO plugin. -->","yoast_head_json":{"title":"Seguridad y salud en el trabajo - Ferrovial","description":"La seguridad y salud es un factor clave para lograr la excelencia operativa. Ferrovial trabaja cada d\u00eda para crear entornos de trabajo libres de riesgos para todos.","robots":{"index":"index","follow":"follow","max-snippet":"max-snippet:-1","max-image-preview":"max-image-preview:large","max-video-preview":"max-video-preview:-1"},"canonical":"https:\/\/www.ferrovial.com\/es-la\/sostenibilidad\/seguridad-salud\/","og_locale":"es_ES","og_type":"article","og_title":"Seguridad y salud en el trabajo - Ferrovial","og_description":"La seguridad y salud es un factor clave para lograr la excelencia operativa. Ferrovial trabaja cada d\u00eda para crear entornos de trabajo libres de riesgos para todos.","og_url":"https:\/\/www.ferrovial.com\/es-la\/sostenibilidad\/seguridad-salud\/","og_site_name":"Ferrovial","article_publisher":"https:\/\/www.facebook.com\/ferrovial","article_modified_time":"2025-02-07T07:29:32+00:00","twitter_card":"summary_large_image","twitter_site":"@ferrovial","twitter_misc":{"Est. reading time":"3 minutes"},"schema":{"@context":"https:\/\/schema.org","@graph":[{"@type":"WebPage","@id":"https:\/\/www.ferrovial.com\/es-la\/sostenibilidad\/seguridad-salud\/","url":"https:\/\/www.ferrovial.com\/es-la\/sostenibilidad\/seguridad-salud\/","name":"Seguridad y salud en el trabajo - Ferrovial","isPartOf":{"@id":"https:\/\/www.ferrovial.com\/es-la\/#website"},"datePublished":"2019-09-05T15:07:28+00:00","dateModified":"2025-02-07T07:29:32+00:00","description":"La seguridad y salud es un factor clave para lograr la excelencia operativa. Ferrovial trabaja cada d\u00eda para crear entornos de trabajo libres de riesgos para todos.","breadcrumb":{"@id":"https:\/\/www.ferrovial.com\/es-la\/sostenibilidad\/seguridad-salud\/#breadcrumb"},"inLanguage":"es-419","potentialAction":[{"@type":"ReadAction","target":["https:\/\/www.ferrovial.com\/es-la\/sostenibilidad\/seguridad-salud\/"]}]},{"@type":"BreadcrumbList","@id":"https:\/\/www.ferrovial.com\/es-la\/sostenibilidad\/seguridad-salud\/#breadcrumb","itemListElement":[{"@type":"ListItem","position":1,"name":"Portada","item":"https:\/\/www.ferrovial.com\/es-la\/"},{"@type":"ListItem","position":2,"name":"Sostenibilidad","item":"https:\/\/www.ferrovial.com\/es-la\/sostenibilidad\/"},{"@type":"ListItem","position":3,"name":"Seguridad, salud y bienestar"}]},{"@type":"WebSite","@id":"https:\/\/www.ferrovial.com\/es-la\/#website","url":"https:\/\/www.ferrovial.com\/es-la\/","name":"Ferrovial","description":"Welcome to the Ferrovial&#039;s website, global operator of sustainable infrastructure. Here you can find all the information about the company and subsidiaries.","publisher":{"@id":"https:\/\/www.ferrovial.com\/es-la\/#organization"},"potentialAction":[{"@type":"SearchAction","target":{"@type":"EntryPoint","urlTemplate":"https:\/\/www.ferrovial.com\/es-la\/?s={search_term_string}"},"query-input":{"@type":"PropertyValueSpecification","valueRequired":true,"valueName":"search_term_string"}}],"inLanguage":"es-419"},{"@type":"Organization","@id":"https:\/\/www.ferrovial.com\/es-la\/#organization","name":"Ferrovial S.A.","url":"https:\/\/www.ferrovial.com\/es-la\/","logo":{"@type":"ImageObject","inLanguage":"es-419","@id":"https:\/\/www.ferrovial.com\/es-la\/#\/schema\/logo\/image\/","url":"https:\/\/static.ferrovial.com\/wp-content\/uploads\/2020\/01\/13124948\/logo-ferrovial-cf7.png","contentUrl":"https:\/\/static.ferrovial.com\/wp-content\/uploads\/2020\/01\/13124948\/logo-ferrovial-cf7.png","width":144,"height":32,"caption":"Ferrovial S.A."},"image":{"@id":"https:\/\/www.ferrovial.com\/es-la\/#\/schema\/logo\/image\/"},"sameAs":["https:\/\/www.facebook.com\/ferrovial","https:\/\/x.com\/ferrovial","https:\/\/www.instagram.com\/ferrovial\/","https:\/\/www.linkedin.com\/company\/ferrovial","https:\/\/www.pinterest.es\/ferrovial\/","https:\/\/www.youtube.com\/ferrovial","https:\/\/en.wikipedia.org\/wiki\/Ferrovial"]}]}},"_links":{"self":[{"href":"https:\/\/www.ferrovial.com\/es-la\/wp-json\/wp\/v2\/pages\/133175","targetHints":{"allow":["GET"]}}],"collection":[{"href":"https:\/\/www.ferrovial.com\/es-la\/wp-json\/wp\/v2\/pages"}],"about":[{"href":"https:\/\/www.ferrovial.com\/es-la\/wp-json\/wp\/v2\/types\/page"}],"replies":[{"embeddable":true,"href":"https:\/\/www.ferrovial.com\/es-la\/wp-json\/wp\/v2\/comments?post=133175"}],"version-history":[{"count":3,"href":"https:\/\/www.ferrovial.com\/es-la\/wp-json\/wp\/v2\/pages\/133175\/revisions"}],"predecessor-version":[{"id":299364,"href":"https:\/\/www.ferrovial.com\/es-la\/wp-json\/wp\/v2\/pages\/133175\/revisions\/299364"}],"up":[{"embeddable":true,"href":"https:\/\/www.ferrovial.com\/es-la\/wp-json\/wp\/v2\/pages\/131432"}],"wp:attachment":[{"href":"https:\/\/www.ferrovial.com\/es-la\/wp-json\/wp\/v2\/media?parent=133175"}],"curies":[{"name":"wp","href":"https:\/\/api.w.org\/{rel}","templated":true}]}}