{"id":133210,"date":"2019-09-05T16:36:09","date_gmt":"2019-09-05T14:36:09","guid":{"rendered":"https:\/\/www.ferrovial.com\/sostenibilidad\/medio-ambiente\/"},"modified":"2025-06-17T13:22:39","modified_gmt":"2025-06-17T11:22:39","slug":"medio-ambiente","status":"publish","type":"page","link":"https:\/\/www.ferrovial.com\/es-la\/sostenibilidad\/medio-ambiente\/","title":{"rendered":"Medio Ambiente"},"content":{"rendered":"    <m-final-content-header bgimage='https:\/\/static.ferrovial.com\/wp-content\/uploads\/2019\/11\/13133044\/euroscut_azores-ferrovial-1232x720.jpg'>\n            <c-breadcrumb label-text=\"Breadcrumb\" slot=\"breadcrumbs\" type='2' align='left' wrap='wrapped wrapped' aria-label='Vienes de Sostenibilidad'>\n                        <ol>\n\n                                                            <li><a href=\"https:\/\/www.ferrovial.com\/es-la\/\" title=\"Ferrovial\">Ferrovial<\/a><\/li>\n                                                                        <li><a href=\"https:\/\/www.ferrovial.com\/es\/sostenibilidad\/\" title=\"Sostenibilidad\">Sostenibilidad<\/a><\/li>\n                                    \n                <\/ol>\n\n                <\/c-breadcrumb>\n    \n        <div slot=\"header\">\n            <h1>\n                Medio Ambiente            <\/h1>\n                    <\/div>\n    <\/m-final-content-header>\n\n    \n\n\n<m-wysiwig class=\"wp-block-components-wysiwyg\"><div slot=\"maincontent\">    <p class=\"intro\">Nos comprometemos con la disminuci\u00f3n del impacto medio ambiental de nuestras actividades, manteniendo un enfoque preventivo que favorezca el medio ambiente y reduzca la huella de carbono global de la compa\u00f1\u00eda. <\/p>\n    \n\n\n\n             <a class='rich-link' href='https:\/\/www.ferrovial.com\/es\/politica-de-calidad-y-medio-ambiente\/' title='CONOCE AQU\u00cd LA POL\u00cdTICA DE CALIDAD Y MEDIO AMBIENTE Y \u00c1MBITO DE APLICACI\u00d3N' target='_blank'>\n                <span>CONOCE AQU\u00cd LA POL\u00cdTICA DE CALIDAD Y MEDIO AMBIENTE Y \u00c1MBITO DE APLICACI\u00d3N<\/span>\n                <img src='https:\/\/www.ferrovial.com\/wp-content\/themes\/global\/front\/dist\/static\/img\/icon-download.svg' alt='download link'>\n            <\/a>\n        \n<\/div><\/m-wysiwig>\n\n\n    <m-multiple-distributor columns='3'>\n                        <p slot=\"title\">\n                    Descubre c\u00f3mo trabajamos                <\/p>\n                                    <div class=\"card\">\n                                                <img decoding=\"async\" src=\"https:\/\/static.ferrovial.com\/wp-content\/uploads\/2019\/11\/13133047\/elnincc83ocostero-quintalagloria-marzo2017-1-e1573034365614-600x800.jpg\" alt=\"Cambio clim\u00e1tico\" position=\"center center\" \/>\n                                                        <p class=\"name\">Cambio clim\u00e1tico<\/p>\n                                                                    <p class=\"description\">Descripci\u00f3n por defecto<\/p>\n                                                                        <a title='Cambio clim\u00e1tico' aria-label='M\u00e1s informaci\u00f3n sobre Cambio clim\u00e1tico'>Cambio clim\u00e1tico<\/a>\n                                                            <\/div>\n                                        <div class=\"card\">\n                                                <img decoding=\"async\" src=\"https:\/\/static.ferrovial.com\/wp-content\/uploads\/2019\/11\/13133045\/edar_bens_ferrovial_huella_carbono-e1573034686858-600x800.jpg\" alt=\"Edar_Bens_Ferrovial_Huella_Carbono\" position=\"center center\" \/>\n                                                        <p class=\"name\">Huella de carbono<\/p>\n                                                                    <p class=\"description\">Descripci\u00f3n por defecto<\/p>\n                                                                        <a title='Huella de carbono' aria-label='M\u00e1s informaci\u00f3n sobre Huella de carbono'>Huella de carbono<\/a>\n                                                            <\/div>\n                                        <div class=\"card\">\n                                                <img decoding=\"async\" src=\"https:\/\/static.ferrovial.com\/wp-content\/uploads\/2019\/10\/13133828\/depuradoras_cadagua_spain-600x573.jpg\" alt=\"Depuradoras_Cadagua_Spain\" position=\"center center\" \/>\n                                                        <p class=\"name\">Huella h\u00eddrica<\/p>\n                                                                    <p class=\"description\">Descripci\u00f3n por defecto<\/p>\n                                                                        <a title='Huella h\u00eddrica' aria-label='M\u00e1s informaci\u00f3n sobre Huella h\u00eddrica'>Huella h\u00eddrica<\/a>\n                                                            <\/div>\n                                        <div class=\"card\">\n                                                <img decoding=\"async\" src=\"https:\/\/static.ferrovial.com\/wp-content\/uploads\/2019\/11\/13140654\/sostenibilidad_uganda.jpg\" alt=\"naturaleza arboles y el cielo de uganda\" position=\"center center\" \/>\n                                                        <p class=\"name\">Capital natural<\/p>\n                                                                    <p class=\"description\">Descripci\u00f3n por defecto<\/p>\n                                                                        <a title='Capital Natural' aria-label='M\u00e1s informaci\u00f3n sobre Capital natural'>Capital Natural<\/a>\n                                                            <\/div>\n                                        <div class=\"card\">\n                                                <img decoding=\"async\" src=\"https:\/\/static.ferrovial.com\/wp-content\/uploads\/2019\/09\/13141241\/londoners-lab-citizen-participation-waste-services-recycling-family-e1571845184227-600x800.jpg\" alt=\"londoners-lab-citizen-participation-waste-services-recycling-family\" position=\"center center\" \/>\n                                                        <p class=\"name\">Econom\u00eda circular<\/p>\n                                                                    <p class=\"description\">Descripci\u00f3n por defecto<\/p>\n                                                                        <a title='Econom\u00eda circular' aria-label='M\u00e1s informaci\u00f3n sobre Econom\u00eda circular'>Econom\u00eda circular<\/a>\n                                                            <\/div>\n                        <\/m-multiple-distributor>\n\n    \n\n    <m-projects-distributor2 :translations='{\n        &quot;prev&quot;:&quot;Anterior&quot;,\n        &quot;next&quot;:&quot;Siguiente&quot;,\n        &quot;paginationseparator&quot;:&quot;de&quot;\n    }'>\n                        <h2 slot=\"label\">\n                    Proyectos                <\/h2>\n                                <h3 slot=\"title\">\n                Actuaciones ambientales relevantes                <\/h3>\n                        <a slot='button' title='Accede a todas' href='https:\/\/www.ferrovial.com\/es\/negocio\/proyectos\/'>\n            Accede a todas        <\/a>\n\n            <\/m-projects-distributor2>\n\n    \n\n    <m-distributor-news  >\n                        <h2 slot=\"title\">\u00daltimas noticias<\/h2>\n                                <c-link slot=\"link\" icon=\"external\" external=\"true\">\n                    <a href='https:\/\/newsroom.ferrovial.com\/es\/' title='Sala de Prensa' target='_blank' sr-only='Open new window'>Sala de Prensa<\/a>\n                <\/c-link>\n                                        <div slot=\"report\">\n                            <h3><a href=\"https:\/\/www.ferrovial.com\/es\/accionistas-e-inversores\/hechos-relevantes\/ferrovial-comunica-la-fecha-de-publicacion-de-los-resultados-correspondientes-al-primer-trimestre-de-2026\/\" target='_blank' title=\"Ferrovial comunica la fecha de publicaci\u00f3n de los resultados correspondientes al primer trimestre de 2026\">Ferrovial comunica la fecha de publicaci\u00f3n de los resultados correspondientes al primer trimestre de 2026<\/a><\/h3>\n                                                                <span>16\/04\/2026<\/span>\n                                                            <\/div>\n                                                <div slot=\"report\">\n                            <h3><a href=\"https:\/\/www.ferrovial.com\/es\/accionistas-e-inversores\/hechos-relevantes\/operaciones-efectuadas-por-ferrovial-al-amparo-de-su-programa-de-recompra-de-acciones-propias-entre-el-7-y-el-10-de-abril-de-2026\/\" target='_blank' title=\"Operaciones efectuadas por Ferrovial al amparo de su programa de recompra de acciones propias entre el 7\u00a0y\u00a0el 10 de abril de 2026\">Operaciones efectuadas por Ferrovial al amparo de su programa de recompra de acciones propias entre el 7\u00a0y\u00a0el 10 de abril de 2026<\/a><\/h3>\n                                                                <span>14\/04\/2026<\/span>\n                                                            <\/div>\n                                                <div slot=\"report\">\n                            <h3><a href=\"https:\/\/www.ferrovial.com\/es\/accionistas-e-inversores\/hechos-relevantes\/ferrovial-comunica-los-acuerdos-adoptados-por-la-junta-general-de-accionistas-celebrada-el-9-de-abril-de-2026\/\" target='_blank' title=\"Ferrovial comunica los acuerdos adoptados por la Junta General de Accionistas celebrada el 9 de abril de 2026\">Ferrovial comunica los acuerdos adoptados por la Junta General de Accionistas celebrada el 9 de abril de 2026<\/a><\/h3>\n                                                                <span>09\/04\/2026<\/span>\n                                                            <\/div>\n                                                <div slot=\"report\">\n                            <h3><a href=\"https:\/\/www.ferrovial.com\/es\/accionistas-e-inversores\/hechos-relevantes\/ignacio-madridejos-fernandez-consejero-ejecutivo-2\/\" target='_blank' title=\"Ignacio Madridejos Fern\u00e1ndez - Consejero Ejecutivo\">Ignacio Madridejos Fern\u00e1ndez &#8211; Consejero Ejecutivo<\/a><\/h3>\n                                                                <span>09\/04\/2026<\/span>\n                                                            <\/div>\n                            <\/m-distributor-news>\n    \n\n\n    <m-link-list>\n                    <h3 slot=\"maintitle\">\n                Construcci\u00f3n sostenible            <\/h3>\n                    <p slot=\"text\">Descripci\u00f3n por defecto<\/p>\n                    <ul slot=\"links\">\n                                    <li>\n                        <c-link external='_blank' sr-only='Abrir en una nueva pesta\u00f1a' icon='download'>\n                            <a href=\"https:\/\/static.ferrovial.com\/wp-content\/uploads\/2019\/09\/13134243\/El-Hospital-mas-sostenible-de-europa_Agroman_ES.pdf\" title=\"El hospital m\u00e1s sostenible de Europa\">\n                                El hospital m\u00e1s sostenible de Europa (PDF 982 KB)                            <\/a>\n                        <\/c-link>\n                    <\/li>\n                                    <li>\n                        <c-link external='_blank' sr-only='Abrir en una nueva pesta\u00f1a' icon='download'>\n                            <a href=\"https:\/\/static.ferrovial.com\/wp-content\/uploads\/2019\/09\/13134242\/Fichas_Edificios-bioclimaticos-autosuficientes_Agroman_ES.pdf\" title=\"Edificios bioclim\u00e1ticos autosuficientes\">\n                                Edificios bioclim\u00e1ticos autosuficientes (PDF 848 KB)                            <\/a>\n                        <\/c-link>\n                    <\/li>\n                                    <li>\n                        <c-link external='_blank' sr-only='Abrir en una nueva pesta\u00f1a' icon='download'>\n                            <a href=\"https:\/\/static.ferrovial.com\/wp-content\/uploads\/2019\/09\/13135545\/Espa%C3%B1a-Ficha-80-Viviendas-LEED-Platinum.pdf\" title=\"Medidas de construcci\u00f3n sostenible en un edificio de viviendas\">\n                                Medidas de construcci\u00f3n sostenible en un edificio de viviendas (PDF 107 KB)                            <\/a>\n                        <\/c-link>\n                    <\/li>\n                                    <li>\n                        <c-link external='_blank' sr-only='Abrir en una nueva pesta\u00f1a' icon='download'>\n                            <a href=\"https:\/\/static.ferrovial.com\/wp-content\/uploads\/2019\/09\/13135500\/Chile-Ficha-Paneles-fotocatal%C3%ADticos-purificadores.pdf\" title=\"Paneles fotocatal\u00edticos purificadores, Metro Santiago de Chile\">\n                                Paneles fotocatal\u00edticos purificadores, Metro Santiago de Chile (PDF 215 KB)                            <\/a>\n                        <\/c-link>\n                    <\/li>\n                                    <li>\n                        <c-link external='_blank' sr-only='Abrir en una nueva pesta\u00f1a' icon='download'>\n                            <a href=\"https:\/\/static.ferrovial.com\/wp-content\/uploads\/2019\/09\/13134243\/EDIFICACION-SOSTENIBLE-Intercambiador-de-calor-Merida-III-Milenio.pdf\" title=\"Intercambiador de calor de la Consejer\u00eda de la Junta de Extremadura \">\n                                Intercambiador de calor de la Consejer\u00eda de la Junta de Extremadura  (PDF 310 KB)                            <\/a>\n                        <\/c-link>\n                    <\/li>\n                                    <li>\n                        <c-link external='_blank' sr-only='Abrir en una nueva pesta\u00f1a' icon='download'>\n                            <a href=\"https:\/\/static.ferrovial.com\/wp-content\/uploads\/2019\/09\/13134242\/Ficha-CPD-Alcala.pdf\" title=\"Criterios de eficiencia en la construcci\u00f3n de un centro de procesamiento de datos\">\n                                Criterios de eficiencia en la construcci\u00f3n de un centro de procesamiento de datos (PDF 309 KB)                            <\/a>\n                        <\/c-link>\n                    <\/li>\n                            <\/ul>\n            <\/m-link-list>\n    \n\n\n    <m-link-list>\n                    <h3 slot=\"maintitle\">\n                Restauraci\u00f3n ecol\u00f3gica            <\/h3>\n                    <p slot=\"text\">Descripci\u00f3n por defecto<\/p>\n                    <ul slot=\"links\">\n                                    <li>\n                        <c-link external='_blank' sr-only='Abrir en una nueva pesta\u00f1a' icon='download'>\n                            <a href=\"https:\/\/static.ferrovial.com\/wp-content\/uploads\/2019\/11\/13132601\/ficha-polopos.pdf\" title=\"Restauraci\u00f3n ecol\u00f3gica de taludes y recuperaci\u00f3n de poblaciones de Maytenus senegalensis\">\n                                Restauraci\u00f3n ecol\u00f3gica de taludes y recuperaci\u00f3n de poblaciones de Maytenus senegalensis (PDF 189 KB)                            <\/a>\n                        <\/c-link>\n                    <\/li>\n                                    <li>\n                        <c-link external='_blank' sr-only='Abrir en una nueva pesta\u00f1a' icon='download'>\n                            <a href=\"https:\/\/static.ferrovial.com\/wp-content\/uploads\/2019\/09\/13134911\/Fichas-MA-Ferrovial-Agroman_Conama_espino.pdf\" title=\"Gesti\u00f3n de material pir\u00edtico en vertederos de grandes obras de construcci\u00f3n. Tunel del Espi\u00f1o. Orense. Galicia\">\n                                Gesti\u00f3n de material pir\u00edtico en vertederos de grandes obras de construcci\u00f3n. Tunel del Espi\u00f1o. Orense. Galicia (PDF 337 KB)                            <\/a>\n                        <\/c-link>\n                    <\/li>\n                                    <li>\n                        <c-link external='_blank' sr-only='Abrir en una nueva pesta\u00f1a' icon='download'>\n                            <a href=\"https:\/\/static.ferrovial.com\/wp-content\/uploads\/2019\/11\/13132601\/ficha-legutiano.pdf\" title=\"Dep\u00f3sito de sobrantes de excavaci\u00f3n en el T\u00fanel de Albertia\">\n                                Dep\u00f3sito de sobrantes de excavaci\u00f3n en el T\u00fanel de Albertia (PDF 334 KB)                            <\/a>\n                        <\/c-link>\n                    <\/li>\n                            <\/ul>\n            <\/m-link-list>\n    \n\n\n    <m-link-list>\n                    <h3 slot=\"maintitle\">\n                Biodiversidad             <\/h3>\n                    <p slot=\"text\">Descripci\u00f3n por defecto<\/p>\n                    <ul slot=\"links\">\n                                    <li>\n                        <c-link external='_blank' sr-only='Abrir en una nueva pesta\u00f1a' icon='download'>\n                            <a href=\"https:\/\/static.ferrovial.com\/wp-content\/uploads\/2019\/11\/13132557\/living-highways.pdf\" title=\"Living Highways\">\n                                Living Highways (PDF 295 KB)                            <\/a>\n                        <\/c-link>\n                    <\/li>\n                            <\/ul>\n            <\/m-link-list>\n    \n\n\n    <m-link-list>\n                    <h3 slot=\"maintitle\">\n                Eficiencia operacional             <\/h3>\n                    <p slot=\"text\">Descripci\u00f3n por defecto<\/p>\n                    <ul slot=\"links\">\n                                    <li>\n                        <c-link external='_blank' sr-only='Abrir en una nueva pesta\u00f1a' icon='download'>\n                            <a href=\"https:\/\/static.ferrovial.com\/wp-content\/uploads\/2019\/09\/13135314\/Australia-Pacific-Soil-Binder.pdf\" title=\"P47 polvo en suspensi\u00f3n, Pacific Highway en Australia\">\n                                P47 polvo en suspensi\u00f3n, Pacific Highway en Australia (PDF 790 KB)                            <\/a>\n                        <\/c-link>\n                    <\/li>\n                            <\/ul>\n            <\/m-link-list>\n    \n\n\n<div style=\"height:100px\" aria-hidden=\"true\" class=\"wp-block-spacer\"><\/div>\n","protected":false},"excerpt":{"rendered":"","protected":false},"featured_media":0,"parent":131432,"menu_order":0,"comment_status":"closed","ping_status":"closed","template":"","meta":{"_acf_changed":false,"footnotes":""},"class_list":["post-133210","page","type-page","status-publish","hentry"],"acf":[],"yoast_head":"<!-- This site is optimized with the Yoast SEO plugin v27.2 - https:\/\/yoast.com\/product\/yoast-seo-wordpress\/ -->\n<title>Gesti\u00f3n de Calidad y Medio Ambiente - Ferrovial<\/title>\n<meta name=\"description\" content=\"Nuestro compromiso es disminuir nuestro impacto ambiental. Manteniendo un enfoque preventivo que favorezca el medio ambiente y una gesti\u00f3n efectiva de la calidad.\" \/>\n<meta name=\"robots\" content=\"index, follow, max-snippet:-1, max-image-preview:large, max-video-preview:-1\" \/>\n<link rel=\"canonical\" href=\"https:\/\/www.ferrovial.com\/es-la\/sostenibilidad\/medio-ambiente\/\" \/>\n<meta property=\"og:locale\" content=\"es_ES\" \/>\n<meta property=\"og:type\" content=\"article\" \/>\n<meta property=\"og:title\" content=\"Gesti\u00f3n de Calidad y Medio Ambiente - Ferrovial\" \/>\n<meta property=\"og:description\" content=\"Nuestro compromiso es disminuir nuestro impacto ambiental. Manteniendo un enfoque preventivo que favorezca el medio ambiente y una gesti\u00f3n efectiva de la calidad.\" \/>\n<meta property=\"og:url\" content=\"https:\/\/www.ferrovial.com\/es-la\/sostenibilidad\/medio-ambiente\/\" \/>\n<meta property=\"og:site_name\" content=\"Ferrovial\" \/>\n<meta property=\"article:publisher\" content=\"https:\/\/www.facebook.com\/ferrovial\" \/>\n<meta property=\"article:modified_time\" content=\"2025-06-17T11:22:39+00:00\" \/>\n<meta name=\"twitter:card\" content=\"summary_large_image\" \/>\n<meta name=\"twitter:site\" content=\"@ferrovial\" \/>\n<meta name=\"twitter:label1\" content=\"Est. reading time\" \/>\n\t<meta name=\"twitter:data1\" content=\"1 minute\" \/>\n<!-- \/ Yoast SEO plugin. -->","yoast_head_json":{"title":"Gesti\u00f3n de Calidad y Medio Ambiente - Ferrovial","description":"Nuestro compromiso es disminuir nuestro impacto ambiental. Manteniendo un enfoque preventivo que favorezca el medio ambiente y una gesti\u00f3n efectiva de la calidad.","robots":{"index":"index","follow":"follow","max-snippet":"max-snippet:-1","max-image-preview":"max-image-preview:large","max-video-preview":"max-video-preview:-1"},"canonical":"https:\/\/www.ferrovial.com\/es-la\/sostenibilidad\/medio-ambiente\/","og_locale":"es_ES","og_type":"article","og_title":"Gesti\u00f3n de Calidad y Medio Ambiente - Ferrovial","og_description":"Nuestro compromiso es disminuir nuestro impacto ambiental. Manteniendo un enfoque preventivo que favorezca el medio ambiente y una gesti\u00f3n efectiva de la calidad.","og_url":"https:\/\/www.ferrovial.com\/es-la\/sostenibilidad\/medio-ambiente\/","og_site_name":"Ferrovial","article_publisher":"https:\/\/www.facebook.com\/ferrovial","article_modified_time":"2025-06-17T11:22:39+00:00","twitter_card":"summary_large_image","twitter_site":"@ferrovial","twitter_misc":{"Est. reading time":"1 minute"},"schema":{"@context":"https:\/\/schema.org","@graph":[{"@type":"WebPage","@id":"https:\/\/www.ferrovial.com\/es-la\/sostenibilidad\/medio-ambiente\/","url":"https:\/\/www.ferrovial.com\/es-la\/sostenibilidad\/medio-ambiente\/","name":"Gesti\u00f3n de Calidad y Medio Ambiente - Ferrovial","isPartOf":{"@id":"https:\/\/www.ferrovial.com\/es-la\/#website"},"datePublished":"2019-09-05T14:36:09+00:00","dateModified":"2025-06-17T11:22:39+00:00","description":"Nuestro compromiso es disminuir nuestro impacto ambiental. Manteniendo un enfoque preventivo que favorezca el medio ambiente y una gesti\u00f3n efectiva de la calidad.","breadcrumb":{"@id":"https:\/\/www.ferrovial.com\/es-la\/sostenibilidad\/medio-ambiente\/#breadcrumb"},"inLanguage":"es-419","potentialAction":[{"@type":"ReadAction","target":["https:\/\/www.ferrovial.com\/es-la\/sostenibilidad\/medio-ambiente\/"]}]},{"@type":"BreadcrumbList","@id":"https:\/\/www.ferrovial.com\/es-la\/sostenibilidad\/medio-ambiente\/#breadcrumb","itemListElement":[{"@type":"ListItem","position":1,"name":"Portada","item":"https:\/\/www.ferrovial.com\/es-la\/"},{"@type":"ListItem","position":2,"name":"Sostenibilidad","item":"https:\/\/www.ferrovial.com\/es-la\/sostenibilidad\/"},{"@type":"ListItem","position":3,"name":"Medio Ambiente"}]},{"@type":"WebSite","@id":"https:\/\/www.ferrovial.com\/es-la\/#website","url":"https:\/\/www.ferrovial.com\/es-la\/","name":"Ferrovial","description":"Welcome to the Ferrovial&#039;s website, global operator of sustainable infrastructure. Here you can find all the information about the company and subsidiaries.","publisher":{"@id":"https:\/\/www.ferrovial.com\/es-la\/#organization"},"potentialAction":[{"@type":"SearchAction","target":{"@type":"EntryPoint","urlTemplate":"https:\/\/www.ferrovial.com\/es-la\/?s={search_term_string}"},"query-input":{"@type":"PropertyValueSpecification","valueRequired":true,"valueName":"search_term_string"}}],"inLanguage":"es-419"},{"@type":"Organization","@id":"https:\/\/www.ferrovial.com\/es-la\/#organization","name":"Ferrovial S.A.","url":"https:\/\/www.ferrovial.com\/es-la\/","logo":{"@type":"ImageObject","inLanguage":"es-419","@id":"https:\/\/www.ferrovial.com\/es-la\/#\/schema\/logo\/image\/","url":"https:\/\/static.ferrovial.com\/wp-content\/uploads\/2020\/01\/13124948\/logo-ferrovial-cf7.png","contentUrl":"https:\/\/static.ferrovial.com\/wp-content\/uploads\/2020\/01\/13124948\/logo-ferrovial-cf7.png","width":144,"height":32,"caption":"Ferrovial S.A."},"image":{"@id":"https:\/\/www.ferrovial.com\/es-la\/#\/schema\/logo\/image\/"},"sameAs":["https:\/\/www.facebook.com\/ferrovial","https:\/\/x.com\/ferrovial","https:\/\/www.instagram.com\/ferrovial\/","https:\/\/www.linkedin.com\/company\/ferrovial","https:\/\/www.pinterest.es\/ferrovial\/","https:\/\/www.youtube.com\/ferrovial","https:\/\/en.wikipedia.org\/wiki\/Ferrovial"]}]}},"_links":{"self":[{"href":"https:\/\/www.ferrovial.com\/es-la\/wp-json\/wp\/v2\/pages\/133210","targetHints":{"allow":["GET"]}}],"collection":[{"href":"https:\/\/www.ferrovial.com\/es-la\/wp-json\/wp\/v2\/pages"}],"about":[{"href":"https:\/\/www.ferrovial.com\/es-la\/wp-json\/wp\/v2\/types\/page"}],"replies":[{"embeddable":true,"href":"https:\/\/www.ferrovial.com\/es-la\/wp-json\/wp\/v2\/comments?post=133210"}],"version-history":[{"count":3,"href":"https:\/\/www.ferrovial.com\/es-la\/wp-json\/wp\/v2\/pages\/133210\/revisions"}],"predecessor-version":[{"id":307508,"href":"https:\/\/www.ferrovial.com\/es-la\/wp-json\/wp\/v2\/pages\/133210\/revisions\/307508"}],"up":[{"embeddable":true,"href":"https:\/\/www.ferrovial.com\/es-la\/wp-json\/wp\/v2\/pages\/131432"}],"wp:attachment":[{"href":"https:\/\/www.ferrovial.com\/es-la\/wp-json\/wp\/v2\/media?parent=133210"}],"curies":[{"name":"wp","href":"https:\/\/api.w.org\/{rel}","templated":true}]}}