{"id":133229,"date":"2019-09-05T15:51:10","date_gmt":"2019-09-05T13:51:10","guid":{"rendered":"https:\/\/www.ferrovial.com\/bim\/"},"modified":"2020-05-11T13:07:35","modified_gmt":"2020-05-11T11:07:35","slug":"bim","status":"publish","type":"page","link":"https:\/\/www.ferrovial.com\/es-la\/innovacion\/tecnologias\/bim\/","title":{"rendered":"BIM"},"content":{"rendered":"    <m-final-content-header bgimage='https:\/\/static.ferrovial.com\/wp-content\/uploads\/2019\/11\/13132403\/construction-worker-956495_1920-1274x720.jpg'>\n            <c-breadcrumb label-text=\"Breadcrumb\" slot=\"breadcrumbs\" type='2' align='left' wrap='wrapped wrapped' aria-label='Vienes de Tecnolog\u00edas'>\n                        <ol>\n\n                                                            <li><a href=\"https:\/\/www.ferrovial.com\/es-la\/\" title=\"Ferrovial\">Ferrovial<\/a><\/li>\n                                                                        <li><a href=\"https:\/\/www.ferrovial.com\/es\/innovacion\/\" title=\"Innovaci\u00f3n\">Innovaci\u00f3n<\/a><\/li>\n                                                                        <li><a href=\"https:\/\/www.ferrovial.com\/es\/innovacion\/tecnologias\/\" title=\"Tecnolog\u00edas\">Tecnolog\u00edas<\/a><\/li>\n                                    \n                <\/ol>\n\n                <\/c-breadcrumb>\n    \n        <div slot=\"header\">\n            <h1>\n                BIM            <\/h1>\n                    <\/div>\n    <\/m-final-content-header>\n\n    \n\n\n<m-wysiwig class=\"wp-block-components-wysiwyg\"><div slot=\"maincontent\">    <p class=\"intro\">El BIM es una metodolog\u00eda de trabajo orientada a la gesti\u00f3n eficiente de la informaci\u00f3n en entornos colaborativos.<\/p>\n    \n\n\n<h2 class=\"wp-block-heading\">\u00bfQu\u00e9 es el BIM?<\/h2>\n\n\n\n<p>La <strong>metodolog\u00eda\nBIM<\/strong>, acr\u00f3nimo de <em>Building Information Modeling<\/em>, es un proceso de\ngeneraci\u00f3n y gesti\u00f3n de datos e informaci\u00f3n de un edificio o infraestructura a\nlo largo de todo su ciclo de vida. El uso de software din\u00e1mico de modelado permite\nno s\u00f3lo la representaci\u00f3n tridimensional de los activos basada en elementos con\nmetadatos asociados, sino tambi\u00e9n el simular la planificaci\u00f3n de los trabajos (4D),\ngestionar mediciones y costes (5D) todo ello con el objetivo \u00faltimo de\nidentificar, analizar y gestionar riesgos de modo m\u00e1s eficiente en un entorno\nvirtual. <\/p>\n\n\n\n<p>Esta nueva forma de trabajar\nha pasado a formar parte de la estrategia empresarial para la gesti\u00f3n integral\nde proyectos de construcci\u00f3n , como ocurriera en su momento la metodolog\u00eda <em>agile\n<\/em>derivada del entorno de programaci\u00f3n. &nbsp;Mientras que los programas CAD de modelado\nimitaban al dibujo tradicional, <strong>BIM simula procesos reales de construcci\u00f3n y\nmantenimiento.<\/strong> De ah\u00ed <a href=\"https:\/\/www.ferrovial.com\/blog\/es\/2017\/08\/proyectos-bim-construccion\/\" target=\"_blank\" rel=\"noreferrer noopener\">la revoluci\u00f3n<\/a> y la innovaci\u00f3n derivada.<\/p>\n\n\n\n<h2 class=\"wp-block-heading\">Ventajas del <em>Building Information Modeling <\/em><\/h2>\n\n\n\n<p>Esta forma de trabajo permite al proyectista, al constructor y al operador de una infraestructura compartir informaci\u00f3n a lo largo de la vida del proyecto, ofrece la posibilidad de irla modificando a medida que aparecen variaciones o surgen cambios. De esta forma, estando todo vinculado, aumenta la trazabilidad de cada elemento y se elimina la duplicidad de informaci\u00f3n contenida en varias fuentes.<\/p>\n\n\n\n<h2 class=\"wp-block-heading\">\u00bfC\u00f3mo usamos el BIM en nuestros proyectos?<\/h2>\n\n\n\n<p><strong>En 2008 adoptamos la metodolog\u00eda BIM<\/strong> como elemento estrat\u00e9gico y no solo como generador de modelos 3D. Extraer valor de los datos procedentes de diferentes fuentes y almacenarlos de forma estructurada ha sido desde el principio un objetivo.<\/p>\n\n\n\n<p>En fase de obra, BIM\nnos ha ayudado a la coordinaci\u00f3n del dise\u00f1o de ingenier\u00edas -identificando y\neliminando cualquier tipo de interferencias &#8211; y su integraci\u00f3n con el de\ndetalle producido por los subcontratistas, la monitorizaci\u00f3n de la\nplanificaci\u00f3n, la obtenci\u00f3n y an\u00e1lisis comparativo de mediciones, la optimizaci\u00f3n\nde la log\u00edstica de obra, el an\u00e1lisis y simulaci\u00f3n de medidas de Seguridad y\nSalud a implementar as\u00ed como de aspectos medioambientales (generaci\u00f3n de ruido,\nimpacto visual, etc\u2026), &nbsp;la monitorizaci\u00f3n\nde trabajos temporales as\u00ed como la mejora en la calidad de la documentaci\u00f3n final\nentregada a clientes con la incorporaci\u00f3n del \u201cgemelo digital\u201d para facilitar\nlas tareas posteriores de operaci\u00f3n y mantenimiento. <\/p>\n\n\n\n<p>Aunque en algunos pa\u00edses en los que operamos el uso de BIM es obligatorio &#8211; como es <a rel=\"noreferrer noopener\" href=\"https:\/\/www.ferrovial.com\/blog\/es\/2015\/08\/la-implementacion-del-building-information-modeling-en-la-construccion-del-biodomo-de-granada\/\" target=\"_blank\">el caso de Reino Unido desde 2016 para proyectos p\u00fablicos <\/a>\u2013 hemos fomentado el uso y la implementaci\u00f3n de este entorno colaborativo <a rel=\"noreferrer noopener\" href=\"https:\/\/newsroom.ferrovial.com\/es\/noticias\/ferrovial-agroman-ejecutara-soterramientos-ferroviarios-murcia\/\" target=\"_blank\">en nuestras obras<\/a> aun cuando no era un requerimiento contractual, sino porque lo hemos identificado como una herramienta para mejorar eficiencia de determinados procesos de obra. Ello nos ha permitido el aprender a gestionar <strong>el cambio cultural necesario<\/strong> para establecer BIM como base de trabajo sobre la que construir el resto de las operaciones.<\/p>\n\n\n\n<p>No s\u00f3lo las \u00e1reas\nt\u00e9cnicas de la compa\u00f1\u00eda se ven impactadas por la implementaci\u00f3n de esta\nmetodolog\u00eda de trabajo. El hacer realidad su efectiva utilizaci\u00f3n <strong>requiere\nde la participaci\u00f3n y el conocimiento de todas los departamentos de la organizaci\u00f3n<\/strong>\n(recursos humanos, legal, financiero, etc.), motivo por el que <a href=\"https:\/\/newsroom.ferrovial.com\/es\/noticias\/curso-bim-building-smart\/\" target=\"_blank\" rel=\"noreferrer noopener\">hemos dise\u00f1ado y desplegado un ambicioso programa de &nbsp;formaci\u00f3n continua\npara todos nuestros\nempleados<\/a> y demandamos las habilidades necesarias para\ntrabajar con esta metodolog\u00eda a los nuevos candidatos. Al fin y al cabo, BIM es\nla forma de trabajar, no ya del futuro, sino del presente.<\/p>\n<\/div><\/m-wysiwig>\n\n\n    <m-distributor-news  >\n                        <h2 slot=\"title\">Art\u00edculos relacionados en el Ferrovial Blog <\/h2>\n                                <c-link slot=\"link\" icon=\"external\" external=\"true\">\n                    <a href='https:\/\/www.ferrovial.com\/blog\/es\/' title='Ir al blog ' target='_blank' sr-only='Open new window'>Ir al blog <\/a>\n                <\/c-link>\n                                        <div slot=\"report\">\n                            <h3><a href=\"https:\/\/www.ferrovial.com\/es\/accionistas-e-inversores\/hechos-relevantes\/ferrovial-comunica-la-fecha-de-publicacion-de-los-resultados-correspondientes-al-primer-trimestre-de-2026\/\" target='_blank' title=\"Ferrovial comunica la fecha de publicaci\u00f3n de los resultados correspondientes al primer trimestre de 2026\">Ferrovial comunica la fecha de publicaci\u00f3n de los resultados correspondientes al primer trimestre de 2026<\/a><\/h3>\n                                                                <span>16\/04\/2026<\/span>\n                                                            <\/div>\n                                                <div slot=\"report\">\n                            <h3><a href=\"https:\/\/www.ferrovial.com\/es\/accionistas-e-inversores\/hechos-relevantes\/operaciones-efectuadas-por-ferrovial-al-amparo-de-su-programa-de-recompra-de-acciones-propias-entre-el-7-y-el-10-de-abril-de-2026\/\" target='_blank' title=\"Operaciones efectuadas por Ferrovial al amparo de su programa de recompra de acciones propias entre el 7\u00a0y\u00a0el 10 de abril de 2026\">Operaciones efectuadas por Ferrovial al amparo de su programa de recompra de acciones propias entre el 7\u00a0y\u00a0el 10 de abril de 2026<\/a><\/h3>\n                                                                <span>14\/04\/2026<\/span>\n                                                            <\/div>\n                                                <div slot=\"report\">\n                            <h3><a href=\"https:\/\/www.ferrovial.com\/es\/accionistas-e-inversores\/hechos-relevantes\/ferrovial-comunica-los-acuerdos-adoptados-por-la-junta-general-de-accionistas-celebrada-el-9-de-abril-de-2026\/\" target='_blank' title=\"Ferrovial comunica los acuerdos adoptados por la Junta General de Accionistas celebrada el 9 de abril de 2026\">Ferrovial comunica los acuerdos adoptados por la Junta General de Accionistas celebrada el 9 de abril de 2026<\/a><\/h3>\n                                                                <span>09\/04\/2026<\/span>\n                                                            <\/div>\n                                                <div slot=\"report\">\n                            <h3><a href=\"https:\/\/www.ferrovial.com\/es\/accionistas-e-inversores\/hechos-relevantes\/ignacio-madridejos-fernandez-consejero-ejecutivo-2\/\" target='_blank' title=\"Ignacio Madridejos Fern\u00e1ndez - Consejero Ejecutivo\">Ignacio Madridejos Fern\u00e1ndez &#8211; Consejero Ejecutivo<\/a><\/h3>\n                                                                <span>09\/04\/2026<\/span>\n                                                            <\/div>\n                            <\/m-distributor-news>\n    ","protected":false},"excerpt":{"rendered":"","protected":false},"featured_media":0,"parent":173763,"menu_order":0,"comment_status":"closed","ping_status":"closed","template":"","meta":{"_acf_changed":false,"footnotes":""},"class_list":["post-133229","page","type-page","status-publish","hentry"],"acf":[],"yoast_head":"<!-- This site is optimized with the Yoast SEO plugin v27.2 - https:\/\/yoast.com\/product\/yoast-seo-wordpress\/ -->\n<title>\u00bfQu\u00e9 es BIM? Conoce el Building Information Modeling - Ferrovial<\/title>\n<meta name=\"description\" content=\"Welcome to the Ferrovial&#039;s website, global operator of sustainable infrastructure. Here you can find all the information about the company and subsidiaries.\" \/>\n<meta name=\"robots\" content=\"index, follow, max-snippet:-1, max-image-preview:large, max-video-preview:-1\" \/>\n<link rel=\"canonical\" href=\"https:\/\/www.ferrovial.com\/es-la\/innovacion\/tecnologias\/bim\/\" \/>\n<meta property=\"og:locale\" content=\"es_ES\" \/>\n<meta property=\"og:type\" content=\"article\" \/>\n<meta property=\"og:title\" content=\"\u00bfQu\u00e9 es BIM? Conoce el Building Information Modeling - Ferrovial\" \/>\n<meta property=\"og:description\" content=\"Welcome to the Ferrovial&#039;s website, global operator of sustainable infrastructure. Here you can find all the information about the company and subsidiaries.\" \/>\n<meta property=\"og:url\" content=\"https:\/\/www.ferrovial.com\/es-la\/innovacion\/tecnologias\/bim\/\" \/>\n<meta property=\"og:site_name\" content=\"Ferrovial\" \/>\n<meta property=\"article:publisher\" content=\"https:\/\/www.facebook.com\/ferrovial\" \/>\n<meta property=\"article:modified_time\" content=\"2020-05-11T11:07:35+00:00\" \/>\n<meta name=\"twitter:card\" content=\"summary_large_image\" \/>\n<meta name=\"twitter:site\" content=\"@ferrovial\" \/>\n<meta name=\"twitter:label1\" content=\"Est. reading time\" \/>\n\t<meta name=\"twitter:data1\" content=\"3 minutes\" \/>\n<!-- \/ Yoast SEO plugin. -->","yoast_head_json":{"title":"\u00bfQu\u00e9 es BIM? Conoce el Building Information Modeling - Ferrovial","description":"Welcome to the Ferrovial's website, global operator of sustainable infrastructure. Here you can find all the information about the company and subsidiaries.","robots":{"index":"index","follow":"follow","max-snippet":"max-snippet:-1","max-image-preview":"max-image-preview:large","max-video-preview":"max-video-preview:-1"},"canonical":"https:\/\/www.ferrovial.com\/es-la\/innovacion\/tecnologias\/bim\/","og_locale":"es_ES","og_type":"article","og_title":"\u00bfQu\u00e9 es BIM? Conoce el Building Information Modeling - Ferrovial","og_description":"Welcome to the Ferrovial's website, global operator of sustainable infrastructure. Here you can find all the information about the company and subsidiaries.","og_url":"https:\/\/www.ferrovial.com\/es-la\/innovacion\/tecnologias\/bim\/","og_site_name":"Ferrovial","article_publisher":"https:\/\/www.facebook.com\/ferrovial","article_modified_time":"2020-05-11T11:07:35+00:00","twitter_card":"summary_large_image","twitter_site":"@ferrovial","twitter_misc":{"Est. reading time":"3 minutes"},"schema":{"@context":"https:\/\/schema.org","@graph":[{"@type":"WebPage","@id":"https:\/\/www.ferrovial.com\/es-la\/innovacion\/tecnologias\/bim\/","url":"https:\/\/www.ferrovial.com\/es-la\/innovacion\/tecnologias\/bim\/","name":"\u00bfQu\u00e9 es BIM? Conoce el Building Information Modeling - Ferrovial","isPartOf":{"@id":"https:\/\/www.ferrovial.com\/es-la\/#website"},"datePublished":"2019-09-05T13:51:10+00:00","dateModified":"2020-05-11T11:07:35+00:00","description":"Welcome to the Ferrovial's website, global operator of sustainable infrastructure. Here you can find all the information about the company and subsidiaries.","breadcrumb":{"@id":"https:\/\/www.ferrovial.com\/es-la\/innovacion\/tecnologias\/bim\/#breadcrumb"},"inLanguage":"es-419","potentialAction":[{"@type":"ReadAction","target":["https:\/\/www.ferrovial.com\/es-la\/innovacion\/tecnologias\/bim\/"]}]},{"@type":"BreadcrumbList","@id":"https:\/\/www.ferrovial.com\/es-la\/innovacion\/tecnologias\/bim\/#breadcrumb","itemListElement":[{"@type":"ListItem","position":1,"name":"Portada","item":"https:\/\/www.ferrovial.com\/es-la\/"},{"@type":"ListItem","position":2,"name":"Innovaci\u00f3n","item":"https:\/\/www.ferrovial.com\/es-la\/innovacion\/"},{"@type":"ListItem","position":3,"name":"Tecnolog\u00edas","item":"https:\/\/www.ferrovial.com\/es-la\/innovacion\/tecnologias\/"},{"@type":"ListItem","position":4,"name":"BIM"}]},{"@type":"WebSite","@id":"https:\/\/www.ferrovial.com\/es-la\/#website","url":"https:\/\/www.ferrovial.com\/es-la\/","name":"Ferrovial","description":"Welcome to the Ferrovial&#039;s website, global operator of sustainable infrastructure. Here you can find all the information about the company and subsidiaries.","publisher":{"@id":"https:\/\/www.ferrovial.com\/es-la\/#organization"},"potentialAction":[{"@type":"SearchAction","target":{"@type":"EntryPoint","urlTemplate":"https:\/\/www.ferrovial.com\/es-la\/?s={search_term_string}"},"query-input":{"@type":"PropertyValueSpecification","valueRequired":true,"valueName":"search_term_string"}}],"inLanguage":"es-419"},{"@type":"Organization","@id":"https:\/\/www.ferrovial.com\/es-la\/#organization","name":"Ferrovial S.A.","url":"https:\/\/www.ferrovial.com\/es-la\/","logo":{"@type":"ImageObject","inLanguage":"es-419","@id":"https:\/\/www.ferrovial.com\/es-la\/#\/schema\/logo\/image\/","url":"https:\/\/static.ferrovial.com\/wp-content\/uploads\/2020\/01\/13124948\/logo-ferrovial-cf7.png","contentUrl":"https:\/\/static.ferrovial.com\/wp-content\/uploads\/2020\/01\/13124948\/logo-ferrovial-cf7.png","width":144,"height":32,"caption":"Ferrovial S.A."},"image":{"@id":"https:\/\/www.ferrovial.com\/es-la\/#\/schema\/logo\/image\/"},"sameAs":["https:\/\/www.facebook.com\/ferrovial","https:\/\/x.com\/ferrovial","https:\/\/www.instagram.com\/ferrovial\/","https:\/\/www.linkedin.com\/company\/ferrovial","https:\/\/www.pinterest.es\/ferrovial\/","https:\/\/www.youtube.com\/ferrovial","https:\/\/en.wikipedia.org\/wiki\/Ferrovial"]}]}},"_links":{"self":[{"href":"https:\/\/www.ferrovial.com\/es-la\/wp-json\/wp\/v2\/pages\/133229","targetHints":{"allow":["GET"]}}],"collection":[{"href":"https:\/\/www.ferrovial.com\/es-la\/wp-json\/wp\/v2\/pages"}],"about":[{"href":"https:\/\/www.ferrovial.com\/es-la\/wp-json\/wp\/v2\/types\/page"}],"replies":[{"embeddable":true,"href":"https:\/\/www.ferrovial.com\/es-la\/wp-json\/wp\/v2\/comments?post=133229"}],"version-history":[{"count":3,"href":"https:\/\/www.ferrovial.com\/es-la\/wp-json\/wp\/v2\/pages\/133229\/revisions"}],"predecessor-version":[{"id":167108,"href":"https:\/\/www.ferrovial.com\/es-la\/wp-json\/wp\/v2\/pages\/133229\/revisions\/167108"}],"up":[{"embeddable":true,"href":"https:\/\/www.ferrovial.com\/es-la\/wp-json\/wp\/v2\/pages\/173763"}],"wp:attachment":[{"href":"https:\/\/www.ferrovial.com\/es-la\/wp-json\/wp\/v2\/media?parent=133229"}],"curies":[{"name":"wp","href":"https:\/\/api.w.org\/{rel}","templated":true}]}}