{"id":133234,"date":"2019-09-05T15:48:06","date_gmt":"2019-09-05T13:48:06","guid":{"rendered":"https:\/\/www.ferrovial.com\/blockchain\/"},"modified":"2020-04-21T22:48:23","modified_gmt":"2020-04-21T20:48:23","slug":"blockchain","status":"publish","type":"page","link":"https:\/\/www.ferrovial.com\/es-la\/innovacion\/tecnologias\/blockchain\/","title":{"rendered":"Blockchain"},"content":{"rendered":"    <m-final-content-header >\n            <c-breadcrumb label-text=\"Breadcrumb\" slot=\"breadcrumbs\" type='2' align='left' wrap='wrapped wrapped' aria-label='Vienes de Tecnolog\u00edas'>\n                        <ol>\n\n                                                            <li><a href=\"https:\/\/www.ferrovial.com\/es-la\/\" title=\"Ferrovial\">Ferrovial<\/a><\/li>\n                                                                        <li><a href=\"https:\/\/www.ferrovial.com\/es\/innovacion\/\" title=\"Innovaci\u00f3n\">Innovaci\u00f3n<\/a><\/li>\n                                                                        <li><a href=\"https:\/\/www.ferrovial.com\/es\/innovacion\/tecnologias\/\" title=\"Tecnolog\u00edas\">Tecnolog\u00edas<\/a><\/li>\n                                    \n                <\/ol>\n\n                <\/c-breadcrumb>\n    \n        <div slot=\"header\">\n            <h1>\n                Blockchain            <\/h1>\n                    <\/div>\n    <\/m-final-content-header>\n\n    \n\n\n<m-wysiwig class=\"wp-block-components-wysiwyg\"><div slot=\"maincontent\">    <p class=\"intro\">La tecnolog\u00eda blockchain va a simplificar los intercambios de informaci\u00f3n, as\u00ed como hacerlos mucho m\u00e1s seguros y fiables.<\/p>\n    \n\n\n<h2 class=\"wp-block-heading\">\u00bfQu\u00e9 es el blockchain? <\/h2>\n\n\n\n<p>La <strong>tecnolog\u00eda <\/strong><strong><em>blockchain<\/em><\/strong><strong>, o tecnolog\u00eda de cadena de bloques<\/strong>, consiste en una forma de registrar y estructurar datos de forma tal que estos quedan enlazados entre s\u00ed formando cadenas distribuidas en varios servidores. Esta jerarqu\u00eda hace extremadamente dif\u00edcil manipularlos, ofreciendo una forma fiable y segura de guardar informaci\u00f3n. Es, de forma simplificada, <strong>un registro de datos seguro<\/strong>.<\/p>\n\n\n\n<p>La primera vez que se us\u00f3 fue en la conocida moneda Bitcoin en 2009, pero su aplicaci\u00f3n en todo tipo de sectores tecnol\u00f3gicos y de innovaci\u00f3n ha ido abri\u00e9ndose paso para alcanzar al sector bancario, la industria, la sanidad, los contratos inteligentes, o la log\u00edstica, entre otros. Tambi\u00e9n es de aplicaci\u00f3n en plataformas verticales (contabilidad, RRHH) y horizontales entre empresas.<\/p>\n\n\n\n<h2 class=\"wp-block-heading\">Ventajas del blockchain <\/h2>\n\n\n\n<p>Uno de los puntos fuertes de esta tecnolog\u00eda es la <strong>descentralizaci\u00f3n de la informaci\u00f3n<\/strong>, o el almacenamiento distribuido. La misma informaci\u00f3n aparece almacenada en diferentes nodos o libros de registro, lo que hace inviable una manipulaci\u00f3n maliciosa. Si uno de ellos logra ser manipulado, el resto detectan y corrigen el error.<\/p>\n\n\n\n<p>Esta propiedad ha llevado a nuestra empresa, en alianza con otras como Repsol, Sabadell, Cepsa, Grupo Red El\u00e9ctrica y Mapfre, a <a href=\"https:\/\/newsroom.ferrovial.com\/es\/noticias\/digitalis-plataforma-blockchain-identidad-digital-proveedores\/\" title=\"DIGITALIS, primera plataforma blockchain para la creaci\u00f3n y validaci\u00f3n distribuida de identidad digital de proveedores.\" target=\"_blank\" rel=\"dofollow noopener noreferrer\">dise\u00f1ar una plataforma basada en <em>blockchain<\/em><\/a><em> <\/em> que permite la creaci\u00f3n y validaci\u00f3n distribuida de identidad para proveedores. Esta herramienta aporta fiabilidad al quedar cada agente ligado a una identidad digital verificable, pero tambi\u00e9n reduce costes.<\/p>\n\n\n\n<p>Otro de los aspectos clave de las cadenas de bloques es que <strong>las tareas burocr\u00e1ticas se reducen<\/strong> al ser la propia red la que verifica. En materia de construcci\u00f3n la revisi\u00f3n constante de la normativa de seguridad y salud requiere de grandes departamentos de t\u00e9cnicos verificando que los trabajadores cuenten con los cursos, permisos y competencias. El blockchain simplificar\u00e1 el proceso.<\/p>\n\n\n\n<p>Contar con una cadena de bloques accesible por varios agentes evita, adem\u00e1s, que un proveedor com\u00fan tenga que repetir varias veces el mismo proceso de aprobaci\u00f3n. Esta tecnolog\u00eda elimina barreras burocr\u00e1ticas para las empresas, pero tambi\u00e9n minimiza errores como, por ejemplo, desplazamientos en balde porque uno de los documentos de un t\u00e9cnico no haya sido validado.<\/p>\n<\/div><\/m-wysiwig>\n","protected":false},"excerpt":{"rendered":"","protected":false},"featured_media":0,"parent":173763,"menu_order":0,"comment_status":"closed","ping_status":"closed","template":"","meta":{"_acf_changed":false,"footnotes":""},"class_list":["post-133234","page","type-page","status-publish","hentry"],"acf":[],"yoast_head":"<!-- This site is optimized with the Yoast SEO plugin v27.2 - https:\/\/yoast.com\/product\/yoast-seo-wordpress\/ -->\n<title>Blockchain: qu\u00e9 es y qu\u00e9 ventajas tiene para las empresas - Ferrovial<\/title>\n<meta name=\"description\" content=\"La tecnolog\u00eda blockchain va a simplificar los intercambios de informaci\u00f3n. Uno de los puntos fuertes es la descentralizaci\u00f3n de la informaci\u00f3n o el ...\" \/>\n<meta name=\"robots\" content=\"index, follow, max-snippet:-1, max-image-preview:large, max-video-preview:-1\" \/>\n<link rel=\"canonical\" href=\"https:\/\/www.ferrovial.com\/es-la\/innovacion\/tecnologias\/blockchain\/\" \/>\n<meta property=\"og:locale\" content=\"es_ES\" \/>\n<meta property=\"og:type\" content=\"article\" \/>\n<meta property=\"og:title\" content=\"Blockchain: qu\u00e9 es y qu\u00e9 ventajas tiene para las empresas - Ferrovial\" \/>\n<meta property=\"og:description\" content=\"La tecnolog\u00eda blockchain va a simplificar los intercambios de informaci\u00f3n. Uno de los puntos fuertes es la descentralizaci\u00f3n de la informaci\u00f3n o el ...\" \/>\n<meta property=\"og:url\" content=\"https:\/\/www.ferrovial.com\/es-la\/innovacion\/tecnologias\/blockchain\/\" \/>\n<meta property=\"og:site_name\" content=\"Ferrovial\" \/>\n<meta property=\"article:publisher\" content=\"https:\/\/www.facebook.com\/ferrovial\" \/>\n<meta property=\"article:modified_time\" content=\"2020-04-21T20:48:23+00:00\" \/>\n<meta name=\"twitter:card\" content=\"summary_large_image\" \/>\n<meta name=\"twitter:site\" content=\"@ferrovial\" \/>\n<meta name=\"twitter:label1\" content=\"Est. reading time\" \/>\n\t<meta name=\"twitter:data1\" content=\"2 minutes\" \/>\n<!-- \/ Yoast SEO plugin. -->","yoast_head_json":{"title":"Blockchain: qu\u00e9 es y qu\u00e9 ventajas tiene para las empresas - Ferrovial","description":"La tecnolog\u00eda blockchain va a simplificar los intercambios de informaci\u00f3n. Uno de los puntos fuertes es la descentralizaci\u00f3n de la informaci\u00f3n o el ...","robots":{"index":"index","follow":"follow","max-snippet":"max-snippet:-1","max-image-preview":"max-image-preview:large","max-video-preview":"max-video-preview:-1"},"canonical":"https:\/\/www.ferrovial.com\/es-la\/innovacion\/tecnologias\/blockchain\/","og_locale":"es_ES","og_type":"article","og_title":"Blockchain: qu\u00e9 es y qu\u00e9 ventajas tiene para las empresas - Ferrovial","og_description":"La tecnolog\u00eda blockchain va a simplificar los intercambios de informaci\u00f3n. Uno de los puntos fuertes es la descentralizaci\u00f3n de la informaci\u00f3n o el ...","og_url":"https:\/\/www.ferrovial.com\/es-la\/innovacion\/tecnologias\/blockchain\/","og_site_name":"Ferrovial","article_publisher":"https:\/\/www.facebook.com\/ferrovial","article_modified_time":"2020-04-21T20:48:23+00:00","twitter_card":"summary_large_image","twitter_site":"@ferrovial","twitter_misc":{"Est. reading time":"2 minutes"},"schema":{"@context":"https:\/\/schema.org","@graph":[{"@type":"WebPage","@id":"https:\/\/www.ferrovial.com\/es-la\/innovacion\/tecnologias\/blockchain\/","url":"https:\/\/www.ferrovial.com\/es-la\/innovacion\/tecnologias\/blockchain\/","name":"Blockchain: qu\u00e9 es y qu\u00e9 ventajas tiene para las empresas - Ferrovial","isPartOf":{"@id":"https:\/\/www.ferrovial.com\/es-la\/#website"},"datePublished":"2019-09-05T13:48:06+00:00","dateModified":"2020-04-21T20:48:23+00:00","description":"La tecnolog\u00eda blockchain va a simplificar los intercambios de informaci\u00f3n. Uno de los puntos fuertes es la descentralizaci\u00f3n de la informaci\u00f3n o el ...","breadcrumb":{"@id":"https:\/\/www.ferrovial.com\/es-la\/innovacion\/tecnologias\/blockchain\/#breadcrumb"},"inLanguage":"es-419","potentialAction":[{"@type":"ReadAction","target":["https:\/\/www.ferrovial.com\/es-la\/innovacion\/tecnologias\/blockchain\/"]}]},{"@type":"BreadcrumbList","@id":"https:\/\/www.ferrovial.com\/es-la\/innovacion\/tecnologias\/blockchain\/#breadcrumb","itemListElement":[{"@type":"ListItem","position":1,"name":"Portada","item":"https:\/\/www.ferrovial.com\/es-la\/"},{"@type":"ListItem","position":2,"name":"Innovaci\u00f3n","item":"https:\/\/www.ferrovial.com\/es-la\/innovacion\/"},{"@type":"ListItem","position":3,"name":"Tecnolog\u00edas","item":"https:\/\/www.ferrovial.com\/es-la\/innovacion\/tecnologias\/"},{"@type":"ListItem","position":4,"name":"Blockchain"}]},{"@type":"WebSite","@id":"https:\/\/www.ferrovial.com\/es-la\/#website","url":"https:\/\/www.ferrovial.com\/es-la\/","name":"Ferrovial","description":"Welcome to the Ferrovial&#039;s website, global operator of sustainable infrastructure. Here you can find all the information about the company and subsidiaries.","publisher":{"@id":"https:\/\/www.ferrovial.com\/es-la\/#organization"},"potentialAction":[{"@type":"SearchAction","target":{"@type":"EntryPoint","urlTemplate":"https:\/\/www.ferrovial.com\/es-la\/?s={search_term_string}"},"query-input":{"@type":"PropertyValueSpecification","valueRequired":true,"valueName":"search_term_string"}}],"inLanguage":"es-419"},{"@type":"Organization","@id":"https:\/\/www.ferrovial.com\/es-la\/#organization","name":"Ferrovial S.A.","url":"https:\/\/www.ferrovial.com\/es-la\/","logo":{"@type":"ImageObject","inLanguage":"es-419","@id":"https:\/\/www.ferrovial.com\/es-la\/#\/schema\/logo\/image\/","url":"https:\/\/static.ferrovial.com\/wp-content\/uploads\/2020\/01\/13124948\/logo-ferrovial-cf7.png","contentUrl":"https:\/\/static.ferrovial.com\/wp-content\/uploads\/2020\/01\/13124948\/logo-ferrovial-cf7.png","width":144,"height":32,"caption":"Ferrovial S.A."},"image":{"@id":"https:\/\/www.ferrovial.com\/es-la\/#\/schema\/logo\/image\/"},"sameAs":["https:\/\/www.facebook.com\/ferrovial","https:\/\/x.com\/ferrovial","https:\/\/www.instagram.com\/ferrovial\/","https:\/\/www.linkedin.com\/company\/ferrovial","https:\/\/www.pinterest.es\/ferrovial\/","https:\/\/www.youtube.com\/ferrovial","https:\/\/en.wikipedia.org\/wiki\/Ferrovial"]}]}},"_links":{"self":[{"href":"https:\/\/www.ferrovial.com\/es-la\/wp-json\/wp\/v2\/pages\/133234","targetHints":{"allow":["GET"]}}],"collection":[{"href":"https:\/\/www.ferrovial.com\/es-la\/wp-json\/wp\/v2\/pages"}],"about":[{"href":"https:\/\/www.ferrovial.com\/es-la\/wp-json\/wp\/v2\/types\/page"}],"replies":[{"embeddable":true,"href":"https:\/\/www.ferrovial.com\/es-la\/wp-json\/wp\/v2\/comments?post=133234"}],"version-history":[{"count":1,"href":"https:\/\/www.ferrovial.com\/es-la\/wp-json\/wp\/v2\/pages\/133234\/revisions"}],"predecessor-version":[{"id":150632,"href":"https:\/\/www.ferrovial.com\/es-la\/wp-json\/wp\/v2\/pages\/133234\/revisions\/150632"}],"up":[{"embeddable":true,"href":"https:\/\/www.ferrovial.com\/es-la\/wp-json\/wp\/v2\/pages\/173763"}],"wp:attachment":[{"href":"https:\/\/www.ferrovial.com\/es-la\/wp-json\/wp\/v2\/media?parent=133234"}],"curies":[{"name":"wp","href":"https:\/\/api.w.org\/{rel}","templated":true}]}}