{"id":133253,"date":"2019-09-05T15:26:31","date_gmt":"2019-09-05T13:26:31","guid":{"rendered":"https:\/\/www.ferrovial.com\/innovacion\/como-innovamos\/abierta\/corporaciones\/"},"modified":"2020-04-21T22:31:50","modified_gmt":"2020-04-21T20:31:50","slug":"corporaciones","status":"publish","type":"page","link":"https:\/\/www.ferrovial.com\/es-la\/innovacion\/como-innovamos\/abierta\/corporaciones\/","title":{"rendered":"Corporaciones"},"content":{"rendered":"    <m-final-content-header bgimage='https:\/\/static.ferrovial.com\/wp-content\/uploads\/2019\/11\/13135539\/cpd-telefonica.jpg'>\n            <c-breadcrumb label-text=\"Breadcrumb\" slot=\"breadcrumbs\" type='2' align='left' wrap='wrapped wrapped' aria-label='Vienes de Innovaci\u00f3n abierta'>\n                        <ol>\n\n                                                            <li><a href=\"https:\/\/www.ferrovial.com\/es-la\/\" title=\"Ferrovial\">Ferrovial<\/a><\/li>\n                                                                        <li><a href=\"https:\/\/www.ferrovial.com\/es\/innovacion\/\" title=\"Innovaci\u00f3n\">Innovaci\u00f3n<\/a><\/li>\n                                                                        <li><a href=\"https:\/\/www.ferrovial.com\/es\/innovacion\/como-innovamos\/\" title=\"C\u00f3mo innovamos\">C\u00f3mo innovamos<\/a><\/li>\n                                                                        <li><a href=\"https:\/\/www.ferrovial.com\/es\/innovacion\/como-innovamos\/abierta\/\" title=\"Innovaci\u00f3n abierta\">Innovaci\u00f3n abierta<\/a><\/li>\n                                    \n                <\/ol>\n\n                <\/c-breadcrumb>\n    \n        <div slot=\"header\">\n            <h1>\n                Corporaciones            <\/h1>\n                    <\/div>\n    <\/m-final-content-header>\n\n    \n\n\n<m-wysiwig class=\"wp-block-components-wysiwyg\"><div slot=\"maincontent\">    <p class=\"intro\">La colaboraci\u00f3n con grandes corporaciones tiene el objetivo de unir fuerzas siempre buscando el beneficio mutuo, compartir buenas pr\u00e1cticas en el desarrollo y la gesti\u00f3n de la innovaci\u00f3n, y aumentar la capacidad de atracci\u00f3n de cara al ecosistema de startups. <\/p>\n    \n\n\n<p>La colaboraci\u00f3n entre empresas implica un <strong>beneficio mutuo <\/strong>para ambas partes ya sea mediante el desarrollo conjunto de una nueva soluci\u00f3n, ya sea gracias a compartir conocimiento o gracias a que dicha uni\u00f3n puede atraer a <em>startups <\/em>con una madurez mayor.&nbsp; <\/p>\n\n\n\n<p>En el contexto de las <strong>nuevas tecnolog\u00edas<\/strong> (<a title=\"Rob\u00f3tica e inteligencia artificial: Los robots que dejaron de preguntar y mejoraron el mundo - Ferrovial Blog\" rel=\"dofollow noopener noreferrer\" href=\"https:\/\/www.ferrovial.com\/blog\/es\/2017\/03\/robotica-e-inteligencia-artificial-robots-mejoran-el-mundo\/\" target=\"_blank\">inteligencia artificial<\/a>,<a title=\"La gamificaci\u00f3n y la realidad virtual pueden transformar el futuro de la industria ferroviaria en m\u00e1s de un aspecto - Ferrovial Blog\" rel=\"dofollow noopener noreferrer\" href=\"https:\/\/www.ferrovial.com\/blog\/es\/2018\/02\/gamificacion-y-realidad-virtual-en-la-industria-ferroviaria\/\" target=\"_blank\"> realidad virtual<\/a>,<a title=\"La tecnolog\u00eda Blockchain. Qu\u00e9 es y c\u00f3mo transformar\u00e1 nuestras vidas - Ferrovial Blog\" rel=\"dofollow noopener noreferrer\" href=\"https:\/\/www.ferrovial.com\/blog\/es\/2017\/12\/tecnologia-blockchain-bitcoins\/\" target=\"_blank\"> blockchain<\/a>,<a title=\"Big data para ciudades inteligentes, los datos para mejorar los servicios en las ciudades - Ferrovial blog\" rel=\"dofollow noopener noreferrer\" href=\"https:\/\/www.ferrovial.com\/blog\/es\/2017\/10\/big-data-ciudades-inteligentes-servicios\/\" target=\"_blank\"> big data<\/a>,<a title=\"Mobility as a service MaaS transporte, menos veh\u00edculos- Ferrovial Blog\" rel=\"dofollow noopener noreferrer\" href=\"https:\/\/www.ferrovial.com\/blog\/es\/2017\/01\/mobility-as-a-service-maas-transporte-menos-vehiculos\/\" target=\"_blank\"> movilidad como servicio<\/a>,<a title=\"La tecnolog\u00eda m\u00f3vil 5G y su llegada a las ciudades, carreteras y autopistas - Ferrovial Blog\" rel=\"dofollow noopener noreferrer\" href=\"https:\/\/www.ferrovial.com\/blog\/es\/2018\/03\/la-tecnologia-movil-5g-y-su-llegada-a-las-ciudades-carreteras-y-autopistas\/\" target=\"_blank\"> tecnolog\u00edas 5G<\/a>, entre otras) y los <strong>nuevos modelos de negocio disruptivos <\/strong>que est\u00e1n surgiendo a ra\u00edz de las mismas, la colaboraci\u00f3n con otras corporaciones facilita estar al d\u00eda en cuanto a las tendencias relacionadas con dichas tecnolog\u00edas. Compartir conocimiento ayuda a analizar mejor la <strong>r\u00e1pida evoluci\u00f3n de la tecnolog\u00eda<\/strong>. <\/p>\n\n\n\n<p>Las grandes corporaciones con las que trabajamos pertenecen a distintos sectores relacionados con las \u00e1reas de inter\u00e9s de nuestras unidades de negocio y con temas transversales que afectan a las operaciones de gesti\u00f3n y direcci\u00f3n de la compa\u00f1\u00eda como la banca, las telecomunicaciones, integradores de sistemas, de servicios p\u00fablicos, aseguradoras, entre otras.<\/p>\n<\/div><\/m-wysiwig>\n","protected":false},"excerpt":{"rendered":"","protected":false},"featured_media":0,"parent":131421,"menu_order":0,"comment_status":"closed","ping_status":"closed","template":"","meta":{"_acf_changed":false,"footnotes":""},"class_list":["post-133253","page","type-page","status-publish","hentry"],"acf":[],"yoast_head":"<!-- This site is optimized with the Yoast SEO plugin v27.2 - https:\/\/yoast.com\/product\/yoast-seo-wordpress\/ -->\n<title>Corporaciones - Innovaci\u00f3n Abierta - Ferrovial<\/title>\n<meta name=\"description\" content=\"Colaboramos con aquellas grandes corporaciones que nos permiten posicionarnos en la vanguardia de tecnolog\u00edas clave para conseguir un desarrollo eficiente y competitivo.\" \/>\n<meta name=\"robots\" content=\"index, follow, max-snippet:-1, max-image-preview:large, max-video-preview:-1\" \/>\n<link rel=\"canonical\" href=\"https:\/\/www.ferrovial.com\/es-la\/innovacion\/como-innovamos\/abierta\/corporaciones\/\" \/>\n<meta property=\"og:locale\" content=\"es_ES\" \/>\n<meta property=\"og:type\" content=\"article\" \/>\n<meta property=\"og:title\" content=\"Corporaciones - Innovaci\u00f3n Abierta - Ferrovial\" \/>\n<meta property=\"og:description\" content=\"Colaboramos con aquellas grandes corporaciones que nos permiten posicionarnos en la vanguardia de tecnolog\u00edas clave para conseguir un desarrollo eficiente y competitivo.\" \/>\n<meta property=\"og:url\" content=\"https:\/\/www.ferrovial.com\/es-la\/innovacion\/como-innovamos\/abierta\/corporaciones\/\" \/>\n<meta property=\"og:site_name\" content=\"Ferrovial\" \/>\n<meta property=\"article:publisher\" content=\"https:\/\/www.facebook.com\/ferrovial\" \/>\n<meta property=\"article:modified_time\" content=\"2020-04-21T20:31:50+00:00\" \/>\n<meta name=\"twitter:card\" content=\"summary_large_image\" \/>\n<meta name=\"twitter:site\" content=\"@ferrovial\" \/>\n<meta name=\"twitter:label1\" content=\"Est. reading time\" \/>\n\t<meta name=\"twitter:data1\" content=\"1 minute\" \/>\n<!-- \/ Yoast SEO plugin. -->","yoast_head_json":{"title":"Corporaciones - Innovaci\u00f3n Abierta - Ferrovial","description":"Colaboramos con aquellas grandes corporaciones que nos permiten posicionarnos en la vanguardia de tecnolog\u00edas clave para conseguir un desarrollo eficiente y competitivo.","robots":{"index":"index","follow":"follow","max-snippet":"max-snippet:-1","max-image-preview":"max-image-preview:large","max-video-preview":"max-video-preview:-1"},"canonical":"https:\/\/www.ferrovial.com\/es-la\/innovacion\/como-innovamos\/abierta\/corporaciones\/","og_locale":"es_ES","og_type":"article","og_title":"Corporaciones - Innovaci\u00f3n Abierta - Ferrovial","og_description":"Colaboramos con aquellas grandes corporaciones que nos permiten posicionarnos en la vanguardia de tecnolog\u00edas clave para conseguir un desarrollo eficiente y competitivo.","og_url":"https:\/\/www.ferrovial.com\/es-la\/innovacion\/como-innovamos\/abierta\/corporaciones\/","og_site_name":"Ferrovial","article_publisher":"https:\/\/www.facebook.com\/ferrovial","article_modified_time":"2020-04-21T20:31:50+00:00","twitter_card":"summary_large_image","twitter_site":"@ferrovial","twitter_misc":{"Est. reading time":"1 minute"},"schema":{"@context":"https:\/\/schema.org","@graph":[{"@type":"WebPage","@id":"https:\/\/www.ferrovial.com\/es-la\/innovacion\/como-innovamos\/abierta\/corporaciones\/","url":"https:\/\/www.ferrovial.com\/es-la\/innovacion\/como-innovamos\/abierta\/corporaciones\/","name":"Corporaciones - Innovaci\u00f3n Abierta - Ferrovial","isPartOf":{"@id":"https:\/\/www.ferrovial.com\/es-la\/#website"},"datePublished":"2019-09-05T13:26:31+00:00","dateModified":"2020-04-21T20:31:50+00:00","description":"Colaboramos con aquellas grandes corporaciones que nos permiten posicionarnos en la vanguardia de tecnolog\u00edas clave para conseguir un desarrollo eficiente y competitivo.","breadcrumb":{"@id":"https:\/\/www.ferrovial.com\/es-la\/innovacion\/como-innovamos\/abierta\/corporaciones\/#breadcrumb"},"inLanguage":"es-419","potentialAction":[{"@type":"ReadAction","target":["https:\/\/www.ferrovial.com\/es-la\/innovacion\/como-innovamos\/abierta\/corporaciones\/"]}]},{"@type":"BreadcrumbList","@id":"https:\/\/www.ferrovial.com\/es-la\/innovacion\/como-innovamos\/abierta\/corporaciones\/#breadcrumb","itemListElement":[{"@type":"ListItem","position":1,"name":"Portada","item":"https:\/\/www.ferrovial.com\/es-la\/"},{"@type":"ListItem","position":2,"name":"Innovaci\u00f3n","item":"https:\/\/www.ferrovial.com\/es-la\/innovacion\/"},{"@type":"ListItem","position":3,"name":"C\u00f3mo innovamos","item":"https:\/\/www.ferrovial.com\/es-la\/innovacion\/como-innovamos\/"},{"@type":"ListItem","position":4,"name":"Innovaci\u00f3n abierta","item":"https:\/\/www.ferrovial.com\/es-la\/innovacion\/como-innovamos\/abierta\/"},{"@type":"ListItem","position":5,"name":"Corporaciones"}]},{"@type":"WebSite","@id":"https:\/\/www.ferrovial.com\/es-la\/#website","url":"https:\/\/www.ferrovial.com\/es-la\/","name":"Ferrovial","description":"Welcome to the Ferrovial&#039;s website, global operator of sustainable infrastructure. Here you can find all the information about the company and subsidiaries.","publisher":{"@id":"https:\/\/www.ferrovial.com\/es-la\/#organization"},"potentialAction":[{"@type":"SearchAction","target":{"@type":"EntryPoint","urlTemplate":"https:\/\/www.ferrovial.com\/es-la\/?s={search_term_string}"},"query-input":{"@type":"PropertyValueSpecification","valueRequired":true,"valueName":"search_term_string"}}],"inLanguage":"es-419"},{"@type":"Organization","@id":"https:\/\/www.ferrovial.com\/es-la\/#organization","name":"Ferrovial S.A.","url":"https:\/\/www.ferrovial.com\/es-la\/","logo":{"@type":"ImageObject","inLanguage":"es-419","@id":"https:\/\/www.ferrovial.com\/es-la\/#\/schema\/logo\/image\/","url":"https:\/\/static.ferrovial.com\/wp-content\/uploads\/2020\/01\/13124948\/logo-ferrovial-cf7.png","contentUrl":"https:\/\/static.ferrovial.com\/wp-content\/uploads\/2020\/01\/13124948\/logo-ferrovial-cf7.png","width":144,"height":32,"caption":"Ferrovial S.A."},"image":{"@id":"https:\/\/www.ferrovial.com\/es-la\/#\/schema\/logo\/image\/"},"sameAs":["https:\/\/www.facebook.com\/ferrovial","https:\/\/x.com\/ferrovial","https:\/\/www.instagram.com\/ferrovial\/","https:\/\/www.linkedin.com\/company\/ferrovial","https:\/\/www.pinterest.es\/ferrovial\/","https:\/\/www.youtube.com\/ferrovial","https:\/\/en.wikipedia.org\/wiki\/Ferrovial"]}]}},"_links":{"self":[{"href":"https:\/\/www.ferrovial.com\/es-la\/wp-json\/wp\/v2\/pages\/133253","targetHints":{"allow":["GET"]}}],"collection":[{"href":"https:\/\/www.ferrovial.com\/es-la\/wp-json\/wp\/v2\/pages"}],"about":[{"href":"https:\/\/www.ferrovial.com\/es-la\/wp-json\/wp\/v2\/types\/page"}],"replies":[{"embeddable":true,"href":"https:\/\/www.ferrovial.com\/es-la\/wp-json\/wp\/v2\/comments?post=133253"}],"version-history":[{"count":1,"href":"https:\/\/www.ferrovial.com\/es-la\/wp-json\/wp\/v2\/pages\/133253\/revisions"}],"predecessor-version":[{"id":163445,"href":"https:\/\/www.ferrovial.com\/es-la\/wp-json\/wp\/v2\/pages\/133253\/revisions\/163445"}],"up":[{"embeddable":true,"href":"https:\/\/www.ferrovial.com\/es-la\/wp-json\/wp\/v2\/pages\/131421"}],"wp:attachment":[{"href":"https:\/\/www.ferrovial.com\/es-la\/wp-json\/wp\/v2\/media?parent=133253"}],"curies":[{"name":"wp","href":"https:\/\/api.w.org\/{rel}","templated":true}]}}