{"id":133267,"date":"2019-09-05T14:56:29","date_gmt":"2019-09-05T12:56:29","guid":{"rendered":"https:\/\/www.ferrovial.com\/innovacion\/como-innovamos\/cultura\/shuttle-x\/"},"modified":"2020-04-21T22:29:53","modified_gmt":"2020-04-21T20:29:53","slug":"shuttle-x","status":"publish","type":"page","link":"https:\/\/www.ferrovial.com\/es-la\/innovacion\/como-innovamos\/cultura\/shuttle-x\/","title":{"rendered":"Shuttle X"},"content":{"rendered":"    <m-final-content-header bgimage='https:\/\/static.ferrovial.com\/wp-content\/uploads\/2019\/09\/13140606\/shuttlex-1-e1526547969988.jpg'>\n            <c-breadcrumb label-text=\"Breadcrumb\" slot=\"breadcrumbs\" type='2' align='left' wrap='wrapped wrapped' aria-label='Vienes de Cultura de innovaci\u00f3n'>\n                        <ol>\n\n                                                            <li><a href=\"https:\/\/www.ferrovial.com\/es-la\/\" title=\"Ferrovial\">Ferrovial<\/a><\/li>\n                                                                        <li><a href=\"https:\/\/www.ferrovial.com\/es\/innovacion\/\" title=\"Innovaci\u00f3n\">Innovaci\u00f3n<\/a><\/li>\n                                                                        <li><a href=\"https:\/\/www.ferrovial.com\/es\/innovacion\/como-innovamos\/\" title=\"C\u00f3mo innovamos\">C\u00f3mo innovamos<\/a><\/li>\n                                                                        <li><a href=\"https:\/\/www.ferrovial.com\/es\/innovacion\/como-innovamos\/cultura\/\" title=\"Cultura de innovaci\u00f3n\">Cultura de innovaci\u00f3n<\/a><\/li>\n                                    \n                <\/ol>\n\n                <\/c-breadcrumb>\n    \n        <div slot=\"header\">\n            <h1>\n                Shuttle X            <\/h1>\n                    <\/div>\n    <\/m-final-content-header>\n\n    \n\n\n<m-wysiwig class=\"wp-block-components-wysiwyg\"><div slot=\"maincontent\">    <p class=\"intro\">ShuttleX es un programa de intraemprendimiento para dar soluci\u00f3n a nuestros retos a trav\u00e9s de la creaci\u00f3n de equipos multidisciplinares.<\/p>\n    \n\n\n<p>Este es el programa de intraemprendimiento entroncado en la empresa para dar soluci\u00f3n a retos a trav\u00e9s de la creaci\u00f3n de <strong>equipos multidisciplinares<\/strong>. Apelando al talento interno, trabajamos desde la generaci\u00f3n de ideas hasta la obtenci\u00f3n de<strong> prototipos validados <\/strong>para que sean activados por la compa\u00f1\u00eda.<\/p>\n\n\n\n<p>Diversos equipos compuestos por profesionales de diferentes \u00e1reas siguen el proceso de<em> Lean Startup <\/em>para desarrollar modelos de negocio tangibles que son presentados al <a href=\"https:\/\/www.ferrovial.com\/es-la\/compania\/sobre-nosotros\/comite-direccion\/\" title=\"Comit\u00e9 de Direcci\u00f3n de Ferrovial\" target=\"_blank\" rel=\"dofollow noopener noreferrer\">Comit\u00e9 de Direcci\u00f3n<\/a> al final del programa.<\/p>\n\n\n\n<p>Tambi\u00e9n cuenta con la participaci\u00f3n de <strong>mentores <\/strong>que acompa\u00f1an a cada equipo en el desarrollo del proyecto con dos objetivos:<\/p>\n\n\n\n<ul class=\"wp-block-list\"><li>Asegurar que la propuesta est\u00e1 alineada con los retos lanzados.<\/li><li>La viabilidad y rentabilidad del modelo de negocio propuesto.<\/li><\/ul>\n<\/div><\/m-wysiwig>\n","protected":false},"excerpt":{"rendered":"","protected":false},"featured_media":0,"parent":131423,"menu_order":0,"comment_status":"closed","ping_status":"closed","template":"","meta":{"_acf_changed":false,"footnotes":""},"class_list":["post-133267","page","type-page","status-publish","hentry"],"acf":[],"yoast_head":"<!-- This site is optimized with the Yoast SEO plugin v27.2 - https:\/\/yoast.com\/product\/yoast-seo-wordpress\/ -->\n<title>ShuttleX - Programa de intraemprendimiento - Ferrovial<\/title>\n<meta name=\"description\" content=\"ShuttleX es un programa de intraemprendimiento para dar soluci\u00f3n a retos de Ferrovial a trav\u00e9s de la creaci\u00f3n de equipos multidisciplinares. Entra e inf\u00f3rmate\" \/>\n<meta name=\"robots\" content=\"index, follow, max-snippet:-1, max-image-preview:large, max-video-preview:-1\" \/>\n<link rel=\"canonical\" href=\"https:\/\/www.ferrovial.com\/es-la\/innovacion\/como-innovamos\/cultura\/shuttle-x\/\" \/>\n<meta property=\"og:locale\" content=\"es_ES\" \/>\n<meta property=\"og:type\" content=\"article\" \/>\n<meta property=\"og:title\" content=\"ShuttleX - Programa de intraemprendimiento - Ferrovial\" \/>\n<meta property=\"og:description\" content=\"ShuttleX es un programa de intraemprendimiento para dar soluci\u00f3n a retos de Ferrovial a trav\u00e9s de la creaci\u00f3n de equipos multidisciplinares. Entra e inf\u00f3rmate\" \/>\n<meta property=\"og:url\" content=\"https:\/\/www.ferrovial.com\/es-la\/innovacion\/como-innovamos\/cultura\/shuttle-x\/\" \/>\n<meta property=\"og:site_name\" content=\"Ferrovial\" \/>\n<meta property=\"article:publisher\" content=\"https:\/\/www.facebook.com\/ferrovial\" \/>\n<meta property=\"article:modified_time\" content=\"2020-04-21T20:29:53+00:00\" \/>\n<meta name=\"twitter:card\" content=\"summary_large_image\" \/>\n<meta name=\"twitter:site\" content=\"@ferrovial\" \/>\n<meta name=\"twitter:label1\" content=\"Est. reading time\" \/>\n\t<meta name=\"twitter:data1\" content=\"1 minute\" \/>\n<!-- \/ Yoast SEO plugin. -->","yoast_head_json":{"title":"ShuttleX - Programa de intraemprendimiento - Ferrovial","description":"ShuttleX es un programa de intraemprendimiento para dar soluci\u00f3n a retos de Ferrovial a trav\u00e9s de la creaci\u00f3n de equipos multidisciplinares. Entra e inf\u00f3rmate","robots":{"index":"index","follow":"follow","max-snippet":"max-snippet:-1","max-image-preview":"max-image-preview:large","max-video-preview":"max-video-preview:-1"},"canonical":"https:\/\/www.ferrovial.com\/es-la\/innovacion\/como-innovamos\/cultura\/shuttle-x\/","og_locale":"es_ES","og_type":"article","og_title":"ShuttleX - Programa de intraemprendimiento - Ferrovial","og_description":"ShuttleX es un programa de intraemprendimiento para dar soluci\u00f3n a retos de Ferrovial a trav\u00e9s de la creaci\u00f3n de equipos multidisciplinares. Entra e inf\u00f3rmate","og_url":"https:\/\/www.ferrovial.com\/es-la\/innovacion\/como-innovamos\/cultura\/shuttle-x\/","og_site_name":"Ferrovial","article_publisher":"https:\/\/www.facebook.com\/ferrovial","article_modified_time":"2020-04-21T20:29:53+00:00","twitter_card":"summary_large_image","twitter_site":"@ferrovial","twitter_misc":{"Est. reading time":"1 minute"},"schema":{"@context":"https:\/\/schema.org","@graph":[{"@type":"WebPage","@id":"https:\/\/www.ferrovial.com\/es-la\/innovacion\/como-innovamos\/cultura\/shuttle-x\/","url":"https:\/\/www.ferrovial.com\/es-la\/innovacion\/como-innovamos\/cultura\/shuttle-x\/","name":"ShuttleX - Programa de intraemprendimiento - Ferrovial","isPartOf":{"@id":"https:\/\/www.ferrovial.com\/es-la\/#website"},"datePublished":"2019-09-05T12:56:29+00:00","dateModified":"2020-04-21T20:29:53+00:00","description":"ShuttleX es un programa de intraemprendimiento para dar soluci\u00f3n a retos de Ferrovial a trav\u00e9s de la creaci\u00f3n de equipos multidisciplinares. Entra e inf\u00f3rmate","breadcrumb":{"@id":"https:\/\/www.ferrovial.com\/es-la\/innovacion\/como-innovamos\/cultura\/shuttle-x\/#breadcrumb"},"inLanguage":"es-419","potentialAction":[{"@type":"ReadAction","target":["https:\/\/www.ferrovial.com\/es-la\/innovacion\/como-innovamos\/cultura\/shuttle-x\/"]}]},{"@type":"BreadcrumbList","@id":"https:\/\/www.ferrovial.com\/es-la\/innovacion\/como-innovamos\/cultura\/shuttle-x\/#breadcrumb","itemListElement":[{"@type":"ListItem","position":1,"name":"Portada","item":"https:\/\/www.ferrovial.com\/es-la\/"},{"@type":"ListItem","position":2,"name":"Innovaci\u00f3n","item":"https:\/\/www.ferrovial.com\/es-la\/innovacion\/"},{"@type":"ListItem","position":3,"name":"C\u00f3mo innovamos","item":"https:\/\/www.ferrovial.com\/es-la\/innovacion\/como-innovamos\/"},{"@type":"ListItem","position":4,"name":"Cultura de innovaci\u00f3n","item":"https:\/\/www.ferrovial.com\/es-la\/innovacion\/como-innovamos\/cultura\/"},{"@type":"ListItem","position":5,"name":"Shuttle X"}]},{"@type":"WebSite","@id":"https:\/\/www.ferrovial.com\/es-la\/#website","url":"https:\/\/www.ferrovial.com\/es-la\/","name":"Ferrovial","description":"Welcome to the Ferrovial&#039;s website, global operator of sustainable infrastructure. Here you can find all the information about the company and subsidiaries.","publisher":{"@id":"https:\/\/www.ferrovial.com\/es-la\/#organization"},"potentialAction":[{"@type":"SearchAction","target":{"@type":"EntryPoint","urlTemplate":"https:\/\/www.ferrovial.com\/es-la\/?s={search_term_string}"},"query-input":{"@type":"PropertyValueSpecification","valueRequired":true,"valueName":"search_term_string"}}],"inLanguage":"es-419"},{"@type":"Organization","@id":"https:\/\/www.ferrovial.com\/es-la\/#organization","name":"Ferrovial S.A.","url":"https:\/\/www.ferrovial.com\/es-la\/","logo":{"@type":"ImageObject","inLanguage":"es-419","@id":"https:\/\/www.ferrovial.com\/es-la\/#\/schema\/logo\/image\/","url":"https:\/\/static.ferrovial.com\/wp-content\/uploads\/2020\/01\/13124948\/logo-ferrovial-cf7.png","contentUrl":"https:\/\/static.ferrovial.com\/wp-content\/uploads\/2020\/01\/13124948\/logo-ferrovial-cf7.png","width":144,"height":32,"caption":"Ferrovial S.A."},"image":{"@id":"https:\/\/www.ferrovial.com\/es-la\/#\/schema\/logo\/image\/"},"sameAs":["https:\/\/www.facebook.com\/ferrovial","https:\/\/x.com\/ferrovial","https:\/\/www.instagram.com\/ferrovial\/","https:\/\/www.linkedin.com\/company\/ferrovial","https:\/\/www.pinterest.es\/ferrovial\/","https:\/\/www.youtube.com\/ferrovial","https:\/\/en.wikipedia.org\/wiki\/Ferrovial"]}]}},"_links":{"self":[{"href":"https:\/\/www.ferrovial.com\/es-la\/wp-json\/wp\/v2\/pages\/133267","targetHints":{"allow":["GET"]}}],"collection":[{"href":"https:\/\/www.ferrovial.com\/es-la\/wp-json\/wp\/v2\/pages"}],"about":[{"href":"https:\/\/www.ferrovial.com\/es-la\/wp-json\/wp\/v2\/types\/page"}],"replies":[{"embeddable":true,"href":"https:\/\/www.ferrovial.com\/es-la\/wp-json\/wp\/v2\/comments?post=133267"}],"version-history":[{"count":1,"href":"https:\/\/www.ferrovial.com\/es-la\/wp-json\/wp\/v2\/pages\/133267\/revisions"}],"predecessor-version":[{"id":163438,"href":"https:\/\/www.ferrovial.com\/es-la\/wp-json\/wp\/v2\/pages\/133267\/revisions\/163438"}],"up":[{"embeddable":true,"href":"https:\/\/www.ferrovial.com\/es-la\/wp-json\/wp\/v2\/pages\/131423"}],"wp:attachment":[{"href":"https:\/\/www.ferrovial.com\/es-la\/wp-json\/wp\/v2\/media?parent=133267"}],"curies":[{"name":"wp","href":"https:\/\/api.w.org\/{rel}","templated":true}]}}