{"id":133353,"date":"2019-09-05T12:42:06","date_gmt":"2019-09-05T10:42:06","guid":{"rendered":"https:\/\/www.ferrovial.com\/compania\/sobre-nosotros\/comite-direccion\/sg\/"},"modified":"2025-03-31T08:48:50","modified_gmt":"2025-03-31T06:48:50","slug":"sg","status":"publish","type":"page","link":"https:\/\/www.ferrovial.com\/es-la\/compania\/sobre-nosotros\/comite-direccion\/sg\/","title":{"rendered":"Geerte Hesen, Directora General Legal y de Cumplimiento"},"content":{"rendered":"    <m-final-content-header >\n            <c-breadcrumb label-text=\"Breadcrumb\" slot=\"breadcrumbs\" type='2' align='left' wrap='wrapped wrapped' aria-label='Vienes de Comit\u00e9 de Direcci\u00f3n'>\n                        <ol>\n\n                                                            <li><a href=\"https:\/\/www.ferrovial.com\/es-la\/\" title=\"Ferrovial\">Ferrovial<\/a><\/li>\n                                                                        <li><a href=\"https:\/\/www.ferrovial.com\/es\/compania\/\" title=\"Sobre nosotros\">Sobre nosotros<\/a><\/li>\n                                                                        <li><a href=\"https:\/\/www.ferrovial.com\/es\/compania\/sobre-nosotros\/\" title=\"Nuestra compa\u00f1\u00eda\">Nuestra compa\u00f1\u00eda<\/a><\/li>\n                                                                        <li><a href=\"https:\/\/www.ferrovial.com\/es\/compania\/sobre-nosotros\/comite-direccion\/\" title=\"Comit\u00e9 de Direcci\u00f3n\">Comit\u00e9 de Direcci\u00f3n<\/a><\/li>\n                                    \n                <\/ol>\n\n                <\/c-breadcrumb>\n    \n        <div slot=\"header\">\n            <h1>\n                Directora General Legal y de Cumplimiento            <\/h1>\n                    <\/div>\n    <\/m-final-content-header>\n\n    \n\n\n<m-wysiwig class=\"wp-block-components-wysiwyg\"><div slot=\"maincontent\">\n<h2 class=\"wp-block-heading\">Geerte Hesen<\/h2>\n\n\n\n<figure class=\"wp-block-image size-large\"><img v-lazy=\"'https:\/\/static.ferrovial.com\/wp-content\/uploads\/2024\/05\/22153841\/geerte-hesen-lumicks-general-counsel-819x1024.webp'\" alt=\"Geerte-Hesen-General-Counsel\" class=\"wp-image-281944\"\/><\/figure>\n\n\n\n<p>Doctora en Econom\u00eda y Derecho por la Universidad de Maastricht, con becas en el Consorcio Escandinavo de Investigaci\u00f3n Organizativa (SCANCOR), la Universidad de Stanford, la Facultad de Derecho de la Universidad de Berkeley y la Facultad de Derecho de Columbia. Es licenciada en Econom\u00eda Internacional y Derecho por la Universidad de Maastricht. Directora de Asesor\u00eda Jur\u00eddica y Cumplimiento Normativo y Secretaria del Consejo de Administraci\u00f3n de Ferrovial SE desde 2024. Actualmente, preside el Consejo de la Asociaci\u00f3n Holandesa de Asesores Internos (NGB) y es miembro del Consejo de Supervisi\u00f3n y del Comit\u00e9 de Auditor\u00eda de CARE Netherlands. Anteriormente, ocup\u00f3 los cargos de Consejera General en Lumicks, Consejera General Adjunta en ASML y Directora de Asuntos Jur\u00eddicos en Philips Personal Health, y fue asociada senior en el bufete de abogados De Brauw Blackstone Westbroek.<br><\/p>\n<\/div><\/m-wysiwig>\n","protected":false},"excerpt":{"rendered":"","protected":false},"featured_media":0,"parent":131248,"menu_order":0,"comment_status":"closed","ping_status":"closed","template":"","meta":{"_acf_changed":false,"footnotes":""},"class_list":["post-133353","page","type-page","status-publish","hentry"],"acf":[],"yoast_head":"<!-- This site is optimized with the Yoast SEO plugin v27.2 - https:\/\/yoast.com\/product\/yoast-seo-wordpress\/ -->\n<title>Geerte Hesen, Directora General Legal y de Cumplimiento<\/title>\n<meta name=\"description\" content=\"Doctora en Ciencias Econ\u00f3micas y Derecho por la Universidad de Maastricht. Secretaria General y del Consejo de Administraci\u00f3n de Ferrovial.\" \/>\n<meta name=\"robots\" content=\"index, follow, max-snippet:-1, max-image-preview:large, max-video-preview:-1\" \/>\n<link rel=\"canonical\" href=\"https:\/\/www.ferrovial.com\/es-la\/compania\/sobre-nosotros\/comite-direccion\/sg\/\" \/>\n<meta property=\"og:locale\" content=\"es_ES\" \/>\n<meta property=\"og:type\" content=\"article\" \/>\n<meta property=\"og:title\" content=\"Geerte Hesen, Directora General Legal y de Cumplimiento\" \/>\n<meta property=\"og:description\" content=\"Doctora en Ciencias Econ\u00f3micas y Derecho por la Universidad de Maastricht. Secretaria General y del Consejo de Administraci\u00f3n de Ferrovial.\" \/>\n<meta property=\"og:url\" content=\"https:\/\/www.ferrovial.com\/es-la\/compania\/sobre-nosotros\/comite-direccion\/sg\/\" \/>\n<meta property=\"og:site_name\" content=\"Ferrovial\" \/>\n<meta property=\"article:publisher\" content=\"https:\/\/www.facebook.com\/ferrovial\" \/>\n<meta property=\"article:modified_time\" content=\"2025-03-31T06:48:50+00:00\" \/>\n<meta property=\"og:image\" content=\"https:\/\/www.ferrovial.com\/wp-content\/uploads\/2024\/05\/geerte-hesen-lumicks-general-counsel-819x1024.webp\" \/>\n<meta name=\"twitter:card\" content=\"summary_large_image\" \/>\n<meta name=\"twitter:site\" content=\"@ferrovial\" \/>\n<meta name=\"twitter:label1\" content=\"Est. reading time\" \/>\n\t<meta name=\"twitter:data1\" content=\"1 minute\" \/>\n<!-- \/ Yoast SEO plugin. -->","yoast_head_json":{"title":"Geerte Hesen, Directora General Legal y de Cumplimiento","description":"Doctora en Ciencias Econ\u00f3micas y Derecho por la Universidad de Maastricht. Secretaria General y del Consejo de Administraci\u00f3n de Ferrovial.","robots":{"index":"index","follow":"follow","max-snippet":"max-snippet:-1","max-image-preview":"max-image-preview:large","max-video-preview":"max-video-preview:-1"},"canonical":"https:\/\/www.ferrovial.com\/es-la\/compania\/sobre-nosotros\/comite-direccion\/sg\/","og_locale":"es_ES","og_type":"article","og_title":"Geerte Hesen, Directora General Legal y de Cumplimiento","og_description":"Doctora en Ciencias Econ\u00f3micas y Derecho por la Universidad de Maastricht. Secretaria General y del Consejo de Administraci\u00f3n de Ferrovial.","og_url":"https:\/\/www.ferrovial.com\/es-la\/compania\/sobre-nosotros\/comite-direccion\/sg\/","og_site_name":"Ferrovial","article_publisher":"https:\/\/www.facebook.com\/ferrovial","article_modified_time":"2025-03-31T06:48:50+00:00","og_image":[{"url":"https:\/\/www.ferrovial.com\/wp-content\/uploads\/2024\/05\/geerte-hesen-lumicks-general-counsel-819x1024.webp","type":"","width":"","height":""}],"twitter_card":"summary_large_image","twitter_site":"@ferrovial","twitter_misc":{"Est. reading time":"1 minute"},"schema":{"@context":"https:\/\/schema.org","@graph":[{"@type":"WebPage","@id":"https:\/\/www.ferrovial.com\/es-la\/compania\/sobre-nosotros\/comite-direccion\/sg\/","url":"https:\/\/www.ferrovial.com\/es-la\/compania\/sobre-nosotros\/comite-direccion\/sg\/","name":"Geerte Hesen, Directora General Legal y de Cumplimiento","isPartOf":{"@id":"https:\/\/www.ferrovial.com\/es-la\/#website"},"primaryImageOfPage":{"@id":"https:\/\/www.ferrovial.com\/es-la\/compania\/sobre-nosotros\/comite-direccion\/sg\/#primaryimage"},"image":{"@id":"https:\/\/www.ferrovial.com\/es-la\/compania\/sobre-nosotros\/comite-direccion\/sg\/#primaryimage"},"thumbnailUrl":"https:\/\/www.ferrovial.com\/wp-content\/uploads\/2024\/05\/geerte-hesen-lumicks-general-counsel-819x1024.webp","datePublished":"2019-09-05T10:42:06+00:00","dateModified":"2025-03-31T06:48:50+00:00","description":"Doctora en Ciencias Econ\u00f3micas y Derecho por la Universidad de Maastricht. Secretaria General y del Consejo de Administraci\u00f3n de Ferrovial.","breadcrumb":{"@id":"https:\/\/www.ferrovial.com\/es-la\/compania\/sobre-nosotros\/comite-direccion\/sg\/#breadcrumb"},"inLanguage":"es-419","potentialAction":[{"@type":"ReadAction","target":["https:\/\/www.ferrovial.com\/es-la\/compania\/sobre-nosotros\/comite-direccion\/sg\/"]}]},{"@type":"ImageObject","inLanguage":"es-419","@id":"https:\/\/www.ferrovial.com\/es-la\/compania\/sobre-nosotros\/comite-direccion\/sg\/#primaryimage","url":"https:\/\/www.ferrovial.com\/wp-content\/uploads\/2024\/05\/geerte-hesen-lumicks-general-counsel-819x1024.webp","contentUrl":"https:\/\/www.ferrovial.com\/wp-content\/uploads\/2024\/05\/geerte-hesen-lumicks-general-counsel-819x1024.webp"},{"@type":"BreadcrumbList","@id":"https:\/\/www.ferrovial.com\/es-la\/compania\/sobre-nosotros\/comite-direccion\/sg\/#breadcrumb","itemListElement":[{"@type":"ListItem","position":1,"name":"Portada","item":"https:\/\/www.ferrovial.com\/es-la\/"},{"@type":"ListItem","position":2,"name":"Sobre nosotros","item":"https:\/\/www.ferrovial.com\/es-la\/compania\/"},{"@type":"ListItem","position":3,"name":"Nuestra compa\u00f1\u00eda","item":"https:\/\/www.ferrovial.com\/es-la\/compania\/sobre-nosotros\/"},{"@type":"ListItem","position":4,"name":"Comit\u00e9 de Direcci\u00f3n","item":"https:\/\/www.ferrovial.com\/es-la\/compania\/sobre-nosotros\/comite-direccion\/"},{"@type":"ListItem","position":5,"name":"Geerte Hesen, Directora General Legal y de Cumplimiento"}]},{"@type":"WebSite","@id":"https:\/\/www.ferrovial.com\/es-la\/#website","url":"https:\/\/www.ferrovial.com\/es-la\/","name":"Ferrovial","description":"Welcome to the Ferrovial&#039;s website, global operator of sustainable infrastructure. Here you can find all the information about the company and subsidiaries.","publisher":{"@id":"https:\/\/www.ferrovial.com\/es-la\/#organization"},"potentialAction":[{"@type":"SearchAction","target":{"@type":"EntryPoint","urlTemplate":"https:\/\/www.ferrovial.com\/es-la\/?s={search_term_string}"},"query-input":{"@type":"PropertyValueSpecification","valueRequired":true,"valueName":"search_term_string"}}],"inLanguage":"es-419"},{"@type":"Organization","@id":"https:\/\/www.ferrovial.com\/es-la\/#organization","name":"Ferrovial S.A.","url":"https:\/\/www.ferrovial.com\/es-la\/","logo":{"@type":"ImageObject","inLanguage":"es-419","@id":"https:\/\/www.ferrovial.com\/es-la\/#\/schema\/logo\/image\/","url":"https:\/\/static.ferrovial.com\/wp-content\/uploads\/2020\/01\/13124948\/logo-ferrovial-cf7.png","contentUrl":"https:\/\/static.ferrovial.com\/wp-content\/uploads\/2020\/01\/13124948\/logo-ferrovial-cf7.png","width":144,"height":32,"caption":"Ferrovial S.A."},"image":{"@id":"https:\/\/www.ferrovial.com\/es-la\/#\/schema\/logo\/image\/"},"sameAs":["https:\/\/www.facebook.com\/ferrovial","https:\/\/x.com\/ferrovial","https:\/\/www.instagram.com\/ferrovial\/","https:\/\/www.linkedin.com\/company\/ferrovial","https:\/\/www.pinterest.es\/ferrovial\/","https:\/\/www.youtube.com\/ferrovial","https:\/\/en.wikipedia.org\/wiki\/Ferrovial"]}]}},"_links":{"self":[{"href":"https:\/\/www.ferrovial.com\/es-la\/wp-json\/wp\/v2\/pages\/133353","targetHints":{"allow":["GET"]}}],"collection":[{"href":"https:\/\/www.ferrovial.com\/es-la\/wp-json\/wp\/v2\/pages"}],"about":[{"href":"https:\/\/www.ferrovial.com\/es-la\/wp-json\/wp\/v2\/types\/page"}],"replies":[{"embeddable":true,"href":"https:\/\/www.ferrovial.com\/es-la\/wp-json\/wp\/v2\/comments?post=133353"}],"version-history":[{"count":3,"href":"https:\/\/www.ferrovial.com\/es-la\/wp-json\/wp\/v2\/pages\/133353\/revisions"}],"predecessor-version":[{"id":302616,"href":"https:\/\/www.ferrovial.com\/es-la\/wp-json\/wp\/v2\/pages\/133353\/revisions\/302616"}],"up":[{"embeddable":true,"href":"https:\/\/www.ferrovial.com\/es-la\/wp-json\/wp\/v2\/pages\/131248"}],"wp:attachment":[{"href":"https:\/\/www.ferrovial.com\/es-la\/wp-json\/wp\/v2\/media?parent=133353"}],"curies":[{"name":"wp","href":"https:\/\/api.w.org\/{rel}","templated":true}]}}