{"id":141794,"date":"2020-01-03T16:47:30","date_gmt":"2020-01-03T15:47:30","guid":{"rendered":"https:\/\/www.ferrovial.com\/electrificacion\/"},"modified":"2024-07-29T13:01:19","modified_gmt":"2024-07-29T11:01:19","slug":"electrificacion","status":"publish","type":"page","link":"https:\/\/www.ferrovial.com\/es-la\/negocio\/electrificacion\/","title":{"rendered":"Transmisi\u00f3n Energ\u00e9tica"},"content":{"rendered":"    <m-hero type='single' :translations='{\n        &quot;play&quot;:&quot;Reproducir v\u00eddeo de fondo&quot;,\n        &quot;pause&quot;:&quot;Pausar v\u00eddeo de fondo&quot;,\n        &quot;prev&quot;:&quot;Anterior&quot;,\n        &quot;next&quot;:&quot;Siguiente&quot;,\n        &quot;paginationseparator&quot;:&quot;de&quot;,\n        &quot;goto&quot;:&quot;Ir al slide&quot;,\n        &quot;external&quot;:&quot;Abrir una nueva ventana&quot;\n    }'>\n            <c-breadcrumb label-text=\"Breadcrumb\" slot=\"breadcrumbs\" type='1' align='left left' wrap='wrapped wrapped' aria-label='Vienes de Negocios'>\n                        <ol>\n\n                                                            <li><a href=\"https:\/\/www.ferrovial.com\/es-la\/\" title=\"Ferrovial\">Ferrovial<\/a><\/li>\n                                                                        <li><a href=\"https:\/\/www.ferrovial.com\/es-la\/negocio\/\" title=\"Negocios\">Negocios<\/a><\/li>\n                                    \n                <\/ol>\n\n                <\/c-breadcrumb>\n    \n                        <div slot=\"carouselItem\">\n                            <c-background-video :sources=\"['https:\/\/static.ferrovial.com\/wp-content\/uploads\/2020\/01\/13140959\/13-power-lines-a_1.mp4']\" position=\"center center\" poster=\"https:\/\/static.ferrovial.com\/wp-content\/uploads\/2019\/12\/13132010\/power-infrastructure.jpg\" :translations=\"{&quot;play&quot;:&quot;Reproducir v\u00eddeo de fondo&quot;,&quot;pause&quot;:&quot;Pausar v\u00eddeo de fondo&quot;}\"><\/c-background-video>\n                        <\/div>        <section slot=\"hero\">\n            <article>\n                                        <h1>Transmisi\u00f3n Energ\u00e9tica<\/h1>\n                                                <p>Descripci\u00f3n por defecto<\/p>\n                                    <\/article>\n        <\/section>\n    <\/m-hero>\n\n    \n\n    <m-introduction-subhome type='primary' pathfront='1' pathback='2' icon='utilities'>\n        <img decoding=\"async\" class=\"dots hidden\" slot=\"bg\" src=\"https:\/\/www.ferrovial.com\/wp-content\/themes\/global\/front\/dist\/static\/img\/dots.svg\" alt=\"\" \/>\n                        <p slot=\"description\">\n                    Proporcionamos soluciones integrales para el desarrollo y la gesti\u00f3n de redes de transmisi\u00f3n el\u00e9ctrica.                <\/p>\n                    <\/m-introduction-subhome>\n    \n\n\n<m-wysiwig class=\"wp-block-components-wysiwyg\"><div slot=\"maincontent\">\n<p>A\u00f1adimos valor a todo el&nbsp;<strong>ciclo de vida de la infraestructura&nbsp;<\/strong>aprovechando las sinergias generadas con el resto de negocios para&nbsp;<strong>dise\u00f1ar, construir, financiar, operar y mantener nuestros activos<\/strong>.<\/p>\n<\/div><\/m-wysiwig>\n\n\n    <m-cyphers-extended>\n         \n                <span slot=\"label\">\n                    Nuestra capacidad de transmisi\u00f3n                 <\/span>\n                                    <h2 slot=\"title\">\n                        Operamos m\u00e1s de 1.000MW de capacidad de transmisi\u00f3n en cada uno de nuestros tramos                    <\/h2>\n                    \n                                            <div slot=\"cypher\">\n                                                            <span>\n                                    Gestionamos                                <\/span>\n                                                        \n                                                            <div>\n                                    <span >1195<\/span>                                <\/div>\n                            \n                                                            <span>\n                                    Estructuras                                <\/span>\n                                                    <\/div>\n                    \n                    \n                                            <div slot=\"cypher\">\n                                                            <span>\n                                    Atravesamos m\u00e1s de                                <\/span>\n                                                        \n                                                            <div>\n                                    <span >500<\/span>                                <\/div>\n                            \n                                                            <span>\n                                    propiedades y comunidades                                <\/span>\n                                                    <\/div>\n                    \n                                <\/m-cyphers-extended>\n    \n\n\n<m-wysiwig class=\"wp-block-components-wysiwyg\"><div slot=\"maincontent\">\n<p>En la actualidad, nuestros principales activos de electrificaci\u00f3n integrados bajo la marca <strong><a href=\"https:\/\/www.ferrovial.com\/es-la\/power-infrastructure\/\">Power Infrastructure<\/a><\/strong> son dos:<\/p>\n\n\n\n<ul class=\"wp-block-list\">\n<li><strong>Transchile Charr\u00faa Transmisi\u00f3n<\/strong>. A trav\u00e9s de esta unidad de negocio poseemos, operamos y mantenemos una l\u00ednea de transmisi\u00f3n en el sur de Chile, en las regiones del B\u00edo-B\u00edo y la Araucan\u00eda. Se trata de una l\u00ednea de doble circuito de <strong>220kV de 204 kil\u00f3metros de longitud<\/strong> y una capacidad de transmisi\u00f3n de <strong>500 MVA por circuito<\/strong>. Bajo el control del Sistema Nacional de Transmisi\u00f3n de Chile, la l\u00ednea sirve a m\u00e1s de <strong>300.000 hogares<\/strong> en el sur del pa\u00eds.<br>\n             <a class='rich-link' href='https:\/\/static.ferrovial.com\/wp-content\/uploads\/2024\/07\/29130015\/memoria-transchile-2023.pdf' title='DESCARGA AQU\u00cd LA MEMORIA CORPORATIVA DE TRANSCHILE CHARR\u00daA TRANSMISI\u00d3N' target='_blank'>\n                <span>DESCARGA AQU\u00cd LA MEMORIA CORPORATIVA DE TRANSCHILE CHARR\u00daA TRANSMISI\u00d3N<\/span>\n                <img src='https:\/\/www.ferrovial.com\/wp-content\/themes\/global\/front\/dist\/static\/img\/icon-download.svg' alt='download link'>\n            <\/a>\n        <br>\n             <a class='rich-link' href='https:\/\/static.ferrovial.com\/wp-content\/uploads\/2024\/06\/18164418\/eeff-transchile-charrua-transmision-2023.pdf' title='DESCARGA AQU\u00cd LOS ESTADOS FINANCIEROS DE TRANSCHILE CHARR\u00daA TRANSMISI\u00d3N' target='_blank'>\n                <span>DESCARGA AQU\u00cd LOS ESTADOS FINANCIEROS DE TRANSCHILE CHARR\u00daA TRANSMISI\u00d3N<\/span>\n                <img src='https:\/\/www.ferrovial.com\/wp-content\/themes\/global\/front\/dist\/static\/img\/icon-download.svg' alt='download link'>\n            <\/a>\n        <\/li>\n<\/ul>\n\n\n\n<ul class=\"wp-block-list\">\n<li><strong>Centella Transmisi\u00f3n<\/strong>. En julio de 2018, nos adjudicamos el 100% de una concesi\u00f3n para construir y operar una l\u00ednea de transmisi\u00f3n de doble circuito de 220kV de <strong>256 kil\u00f3metros<\/strong>&nbsp;situada en la regi\u00f3n de Coquimbo, al norte de Santiago de Chile, con una capacidad nominal de&nbsp;<strong>580 MVA por circuito<\/strong>. Adem\u00e1s, el proyecto incluye la construcci\u00f3n de la Nueva Subestaci\u00f3n Centella, en la localidad de Salamanca. Mientras que <a class=\"ek-link\" href=\"https:\/\/www.ferrovial.com\/es-la\/f-construccion\/\">Ferrovial Construcci\u00f3n<\/a> est\u00e1 liderando el proyecto de construcci\u00f3n, valorado en 125 millones de d\u00f3lares, desde <a href=\"https:\/\/www.ferrovial.com\/es-la\/power-infrastructure\/\">Ferrovial Power Infrastructure<\/a> nos encargaremos de la gesti\u00f3n del activo una vez terminada la fase de construcci\u00f3n.<br>\n             <a class='rich-link' href='https:\/\/static.ferrovial.com\/wp-content\/uploads\/2024\/06\/18164411\/memoria-corporativa-centella.pdf' title='DESCARGA AQU\u00cd LA MEMORIA CORPORATIVA DE CENTELLA TRANSMISI\u00d3N' target='_blank'>\n                <span>DESCARGA AQU\u00cd LA MEMORIA CORPORATIVA DE CENTELLA TRANSMISI\u00d3N<\/span>\n                <img src='https:\/\/www.ferrovial.com\/wp-content\/themes\/global\/front\/dist\/static\/img\/icon-download.svg' alt='download link'>\n            <\/a>\n        <br>\n             <a class='rich-link' href='https:\/\/static.ferrovial.com\/wp-content\/uploads\/2024\/06\/18164400\/eeff-centella-transmision.pdf' title='DESCARGA AQU\u00cd LOS ESTADOS FINANCIEROS DE CENTELLA TRANSMISI\u00d3N' target='_blank'>\n                <span>DESCARGA AQU\u00cd LOS ESTADOS FINANCIEROS DE CENTELLA TRANSMISI\u00d3N<\/span>\n                <img src='https:\/\/www.ferrovial.com\/wp-content\/themes\/global\/front\/dist\/static\/img\/icon-download.svg' alt='download link'>\n            <\/a>\n        <\/li>\n<\/ul>\n\n\n\n<ul class=\"wp-block-list\">\n<li><strong>Tap Mauro:<\/strong> En febrero de 2020, nos adjudicamos los derechos para la construcci\u00f3n, operaci\u00f3n y mantenimiento de una l\u00ednea de transmisi\u00f3n de cuatro circuitos. Este nuevo activo tiene una <strong>extensi\u00f3n de 3 km por circuito<\/strong> y permite la conexi\u00f3n de la l\u00ednea de transmisi\u00f3n Los Piuquenes-Tap Mauro y la nueva subestaci\u00f3n el\u00e9ctrica en construcci\u00f3n de Ferrovial, Centella, ubicada en la Regi\u00f3n de Coquimbo, al norte de Santiago. La fecha de operaci\u00f3n comercial est\u00e1 <strong>programada para 2023<\/strong>.<br><br><\/li>\n<\/ul>\n<\/div><\/m-wysiwig>\n\n\n    <m-distributor-brands-extended>\n                        <h2 slot=\"label\">\n                    Negocios                <\/h2>\n                                <h3 slot=\"title\">\n                    Nuestras compa\u00f1\u00edas de Infraestructuras Energ\u00e9ticas                <\/h3>\n                                    <a slot='card' href='https:\/\/www.ferrovial.com\/es-la\/negocio\/electrificacion\/' title='Lorem ipsum'>\n                        <h3>\n                                                                <img src='https:\/\/static.ferrovial.com\/wp-content\/uploads\/2024\/01\/12141853\/logo-ferrovial-energia.svg' alt='Logo_Ferrovial_ENERGIA' \/>\n                                                            <\/h3>\n                                                        <p>\n                                    Soluciones innovadoras para generaci\u00f3n y transmisi\u00f3n de energ\u00eda\n                                <\/p>\n                                                                <label>\n                                    Ver Ferrovial Energ\u00eda                                <\/label>\n                                                        <c-masked-image path='3' src='https:\/\/static.ferrovial.com\/wp-content\/uploads\/2022\/12\/02131610\/proyecto-ferrovial-infraestructuras-energetica-transchile-chile-350x350.jpg'>\n\t\t\t\t\t\t<\/c-masked-image>\n                    <\/a>\n                                        <a slot='card' href='https:\/\/www.ferrovial.com\/es-la\/negocio\/electrificacion\/' title='View more'>\n                        <h3>\n                                                                <img src='https:\/\/static.ferrovial.com\/wp-content\/uploads\/2022\/12\/12154148\/ferrovial-power-infrastructure-logo-2.png' alt='View more' \/>\n                                                            <\/h3>\n                                                        <p>\n                                    Proporcionamos soluciones integrales para el desarrollo y la gesti\u00f3n de redes de transmisi\u00f3n el\u00e9ctrica.\n                                <\/p>\n                                                                <label>\n                                    Ver Ferrovial Power Infrastructure                                <\/label>\n                                                        <c-masked-image path='3' src='https:\/\/static.ferrovial.com\/wp-content\/uploads\/2019\/12\/13132016\/power-infrastructure-project-350x350.jpg'>\n\t\t\t\t\t\t<\/c-masked-image>\n                    <\/a>\n                        <\/m-distributor-brands-extended>\n\n    \n\n    <m-annual-report :whitetext='false' :gutenberg='true'>\n                        <p slot=\"cta\">\n                    Ver las cifras destacadas de Ferrovial en 2025                <\/p>\n                \n                        <c-button href='https:\/\/informeanualintegrado2025.ferrovial.com\/en\/' title='Accede al Informe Anual Integrado' slot='cta' disabled='false' type='ghost-positive-alt' target='_blank' rel='noopener' >\n                Accede al Informe Anual Integrado                <span class=\"sr-only\">Abrir en una nueva pesta\u00f1a<\/span>\n                                <\/c-button>\n                \n        \n            <ul slot=\"cypher\">\n\n                                            <li>\n                                \n                                <div>\n                                    <span><\/span><span >9627<\/span><span>M\u20ac<\/span>\n                                <\/div>\n\n                                                                        <span>\n                                            Ventas                                        <\/span>\n                                                                    <\/li>\n                                                    <li>\n                                \n                                <div>\n                                    <span><\/span><span >40606<\/span><span>M\u20ac<\/span>\n                                <\/div>\n\n                                                                        <span>\n                                            Capitalizaci\u00f3n                                         <\/span>\n                                                                    <\/li>\n                                                    <li>\n                                \n                                <div>\n                                    <span><\/span><span >5088<\/span><span>M\u20ac<\/span>\n                                <\/div>\n\n                                                                        <span>\n                                            Liquidez                                        <\/span>\n                                                                    <\/li>\n                                                    <li>\n                                \n                                <div>\n                                    <span><\/span><span >22609<\/span><span><\/span>\n                                <\/div>\n\n                                                                        <span>\n                                            Empleados                                        <\/span>\n                                                                    <\/li>\n                        \n            <\/ul>\n            <\/m-annual-report>\n\n    ","protected":false},"excerpt":{"rendered":"","protected":false},"featured_media":0,"parent":131265,"menu_order":0,"comment_status":"closed","ping_status":"closed","template":"","meta":{"_acf_changed":false,"footnotes":""},"class_list":["post-141794","page","type-page","status-publish","hentry"],"acf":[],"yoast_head":"<!-- This site is optimized with the Yoast SEO plugin v27.2 - https:\/\/yoast.com\/product\/yoast-seo-wordpress\/ -->\n<title>Transmisi\u00f3n Energ\u00e9tica: gesti\u00f3n y desarrollo de red el\u00e9ctrica - Ferrovial<\/title>\n<meta name=\"description\" content=\"Proporcionamos soluciones integrales para el desarrollo y la gesti\u00f3n de redes de transmisi\u00f3n el\u00e9ctrica atrav\u00e9s de la marca la marca Power Infrastructure.\" \/>\n<meta name=\"robots\" content=\"index, follow, max-snippet:-1, max-image-preview:large, max-video-preview:-1\" \/>\n<link rel=\"canonical\" href=\"https:\/\/www.ferrovial.com\/es-la\/negocio\/electrificacion\/\" \/>\n<meta property=\"og:locale\" content=\"es_ES\" \/>\n<meta property=\"og:type\" content=\"article\" \/>\n<meta property=\"og:title\" content=\"Transmisi\u00f3n Energ\u00e9tica: gesti\u00f3n y desarrollo de red el\u00e9ctrica - Ferrovial\" \/>\n<meta property=\"og:description\" content=\"Proporcionamos soluciones integrales para el desarrollo y la gesti\u00f3n de redes de transmisi\u00f3n el\u00e9ctrica atrav\u00e9s de la marca la marca Power Infrastructure.\" \/>\n<meta property=\"og:url\" content=\"https:\/\/www.ferrovial.com\/es-la\/negocio\/electrificacion\/\" \/>\n<meta property=\"og:site_name\" content=\"Ferrovial\" \/>\n<meta property=\"article:publisher\" content=\"https:\/\/www.facebook.com\/ferrovial\" \/>\n<meta property=\"article:modified_time\" content=\"2024-07-29T11:01:19+00:00\" \/>\n<meta property=\"og:image\" content=\"https:\/\/www.ferrovial.com\/wp-content\/themes\/global\/front\/dist\/static\/img\/dots.svg\" \/>\n<meta name=\"twitter:card\" content=\"summary_large_image\" \/>\n<meta name=\"twitter:site\" content=\"@ferrovial\" \/>\n<meta name=\"twitter:label1\" content=\"Est. reading time\" \/>\n\t<meta name=\"twitter:data1\" content=\"2 minutes\" \/>\n<!-- \/ Yoast SEO plugin. -->","yoast_head_json":{"title":"Transmisi\u00f3n Energ\u00e9tica: gesti\u00f3n y desarrollo de red el\u00e9ctrica - Ferrovial","description":"Proporcionamos soluciones integrales para el desarrollo y la gesti\u00f3n de redes de transmisi\u00f3n el\u00e9ctrica atrav\u00e9s de la marca la marca Power Infrastructure.","robots":{"index":"index","follow":"follow","max-snippet":"max-snippet:-1","max-image-preview":"max-image-preview:large","max-video-preview":"max-video-preview:-1"},"canonical":"https:\/\/www.ferrovial.com\/es-la\/negocio\/electrificacion\/","og_locale":"es_ES","og_type":"article","og_title":"Transmisi\u00f3n Energ\u00e9tica: gesti\u00f3n y desarrollo de red el\u00e9ctrica - Ferrovial","og_description":"Proporcionamos soluciones integrales para el desarrollo y la gesti\u00f3n de redes de transmisi\u00f3n el\u00e9ctrica atrav\u00e9s de la marca la marca Power Infrastructure.","og_url":"https:\/\/www.ferrovial.com\/es-la\/negocio\/electrificacion\/","og_site_name":"Ferrovial","article_publisher":"https:\/\/www.facebook.com\/ferrovial","article_modified_time":"2024-07-29T11:01:19+00:00","og_image":[{"url":"https:\/\/www.ferrovial.com\/wp-content\/themes\/global\/front\/dist\/static\/img\/dots.svg","type":"","width":"","height":""}],"twitter_card":"summary_large_image","twitter_site":"@ferrovial","twitter_misc":{"Est. reading time":"2 minutes"},"schema":{"@context":"https:\/\/schema.org","@graph":[{"@type":"WebPage","@id":"https:\/\/www.ferrovial.com\/es-la\/negocio\/electrificacion\/","url":"https:\/\/www.ferrovial.com\/es-la\/negocio\/electrificacion\/","name":"Transmisi\u00f3n Energ\u00e9tica: gesti\u00f3n y desarrollo de red el\u00e9ctrica - Ferrovial","isPartOf":{"@id":"https:\/\/www.ferrovial.com\/es-la\/#website"},"primaryImageOfPage":{"@id":"https:\/\/www.ferrovial.com\/es-la\/negocio\/electrificacion\/#primaryimage"},"image":{"@id":"https:\/\/www.ferrovial.com\/es-la\/negocio\/electrificacion\/#primaryimage"},"thumbnailUrl":"https:\/\/www.ferrovial.com\/wp-content\/themes\/global\/front\/dist\/static\/img\/dots.svg","datePublished":"2020-01-03T15:47:30+00:00","dateModified":"2024-07-29T11:01:19+00:00","description":"Proporcionamos soluciones integrales para el desarrollo y la gesti\u00f3n de redes de transmisi\u00f3n el\u00e9ctrica atrav\u00e9s de la marca la marca Power Infrastructure.","breadcrumb":{"@id":"https:\/\/www.ferrovial.com\/es-la\/negocio\/electrificacion\/#breadcrumb"},"inLanguage":"es-419","potentialAction":[{"@type":"ReadAction","target":["https:\/\/www.ferrovial.com\/es-la\/negocio\/electrificacion\/"]}]},{"@type":"ImageObject","inLanguage":"es-419","@id":"https:\/\/www.ferrovial.com\/es-la\/negocio\/electrificacion\/#primaryimage","url":"https:\/\/www.ferrovial.com\/wp-content\/themes\/global\/front\/dist\/static\/img\/dots.svg","contentUrl":"https:\/\/www.ferrovial.com\/wp-content\/themes\/global\/front\/dist\/static\/img\/dots.svg"},{"@type":"BreadcrumbList","@id":"https:\/\/www.ferrovial.com\/es-la\/negocio\/electrificacion\/#breadcrumb","itemListElement":[{"@type":"ListItem","position":1,"name":"Portada","item":"https:\/\/www.ferrovial.com\/es-la\/"},{"@type":"ListItem","position":2,"name":"Negocios","item":"https:\/\/www.ferrovial.com\/es-la\/negocio\/"},{"@type":"ListItem","position":3,"name":"Transmisi\u00f3n Energ\u00e9tica"}]},{"@type":"WebSite","@id":"https:\/\/www.ferrovial.com\/es-la\/#website","url":"https:\/\/www.ferrovial.com\/es-la\/","name":"Ferrovial","description":"Welcome to the Ferrovial&#039;s website, global operator of sustainable infrastructure. Here you can find all the information about the company and subsidiaries.","publisher":{"@id":"https:\/\/www.ferrovial.com\/es-la\/#organization"},"potentialAction":[{"@type":"SearchAction","target":{"@type":"EntryPoint","urlTemplate":"https:\/\/www.ferrovial.com\/es-la\/?s={search_term_string}"},"query-input":{"@type":"PropertyValueSpecification","valueRequired":true,"valueName":"search_term_string"}}],"inLanguage":"es-419"},{"@type":"Organization","@id":"https:\/\/www.ferrovial.com\/es-la\/#organization","name":"Ferrovial S.A.","url":"https:\/\/www.ferrovial.com\/es-la\/","logo":{"@type":"ImageObject","inLanguage":"es-419","@id":"https:\/\/www.ferrovial.com\/es-la\/#\/schema\/logo\/image\/","url":"https:\/\/static.ferrovial.com\/wp-content\/uploads\/2020\/01\/13124948\/logo-ferrovial-cf7.png","contentUrl":"https:\/\/static.ferrovial.com\/wp-content\/uploads\/2020\/01\/13124948\/logo-ferrovial-cf7.png","width":144,"height":32,"caption":"Ferrovial S.A."},"image":{"@id":"https:\/\/www.ferrovial.com\/es-la\/#\/schema\/logo\/image\/"},"sameAs":["https:\/\/www.facebook.com\/ferrovial","https:\/\/x.com\/ferrovial","https:\/\/www.instagram.com\/ferrovial\/","https:\/\/www.linkedin.com\/company\/ferrovial","https:\/\/www.pinterest.es\/ferrovial\/","https:\/\/www.youtube.com\/ferrovial","https:\/\/en.wikipedia.org\/wiki\/Ferrovial"]}]}},"_links":{"self":[{"href":"https:\/\/www.ferrovial.com\/es-la\/wp-json\/wp\/v2\/pages\/141794","targetHints":{"allow":["GET"]}}],"collection":[{"href":"https:\/\/www.ferrovial.com\/es-la\/wp-json\/wp\/v2\/pages"}],"about":[{"href":"https:\/\/www.ferrovial.com\/es-la\/wp-json\/wp\/v2\/types\/page"}],"replies":[{"embeddable":true,"href":"https:\/\/www.ferrovial.com\/es-la\/wp-json\/wp\/v2\/comments?post=141794"}],"version-history":[{"count":3,"href":"https:\/\/www.ferrovial.com\/es-la\/wp-json\/wp\/v2\/pages\/141794\/revisions"}],"predecessor-version":[{"id":286189,"href":"https:\/\/www.ferrovial.com\/es-la\/wp-json\/wp\/v2\/pages\/141794\/revisions\/286189"}],"up":[{"embeddable":true,"href":"https:\/\/www.ferrovial.com\/es-la\/wp-json\/wp\/v2\/pages\/131265"}],"wp:attachment":[{"href":"https:\/\/www.ferrovial.com\/es-la\/wp-json\/wp\/v2\/media?parent=141794"}],"curies":[{"name":"wp","href":"https:\/\/api.w.org\/{rel}","templated":true}]}}