{"id":167139,"date":"2019-09-05T11:11:56","date_gmt":"2019-09-05T09:11:56","guid":{"rendered":"https:\/\/www.ferrovial.com\/f-agroman\/quienes-somos\/"},"modified":"2022-04-26T17:08:43","modified_gmt":"2022-04-26T15:08:43","slug":"quienes-somos","status":"publish","type":"page","link":"https:\/\/www.ferrovial.com\/es-la\/f-construccion\/quienes-somos\/","title":{"rendered":"Qui\u00e9nes somos"},"content":{"rendered":"    <m-final-content-header bgimage='https:\/\/static.ferrovial.com\/wp-content\/uploads\/2019\/10\/13140534\/viaducto-de-erques-1-1280x720.jpg'>\n            <c-breadcrumb label-text=\"Breadcrumb\" slot=\"breadcrumbs\" type='2' align='left' wrap='wrapped wrapped' aria-label='Vienes de Ferrovial Construcci\u00f3n'>\n                        <ol>\n\n                                                            <li><a href=\"https:\/\/www.ferrovial.com\/es-la\/\" title=\"Ferrovial\">Ferrovial<\/a><\/li>\n                                                                        <li><a href=\"https:\/\/www.ferrovial.com\/es\/f-construccion\/\" title=\"Ferrovial Construcci\u00f3n\">Ferrovial Construcci\u00f3n<\/a><\/li>\n                                    \n                <\/ol>\n\n                <\/c-breadcrumb>\n    \n        <div slot=\"header\">\n            <h1>\n                \u00bfQui\u00e9nes somos?            <\/h1>\n                    <\/div>\n    <\/m-final-content-header>\n\n    \n\n\n<m-wysiwig class=\"wp-block-components-wysiwyg\"><div slot=\"maincontent\">    <p class=\"intro\">Somos una empresa de construcci\u00f3n, reconocida internacionalmente por nuestra capacidad de dise\u00f1ar y desarrollar obras singulares, en especial, grandes infraestructuras de transporte y edificios emblem\u00e1ticos.<\/p>\n    \n\n\n<p>Nuestro equipo aporta su porfolio de experiencias y perspectivas para superar las expectativas de clientes y comunidades a las que servimos. Queremos dejar un legado sostenible. <\/p>\n<\/div><\/m-wysiwig>\n\n\n    <m-cyphers-basic>\n                        <div slot=\"head\">\n                                                <h3>\n                                Grandes cifras                            <\/h3>\n                                                            <p>\n                                    Descripci\u00f3n por defecto                                <\/p>\n                                            <\/div>\n                                <ul slot=\"cyphers\">\n                                                <li>\n                                                                        <p class=\"number\">\n                                            11.424 M\u20ac                                        <\/p>\n                                                                                <p class=\"post\">\n                                            En Cartera                                        <\/p>\n                                                                    <\/li>\n                                                        <li>\n                                                                        <p class=\"number\">\n                                            5.413 M\u20ac                                        <\/p>\n                                                                                <p class=\"post\">\n                                            En Ventas                                        <\/p>\n                                                                    <\/li>\n                                                        <li>\n                                                                        <p class=\"number\">\n                                            +4.678 km                                         <\/p>\n                                                                                <p class=\"post\">\n                                            Autopistas P3                                        <\/p>\n                                                                    <\/li>\n                                                        <li>\n                                                                        <p class=\"number\">\n                                            +5.720 km                                         <\/p>\n                                                                                <p class=\"post\">\n                                            L\u00edneas f\u00e9rreas                                        <\/p>\n                                                                    <\/li>\n                                                        <li>\n                                                                        <p class=\"number\">\n                                            546 km                                        <\/p>\n                                                                                <p class=\"post\">\n                                            T\u00faneles                                        <\/p>\n                                                                    <\/li>\n                                            <\/ul>\n                    <\/m-cyphers-basic>\n\n    \n\n\n<m-wysiwig class=\"wp-block-components-wysiwyg\"><div slot=\"maincontent\">\n<p>Desde nuestro inicio en 1927, hemos completado m\u00e1s de 750 proyectos en m\u00e1s de 50 pa\u00edses. Hoy, nuestros principales mercados son Estados Unidos, Canad\u00e1, Reino Unido, Espa\u00f1a, Polonia, Australia y Chile.<\/p>\n\n\n\n<p>Algunos de nuestros proyectos m\u00e1s emblem\u00e1ticos son las autopistas LBJ y North Tarrant Express en los EE. UU., ETR 407 en Canad\u00e1, la  T2A en el aeropuerto de Heathrow en el Reino Unido, la T4 en Adolfo Su\u00e1rez Madrid &#8211; Aeropuerto de Barajas en Espa\u00f1a, la l\u00ednea 6 del metro de Santiago de Chile o la autopista del Pac\u00edfico en Australia.<\/p>\n\n\n\n<p>Estamos orgullosos de nuestra identidad multinacional. La diversidad es vital para lo que queremos lograr como empresa y en c\u00f3mo trabajamos y para ello contamos con un entorno de trabajo que abarca diferentes or\u00edgenes, creencias y contribuciones \u00fanicas. <\/p>\n<\/div><\/m-wysiwig>\n\n\n\n    <m-distributor-basic bgimg='https:\/\/static.ferrovial.com\/wp-content\/uploads\/2019\/10\/13133235\/museo-guggenheim-textura-1920x1080.jpg'>\n                        <h3 slot=\"title\">\n                    Nuestro compromiso con la sostenibilidad                <\/h3>\n                                    <c-button slot='cta' type='primary' disabled='false' href='#'>\n                        <span>Conocer los compromisos<\/span>\n                                        <\/c-button>\n                    \n        \n\n    <\/m-distributor-basic>\n    \n\n\n<m-wysiwig class=\"wp-block-components-wysiwyg\"><div slot=\"maincontent\">\n<h2 class=\"wp-block-heading\" id=\"nuestra-historia\">Nuestra historia <\/h2>\n\n\n\n<p>La compa\u00f1\u00eda nace en 1999 de la fusi\u00f3n de los negocios de construcci\u00f3n de Ferrovial y Agroman, empresa constructora de larga tradici\u00f3n. Agroman, fundada en 1927, realiz\u00f3 en la primera mitad del siglo XX grandes obras en toda Espa\u00f1a, entre las que destacan el Metro de Madrid, la Presa del Encinarejo, el ensanche del Morro del dique de Las Arenas o la Bas\u00edlica de El Pilar de Zaragoza. <\/p>\n\n\n\n<p>A mediados del siglo XX, Agroman particip\u00f3 en la construcci\u00f3n de los primeros rascacielos espa\u00f1oles, el Edificio Espa\u00f1a y la Torre de Madrid, ambos en Madrid, y se defini\u00f3 el foco del negocio hacia la infraestructura de transporte. Destacan en este per\u00edodo la construcci\u00f3n de v\u00edas para Renfe, el ferrocarril Bilbao-Portugalete y los metros de Madrid y Barcelona, entre otros proyectos.<\/p>\n\n\n\n<p>Durante los a\u00f1os 60, seguimos adquiriendo experiencia en infraestructuras cr\u00edticas, construyendo el primer tramo de autopista en Espa\u00f1a, en el marco del Plan Nacional de Autopistas de Peaje, y dise\u00f1ando y construyendo astilleros, factor\u00edas y centrales t\u00e9rmicas, as\u00ed como la Universidad Aut\u00f3noma de Bilbao.<\/p>\n\n\n\n<p>Fue en las siguientes d\u00e9cadas (1970 y 1980) cuando nuestra actividad internacional se volvi\u00f3 permanente, con proyectos en Marruecos, Argelia, Nigeria, Venezuela, Siria, Argentina, Ecuador, M\u00e9xico y Paraguay, entre otros pa\u00edses. Adem\u00e1s, en Espa\u00f1a tuvimos el r\u00e9cord de hormigonado.<\/p>\n\n\n\n<p>Es en la d\u00e9cada de 1990 cuando pasamos a formar parte del grupo Ferrovial y seguimos consolidando nuestra presencia internacional. Del a\u00f1o 2000 en adelante resulta complejo sintetizar un rango de actividades con decenas de proyectos mundiales.<br><\/p>\n<\/div><\/m-wysiwig>\n\n\n\n    <m-filter-results type='award' search='disabled' toggle-view='disabled' timeline='enabled' lang='es' items-per-page='24' search-key='search-s4ki7n15knp5544mv57akrsk' search-endpoint='https:\/\/www.ferrovial.com\/wp-json\/search-service\/search' domain-identifier='1' :filter='{&quot;L\u00edneas de negocio&quot;: [&quot;Construcci\\u00f3n&quot;],}' :translations='{\n        &quot;all&quot;:&quot;Todos&quot;,\n        &quot;allOur&quot;:&quot;Todos nuestros&quot;,\n        &quot;autocompleteInitialNotice&quot;:&quot;Aviso inicial de autocompletar&quot;,\n        &quot;autocompleteResultsNotice&quot;:&quot;Aviso inicial de resultados&quot;,\n        &quot;projects&quot;:&quot;Proyectos&quot;,\n        &quot;awards&quot;:&quot;Premios&quot;,\n        &quot;filters&quot;:&quot;Filtros&quot;,\n        &quot;filterBy&quot;:&quot;Filtrar por&quot;,\n        &quot;filteredBy&quot;:&quot;Filtrado por&quot;,\n        &quot;applyFilters&quot;:&quot;Aplicar filtros&quot;,\n        &quot;deleteFilter&quot;:&quot;Eliminar filtro&quot;,\n        &quot;closeFilters&quot;:&quot;Cerrar filtros&quot;,\n        &quot;search&quot;:&quot;Buscar&quot;,\n        &quot;noSearchResults&quot;: &quot;No hay resultados de b\u00fasqueda&quot;,\n        &quot;searchResults&quot;:&quot;Resultados de b\u00fasqueda&quot;,\n        &quot;clear&quot;:&quot;Limpiar todo&quot;,\n        &quot;post_tax_nivel_1&quot;:&quot;L\u00edneas de negocio&quot;,\n        &quot;post_tax_nivel_2&quot;:&quot;Actividades&quot;,\n        &quot;post_tax_nivel_3&quot;: &quot;Pa\u00edses&quot;,\n        &quot;nextYear&quot;: &quot;A\u00f1o siguiente&quot;,\n        &quot;prevYear&quot;: &quot;A\u00f1o anterior&quot;\n    }'>\n    <\/m-filter-results>\n    \n    \n\n\n<p><\/p>\n","protected":false},"excerpt":{"rendered":"","protected":false},"featured_media":0,"parent":132213,"menu_order":0,"comment_status":"closed","ping_status":"closed","template":"","meta":{"_acf_changed":false,"footnotes":""},"class_list":["post-167139","page","type-page","status-publish","hentry"],"acf":[],"yoast_head":"<!-- This site is optimized with the Yoast SEO plugin v27.2 - https:\/\/yoast.com\/product\/yoast-seo-wordpress\/ -->\n<title>Expertos en construcci\u00f3n de infraestructuras - Ferrovial Agroman<\/title>\n<meta name=\"description\" content=\"Ferrovial Agroman desarrolla actividades de construcci\u00f3n de infraestructuras. Opera en pa\u00edses como EEUU, Reino Unido, Australia, Canad\u00e1, Espa\u00f1a, Chile...\" \/>\n<meta name=\"robots\" content=\"index, follow, max-snippet:-1, max-image-preview:large, max-video-preview:-1\" \/>\n<link rel=\"canonical\" href=\"https:\/\/www.ferrovial.com\/es-la\/f-construccion\/quienes-somos\/\" \/>\n<meta property=\"og:locale\" content=\"es_ES\" \/>\n<meta property=\"og:type\" content=\"article\" \/>\n<meta property=\"og:title\" content=\"Expertos en construcci\u00f3n de infraestructuras - Ferrovial Agroman\" \/>\n<meta property=\"og:description\" content=\"Ferrovial Agroman desarrolla actividades de construcci\u00f3n de infraestructuras. Opera en pa\u00edses como EEUU, Reino Unido, Australia, Canad\u00e1, Espa\u00f1a, Chile...\" \/>\n<meta property=\"og:url\" content=\"https:\/\/www.ferrovial.com\/es-la\/f-construccion\/quienes-somos\/\" \/>\n<meta property=\"og:site_name\" content=\"Ferrovial\" \/>\n<meta property=\"article:publisher\" content=\"https:\/\/www.facebook.com\/ferrovial\" \/>\n<meta property=\"article:modified_time\" content=\"2022-04-26T15:08:43+00:00\" \/>\n<meta name=\"twitter:card\" content=\"summary_large_image\" \/>\n<meta name=\"twitter:site\" content=\"@ferrovial\" \/>\n<meta name=\"twitter:label1\" content=\"Est. reading time\" \/>\n\t<meta name=\"twitter:data1\" content=\"2 minutes\" \/>\n<!-- \/ Yoast SEO plugin. -->","yoast_head_json":{"title":"Expertos en construcci\u00f3n de infraestructuras - Ferrovial Agroman","description":"Ferrovial Agroman desarrolla actividades de construcci\u00f3n de infraestructuras. Opera en pa\u00edses como EEUU, Reino Unido, Australia, Canad\u00e1, Espa\u00f1a, Chile...","robots":{"index":"index","follow":"follow","max-snippet":"max-snippet:-1","max-image-preview":"max-image-preview:large","max-video-preview":"max-video-preview:-1"},"canonical":"https:\/\/www.ferrovial.com\/es-la\/f-construccion\/quienes-somos\/","og_locale":"es_ES","og_type":"article","og_title":"Expertos en construcci\u00f3n de infraestructuras - Ferrovial Agroman","og_description":"Ferrovial Agroman desarrolla actividades de construcci\u00f3n de infraestructuras. Opera en pa\u00edses como EEUU, Reino Unido, Australia, Canad\u00e1, Espa\u00f1a, Chile...","og_url":"https:\/\/www.ferrovial.com\/es-la\/f-construccion\/quienes-somos\/","og_site_name":"Ferrovial","article_publisher":"https:\/\/www.facebook.com\/ferrovial","article_modified_time":"2022-04-26T15:08:43+00:00","twitter_card":"summary_large_image","twitter_site":"@ferrovial","twitter_misc":{"Est. reading time":"2 minutes"},"schema":{"@context":"https:\/\/schema.org","@graph":[{"@type":"WebPage","@id":"https:\/\/www.ferrovial.com\/es-la\/f-construccion\/quienes-somos\/","url":"https:\/\/www.ferrovial.com\/es-la\/f-construccion\/quienes-somos\/","name":"Expertos en construcci\u00f3n de infraestructuras - Ferrovial Agroman","isPartOf":{"@id":"https:\/\/www.ferrovial.com\/es-la\/#website"},"datePublished":"2019-09-05T09:11:56+00:00","dateModified":"2022-04-26T15:08:43+00:00","description":"Ferrovial Agroman desarrolla actividades de construcci\u00f3n de infraestructuras. Opera en pa\u00edses como EEUU, Reino Unido, Australia, Canad\u00e1, Espa\u00f1a, Chile...","breadcrumb":{"@id":"https:\/\/www.ferrovial.com\/es-la\/f-construccion\/quienes-somos\/#breadcrumb"},"inLanguage":"es-419","potentialAction":[{"@type":"ReadAction","target":["https:\/\/www.ferrovial.com\/es-la\/f-construccion\/quienes-somos\/"]}]},{"@type":"BreadcrumbList","@id":"https:\/\/www.ferrovial.com\/es-la\/f-construccion\/quienes-somos\/#breadcrumb","itemListElement":[{"@type":"ListItem","position":1,"name":"Portada","item":"https:\/\/www.ferrovial.com\/es-la\/"},{"@type":"ListItem","position":2,"name":"Ferrovial Construcci\u00f3n","item":"https:\/\/www.ferrovial.com\/es-la\/f-construccion\/"},{"@type":"ListItem","position":3,"name":"Qui\u00e9nes somos"}]},{"@type":"WebSite","@id":"https:\/\/www.ferrovial.com\/es-la\/#website","url":"https:\/\/www.ferrovial.com\/es-la\/","name":"Ferrovial","description":"Welcome to the Ferrovial&#039;s website, global operator of sustainable infrastructure. Here you can find all the information about the company and subsidiaries.","publisher":{"@id":"https:\/\/www.ferrovial.com\/es-la\/#organization"},"potentialAction":[{"@type":"SearchAction","target":{"@type":"EntryPoint","urlTemplate":"https:\/\/www.ferrovial.com\/es-la\/?s={search_term_string}"},"query-input":{"@type":"PropertyValueSpecification","valueRequired":true,"valueName":"search_term_string"}}],"inLanguage":"es-419"},{"@type":"Organization","@id":"https:\/\/www.ferrovial.com\/es-la\/#organization","name":"Ferrovial S.A.","url":"https:\/\/www.ferrovial.com\/es-la\/","logo":{"@type":"ImageObject","inLanguage":"es-419","@id":"https:\/\/www.ferrovial.com\/es-la\/#\/schema\/logo\/image\/","url":"https:\/\/static.ferrovial.com\/wp-content\/uploads\/2020\/01\/13124948\/logo-ferrovial-cf7.png","contentUrl":"https:\/\/static.ferrovial.com\/wp-content\/uploads\/2020\/01\/13124948\/logo-ferrovial-cf7.png","width":144,"height":32,"caption":"Ferrovial S.A."},"image":{"@id":"https:\/\/www.ferrovial.com\/es-la\/#\/schema\/logo\/image\/"},"sameAs":["https:\/\/www.facebook.com\/ferrovial","https:\/\/x.com\/ferrovial","https:\/\/www.instagram.com\/ferrovial\/","https:\/\/www.linkedin.com\/company\/ferrovial","https:\/\/www.pinterest.es\/ferrovial\/","https:\/\/www.youtube.com\/ferrovial","https:\/\/en.wikipedia.org\/wiki\/Ferrovial"]}]}},"_links":{"self":[{"href":"https:\/\/www.ferrovial.com\/es-la\/wp-json\/wp\/v2\/pages\/167139","targetHints":{"allow":["GET"]}}],"collection":[{"href":"https:\/\/www.ferrovial.com\/es-la\/wp-json\/wp\/v2\/pages"}],"about":[{"href":"https:\/\/www.ferrovial.com\/es-la\/wp-json\/wp\/v2\/types\/page"}],"replies":[{"embeddable":true,"href":"https:\/\/www.ferrovial.com\/es-la\/wp-json\/wp\/v2\/comments?post=167139"}],"version-history":[{"count":3,"href":"https:\/\/www.ferrovial.com\/es-la\/wp-json\/wp\/v2\/pages\/167139\/revisions"}],"predecessor-version":[{"id":221273,"href":"https:\/\/www.ferrovial.com\/es-la\/wp-json\/wp\/v2\/pages\/167139\/revisions\/221273"}],"up":[{"embeddable":true,"href":"https:\/\/www.ferrovial.com\/es-la\/wp-json\/wp\/v2\/pages\/132213"}],"wp:attachment":[{"href":"https:\/\/www.ferrovial.com\/es-la\/wp-json\/wp\/v2\/media?parent=167139"}],"curies":[{"name":"wp","href":"https:\/\/api.w.org\/{rel}","templated":true}]}}