{"id":171919,"date":"2020-03-17T09:08:24","date_gmt":"2020-03-17T08:08:24","guid":{"rendered":"https:\/\/www.ferrovial.com\/podcast\/"},"modified":"2021-07-22T13:40:17","modified_gmt":"2021-07-22T11:40:17","slug":"podcast","status":"publish","type":"page","link":"https:\/\/www.ferrovial.com\/es-la\/podcast\/","title":{"rendered":"Podcast"},"content":{"rendered":"    <m-hero type='single' :translations='{\n        &quot;play&quot;:&quot;Reproducir v\u00eddeo de fondo&quot;,\n        &quot;pause&quot;:&quot;Pausar v\u00eddeo de fondo&quot;,\n        &quot;prev&quot;:&quot;Anterior&quot;,\n        &quot;next&quot;:&quot;Siguiente&quot;,\n        &quot;paginationseparator&quot;:&quot;de&quot;,\n        &quot;goto&quot;:&quot;Ir al slide&quot;,\n        &quot;external&quot;:&quot;Abrir una nueva ventana&quot;\n    }'>\n        \n                        <div slot=\"carouselItem\">\n                            <c-background-video :sources=\"['https:\/\/static.ferrovial.com\/wp-content\/uploads\/2021\/03\/04130317\/ferrovial-podcast-landing-es.mp4']\" position=\"center center\" poster=\"https:\/\/static.ferrovial.com\/wp-content\/uploads\/2020\/03\/13125242\/podcast0a.png\" :translations=\"{&quot;play&quot;:&quot;Reproducir v\u00eddeo de fondo&quot;,&quot;pause&quot;:&quot;Pausar v\u00eddeo de fondo&quot;}\"><\/c-background-video>\n                        <\/div>        <section slot=\"hero\">\n            <article>\n                                        <h1>Sonidos de Infraestructuras<\/h1>\n                                                <p>Descripci\u00f3n por defecto<\/p>\n                                    <\/article>\n        <\/section>\n    <\/m-hero>\n\n    \n\n\n<m-wysiwig class=\"wp-block-components-wysiwyg\"><div slot=\"maincontent\">    <p class=\"intro\">Cuando funciona bien, la infraestructura que utilizamos es casi invisible. Su perfecta integraci\u00f3n en nuestra vida cotidiana significa que rara vez nos detenemos a pensar &#8220;\u00bfC\u00f3mo lleg\u00f3 esto aqu\u00ed?&#8221;. El podcast Sonidos de Infraestructuras revela los secretos e historias detr\u00e1s de algunos de los proyectos de infraestructura m\u00e1s grandes del mundo.<\/p>\n    <\/div><\/m-wysiwig>\n\n\n    <m-logotypes>\n                        <h2 slot=\"label\">\n                    Plataformas                <\/h2>\n                                <h3 slot=\"title\">\n                    \u00bfEres un aficionado de las infraestructuras como nosotros? \u00a1Este es tu podcast!                <\/h3>\n                \n                        <a slot='carouselItems' href='https:\/\/open.spotify.com\/show\/6bN8uTK4eZWyVNLewjeFE3' target='_blank' rel='nofollow noopener noreferrer'>\n                            <img v-lazy=\"'https:\/\/static.ferrovial.com\/wp-content\/uploads\/2021\/07\/22114447\/spotify.png'\" alt=\"\" \/>\n                        <\/a>\n                        \n                        <a slot='carouselItems' href='https:\/\/www.ivoox.com\/en\/podcast-sonidos-infraestructuras_sq_f1884420_1.html' target='_blank' rel='nofollow noopener noreferrer'>\n                            <img v-lazy=\"'https:\/\/static.ferrovial.com\/wp-content\/uploads\/2021\/07\/22114430\/ivoox.png'\" alt=\"\" \/>\n                        <\/a>\n                        \n                        <a slot='carouselItems' href='https:\/\/podcasts.apple.com\/es\/podcast\/sonidos-de-infraestructuras-by-ferrovial\/id1505780787' target='_blank' rel='nofollow noopener noreferrer'>\n                            <img v-lazy=\"'https:\/\/static.ferrovial.com\/wp-content\/uploads\/2021\/07\/22114544\/apple-podcast.jpg'\" alt=\"\" \/>\n                        <\/a>\n                        \n                        <a slot='carouselItems' href='https:\/\/podcasts.google.com\/feed\/aHR0cHM6Ly9mZWVkcy5hY2FzdC5jb20vcHVibGljL3Nob3dzLzVlN2I3ZjE2YTQ0ZmQyZTY3NWM4MTM0ZA?sa=X&amp;ved=0CAMQ4aUDahcKEwiI8drru_bxAhUAAAAAHQAAAAAQAQ&amp;hl=en-ES' target='_blank' rel='nofollow noopener noreferrer'>\n                            <img v-lazy=\"'https:\/\/static.ferrovial.com\/wp-content\/uploads\/2021\/07\/22114530\/google-podcasts-logo-1.jpg'\" alt=\"\" \/>\n                        <\/a>\n                        \n                        <a slot='carouselItems' href='https:\/\/music.amazon.es\/podcasts\/530dee55-3e04-4487-8946-a4b08d1a5c58\/sonidos-de-infraestructuras-by-ferrovial' target='_blank' rel='nofollow noopener noreferrer'>\n                            <img v-lazy=\"'https:\/\/static.ferrovial.com\/wp-content\/uploads\/2021\/07\/22114558\/amazon-music.png'\" alt=\"\" \/>\n                        <\/a>\n                        \n                        <a slot='carouselItems' href='https:\/\/shows.acast.com\/sonidos-de-infraestructuras' target='_blank' rel='nofollow noopener noreferrer'>\n                            <img v-lazy=\"'https:\/\/static.ferrovial.com\/wp-content\/uploads\/2021\/07\/22131721\/acast-6.png'\" alt=\"\" \/>\n                        <\/a>\n                        \n                        <a slot='carouselItems' href='https:\/\/soundcloud.com\/sounds-like-infra' target='_blank' rel='nofollow noopener noreferrer'>\n                            <img v-lazy=\"'https:\/\/static.ferrovial.com\/wp-content\/uploads\/2021\/07\/22131654\/soundcloud-logo-3.png'\" alt=\"\" \/>\n                        <\/a>\n                        \n                        <a slot='carouselItems' href='https:\/\/www.youtube.com\/watch?v=IJ2gbejssH4&amp;list=PL8l-qQaea7cgookzlyHLtLPlZufiHgDFl' target='_blank' rel='nofollow noopener noreferrer'>\n                            <img v-lazy=\"'https:\/\/static.ferrovial.com\/wp-content\/uploads\/2021\/07\/22131730\/logo-youtube-4.jpg'\" alt=\"\" \/>\n                        <\/a>\n                            <\/m-logotypes>\n    \n\n\n<m-wysiwig class=\"wp-block-components-wysiwyg\"><div slot=\"maincontent\">\n<h3 class=\"wp-block-heading\">Tambi\u00e9n tenemos nuestro programa en ingl\u00e9s, con episodios exclusivos.<a aria-label=\" \u00a1Esc\u00fachalo aqu\u00ed! (opens in a new tab)\" href=\"https:\/\/www.ferrovial.com\/es-la\/podcast\/\" target=\"_blank\" rel=\"noreferrer noopener\" class=\"ek-link\"> \u00a1Esc\u00fachalo aqu\u00ed!<\/a><\/h3>\n<\/div><\/m-wysiwig>\n\n\n\n<m-wysiwig class=\"wp-block-components-wysiwyg\"><div slot=\"maincontent\">\n<h2 class=\"wp-block-heading\"><em>Sonidos de Infraestructuras<\/em> tambi\u00e9n disponible en YouTube<\/h2>\n\n\n\n<p>Tambi\u00e9n hemos creado una lista de reproducci\u00f3n en YouTube con todos los episodios, para que pueda seguirlos y escuchar tus favoritos.  Disfruta del programa en esta playlist. <\/p>\n<\/div><\/m-wysiwig>\n\n\n\n<m-video-playlist playlistid=\"PL8l-qQaea7cgookzlyHLtLPlZufiHgDFl\" apikey=\"AIzaSyBitr3derebComeHqwU3p_f5Wsdej9Veh4\" :fullwidth=\"false\" class=\"wp-block-components-video-playlist\"><video class=\"video-js vjs-16-9 vjs-big-play-centered\" slot=\"video\" id=\"youtube-video\" data-setup=\"{ &quot;techOrder&quot;: [&quot;youtube&quot;], &quot;sources&quot;: [{ &quot;type&quot;: &quot;video\/youtube&quot;, &quot;src&quot;: &quot;http:\/\/www.youtube-nocookie.com\/watch?v=IJ2gbejssH4&amp;list=PL8l-qQaea7cgookzlyHLtLPlZufiHgDFl?rel=0&quot;}], &quot;youtube&quot;: { &quot;enablePrivacyEnhancedMode&quot;: &quot;true&quot; } }\"><\/video><div class=\"vjs-playlist vjs-playlist-vertical vjs-csspointerevents vjs-mouse\" slot=\"list\"><\/div><\/m-video-playlist>\n","protected":false},"excerpt":{"rendered":"","protected":false},"featured_media":0,"parent":0,"menu_order":0,"comment_status":"closed","ping_status":"closed","template":"","meta":{"_acf_changed":false,"footnotes":""},"class_list":["post-171919","page","type-page","status-publish","hentry"],"acf":[],"yoast_head":"<!-- This site is optimized with the Yoast SEO plugin v27.2 - https:\/\/yoast.com\/product\/yoast-seo-wordpress\/ -->\n<title>Podcast - Ferrovial<\/title>\n<meta name=\"description\" content=\"Welcome to the Ferrovial&#039;s website, global operator of sustainable infrastructure. Here you can find all the information about the company and subsidiaries.\" \/>\n<meta name=\"robots\" content=\"index, follow, max-snippet:-1, max-image-preview:large, max-video-preview:-1\" \/>\n<link rel=\"canonical\" href=\"https:\/\/www.ferrovial.com\/es-la\/podcast\/\" \/>\n<meta property=\"og:locale\" content=\"es_ES\" \/>\n<meta property=\"og:type\" content=\"article\" \/>\n<meta property=\"og:title\" content=\"Podcast - Ferrovial\" \/>\n<meta property=\"og:description\" content=\"Welcome to the Ferrovial&#039;s website, global operator of sustainable infrastructure. Here you can find all the information about the company and subsidiaries.\" \/>\n<meta property=\"og:url\" content=\"https:\/\/www.ferrovial.com\/es-la\/podcast\/\" \/>\n<meta property=\"og:site_name\" content=\"Ferrovial\" \/>\n<meta property=\"article:publisher\" content=\"https:\/\/www.facebook.com\/ferrovial\" \/>\n<meta property=\"article:modified_time\" content=\"2021-07-22T11:40:17+00:00\" \/>\n<meta name=\"twitter:card\" content=\"summary_large_image\" \/>\n<meta name=\"twitter:site\" content=\"@ferrovial\" \/>\n<meta name=\"twitter:label1\" content=\"Est. reading time\" \/>\n\t<meta name=\"twitter:data1\" content=\"1 minute\" \/>\n<!-- \/ Yoast SEO plugin. -->","yoast_head_json":{"title":"Podcast - Ferrovial","description":"Welcome to the Ferrovial's website, global operator of sustainable infrastructure. Here you can find all the information about the company and subsidiaries.","robots":{"index":"index","follow":"follow","max-snippet":"max-snippet:-1","max-image-preview":"max-image-preview:large","max-video-preview":"max-video-preview:-1"},"canonical":"https:\/\/www.ferrovial.com\/es-la\/podcast\/","og_locale":"es_ES","og_type":"article","og_title":"Podcast - Ferrovial","og_description":"Welcome to the Ferrovial's website, global operator of sustainable infrastructure. Here you can find all the information about the company and subsidiaries.","og_url":"https:\/\/www.ferrovial.com\/es-la\/podcast\/","og_site_name":"Ferrovial","article_publisher":"https:\/\/www.facebook.com\/ferrovial","article_modified_time":"2021-07-22T11:40:17+00:00","twitter_card":"summary_large_image","twitter_site":"@ferrovial","twitter_misc":{"Est. reading time":"1 minute"},"schema":{"@context":"https:\/\/schema.org","@graph":[{"@type":"WebPage","@id":"https:\/\/www.ferrovial.com\/es-la\/podcast\/","url":"https:\/\/www.ferrovial.com\/es-la\/podcast\/","name":"Podcast - Ferrovial","isPartOf":{"@id":"https:\/\/www.ferrovial.com\/es-la\/#website"},"datePublished":"2020-03-17T08:08:24+00:00","dateModified":"2021-07-22T11:40:17+00:00","description":"Welcome to the Ferrovial's website, global operator of sustainable infrastructure. Here you can find all the information about the company and subsidiaries.","breadcrumb":{"@id":"https:\/\/www.ferrovial.com\/es-la\/podcast\/#breadcrumb"},"inLanguage":"es-419","potentialAction":[{"@type":"ReadAction","target":["https:\/\/www.ferrovial.com\/es-la\/podcast\/"]}]},{"@type":"BreadcrumbList","@id":"https:\/\/www.ferrovial.com\/es-la\/podcast\/#breadcrumb","itemListElement":[{"@type":"ListItem","position":1,"name":"Portada","item":"https:\/\/www.ferrovial.com\/es-la\/"},{"@type":"ListItem","position":2,"name":"Podcast"}]},{"@type":"WebSite","@id":"https:\/\/www.ferrovial.com\/es-la\/#website","url":"https:\/\/www.ferrovial.com\/es-la\/","name":"Ferrovial","description":"Welcome to the Ferrovial&#039;s website, global operator of sustainable infrastructure. Here you can find all the information about the company and subsidiaries.","publisher":{"@id":"https:\/\/www.ferrovial.com\/es-la\/#organization"},"potentialAction":[{"@type":"SearchAction","target":{"@type":"EntryPoint","urlTemplate":"https:\/\/www.ferrovial.com\/es-la\/?s={search_term_string}"},"query-input":{"@type":"PropertyValueSpecification","valueRequired":true,"valueName":"search_term_string"}}],"inLanguage":"es-419"},{"@type":"Organization","@id":"https:\/\/www.ferrovial.com\/es-la\/#organization","name":"Ferrovial S.A.","url":"https:\/\/www.ferrovial.com\/es-la\/","logo":{"@type":"ImageObject","inLanguage":"es-419","@id":"https:\/\/www.ferrovial.com\/es-la\/#\/schema\/logo\/image\/","url":"https:\/\/static.ferrovial.com\/wp-content\/uploads\/2020\/01\/13124948\/logo-ferrovial-cf7.png","contentUrl":"https:\/\/static.ferrovial.com\/wp-content\/uploads\/2020\/01\/13124948\/logo-ferrovial-cf7.png","width":144,"height":32,"caption":"Ferrovial S.A."},"image":{"@id":"https:\/\/www.ferrovial.com\/es-la\/#\/schema\/logo\/image\/"},"sameAs":["https:\/\/www.facebook.com\/ferrovial","https:\/\/x.com\/ferrovial","https:\/\/www.instagram.com\/ferrovial\/","https:\/\/www.linkedin.com\/company\/ferrovial","https:\/\/www.pinterest.es\/ferrovial\/","https:\/\/www.youtube.com\/ferrovial","https:\/\/en.wikipedia.org\/wiki\/Ferrovial"]}]}},"_links":{"self":[{"href":"https:\/\/www.ferrovial.com\/es-la\/wp-json\/wp\/v2\/pages\/171919","targetHints":{"allow":["GET"]}}],"collection":[{"href":"https:\/\/www.ferrovial.com\/es-la\/wp-json\/wp\/v2\/pages"}],"about":[{"href":"https:\/\/www.ferrovial.com\/es-la\/wp-json\/wp\/v2\/types\/page"}],"replies":[{"embeddable":true,"href":"https:\/\/www.ferrovial.com\/es-la\/wp-json\/wp\/v2\/comments?post=171919"}],"version-history":[{"count":3,"href":"https:\/\/www.ferrovial.com\/es-la\/wp-json\/wp\/v2\/pages\/171919\/revisions"}],"predecessor-version":[{"id":198726,"href":"https:\/\/www.ferrovial.com\/es-la\/wp-json\/wp\/v2\/pages\/171919\/revisions\/198726"}],"wp:attachment":[{"href":"https:\/\/www.ferrovial.com\/es-la\/wp-json\/wp\/v2\/media?parent=171919"}],"curies":[{"name":"wp","href":"https:\/\/api.w.org\/{rel}","templated":true}]}}