{"id":173763,"date":"2019-11-25T12:08:09","date_gmt":"2019-11-25T11:08:09","guid":{"rendered":"https:\/\/www.ferrovial.com\/innovacion\/tecnologias\/"},"modified":"2020-09-11T13:46:40","modified_gmt":"2020-09-11T11:46:40","slug":"tecnologias","status":"publish","type":"page","link":"https:\/\/www.ferrovial.com\/es-la\/innovacion\/tecnologias\/","title":{"rendered":"Tecnolog\u00edas"},"content":{"rendered":"    <m-final-content-header >\n            <c-breadcrumb label-text=\"Breadcrumb\" slot=\"breadcrumbs\" type='2' align='left' wrap='wrapped wrapped' aria-label='Vienes de Innovaci\u00f3n'>\n                        <ol>\n\n                                                            <li><a href=\"https:\/\/www.ferrovial.com\/es-la\/\" title=\"Ferrovial\">Ferrovial<\/a><\/li>\n                                                                        <li><a href=\"https:\/\/www.ferrovial.com\/es\/innovacion\/\" title=\"Innovaci\u00f3n\">Innovaci\u00f3n<\/a><\/li>\n                                    \n                <\/ol>\n\n                <\/c-breadcrumb>\n    \n        <div slot=\"header\">\n            <h1>\n                Tecnolog\u00edas            <\/h1>\n                    <\/div>\n    <\/m-final-content-header>\n\n    \n\n    <m-multiple-distributor columns='4'>\n                            <div class=\"card\">\n                                                <img decoding=\"async\" src=\"https:\/\/static.ferrovial.com\/wp-content\/uploads\/2019\/11\/13140644\/gafas-inteligencia-artificial-600x800.jpg\" alt=\"artificial intelligence glasses\" position=\"center center\" \/>\n                                                        <p class=\"name\">Inteligencia artificial<\/p>\n                                                                    <p class=\"description\">Descripci\u00f3n por defecto<\/p>\n                                                                        <a title='M\u00e1s informaci\u00f3n' aria-label='M\u00e1s informaci\u00f3n sobre Inteligencia artificial'>M\u00e1s informaci\u00f3n<\/a>\n                                                            <\/div>\n                                        <div class=\"card\">\n                                                <img decoding=\"async\" src=\"https:\/\/static.ferrovial.com\/wp-content\/uploads\/2019\/11\/13140649\/tr-pic-euroscut_algarve-009_low-e1526024471663-600x800.jpg\" alt=\"Big Data C\u00e1mara Euroscut Algarve\" position=\"center center\" \/>\n                                                        <p class=\"name\">Big data<\/p>\n                                                                    <p class=\"description\">Descripci\u00f3n por defecto<\/p>\n                                                                        <a title='M\u00e1s informaci\u00f3n' aria-label='M\u00e1s informaci\u00f3n sobre Big data'>M\u00e1s informaci\u00f3n<\/a>\n                                                            <\/div>\n                                        <div class=\"card\">\n                                                <img decoding=\"async\" src=\"https:\/\/static.ferrovial.com\/wp-content\/uploads\/2019\/09\/13140635\/inspeccion_talud-600x800.jpg\" alt=\"inspeccion_talud\" position=\"center center\" \/>\n                                                        <p class=\"name\">Drones<\/p>\n                                                                    <p class=\"description\">Descripci\u00f3n por defecto<\/p>\n                                                                        <a title='M\u00e1s informaci\u00f3n' aria-label='M\u00e1s informaci\u00f3n sobre Drones'>M\u00e1s informaci\u00f3n<\/a>\n                                                            <\/div>\n                                        <div class=\"card\">\n                                                <img decoding=\"async\" src=\"https:\/\/static.ferrovial.com\/wp-content\/uploads\/2019\/09\/13141316\/che17633d-600x800.jpg\" alt=\"Heathrow, Terminal 2, roof architecture\" position=\"center center\" \/>\n                                                        <p class=\"name\">Blockchain<\/p>\n                                                                    <p class=\"description\">Descripci\u00f3n por defecto<\/p>\n                                                                        <a title='M\u00e1s informaci\u00f3n' aria-label='M\u00e1s informaci\u00f3n sobre Blockchain'>M\u00e1s informaci\u00f3n<\/a>\n                                                            <\/div>\n                                        <div class=\"card\">\n                                                <img decoding=\"async\" src=\"https:\/\/static.ferrovial.com\/wp-content\/uploads\/2019\/11\/13140642\/internet-of-thing-iot-600x800.jpg\" alt=\"Internet of things iot\" position=\"center center\" \/>\n                                                        <p class=\"name\">Internet de las cosas<\/p>\n                                                                    <p class=\"description\">Descripci\u00f3n por defecto<\/p>\n                                                                        <a title='M\u00e1s informaci\u00f3n' aria-label='M\u00e1s informaci\u00f3n sobre Internet de las cosas'>M\u00e1s informaci\u00f3n<\/a>\n                                                            <\/div>\n                                        <div class=\"card\">\n                                                <img decoding=\"async\" src=\"https:\/\/static.ferrovial.com\/wp-content\/uploads\/2019\/11\/13140646\/impresion-3d-digital-hub-600x363.png\" alt=\"impresi\u00f3n 3D digital hub ferrovial\" position=\"center center\" \/>\n                                                        <p class=\"name\">Impresi\u00f3n 3D<\/p>\n                                                                    <p class=\"description\">Descripci\u00f3n por defecto<\/p>\n                                                                        <a title='M\u00e1s informaci\u00f3n' aria-label='M\u00e1s informaci\u00f3n sobre Impresi\u00f3n 3D'>M\u00e1s informaci\u00f3n<\/a>\n                                                            <\/div>\n                                        <div class=\"card\">\n                                                <img decoding=\"async\" src=\"https:\/\/static.ferrovial.com\/wp-content\/uploads\/2019\/11\/13132403\/construction-worker-956495_1920-600x800.jpg\" alt=\"empleado construcci\u00f3n\" position=\"center center\" \/>\n                                                        <p class=\"name\">BIM<\/p>\n                                                                    <p class=\"description\">Descripci\u00f3n por defecto<\/p>\n                                                                        <a title='M\u00e1s informaci\u00f3n' aria-label='M\u00e1s informaci\u00f3n sobre BIM'>M\u00e1s informaci\u00f3n<\/a>\n                                                            <\/div>\n                                        <div class=\"card\">\n                                                <img decoding=\"async\" src=\"https:\/\/static.ferrovial.com\/wp-content\/uploads\/2019\/09\/13141316\/che17633d-600x800.jpg\" alt=\"Heathrow, Terminal 2, roof architecture\" position=\"center center\" \/>\n                                                        <p class=\"name\">5G<\/p>\n                                                                    <p class=\"description\">Descripci\u00f3n por defecto<\/p>\n                                                                        <a title='M\u00e1s informaci\u00f3n' aria-label='M\u00e1s informaci\u00f3n sobre 5G'>M\u00e1s informaci\u00f3n<\/a>\n                                                            <\/div>\n                                        <div class=\"card\">\n                                                <img decoding=\"async\" src=\"https:\/\/static.ferrovial.com\/wp-content\/uploads\/2019\/09\/13141316\/che17633d-600x800.jpg\" alt=\"Heathrow, Terminal 2, roof architecture\" position=\"center center\" \/>\n                                                        <p class=\"name\">Veh\u00edculos aut\u00f3nomos conectados<\/p>\n                                                                    <p class=\"description\">Descripci\u00f3n por defecto<\/p>\n                                                                        <a title='M\u00e1s informaci\u00f3n' aria-label='M\u00e1s informaci\u00f3n sobre Veh\u00edculos aut\u00f3nomos conectados'>M\u00e1s informaci\u00f3n<\/a>\n                                                            <\/div>\n                        <\/m-multiple-distributor>\n\n    ","protected":false},"excerpt":{"rendered":"","protected":false},"featured_media":0,"parent":131391,"menu_order":0,"comment_status":"closed","ping_status":"closed","template":"","meta":{"_acf_changed":false,"footnotes":""},"class_list":["post-173763","page","type-page","status-publish","hentry"],"acf":[],"yoast_head":"<!-- This site is optimized with the Yoast SEO plugin v27.2 - https:\/\/yoast.com\/product\/yoast-seo-wordpress\/ -->\n<title>Tecnolog\u00edas - Ferrovial<\/title>\n<meta name=\"description\" content=\"Welcome to the Ferrovial&#039;s website, global operator of sustainable infrastructure. Here you can find all the information about the company and subsidiaries.\" \/>\n<meta name=\"robots\" content=\"index, follow, max-snippet:-1, max-image-preview:large, max-video-preview:-1\" \/>\n<link rel=\"canonical\" href=\"https:\/\/www.ferrovial.com\/es-la\/innovacion\/tecnologias\/\" \/>\n<meta property=\"og:locale\" content=\"es_ES\" \/>\n<meta property=\"og:type\" content=\"article\" \/>\n<meta property=\"og:title\" content=\"Tecnolog\u00edas - Ferrovial\" \/>\n<meta property=\"og:description\" content=\"Welcome to the Ferrovial&#039;s website, global operator of sustainable infrastructure. Here you can find all the information about the company and subsidiaries.\" \/>\n<meta property=\"og:url\" content=\"https:\/\/www.ferrovial.com\/es-la\/innovacion\/tecnologias\/\" \/>\n<meta property=\"og:site_name\" content=\"Ferrovial\" \/>\n<meta property=\"article:publisher\" content=\"https:\/\/www.facebook.com\/ferrovial\" \/>\n<meta property=\"article:modified_time\" content=\"2020-09-11T11:46:40+00:00\" \/>\n<meta name=\"twitter:card\" content=\"summary_large_image\" \/>\n<meta name=\"twitter:site\" content=\"@ferrovial\" \/>\n<!-- \/ Yoast SEO plugin. -->","yoast_head_json":{"title":"Tecnolog\u00edas - Ferrovial","description":"Welcome to the Ferrovial's website, global operator of sustainable infrastructure. Here you can find all the information about the company and subsidiaries.","robots":{"index":"index","follow":"follow","max-snippet":"max-snippet:-1","max-image-preview":"max-image-preview:large","max-video-preview":"max-video-preview:-1"},"canonical":"https:\/\/www.ferrovial.com\/es-la\/innovacion\/tecnologias\/","og_locale":"es_ES","og_type":"article","og_title":"Tecnolog\u00edas - Ferrovial","og_description":"Welcome to the Ferrovial's website, global operator of sustainable infrastructure. Here you can find all the information about the company and subsidiaries.","og_url":"https:\/\/www.ferrovial.com\/es-la\/innovacion\/tecnologias\/","og_site_name":"Ferrovial","article_publisher":"https:\/\/www.facebook.com\/ferrovial","article_modified_time":"2020-09-11T11:46:40+00:00","twitter_card":"summary_large_image","twitter_site":"@ferrovial","schema":{"@context":"https:\/\/schema.org","@graph":[{"@type":"WebPage","@id":"https:\/\/www.ferrovial.com\/es-la\/innovacion\/tecnologias\/","url":"https:\/\/www.ferrovial.com\/es-la\/innovacion\/tecnologias\/","name":"Tecnolog\u00edas - Ferrovial","isPartOf":{"@id":"https:\/\/www.ferrovial.com\/es-la\/#website"},"datePublished":"2019-11-25T11:08:09+00:00","dateModified":"2020-09-11T11:46:40+00:00","description":"Welcome to the Ferrovial's website, global operator of sustainable infrastructure. Here you can find all the information about the company and subsidiaries.","breadcrumb":{"@id":"https:\/\/www.ferrovial.com\/es-la\/innovacion\/tecnologias\/#breadcrumb"},"inLanguage":"es-419","potentialAction":[{"@type":"ReadAction","target":["https:\/\/www.ferrovial.com\/es-la\/innovacion\/tecnologias\/"]}]},{"@type":"BreadcrumbList","@id":"https:\/\/www.ferrovial.com\/es-la\/innovacion\/tecnologias\/#breadcrumb","itemListElement":[{"@type":"ListItem","position":1,"name":"Portada","item":"https:\/\/www.ferrovial.com\/es-la\/"},{"@type":"ListItem","position":2,"name":"Innovaci\u00f3n","item":"https:\/\/www.ferrovial.com\/es-la\/innovacion\/"},{"@type":"ListItem","position":3,"name":"Tecnolog\u00edas"}]},{"@type":"WebSite","@id":"https:\/\/www.ferrovial.com\/es-la\/#website","url":"https:\/\/www.ferrovial.com\/es-la\/","name":"Ferrovial","description":"Welcome to the Ferrovial&#039;s website, global operator of sustainable infrastructure. Here you can find all the information about the company and subsidiaries.","publisher":{"@id":"https:\/\/www.ferrovial.com\/es-la\/#organization"},"potentialAction":[{"@type":"SearchAction","target":{"@type":"EntryPoint","urlTemplate":"https:\/\/www.ferrovial.com\/es-la\/?s={search_term_string}"},"query-input":{"@type":"PropertyValueSpecification","valueRequired":true,"valueName":"search_term_string"}}],"inLanguage":"es-419"},{"@type":"Organization","@id":"https:\/\/www.ferrovial.com\/es-la\/#organization","name":"Ferrovial S.A.","url":"https:\/\/www.ferrovial.com\/es-la\/","logo":{"@type":"ImageObject","inLanguage":"es-419","@id":"https:\/\/www.ferrovial.com\/es-la\/#\/schema\/logo\/image\/","url":"https:\/\/static.ferrovial.com\/wp-content\/uploads\/2020\/01\/13124948\/logo-ferrovial-cf7.png","contentUrl":"https:\/\/static.ferrovial.com\/wp-content\/uploads\/2020\/01\/13124948\/logo-ferrovial-cf7.png","width":144,"height":32,"caption":"Ferrovial S.A."},"image":{"@id":"https:\/\/www.ferrovial.com\/es-la\/#\/schema\/logo\/image\/"},"sameAs":["https:\/\/www.facebook.com\/ferrovial","https:\/\/x.com\/ferrovial","https:\/\/www.instagram.com\/ferrovial\/","https:\/\/www.linkedin.com\/company\/ferrovial","https:\/\/www.pinterest.es\/ferrovial\/","https:\/\/www.youtube.com\/ferrovial","https:\/\/en.wikipedia.org\/wiki\/Ferrovial"]}]}},"_links":{"self":[{"href":"https:\/\/www.ferrovial.com\/es-la\/wp-json\/wp\/v2\/pages\/173763","targetHints":{"allow":["GET"]}}],"collection":[{"href":"https:\/\/www.ferrovial.com\/es-la\/wp-json\/wp\/v2\/pages"}],"about":[{"href":"https:\/\/www.ferrovial.com\/es-la\/wp-json\/wp\/v2\/types\/page"}],"replies":[{"embeddable":true,"href":"https:\/\/www.ferrovial.com\/es-la\/wp-json\/wp\/v2\/comments?post=173763"}],"version-history":[{"count":2,"href":"https:\/\/www.ferrovial.com\/es-la\/wp-json\/wp\/v2\/pages\/173763\/revisions"}],"predecessor-version":[{"id":203515,"href":"https:\/\/www.ferrovial.com\/es-la\/wp-json\/wp\/v2\/pages\/173763\/revisions\/203515"}],"up":[{"embeddable":true,"href":"https:\/\/www.ferrovial.com\/es-la\/wp-json\/wp\/v2\/pages\/131391"}],"wp:attachment":[{"href":"https:\/\/www.ferrovial.com\/es-la\/wp-json\/wp\/v2\/media?parent=173763"}],"curies":[{"name":"wp","href":"https:\/\/api.w.org\/{rel}","templated":true}]}}