{"id":175594,"date":"2020-10-06T16:01:14","date_gmt":"2020-10-06T14:01:14","guid":{"rendered":"https:\/\/www.ferrovial.com\/foresight\/"},"modified":"2024-02-20T16:00:38","modified_gmt":"2024-02-20T15:00:38","slug":"foresight","status":"publish","type":"page","link":"https:\/\/www.ferrovial.com\/es-la\/foresight\/","title":{"rendered":"Foresight"},"content":{"rendered":"    <m-hero type='brand' gutenberg='gutenberg' :translations='{\n        &quot;play&quot;:&quot;Reproducir v\u00eddeo de fondo&quot;,\n        &quot;pause&quot;:&quot;Pausar v\u00eddeo de fondo&quot;,\n        &quot;prev&quot;:&quot;Anterior&quot;,\n        &quot;next&quot;:&quot;Siguiente&quot;,\n        &quot;paginationseparator&quot;:&quot;de&quot;,\n        &quot;goto&quot;:&quot;Ir al slide&quot;\n    }'>\n                        \n                \n                <section slot=\"hero\">\n                    <article bgtype='video' bgsource='https:\/\/static.ferrovial.com\/wp-content\/uploads\/2020\/09\/13123830\/bucle-foresight-animacion-blanco-1-baja.mp4' bgposition='center center' poster='https:\/\/static.ferrovial.com\/wp-content\/uploads\/2020\/10\/13123721\/captura-header.jpg'>\n                                                <h1><span label=\"Foresight\" ><\/span><\/h1>\n                                                        <h2>Construyamos el futuro juntos<\/h2>\n                                                    <\/article>\n                <\/section>\n                <\/m-hero>\n    \n\n    \n    <m-header-brand>\n            <\/m-header-brand>\n    \n\n\n    <m-introduction-brand type=\"primary\" gutenberg>\n                        <h2 slot=\"label\">\n                    Foresight                <\/h2>\n                                <h3 slot=\"title\">\n                    \u00bfY si nos anticipamos juntos al futuro?                 <\/h3>\n                                <p slot=\"description\">\n                    Es vital anticipar y explorar los cambios a largo plazo para tomar las mejores decisiones en el presente. No podemos predecir el futuro, pero s\u00ed trabajar para estar alerta y crear el mundo sostenible que deseamos. \u00bfQuieres unirte a nosotros y ser impulsor del cambio?                <\/p>\n                        <button slot=\"button\" link=\"https:\/\/www.ferrovial.com\/es\/foresight\/contacto\/\">\n            \u00a1Acomp\u00e1\u00f1anos en este viaje!        <\/button>\n    <\/m-introduction-brand>\n\n    \n\n\n<m-wysiwig class=\"wp-block-components-wysiwyg\"><div slot=\"maincontent\">    <p class=\"intro\">Foresight es la plataforma de innovaci\u00f3n abierta de Ferrovial para construir el futuro de las infraestructuras de transporte y la movilidad. <\/p>\n    \n\n\n<p>Un lugar de&nbsp;encuentro del ecosistema para el&nbsp;intercambio de&nbsp;tendencias,&nbsp;conocimiento&nbsp;y nuevas tecnolog\u00edas,&nbsp;en el que&nbsp;nuestros expertos colaboran&nbsp;con clientes,&nbsp;<em>startups<\/em>, inversores y otros agentes con visi\u00f3n de <strong>largo plazo<\/strong> para construir un futuro mejor.<\/p>\n<\/div><\/m-wysiwig>\n\n\n    <m-video >\n                <a class='m-video__modal' slot='modal' href='https:\/\/www.youtube-nocookie.com\/embed\/MMatU5neFAI'>\n            <img slot=\"poster\" v-lazy=\"'https:\/\/static.ferrovial.com\/wp-content\/uploads\/2020\/12\/13121546\/dimitris-bountolos-ciio-ferrovial.png'\" title=\"\" width=\"1000\" height=\"100%\" >\n        <\/a>\n            <\/m-video>\n    \n\n    <m-multiple-distributor columns='4'>\n                            <div class=\"card\">\n                                                <img decoding=\"async\" src=\"https:\/\/static.ferrovial.com\/wp-content\/uploads\/2020\/10\/13123718\/foresight_ojo1-1025x600-1-600x600.png\" alt=\"Imagen con icono Foresight\" position=\"center center\" \/>\n                                                        <p class=\"name\">\u00bfQu\u00e9 es Foresight?<\/p>\n                                                                    <p class=\"description\">Descripci\u00f3n por defecto<\/p>\n                                                                        <a title='Ver m\u00e1s' aria-label='M\u00e1s informaci\u00f3n sobre \u00bfQu\u00e9 es Foresight?'>Ver m\u00e1s<\/a>\n                                                            <\/div>\n                                        <div class=\"card\">\n                                                <img decoding=\"async\" src=\"https:\/\/static.ferrovial.com\/wp-content\/uploads\/2020\/10\/13123704\/foresight_hyperloop-icon-600x600.png\" alt=\"Icono Hyperloop Foresight\" position=\"center center\" \/>\n                                                        <p class=\"name\">What If&#8230;?<\/p>\n                                                                    <p class=\"description\">Descripci\u00f3n por defecto<\/p>\n                                                                        <a title='Ver m\u00e1s' aria-label='M\u00e1s informaci\u00f3n sobre What If...?'>Ver m\u00e1s<\/a>\n                                                            <\/div>\n                                        <div class=\"card\">\n                                                <img decoding=\"async\" src=\"https:\/\/static.ferrovial.com\/wp-content\/uploads\/2020\/10\/13123712\/foresight_prox-1025x600-1-600x600.png\" alt=\"\" position=\"center center\" \/>\n                                                        <p class=\"name\">Corporate Venturing<\/p>\n                                                                    <p class=\"description\">Descripci\u00f3n por defecto<\/p>\n                                                                        <a title='Ver m\u00e1s' aria-label='M\u00e1s informaci\u00f3n sobre Corporate Venturing'>Ver m\u00e1s<\/a>\n                                                            <\/div>\n                                        <div class=\"card\">\n                                                <img decoding=\"async\" src=\"https:\/\/static.ferrovial.com\/wp-content\/uploads\/2020\/10\/13123648\/foresight_tendencias-1025x600-2-600x600.png\" alt=\"\" position=\"center center\" \/>\n                                                        <p class=\"name\">Innovation Insights<\/p>\n                                                                    <p class=\"description\">Descripci\u00f3n por defecto<\/p>\n                                                                        <a title='Ver m\u00e1s' aria-label='M\u00e1s informaci\u00f3n sobre Innovation Insights'>Ver m\u00e1s<\/a>\n                                                            <\/div>\n                        <\/m-multiple-distributor>\n\n    \n\n\n<m-wysiwig class=\"wp-block-components-wysiwyg\"><div slot=\"maincontent\"><\/div><\/m-wysiwig>\n\n\n    <m-distributor-carousel-highlights :translations='{\n        &quot;paginationseparator&quot;:&quot;de&quot;,\n        &quot;next&quot;:&quot;Siguiente&quot;,\n        &quot;prev&quot;:&quot;Anterior&quot;\n    }'>\n                        <h3 slot=\"title\">\n                    Nuestro ecosistema de innovaci\u00f3n                <\/h3>\n                                    <div class=\"m-distributor-carousel-highlights__inner__viewport__wrapper\" slot=\"carouselItem\">\n                        <c-card class=\"m-distributor-carousel-highlights__inner__viewport__slide\" type=\"type-3\" link=\"\"  >\n                                                                <label slot=\"label\">Innovaci\u00f3n Abierta<\/label>\n                                                                        <h3 role=\"listitem\" slot=\"title\">Build Up!<\/h3>\n                                                                        <p slot=\"description\">\n                                        Lorem ipsum                                    <\/p>\n                                                                        <c-icon slot=\"icon\" icon=\"startups\" size=\"xxl\">\n                                    <\/c-icon>\n                                                                        <c-masked-image path=\"3\"  slot=\"image\">\n                                    <\/c-masked-image>\n                                                            <\/c-card>\n                    <\/div>\n                                        <div class=\"m-distributor-carousel-highlights__inner__viewport__wrapper\" slot=\"carouselItem\">\n                        <c-card class=\"m-distributor-carousel-highlights__inner__viewport__slide\" type=\"type-3\" link=\"\"  >\n                                                                <label slot=\"label\">Innovaci\u00f3n Abierta<\/label>\n                                                                        <h3 role=\"listitem\" slot=\"title\">Zuritanken<\/h3>\n                                                                        <p slot=\"description\">\n                                        Lorem ipsum                                    <\/p>\n                                                                        <c-icon slot=\"icon\" icon=\"colaboracion\" size=\"xxl\">\n                                    <\/c-icon>\n                                                                        <c-masked-image path=\"3\"  slot=\"image\">\n                                    <\/c-masked-image>\n                                                            <\/c-card>\n                    <\/div>\n                                        <div class=\"m-distributor-carousel-highlights__inner__viewport__wrapper\" slot=\"carouselItem\">\n                        <c-card class=\"m-distributor-carousel-highlights__inner__viewport__slide\" type=\"type-4\" link=\"https:\/\/newsroom.ferrovial.com\/es\/noticias\/madrid-in-motion-startups-movilidad-urbana\/\" target='_blank' >\n                                                                <img decoding=\"async\" slot=\"background\" src=\"https:\/\/static.newsroom.ferrovial.com\/wp-content\/uploads\/2019\/03\/15152207\/madrid-in-motion-602x445.jpg\" video=\"true\" height=\"100%\">\n                                                                        <h3 role=\"listitem\" slot=\"title\">Madrid in Motion<\/h3>\n                                                                        <p slot=\"description\">\n                                        Lorem ipsum                                    <\/p>\n                                                            <\/c-card>\n                    <\/div>\n                                        <div class=\"m-distributor-carousel-highlights__inner__viewport__wrapper\" slot=\"carouselItem\">\n                        <c-card class=\"m-distributor-carousel-highlights__inner__viewport__slide\" type=\"type-3\" link=\"https:\/\/newsroom.ferrovial.com\/es\/notas-prensa\/ferrovial-georgia-tech-asocian-impulsar-soluciones-sostenibles-infraestructuras-movilidad\/\"  >\n                                                                <label slot=\"label\">Notas de prensa<\/label>\n                                                                        <h3 role=\"listitem\" slot=\"title\">Georgia Tech<\/h3>\n                                                                        <p slot=\"description\">\n                                        Lorem ipsum                                    <\/p>\n                                                                        <c-icon slot=\"icon\" icon=\"airports\" size=\"xxl\">\n                                    <\/c-icon>\n                                                                        <c-masked-image path=\"3\"  slot=\"image\">\n                                    <\/c-masked-image>\n                                                            <\/c-card>\n                    <\/div>\n                        <\/m-distributor-carousel-highlights>\n    \n\n\n<m-wysiwig class=\"wp-block-components-wysiwyg\"><div slot=\"maincontent\">\n<h2 class=\"wp-block-heading\">Conversaciones sobre el futuro de la movilidad<\/h2>\n<\/div><\/m-wysiwig>\n\n\n\n<m-video-playlist playlistid=\"PL8l-qQaea7cjtdSUU2D_Ba8UVpQFiW99e\" apikey=\"AIzaSyBitr3derebComeHqwU3p_f5Wsdej9Veh4\" :fullwidth=\"false\" class=\"wp-block-components-video-playlist\"><video class=\"video-js vjs-16-9 vjs-big-play-centered\" slot=\"video\" id=\"youtube-video\" data-setup=\"{ &quot;techOrder&quot;: [&quot;youtube&quot;], &quot;sources&quot;: [{ &quot;type&quot;: &quot;video\/youtube&quot;, &quot;src&quot;: &quot;http:\/\/www.youtube-nocookie.com\/watch?v=PZW2dC_XKVM&amp;list=PL8l-qQaea7cjtdSUU2D_Ba8UVpQFiW99e?rel=0&quot;}], &quot;youtube&quot;: { &quot;enablePrivacyEnhancedMode&quot;: &quot;true&quot; } }\"><\/video><div class=\"vjs-playlist vjs-playlist-vertical vjs-csspointerevents vjs-mouse\" slot=\"list\"><\/div><\/m-video-playlist>\n\n\n    <m-distributor-news  >\n                        <h2 slot=\"title\">Art\u00edculos<\/h2>\n                                        <div slot=\"report\">\n                            <h3><a href=\"https:\/\/www.ferrovial.com\/es\/accionistas-e-inversores\/hechos-relevantes\/operaciones-efectuadas-por-ferrovial-al-amparo-de-su-programa-de-recompra-de-acciones-propias-entre-el-7-y-el-10-de-abril-de-2026\/\" target='_blank' title=\"Operaciones efectuadas por Ferrovial al amparo de su programa de recompra de acciones propias entre el 7\u00a0y\u00a0el 10 de abril de 2026\">Operaciones efectuadas por Ferrovial al amparo de su programa de recompra de acciones propias entre el 7\u00a0y\u00a0el 10 de abril de 2026<\/a><\/h3>\n                                                                <span>14\/04\/2026<\/span>\n                                                            <\/div>\n                                                <div slot=\"report\">\n                            <h3><a href=\"https:\/\/www.ferrovial.com\/es\/accionistas-e-inversores\/hechos-relevantes\/ferrovial-comunica-los-acuerdos-adoptados-por-la-junta-general-de-accionistas-celebrada-el-9-de-abril-de-2026\/\" target='_blank' title=\"Ferrovial comunica los acuerdos adoptados por la Junta General de Accionistas celebrada el 9 de abril de 2026\">Ferrovial comunica los acuerdos adoptados por la Junta General de Accionistas celebrada el 9 de abril de 2026<\/a><\/h3>\n                                                                <span>09\/04\/2026<\/span>\n                                                            <\/div>\n                                                <div slot=\"report\">\n                            <h3><a href=\"https:\/\/www.ferrovial.com\/es\/accionistas-e-inversores\/hechos-relevantes\/ignacio-madridejos-fernandez-consejero-ejecutivo-2\/\" target='_blank' title=\"Ignacio Madridejos Fern\u00e1ndez - Consejero Ejecutivo\">Ignacio Madridejos Fern\u00e1ndez &#8211; Consejero Ejecutivo<\/a><\/h3>\n                                                                <span>09\/04\/2026<\/span>\n                                                            <\/div>\n                                                <div slot=\"report\">\n                            <h3><a href=\"https:\/\/www.ferrovial.com\/es\/accionistas-e-inversores\/hechos-relevantes\/rafael-del-pino-calvo-sotelo-consejero-ejecutivo-2\/\" target='_blank' title=\"Rafael del Pino Calvo-Sotelo - Consejero Ejecutivo\">Rafael del Pino Calvo-Sotelo &#8211; Consejero Ejecutivo<\/a><\/h3>\n                                                                <span>09\/04\/2026<\/span>\n                                                            <\/div>\n                            <\/m-distributor-news>\n    ","protected":false},"excerpt":{"rendered":"","protected":false},"featured_media":0,"parent":0,"menu_order":0,"comment_status":"closed","ping_status":"closed","template":"template-brand.php","meta":{"_acf_changed":false,"footnotes":""},"class_list":["post-175594","page","type-page","status-publish","hentry"],"acf":[],"yoast_head":"<!-- This site is optimized with the Yoast SEO plugin v27.2 - https:\/\/yoast.com\/product\/yoast-seo-wordpress\/ -->\n<title>Foresight | La plataforma de innovaci\u00f3n de Ferrovial para construir el futuro - Ferrovial<\/title>\n<meta name=\"description\" content=\"Foresight es la plataforma de innovaci\u00f3n disruptiva de Ferrovial para construir el futuro de las infraestructuras de transporte y la movilidad.\" \/>\n<meta name=\"robots\" content=\"index, follow, max-snippet:-1, max-image-preview:large, max-video-preview:-1\" \/>\n<link rel=\"canonical\" href=\"https:\/\/www.ferrovial.com\/es-la\/foresight\/\" \/>\n<meta property=\"og:locale\" content=\"es_ES\" \/>\n<meta property=\"og:type\" content=\"article\" \/>\n<meta property=\"og:title\" content=\"Foresight | La plataforma de innovaci\u00f3n de Ferrovial para construir el futuro - Ferrovial\" \/>\n<meta property=\"og:description\" content=\"Foresight es la plataforma de innovaci\u00f3n disruptiva de Ferrovial para construir el futuro de las infraestructuras de transporte y la movilidad.\" \/>\n<meta property=\"og:url\" content=\"https:\/\/www.ferrovial.com\/es-la\/foresight\/\" \/>\n<meta property=\"og:site_name\" content=\"Ferrovial\" \/>\n<meta property=\"article:publisher\" content=\"https:\/\/www.facebook.com\/ferrovial\" \/>\n<meta property=\"article:modified_time\" content=\"2024-02-20T15:00:38+00:00\" \/>\n<meta name=\"twitter:card\" content=\"summary_large_image\" \/>\n<meta name=\"twitter:site\" content=\"@ferrovial\" \/>\n<!-- \/ Yoast SEO plugin. -->","yoast_head_json":{"title":"Foresight | La plataforma de innovaci\u00f3n de Ferrovial para construir el futuro - Ferrovial","description":"Foresight es la plataforma de innovaci\u00f3n disruptiva de Ferrovial para construir el futuro de las infraestructuras de transporte y la movilidad.","robots":{"index":"index","follow":"follow","max-snippet":"max-snippet:-1","max-image-preview":"max-image-preview:large","max-video-preview":"max-video-preview:-1"},"canonical":"https:\/\/www.ferrovial.com\/es-la\/foresight\/","og_locale":"es_ES","og_type":"article","og_title":"Foresight | La plataforma de innovaci\u00f3n de Ferrovial para construir el futuro - Ferrovial","og_description":"Foresight es la plataforma de innovaci\u00f3n disruptiva de Ferrovial para construir el futuro de las infraestructuras de transporte y la movilidad.","og_url":"https:\/\/www.ferrovial.com\/es-la\/foresight\/","og_site_name":"Ferrovial","article_publisher":"https:\/\/www.facebook.com\/ferrovial","article_modified_time":"2024-02-20T15:00:38+00:00","twitter_card":"summary_large_image","twitter_site":"@ferrovial","schema":{"@context":"https:\/\/schema.org","@graph":[{"@type":"WebPage","@id":"https:\/\/www.ferrovial.com\/es-la\/foresight\/","url":"https:\/\/www.ferrovial.com\/es-la\/foresight\/","name":"Foresight | La plataforma de innovaci\u00f3n de Ferrovial para construir el futuro - Ferrovial","isPartOf":{"@id":"https:\/\/www.ferrovial.com\/es-la\/#website"},"datePublished":"2020-10-06T14:01:14+00:00","dateModified":"2024-02-20T15:00:38+00:00","description":"Foresight es la plataforma de innovaci\u00f3n disruptiva de Ferrovial para construir el futuro de las infraestructuras de transporte y la movilidad.","breadcrumb":{"@id":"https:\/\/www.ferrovial.com\/es-la\/foresight\/#breadcrumb"},"inLanguage":"es-419","potentialAction":[{"@type":"ReadAction","target":["https:\/\/www.ferrovial.com\/es-la\/foresight\/"]}]},{"@type":"BreadcrumbList","@id":"https:\/\/www.ferrovial.com\/es-la\/foresight\/#breadcrumb","itemListElement":[{"@type":"ListItem","position":1,"name":"Portada","item":"https:\/\/www.ferrovial.com\/es-la\/"},{"@type":"ListItem","position":2,"name":"Foresight"}]},{"@type":"WebSite","@id":"https:\/\/www.ferrovial.com\/es-la\/#website","url":"https:\/\/www.ferrovial.com\/es-la\/","name":"Ferrovial","description":"Welcome to the Ferrovial&#039;s website, global operator of sustainable infrastructure. Here you can find all the information about the company and subsidiaries.","publisher":{"@id":"https:\/\/www.ferrovial.com\/es-la\/#organization"},"potentialAction":[{"@type":"SearchAction","target":{"@type":"EntryPoint","urlTemplate":"https:\/\/www.ferrovial.com\/es-la\/?s={search_term_string}"},"query-input":{"@type":"PropertyValueSpecification","valueRequired":true,"valueName":"search_term_string"}}],"inLanguage":"es-419"},{"@type":"Organization","@id":"https:\/\/www.ferrovial.com\/es-la\/#organization","name":"Ferrovial S.A.","url":"https:\/\/www.ferrovial.com\/es-la\/","logo":{"@type":"ImageObject","inLanguage":"es-419","@id":"https:\/\/www.ferrovial.com\/es-la\/#\/schema\/logo\/image\/","url":"https:\/\/static.ferrovial.com\/wp-content\/uploads\/2020\/01\/13124948\/logo-ferrovial-cf7.png","contentUrl":"https:\/\/static.ferrovial.com\/wp-content\/uploads\/2020\/01\/13124948\/logo-ferrovial-cf7.png","width":144,"height":32,"caption":"Ferrovial S.A."},"image":{"@id":"https:\/\/www.ferrovial.com\/es-la\/#\/schema\/logo\/image\/"},"sameAs":["https:\/\/www.facebook.com\/ferrovial","https:\/\/x.com\/ferrovial","https:\/\/www.instagram.com\/ferrovial\/","https:\/\/www.linkedin.com\/company\/ferrovial","https:\/\/www.pinterest.es\/ferrovial\/","https:\/\/www.youtube.com\/ferrovial","https:\/\/en.wikipedia.org\/wiki\/Ferrovial"]}]}},"_links":{"self":[{"href":"https:\/\/www.ferrovial.com\/es-la\/wp-json\/wp\/v2\/pages\/175594","targetHints":{"allow":["GET"]}}],"collection":[{"href":"https:\/\/www.ferrovial.com\/es-la\/wp-json\/wp\/v2\/pages"}],"about":[{"href":"https:\/\/www.ferrovial.com\/es-la\/wp-json\/wp\/v2\/types\/page"}],"replies":[{"embeddable":true,"href":"https:\/\/www.ferrovial.com\/es-la\/wp-json\/wp\/v2\/comments?post=175594"}],"version-history":[{"count":3,"href":"https:\/\/www.ferrovial.com\/es-la\/wp-json\/wp\/v2\/pages\/175594\/revisions"}],"predecessor-version":[{"id":275881,"href":"https:\/\/www.ferrovial.com\/es-la\/wp-json\/wp\/v2\/pages\/175594\/revisions\/275881"}],"wp:attachment":[{"href":"https:\/\/www.ferrovial.com\/es-la\/wp-json\/wp\/v2\/media?parent=175594"}],"curies":[{"name":"wp","href":"https:\/\/api.w.org\/{rel}","templated":true}]}}