{"id":181455,"date":"2020-10-23T14:45:23","date_gmt":"2020-10-23T12:45:23","guid":{"rendered":"https:\/\/www.ferrovial.com\/negocio\/construccion\/proyecto-abacus\/"},"modified":"2021-07-13T13:42:36","modified_gmt":"2021-07-13T11:42:36","slug":"proyecto-abacus","status":"publish","type":"page","link":"https:\/\/www.ferrovial.com\/es-la\/negocio\/construccion\/proyecto-abacus\/","title":{"rendered":"Proyecto Abacus &#8211; Ferrovial Construcci\u00f3n"},"content":{"rendered":"    <m-hero type='reduced' :translations='{\n        &quot;play&quot;:&quot;Reproducir v\u00eddeo de fondo&quot;,\n        &quot;pause&quot;:&quot;Pausar v\u00eddeo de fondo&quot;,\n        &quot;prev&quot;:&quot;Anterior&quot;,\n        &quot;next&quot;:&quot;Siguiente&quot;,\n        &quot;paginationseparator&quot;:&quot;de&quot;,\n        &quot;goto&quot;:&quot;Ir al slide&quot;,\n        &quot;external&quot;:&quot;Abrir una nueva ventana&quot;\n    }'>\n            <c-breadcrumb label-text=\"Breadcrumb\" slot=\"breadcrumbs\" type='1' align='left left' wrap='wrapped wrapped' aria-label='Vienes de Construcci\u00f3n'>\n                        <ol>\n\n                                                            <li><a href=\"https:\/\/www.ferrovial.com\/es-la\/\" title=\"Ferrovial\">Ferrovial<\/a><\/li>\n                                                                        <li><a href=\"https:\/\/www.ferrovial.com\/es\/negocio\/\" title=\"Negocios\">Negocios<\/a><\/li>\n                                                                        <li><a href=\"https:\/\/www.ferrovial.com\/es\/negocio\/construccion\/\" title=\"Construcci\u00f3n\">Construcci\u00f3n<\/a><\/li>\n                                    \n                <\/ol>\n\n                <\/c-breadcrumb>\n    \n                        <div slot=\"carouselItem\">\n                            <c-background-video :sources=\"['https:\/\/static.ferrovial.com\/wp-content\/uploads\/2020\/10\/13123327\/abacus-project-ferrovial-construction-bucle.mp4']\" position=\"center center\" poster=\"https:\/\/static.ferrovial.com\/wp-content\/uploads\/2020\/10\/13123328\/abacus-project-ferrovial-construction-1920x1080.jpg\" :translations=\"{&quot;play&quot;:&quot;Reproducir v\u00eddeo de fondo&quot;,&quot;pause&quot;:&quot;Pausar v\u00eddeo de fondo&quot;}\"><\/c-background-video>\n                        <\/div>\n        <section slot=\"hero\">\n            <article>\n                                        <h1>\n                            Proyecto ABACUS de Ferrovial Construcci\u00f3n                        <\/h1>\n                                                <p>Descripci\u00f3n por defecto<\/p>\n                                    <\/article>\n        <\/section>\n    <\/m-hero>\n\n    \n\n    <m-introduction-subhome type='primary' pathfront='1' pathback='2' icon='construction'>\n        <img decoding=\"async\" class=\"dots hidden\" slot=\"bg\" src=\"https:\/\/www.ferrovial.com\/wp-content\/themes\/global\/front\/dist\/static\/img\/dots.svg\" alt=\"\" \/>\n                        <p slot=\"description\">\n                    El Proyecto Abacus incluye la estrategia, proceso de transformaci\u00f3n, gesti\u00f3n de riesgos y planes de comunicaci\u00f3n dibujados por Ferrovial Construcci\u00f3n para los pr\u00f3ximos cinco a\u00f1os.                <\/p>\n                    <\/m-introduction-subhome>\n    \n\n\n<m-wysiwig class=\"wp-block-components-wysiwyg\"><div slot=\"maincontent\">\n<figure class=\"wp-block-embed is-type-video is-provider-youtube wp-block-embed-youtube wp-embed-aspect-16-9 wp-has-aspect-ratio\"><div class=\"wp-block-embed__wrapper\">\n<iframe loading=\"lazy\" title=\"Obras del Puente de Valdebebas, Madrid | Proyecto Abacus | Ferrovial Construcci\u00f3n\" width=\"500\" height=\"281\" src=\"https:\/\/www.youtube.com\/embed\/Eei5-feNikw?feature=oembed\" frameborder=\"0\" allow=\"accelerometer; autoplay; clipboard-write; encrypted-media; gyroscope; picture-in-picture; web-share\" referrerpolicy=\"strict-origin-when-cross-origin\" allowfullscreen><\/iframe>\n<\/div><\/figure>\n\n\n\n<p>El Proyecto tambi\u00e9n destaca nuestra evoluci\u00f3n en los \u00faltimos a\u00f1os. <strong>Nuestras capacidades y valores que nos han convertido en una referencia en el mercado. <\/strong>La capacidad t\u00e9cnica y ejecutiva de nuestros profesionales, combinada con una metodolog\u00eda consistente y su compromiso, hacen posible el \u00e9xito de este nuevo plan.<\/p>\n\n\n\n<h2 class=\"wp-block-heading\"><strong>Context<\/strong>o<\/h2>\n\n\n\n<p>La industria de la construcci\u00f3n siempre se ha caracterizado como uno de los sectores m\u00e1s tradicionales de nuestra econom\u00eda, en comparaci\u00f3n con otros. En este escenario, la capacidad de adaptarse a un entorno cambiante o de aplicar nuevas tecnolog\u00edas ha sido mucho m\u00e1s lenta.<\/p>\n\n\n\n<p>La transformaci\u00f3n digital consiste en la integraci\u00f3n de tecnolog\u00edas tradicionales con los sistemas digitales. <strong>Esta transformaci\u00f3n afectar\u00e1 positivamente a nuestra industria, mejorando la forma en que construimos y ayudando a tener mejor eficiencia energ\u00e9tica.<\/strong> Ferrovial Construcci\u00f3n es una gran promotora de infraestructuras de todo el mundo. La sostenibilidad es, y debe ser, un sello distintivo en todos los proyectos de ingenier\u00eda. Debe considerarse desde el dise\u00f1o, con el objetivo de mejorar la conectividad, ayudar a la movilidad, aumentar la seguridad vial y ayudar al desarrollo de la econom\u00eda local. Nuestra infraestructura debe tener una impronta de sostenibilidad en el futuro.<\/p>\n\n\n\n<p>Esta es la raz\u00f3n por la que lanzamos <strong>Abacus<\/strong>, para liderar la evoluci\u00f3n del sector de la construcci\u00f3n y para desencadenar un cambio en la industria en su conjunto.<\/p>\n\n\n\n<h2 class=\"wp-block-heading\"><strong>Nuestro objetivo<\/strong><\/h2>\n\n\n\n<p><strong>Transformar Ferrovial Construcci\u00f3n en un negocio s\u00f3lido con procesos establecidos, una organizaci\u00f3n bien definida, comunicaci\u00f3n fluida y control de riesgos. <\/strong>Permitiendo a nuestra empresa alcanzar un margen EBITDA del 3,5% en 2024, junto con una estructura m\u00e1s \u00e1gil, homog\u00e9nea y eficiente.<\/p>\n\n\n\n<figure class=\"wp-block-embed is-type-video is-provider-youtube wp-block-embed-youtube wp-embed-aspect-16-9 wp-has-aspect-ratio\"><div class=\"wp-block-embed__wrapper\">\n<iframe loading=\"lazy\" title=\"Abacus Project: Strategic Plan\" width=\"500\" height=\"281\" src=\"https:\/\/www.youtube.com\/embed\/HuRvB2ZUrwY?feature=oembed\" frameborder=\"0\" allow=\"accelerometer; autoplay; clipboard-write; encrypted-media; gyroscope; picture-in-picture; web-share\" referrerpolicy=\"strict-origin-when-cross-origin\" allowfullscreen><\/iframe>\n<\/div><\/figure>\n\n\n\n<p>                <\/p>\n\n\n\n<h2 class=\"wp-block-heading\"><strong><strong>\u00bfC\u00f3mo vamos a hacerlo?<\/strong><\/strong><\/h2>\n\n\n\n<p>Entregando, dise\u00f1ando y construyendo grandes proyectos para todas nuestras empresas y generando efectivo para invertir en otros proyectos de infraestructura. Necesitamos liderar la transformaci\u00f3n en el sector de la construcci\u00f3n en el futuro. Seguimos trabajando para mejorar nuestra eficiencia y la forma en que entregamos nuestros proyectos.<\/p>\n\n\n\n<h2 class=\"wp-block-heading\"><strong><strong>Las personas son el centro del negocio<\/strong><\/strong><\/h2>\n\n\n\n<blockquote class=\"wp-block-quote is-style-default is-layout-flow wp-block-quote-is-layout-flow\"><p><em><em><em>Una empresa constructora es tan buena como las personas que la integran.<\/em><\/em><\/em> <\/p><cite><em>Ignacio Gast\u00f3n, Consejero Delegado de Ferrovial Construcci\u00f3n<\/em><\/cite><\/blockquote>\n\n\n\n<p>Debemos tener a las mejores personas, formar lo mejor posible a nuestro equipo y reforzar el talento. Nuestra visi\u00f3n es crear lugares de trabajo y operaciones seguros y libres de riesgos para todos, todos los d\u00edas. Crear un espacio donde nuestra gente pueda sentirse c\u00f3moda, con energ\u00eda, motivada y confiada en lo que hace.<\/p>\n<\/div><\/m-wysiwig>\n\n\n\n<m-wysiwig class=\"wp-block-components-wysiwyg\"><div slot=\"maincontent\"><\/div><\/m-wysiwig>\n\n\n    <m-multiple-distributor columns='4'>\n                        <p slot=\"title\">\n                    Estrategias prioritarias                <\/p>\n                                    <div class=\"card\">\n                                                <img decoding=\"async\" src=\"https:\/\/static.ferrovial.com\/wp-content\/uploads\/2019\/10\/13134045\/ferrovial-agroman-construccion-600x800.jpg\" alt=\"\" position=\"center center\" \/>\n                                                        <p class=\"name\">Seguridad y Salud<\/p>\n                                                                    <p class=\"description\">Descripci\u00f3n por defecto<\/p>\n                                                    <\/div>\n                                        <div class=\"card\">\n                                                <img decoding=\"async\" src=\"https:\/\/static.ferrovial.com\/wp-content\/uploads\/2019\/12\/13131905\/home-ferrovial-agroman-australia-4-600x800.jpg\" alt=\" \" position=\"center center\" \/>\n                                                        <p class=\"name\">Centrarse en la rentabilidad<\/p>\n                                                                    <p class=\"description\">Descripci\u00f3n por defecto<\/p>\n                                                    <\/div>\n                                        <div class=\"card\">\n                                                <img decoding=\"async\" src=\"https:\/\/static.ferrovial.com\/wp-content\/uploads\/2019\/12\/13140531\/construction-d4r7-bratislava-ferrovial-agroman-600x800.jpg\" alt=\"construcci\u00f3n D4r7 en bratislava\" position=\"center center\" \/>\n                                                        <p class=\"name\">Gesti\u00f3n de riesgos<\/p>\n                                                                    <p class=\"description\">Descripci\u00f3n por defecto<\/p>\n                                                    <\/div>\n                                        <div class=\"card\">\n                                                <img decoding=\"async\" src=\"https:\/\/static.ferrovial.com\/wp-content\/uploads\/2019\/12\/13131914\/ferrovial-agroman-usa-3-600x800.jpg\" alt=\" \" position=\"center center\" \/>\n                                                        <p class=\"name\">Tecnolog\u00eda e informaci\u00f3n<\/p>\n                                                                    <p class=\"description\">Descripci\u00f3n por defecto<\/p>\n                                                    <\/div>\n                        <\/m-multiple-distributor>\n\n    \n\n\n<m-wysiwig class=\"wp-block-components-wysiwyg\"><div slot=\"maincontent\"><\/div><\/m-wysiwig>\n\n\n\n    <m-distributor-basic video='true'>\n                        <h2 slot=\"label\">\n                    Premios                <\/h2>\n                                <h3 slot=\"title\">\n                    Premio Estrategia de Transformaci\u00f3n Digital 2021                <\/h3>\n                                    <c-button slot='cta' type='primary' disabled='false' href='https:\/\/newsroom.ferrovial.com\/es\/noticias\/ferrovial-construccion-premio-estrategia-de-transformacion-digital-2021\/' target='_blank' sr-only='Abrir en una nueva pesta\u00f1a' icon='true'>\n                        <span>Ver mas<\/span>\n                                            <c-icon icon=\"external\" size=\"s\">\n                        <\/c-icon>\n                                        <\/c-button>\n                    \n                        <c-background-video slot='video' :sources='[&quot;https:\/\/static.ferrovial.com\/wp-content\/uploads\/2019\/11\/13141256\/bucle-textura-innovacion-chip.mp4&quot;]' position='center' poster='https:\/\/static.ferrovial.com\/wp-content\/uploads\/2019\/11\/13140541\/fotobucle-texturas-innovacion.png'>\n                <\/c-background-video>\n                \n\n    <\/m-distributor-basic>\n    ","protected":false},"excerpt":{"rendered":"","protected":false},"featured_media":0,"parent":131276,"menu_order":1,"comment_status":"closed","ping_status":"closed","template":"","meta":{"_acf_changed":false,"footnotes":""},"class_list":["post-181455","page","type-page","status-publish","hentry"],"acf":[],"yoast_head":"<!-- This site is optimized with the Yoast SEO plugin v27.2 - https:\/\/yoast.com\/product\/yoast-seo-wordpress\/ -->\n<title>Proyecto Abacus - Ferrovial Construcci\u00f3n - Ferrovial<\/title>\n<meta name=\"description\" content=\"Welcome to the Ferrovial&#039;s website, global operator of sustainable infrastructure. Here you can find all the information about the company and subsidiaries.\" \/>\n<meta name=\"robots\" content=\"index, follow, max-snippet:-1, max-image-preview:large, max-video-preview:-1\" \/>\n<link rel=\"canonical\" href=\"https:\/\/www.ferrovial.com\/es-la\/negocio\/construccion\/proyecto-abacus\/\" \/>\n<meta property=\"og:locale\" content=\"es_ES\" \/>\n<meta property=\"og:type\" content=\"article\" \/>\n<meta property=\"og:title\" content=\"Proyecto Abacus - Ferrovial Construcci\u00f3n - Ferrovial\" \/>\n<meta property=\"og:description\" content=\"Welcome to the Ferrovial&#039;s website, global operator of sustainable infrastructure. Here you can find all the information about the company and subsidiaries.\" \/>\n<meta property=\"og:url\" content=\"https:\/\/www.ferrovial.com\/es-la\/negocio\/construccion\/proyecto-abacus\/\" \/>\n<meta property=\"og:site_name\" content=\"Ferrovial\" \/>\n<meta property=\"article:publisher\" content=\"https:\/\/www.facebook.com\/ferrovial\" \/>\n<meta property=\"article:modified_time\" content=\"2021-07-13T11:42:36+00:00\" \/>\n<meta property=\"og:image\" content=\"https:\/\/www.ferrovial.com\/wp-content\/themes\/global\/front\/dist\/static\/img\/dots.svg\" \/>\n<meta name=\"twitter:card\" content=\"summary_large_image\" \/>\n<meta name=\"twitter:site\" content=\"@ferrovial\" \/>\n<meta name=\"twitter:label1\" content=\"Est. reading time\" \/>\n\t<meta name=\"twitter:data1\" content=\"3 minutes\" \/>\n<!-- \/ Yoast SEO plugin. -->","yoast_head_json":{"title":"Proyecto Abacus - Ferrovial Construcci\u00f3n - Ferrovial","description":"Welcome to the Ferrovial's website, global operator of sustainable infrastructure. Here you can find all the information about the company and subsidiaries.","robots":{"index":"index","follow":"follow","max-snippet":"max-snippet:-1","max-image-preview":"max-image-preview:large","max-video-preview":"max-video-preview:-1"},"canonical":"https:\/\/www.ferrovial.com\/es-la\/negocio\/construccion\/proyecto-abacus\/","og_locale":"es_ES","og_type":"article","og_title":"Proyecto Abacus - Ferrovial Construcci\u00f3n - Ferrovial","og_description":"Welcome to the Ferrovial's website, global operator of sustainable infrastructure. Here you can find all the information about the company and subsidiaries.","og_url":"https:\/\/www.ferrovial.com\/es-la\/negocio\/construccion\/proyecto-abacus\/","og_site_name":"Ferrovial","article_publisher":"https:\/\/www.facebook.com\/ferrovial","article_modified_time":"2021-07-13T11:42:36+00:00","og_image":[{"url":"https:\/\/www.ferrovial.com\/wp-content\/themes\/global\/front\/dist\/static\/img\/dots.svg","type":"","width":"","height":""}],"twitter_card":"summary_large_image","twitter_site":"@ferrovial","twitter_misc":{"Est. reading time":"3 minutes"},"schema":{"@context":"https:\/\/schema.org","@graph":[{"@type":"WebPage","@id":"https:\/\/www.ferrovial.com\/es-la\/negocio\/construccion\/proyecto-abacus\/","url":"https:\/\/www.ferrovial.com\/es-la\/negocio\/construccion\/proyecto-abacus\/","name":"Proyecto Abacus - Ferrovial Construcci\u00f3n - Ferrovial","isPartOf":{"@id":"https:\/\/www.ferrovial.com\/es-la\/#website"},"primaryImageOfPage":{"@id":"https:\/\/www.ferrovial.com\/es-la\/negocio\/construccion\/proyecto-abacus\/#primaryimage"},"image":{"@id":"https:\/\/www.ferrovial.com\/es-la\/negocio\/construccion\/proyecto-abacus\/#primaryimage"},"thumbnailUrl":"https:\/\/www.ferrovial.com\/wp-content\/themes\/global\/front\/dist\/static\/img\/dots.svg","datePublished":"2020-10-23T12:45:23+00:00","dateModified":"2021-07-13T11:42:36+00:00","description":"Welcome to the Ferrovial's website, global operator of sustainable infrastructure. Here you can find all the information about the company and subsidiaries.","breadcrumb":{"@id":"https:\/\/www.ferrovial.com\/es-la\/negocio\/construccion\/proyecto-abacus\/#breadcrumb"},"inLanguage":"es-419","potentialAction":[{"@type":"ReadAction","target":["https:\/\/www.ferrovial.com\/es-la\/negocio\/construccion\/proyecto-abacus\/"]}]},{"@type":"ImageObject","inLanguage":"es-419","@id":"https:\/\/www.ferrovial.com\/es-la\/negocio\/construccion\/proyecto-abacus\/#primaryimage","url":"https:\/\/www.ferrovial.com\/wp-content\/themes\/global\/front\/dist\/static\/img\/dots.svg","contentUrl":"https:\/\/www.ferrovial.com\/wp-content\/themes\/global\/front\/dist\/static\/img\/dots.svg"},{"@type":"BreadcrumbList","@id":"https:\/\/www.ferrovial.com\/es-la\/negocio\/construccion\/proyecto-abacus\/#breadcrumb","itemListElement":[{"@type":"ListItem","position":1,"name":"Portada","item":"https:\/\/www.ferrovial.com\/es-la\/"},{"@type":"ListItem","position":2,"name":"Negocios","item":"https:\/\/www.ferrovial.com\/es-la\/negocio\/"},{"@type":"ListItem","position":3,"name":"Construcci\u00f3n","item":"https:\/\/www.ferrovial.com\/es-la\/negocio\/construccion\/"},{"@type":"ListItem","position":4,"name":"Proyecto Abacus &#8211; Ferrovial Construcci\u00f3n"}]},{"@type":"WebSite","@id":"https:\/\/www.ferrovial.com\/es-la\/#website","url":"https:\/\/www.ferrovial.com\/es-la\/","name":"Ferrovial","description":"Welcome to the Ferrovial&#039;s website, global operator of sustainable infrastructure. Here you can find all the information about the company and subsidiaries.","publisher":{"@id":"https:\/\/www.ferrovial.com\/es-la\/#organization"},"potentialAction":[{"@type":"SearchAction","target":{"@type":"EntryPoint","urlTemplate":"https:\/\/www.ferrovial.com\/es-la\/?s={search_term_string}"},"query-input":{"@type":"PropertyValueSpecification","valueRequired":true,"valueName":"search_term_string"}}],"inLanguage":"es-419"},{"@type":"Organization","@id":"https:\/\/www.ferrovial.com\/es-la\/#organization","name":"Ferrovial S.A.","url":"https:\/\/www.ferrovial.com\/es-la\/","logo":{"@type":"ImageObject","inLanguage":"es-419","@id":"https:\/\/www.ferrovial.com\/es-la\/#\/schema\/logo\/image\/","url":"https:\/\/static.ferrovial.com\/wp-content\/uploads\/2020\/01\/13124948\/logo-ferrovial-cf7.png","contentUrl":"https:\/\/static.ferrovial.com\/wp-content\/uploads\/2020\/01\/13124948\/logo-ferrovial-cf7.png","width":144,"height":32,"caption":"Ferrovial S.A."},"image":{"@id":"https:\/\/www.ferrovial.com\/es-la\/#\/schema\/logo\/image\/"},"sameAs":["https:\/\/www.facebook.com\/ferrovial","https:\/\/x.com\/ferrovial","https:\/\/www.instagram.com\/ferrovial\/","https:\/\/www.linkedin.com\/company\/ferrovial","https:\/\/www.pinterest.es\/ferrovial\/","https:\/\/www.youtube.com\/ferrovial","https:\/\/en.wikipedia.org\/wiki\/Ferrovial"]}]}},"_links":{"self":[{"href":"https:\/\/www.ferrovial.com\/es-la\/wp-json\/wp\/v2\/pages\/181455","targetHints":{"allow":["GET"]}}],"collection":[{"href":"https:\/\/www.ferrovial.com\/es-la\/wp-json\/wp\/v2\/pages"}],"about":[{"href":"https:\/\/www.ferrovial.com\/es-la\/wp-json\/wp\/v2\/types\/page"}],"replies":[{"embeddable":true,"href":"https:\/\/www.ferrovial.com\/es-la\/wp-json\/wp\/v2\/comments?post=181455"}],"version-history":[{"count":1,"href":"https:\/\/www.ferrovial.com\/es-la\/wp-json\/wp\/v2\/pages\/181455\/revisions"}],"predecessor-version":[{"id":197987,"href":"https:\/\/www.ferrovial.com\/es-la\/wp-json\/wp\/v2\/pages\/181455\/revisions\/197987"}],"up":[{"embeddable":true,"href":"https:\/\/www.ferrovial.com\/es-la\/wp-json\/wp\/v2\/pages\/131276"}],"wp:attachment":[{"href":"https:\/\/www.ferrovial.com\/es-la\/wp-json\/wp\/v2\/media?parent=181455"}],"curies":[{"name":"wp","href":"https:\/\/api.w.org\/{rel}","templated":true}]}}