{"id":194258,"date":"2021-05-17T11:26:11","date_gmt":"2021-05-17T09:26:11","guid":{"rendered":"https:\/\/www.ferrovial.com\/sostenibilidad\/etica\/certificados\/"},"modified":"2024-12-05T16:50:28","modified_gmt":"2024-12-05T15:50:28","slug":"certificados","status":"publish","type":"page","link":"https:\/\/www.ferrovial.com\/es-la\/sostenibilidad\/etica\/certificados\/","title":{"rendered":"Certificados"},"content":{"rendered":"    <m-final-content-header bgimage='https:\/\/static.ferrovial.com\/wp-content\/uploads\/2020\/11\/13121154\/diversidad-bloomber-gender-equality-index-ferrovial-1280x720.jpg'>\n            <c-breadcrumb label-text=\"Breadcrumb\" slot=\"breadcrumbs\" type='2' align='left' wrap='wrapped wrapped' aria-label='Vienes de \u00c9tica'>\n                        <ol>\n\n                                                            <li><a href=\"https:\/\/www.ferrovial.com\/es-la\/\" title=\"Ferrovial\">Ferrovial<\/a><\/li>\n                                                                        <li><a href=\"https:\/\/www.ferrovial.com\/es\/sostenibilidad\/\" title=\"Sostenibilidad\">Sostenibilidad<\/a><\/li>\n                                                                        <li><a href=\"https:\/\/www.ferrovial.com\/es\/sostenibilidad\/etica\/\" title=\"\u00c9tica\">\u00c9tica<\/a><\/li>\n                                    \n                <\/ol>\n\n                <\/c-breadcrumb>\n    \n        <div slot=\"header\">\n            <h1>\n                Certificados            <\/h1>\n                    <\/div>\n    <\/m-final-content-header>\n\n    \n\n\n<m-wysiwig class=\"wp-block-components-wysiwyg\"><div slot=\"maincontent\">    <p class=\"intro\">Los valores de nuestro C\u00f3digo de \u00c9tica y Conducta Empresarial reflejan nuestro compromiso con los m\u00e1s altos est\u00e1ndares de integridad, transparencia, respeto al cumplimiento de la ley y a los derechos humanos.<\/p>\n    \n\n\n<p>Nosotros desarrollamos nuestro negocio de acuerdo con estos principios y con m\u00e1ximo respeto a las leyes nacionales e internacionales aplicables, y en especial, las leyes anticorrupci\u00f3n que proh\u00edben el soborno, activo o pasivo.<\/p>\n\n\n\n<p>Nuestro Programa de Cumplimiento establece un marco com\u00fan y homog\u00e9neo de vigilancia, control y de gesti\u00f3n de los riesgos de cumplimiento, en especial, los que puedan resultar en conductas delictivas.<\/p>\n\n\n\n<p>Bajo el principio de mejora continua certificamos el sistema de prevenci\u00f3n de delitos incluido en el programa de cumplimiento. As\u00ed se dispone de las siguientes certificaciones:<\/p>\n<\/div><\/m-wysiwig>\n\n\n\n    <m-link-list>\n                    <h3 slot=\"maintitle\">\n                Descarga las certificaciones            <\/h3>\n                    <p slot=\"text\">Descripci\u00f3n por defecto<\/p>\n                    <ul slot=\"links\">\n                                    <li>\n                        <c-link external='_blank' sr-only='Abrir en una nueva pesta\u00f1a' icon='download'>\n                            <a href=\"https:\/\/static.ferrovial.com\/wp-content\/uploads\/2024\/06\/26132414\/certificadogcp-2019-0013-es-2024-06-07.pdf\" title=\"UNE 19601 \u2013 Sistema de Gesti\u00f3n de Compliance Penal\">\n                                UNE 19601 \u2013 Sistema de Gesti\u00f3n de Compliance Penal (PDF 253 KB)                            <\/a>\n                        <\/c-link>\n                    <\/li>\n                                    <li>\n                        <c-link external='_blank' sr-only='Abrir en una nueva pesta\u00f1a' icon='download'>\n                            <a href=\"https:\/\/static.ferrovial.com\/wp-content\/uploads\/2024\/12\/04163254\/certificadogct-2021-0002-es-2024-03-18.pdf\" title=\"UNE 19602 \u2013 Sistema de Gesti\u00f3n de Compliance Tributario\">\n                                UNE 19602 \u2013 Sistema de Gesti\u00f3n de Compliance Tributario (PDF 219 KB)                            <\/a>\n                        <\/c-link>\n                    <\/li>\n                                    <li>\n                        <c-link external='_blank' sr-only='Abrir en una nueva pesta\u00f1a' icon='download'>\n                            <a href=\"https:\/\/static.ferrovial.com\/wp-content\/uploads\/2024\/06\/26132441\/certificadoemaaso-2019-0001-es-2024-06-07.pdf\" title=\"ISO UNE 37001- Sistema de Gesti\u00f3n Antisoborno\">\n                                ISO UNE 37001- Sistema de Gesti\u00f3n Antisoborno (PDF 278 KB)                            <\/a>\n                        <\/c-link>\n                    <\/li>\n                            <\/ul>\n            <\/m-link-list>\n    \n\n\n<p><\/p>\n\n\n\n<m-wysiwig class=\"wp-block-components-wysiwyg\"><div slot=\"maincontent\"><\/div><\/m-wysiwig>\n\n\n\n<m-wysiwig class=\"wp-block-components-wysiwyg\"><div slot=\"maincontent\">\n<p>Descarga a continuaci\u00f3n las certificaciones de las filiales:<\/p>\n<\/div><\/m-wysiwig>\n\n\n\n    <m-link-list>\n                    <h3 slot=\"maintitle\">\n                Ferrovial Construcci\u00f3n S.A.            <\/h3>\n                    <p slot=\"text\">Descripci\u00f3n por defecto<\/p>\n                    <ul slot=\"links\">\n                                    <li>\n                        <c-link external='_blank' sr-only='Abrir en una nueva pesta\u00f1a' icon='download'>\n                            <a href=\"https:\/\/static.ferrovial.com\/wp-content\/uploads\/2023\/06\/12110507\/certificadogcp-2019-0013-001-00.pdf\" title=\"UNE 19601 \u2013 Sistema de Gesti\u00f3n de Compliance Penal\">\n                                UNE 19601 \u2013 Sistema de Gesti\u00f3n de Compliance Penal (PDF 436 KB)                            <\/a>\n                        <\/c-link>\n                    <\/li>\n                                    <li>\n                        <c-link external='_blank' sr-only='Abrir en una nueva pesta\u00f1a' icon='download'>\n                            <a href=\"https:\/\/static.ferrovial.com\/wp-content\/uploads\/2023\/06\/12110640\/certificadoaso-2019-0001-001-00.pdf\" title=\"ISO UNE 37001- Sistema de Gesti\u00f3n Antisoborno\">\n                                ISO UNE 37001- Sistema de Gesti\u00f3n Antisoborno (PDF 442 KB)                            <\/a>\n                        <\/c-link>\n                    <\/li>\n                                    <li>\n                        <c-link external='_blank' sr-only='Abrir en una nueva pesta\u00f1a' icon='download'>\n                            <a href=\"https:\/\/static.ferrovial.com\/wp-content\/uploads\/2024\/03\/04102544\/sge-21-sistema-de-gestion-etica-y-socialmente-responsable.pdf\" title=\"SGE 21 - Sistema de Gesti\u00f3n \u00c9tica y Socialmente Responsable\">\n                                SGE 21 &#8211; Sistema de Gesti\u00f3n \u00c9tica y Socialmente Responsable (PDF 192 KB)                            <\/a>\n                        <\/c-link>\n                    <\/li>\n                            <\/ul>\n            <\/m-link-list>\n    \n\n\n    <m-link-list>\n                    <h3 slot=\"maintitle\">\n                Cintra Infraestructuras Espa\u00f1a, S.L.            <\/h3>\n                    <p slot=\"text\">Descripci\u00f3n por defecto<\/p>\n                    <ul slot=\"links\">\n                                    <li>\n                        <c-link external='_blank' sr-only='Abrir en una nueva pesta\u00f1a' icon='download'>\n                            <a href=\"https:\/\/static.ferrovial.com\/wp-content\/uploads\/2023\/06\/12111536\/certificadogcp-2019-0013-002-00.pdf\" title=\"UNE 19601 \u2013 Sistema de Gesti\u00f3n de Compliance Penal\">\n                                UNE 19601 \u2013 Sistema de Gesti\u00f3n de Compliance Penal (PDF 432 KB)                            <\/a>\n                        <\/c-link>\n                    <\/li>\n                                    <li>\n                        <c-link external='_blank' sr-only='Abrir en una nueva pesta\u00f1a' icon='download'>\n                            <a href=\"https:\/\/static.ferrovial.com\/wp-content\/uploads\/2023\/06\/12111605\/certificadoaso-2019-0001-002-00.pdf\" title=\"ISO UNE 37001- Sistema de Gesti\u00f3n Antisoborno\">\n                                ISO UNE 37001- Sistema de Gesti\u00f3n Antisoborno (PDF 440 KB)                            <\/a>\n                        <\/c-link>\n                    <\/li>\n                            <\/ul>\n            <\/m-link-list>\n    \n\n\n    <m-link-list>\n                    <h3 slot=\"maintitle\">\n                Ferrovial Aeropuertos Espa\u00f1a, S.A.            <\/h3>\n                    <p slot=\"text\">Descripci\u00f3n por defecto<\/p>\n                    <ul slot=\"links\">\n                                    <li>\n                        <c-link external='_blank' sr-only='Abrir en una nueva pesta\u00f1a' icon='download'>\n                            <a href=\"https:\/\/static.ferrovial.com\/wp-content\/uploads\/2023\/06\/12111920\/certificadogcp-2019-0013-003-00.pdf\" title=\"UNE 19601 \u2013 Sistema de Gesti\u00f3n de Compliance Penal\">\n                                UNE 19601 \u2013 Sistema de Gesti\u00f3n de Compliance Penal (PDF 431 KB)                            <\/a>\n                        <\/c-link>\n                    <\/li>\n                                    <li>\n                        <c-link external='_blank' sr-only='Abrir en una nueva pesta\u00f1a' icon='download'>\n                            <a href=\"https:\/\/static.ferrovial.com\/wp-content\/uploads\/2023\/06\/12111959\/certificadoaso-2019-0001-003-00.pdf\" title=\"ISO UNE 37001- Sistema de Gesti\u00f3n Antisoborno\">\n                                ISO UNE 37001- Sistema de Gesti\u00f3n Antisoborno (PDF 439 KB)                            <\/a>\n                        <\/c-link>\n                    <\/li>\n                            <\/ul>\n            <\/m-link-list>\n    \n\n\n<m-wysiwig class=\"wp-block-components-wysiwyg\"><div slot=\"maincontent\"><\/div><\/m-wysiwig>\n\n\n\n<p><\/p>\n","protected":false},"excerpt":{"rendered":"","protected":false},"featured_media":0,"parent":131454,"menu_order":0,"comment_status":"closed","ping_status":"closed","template":"","meta":{"_acf_changed":false,"footnotes":""},"class_list":["post-194258","page","type-page","status-publish","hentry"],"acf":[],"yoast_head":"<!-- This site is optimized with the Yoast SEO plugin v27.2 - https:\/\/yoast.com\/product\/yoast-seo-wordpress\/ -->\n<title>Certificados - Ferrovial<\/title>\n<meta name=\"description\" content=\"Welcome to the Ferrovial&#039;s website, global operator of sustainable infrastructure. Here you can find all the information about the company and subsidiaries.\" \/>\n<meta name=\"robots\" content=\"index, follow, max-snippet:-1, max-image-preview:large, max-video-preview:-1\" \/>\n<link rel=\"canonical\" href=\"https:\/\/www.ferrovial.com\/es-la\/sostenibilidad\/etica\/certificados\/\" \/>\n<meta property=\"og:locale\" content=\"es_ES\" \/>\n<meta property=\"og:type\" content=\"article\" \/>\n<meta property=\"og:title\" content=\"Certificados - Ferrovial\" \/>\n<meta property=\"og:description\" content=\"Welcome to the Ferrovial&#039;s website, global operator of sustainable infrastructure. Here you can find all the information about the company and subsidiaries.\" \/>\n<meta property=\"og:url\" content=\"https:\/\/www.ferrovial.com\/es-la\/sostenibilidad\/etica\/certificados\/\" \/>\n<meta property=\"og:site_name\" content=\"Ferrovial\" \/>\n<meta property=\"article:publisher\" content=\"https:\/\/www.facebook.com\/ferrovial\" \/>\n<meta property=\"article:modified_time\" content=\"2024-12-05T15:50:28+00:00\" \/>\n<meta name=\"twitter:card\" content=\"summary_large_image\" \/>\n<meta name=\"twitter:site\" content=\"@ferrovial\" \/>\n<meta name=\"twitter:label1\" content=\"Est. reading time\" \/>\n\t<meta name=\"twitter:data1\" content=\"1 minute\" \/>\n<!-- \/ Yoast SEO plugin. -->","yoast_head_json":{"title":"Certificados - Ferrovial","description":"Welcome to the Ferrovial's website, global operator of sustainable infrastructure. Here you can find all the information about the company and subsidiaries.","robots":{"index":"index","follow":"follow","max-snippet":"max-snippet:-1","max-image-preview":"max-image-preview:large","max-video-preview":"max-video-preview:-1"},"canonical":"https:\/\/www.ferrovial.com\/es-la\/sostenibilidad\/etica\/certificados\/","og_locale":"es_ES","og_type":"article","og_title":"Certificados - Ferrovial","og_description":"Welcome to the Ferrovial's website, global operator of sustainable infrastructure. Here you can find all the information about the company and subsidiaries.","og_url":"https:\/\/www.ferrovial.com\/es-la\/sostenibilidad\/etica\/certificados\/","og_site_name":"Ferrovial","article_publisher":"https:\/\/www.facebook.com\/ferrovial","article_modified_time":"2024-12-05T15:50:28+00:00","twitter_card":"summary_large_image","twitter_site":"@ferrovial","twitter_misc":{"Est. reading time":"1 minute"},"schema":{"@context":"https:\/\/schema.org","@graph":[{"@type":"WebPage","@id":"https:\/\/www.ferrovial.com\/es-la\/sostenibilidad\/etica\/certificados\/","url":"https:\/\/www.ferrovial.com\/es-la\/sostenibilidad\/etica\/certificados\/","name":"Certificados - Ferrovial","isPartOf":{"@id":"https:\/\/www.ferrovial.com\/es-la\/#website"},"datePublished":"2021-05-17T09:26:11+00:00","dateModified":"2024-12-05T15:50:28+00:00","description":"Welcome to the Ferrovial's website, global operator of sustainable infrastructure. Here you can find all the information about the company and subsidiaries.","breadcrumb":{"@id":"https:\/\/www.ferrovial.com\/es-la\/sostenibilidad\/etica\/certificados\/#breadcrumb"},"inLanguage":"es-419","potentialAction":[{"@type":"ReadAction","target":["https:\/\/www.ferrovial.com\/es-la\/sostenibilidad\/etica\/certificados\/"]}]},{"@type":"BreadcrumbList","@id":"https:\/\/www.ferrovial.com\/es-la\/sostenibilidad\/etica\/certificados\/#breadcrumb","itemListElement":[{"@type":"ListItem","position":1,"name":"Portada","item":"https:\/\/www.ferrovial.com\/es-la\/"},{"@type":"ListItem","position":2,"name":"Sostenibilidad","item":"https:\/\/www.ferrovial.com\/es-la\/sostenibilidad\/"},{"@type":"ListItem","position":3,"name":"\u00c9tica","item":"https:\/\/www.ferrovial.com\/es-la\/sostenibilidad\/etica\/"},{"@type":"ListItem","position":4,"name":"Certificados"}]},{"@type":"WebSite","@id":"https:\/\/www.ferrovial.com\/es-la\/#website","url":"https:\/\/www.ferrovial.com\/es-la\/","name":"Ferrovial","description":"Welcome to the Ferrovial&#039;s website, global operator of sustainable infrastructure. Here you can find all the information about the company and subsidiaries.","publisher":{"@id":"https:\/\/www.ferrovial.com\/es-la\/#organization"},"potentialAction":[{"@type":"SearchAction","target":{"@type":"EntryPoint","urlTemplate":"https:\/\/www.ferrovial.com\/es-la\/?s={search_term_string}"},"query-input":{"@type":"PropertyValueSpecification","valueRequired":true,"valueName":"search_term_string"}}],"inLanguage":"es-419"},{"@type":"Organization","@id":"https:\/\/www.ferrovial.com\/es-la\/#organization","name":"Ferrovial S.A.","url":"https:\/\/www.ferrovial.com\/es-la\/","logo":{"@type":"ImageObject","inLanguage":"es-419","@id":"https:\/\/www.ferrovial.com\/es-la\/#\/schema\/logo\/image\/","url":"https:\/\/static.ferrovial.com\/wp-content\/uploads\/2020\/01\/13124948\/logo-ferrovial-cf7.png","contentUrl":"https:\/\/static.ferrovial.com\/wp-content\/uploads\/2020\/01\/13124948\/logo-ferrovial-cf7.png","width":144,"height":32,"caption":"Ferrovial S.A."},"image":{"@id":"https:\/\/www.ferrovial.com\/es-la\/#\/schema\/logo\/image\/"},"sameAs":["https:\/\/www.facebook.com\/ferrovial","https:\/\/x.com\/ferrovial","https:\/\/www.instagram.com\/ferrovial\/","https:\/\/www.linkedin.com\/company\/ferrovial","https:\/\/www.pinterest.es\/ferrovial\/","https:\/\/www.youtube.com\/ferrovial","https:\/\/en.wikipedia.org\/wiki\/Ferrovial"]}]}},"_links":{"self":[{"href":"https:\/\/www.ferrovial.com\/es-la\/wp-json\/wp\/v2\/pages\/194258","targetHints":{"allow":["GET"]}}],"collection":[{"href":"https:\/\/www.ferrovial.com\/es-la\/wp-json\/wp\/v2\/pages"}],"about":[{"href":"https:\/\/www.ferrovial.com\/es-la\/wp-json\/wp\/v2\/types\/page"}],"replies":[{"embeddable":true,"href":"https:\/\/www.ferrovial.com\/es-la\/wp-json\/wp\/v2\/comments?post=194258"}],"version-history":[{"count":3,"href":"https:\/\/www.ferrovial.com\/es-la\/wp-json\/wp\/v2\/pages\/194258\/revisions"}],"predecessor-version":[{"id":295461,"href":"https:\/\/www.ferrovial.com\/es-la\/wp-json\/wp\/v2\/pages\/194258\/revisions\/295461"}],"up":[{"embeddable":true,"href":"https:\/\/www.ferrovial.com\/es-la\/wp-json\/wp\/v2\/pages\/131454"}],"wp:attachment":[{"href":"https:\/\/www.ferrovial.com\/es-la\/wp-json\/wp\/v2\/media?parent=194258"}],"curies":[{"name":"wp","href":"https:\/\/api.w.org\/{rel}","templated":true}]}}