{"id":196540,"date":"2021-06-14T17:35:15","date_gmt":"2021-06-14T15:35:15","guid":{"rendered":"https:\/\/www.ferrovial.com\/?page_id=196540"},"modified":"2025-11-09T16:11:27","modified_gmt":"2025-11-09T15:11:27","slug":"hyperloop","status":"publish","type":"page","link":"https:\/\/www.ferrovial.com\/es-la\/innovacion\/tecnologias\/hyperloop\/","title":{"rendered":"Hyperloop"},"content":{"rendered":"    <m-final-content-header >\n            <c-breadcrumb label-text=\"Breadcrumb\" slot=\"breadcrumbs\" type='2' align='left' wrap='wrapped wrapped' aria-label='Vienes de Tecnolog\u00edas'>\n                        <ol>\n\n                                                            <li><a href=\"https:\/\/www.ferrovial.com\/es-la\/\" title=\"Ferrovial\">Ferrovial<\/a><\/li>\n                                                                        <li><a href=\"https:\/\/www.ferrovial.com\/es\/innovacion\/\" title=\"Innovaci\u00f3n\">Innovaci\u00f3n<\/a><\/li>\n                                                                        <li><a href=\"https:\/\/www.ferrovial.com\/es\/innovacion\/tecnologias\/\" title=\"Tecnolog\u00edas\">Tecnolog\u00edas<\/a><\/li>\n                                    \n                <\/ol>\n\n                <\/c-breadcrumb>\n    \n        <div slot=\"header\">\n            <h1>\n                Hyperloop            <\/h1>\n                    <\/div>\n    <\/m-final-content-header>\n\n    \n\n\n<p><script type=\"application\/ld+json\">\n{\n  \"@context\": \"https:\/\/schema.org\",\n  \"@type\": \"FAQPage\",\n  \"mainEntity\": [{\n    \"@type\": \"Question\",\n    \"name\": \"\u00bfQu\u00e9 es Hyperloop?\",\n    \"acceptedAnswer\": {\n      \"@type\": \"Answer\",\n      \"text\": \"El t\u00e9rmino Hyperloop se utiliz\u00f3 por primera vez para describir un dise\u00f1o de vactrain (vacuum tube train, tren de tubo al vac\u00edo) de c\u00f3digo abierto lanzado por un equipo conjunto de Tesla y SpaceX. Es un modelo de transporte de pasajeros y carga compuesto por un tubo o un sistema de tubos sellados con baja presi\u00f3n de aire a trav\u00e9s de los cuales una c\u00e1psula puede viajar, sustancialmente, libre de resistencia del aire o fricci\u00f3n.\"\n    }\n  },{\n    \"@type\": \"Question\",\n    \"name\": \"\u00bfCu\u00e1l es la teor\u00eda de funcionamiento del Hyperloop?\",\n    \"acceptedAnswer\": {\n      \"@type\": \"Answer\",\n      \"text\": \"Hist\u00f3ricamente, los desarrollos en el ferrocarril de alta velocidad se han visto obstaculizados por las dificultades en el manejo de la fricci\u00f3n y la resistencia del aire, que se vuelven sustanciales cuando los veh\u00edculos se acercan a altas velocidades. El concepto de vactrain elimina te\u00f3ricamente estos obst\u00e1culos al emplear trenes que levitan magn\u00e9ticamente en tubos evacuados (sin aire) o parcialmente evacuados, lo que permite velocidades de miles de kil\u00f3metros por hora.\"\n    }\n  },{\n    \"@type\": \"Question\",\n    \"name\": \"\u00bfQu\u00e9 quiere decir que Hyperloop sea de \u00abc\u00f3digo abierto\u00bb?\",\n    \"acceptedAnswer\": {\n      \"@type\": \"Answer\",\n      \"text\": \"El concepto de Hyperloop ha sido expl\u00edcitamente dise\u00f1ado en \u00abc\u00f3digo abierto\u00bb por Elon Musk y SpaceX. Esto, al contrario de las patentes, significa que cualquier desarrollador puede acceder a la tecnolog\u00eda propuesta como base para realizar sus propias aportaciones, mejorando as\u00ed la propuesta inicial.\"\n    }\n  },{\n    \"@type\": \"Question\",\n    \"name\": \"\u00bfCu\u00e1l es el origen de la palabra Hyperloop?\",\n    \"acceptedAnswer\": {\n      \"@type\": \"Answer\",\n      \"text\": \"El concepto de vactrain fue propuesto por primera vez por Robert H. Goddard en 1904. El concepto tambi\u00e9n se describi\u00f3 en la pel\u00edcula G\u00e9nesis II, de 1973, donde se construy\u00f3 un elaborado sistema de tr\u00e1nsito r\u00e1pido subterr\u00e1neo llamado subtransbordador para interconectar ciudades y continentes entre ellos.\"\n    }\n  },{\n    \"@type\": \"Question\",\n    \"name\": \"\u00bfCu\u00e1les son las ventajas del Hyperloop?\",\n    \"acceptedAnswer\": {\n      \"@type\": \"Answer\",\n      \"text\": \"Este sistema podr\u00eda conectar las ciudades de Madrid y Barcelona en apenas 40 minutos, a diferencia de las 2 horas y 45 minutos que ofrece el sistema actual de mayor velocidad.\nOtra de las grandes ventajas del Hyperloop es que su bajo consumo energ\u00e9tico le permite ser impulsado exclusivamente por energ\u00edas renovables, lo que lo convertir\u00eda en un medio de transporte de cero emisiones.\"\n    }\n  },{\n    \"@type\": \"Question\",\n    \"name\": \"\u00bfCu\u00e1ndo llegar\u00e1 el Hyperloop?\",\n    \"acceptedAnswer\": {\n      \"@type\": \"Answer\",\n      \"text\": \"Si se alcanzan los resultados esperados, en esta d\u00e9cada se desplegar\u00e1n las primeras l\u00edneas de hyperloop con fines log\u00edsticos y de transporte de pasajeros.\nLa empresa espa\u00f1ola Ferrovial, con la asistencia t\u00e9cnica de Hyperloop Transportation Technologies (HyperloopTT), est\u00e1 trabajando para proyectar y anticipar el impacto del Hyperloop en los servicios y las infraestructuras de movilidad.\"\n    }\n  }]\n}\n<\/script><\/p>\n\n\n\n<m-wysiwig class=\"wp-block-components-wysiwyg\"><div slot=\"maincontent\">\n<h2 class=\"wp-block-heading\">\u00bfQu\u00e9 es Hyperloop?&nbsp;<\/h2>\n\n\n\n<p>El t\u00e9rmino Hyperloop se utiliz\u00f3 por primera vez para describir un dise\u00f1o de <em>vactrain<\/em> (<em>vacuum tube train<\/em>, tren de tubo al vac\u00edo) de c\u00f3digo abierto lanzado por un equipo conjunto de Tesla y SpaceX. Es un modelo de transporte de pasajeros y carga compuesto por un tubo o un sistema de tubos sellados con baja presi\u00f3n de aire a trav\u00e9s de los cuales una c\u00e1psula puede viajar, sustancialmente, libre de resistencia del aire o fricci\u00f3n.&nbsp;<\/p>\n\n\n\n<p>El Hyperloop podr\u00eda transportar personas u objetos a velocidades de aerol\u00ednea o hipers\u00f3nicas, a la vez que es energ\u00e9ticamente eficiente en comparaci\u00f3n con los sistemas ferroviarios de alta velocidad existentes. La implementaci\u00f3n del Hyperloop podr\u00eda reducir considerablemente los tiempos de viaje en distancias menores de, aproximadamente, 1500 kil\u00f3metros (930 millas) en comparaci\u00f3n con los viajes en tren y avi\u00f3n.&nbsp;<\/p>\n\n\n\n<h2 class=\"wp-block-heading\">\u00bfCu\u00e1l es la teor\u00eda de funcionamiento del Hyperloop?&nbsp;<\/h2>\n\n\n\n<p>Hist\u00f3ricamente, los desarrollos en el ferrocarril de alta velocidad se han visto obstaculizados por las dificultades en el manejo de la fricci\u00f3n y la resistencia del aire, que se vuelven sustanciales cuando los veh\u00edculos se acercan a altas velocidades. El concepto de <em>vactrain<\/em> elimina te\u00f3ricamente estos obst\u00e1culos al emplear trenes que levitan magn\u00e9ticamente en tubos evacuados (sin aire) o parcialmente evacuados, lo que permite velocidades de miles de kil\u00f3metros por hora.<\/p>\n\n\n\n<p>El alto costo de la levitaci\u00f3n magn\u00e9tica (<em>maglev<\/em>) y la dificultad para mantener el vac\u00edo en grandes distancias ha impedido durante muchos a\u00f1os que se construya este tipo de sistema. El Hyperloop se asemeja a un sistema de <em>vactrain<\/em>,<em> <\/em>pero funciona a aproximadamente un milibar (100 Pa) de presi\u00f3n.<\/p>\n\n\n\n<h2 class=\"wp-block-heading\">\u00bfQu\u00e9 quiere decir que Hyperloop sea de \u00abc\u00f3digo abierto\u00bb?&nbsp;<\/h2>\n\n\n\n<p>El concepto de Hyperloop ha sido expl\u00edcitamente dise\u00f1ado en \u00abc\u00f3digo abierto\u00bb por Elon Musk y SpaceX. Esto, al contrario de las patentes, significa que cualquier desarrollador puede acceder a la tecnolog\u00eda propuesta como base para realizar sus propias aportaciones, mejorando as\u00ed la propuesta inicial.<\/p>\n\n\n\n<p>Los sistemas de c\u00f3digo abierto son colaborativos y ponen el foco en el desarrollo, la mejora y la consecuci\u00f3n de los objetivos en lugar de centrarse en los derechos de autor. A partir de la propuesta inicial, varias empresas y equipos interdisciplinarios, dirigidos por estudiantes, est\u00e1n trabajando para avanzar en la tecnolog\u00eda.&nbsp;<\/p>\n\n\n\n<h2 class=\"wp-block-heading\">\u00bfCu\u00e1l es el origen de la palabra <em>Hyperloop<\/em>?&nbsp;<\/h2>\n\n\n\n<p>El concepto de <em>vactrain <\/em>fue propuesto por primera vez por Robert H. Goddard en 1904. El concepto tambi\u00e9n se describi\u00f3 en la pel\u00edcula <em>G\u00e9nesis II<\/em>, de 1973, donde se construy\u00f3 un elaborado sistema de tr\u00e1nsito r\u00e1pido subterr\u00e1neo llamado <em>subtransbordador<\/em> para interconectar ciudades y continentes entre ellos.&nbsp;<\/p>\n\n\n\n<p>En julio de 2012, en un evento de PandoDaily, en Santa M\u00f3nica, California, el empresario Elon Musk mencion\u00f3 por primera vez que estaba pensando en un concepto para un \u00abquinto modo de transporte\u00bb y utiliz\u00f3 por primera vez la palabra <em>Hyperloop<\/em>. Este hipot\u00e9tico modo de transporte de alta velocidad tendr\u00eda inmunidad al clima, estar\u00eda libre de colisiones, viajar\u00eda a el doble de la velocidad de un avi\u00f3n con bajo consumo de energ\u00eda y contrar\u00eda con almacenamiento energ\u00e9tico para operaciones de 24 horas.<\/p>\n\n\n\n<p>Se eligi\u00f3 el nombre Hyperloop porque ir\u00eda en bucle (<em>loop<\/em>, en ingl\u00e9s). En mayo de 2013, Musk compar\u00f3 el Hyperloop con un \u00abcruce entre un Concorde y un Railgun y una mesa de air hockey\u00bb. Musk prev\u00e9 que las versiones m\u00e1s avanzadas podr\u00e1n ir a velocidad hipers\u00f3nica.<\/p>\n\n\n\n<p>Desde finales de 2012 hasta agosto de 2013, un grupo de ingenieros de Tesla y SpaceX trabaj\u00f3 en el modelado conceptual de Hyperloop. Un dise\u00f1o temprano del sistema fue publicado en los blogs de Tesla y SpaceX. Ah\u00ed se describen dise\u00f1o, funci\u00f3n, ruta y costo potenciales de un sistema de Hyperloop. Seg\u00fan el dise\u00f1o alfa, las c\u00e1psulas se acelerar\u00edan a velocidad de crucero gradualmente usando un motor el\u00e9ctrico lineal y se deslizar\u00edan en su pista sobre cojinetes de aire a trav\u00e9s de tubos bajo tierra o elevados con columnas sobre el nivel del suelo para evitar los peligros de los pasos a nivel.<\/p>\n\n\n\n<p>El concepto Hyperloop Alpha se public\u00f3 por primera vez en agosto de 2013, proponiendo y examinando una ruta que va desde la regi\u00f3n de Los \u00c1ngeles hasta el \u00c1rea de la Bah\u00eda de San Francisco, siguiendo la ruta aproximada de la Interestatal 5. Un sistema Hyperloop ideal ser\u00e1 energ\u00e9ticamente m\u00e1s eficiente, silencioso y aut\u00f3nomo que los modos de transporte p\u00fablico existentes. Musk tambi\u00e9n ha abierto la invitaci\u00f3n para \u00abver si la gente puede encontrar formas de mejorarlo\u00bb.<\/p>\n\n\n\n<p>A partir de agosto de 2013, y hasta nuestros d\u00edas, se ha visto una gran evoluci\u00f3n del dise\u00f1o de c\u00f3digo abierto gracias al aporte dado por las numerosas empresas e inversores atra\u00eddos por el desarrollo de esta tecnolog\u00eda.<\/p>\n\n\n\n<h2 class=\"wp-block-heading\">\u00bfCu\u00e1les son las ventajas del Hyperloop?&nbsp;&nbsp;<\/h2>\n\n\n\n<p>Gracias a los tubos de baja presi\u00f3n, cerrados herm\u00e9ticamente, la resistencia aerodin\u00e1mica es muy baja, por lo que las c\u00e1psulas se desplazan por los tubos de forma muy eficiente. Las c\u00e1psulas del hyperloop pueden dise\u00f1arse para transportar pasajeros o carga. En ambos casos, pueden alcanzar los 1200 kil\u00f3metros por hora, superando as\u00ed la capacidad de los trenes de alta velocidad e incluso la de los aviones. Como resultado, este sistema podr\u00eda conectar las ciudades de Madrid y Barcelona en apenas 40 minutos, a diferencia de las 2 horas y 45 minutos que ofrece el sistema actual de mayor velocidad.<\/p>\n\n\n\n<p>Otra de las grandes ventajas del Hyperloop es que su bajo consumo energ\u00e9tico le permite ser impulsado exclusivamente por energ\u00edas renovables, lo que lo convertir\u00eda en un medio de transporte de cero emisiones.<\/p>\n\n\n\n<h2 class=\"wp-block-heading\">\u00bfCu\u00e1ndo llegar\u00e1 el Hyperloop?<\/h2>\n\n\n\n<p>Si se alcanzan los resultados esperados, en esta d\u00e9cada se desplegar\u00e1n las primeras l\u00edneas de hyperloop con fines log\u00edsticos y de transporte de pasajeros.<\/p>\n\n\n\n<h2 class=\"wp-block-heading\">Datos curiosos&nbsp;<\/h2>\n\n\n\n<p>El primer <em>maglev<\/em> se desarroll\u00f3 en 1964 y se aplic\u00f3 en 1984 en Birmingham, Inglaterra. Ten\u00eda 600 metros de longitud y pod\u00eda viajar a velocidades de 42 Km\/h, pero fue descartado por problemas de fiabilidad.<\/p>\n\n\n\n<p>El 4 de abril de 2017 se expidi\u00f3 a SpaceX la marca denominativa <em>HYPERLOOP<\/em>, aplicable al \u00abtransporte a alta velocidad de mercanc\u00edas en tubos\u00bb.&nbsp;<\/p>\n\n\n\n<p>Seg\u00fan Musk, Hyperloop ser\u00eda \u00fatil en Marte, ya que no se necesitar\u00edan tubos porque la atm\u00f3sfera de Marte tiene aproximadamente el 1% de la densidad de la Tierra al nivel del mar. La menor resistencia del aire permitir\u00eda crear un Hyperloop sin tubo, solo con una pista.<\/p>\n\n\n\n<p>SpaceX construy\u00f3 una pista de subescala de aproximadamente 1 kil\u00f3metro de largo (0,62 millas) para su competencia de dise\u00f1o de c\u00e1psulas en su sede en Hawthorne, California.<\/p>\n\n\n\n<p>Virgin Hyperloop realiz\u00f3 la primera prueba con humanos en noviembre de 2020.<\/p>\n\n\n\n<p>Hyperloop Transportation Technologies (HTT) fue la primera empresa de Hyperloop creada (fundada en 2013), con una fuerza laboral actual de m\u00e1s de 800 ingenieros y profesionales ubicados en todo el mundo.<\/p>\n<\/div><\/m-wysiwig>\n\n\n    <m-projects-distributor2 :translations='{\n        &quot;prev&quot;:&quot;Anterior&quot;,\n        &quot;next&quot;:&quot;Siguiente&quot;,\n        &quot;paginationseparator&quot;:&quot;de&quot;\n    }'>\n                        <h2 slot=\"title\">\n                Nuestros proyectos destacados                <\/h2>\n                        <a slot='button' title='Conoce nuestros proyectos ' href='https:\/\/www.ferrovial.com\/es\/cintra\/proyectos\/'>\n            Conoce nuestros proyectos         <\/a>\n\n            <\/m-projects-distributor2>\n\n    ","protected":false},"excerpt":{"rendered":"","protected":false},"featured_media":0,"parent":173763,"menu_order":0,"comment_status":"closed","ping_status":"closed","template":"","meta":{"_acf_changed":false,"footnotes":""},"class_list":["post-196540","page","type-page","status-publish","hentry"],"acf":[],"yoast_head":"<!-- This site is optimized with the Yoast SEO plugin v27.2 - https:\/\/yoast.com\/product\/yoast-seo-wordpress\/ -->\n<title>\u00bfQu\u00e9 es el Hyperloop y qu\u00e9 ventajas tiene? - Ferrovial<\/title>\n<meta name=\"description\" content=\"El Hyperloop podr\u00eda transportar personas u objetos a velocidades de aerol\u00ednea o hipers\u00f3nicas, a la vez que es energ\u00e9ticamente eficiente en comparaci\u00f3n con los sistemas ferroviarios de alta velocidad existentes.\" \/>\n<meta name=\"robots\" content=\"index, follow, max-snippet:-1, max-image-preview:large, max-video-preview:-1\" \/>\n<link rel=\"canonical\" href=\"https:\/\/www.ferrovial.com\/es-la\/innovacion\/tecnologias\/hyperloop\/\" \/>\n<meta property=\"og:locale\" content=\"es_ES\" \/>\n<meta property=\"og:type\" content=\"article\" \/>\n<meta property=\"og:title\" content=\"\u00bfQu\u00e9 es el Hyperloop y qu\u00e9 ventajas tiene? - Ferrovial\" \/>\n<meta property=\"og:description\" content=\"El Hyperloop podr\u00eda transportar personas u objetos a velocidades de aerol\u00ednea o hipers\u00f3nicas, a la vez que es energ\u00e9ticamente eficiente en comparaci\u00f3n con los sistemas ferroviarios de alta velocidad existentes.\" \/>\n<meta property=\"og:url\" content=\"https:\/\/www.ferrovial.com\/es-la\/innovacion\/tecnologias\/hyperloop\/\" \/>\n<meta property=\"og:site_name\" content=\"Ferrovial\" \/>\n<meta property=\"article:publisher\" content=\"https:\/\/www.facebook.com\/ferrovial\" \/>\n<meta property=\"article:modified_time\" content=\"2025-11-09T15:11:27+00:00\" \/>\n<meta name=\"twitter:card\" content=\"summary_large_image\" \/>\n<meta name=\"twitter:site\" content=\"@ferrovial\" \/>\n<meta name=\"twitter:label1\" content=\"Est. reading time\" \/>\n\t<meta name=\"twitter:data1\" content=\"8 minutes\" \/>\n<!-- \/ Yoast SEO plugin. -->","yoast_head_json":{"title":"\u00bfQu\u00e9 es el Hyperloop y qu\u00e9 ventajas tiene? - Ferrovial","description":"El Hyperloop podr\u00eda transportar personas u objetos a velocidades de aerol\u00ednea o hipers\u00f3nicas, a la vez que es energ\u00e9ticamente eficiente en comparaci\u00f3n con los sistemas ferroviarios de alta velocidad existentes.","robots":{"index":"index","follow":"follow","max-snippet":"max-snippet:-1","max-image-preview":"max-image-preview:large","max-video-preview":"max-video-preview:-1"},"canonical":"https:\/\/www.ferrovial.com\/es-la\/innovacion\/tecnologias\/hyperloop\/","og_locale":"es_ES","og_type":"article","og_title":"\u00bfQu\u00e9 es el Hyperloop y qu\u00e9 ventajas tiene? - Ferrovial","og_description":"El Hyperloop podr\u00eda transportar personas u objetos a velocidades de aerol\u00ednea o hipers\u00f3nicas, a la vez que es energ\u00e9ticamente eficiente en comparaci\u00f3n con los sistemas ferroviarios de alta velocidad existentes.","og_url":"https:\/\/www.ferrovial.com\/es-la\/innovacion\/tecnologias\/hyperloop\/","og_site_name":"Ferrovial","article_publisher":"https:\/\/www.facebook.com\/ferrovial","article_modified_time":"2025-11-09T15:11:27+00:00","twitter_card":"summary_large_image","twitter_site":"@ferrovial","twitter_misc":{"Est. reading time":"8 minutes"},"schema":{"@context":"https:\/\/schema.org","@graph":[{"@type":"WebPage","@id":"https:\/\/www.ferrovial.com\/es-la\/innovacion\/tecnologias\/hyperloop\/","url":"https:\/\/www.ferrovial.com\/es-la\/innovacion\/tecnologias\/hyperloop\/","name":"\u00bfQu\u00e9 es el Hyperloop y qu\u00e9 ventajas tiene? - Ferrovial","isPartOf":{"@id":"https:\/\/www.ferrovial.com\/es-la\/#website"},"datePublished":"2021-06-14T15:35:15+00:00","dateModified":"2025-11-09T15:11:27+00:00","description":"El Hyperloop podr\u00eda transportar personas u objetos a velocidades de aerol\u00ednea o hipers\u00f3nicas, a la vez que es energ\u00e9ticamente eficiente en comparaci\u00f3n con los sistemas ferroviarios de alta velocidad existentes.","breadcrumb":{"@id":"https:\/\/www.ferrovial.com\/es-la\/innovacion\/tecnologias\/hyperloop\/#breadcrumb"},"inLanguage":"es-419","potentialAction":[{"@type":"ReadAction","target":["https:\/\/www.ferrovial.com\/es-la\/innovacion\/tecnologias\/hyperloop\/"]}]},{"@type":"BreadcrumbList","@id":"https:\/\/www.ferrovial.com\/es-la\/innovacion\/tecnologias\/hyperloop\/#breadcrumb","itemListElement":[{"@type":"ListItem","position":1,"name":"Portada","item":"https:\/\/www.ferrovial.com\/es-la\/"},{"@type":"ListItem","position":2,"name":"Innovaci\u00f3n","item":"https:\/\/www.ferrovial.com\/es-la\/innovacion\/"},{"@type":"ListItem","position":3,"name":"Tecnolog\u00edas","item":"https:\/\/www.ferrovial.com\/es-la\/innovacion\/tecnologias\/"},{"@type":"ListItem","position":4,"name":"Hyperloop"}]},{"@type":"WebSite","@id":"https:\/\/www.ferrovial.com\/es-la\/#website","url":"https:\/\/www.ferrovial.com\/es-la\/","name":"Ferrovial","description":"Welcome to the Ferrovial&#039;s website, global operator of sustainable infrastructure. Here you can find all the information about the company and subsidiaries.","publisher":{"@id":"https:\/\/www.ferrovial.com\/es-la\/#organization"},"potentialAction":[{"@type":"SearchAction","target":{"@type":"EntryPoint","urlTemplate":"https:\/\/www.ferrovial.com\/es-la\/?s={search_term_string}"},"query-input":{"@type":"PropertyValueSpecification","valueRequired":true,"valueName":"search_term_string"}}],"inLanguage":"es-419"},{"@type":"Organization","@id":"https:\/\/www.ferrovial.com\/es-la\/#organization","name":"Ferrovial S.A.","url":"https:\/\/www.ferrovial.com\/es-la\/","logo":{"@type":"ImageObject","inLanguage":"es-419","@id":"https:\/\/www.ferrovial.com\/es-la\/#\/schema\/logo\/image\/","url":"https:\/\/static.ferrovial.com\/wp-content\/uploads\/2020\/01\/13124948\/logo-ferrovial-cf7.png","contentUrl":"https:\/\/static.ferrovial.com\/wp-content\/uploads\/2020\/01\/13124948\/logo-ferrovial-cf7.png","width":144,"height":32,"caption":"Ferrovial S.A."},"image":{"@id":"https:\/\/www.ferrovial.com\/es-la\/#\/schema\/logo\/image\/"},"sameAs":["https:\/\/www.facebook.com\/ferrovial","https:\/\/x.com\/ferrovial","https:\/\/www.instagram.com\/ferrovial\/","https:\/\/www.linkedin.com\/company\/ferrovial","https:\/\/www.pinterest.es\/ferrovial\/","https:\/\/www.youtube.com\/ferrovial","https:\/\/en.wikipedia.org\/wiki\/Ferrovial"]}]}},"_links":{"self":[{"href":"https:\/\/www.ferrovial.com\/es-la\/wp-json\/wp\/v2\/pages\/196540","targetHints":{"allow":["GET"]}}],"collection":[{"href":"https:\/\/www.ferrovial.com\/es-la\/wp-json\/wp\/v2\/pages"}],"about":[{"href":"https:\/\/www.ferrovial.com\/es-la\/wp-json\/wp\/v2\/types\/page"}],"replies":[{"embeddable":true,"href":"https:\/\/www.ferrovial.com\/es-la\/wp-json\/wp\/v2\/comments?post=196540"}],"version-history":[{"count":3,"href":"https:\/\/www.ferrovial.com\/es-la\/wp-json\/wp\/v2\/pages\/196540\/revisions"}],"predecessor-version":[{"id":317127,"href":"https:\/\/www.ferrovial.com\/es-la\/wp-json\/wp\/v2\/pages\/196540\/revisions\/317127"}],"up":[{"embeddable":true,"href":"https:\/\/www.ferrovial.com\/es-la\/wp-json\/wp\/v2\/pages\/173763"}],"wp:attachment":[{"href":"https:\/\/www.ferrovial.com\/es-la\/wp-json\/wp\/v2\/media?parent=196540"}],"curies":[{"name":"wp","href":"https:\/\/api.w.org\/{rel}","templated":true}]}}