{"id":204296,"date":"2021-10-20T14:15:32","date_gmt":"2021-10-20T12:15:32","guid":{"rendered":"https:\/\/www.ferrovial.com\/?page_id=204296"},"modified":"2021-10-20T14:15:32","modified_gmt":"2021-10-20T12:15:32","slug":"energias-alternativas","status":"publish","type":"page","link":"https:\/\/www.ferrovial.com\/es-la\/energias-alternativas\/","title":{"rendered":"Energ\u00edas alternativas"},"content":{"rendered":"    <m-final-content-header >\n            <c-breadcrumb label-text=\"Breadcrumb\" slot=\"breadcrumbs\" type='2' align='left' wrap='wrapped wrapped'>\n                        <ol>\n\n                                                            <li><a href=\"https:\/\/www.ferrovial.com\/es-la\/\" title=\"Ferrovial\">Ferrovial<\/a><\/li>\n                                    \n                <\/ol>\n\n                <\/c-breadcrumb>\n    \n        <div slot=\"header\">\n            <h1>\n                Energ\u00edas Alternativas            <\/h1>\n                    <\/div>\n    <\/m-final-content-header>\n\n    \n\n\n<p><script type=\"application\/ld+json\">\n{\n  \"@context\": \"https:\/\/schema.org\",\n  \"@type\": \"FAQPage\",\n  \"mainEntity\": [{\n    \"@type\": \"Question\",\n    \"name\": \"\u00bfQu\u00e9 son las energ\u00edas alternativas?\",\n    \"acceptedAnswer\": {\n      \"@type\": \"Answer\",\n      \"text\": \"Energ\u00edas alternativas es el t\u00e9rmino que se utiliza para hacer referencia a las energ\u00edas provenientes de fuentes naturales y renovables, como la solar o la e\u00f3lica.\"\n    }\n  },{\n    \"@type\": \"Question\",\n    \"name\": \"\u00bfCu\u00e1les son las diferencias entre las energ\u00edas convencionales y las energ\u00edas alternativas?\",\n    \"acceptedAnswer\": {\n      \"@type\": \"Answer\",\n      \"text\": \"Las fuentes de energ\u00edas alternativas nacen para contrarrestar el efecto de los gases contaminantes producto de la combusti\u00f3n de f\u00f3siles de las energ\u00edas tradicionales o no renovables, que son de car\u00e1cter limitado o finito.\"\n    }\n  },{\n    \"@type\": \"Question\",\n    \"name\": \"\u00bfCu\u00e1les son los tipos de energ\u00edas alternativas?\",\n    \"acceptedAnswer\": {\n      \"@type\": \"Answer\",\n      \"text\": \"Partiendo de la premisa de que en la naturaleza se pueden encontrar m\u00faltiples e inagotables fuentes de energ\u00eda, existen dos categor\u00edas\"\n    }\n  },{\n    \"@type\": \"Question\",\n    \"name\": \"\u00bfCu\u00e1les son las ventajas de las energ\u00edas alternativas?\",\n    \"acceptedAnswer\": {\n      \"@type\": \"Answer\",\n      \"text\": \"Su origen es de fuentes naturales y, al iniciar el proceso de generaci\u00f3n energ\u00e9tica, su impacto de contaminaci\u00f3n es reducido, casi inexistente. Representa, sin lugar a dudas, la alternativa m\u00e1s limpia hasta el momento.\nAl provenir de fuentes bio (como el agua, la tierra o el sol), las energ\u00edas alternativas son, en su mayor\u00eda, inagotables. \nGenera nuevos empleos, no solo por el aumento en la voluntad de implementar las energ\u00edas alternativas, sino por la diversificaci\u00f3n de tipos de empleo (fabricaci\u00f3n, ingenier\u00eda, instalaci\u00f3n, etc.).\nPromueve la autonom\u00eda e independencia energ\u00e9tica de los territorios, al no depender del abastecimiento de pa\u00edses con mayor fuentes de energ\u00eda convencional. Al tratarse de fuentes de energ\u00edas renovables, est\u00e1n disponibles en pr\u00e1cticamente toda la superficie terrestre.\nFomenta el desarrollo tecnol\u00f3gico para la implementaci\u00f3n de una s\u00f3lida infraestructura de producci\u00f3n y suministro de energ\u00eda.\"\n    }\n  },{\n    \"@type\": \"Question\",\n    \"name\": \"\u00bfCu\u00e1l es el panorama de las energ\u00edas alternativas a nivel mundial?\",\n    \"acceptedAnswer\": {\n      \"@type\": \"Answer\",\n      \"text\": \"e prev\u00e9 que durante 2021 se consiga un aumento del 7% a nivel mundial de la electricidad generada a partir de fuentes renovables.\"\n    }\n  }]\n}\n<\/script><\/p>\n\n\n\n<m-wysiwig class=\"wp-block-components-wysiwyg\"><div slot=\"maincontent\">\n<h2 class=\"wp-block-heading\">\u00bfQu\u00e9 son las energ\u00edas alternativas?<\/h2>\n\n\n\n<p>Energ\u00edas alternativas es el t\u00e9rmino que se utiliza para hacer referencia a las <a href=\"https:\/\/www.ferrovial.com\/es-la\/recursos\/energias-renovables\/\" target=\"_blank\" rel=\"noreferrer noopener\">energ\u00edas provenientes de fuentes naturales y renovables<\/a>, como la solar o la e\u00f3lica. Se presenta, justamente, como <strong>una alternativa a las fuentes de energ\u00eda convencionales,<\/strong> es decir, aquellas que implican la quema de combustibles f\u00f3siles no renovables, como el petr\u00f3leo o el carb\u00f3n. Las energ\u00edas alternativas surgen y se implementan ante la necesidad de <a href=\"https:\/\/www.ferrovial.com\/blog\/es\/2015\/12\/la-importancia-de-la-huella-de-carbono\/\" target=\"_blank\" rel=\"noreferrer noopener\">reducir las emisiones de gas invernadero a nivel mundial<\/a> y de adoptar pr\u00e1cticas m\u00e1s respetuosas con el medio ambiente.<\/p>\n\n\n\n<h2 class=\"wp-block-heading\">\u00bfCu\u00e1les son las diferencias entre las energ\u00edas convencionales y las energ\u00edas alternativas?<\/h2>\n\n\n\n<p>Las fuentes de energ\u00edas alternativas nacen para <strong>contrarrestar el efecto de los gases contaminantes producto de la combusti\u00f3n de f\u00f3siles <\/strong>de las energ\u00edas tradicionales o no renovables, que son de car\u00e1cter limitado o finito. Las energ\u00edas alternativas, adem\u00e1s, <strong>toman recursos naturales que suelen ser inagotables o, al menos, de r\u00e1pida regeneraci\u00f3n, <\/strong>reduciendo el impacto de contaminaci\u00f3n en el ambiente.&nbsp;<\/p>\n\n\n\n<p>Tambi\u00e9n:<\/p>\n\n\n\n<ul class=\"wp-block-list\"><li>Las energ\u00edas convencionales <strong>dependen de suministros externos<\/strong>, es decir, del lugar donde exista el recurso o fuente energ\u00e9tica, mientras que las energ\u00edas alternativas <strong>tienen un car\u00e1cter m\u00e1s local, favoreciendo la autonom\u00eda energ\u00e9tica.<\/strong><strong><br><\/strong>&nbsp;<\/li><li><strong>Las energ\u00edas convencionales generan residuos en el proceso de combusti\u00f3n<\/strong> de los f\u00f3siles, mientras que las energ\u00edas alternativas, al ser de fuentes naturales y <strong>pr\u00e1cticamente inagotables,<\/strong> <strong>no producen gases de efecto invernadero, y su impacto es menor y reversible.&nbsp;<\/strong><\/li><\/ul>\n\n\n\n<h2 class=\"wp-block-heading\">\u00bfCu\u00e1les son los tipos de energ\u00edas alternativas?<\/h2>\n\n\n\n<p>Partiendo de la premisa de que <strong>en la naturaleza se pueden encontrar m\u00faltiples e inagotables fuentes de energ\u00eda,<\/strong> existen dos categor\u00edas para clasificar los tipos de energ\u00edas alternativas que hay: las no contaminantes (tambi\u00e9n llamadas limpias), y las contaminantes que, aunque tambi\u00e9n provienen de la naturaleza, pueden llegar a contaminar.&nbsp;<\/p>\n\n\n\n<p><strong>1.<\/strong> <strong>No contaminantes o limpias:<\/strong><\/p>\n\n\n\n<ul class=\"wp-block-list\"><li>Energ\u00eda e\u00f3lica: es aquella proveniente de la fuerza del viento, y a trav\u00e9s del trabajo de molinos o aerogeneradores se convierte en energ\u00eda.<\/li><li>Energ\u00eda solar: se obtiene con el sol y, a trav\u00e9s de placas solares se transforma en electricidad.&nbsp;<\/li><li>Energ\u00eda hidr\u00e1ulica: proveniente de la potencia del agua y la energ\u00eda se genera, normalmente, en embalses.<\/li><li>Energ\u00eda geot\u00e9rmica: proviene de las altas temperaturas de la propia tierra para generar energ\u00eda a trav\u00e9s del calor.<\/li><li>Energ\u00eda mareomotriz: es aquella que transforma la fuerza de los mares y oc\u00e9anos en energ\u00eda el\u00e9ctrica.&nbsp;<\/li><\/ul>\n\n\n\n<p><strong>2. Contaminantes:<\/strong><\/p>\n\n\n\n<p>Son contaminantes porque, a pesar de tratarse de residuos org\u00e1nicos, implican su quema para generar energ\u00eda a trav\u00e9s de ellos. Tal es el caso de la <strong>biomasa<\/strong> que incluye cortezas, ramas, serr\u00edn o cualquier otro producto biodegradable; y el <strong>biog\u00e1s<\/strong>, que implica la degradaci\u00f3n anaer\u00f3bica (es decir, sin ox\u00edgeno) de la biomasa.&nbsp;<\/p>\n\n\n\n<h2 class=\"wp-block-heading\">\u00bfCu\u00e1les son las ventajas de las energ\u00edas alternativas?<\/h2>\n\n\n\n<ul class=\"wp-block-list\"><li><strong>Su origen es de fuentes naturales<\/strong> y, al iniciar el proceso de generaci\u00f3n energ\u00e9tica, su impacto de contaminaci\u00f3n es reducido, casi inexistente. Representa, sin lugar a dudas, <a href=\"https:\/\/www.ferrovial.com\/es-la\/recursos\/energias-renovables\/\">la alternativa m\u00e1s limpia hasta el momento.<\/a><\/li><li>Al provenir de fuentes bio (como el agua, la tierra o el sol), <strong>las energ\u00edas alternativas son, en su mayor\u00eda, inagotables.&nbsp;<\/strong><\/li><\/ul>\n\n\n\n<ul class=\"wp-block-list\"><li><strong>Genera nuevos empleos, <\/strong>no solo por el aumento en la voluntad de implementar las energ\u00edas alternativas, sino por la diversificaci\u00f3n de tipos de empleo (fabricaci\u00f3n, ingenier\u00eda, instalaci\u00f3n, etc.).<\/li><li><strong>Promueve la autonom\u00eda e independencia energ\u00e9tica de los territorios,<\/strong> al no depender del abastecimiento de pa\u00edses con mayor fuentes de energ\u00eda convencional. Al tratarse de fuentes de energ\u00edas renovables, est\u00e1n disponibles en pr\u00e1cticamente toda la superficie terrestre.<\/li><li><strong>Fomenta el desarrollo tecnol\u00f3gico para la implementaci\u00f3n de una s\u00f3lida infraestructura<\/strong> de producci\u00f3n y suministro de energ\u00eda.&nbsp;<\/li><\/ul>\n\n\n\n<h2 class=\"wp-block-heading\">\u00bfCu\u00e1l es el panorama de las energ\u00edas alternativas a nivel mundial?<\/h2>\n\n\n\n<p>De acuerdo con un informe realizado por la Agencia Internacional de Energ\u00edas Renovables (IRENA) <strong>durante el 2020 se multiplic\u00f3 la capacidad energ\u00e9tica producto de las energ\u00edas alternativas en China, Estados Unidos<\/strong>,<strong> India y gran parte de Europa<\/strong>. Entre las fuentes de energ\u00edas alternativas que <strong>lideran el mercado mundial, la e\u00f3lica, hidroel\u00e9ctrica y la solar fotovoltaica son las que mayor crecimiento han tenido.<\/strong><\/p>\n\n\n\n<p>Si bien la pandemia del COVID-19 signific\u00f3 un reto, en el informe de IRENA se plantea que las energ\u00edas renovables se mantuvieron en pie frente a las energ\u00edas convencionales, que mostraron una ca\u00edda en la demanda del 5%. <strong>Se prev\u00e9 que durante 2021 se consiga un aumento del 7% a nivel mundial de la electricidad generada a partir de fuentes renovables.<\/strong><\/p>\n\n\n\n<p>Adem\u00e1s, seg\u00fan el estudio <em>Renewables Global Status Report<\/em>, realizado por el grupo REN21, en regiones como China, la Uni\u00f3n Europea y Estados Unidos, <strong>hoy es m\u00e1s econ\u00f3mico construir nuevas plantas de energ\u00eda fotovoltaicas, e\u00f3licas y solares que mantener operaciones en las centrales de carb\u00f3n.<\/strong> Esto deber\u00eda significar un impulso para la implantaci\u00f3n de pol\u00edticas p\u00fablicas que promuevan la transici\u00f3n a las energ\u00edas alternativas. De alcanzarlo, para el a\u00f1o 2022 <strong>podr\u00eda haber un aumento de un 40% en la energ\u00eda solar fotovoltaica, marcando el final de cinco d\u00e9cadas de carb\u00f3n como principal proveedor de energ\u00eda.<\/strong><\/p>\n\n\n\n<h2 class=\"wp-block-heading\">Aspectos curiosos sobre las energ\u00edas alternativas<\/h2>\n\n\n\n<ul class=\"wp-block-list\"><li>En 2014, la empresa estadounidense <em>Altaeros Energies<\/em> instal\u00f3 en Alaska un prototipo de la <strong>primera turbina e\u00f3lica en lo m\u00e1s alto de un rascacielos,<\/strong> a una altura de 300 metros. A ese nivel las corrientes de viento son m\u00e1s fuertes, permitiendo producir hasta 20 veces m\u00e1s energ\u00eda que una turbina convencional.&nbsp;<\/li><li>El aprovechamiento de la energ\u00eda geot\u00e9rmica data desde la <strong>\u00e9poca del Paleol\u00edtico,<\/strong> en la que se utilizaban las fuentes de altas temperaturas para cocinar.&nbsp;<\/li><li>Portugal&nbsp; inaugur\u00f3 en Povoa de Varzim el Parque de Energ\u00eda de Olas del Atl\u00e1ntico, convirti\u00e9ndose en <strong>el primer pa\u00eds en producir energ\u00eda a partir de las olas del oc\u00e9ano.<\/strong><\/li><\/ul>\n<\/div><\/m-wysiwig>\n\n\n    <m-projects-distributor2 :translations='{\n        &quot;prev&quot;:&quot;Anterior&quot;,\n        &quot;next&quot;:&quot;Siguiente&quot;,\n        &quot;paginationseparator&quot;:&quot;de&quot;\n    }'>\n                        <h2 slot=\"title\">\n                Nuestros proyectos destacados                <\/h2>\n                        <a slot='button' title='Conoce nuestros proyectos ' href='https:\/\/www.ferrovial.com\/es\/cintra\/proyectos\/'>\n            Conoce nuestros proyectos         <\/a>\n\n            <\/m-projects-distributor2>\n\n    ","protected":false},"excerpt":{"rendered":"","protected":false},"featured_media":0,"parent":0,"menu_order":0,"comment_status":"closed","ping_status":"closed","template":"","meta":{"_acf_changed":false,"footnotes":""},"class_list":["post-204296","page","type-page","status-publish","hentry"],"acf":[],"yoast_head":"<!-- This site is optimized with the Yoast SEO plugin v27.2 - https:\/\/yoast.com\/product\/yoast-seo-wordpress\/ -->\n<title>Energ\u00edas alternativas - Ferrovial<\/title>\n<meta name=\"description\" content=\"Energ\u00edas alternativas es el t\u00e9rmino que se utiliza para hacer referencia a las energ\u00edas provenientes de fuentes naturales y renovables, como la solar o la e\u00f3lica.\" \/>\n<meta name=\"robots\" content=\"index, follow, max-snippet:-1, max-image-preview:large, max-video-preview:-1\" \/>\n<link rel=\"canonical\" href=\"https:\/\/www.ferrovial.com\/es-la\/energias-alternativas\/\" \/>\n<meta property=\"og:locale\" content=\"es_ES\" \/>\n<meta property=\"og:type\" content=\"article\" \/>\n<meta property=\"og:title\" content=\"Energ\u00edas alternativas - Ferrovial\" \/>\n<meta property=\"og:description\" content=\"Energ\u00edas alternativas es el t\u00e9rmino que se utiliza para hacer referencia a las energ\u00edas provenientes de fuentes naturales y renovables, como la solar o la e\u00f3lica.\" \/>\n<meta property=\"og:url\" content=\"https:\/\/www.ferrovial.com\/es-la\/energias-alternativas\/\" \/>\n<meta property=\"og:site_name\" content=\"Ferrovial\" \/>\n<meta property=\"article:publisher\" content=\"https:\/\/www.facebook.com\/ferrovial\" \/>\n<meta name=\"twitter:card\" content=\"summary_large_image\" \/>\n<meta name=\"twitter:site\" content=\"@ferrovial\" \/>\n<meta name=\"twitter:label1\" content=\"Est. reading time\" \/>\n\t<meta name=\"twitter:data1\" content=\"6 minutes\" \/>\n<!-- \/ Yoast SEO plugin. -->","yoast_head_json":{"title":"Energ\u00edas alternativas - Ferrovial","description":"Energ\u00edas alternativas es el t\u00e9rmino que se utiliza para hacer referencia a las energ\u00edas provenientes de fuentes naturales y renovables, como la solar o la e\u00f3lica.","robots":{"index":"index","follow":"follow","max-snippet":"max-snippet:-1","max-image-preview":"max-image-preview:large","max-video-preview":"max-video-preview:-1"},"canonical":"https:\/\/www.ferrovial.com\/es-la\/energias-alternativas\/","og_locale":"es_ES","og_type":"article","og_title":"Energ\u00edas alternativas - Ferrovial","og_description":"Energ\u00edas alternativas es el t\u00e9rmino que se utiliza para hacer referencia a las energ\u00edas provenientes de fuentes naturales y renovables, como la solar o la e\u00f3lica.","og_url":"https:\/\/www.ferrovial.com\/es-la\/energias-alternativas\/","og_site_name":"Ferrovial","article_publisher":"https:\/\/www.facebook.com\/ferrovial","twitter_card":"summary_large_image","twitter_site":"@ferrovial","twitter_misc":{"Est. reading time":"6 minutes"},"schema":{"@context":"https:\/\/schema.org","@graph":[{"@type":"WebPage","@id":"https:\/\/www.ferrovial.com\/es-la\/energias-alternativas\/","url":"https:\/\/www.ferrovial.com\/es-la\/energias-alternativas\/","name":"Energ\u00edas alternativas - Ferrovial","isPartOf":{"@id":"https:\/\/www.ferrovial.com\/es-la\/#website"},"datePublished":"2021-10-20T12:15:32+00:00","description":"Energ\u00edas alternativas es el t\u00e9rmino que se utiliza para hacer referencia a las energ\u00edas provenientes de fuentes naturales y renovables, como la solar o la e\u00f3lica.","breadcrumb":{"@id":"https:\/\/www.ferrovial.com\/es-la\/energias-alternativas\/#breadcrumb"},"inLanguage":"es-419","potentialAction":[{"@type":"ReadAction","target":["https:\/\/www.ferrovial.com\/es-la\/energias-alternativas\/"]}]},{"@type":"BreadcrumbList","@id":"https:\/\/www.ferrovial.com\/es-la\/energias-alternativas\/#breadcrumb","itemListElement":[{"@type":"ListItem","position":1,"name":"Portada","item":"https:\/\/www.ferrovial.com\/es-la\/"},{"@type":"ListItem","position":2,"name":"Energ\u00edas alternativas"}]},{"@type":"WebSite","@id":"https:\/\/www.ferrovial.com\/es-la\/#website","url":"https:\/\/www.ferrovial.com\/es-la\/","name":"Ferrovial","description":"Welcome to the Ferrovial&#039;s website, global operator of sustainable infrastructure. Here you can find all the information about the company and subsidiaries.","publisher":{"@id":"https:\/\/www.ferrovial.com\/es-la\/#organization"},"potentialAction":[{"@type":"SearchAction","target":{"@type":"EntryPoint","urlTemplate":"https:\/\/www.ferrovial.com\/es-la\/?s={search_term_string}"},"query-input":{"@type":"PropertyValueSpecification","valueRequired":true,"valueName":"search_term_string"}}],"inLanguage":"es-419"},{"@type":"Organization","@id":"https:\/\/www.ferrovial.com\/es-la\/#organization","name":"Ferrovial S.A.","url":"https:\/\/www.ferrovial.com\/es-la\/","logo":{"@type":"ImageObject","inLanguage":"es-419","@id":"https:\/\/www.ferrovial.com\/es-la\/#\/schema\/logo\/image\/","url":"https:\/\/static.ferrovial.com\/wp-content\/uploads\/2020\/01\/13124948\/logo-ferrovial-cf7.png","contentUrl":"https:\/\/static.ferrovial.com\/wp-content\/uploads\/2020\/01\/13124948\/logo-ferrovial-cf7.png","width":144,"height":32,"caption":"Ferrovial S.A."},"image":{"@id":"https:\/\/www.ferrovial.com\/es-la\/#\/schema\/logo\/image\/"},"sameAs":["https:\/\/www.facebook.com\/ferrovial","https:\/\/x.com\/ferrovial","https:\/\/www.instagram.com\/ferrovial\/","https:\/\/www.linkedin.com\/company\/ferrovial","https:\/\/www.pinterest.es\/ferrovial\/","https:\/\/www.youtube.com\/ferrovial","https:\/\/en.wikipedia.org\/wiki\/Ferrovial"]}]}},"_links":{"self":[{"href":"https:\/\/www.ferrovial.com\/es-la\/wp-json\/wp\/v2\/pages\/204296","targetHints":{"allow":["GET"]}}],"collection":[{"href":"https:\/\/www.ferrovial.com\/es-la\/wp-json\/wp\/v2\/pages"}],"about":[{"href":"https:\/\/www.ferrovial.com\/es-la\/wp-json\/wp\/v2\/types\/page"}],"replies":[{"embeddable":true,"href":"https:\/\/www.ferrovial.com\/es-la\/wp-json\/wp\/v2\/comments?post=204296"}],"version-history":[{"count":1,"href":"https:\/\/www.ferrovial.com\/es-la\/wp-json\/wp\/v2\/pages\/204296\/revisions"}],"predecessor-version":[{"id":204298,"href":"https:\/\/www.ferrovial.com\/es-la\/wp-json\/wp\/v2\/pages\/204296\/revisions\/204298"}],"wp:attachment":[{"href":"https:\/\/www.ferrovial.com\/es-la\/wp-json\/wp\/v2\/media?parent=204296"}],"curies":[{"name":"wp","href":"https:\/\/api.w.org\/{rel}","templated":true}]}}