{"id":214093,"date":"2022-01-27T16:44:29","date_gmt":"2022-01-27T15:44:29","guid":{"rendered":"https:\/\/www.ferrovial.com\/que-hacemos\/"},"modified":"2022-02-17T16:12:52","modified_gmt":"2022-02-17T15:12:52","slug":"que-hacemos","status":"publish","type":"page","link":"https:\/\/www.ferrovial.com\/es-la\/siemsa\/que-hacemos\/","title":{"rendered":"Qu\u00e9 hacemos &#8211; Siemsa"},"content":{"rendered":"    <m-final-content-header >\n            <c-breadcrumb label-text=\"Breadcrumb\" slot=\"breadcrumbs\" type='2' align='left' wrap='wrapped wrapped' aria-label='Vienes de Siemsa'>\n                        <ol>\n\n                                                            <li><a href=\"https:\/\/www.ferrovial.com\/es-la\/\" title=\"Ferrovial\">Ferrovial<\/a><\/li>\n                                                                        <li><a href=\"https:\/\/www.ferrovial.com\/es\/siemsa\/\" title=\"Siemsa\">Siemsa<\/a><\/li>\n                                    \n                <\/ol>\n\n                <\/c-breadcrumb>\n    \n        <div slot=\"header\">\n            <h1>\n                \u00bfQu\u00e9 hacemos?            <\/h1>\n                    <\/div>\n    <\/m-final-content-header>\n\n    \n\n\n<m-wysiwig class=\"wp-block-components-wysiwyg\"><div slot=\"maincontent\">    <p class=\"intro\">Desde 1982 trabajamos para conseguir altos niveles de tecnificaci\u00f3n y la posibilidad de ofrecer diversidad de servicios para la construcci\u00f3n, instalaci\u00f3n y mantenimiento de los sectores industrial y energ\u00e9tico. Hemos logrado as\u00ed una oferta diferencial, competitiva y con un gran valor para nuestros clientes.<\/p>\n    \n\n\n<h2 class=\"wp-block-heading\"><strong>La seguridad y la salud como prioridades<\/strong><\/h2>\n\n\n\n<p>La seguridad en el trabajo es uno de los ejes estrat\u00e9gicos de nuestra empresa. &nbsp;Realizamos grandes esfuerzos en lograr nuestro compromiso de registrar cero accidentes laborales. Para conseguirlo invertimos constantemente en que las personas que forman nuestros equipos se formen en seguridad y salud.<\/p>\n\n\n\n<p>Contamos con un programa de tutorizaci\u00f3n, reciclaje y planificaci\u00f3n para mantenernos actualizados y mejorar nuestro saber hacer en Seguridad y Salud.<\/p>\n\n\n\n<p>Nuestro compromiso con la seguridad y la salud nos hizo ser la primera empresa de nuestro sector en contar con la certificaci\u00f3n en la norma OHSAS 18001 sobre prevenci\u00f3n de riesgos laborales; ahora migrada a la norma ISO 45001: de Seguridad y Salud en el trabajo.<\/p>\n\n\n\n<h2 class=\"wp-block-heading\"><strong>Referentes en el sector industrial<\/strong><\/h2>\n\n\n\n<p>Nuestra actividad consiste en el mantenimiento e instalaci\u00f3n de equipos para generaci\u00f3n y distribuci\u00f3n el\u00e9ctrica, tambi\u00e9n para la construcci\u00f3n de instalaciones de baja y media tensi\u00f3n, tendido y conexi\u00f3n. As\u00ed mismo, estamos altamente cualificados para llevar a cabo la instalaci\u00f3n y mantenimiento de sistemas de an\u00e1lisis y control. Adem\u00e1s, damos apoyo en paradas de instalaciones como refiner\u00edas, centrales nucleares y de generaci\u00f3n el\u00e9ctrica, entre otros servicios.<\/p>\n<\/div><\/m-wysiwig>\n\n\n    <m-distributor-brands-extended>\n                        <h2 slot=\"label\">\n                    Actividades                <\/h2>\n                                <h3 slot=\"title\">\n                    Nuestras \u00e1reas de especializaci\u00f3n                <\/h3>\n                                    <a slot='card' href='https:\/\/www.ferrovial.com\/es-la\/siemsa\/que-hacemos\/' title='Transmisi\u00f3n y Distribuci\u00f3n'>\n                        <h3>\n                            Transmisi\u00f3n y Distribuci\u00f3n                        <\/h3>\n                                                        <p>\n                                    Prestamos servicios de ingenier\u00eda, construcci\u00f3n, montaje, puesta en marcha y mantenimiento de subestaciones y l\u00edneas.\n                                <\/p>\n                                                        <c-masked-image path='3' src='https:\/\/static.ferrovial.com\/wp-content\/uploads\/2022\/01\/27121746\/treatment-and-distribution-siemsa-project-350x350.jpg'>\n\t\t\t\t\t\t<\/c-masked-image>\n                    <\/a>\n                                        <a slot='card' href='https:\/\/www.ferrovial.com\/es-la\/siemsa\/que-hacemos\/' title='Mantenimiento Industrial '>\n                        <h3>\n                            Mantenimiento Industrial                         <\/h3>\n                                                        <p>\n                                    Mantenimiento de Electricidad e Instrumentaci\u00f3n en instalaciones industriales de diversas \u00edndoles.\n                                <\/p>\n                                                        <c-masked-image path='3' src='https:\/\/static.ferrovial.com\/wp-content\/uploads\/2022\/01\/27121616\/mantenimiento-y-montaje-industrial-siemsa-350x350.jpg'>\n\t\t\t\t\t\t<\/c-masked-image>\n                    <\/a>\n                                        <a slot='card' href='https:\/\/www.ferrovial.com\/es-la\/siemsa\/que-hacemos\/' title='Control y Analizadores'>\n                        <h3>\n                            Control y Analizadores                        <\/h3>\n                                                        <p>\n                                    Dise\u00f1o, instalaci\u00f3n y mantenimiento para sistemas de control, instrumentaci\u00f3n y sistemas de analizadores.\n                                <\/p>\n                                                        <c-masked-image path='3' src='https:\/\/static.ferrovial.com\/wp-content\/uploads\/2022\/01\/27121719\/siemsa-sistemas-de-control-y-analizadores-350x350.jpg'>\n\t\t\t\t\t\t<\/c-masked-image>\n                    <\/a>\n                        <\/m-distributor-brands-extended>\n\n    ","protected":false},"excerpt":{"rendered":"","protected":false},"featured_media":0,"parent":214112,"menu_order":0,"comment_status":"closed","ping_status":"closed","template":"","meta":{"_acf_changed":false,"footnotes":""},"class_list":["post-214093","page","type-page","status-publish","hentry"],"acf":[],"yoast_head":"<!-- This site is optimized with the Yoast SEO plugin v27.2 - https:\/\/yoast.com\/product\/yoast-seo-wordpress\/ -->\n<title>Qu\u00e9 hacemos - Siemsa - Ferrovial<\/title>\n<meta name=\"description\" content=\"Welcome to the Ferrovial&#039;s website, global operator of sustainable infrastructure. Here you can find all the information about the company and subsidiaries.\" \/>\n<meta name=\"robots\" content=\"index, follow, max-snippet:-1, max-image-preview:large, max-video-preview:-1\" \/>\n<link rel=\"canonical\" href=\"https:\/\/www.ferrovial.com\/es-la\/siemsa\/que-hacemos\/\" \/>\n<meta property=\"og:locale\" content=\"es_ES\" \/>\n<meta property=\"og:type\" content=\"article\" \/>\n<meta property=\"og:title\" content=\"Qu\u00e9 hacemos - Siemsa - Ferrovial\" \/>\n<meta property=\"og:description\" content=\"Welcome to the Ferrovial&#039;s website, global operator of sustainable infrastructure. Here you can find all the information about the company and subsidiaries.\" \/>\n<meta property=\"og:url\" content=\"https:\/\/www.ferrovial.com\/es-la\/siemsa\/que-hacemos\/\" \/>\n<meta property=\"og:site_name\" content=\"Ferrovial\" \/>\n<meta property=\"article:publisher\" content=\"https:\/\/www.facebook.com\/ferrovial\" \/>\n<meta property=\"article:modified_time\" content=\"2022-02-17T15:12:52+00:00\" \/>\n<meta name=\"twitter:card\" content=\"summary_large_image\" \/>\n<meta name=\"twitter:site\" content=\"@ferrovial\" \/>\n<meta name=\"twitter:label1\" content=\"Est. reading time\" \/>\n\t<meta name=\"twitter:data1\" content=\"1 minute\" \/>\n<!-- \/ Yoast SEO plugin. -->","yoast_head_json":{"title":"Qu\u00e9 hacemos - Siemsa - Ferrovial","description":"Welcome to the Ferrovial's website, global operator of sustainable infrastructure. Here you can find all the information about the company and subsidiaries.","robots":{"index":"index","follow":"follow","max-snippet":"max-snippet:-1","max-image-preview":"max-image-preview:large","max-video-preview":"max-video-preview:-1"},"canonical":"https:\/\/www.ferrovial.com\/es-la\/siemsa\/que-hacemos\/","og_locale":"es_ES","og_type":"article","og_title":"Qu\u00e9 hacemos - Siemsa - Ferrovial","og_description":"Welcome to the Ferrovial's website, global operator of sustainable infrastructure. Here you can find all the information about the company and subsidiaries.","og_url":"https:\/\/www.ferrovial.com\/es-la\/siemsa\/que-hacemos\/","og_site_name":"Ferrovial","article_publisher":"https:\/\/www.facebook.com\/ferrovial","article_modified_time":"2022-02-17T15:12:52+00:00","twitter_card":"summary_large_image","twitter_site":"@ferrovial","twitter_misc":{"Est. reading time":"1 minute"},"schema":{"@context":"https:\/\/schema.org","@graph":[{"@type":"WebPage","@id":"https:\/\/www.ferrovial.com\/es-la\/siemsa\/que-hacemos\/","url":"https:\/\/www.ferrovial.com\/es-la\/siemsa\/que-hacemos\/","name":"Qu\u00e9 hacemos - Siemsa - Ferrovial","isPartOf":{"@id":"https:\/\/www.ferrovial.com\/es-la\/#website"},"datePublished":"2022-01-27T15:44:29+00:00","dateModified":"2022-02-17T15:12:52+00:00","description":"Welcome to the Ferrovial's website, global operator of sustainable infrastructure. Here you can find all the information about the company and subsidiaries.","breadcrumb":{"@id":"https:\/\/www.ferrovial.com\/es-la\/siemsa\/que-hacemos\/#breadcrumb"},"inLanguage":"es-419","potentialAction":[{"@type":"ReadAction","target":["https:\/\/www.ferrovial.com\/es-la\/siemsa\/que-hacemos\/"]}]},{"@type":"BreadcrumbList","@id":"https:\/\/www.ferrovial.com\/es-la\/siemsa\/que-hacemos\/#breadcrumb","itemListElement":[{"@type":"ListItem","position":1,"name":"Portada","item":"https:\/\/www.ferrovial.com\/es-la\/"},{"@type":"ListItem","position":2,"name":"Siemsa","item":"https:\/\/www.ferrovial.com\/es-la\/siemsa\/"},{"@type":"ListItem","position":3,"name":"Qu\u00e9 hacemos &#8211; Siemsa"}]},{"@type":"WebSite","@id":"https:\/\/www.ferrovial.com\/es-la\/#website","url":"https:\/\/www.ferrovial.com\/es-la\/","name":"Ferrovial","description":"Welcome to the Ferrovial&#039;s website, global operator of sustainable infrastructure. Here you can find all the information about the company and subsidiaries.","publisher":{"@id":"https:\/\/www.ferrovial.com\/es-la\/#organization"},"potentialAction":[{"@type":"SearchAction","target":{"@type":"EntryPoint","urlTemplate":"https:\/\/www.ferrovial.com\/es-la\/?s={search_term_string}"},"query-input":{"@type":"PropertyValueSpecification","valueRequired":true,"valueName":"search_term_string"}}],"inLanguage":"es-419"},{"@type":"Organization","@id":"https:\/\/www.ferrovial.com\/es-la\/#organization","name":"Ferrovial S.A.","url":"https:\/\/www.ferrovial.com\/es-la\/","logo":{"@type":"ImageObject","inLanguage":"es-419","@id":"https:\/\/www.ferrovial.com\/es-la\/#\/schema\/logo\/image\/","url":"https:\/\/static.ferrovial.com\/wp-content\/uploads\/2020\/01\/13124948\/logo-ferrovial-cf7.png","contentUrl":"https:\/\/static.ferrovial.com\/wp-content\/uploads\/2020\/01\/13124948\/logo-ferrovial-cf7.png","width":144,"height":32,"caption":"Ferrovial S.A."},"image":{"@id":"https:\/\/www.ferrovial.com\/es-la\/#\/schema\/logo\/image\/"},"sameAs":["https:\/\/www.facebook.com\/ferrovial","https:\/\/x.com\/ferrovial","https:\/\/www.instagram.com\/ferrovial\/","https:\/\/www.linkedin.com\/company\/ferrovial","https:\/\/www.pinterest.es\/ferrovial\/","https:\/\/www.youtube.com\/ferrovial","https:\/\/en.wikipedia.org\/wiki\/Ferrovial"]}]}},"_links":{"self":[{"href":"https:\/\/www.ferrovial.com\/es-la\/wp-json\/wp\/v2\/pages\/214093","targetHints":{"allow":["GET"]}}],"collection":[{"href":"https:\/\/www.ferrovial.com\/es-la\/wp-json\/wp\/v2\/pages"}],"about":[{"href":"https:\/\/www.ferrovial.com\/es-la\/wp-json\/wp\/v2\/types\/page"}],"replies":[{"embeddable":true,"href":"https:\/\/www.ferrovial.com\/es-la\/wp-json\/wp\/v2\/comments?post=214093"}],"version-history":[{"count":2,"href":"https:\/\/www.ferrovial.com\/es-la\/wp-json\/wp\/v2\/pages\/214093\/revisions"}],"predecessor-version":[{"id":215472,"href":"https:\/\/www.ferrovial.com\/es-la\/wp-json\/wp\/v2\/pages\/214093\/revisions\/215472"}],"up":[{"embeddable":true,"href":"https:\/\/www.ferrovial.com\/es-la\/wp-json\/wp\/v2\/pages\/214112"}],"wp:attachment":[{"href":"https:\/\/www.ferrovial.com\/es-la\/wp-json\/wp\/v2\/media?parent=214093"}],"curies":[{"name":"wp","href":"https:\/\/api.w.org\/{rel}","templated":true}]}}