{"id":214102,"date":"2022-01-27T17:17:40","date_gmt":"2022-01-27T16:17:40","guid":{"rendered":"https:\/\/www.ferrovial.com\/?page_id=214102"},"modified":"2022-02-11T13:33:18","modified_gmt":"2022-02-11T12:33:18","slug":"mantenimiento-y-montaje-industrial","status":"publish","type":"page","link":"https:\/\/www.ferrovial.com\/es-la\/siemsa\/que-hacemos\/mantenimiento-y-montaje-industrial\/","title":{"rendered":"Mantenimiento y Montaje Industrial"},"content":{"rendered":"    <m-final-content-header >\n            <c-breadcrumb label-text=\"Breadcrumb\" slot=\"breadcrumbs\" type='2' align='left' wrap='wrapped wrapped' aria-label='Vienes de Qu\u00e9 hacemos &#8211; Siemsa'>\n                        <ol>\n\n                                                            <li><a href=\"https:\/\/www.ferrovial.com\/es-la\/\" title=\"Ferrovial\">Ferrovial<\/a><\/li>\n                                                                        <li><a href=\"https:\/\/www.ferrovial.com\/es\/siemsa\/\" title=\"Siemsa\">Siemsa<\/a><\/li>\n                                                                        <li><a href=\"https:\/\/www.ferrovial.com\/es\/siemsa\/que-hacemos\/\" title=\"Qu\u00e9 hacemos &#8211; Siemsa\">Qu\u00e9 hacemos &#8211; Siemsa<\/a><\/li>\n                                    \n                <\/ol>\n\n                <\/c-breadcrumb>\n    \n        <div slot=\"header\">\n            <h1>\n                Mantenimiento y Montaje Industrial            <\/h1>\n                    <\/div>\n    <\/m-final-content-header>\n\n    \n\n\n<m-wysiwig class=\"wp-block-components-wysiwyg\"><div slot=\"maincontent\">    <p class=\"intro\">Con m\u00e1s de 40 a\u00f1os de experiencia ofrecemos servicios de mantenimiento tanto preventivo, con el objetivo de prevenir aver\u00edas, prolongar la vida \u00fatil y evitar imprevistos, como correctivo dirigido a la reparaci\u00f3n de los defectos observados. Para ello realizamos los trabajos tanto en marcha como durante las paradas de las instalaciones.<\/p>\n    \n\n\n<p>Contamos con una amplia experiencia en el montaje de Instrumentaci\u00f3n y Electricidad en instalaciones industriales ya sea por trabajo derivados del propio mantenimiento, revamping de una planta existente o trabajos asociados al desarrollo de nuevas plantas.<\/p>\n\n\n\n<h2 class=\"wp-block-heading\">Generaci\u00f3n<\/h2>\n\n\n\n<ul class=\"wp-block-list\"><li>Plantas Solares<\/li><li>Plantas E\u00f3licas<\/li><li>Plantas Nucleares<\/li><li>Ciclos Combinados<\/li><li>Centrales Hidr\u00e1ulicas.<\/li><\/ul>\n\n\n\n<h2 class=\"wp-block-heading\"><strong>Oil&amp;Gas<\/strong><\/h2>\n\n\n\n<ul class=\"wp-block-list\"><li>Refiner\u00edas<\/li><li>Industria petroqu\u00edmica <strong><\/strong><\/li><\/ul>\n\n\n\n<h2 class=\"wp-block-heading\"><strong>Industria Qu\u00edmica<\/strong><strong><\/strong><\/h2>\n\n\n\n<ul class=\"wp-block-list\"><li>Siderometal\u00fargica<\/li><li>Papelera<\/li><li>Fertilizantes<\/li><\/ul>\n<\/div><\/m-wysiwig>\n","protected":false},"excerpt":{"rendered":"","protected":false},"featured_media":0,"parent":214093,"menu_order":0,"comment_status":"closed","ping_status":"closed","template":"","meta":{"_acf_changed":false,"footnotes":""},"class_list":["post-214102","page","type-page","status-publish","hentry"],"acf":[],"yoast_head":"<!-- This site is optimized with the Yoast SEO plugin v27.2 - https:\/\/yoast.com\/product\/yoast-seo-wordpress\/ -->\n<title>Mantenimiento y Montaje Industrial - Ferrovial<\/title>\n<meta name=\"description\" content=\"Welcome to the Ferrovial&#039;s website, global operator of sustainable infrastructure. Here you can find all the information about the company and subsidiaries.\" \/>\n<meta name=\"robots\" content=\"index, follow, max-snippet:-1, max-image-preview:large, max-video-preview:-1\" \/>\n<link rel=\"canonical\" href=\"https:\/\/www.ferrovial.com\/es-la\/siemsa\/que-hacemos\/mantenimiento-y-montaje-industrial\/\" \/>\n<meta property=\"og:locale\" content=\"es_ES\" \/>\n<meta property=\"og:type\" content=\"article\" \/>\n<meta property=\"og:title\" content=\"Mantenimiento y Montaje Industrial - Ferrovial\" \/>\n<meta property=\"og:description\" content=\"Welcome to the Ferrovial&#039;s website, global operator of sustainable infrastructure. Here you can find all the information about the company and subsidiaries.\" \/>\n<meta property=\"og:url\" content=\"https:\/\/www.ferrovial.com\/es-la\/siemsa\/que-hacemos\/mantenimiento-y-montaje-industrial\/\" \/>\n<meta property=\"og:site_name\" content=\"Ferrovial\" \/>\n<meta property=\"article:publisher\" content=\"https:\/\/www.facebook.com\/ferrovial\" \/>\n<meta property=\"article:modified_time\" content=\"2022-02-11T12:33:18+00:00\" \/>\n<meta name=\"twitter:card\" content=\"summary_large_image\" \/>\n<meta name=\"twitter:site\" content=\"@ferrovial\" \/>\n<meta name=\"twitter:label1\" content=\"Est. reading time\" \/>\n\t<meta name=\"twitter:data1\" content=\"1 minute\" \/>\n<!-- \/ Yoast SEO plugin. -->","yoast_head_json":{"title":"Mantenimiento y Montaje Industrial - Ferrovial","description":"Welcome to the Ferrovial's website, global operator of sustainable infrastructure. Here you can find all the information about the company and subsidiaries.","robots":{"index":"index","follow":"follow","max-snippet":"max-snippet:-1","max-image-preview":"max-image-preview:large","max-video-preview":"max-video-preview:-1"},"canonical":"https:\/\/www.ferrovial.com\/es-la\/siemsa\/que-hacemos\/mantenimiento-y-montaje-industrial\/","og_locale":"es_ES","og_type":"article","og_title":"Mantenimiento y Montaje Industrial - Ferrovial","og_description":"Welcome to the Ferrovial's website, global operator of sustainable infrastructure. Here you can find all the information about the company and subsidiaries.","og_url":"https:\/\/www.ferrovial.com\/es-la\/siemsa\/que-hacemos\/mantenimiento-y-montaje-industrial\/","og_site_name":"Ferrovial","article_publisher":"https:\/\/www.facebook.com\/ferrovial","article_modified_time":"2022-02-11T12:33:18+00:00","twitter_card":"summary_large_image","twitter_site":"@ferrovial","twitter_misc":{"Est. reading time":"1 minute"},"schema":{"@context":"https:\/\/schema.org","@graph":[{"@type":"WebPage","@id":"https:\/\/www.ferrovial.com\/es-la\/siemsa\/que-hacemos\/mantenimiento-y-montaje-industrial\/","url":"https:\/\/www.ferrovial.com\/es-la\/siemsa\/que-hacemos\/mantenimiento-y-montaje-industrial\/","name":"Mantenimiento y Montaje Industrial - Ferrovial","isPartOf":{"@id":"https:\/\/www.ferrovial.com\/es-la\/#website"},"datePublished":"2022-01-27T16:17:40+00:00","dateModified":"2022-02-11T12:33:18+00:00","description":"Welcome to the Ferrovial's website, global operator of sustainable infrastructure. Here you can find all the information about the company and subsidiaries.","breadcrumb":{"@id":"https:\/\/www.ferrovial.com\/es-la\/siemsa\/que-hacemos\/mantenimiento-y-montaje-industrial\/#breadcrumb"},"inLanguage":"es-419","potentialAction":[{"@type":"ReadAction","target":["https:\/\/www.ferrovial.com\/es-la\/siemsa\/que-hacemos\/mantenimiento-y-montaje-industrial\/"]}]},{"@type":"BreadcrumbList","@id":"https:\/\/www.ferrovial.com\/es-la\/siemsa\/que-hacemos\/mantenimiento-y-montaje-industrial\/#breadcrumb","itemListElement":[{"@type":"ListItem","position":1,"name":"Portada","item":"https:\/\/www.ferrovial.com\/es-la\/"},{"@type":"ListItem","position":2,"name":"Siemsa","item":"https:\/\/www.ferrovial.com\/es-la\/siemsa\/"},{"@type":"ListItem","position":3,"name":"Qu\u00e9 hacemos &#8211; Siemsa","item":"https:\/\/www.ferrovial.com\/es-la\/siemsa\/que-hacemos\/"},{"@type":"ListItem","position":4,"name":"Mantenimiento y Montaje Industrial"}]},{"@type":"WebSite","@id":"https:\/\/www.ferrovial.com\/es-la\/#website","url":"https:\/\/www.ferrovial.com\/es-la\/","name":"Ferrovial","description":"Welcome to the Ferrovial&#039;s website, global operator of sustainable infrastructure. Here you can find all the information about the company and subsidiaries.","publisher":{"@id":"https:\/\/www.ferrovial.com\/es-la\/#organization"},"potentialAction":[{"@type":"SearchAction","target":{"@type":"EntryPoint","urlTemplate":"https:\/\/www.ferrovial.com\/es-la\/?s={search_term_string}"},"query-input":{"@type":"PropertyValueSpecification","valueRequired":true,"valueName":"search_term_string"}}],"inLanguage":"es-419"},{"@type":"Organization","@id":"https:\/\/www.ferrovial.com\/es-la\/#organization","name":"Ferrovial S.A.","url":"https:\/\/www.ferrovial.com\/es-la\/","logo":{"@type":"ImageObject","inLanguage":"es-419","@id":"https:\/\/www.ferrovial.com\/es-la\/#\/schema\/logo\/image\/","url":"https:\/\/static.ferrovial.com\/wp-content\/uploads\/2020\/01\/13124948\/logo-ferrovial-cf7.png","contentUrl":"https:\/\/static.ferrovial.com\/wp-content\/uploads\/2020\/01\/13124948\/logo-ferrovial-cf7.png","width":144,"height":32,"caption":"Ferrovial S.A."},"image":{"@id":"https:\/\/www.ferrovial.com\/es-la\/#\/schema\/logo\/image\/"},"sameAs":["https:\/\/www.facebook.com\/ferrovial","https:\/\/x.com\/ferrovial","https:\/\/www.instagram.com\/ferrovial\/","https:\/\/www.linkedin.com\/company\/ferrovial","https:\/\/www.pinterest.es\/ferrovial\/","https:\/\/www.youtube.com\/ferrovial","https:\/\/en.wikipedia.org\/wiki\/Ferrovial"]}]}},"_links":{"self":[{"href":"https:\/\/www.ferrovial.com\/es-la\/wp-json\/wp\/v2\/pages\/214102","targetHints":{"allow":["GET"]}}],"collection":[{"href":"https:\/\/www.ferrovial.com\/es-la\/wp-json\/wp\/v2\/pages"}],"about":[{"href":"https:\/\/www.ferrovial.com\/es-la\/wp-json\/wp\/v2\/types\/page"}],"replies":[{"embeddable":true,"href":"https:\/\/www.ferrovial.com\/es-la\/wp-json\/wp\/v2\/comments?post=214102"}],"version-history":[{"count":2,"href":"https:\/\/www.ferrovial.com\/es-la\/wp-json\/wp\/v2\/pages\/214102\/revisions"}],"predecessor-version":[{"id":214951,"href":"https:\/\/www.ferrovial.com\/es-la\/wp-json\/wp\/v2\/pages\/214102\/revisions\/214951"}],"up":[{"embeddable":true,"href":"https:\/\/www.ferrovial.com\/es-la\/wp-json\/wp\/v2\/pages\/214093"}],"wp:attachment":[{"href":"https:\/\/www.ferrovial.com\/es-la\/wp-json\/wp\/v2\/media?parent=214102"}],"curies":[{"name":"wp","href":"https:\/\/api.w.org\/{rel}","templated":true}]}}