{"id":217672,"date":"2022-03-02T18:11:23","date_gmt":"2022-03-02T17:11:23","guid":{"rendered":"https:\/\/www.ferrovial.com\/juntos-sumamos-por-ucrania\/"},"modified":"2022-05-18T09:41:28","modified_gmt":"2022-05-18T07:41:28","slug":"juntos-sumamos-por-ucrania","status":"publish","type":"page","link":"https:\/\/www.ferrovial.com\/es-la\/juntos-sumamos-por-ucrania\/","title":{"rendered":"Juntos por Ucrania"},"content":{"rendered":"    <m-hero type='single' :translations='{\n        &quot;play&quot;:&quot;Reproducir v\u00eddeo de fondo&quot;,\n        &quot;pause&quot;:&quot;Pausar v\u00eddeo de fondo&quot;,\n        &quot;prev&quot;:&quot;Anterior&quot;,\n        &quot;next&quot;:&quot;Siguiente&quot;,\n        &quot;paginationseparator&quot;:&quot;de&quot;,\n        &quot;goto&quot;:&quot;Ir al slide&quot;,\n        &quot;external&quot;:&quot;Abrir una nueva ventana&quot;\n    }'>\n            <c-breadcrumb label-text=\"Breadcrumb\" slot=\"breadcrumbs\" type='1' align='left left' wrap='wrapped wrapped'>\n                        <ol>\n\n                                                            <li><a href=\"https:\/\/www.ferrovial.com\/es-la\/\" title=\"Ferrovial\">Ferrovial<\/a><\/li>\n                                    \n                <\/ol>\n\n                <\/c-breadcrumb>\n    \n                        <div slot=\"carouselItem\">\n                            <c-background-image>\n                                <picture>\n                                                                            <source media=\"(max-width: 667px)\" srcset=\"https:\/\/static.ferrovial.com\/wp-content\/uploads\/2022\/03\/02180511\/fondo-ucrania-bandera-header-fondo-600x512.png\">\n                                                                                                                <source media=\"(max-width: 1023px)\" srcset=\"https:\/\/static.ferrovial.com\/wp-content\/uploads\/2022\/03\/02180511\/fondo-ucrania-bandera-header-fondo.png\">\n                                    \n                                    <img decoding=\"async\" src=\"https:\/\/static.ferrovial.com\/wp-content\/uploads\/2022\/03\/02180511\/fondo-ucrania-bandera-header-fondo.png\" alt=\"\" style=\"object-position: center center;\">\n                                <\/picture>\n                            <\/c-background-image>\n                        <\/div>        <section slot=\"hero\">\n            <article>\n                                        <h1>Juntos Sumamos por Ucrania<\/h1>\n                                                <p>Descripci\u00f3n por defecto<\/p>\n                                    <\/article>\n        <\/section>\n    <\/m-hero>\n\n    \n\n\n<m-wysiwig class=\"wp-block-components-wysiwyg\"><div slot=\"maincontent\">    <p class=\"intro\">Con el objetivo de recaudar fondos destinadas a apoyar a la poblaci\u00f3n afectada por la guerra en Ucrania, lanzamos la campa\u00f1a &#8216;Juntos Sumamos por Ucrania&#8217;. Ferrovial igualar\u00e1 las aportaciones recibidas.<\/p>\n    <\/div><\/m-wysiwig>\n\n\n\n<m-wysiwig class=\"wp-block-components-wysiwyg\"><div slot=\"maincontent\">\n<p>La guerra de Ucrania ha provocado que, hasta el 2&nbsp;de marzo, hayan cruzado la frontera m\u00e1s de 900.000 personas, de las cuales unas 450.000 lo han hecho por Polonia, y las previsiones de ACNUR son que la cifra de refugiados supere los 4 millones de personas. Adem\u00e1s, existe un gran n\u00famero de desplazados internos, ya antes de estallar este conflicto hab\u00eda m\u00e1s de 850.000 personas que hab\u00edan abandonado su hogar. Ante esta crisis humanitaria, las necesidades de ayuda se multiplican.<\/p>\n\n\n\n<h2 class=\"wp-block-heading\">Ferrovial igualar\u00e1 tu aportaci\u00f3n<\/h2>\n\n\n\n<p>Desde Ferrovial, lanzamos la campa\u00f1a \u201cJuntos Sumamos por Ucrania\u201d para recaudar vuestras&nbsp;<strong>donaciones que ir\u00e1n destinadas al env\u00edo de ayuda humanitaria y sanitaria para la poblaci\u00f3n desplazada por el conflicto b\u00e9lico<\/strong>, tanto la que permanece en su pa\u00eds como la que se ha visto obligada a refugiarse en pa\u00edses lim\u00edtrofes como Polonia. La compa\u00f1\u00eda igualar\u00e1 la cantidad aportada por todos nosotros.<\/p>\n\n\n\n<p>Vamos a apoyar las iniciativas&nbsp;puestas&nbsp;en marcha por nuestros compa\u00f1eros de <a href=\"https:\/\/www.budimex.pl\/en\" target=\"_blank\" rel=\"noreferrer noopener\">Budimex<\/a> que est\u00e1n viviendo en sus fronteras esta tragedia.<\/p>\n\n\n\n<p><strong>ONGs como Cruz Roja, ACNUR y C\u00e1ritas,&nbsp;<\/strong>que cuentan con las capacidades log\u00edsticas y amplia presencia local, se unen a las peque\u00f1as asociaciones locales que est\u00e1n en primera l\u00ednea ayudando a mayores, mujeres y ni\u00f1os. En funci\u00f3n de los fondos recaudados y la evoluci\u00f3n de los acontecimientos y las necesidades que se produzcan se podr\u00e1n incluir nuevas entidades.<\/p>\n\n\n\n<p>Se han abierto cuentas para recibir las donaciones en Polonia, Espa\u00f1a, Reino Unido y Estados Unidos.<\/p>\n\n\n\n<h2 class=\"wp-block-heading\">Nuestro compromiso<\/h2>\n\n\n\n<p>El compromiso de respuesta a crisis humanitarias se remonta al terremoto de Hait\u00ed en 2010. Lamentablemente su capacidad de respuesta y movilizaci\u00f3n se ha puesto a prueba en los \u00faltimos a\u00f1os con la crisis social y sanitaria generada por el COVID-19 y por la emergencia humanitaria que ha provocado la guerra de Ucrania. El drama que est\u00e1 afectando a millones de familias ucranianas es <strong>especialmente cercano para Ferrovial pues nuestra filial Budimex es una de las principales constructoras de Polonia<\/strong>, pa\u00eds que ha recibido casi 3 millones de refugiados.<\/p>\n\n\n\n<p>Siguiendo nuestros principios de actuaci\u00f3n, participamos en dos \u00e1mbitos:<\/p>\n\n\n\n<ul class=\"wp-block-list\"><li>Ofrecer apoyo en Polonia a los empleados que son ciudadanos ucranianos, as\u00ed como a sus familias. <\/li><li>Reforzar la atenci\u00f3n humanitaria que est\u00e1n prestando las organizaciones sociales internacionales, con especial atenci\u00f3n a los desplazados internos en Ucrania y los refugiados que llegan a Polonia.<\/li><\/ul>\n\n\n\n<p>Esta ayuda ha permitido l<strong>a entrega de cestas de comida y kits de higiene b\u00e1sica la acogida y facilitar alojamiento para 2.650 personas <\/strong>que est\u00e1n huyendo del conflicto en las ciudades polacas de Przemysl, Zosin, Hrebenne, Lubaczow y Dorohusk y en Ucrania en las ciudades de Kiev, Odesa y J\u00e1rkov-Zaporiyia.<\/p>\n\n\n\n<p>Adem\u00e1s, ha permitido la c<strong>ompra y env\u00edo de art\u00edculos de primera necesidad para ser distribuidos inmediatamente<\/strong>, tanto en las ciudades ucranianas fronterizas de Chop y Uzhgorod como desde la ciudad de Lublin en Polonia. Nuestra ayuda se ha traducido en <strong>m\u00e1s de 9.000 mantas, 8.000 toldos de pl\u00e1stico y 5.000 kits de utensilios de cocina que han permitido ayudar a m\u00e1s de 18.000 familias<\/strong>.<\/p>\n<\/div><\/m-wysiwig>\n\n\n\n<m-accordion class=\"wp-block-components-accordion\"><div slot=\"title\"><h3>\u00bfC\u00f3mo acreditar la donaci\u00f3n en la Renta de 2022?<\/h3><\/div>\n<div slot=\"item\" class=\"wp-block-components-accordion-item\"><div class=\"m-accordion__item\"><h4>Proceso para acreditar la donaci\u00f3n<c-icon icon=\"arrow\" size=\"m\"><\/c-icon><\/h4><\/div><div class=\"m-accordion__content\">\n<m-wysiwig class=\"wp-block-components-wysiwyg\"><div slot=\"maincontent\">\n<p>Si el donante de la campa\u00f1a Juntos Sumamos por Ucrania desea aplicar la deducci\u00f3n por donativos aplicable en el IRPF deber\u00e1 enviar a la cuenta de correo <a href=\"mailto:rsc@ferrovial.com\">rsc@ferrovial.com<\/a>: <\/p>\n\n\n\n<ul class=\"wp-block-list\"><li>Nombre y apellidos<\/li><li>DNI<\/li><li>Domicilio <\/li><li>Justificante de la trasferencia de la donaci\u00f3n. <\/li><\/ul>\n\n\n\n<p>El donante debe a\u00f1adir la autorizaci\u00f3n a Ferrovial para que comunique sus datos a la entidad beneficiaria a los \u00fanicos efectos de que expida la certificaci\u00f3n justificativa y necesaria para la pr\u00e1ctica de la deducci\u00f3n. Para poder proceder al tratamiento de sus datos con la finalidad de obtenci\u00f3n de su certificado, es necesario que en el correo que nos remita con sus datos identificativos, incluya la frase:<\/p>\n\n\n\n<p>\u201c<strong>Consiento en el tratamiento y cesi\u00f3n de mis datos para la obtenci\u00f3n del certificado en base a la siguiente Pol\u00edtica de Privacidad<\/strong>&#8220;.<\/p>\n\n\n\n<p><a href=\"https:\/\/www.ferrovial.com\/wp-content\/uploads\/2022\/03\/ferrovial-juntos-ucrania-clausula-informativa.pdf\" target=\"_blank\" rel=\"noreferrer noopener\">Accede&nbsp;a la cl\u00e1usula informativa de la Pol\u00edtica de Privacidad de la campa\u00f1a&nbsp;\u00abJuntos Sumamos por Ucrania\u00bb.&nbsp;<\/a><\/p>\n<\/div><\/m-wysiwig>\n<\/div><\/div>\n\n\n\n<div slot=\"item\" class=\"wp-block-components-accordion-item\"><div class=\"m-accordion__item\"><h4>Especificaciones para Espa\u00f1a<c-icon icon=\"arrow\" size=\"m\"><\/c-icon><\/h4><\/div><div class=\"m-accordion__content\">\n<m-wysiwig class=\"wp-block-components-wysiwyg\"><div slot=\"maincontent\">\n<p>Las donaciones realizadas a entidades beneficiarias del mecenazgo enumeradas en la Ley 49\/2002, de r\u00e9gimen fiscal de las entidades sin fines lucrativos y de los incentivos fiscales al mecenazgo, otorgan el derecho a los donantes a deducir de la cuota \u00edntegra de su IRPF el resultado de aplicar al importe del conjunto de donativos, donaciones y aportaciones con derecho a deducci\u00f3n, la siguiente escala: un 80% de deducci\u00f3n sobre los primeros 150 euros y un 35% sobre el resto del importe donado [1] con el l\u00edmite del 10% de su base liquidable del ejercicio.<\/p>\n\n\n\n<p>[1] Si en los dos per\u00edodos impositivos inmediatos anteriores se hubieran realizado donativos, donaciones o aportaciones con derecho a deducci\u00f3n en favor de una misma entidad por importe igual o superior, en cada uno de ellos, al del ejercicio anterior, el porcentaje de deducci\u00f3n aplicable a la base de la deducci\u00f3n en favor de esa misma entidad que exceda de 150 euros, ser\u00e1 el 40 por 100.<\/p>\n\n\n\n<p><em><strong>La anterior documentaci\u00f3n fiscal tiene un car\u00e1cter meramente informativo. El tratamiento fiscal concreto deber\u00e1 ser confirmado por cada empleado en funci\u00f3n de la legislaci\u00f3n vigente en cada pa\u00eds<\/strong><\/em><\/p>\n<\/div><\/m-wysiwig>\n\n\n\n<m-wysiwig class=\"wp-block-components-wysiwyg\"><div slot=\"maincontent\"><\/div><\/m-wysiwig>\n<\/div><\/div>\n<\/m-accordion>\n","protected":false},"excerpt":{"rendered":"","protected":false},"featured_media":217760,"parent":0,"menu_order":0,"comment_status":"closed","ping_status":"closed","template":"","meta":{"_acf_changed":false,"footnotes":""},"class_list":["post-217672","page","type-page","status-publish","has-post-thumbnail","hentry"],"acf":[],"yoast_head":"<!-- This site is optimized with the Yoast SEO plugin v27.2 - https:\/\/yoast.com\/product\/yoast-seo-wordpress\/ -->\n<title>Juntos por Ucrania - Ferrovial<\/title>\n<meta name=\"description\" content=\"Welcome to the Ferrovial&#039;s website, global operator of sustainable infrastructure. Here you can find all the information about the company and subsidiaries.\" \/>\n<meta name=\"robots\" content=\"index, follow, max-snippet:-1, max-image-preview:large, max-video-preview:-1\" \/>\n<link rel=\"canonical\" href=\"https:\/\/www.ferrovial.com\/es-la\/juntos-sumamos-por-ucrania\/\" \/>\n<meta property=\"og:locale\" content=\"es_ES\" \/>\n<meta property=\"og:type\" content=\"article\" \/>\n<meta property=\"og:title\" content=\"Juntos por Ucrania - Ferrovial\" \/>\n<meta property=\"og:description\" content=\"Welcome to the Ferrovial&#039;s website, global operator of sustainable infrastructure. Here you can find all the information about the company and subsidiaries.\" \/>\n<meta property=\"og:url\" content=\"https:\/\/www.ferrovial.com\/es-la\/juntos-sumamos-por-ucrania\/\" \/>\n<meta property=\"og:site_name\" content=\"Ferrovial\" \/>\n<meta property=\"article:publisher\" content=\"https:\/\/www.facebook.com\/ferrovial\" \/>\n<meta property=\"article:modified_time\" content=\"2022-05-18T07:41:28+00:00\" \/>\n<meta property=\"og:image\" content=\"https:\/\/www.ferrovial.com\/wp-content\/uploads\/2022\/03\/juntos-sumamos-por-ucrania-ferrovial.png\" \/>\n<meta name=\"twitter:card\" content=\"summary_large_image\" \/>\n<meta name=\"twitter:image\" content=\"https:\/\/www.ferrovial.com\/wp-content\/uploads\/2022\/03\/juntos-sumamos-por-ucrania-ferrovial.png\" \/>\n<meta name=\"twitter:site\" content=\"@ferrovial\" \/>\n<meta name=\"twitter:label1\" content=\"Est. reading time\" \/>\n\t<meta name=\"twitter:data1\" content=\"5 minutes\" \/>\n<!-- \/ Yoast SEO plugin. -->","yoast_head_json":{"title":"Juntos por Ucrania - Ferrovial","description":"Welcome to the Ferrovial's website, global operator of sustainable infrastructure. Here you can find all the information about the company and subsidiaries.","robots":{"index":"index","follow":"follow","max-snippet":"max-snippet:-1","max-image-preview":"max-image-preview:large","max-video-preview":"max-video-preview:-1"},"canonical":"https:\/\/www.ferrovial.com\/es-la\/juntos-sumamos-por-ucrania\/","og_locale":"es_ES","og_type":"article","og_title":"Juntos por Ucrania - Ferrovial","og_description":"Welcome to the Ferrovial's website, global operator of sustainable infrastructure. Here you can find all the information about the company and subsidiaries.","og_url":"https:\/\/www.ferrovial.com\/es-la\/juntos-sumamos-por-ucrania\/","og_site_name":"Ferrovial","article_publisher":"https:\/\/www.facebook.com\/ferrovial","article_modified_time":"2022-05-18T07:41:28+00:00","og_image":[{"url":"https:\/\/www.ferrovial.com\/wp-content\/uploads\/2022\/03\/juntos-sumamos-por-ucrania-ferrovial.png","type":"","width":"","height":""}],"twitter_card":"summary_large_image","twitter_image":"https:\/\/www.ferrovial.com\/wp-content\/uploads\/2022\/03\/juntos-sumamos-por-ucrania-ferrovial.png","twitter_site":"@ferrovial","twitter_misc":{"Est. reading time":"5 minutes"},"schema":{"@context":"https:\/\/schema.org","@graph":[{"@type":"WebPage","@id":"https:\/\/www.ferrovial.com\/es-la\/juntos-sumamos-por-ucrania\/","url":"https:\/\/www.ferrovial.com\/es-la\/juntos-sumamos-por-ucrania\/","name":"Juntos por Ucrania - Ferrovial","isPartOf":{"@id":"https:\/\/www.ferrovial.com\/es-la\/#website"},"primaryImageOfPage":{"@id":"https:\/\/www.ferrovial.com\/es-la\/juntos-sumamos-por-ucrania\/#primaryimage"},"image":{"@id":"https:\/\/www.ferrovial.com\/es-la\/juntos-sumamos-por-ucrania\/#primaryimage"},"thumbnailUrl":"https:\/\/static.ferrovial.com\/wp-content\/uploads\/2022\/03\/03134404\/juntos-sumamos-por-ucrania-ferrovial.png","datePublished":"2022-03-02T17:11:23+00:00","dateModified":"2022-05-18T07:41:28+00:00","description":"Welcome to the Ferrovial's website, global operator of sustainable infrastructure. Here you can find all the information about the company and subsidiaries.","breadcrumb":{"@id":"https:\/\/www.ferrovial.com\/es-la\/juntos-sumamos-por-ucrania\/#breadcrumb"},"inLanguage":"es-419","potentialAction":[{"@type":"ReadAction","target":["https:\/\/www.ferrovial.com\/es-la\/juntos-sumamos-por-ucrania\/"]}]},{"@type":"ImageObject","inLanguage":"es-419","@id":"https:\/\/www.ferrovial.com\/es-la\/juntos-sumamos-por-ucrania\/#primaryimage","url":"https:\/\/static.ferrovial.com\/wp-content\/uploads\/2022\/03\/03134404\/juntos-sumamos-por-ucrania-ferrovial.png","contentUrl":"https:\/\/static.ferrovial.com\/wp-content\/uploads\/2022\/03\/03134404\/juntos-sumamos-por-ucrania-ferrovial.png","width":1200,"height":628,"caption":"campa\u00f1a de donaci\u00f3n juntos sumamos por ucrania ferrovial"},{"@type":"BreadcrumbList","@id":"https:\/\/www.ferrovial.com\/es-la\/juntos-sumamos-por-ucrania\/#breadcrumb","itemListElement":[{"@type":"ListItem","position":1,"name":"Portada","item":"https:\/\/www.ferrovial.com\/es-la\/"},{"@type":"ListItem","position":2,"name":"Juntos por Ucrania"}]},{"@type":"WebSite","@id":"https:\/\/www.ferrovial.com\/es-la\/#website","url":"https:\/\/www.ferrovial.com\/es-la\/","name":"Ferrovial","description":"Welcome to the Ferrovial&#039;s website, global operator of sustainable infrastructure. Here you can find all the information about the company and subsidiaries.","publisher":{"@id":"https:\/\/www.ferrovial.com\/es-la\/#organization"},"potentialAction":[{"@type":"SearchAction","target":{"@type":"EntryPoint","urlTemplate":"https:\/\/www.ferrovial.com\/es-la\/?s={search_term_string}"},"query-input":{"@type":"PropertyValueSpecification","valueRequired":true,"valueName":"search_term_string"}}],"inLanguage":"es-419"},{"@type":"Organization","@id":"https:\/\/www.ferrovial.com\/es-la\/#organization","name":"Ferrovial S.A.","url":"https:\/\/www.ferrovial.com\/es-la\/","logo":{"@type":"ImageObject","inLanguage":"es-419","@id":"https:\/\/www.ferrovial.com\/es-la\/#\/schema\/logo\/image\/","url":"https:\/\/static.ferrovial.com\/wp-content\/uploads\/2020\/01\/13124948\/logo-ferrovial-cf7.png","contentUrl":"https:\/\/static.ferrovial.com\/wp-content\/uploads\/2020\/01\/13124948\/logo-ferrovial-cf7.png","width":144,"height":32,"caption":"Ferrovial S.A."},"image":{"@id":"https:\/\/www.ferrovial.com\/es-la\/#\/schema\/logo\/image\/"},"sameAs":["https:\/\/www.facebook.com\/ferrovial","https:\/\/x.com\/ferrovial","https:\/\/www.instagram.com\/ferrovial\/","https:\/\/www.linkedin.com\/company\/ferrovial","https:\/\/www.pinterest.es\/ferrovial\/","https:\/\/www.youtube.com\/ferrovial","https:\/\/en.wikipedia.org\/wiki\/Ferrovial"]}]}},"_links":{"self":[{"href":"https:\/\/www.ferrovial.com\/es-la\/wp-json\/wp\/v2\/pages\/217672","targetHints":{"allow":["GET"]}}],"collection":[{"href":"https:\/\/www.ferrovial.com\/es-la\/wp-json\/wp\/v2\/pages"}],"about":[{"href":"https:\/\/www.ferrovial.com\/es-la\/wp-json\/wp\/v2\/types\/page"}],"replies":[{"embeddable":true,"href":"https:\/\/www.ferrovial.com\/es-la\/wp-json\/wp\/v2\/comments?post=217672"}],"version-history":[{"count":3,"href":"https:\/\/www.ferrovial.com\/es-la\/wp-json\/wp\/v2\/pages\/217672\/revisions"}],"predecessor-version":[{"id":222448,"href":"https:\/\/www.ferrovial.com\/es-la\/wp-json\/wp\/v2\/pages\/217672\/revisions\/222448"}],"wp:featuredmedia":[{"embeddable":true,"href":"https:\/\/www.ferrovial.com\/es-la\/wp-json\/wp\/v2\/media\/217760"}],"wp:attachment":[{"href":"https:\/\/www.ferrovial.com\/es-la\/wp-json\/wp\/v2\/media?parent=217672"}],"curies":[{"name":"wp","href":"https:\/\/api.w.org\/{rel}","templated":true}]}}