{"id":225118,"date":"2022-06-07T10:52:21","date_gmt":"2022-06-07T08:52:21","guid":{"rendered":"https:\/\/www.ferrovial.com\/sostenibilidad\/etica\/canal-etico\/"},"modified":"2025-03-06T10:20:52","modified_gmt":"2025-03-06T09:20:52","slug":"canal-etico","status":"publish","type":"page","link":"https:\/\/www.ferrovial.com\/es-la\/sostenibilidad\/etica\/canal-etico\/","title":{"rendered":"Canal \u00c9tico"},"content":{"rendered":"    <m-final-content-header >\n            <c-breadcrumb label-text=\"Breadcrumb\" slot=\"breadcrumbs\" type='2' align='left' wrap='wrapped wrapped' aria-label='Vienes de \u00c9tica'>\n                        <ol>\n\n                                                            <li><a href=\"https:\/\/www.ferrovial.com\/es-la\/\" title=\"Ferrovial\">Ferrovial<\/a><\/li>\n                                                                        <li><a href=\"https:\/\/www.ferrovial.com\/es\/sostenibilidad\/\" title=\"Sostenibilidad\">Sostenibilidad<\/a><\/li>\n                                                                        <li><a href=\"https:\/\/www.ferrovial.com\/es\/sostenibilidad\/etica\/\" title=\"\u00c9tica\">\u00c9tica<\/a><\/li>\n                                    \n                <\/ol>\n\n                <\/c-breadcrumb>\n    \n        <div slot=\"header\">\n            <h1>\n                Canal \u00c9tico            <\/h1>\n                    <\/div>\n    <\/m-final-content-header>\n\n    \n\n\n<m-wysiwig class=\"wp-block-components-wysiwyg\"><div slot=\"maincontent\">    <p class=\"intro\">Proporcionamos un sistema de comunicaci\u00f3n que sirve de instrumento para formular consultas, plantear dudas y\/o presentar quejas relacionadas con la aplicaci\u00f3n de nuestro C\u00f3digo de \u00c9tica y Conducta Empresarial as\u00ed como con cualquier posible irregularidad, incumplimiento o comportamiento contrario a la \u00e9tica, la legalidad y las normas que rigen el grupo, incluyendo en particular posibles casos de fraude o corrupci\u00f3n, pr\u00e1cticas anticompetitivas, violaciones de los derechos humanos o da\u00f1os al medio ambiente.<\/p>\n    <\/div><\/m-wysiwig>\n\n\n    <m-distributor-brands-extended>\n                        <h3 slot=\"title\">\n                    Canal \u00c9tico                <\/h3>\n                                    <a slot='card' href='https:\/\/ferrovialethicsline.whistleblowernetwork.net\/' title='Accede al Canal \u00c9tico' target='_blank'>\n                        <h3>\n                            Accede al Canal \u00c9tico                        <\/h3>\n                                                <c-masked-image path='3' src='https:\/\/static.ferrovial.com\/wp-content\/uploads\/2019\/10\/13133604\/formulario-de-etica-canal-etico-350x350.jpg'>\n\t\t\t\t\t\t<\/c-masked-image>\n                    <\/a>\n                        <\/m-distributor-brands-extended>\n\n    \n\n\n<m-wysiwig class=\"wp-block-components-wysiwyg\"><div slot=\"maincontent\"><\/div><\/m-wysiwig>\n\n\n\n<m-wysiwig class=\"wp-block-components-wysiwyg\"><div slot=\"maincontent\">\n<p><\/p>\n\n\n\n<p>Todas las&nbsp;comunicaciones recibidas a trav\u00e9s de este canal ser\u00e1n confidenciales y, si el informante as\u00ed lo desea, podr\u00e1n ser an\u00f3nimas. El informante estar\u00e1 protegido ante cualquier intento de represalia. En caso de que el informante quiera identificarse, se ha habilitado en el Canal \u00e9tico un apartado opcional donde introducir sus datos.<\/p>\n\n\n\n<p>Adem\u00e1s de este canal de comunicaci\u00f3n digital, ponemos a su disposici\u00f3n el&nbsp;Apartado de Correos 2160 (28080 Madrid, Espa\u00f1a&nbsp;y los n\u00fameros de tel\u00e9fonos gratuitos que se describen a continuaci\u00f3n y en el apartado \u201cL\u00ednea telef\u00f3nica\u201d de la aplicaci\u00f3n inform\u00e1tica.<\/p>\n\n\n\n<p><strong>N\u00fameros de tel\u00e9fono<\/strong>&nbsp;<\/p>\n\n\n\n<p>C\u00f3digo de Acceso: 33667<\/p>\n\n\n\n<p><strong>Espa\u00f1a<\/strong>: +34-900963436<\/p>\n\n\n\n<p><strong>Pa\u00edses Bajos:<\/strong>&nbsp;+31-8007500000&nbsp;<\/p>\n\n\n\n<p><strong>EEUU:<\/strong>&nbsp;+1-8332113671<\/p>\n\n\n\n<p><strong>UK:<\/strong>&nbsp;+44-8000680425<\/p>\n\n\n\n<p><strong>Canad\u00e1:<\/strong>+1-8662041940<\/p>\n\n\n\n<p><strong>Australia:<\/strong>&nbsp;+61-1800742508<\/p>\n\n\n\n<p><strong>Portugal:<\/strong>&nbsp;+351-800500226<\/p>\n\n\n\n<p><strong>Chile:<\/strong>&nbsp;+56-800914868<\/p>\n\n\n\n<p><strong>Colombia:<\/strong>&nbsp;+57-18005189376<\/p>\n\n\n\n<p><strong>Per\u00fa:<\/strong>&nbsp;+51-80071556<\/p>\n\n\n\n<p><strong>Eslovaquia:<\/strong>&nbsp;+421-800223113<\/p>\n\n\n\n<p><strong>Turqu\u00eda:<\/strong>&nbsp;+90-8006219696&nbsp;<\/p>\n<\/div><\/m-wysiwig>\n","protected":false},"excerpt":{"rendered":"","protected":false},"featured_media":0,"parent":131454,"menu_order":0,"comment_status":"closed","ping_status":"closed","template":"","meta":{"_acf_changed":false,"footnotes":""},"class_list":["post-225118","page","type-page","status-publish","hentry"],"acf":[],"yoast_head":"<!-- This site is optimized with the Yoast SEO plugin v27.2 - https:\/\/yoast.com\/product\/yoast-seo-wordpress\/ -->\n<title>Canal \u00c9tico - Ferrovial<\/title>\n<meta name=\"description\" content=\"Welcome to the Ferrovial&#039;s website, global operator of sustainable infrastructure. Here you can find all the information about the company and subsidiaries.\" \/>\n<meta name=\"robots\" content=\"index, follow, max-snippet:-1, max-image-preview:large, max-video-preview:-1\" \/>\n<link rel=\"canonical\" href=\"https:\/\/www.ferrovial.com\/es-la\/sostenibilidad\/etica\/canal-etico\/\" \/>\n<meta property=\"og:locale\" content=\"es_ES\" \/>\n<meta property=\"og:type\" content=\"article\" \/>\n<meta property=\"og:title\" content=\"Canal \u00c9tico - Ferrovial\" \/>\n<meta property=\"og:description\" content=\"Welcome to the Ferrovial&#039;s website, global operator of sustainable infrastructure. Here you can find all the information about the company and subsidiaries.\" \/>\n<meta property=\"og:url\" content=\"https:\/\/www.ferrovial.com\/es-la\/sostenibilidad\/etica\/canal-etico\/\" \/>\n<meta property=\"og:site_name\" content=\"Ferrovial\" \/>\n<meta property=\"article:publisher\" content=\"https:\/\/www.facebook.com\/ferrovial\" \/>\n<meta property=\"article:modified_time\" content=\"2025-03-06T09:20:52+00:00\" \/>\n<meta name=\"twitter:card\" content=\"summary_large_image\" \/>\n<meta name=\"twitter:site\" content=\"@ferrovial\" \/>\n<meta name=\"twitter:label1\" content=\"Est. reading time\" \/>\n\t<meta name=\"twitter:data1\" content=\"1 minute\" \/>\n<!-- \/ Yoast SEO plugin. -->","yoast_head_json":{"title":"Canal \u00c9tico - Ferrovial","description":"Welcome to the Ferrovial's website, global operator of sustainable infrastructure. Here you can find all the information about the company and subsidiaries.","robots":{"index":"index","follow":"follow","max-snippet":"max-snippet:-1","max-image-preview":"max-image-preview:large","max-video-preview":"max-video-preview:-1"},"canonical":"https:\/\/www.ferrovial.com\/es-la\/sostenibilidad\/etica\/canal-etico\/","og_locale":"es_ES","og_type":"article","og_title":"Canal \u00c9tico - Ferrovial","og_description":"Welcome to the Ferrovial's website, global operator of sustainable infrastructure. Here you can find all the information about the company and subsidiaries.","og_url":"https:\/\/www.ferrovial.com\/es-la\/sostenibilidad\/etica\/canal-etico\/","og_site_name":"Ferrovial","article_publisher":"https:\/\/www.facebook.com\/ferrovial","article_modified_time":"2025-03-06T09:20:52+00:00","twitter_card":"summary_large_image","twitter_site":"@ferrovial","twitter_misc":{"Est. reading time":"1 minute"},"schema":{"@context":"https:\/\/schema.org","@graph":[{"@type":"WebPage","@id":"https:\/\/www.ferrovial.com\/es-la\/sostenibilidad\/etica\/canal-etico\/","url":"https:\/\/www.ferrovial.com\/es-la\/sostenibilidad\/etica\/canal-etico\/","name":"Canal \u00c9tico - Ferrovial","isPartOf":{"@id":"https:\/\/www.ferrovial.com\/es-la\/#website"},"datePublished":"2022-06-07T08:52:21+00:00","dateModified":"2025-03-06T09:20:52+00:00","description":"Welcome to the Ferrovial's website, global operator of sustainable infrastructure. Here you can find all the information about the company and subsidiaries.","breadcrumb":{"@id":"https:\/\/www.ferrovial.com\/es-la\/sostenibilidad\/etica\/canal-etico\/#breadcrumb"},"inLanguage":"es-419","potentialAction":[{"@type":"ReadAction","target":["https:\/\/www.ferrovial.com\/es-la\/sostenibilidad\/etica\/canal-etico\/"]}]},{"@type":"BreadcrumbList","@id":"https:\/\/www.ferrovial.com\/es-la\/sostenibilidad\/etica\/canal-etico\/#breadcrumb","itemListElement":[{"@type":"ListItem","position":1,"name":"Portada","item":"https:\/\/www.ferrovial.com\/es-la\/"},{"@type":"ListItem","position":2,"name":"Sostenibilidad","item":"https:\/\/www.ferrovial.com\/es-la\/sostenibilidad\/"},{"@type":"ListItem","position":3,"name":"\u00c9tica","item":"https:\/\/www.ferrovial.com\/es-la\/sostenibilidad\/etica\/"},{"@type":"ListItem","position":4,"name":"Canal \u00c9tico"}]},{"@type":"WebSite","@id":"https:\/\/www.ferrovial.com\/es-la\/#website","url":"https:\/\/www.ferrovial.com\/es-la\/","name":"Ferrovial","description":"Welcome to the Ferrovial&#039;s website, global operator of sustainable infrastructure. Here you can find all the information about the company and subsidiaries.","publisher":{"@id":"https:\/\/www.ferrovial.com\/es-la\/#organization"},"potentialAction":[{"@type":"SearchAction","target":{"@type":"EntryPoint","urlTemplate":"https:\/\/www.ferrovial.com\/es-la\/?s={search_term_string}"},"query-input":{"@type":"PropertyValueSpecification","valueRequired":true,"valueName":"search_term_string"}}],"inLanguage":"es-419"},{"@type":"Organization","@id":"https:\/\/www.ferrovial.com\/es-la\/#organization","name":"Ferrovial S.A.","url":"https:\/\/www.ferrovial.com\/es-la\/","logo":{"@type":"ImageObject","inLanguage":"es-419","@id":"https:\/\/www.ferrovial.com\/es-la\/#\/schema\/logo\/image\/","url":"https:\/\/static.ferrovial.com\/wp-content\/uploads\/2020\/01\/13124948\/logo-ferrovial-cf7.png","contentUrl":"https:\/\/static.ferrovial.com\/wp-content\/uploads\/2020\/01\/13124948\/logo-ferrovial-cf7.png","width":144,"height":32,"caption":"Ferrovial S.A."},"image":{"@id":"https:\/\/www.ferrovial.com\/es-la\/#\/schema\/logo\/image\/"},"sameAs":["https:\/\/www.facebook.com\/ferrovial","https:\/\/x.com\/ferrovial","https:\/\/www.instagram.com\/ferrovial\/","https:\/\/www.linkedin.com\/company\/ferrovial","https:\/\/www.pinterest.es\/ferrovial\/","https:\/\/www.youtube.com\/ferrovial","https:\/\/en.wikipedia.org\/wiki\/Ferrovial"]}]}},"_links":{"self":[{"href":"https:\/\/www.ferrovial.com\/es-la\/wp-json\/wp\/v2\/pages\/225118","targetHints":{"allow":["GET"]}}],"collection":[{"href":"https:\/\/www.ferrovial.com\/es-la\/wp-json\/wp\/v2\/pages"}],"about":[{"href":"https:\/\/www.ferrovial.com\/es-la\/wp-json\/wp\/v2\/types\/page"}],"replies":[{"embeddable":true,"href":"https:\/\/www.ferrovial.com\/es-la\/wp-json\/wp\/v2\/comments?post=225118"}],"version-history":[{"count":3,"href":"https:\/\/www.ferrovial.com\/es-la\/wp-json\/wp\/v2\/pages\/225118\/revisions"}],"predecessor-version":[{"id":300954,"href":"https:\/\/www.ferrovial.com\/es-la\/wp-json\/wp\/v2\/pages\/225118\/revisions\/300954"}],"up":[{"embeddable":true,"href":"https:\/\/www.ferrovial.com\/es-la\/wp-json\/wp\/v2\/pages\/131454"}],"wp:attachment":[{"href":"https:\/\/www.ferrovial.com\/es-la\/wp-json\/wp\/v2\/media?parent=225118"}],"curies":[{"name":"wp","href":"https:\/\/api.w.org\/{rel}","templated":true}]}}