{"id":254943,"date":"2023-02-20T14:42:05","date_gmt":"2023-02-20T13:42:05","guid":{"rendered":"https:\/\/www.ferrovial.com\/quienes-somos\/"},"modified":"2024-07-10T08:35:47","modified_gmt":"2024-07-10T06:35:47","slug":"quienes-somos","status":"publish","type":"page","link":"https:\/\/www.ferrovial.com\/es-la\/cimsa\/quienes-somos\/","title":{"rendered":"Qui\u00e9nes Somos en CIMSA"},"content":{"rendered":"    <m-final-content-header bgimage='https:\/\/static.ferrovial.com\/wp-content\/uploads\/2023\/02\/06155140\/trabajos-cimssa-guggenheim-bilbao-e1676903015996-1280x720.jpg'>\n            <c-breadcrumb label-text=\"Breadcrumb\" slot=\"breadcrumbs\" type='2' align='left' wrap='wrapped wrapped' aria-label='Vienes de CIMSA'>\n                        <ol>\n\n                                                            <li><a href=\"https:\/\/www.ferrovial.com\/es-la\/\" title=\"Ferrovial\">Ferrovial<\/a><\/li>\n                                                                        <li><a href=\"https:\/\/www.ferrovial.com\/es\/cimsa\/\" title=\"CIMSA\">CIMSA<\/a><\/li>\n                                    \n                <\/ol>\n\n                <\/c-breadcrumb>\n    \n        <div slot=\"header\">\n            <h1>\n                \u00bfQui\u00e9nes somos?            <\/h1>\n                    <\/div>\n    <\/m-final-content-header>\n\n    \n\n\n<m-wysiwig class=\"wp-block-components-wysiwyg\"><div slot=\"maincontent\">    <p class=\"intro\">Somos una empresa especializada y con alta cualificaci\u00f3n t\u00e9cnica en el dise\u00f1o, c\u00e1lculo y ejecuci\u00f3n de cimentaciones especiales y tratamientos del terreno tanto para obra civil como edificaci\u00f3n, como recursos operativos propios de Ferrovial Construcci\u00f3n y trabajando igualmente para clientes externos como contratistas principales y consultoras de ingenier\u00eda. <\/p>\n    \n\n\n<p>Gracias a nuestra experiencia y cualificaci\u00f3n, ofrecemos un alto conocimiento t\u00e9cnico en trabajos geot\u00e9cnicos y de ingeniera del terreno, optimizando t\u00e9cnica y econ\u00f3micamente las soluciones de cimentaci\u00f3n a nuestros clientes.<\/p>\n\n\n\n<h2 class=\"wp-block-heading\"><strong>Nuestro origen: las soluciones innovadoras en cimentaci\u00f3n<\/strong><\/h2>\n\n\n\n<p>Fundada en 2011, la misi\u00f3n de Cimsa es ofrecer dentro del mercado de las cimentaciones especiales soluciones innovadoras y diferenciadoras para nuestros clientes, siendo lideres en la ejecuci\u00f3n de obras de especial dificultad con los m\u00e1ximos est\u00e1ndares de calidad y seguridad.<\/p>\n\n\n\n<p>En enero de 2022, Cimsa es adquirida por Ferrovial Construcci\u00f3n,\u00a0al ser reconocida como una empresa altamente especializada en el mercado de las cimentaciones especiales, valorada altamente por sus clientes gracias al conocimiento t\u00e9cnico aportado, entregando proyectos de ejecuci\u00f3n completos con soluciones eficientes e innovadoras.<\/p>\n\n\n\n<p>Nuestro compromiso es aportar a nuestros clientes, un valor a\u00f1adido por calidad y sofisticaci\u00f3n t\u00e9cnica que mejore sus resultados, siendo un referente por \u201cknow-how\u201d, experiencia constructiva y capacidad de afrontar proyectos complicados con garant\u00eda de solvencia e innovaci\u00f3n t\u00e9cnica.<\/p>\n<\/div><\/m-wysiwig>\n\n\n    <m-distributor-carousel-highlights :translations='{\n        &quot;paginationseparator&quot;:&quot;de&quot;,\n        &quot;next&quot;:&quot;Siguiente&quot;,\n        &quot;prev&quot;:&quot;Anterior&quot;\n    }'>\n                        <h3 slot=\"title\">\n                    Creamos valor para la sociedad                 <\/h3>\n                                    <div class=\"m-distributor-carousel-highlights__inner__viewport__wrapper\" slot=\"carouselItem\">\n                        <c-card class=\"m-distributor-carousel-highlights__inner__viewport__slide\" type=\"type-2\" link=\"https:\/\/www.ferrovial.com\/es-la\/cimsa\/quienes-somos\/\"  >\n                                                                <h3 role=\"listitem\" slot=\"title\">Colaboraci\u00f3n<\/h3>\n                                                                        <p slot=\"description\">\n                                        Lorem ipsum                                    <\/p>\n                                                                        <c-masked-image path=\"3\" src='https:\/\/static.ferrovial.com\/wp-content\/uploads\/2019\/11\/13132253\/construction4-350x350.jpg' slot=\"image\">\n                                    <\/c-masked-image>\n                                                            <\/c-card>\n                    <\/div>\n                                        <div class=\"m-distributor-carousel-highlights__inner__viewport__wrapper\" slot=\"carouselItem\">\n                        <c-card class=\"m-distributor-carousel-highlights__inner__viewport__slide\" type=\"type-3\" link=\"https:\/\/www.ferrovial.com\/es-la\/cimsa\/quienes-somos\/\"  >\n                                                                <h3 role=\"listitem\" slot=\"title\">Innovaci\u00f3n<\/h3>\n                                                                        <p slot=\"description\">\n                                        Lorem ipsum                                    <\/p>\n                                                                        <c-icon slot=\"icon\" icon=\"startups\" size=\"xxl\">\n                                    <\/c-icon>\n                                                                        <c-masked-image path=\"3\"  slot=\"image\">\n                                    <\/c-masked-image>\n                                                            <\/c-card>\n                    <\/div>\n                                        <div class=\"m-distributor-carousel-highlights__inner__viewport__wrapper\" slot=\"carouselItem\">\n                        <c-card class=\"m-distributor-carousel-highlights__inner__viewport__slide\" type=\"type-2\" link=\"https:\/\/www.ferrovial.com\/es-la\/cimsa\/quienes-somos\/\"  >\n                                                                <h3 role=\"listitem\" slot=\"title\">Respeto<\/h3>\n                                                                        <p slot=\"description\">\n                                        Lorem ipsum                                    <\/p>\n                                                                        <c-masked-image path=\"3\" src='https:\/\/static.ferrovial.com\/wp-content\/uploads\/2019\/09\/13140816\/seguridad_y_respeto-350x265.jpg' slot=\"image\">\n                                    <\/c-masked-image>\n                                                            <\/c-card>\n                    <\/div>\n                                        <div class=\"m-distributor-carousel-highlights__inner__viewport__wrapper\" slot=\"carouselItem\">\n                        <c-card class=\"m-distributor-carousel-highlights__inner__viewport__slide\" type=\"type-3\" link=\"https:\/\/www.ferrovial.com\/es-la\/cimsa\/quienes-somos\/\"  >\n                                                                <h3 role=\"listitem\" slot=\"title\">Integridad<\/h3>\n                                                                        <p slot=\"description\">\n                                        Lorem ipsum                                    <\/p>\n                                                                        <c-icon slot=\"icon\" icon=\"organismos-publicos\" size=\"xxl\">\n                                    <\/c-icon>\n                                                                        <c-masked-image path=\"3\"  slot=\"image\">\n                                    <\/c-masked-image>\n                                                            <\/c-card>\n                    <\/div>\n                                        <div class=\"m-distributor-carousel-highlights__inner__viewport__wrapper\" slot=\"carouselItem\">\n                        <c-card class=\"m-distributor-carousel-highlights__inner__viewport__slide\" type=\"type-2\" link=\"https:\/\/www.ferrovial.com\/es-la\/cimsa\/quienes-somos\/\"  >\n                                                                <h3 role=\"listitem\" slot=\"title\">Excelencia<\/h3>\n                                                                        <p slot=\"description\">\n                                        Lorem ipsum                                    <\/p>\n                                                                        <c-masked-image path=\"3\" src='https:\/\/static.ferrovial.com\/wp-content\/uploads\/2022\/12\/20135356\/ferrovial-servicios-chile-mineria-e-industria-350x350.jpg' slot=\"image\">\n                                    <\/c-masked-image>\n                                                            <\/c-card>\n                    <\/div>\n                        <\/m-distributor-carousel-highlights>\n    ","protected":false},"excerpt":{"rendered":"","protected":false},"featured_media":0,"parent":254985,"menu_order":0,"comment_status":"closed","ping_status":"closed","template":"","meta":{"_acf_changed":false,"footnotes":""},"class_list":["post-254943","page","type-page","status-publish","hentry"],"acf":[],"yoast_head":"<!-- This site is optimized with the Yoast SEO plugin v27.2 - https:\/\/yoast.com\/product\/yoast-seo-wordpress\/ -->\n<title>Qui\u00e9nes Somos en CIMSA - Ferrovial<\/title>\n<meta name=\"description\" content=\"Welcome to the Ferrovial&#039;s website, global operator of sustainable infrastructure. Here you can find all the information about the company and subsidiaries.\" \/>\n<meta name=\"robots\" content=\"index, follow, max-snippet:-1, max-image-preview:large, max-video-preview:-1\" \/>\n<link rel=\"canonical\" href=\"https:\/\/www.ferrovial.com\/es-la\/cimsa\/quienes-somos\/\" \/>\n<meta property=\"og:locale\" content=\"es_ES\" \/>\n<meta property=\"og:type\" content=\"article\" \/>\n<meta property=\"og:title\" content=\"Qui\u00e9nes Somos en CIMSA - Ferrovial\" \/>\n<meta property=\"og:description\" content=\"Welcome to the Ferrovial&#039;s website, global operator of sustainable infrastructure. Here you can find all the information about the company and subsidiaries.\" \/>\n<meta property=\"og:url\" content=\"https:\/\/www.ferrovial.com\/es-la\/cimsa\/quienes-somos\/\" \/>\n<meta property=\"og:site_name\" content=\"Ferrovial\" \/>\n<meta property=\"article:publisher\" content=\"https:\/\/www.facebook.com\/ferrovial\" \/>\n<meta property=\"article:modified_time\" content=\"2024-07-10T06:35:47+00:00\" \/>\n<meta name=\"twitter:card\" content=\"summary_large_image\" \/>\n<meta name=\"twitter:site\" content=\"@ferrovial\" \/>\n<meta name=\"twitter:label1\" content=\"Est. reading time\" \/>\n\t<meta name=\"twitter:data1\" content=\"1 minute\" \/>\n<!-- \/ Yoast SEO plugin. -->","yoast_head_json":{"title":"Qui\u00e9nes Somos en CIMSA - Ferrovial","description":"Welcome to the Ferrovial's website, global operator of sustainable infrastructure. Here you can find all the information about the company and subsidiaries.","robots":{"index":"index","follow":"follow","max-snippet":"max-snippet:-1","max-image-preview":"max-image-preview:large","max-video-preview":"max-video-preview:-1"},"canonical":"https:\/\/www.ferrovial.com\/es-la\/cimsa\/quienes-somos\/","og_locale":"es_ES","og_type":"article","og_title":"Qui\u00e9nes Somos en CIMSA - Ferrovial","og_description":"Welcome to the Ferrovial's website, global operator of sustainable infrastructure. Here you can find all the information about the company and subsidiaries.","og_url":"https:\/\/www.ferrovial.com\/es-la\/cimsa\/quienes-somos\/","og_site_name":"Ferrovial","article_publisher":"https:\/\/www.facebook.com\/ferrovial","article_modified_time":"2024-07-10T06:35:47+00:00","twitter_card":"summary_large_image","twitter_site":"@ferrovial","twitter_misc":{"Est. reading time":"1 minute"},"schema":{"@context":"https:\/\/schema.org","@graph":[{"@type":"WebPage","@id":"https:\/\/www.ferrovial.com\/es-la\/cimsa\/quienes-somos\/","url":"https:\/\/www.ferrovial.com\/es-la\/cimsa\/quienes-somos\/","name":"Qui\u00e9nes Somos en CIMSA - Ferrovial","isPartOf":{"@id":"https:\/\/www.ferrovial.com\/es-la\/#website"},"datePublished":"2023-02-20T13:42:05+00:00","dateModified":"2024-07-10T06:35:47+00:00","description":"Welcome to the Ferrovial's website, global operator of sustainable infrastructure. Here you can find all the information about the company and subsidiaries.","breadcrumb":{"@id":"https:\/\/www.ferrovial.com\/es-la\/cimsa\/quienes-somos\/#breadcrumb"},"inLanguage":"es-419","potentialAction":[{"@type":"ReadAction","target":["https:\/\/www.ferrovial.com\/es-la\/cimsa\/quienes-somos\/"]}]},{"@type":"BreadcrumbList","@id":"https:\/\/www.ferrovial.com\/es-la\/cimsa\/quienes-somos\/#breadcrumb","itemListElement":[{"@type":"ListItem","position":1,"name":"Portada","item":"https:\/\/www.ferrovial.com\/es-la\/"},{"@type":"ListItem","position":2,"name":"CIMSA","item":"https:\/\/www.ferrovial.com\/es-la\/cimsa\/"},{"@type":"ListItem","position":3,"name":"Qui\u00e9nes Somos en CIMSA"}]},{"@type":"WebSite","@id":"https:\/\/www.ferrovial.com\/es-la\/#website","url":"https:\/\/www.ferrovial.com\/es-la\/","name":"Ferrovial","description":"Welcome to the Ferrovial&#039;s website, global operator of sustainable infrastructure. Here you can find all the information about the company and subsidiaries.","publisher":{"@id":"https:\/\/www.ferrovial.com\/es-la\/#organization"},"potentialAction":[{"@type":"SearchAction","target":{"@type":"EntryPoint","urlTemplate":"https:\/\/www.ferrovial.com\/es-la\/?s={search_term_string}"},"query-input":{"@type":"PropertyValueSpecification","valueRequired":true,"valueName":"search_term_string"}}],"inLanguage":"es-419"},{"@type":"Organization","@id":"https:\/\/www.ferrovial.com\/es-la\/#organization","name":"Ferrovial S.A.","url":"https:\/\/www.ferrovial.com\/es-la\/","logo":{"@type":"ImageObject","inLanguage":"es-419","@id":"https:\/\/www.ferrovial.com\/es-la\/#\/schema\/logo\/image\/","url":"https:\/\/static.ferrovial.com\/wp-content\/uploads\/2020\/01\/13124948\/logo-ferrovial-cf7.png","contentUrl":"https:\/\/static.ferrovial.com\/wp-content\/uploads\/2020\/01\/13124948\/logo-ferrovial-cf7.png","width":144,"height":32,"caption":"Ferrovial S.A."},"image":{"@id":"https:\/\/www.ferrovial.com\/es-la\/#\/schema\/logo\/image\/"},"sameAs":["https:\/\/www.facebook.com\/ferrovial","https:\/\/x.com\/ferrovial","https:\/\/www.instagram.com\/ferrovial\/","https:\/\/www.linkedin.com\/company\/ferrovial","https:\/\/www.pinterest.es\/ferrovial\/","https:\/\/www.youtube.com\/ferrovial","https:\/\/en.wikipedia.org\/wiki\/Ferrovial"]}]}},"_links":{"self":[{"href":"https:\/\/www.ferrovial.com\/es-la\/wp-json\/wp\/v2\/pages\/254943","targetHints":{"allow":["GET"]}}],"collection":[{"href":"https:\/\/www.ferrovial.com\/es-la\/wp-json\/wp\/v2\/pages"}],"about":[{"href":"https:\/\/www.ferrovial.com\/es-la\/wp-json\/wp\/v2\/types\/page"}],"replies":[{"embeddable":true,"href":"https:\/\/www.ferrovial.com\/es-la\/wp-json\/wp\/v2\/comments?post=254943"}],"version-history":[{"count":3,"href":"https:\/\/www.ferrovial.com\/es-la\/wp-json\/wp\/v2\/pages\/254943\/revisions"}],"predecessor-version":[{"id":265317,"href":"https:\/\/www.ferrovial.com\/es-la\/wp-json\/wp\/v2\/pages\/254943\/revisions\/265317"}],"up":[{"embeddable":true,"href":"https:\/\/www.ferrovial.com\/es-la\/wp-json\/wp\/v2\/pages\/254985"}],"wp:attachment":[{"href":"https:\/\/www.ferrovial.com\/es-la\/wp-json\/wp\/v2\/media?parent=254943"}],"curies":[{"name":"wp","href":"https:\/\/api.w.org\/{rel}","templated":true}]}}