{"id":254951,"date":"2023-02-20T14:51:44","date_gmt":"2023-02-20T13:51:44","guid":{"rendered":"https:\/\/www.ferrovial.com\/que-hacemos\/"},"modified":"2024-07-10T08:34:29","modified_gmt":"2024-07-10T06:34:29","slug":"que-hacemos","status":"publish","type":"page","link":"https:\/\/www.ferrovial.com\/es-la\/cimsa\/que-hacemos\/","title":{"rendered":"Qu\u00e9 Hacemos en CIMSA"},"content":{"rendered":"    <m-final-content-header bgimage='https:\/\/static.ferrovial.com\/wp-content\/uploads\/2023\/02\/20155524\/proyecto-puente-tordesillas-cimssa-1280x720.jpg'>\n            <c-breadcrumb label-text=\"Breadcrumb\" slot=\"breadcrumbs\" type='2' align='left' wrap='wrapped wrapped' aria-label='Vienes de CIMSA'>\n                        <ol>\n\n                                                            <li><a href=\"https:\/\/www.ferrovial.com\/es-la\/\" title=\"Ferrovial\">Ferrovial<\/a><\/li>\n                                                                        <li><a href=\"https:\/\/www.ferrovial.com\/es\/cimsa\/\" title=\"CIMSA\">CIMSA<\/a><\/li>\n                                    \n                <\/ol>\n\n                <\/c-breadcrumb>\n    \n        <div slot=\"header\">\n            <h1>\n                \u00bfQu\u00e9 hacemos?            <\/h1>\n                    <\/div>\n    <\/m-final-content-header>\n\n    \n\n\n<m-wysiwig class=\"wp-block-components-wysiwyg\"><div slot=\"maincontent\">    <p class=\"intro\">En el campo de las cimentaciones especiales ofrecemos soluciones integrales a los desaf\u00edos de cimentaci\u00f3n en todas las \u00e1reas de construcci\u00f3n.<\/p>\n    \n\n\n<p>Somos la empresa de <strong>referencia en el mercado espa\u00f1ol en el dise\u00f1o y ejecuci\u00f3n en las t\u00e9cnicas de Cimentaciones Especiales<\/strong>, ofreciendo soluciones diferenciadoras de gran valor para nuestros clientes.<\/p>\n\n\n\n<p>\u00c1reas donde aplicamos <strong>nuestras soluciones de cimentaci\u00f3n<\/strong>:<\/p>\n\n\n\n<ul class=\"wp-block-list\">\n<li>Proyectos de infraestructura y obra civil<\/li>\n\n\n\n<li>Edificios residenciales e industriales<\/li>\n\n\n\n<li>Consolidaci\u00f3n de estructuras existentes<\/li>\n\n\n\n<li>Rehabilitaci\u00f3n de edificios de patrimonio hist\u00f3rico<\/li>\n\n\n\n<li>Estructuras de contenci\u00f3n<\/li>\n\n\n\n<li>Estabilizaci\u00f3n de taludes<\/li>\n\n\n\n<li>Paraguas de sostenimiento en t\u00faneles<\/li>\n\n\n\n<li>Mejoras de suelos<\/li>\n\n\n\n<li>Presas<\/li>\n<\/ul>\n\n\n\n<p>Nuestro <strong>compromiso con la excelencia <\/strong>aporta:<\/p>\n\n\n\n<ul class=\"wp-block-list\">\n<li>Asistencia t\u00e9cnica a lo largo de todo el ciclo de vida del proyecto (desde proyecto-licitaci\u00f3n a ejecuci\u00f3n).<\/li>\n\n\n\n<li>Soluciones de ingenier\u00eda para retos geot\u00e9cnicos de gran complejidad.<\/li>\n\n\n\n<li>Personal t\u00e9cnico y operarios con gran experiencia en el sector.<\/li>\n\n\n\n<li>Uso de las t\u00e9cnicas m\u00e1s vanguardistas.<\/li>\n<\/ul>\n<\/div><\/m-wysiwig>\n\n\n    <m-distributor-brands-basic>\n                        <h3 slot=\"title\">\n                    Nuestras \u00e1reas de especializaci\u00f3n                <\/h3>\n                                    <a slot='card' target='_blank'>\n                                                        <h4>Micropilotes<\/h4>\n                                                        <p class=\"description\">\n                            Ejecutamos todas las tipolog\u00edas optimizando soluciones con sistemas de alta tecnolog\u00eda.                        <\/p>\n                                            <\/a>\n                                        <a slot='card' target='_blank'>\n                                                        <h4>Anclajes al terreno<\/h4>\n                                                        <p class=\"description\">\n                            Ejecutamos todos los sistemas provisionales y permanentes, optimizando la soluci\u00f3n.                        <\/p>\n                                            <\/a>\n                                        <a slot='card' target='_blank'>\n                                                        <h4>Inyecciones al terreno<\/h4>\n                                                        <p class=\"description\">\n                            Tratamientos de mejora del terreno mediante inyecciones de todo tipo.                        <\/p>\n                                            <\/a>\n                                        <a slot='card' target='_blank'>\n                                                        <h4>Muros Pantalla con hidrofresa<\/h4>\n                                                        <p class=\"description\">\n                            Realizamos la excavaci\u00f3n de muros pantalla en formaciones rocosas de alta resistencia.                        <\/p>\n                                            <\/a>\n                                        <a slot='card' target='_blank'>\n                                                        <h4>Jet Grouting<\/h4>\n                                                        <p class=\"description\">\n                            Realizamos todas las tipolog\u00edas de mejora de suelo mediante Jet Grouting.                        <\/p>\n                                            <\/a>\n                        <\/m-distributor-brands-basic>\n\n    ","protected":false},"excerpt":{"rendered":"","protected":false},"featured_media":0,"parent":254985,"menu_order":0,"comment_status":"closed","ping_status":"closed","template":"","meta":{"_acf_changed":false,"footnotes":""},"class_list":["post-254951","page","type-page","status-publish","hentry"],"acf":[],"yoast_head":"<!-- This site is optimized with the Yoast SEO plugin v27.2 - https:\/\/yoast.com\/product\/yoast-seo-wordpress\/ -->\n<title>Qu\u00e9 Hacemos en CIMSA - Ferrovial<\/title>\n<meta name=\"description\" content=\"Welcome to the Ferrovial&#039;s website, global operator of sustainable infrastructure. Here you can find all the information about the company and subsidiaries.\" \/>\n<meta name=\"robots\" content=\"index, follow, max-snippet:-1, max-image-preview:large, max-video-preview:-1\" \/>\n<link rel=\"canonical\" href=\"https:\/\/www.ferrovial.com\/es-la\/cimsa\/que-hacemos\/\" \/>\n<meta property=\"og:locale\" content=\"es_ES\" \/>\n<meta property=\"og:type\" content=\"article\" \/>\n<meta property=\"og:title\" content=\"Qu\u00e9 Hacemos en CIMSA - Ferrovial\" \/>\n<meta property=\"og:description\" content=\"Welcome to the Ferrovial&#039;s website, global operator of sustainable infrastructure. Here you can find all the information about the company and subsidiaries.\" \/>\n<meta property=\"og:url\" content=\"https:\/\/www.ferrovial.com\/es-la\/cimsa\/que-hacemos\/\" \/>\n<meta property=\"og:site_name\" content=\"Ferrovial\" \/>\n<meta property=\"article:publisher\" content=\"https:\/\/www.facebook.com\/ferrovial\" \/>\n<meta property=\"article:modified_time\" content=\"2024-07-10T06:34:29+00:00\" \/>\n<meta name=\"twitter:card\" content=\"summary_large_image\" \/>\n<meta name=\"twitter:site\" content=\"@ferrovial\" \/>\n<meta name=\"twitter:label1\" content=\"Est. reading time\" \/>\n\t<meta name=\"twitter:data1\" content=\"2 minutes\" \/>\n<!-- \/ Yoast SEO plugin. -->","yoast_head_json":{"title":"Qu\u00e9 Hacemos en CIMSA - Ferrovial","description":"Welcome to the Ferrovial's website, global operator of sustainable infrastructure. Here you can find all the information about the company and subsidiaries.","robots":{"index":"index","follow":"follow","max-snippet":"max-snippet:-1","max-image-preview":"max-image-preview:large","max-video-preview":"max-video-preview:-1"},"canonical":"https:\/\/www.ferrovial.com\/es-la\/cimsa\/que-hacemos\/","og_locale":"es_ES","og_type":"article","og_title":"Qu\u00e9 Hacemos en CIMSA - Ferrovial","og_description":"Welcome to the Ferrovial's website, global operator of sustainable infrastructure. Here you can find all the information about the company and subsidiaries.","og_url":"https:\/\/www.ferrovial.com\/es-la\/cimsa\/que-hacemos\/","og_site_name":"Ferrovial","article_publisher":"https:\/\/www.facebook.com\/ferrovial","article_modified_time":"2024-07-10T06:34:29+00:00","twitter_card":"summary_large_image","twitter_site":"@ferrovial","twitter_misc":{"Est. reading time":"2 minutes"},"schema":{"@context":"https:\/\/schema.org","@graph":[{"@type":"WebPage","@id":"https:\/\/www.ferrovial.com\/es-la\/cimsa\/que-hacemos\/","url":"https:\/\/www.ferrovial.com\/es-la\/cimsa\/que-hacemos\/","name":"Qu\u00e9 Hacemos en CIMSA - Ferrovial","isPartOf":{"@id":"https:\/\/www.ferrovial.com\/es-la\/#website"},"datePublished":"2023-02-20T13:51:44+00:00","dateModified":"2024-07-10T06:34:29+00:00","description":"Welcome to the Ferrovial's website, global operator of sustainable infrastructure. Here you can find all the information about the company and subsidiaries.","breadcrumb":{"@id":"https:\/\/www.ferrovial.com\/es-la\/cimsa\/que-hacemos\/#breadcrumb"},"inLanguage":"es-419","potentialAction":[{"@type":"ReadAction","target":["https:\/\/www.ferrovial.com\/es-la\/cimsa\/que-hacemos\/"]}]},{"@type":"BreadcrumbList","@id":"https:\/\/www.ferrovial.com\/es-la\/cimsa\/que-hacemos\/#breadcrumb","itemListElement":[{"@type":"ListItem","position":1,"name":"Portada","item":"https:\/\/www.ferrovial.com\/es-la\/"},{"@type":"ListItem","position":2,"name":"CIMSA","item":"https:\/\/www.ferrovial.com\/es-la\/cimsa\/"},{"@type":"ListItem","position":3,"name":"Qu\u00e9 Hacemos en CIMSA"}]},{"@type":"WebSite","@id":"https:\/\/www.ferrovial.com\/es-la\/#website","url":"https:\/\/www.ferrovial.com\/es-la\/","name":"Ferrovial","description":"Welcome to the Ferrovial&#039;s website, global operator of sustainable infrastructure. Here you can find all the information about the company and subsidiaries.","publisher":{"@id":"https:\/\/www.ferrovial.com\/es-la\/#organization"},"potentialAction":[{"@type":"SearchAction","target":{"@type":"EntryPoint","urlTemplate":"https:\/\/www.ferrovial.com\/es-la\/?s={search_term_string}"},"query-input":{"@type":"PropertyValueSpecification","valueRequired":true,"valueName":"search_term_string"}}],"inLanguage":"es-419"},{"@type":"Organization","@id":"https:\/\/www.ferrovial.com\/es-la\/#organization","name":"Ferrovial S.A.","url":"https:\/\/www.ferrovial.com\/es-la\/","logo":{"@type":"ImageObject","inLanguage":"es-419","@id":"https:\/\/www.ferrovial.com\/es-la\/#\/schema\/logo\/image\/","url":"https:\/\/static.ferrovial.com\/wp-content\/uploads\/2020\/01\/13124948\/logo-ferrovial-cf7.png","contentUrl":"https:\/\/static.ferrovial.com\/wp-content\/uploads\/2020\/01\/13124948\/logo-ferrovial-cf7.png","width":144,"height":32,"caption":"Ferrovial S.A."},"image":{"@id":"https:\/\/www.ferrovial.com\/es-la\/#\/schema\/logo\/image\/"},"sameAs":["https:\/\/www.facebook.com\/ferrovial","https:\/\/x.com\/ferrovial","https:\/\/www.instagram.com\/ferrovial\/","https:\/\/www.linkedin.com\/company\/ferrovial","https:\/\/www.pinterest.es\/ferrovial\/","https:\/\/www.youtube.com\/ferrovial","https:\/\/en.wikipedia.org\/wiki\/Ferrovial"]}]}},"_links":{"self":[{"href":"https:\/\/www.ferrovial.com\/es-la\/wp-json\/wp\/v2\/pages\/254951","targetHints":{"allow":["GET"]}}],"collection":[{"href":"https:\/\/www.ferrovial.com\/es-la\/wp-json\/wp\/v2\/pages"}],"about":[{"href":"https:\/\/www.ferrovial.com\/es-la\/wp-json\/wp\/v2\/types\/page"}],"replies":[{"embeddable":true,"href":"https:\/\/www.ferrovial.com\/es-la\/wp-json\/wp\/v2\/comments?post=254951"}],"version-history":[{"count":3,"href":"https:\/\/www.ferrovial.com\/es-la\/wp-json\/wp\/v2\/pages\/254951\/revisions"}],"predecessor-version":[{"id":285606,"href":"https:\/\/www.ferrovial.com\/es-la\/wp-json\/wp\/v2\/pages\/254951\/revisions\/285606"}],"up":[{"embeddable":true,"href":"https:\/\/www.ferrovial.com\/es-la\/wp-json\/wp\/v2\/pages\/254985"}],"wp:attachment":[{"href":"https:\/\/www.ferrovial.com\/es-la\/wp-json\/wp\/v2\/media?parent=254951"}],"curies":[{"name":"wp","href":"https:\/\/api.w.org\/{rel}","templated":true}]}}