{"id":297071,"date":"2024-12-19T13:04:17","date_gmt":"2024-12-19T12:04:17","guid":{"rendered":"https:\/\/www.ferrovial.com\/empleo\/craft\/"},"modified":"2025-04-10T10:27:45","modified_gmt":"2025-04-10T08:27:45","slug":"operarios","status":"publish","type":"page","link":"https:\/\/www.ferrovial.com\/es-la\/empleo\/operarios\/","title":{"rendered":"Operarios y oficios"},"content":{"rendered":"    <m-final-content-header bgimage='https:\/\/static.ferrovial.com\/wp-content\/uploads\/2024\/06\/19171134\/hq-madrid-rdl3-personas-fotoshooting-31-1280x720.jpg'>\n            <c-breadcrumb label-text=\"Breadcrumb\" slot=\"breadcrumbs\" type='2' align='left' wrap='wrapped wrapped' aria-label='Vienes de Empleo'>\n                        <ol>\n\n                                                            <li><a href=\"https:\/\/www.ferrovial.com\/es-la\/\" title=\"Ferrovial\">Ferrovial<\/a><\/li>\n                                                                        <li><a href=\"https:\/\/www.ferrovial.com\/es\/empleo\/\" title=\"Empleo\">Empleo<\/a><\/li>\n                                    \n                <\/ol>\n\n                <\/c-breadcrumb>\n    \n        <div slot=\"header\">\n            <h1>\n                Operarios y oficios            <\/h1>\n                    <\/div>\n    <\/m-final-content-header>\n\n    \n\n\n<m-wysiwig class=\"wp-block-components-wysiwyg\"><div slot=\"maincontent\">\n<h2 class=\"wp-block-heading\">\u00bfTe gustar\u00eda desarrollar tus capacidades?<\/h2>\n\n\n\n<p>\u00danete a nuestro equipo, donde podr\u00e1s trabajar en proyectos pr\u00e1cticos y desafiantes que te ayudar\u00e1n a desarrollar tus habilidades. Ofrecemos oportunidades de colaboraci\u00f3n global, proyectos innovadores que impulsan tu crecimiento profesional y un entorno de apoyo en el que se valora el trabajo duro y el respeto.<\/p>\n<\/div><\/m-wysiwig>\n\n\n\n    <m-distributor-basic video='true'>\n                        <h3 slot=\"title\">\n                    Seize the challenge. Move the world together                <\/h3>\n                                <p slot=\"text\">\n                    \u00danete  para dar forma a un futuro en el que los retos nos lleven a soluciones transformadoras                <\/p>\n                                    <c-button slot='cta' type='primary' disabled='false' href='#'>\n                        <span>Clica aqu\u00ed y da forma al futuro con nosotros<\/span>\n                                        <\/c-button>\n                    \n                        <c-background-video slot='video' :sources='[&quot;https:\/\/static.ferrovial.com\/wp-content\/uploads\/2019\/11\/13140746\/03_web.mp4&quot;]' position='center' poster='https:\/\/static.ferrovial.com\/wp-content\/uploads\/2019\/11\/13140744\/fotobucle-web03.png'>\n                <\/c-background-video>\n                \n\n    <\/m-distributor-basic>\n    \n\n    <m-careers>\n                            <section slot=\"careers\">\n                        <div>\n                                                                <h2>\n                                        Carrera                                    <\/h2>\n                                                                        <h3>\n                                        \u00danete a nuestro equipo                                    <\/h3>\n                                                                <blockquote>\n                                                                <img decoding=\"async\" src=\"https:\/\/static.ferrovial.com\/wp-content\/uploads\/2025\/01\/14124207\/01-marythomson.png\" alt=\"Cintra_US_MaryThomson_Lead Traffic Management Center Operator\" \/>\n                                <p>Me encanta poder trabajar con un gran equipo de personas responsables de mantener la seguridad de nuestros clientes y equipos de trabajo y poder ayudar a la gente.<\/p>\n\n                                                                        <footer>\n                                                                                                <cite>\n                                                        Mary Thompson                                                    <\/cite>\n                                                                                                        <p>\n                                                        Operadora jefe Centro de Gesti\u00f3n                                                    <\/p>\n                                                                                            <\/footer>\n                                                                    <\/blockquote>\n\n                                                                <nav>\n                                        <ul>\n                                                                                                <li>\n                                                        <a href=\"\" title=\"Clica aqu\u00ed y da forma al futuro con nosotros\" target=\"\" icon=\"\">\n                                                            Clica aqu\u00ed y da forma al futuro con nosotros                                                        <\/a>\n                                                    <\/li>\n                                                                                            <\/ul>\n                                    <\/nav>\n                                                            <\/div>\n                    <\/section>\n                                    <section slot=\"careers\">\n                        <div>\n                                                                <h2>\n                                        Carrera                                    <\/h2>\n                                                                        <h3>\n                                        \u00danete a nuestro equipo                                    <\/h3>\n                                                                <blockquote>\n                                                                <img decoding=\"async\" src=\"https:\/\/static.ferrovial.com\/wp-content\/uploads\/2025\/01\/14124714\/02-shaun-marshall.png\" alt=\"Cintra_US_ShaunMarshall_Highway Maintenance Technician\" \/>\n                                <p>Decid\u00ed dar un giro a mi carrera y unirme al equipo de Ferrovial trabajando con I77 Mobility Partners. Dos a\u00f1os y medio soy T\u00e9cnico Jefe y estoy en el Comit\u00e9 de Seguridad. <\/p>\n\n                                                                        <footer>\n                                                                                                <cite>\n                                                        Shaun Marshall                                                    <\/cite>\n                                                                                                        <p>\n                                                        T\u00e9cnico mantenimiento carreteras                                                    <\/p>\n                                                                                            <\/footer>\n                                                                    <\/blockquote>\n\n                                                                <nav>\n                                        <ul>\n                                                                                                <li>\n                                                        <a href=\"\" title=\"Clica aqu\u00ed y da forma al futuro con nosotros\" target=\"\" icon=\"\">\n                                                            Clica aqu\u00ed y da forma al futuro con nosotros                                                        <\/a>\n                                                    <\/li>\n                                                                                            <\/ul>\n                                    <\/nav>\n                                                            <\/div>\n                    <\/section>\n                                    <section slot=\"careers\">\n                        <div>\n                                                                <h2>\n                                        Carrera                                    <\/h2>\n                                                                        <h3>\n                                        \u00danete a nuestro equipo                                    <\/h3>\n                                                                <blockquote>\n                                                                <img decoding=\"async\" src=\"https:\/\/static.ferrovial.com\/wp-content\/uploads\/2025\/01\/14125010\/06-diego-sanchez.png\" alt=\"Energy_ESP_Diego Sanchez Jim\u00e9nez_Encargado\" \/>\n                                <p>Es el lugar donde he podido crecer de manera profesional y personalmente. No solo me siento parte de Ferrovial adem\u00e1s siento que Ferrovial forma parte de mi.<\/p>\n\n                                                                        <footer>\n                                                                                                <cite>\n                                                        Diego S\u00e1nchez                                                    <\/cite>\n                                                                                                        <p>\n                                                        Encargado en Ferrovial Energ\u00eda                                                    <\/p>\n                                                                                            <\/footer>\n                                                                    <\/blockquote>\n\n                                                                <nav>\n                                        <ul>\n                                                                                                <li>\n                                                        <a href=\"\" title=\"Clica aqu\u00ed y da forma al futuro con nosotros\" target=\"\" icon=\"\">\n                                                            Clica aqu\u00ed y da forma al futuro con nosotros                                                        <\/a>\n                                                    <\/li>\n                                                                                            <\/ul>\n                                    <\/nav>\n                                                            <\/div>\n                    <\/section>\n                    <\/m-careers>\n\n    \n\n    <m-projects-distributor2 :translations='{\n        &quot;prev&quot;:&quot;Anterior&quot;,\n        &quot;next&quot;:&quot;Siguiente&quot;,\n        &quot;paginationseparator&quot;:&quot;de&quot;\n    }'>\n                        <h2 slot=\"label\">\n                    Proyectos                <\/h2>\n                                <h3 slot=\"title\">\n                Nuestros proyectos alrededor del mundo                <\/h3>\n                        <a slot='button' title='Ver todos' href='https:\/\/www.ferrovial.com\/en\/cintra\/projects\/'>\n            Ver todos        <\/a>\n\n            <\/m-projects-distributor2>\n\n    ","protected":false},"excerpt":{"rendered":"","protected":false},"featured_media":0,"parent":131480,"menu_order":0,"comment_status":"closed","ping_status":"closed","template":"","meta":{"_acf_changed":false,"footnotes":""},"class_list":["post-297071","page","type-page","status-publish","hentry"],"acf":[],"yoast_head":"<!-- This site is optimized with the Yoast SEO plugin v27.2 - https:\/\/yoast.com\/product\/yoast-seo-wordpress\/ -->\n<title>Operarios y oficios - Ferrovial<\/title>\n<meta name=\"description\" content=\"Welcome to the Ferrovial&#039;s website, global operator of sustainable infrastructure. Here you can find all the information about the company and subsidiaries.\" \/>\n<meta name=\"robots\" content=\"index, follow, max-snippet:-1, max-image-preview:large, max-video-preview:-1\" \/>\n<link rel=\"canonical\" href=\"https:\/\/www.ferrovial.com\/es-la\/empleo\/operarios\/\" \/>\n<meta property=\"og:locale\" content=\"es_ES\" \/>\n<meta property=\"og:type\" content=\"article\" \/>\n<meta property=\"og:title\" content=\"Operarios y oficios - Ferrovial\" \/>\n<meta property=\"og:description\" content=\"Welcome to the Ferrovial&#039;s website, global operator of sustainable infrastructure. Here you can find all the information about the company and subsidiaries.\" \/>\n<meta property=\"og:url\" content=\"https:\/\/www.ferrovial.com\/es-la\/empleo\/operarios\/\" \/>\n<meta property=\"og:site_name\" content=\"Ferrovial\" \/>\n<meta property=\"article:publisher\" content=\"https:\/\/www.facebook.com\/ferrovial\" \/>\n<meta property=\"article:modified_time\" content=\"2025-04-10T08:27:45+00:00\" \/>\n<meta name=\"twitter:card\" content=\"summary_large_image\" \/>\n<meta name=\"twitter:site\" content=\"@ferrovial\" \/>\n<meta name=\"twitter:label1\" content=\"Est. reading time\" \/>\n\t<meta name=\"twitter:data1\" content=\"1 minute\" \/>\n<!-- \/ Yoast SEO plugin. -->","yoast_head_json":{"title":"Operarios y oficios - Ferrovial","description":"Welcome to the Ferrovial's website, global operator of sustainable infrastructure. Here you can find all the information about the company and subsidiaries.","robots":{"index":"index","follow":"follow","max-snippet":"max-snippet:-1","max-image-preview":"max-image-preview:large","max-video-preview":"max-video-preview:-1"},"canonical":"https:\/\/www.ferrovial.com\/es-la\/empleo\/operarios\/","og_locale":"es_ES","og_type":"article","og_title":"Operarios y oficios - Ferrovial","og_description":"Welcome to the Ferrovial's website, global operator of sustainable infrastructure. Here you can find all the information about the company and subsidiaries.","og_url":"https:\/\/www.ferrovial.com\/es-la\/empleo\/operarios\/","og_site_name":"Ferrovial","article_publisher":"https:\/\/www.facebook.com\/ferrovial","article_modified_time":"2025-04-10T08:27:45+00:00","twitter_card":"summary_large_image","twitter_site":"@ferrovial","twitter_misc":{"Est. reading time":"1 minute"},"schema":{"@context":"https:\/\/schema.org","@graph":[{"@type":"WebPage","@id":"https:\/\/www.ferrovial.com\/es-la\/empleo\/operarios\/","url":"https:\/\/www.ferrovial.com\/es-la\/empleo\/operarios\/","name":"Operarios y oficios - Ferrovial","isPartOf":{"@id":"https:\/\/www.ferrovial.com\/es-la\/#website"},"datePublished":"2024-12-19T12:04:17+00:00","dateModified":"2025-04-10T08:27:45+00:00","description":"Welcome to the Ferrovial's website, global operator of sustainable infrastructure. Here you can find all the information about the company and subsidiaries.","breadcrumb":{"@id":"https:\/\/www.ferrovial.com\/es-la\/empleo\/operarios\/#breadcrumb"},"inLanguage":"es-419","potentialAction":[{"@type":"ReadAction","target":["https:\/\/www.ferrovial.com\/es-la\/empleo\/operarios\/"]}]},{"@type":"BreadcrumbList","@id":"https:\/\/www.ferrovial.com\/es-la\/empleo\/operarios\/#breadcrumb","itemListElement":[{"@type":"ListItem","position":1,"name":"Portada","item":"https:\/\/www.ferrovial.com\/es-la\/"},{"@type":"ListItem","position":2,"name":"Empleo","item":"https:\/\/www.ferrovial.com\/es-la\/empleo\/"},{"@type":"ListItem","position":3,"name":"Operarios y oficios"}]},{"@type":"WebSite","@id":"https:\/\/www.ferrovial.com\/es-la\/#website","url":"https:\/\/www.ferrovial.com\/es-la\/","name":"Ferrovial","description":"Welcome to the Ferrovial&#039;s website, global operator of sustainable infrastructure. Here you can find all the information about the company and subsidiaries.","publisher":{"@id":"https:\/\/www.ferrovial.com\/es-la\/#organization"},"potentialAction":[{"@type":"SearchAction","target":{"@type":"EntryPoint","urlTemplate":"https:\/\/www.ferrovial.com\/es-la\/?s={search_term_string}"},"query-input":{"@type":"PropertyValueSpecification","valueRequired":true,"valueName":"search_term_string"}}],"inLanguage":"es-419"},{"@type":"Organization","@id":"https:\/\/www.ferrovial.com\/es-la\/#organization","name":"Ferrovial S.A.","url":"https:\/\/www.ferrovial.com\/es-la\/","logo":{"@type":"ImageObject","inLanguage":"es-419","@id":"https:\/\/www.ferrovial.com\/es-la\/#\/schema\/logo\/image\/","url":"https:\/\/static.ferrovial.com\/wp-content\/uploads\/2020\/01\/13124948\/logo-ferrovial-cf7.png","contentUrl":"https:\/\/static.ferrovial.com\/wp-content\/uploads\/2020\/01\/13124948\/logo-ferrovial-cf7.png","width":144,"height":32,"caption":"Ferrovial S.A."},"image":{"@id":"https:\/\/www.ferrovial.com\/es-la\/#\/schema\/logo\/image\/"},"sameAs":["https:\/\/www.facebook.com\/ferrovial","https:\/\/x.com\/ferrovial","https:\/\/www.instagram.com\/ferrovial\/","https:\/\/www.linkedin.com\/company\/ferrovial","https:\/\/www.pinterest.es\/ferrovial\/","https:\/\/www.youtube.com\/ferrovial","https:\/\/en.wikipedia.org\/wiki\/Ferrovial"]}]}},"_links":{"self":[{"href":"https:\/\/www.ferrovial.com\/es-la\/wp-json\/wp\/v2\/pages\/297071","targetHints":{"allow":["GET"]}}],"collection":[{"href":"https:\/\/www.ferrovial.com\/es-la\/wp-json\/wp\/v2\/pages"}],"about":[{"href":"https:\/\/www.ferrovial.com\/es-la\/wp-json\/wp\/v2\/types\/page"}],"replies":[{"embeddable":true,"href":"https:\/\/www.ferrovial.com\/es-la\/wp-json\/wp\/v2\/comments?post=297071"}],"version-history":[{"count":3,"href":"https:\/\/www.ferrovial.com\/es-la\/wp-json\/wp\/v2\/pages\/297071\/revisions"}],"predecessor-version":[{"id":303371,"href":"https:\/\/www.ferrovial.com\/es-la\/wp-json\/wp\/v2\/pages\/297071\/revisions\/303371"}],"up":[{"embeddable":true,"href":"https:\/\/www.ferrovial.com\/es-la\/wp-json\/wp\/v2\/pages\/131480"}],"wp:attachment":[{"href":"https:\/\/www.ferrovial.com\/es-la\/wp-json\/wp\/v2\/media?parent=297071"}],"curies":[{"name":"wp","href":"https:\/\/api.w.org\/{rel}","templated":true}]}}