{"id":318762,"date":"2025-11-26T11:39:53","date_gmt":"2025-11-26T10:39:53","guid":{"rendered":"https:\/\/www.ferrovial.com\/negocio\/autopistas\/texpress-lanes\/"},"modified":"2025-11-26T11:47:24","modified_gmt":"2025-11-26T10:47:24","slug":"texpress-lanes","status":"publish","type":"page","link":"https:\/\/www.ferrovial.com\/es-la\/negocio\/autopistas\/texpress-lanes\/","title":{"rendered":"TEXpress Lanes"},"content":{"rendered":"    <m-hero type='single' :translations='{\n        &quot;play&quot;:&quot;Reproducir v\u00eddeo de fondo&quot;,\n        &quot;pause&quot;:&quot;Pausar v\u00eddeo de fondo&quot;,\n        &quot;prev&quot;:&quot;Anterior&quot;,\n        &quot;next&quot;:&quot;Siguiente&quot;,\n        &quot;paginationseparator&quot;:&quot;de&quot;,\n        &quot;goto&quot;:&quot;Ir al slide&quot;,\n        &quot;external&quot;:&quot;Abrir una nueva ventana&quot;\n    }'>\n            <c-breadcrumb label-text=\"Breadcrumb\" slot=\"breadcrumbs\" type='1' align='left left' wrap='wrapped wrapped' aria-label='Vienes de Autopistas'>\n                        <ol>\n\n                                                            <li><a href=\"https:\/\/www.ferrovial.com\/es-la\/\" title=\"Ferrovial\">Ferrovial<\/a><\/li>\n                                                                        <li><a href=\"https:\/\/www.ferrovial.com\/es\/negocio\/\" title=\"Negocios\">Negocios<\/a><\/li>\n                                                                        <li><a href=\"https:\/\/www.ferrovial.com\/es\/negocio\/autopistas\/\" title=\"Autopistas\">Autopistas<\/a><\/li>\n                                    \n                <\/ol>\n\n                <\/c-breadcrumb>\n    \n                        <div slot=\"carouselItem\">\n                            <c-background-image>\n                                <picture>\n                                                                            <source media=\"(max-width: 667px)\" srcset=\"https:\/\/static.ferrovial.com\/wp-content\/uploads\/2022\/10\/25115535\/autopista-lbj-express-usa-3-600x800.png\">\n                                                                                                                <source media=\"(max-width: 1023px)\" srcset=\"https:\/\/static.ferrovial.com\/wp-content\/uploads\/2022\/10\/25115535\/autopista-lbj-express-usa-3-1280x720.png\">\n                                    \n                                    <img decoding=\"async\" src=\"https:\/\/static.ferrovial.com\/wp-content\/uploads\/2022\/10\/25115535\/autopista-lbj-express-usa-3-1920x1080.png\" alt=\"\" style=\"object-position: center center;\">\n                                <\/picture>\n                            <\/c-background-image>\n                        <\/div>        <section slot=\"hero\">\n            <article>\n                                        <h1>TEXpress Lanes<\/h1>\n                                                <p>Descripci\u00f3n por defecto<\/p>\n                                    <\/article>\n        <\/section>\n    <\/m-hero>\n\n    \n\n\n<m-wysiwig class=\"wp-block-components-wysiwyg\"><div slot=\"maincontent\">\n<h2 class=\"wp-block-heading has-text-align-center\">Soluciones innovadoras de transporte para el Estado de la Lone Star<\/h2>\n<\/div><\/m-wysiwig>\n\n\n               \n    <m-text-media class='image-right' bgcolor='white'>\n        <div class=\"m-text-media__text_content\" slot=\"content\">\n            <h3 class=\"title\" slot=\"title\">\u00bfQu\u00e9 son las autopistas TEXpress?<\/h3>                            <div class=\"description\" slot=\"description\">\n                    <p><strong>Las autopistas TEXpress son una red de carriles de peaje din&aacute;mico que mejora la movilidad en el &aacute;rea metropolitana de Dallas-Fort Worth, Texas. Este sistema incluye North Tarrant Express, North Tarrant Express 35W y LBJ Express, tres proyectos clave que ofrecen rutas m&aacute;s r&aacute;pidas y eficientes para conductores y empresas.<\/strong><\/p>\n<p>Dise&ntilde;adas en colaboraci&oacute;n con el Departamento de Transporte de Texas (TxDOT), las autopistas TEXpress proporcionan opciones flexibles para los desplazamientos diarios, reducen la congesti&oacute;n y facilitan la planificaci&oacute;n log&iacute;stica. Gracias a esta infraestructura, las compa&ntilde;&iacute;as pueden optimizar sus operaciones, crear centros estrat&eacute;gicos y contribuir al crecimiento econ&oacute;mico local.<\/p>                <\/div>\n                                <\/div>\n        <div class=\"m-text-media__text_image\" slot=\"image\">\n\n            \n                                    <picture>\n                        <source media=\"(max-width: 667px)\" srcset=\"https:\/\/static.ferrovial.com\/wp-content\/uploads\/2025\/11\/06102229\/cintra-lbj-express-us-4-1-1-edit.jpg\">\n                        <source media=\"(max-width: 1023px)\" srcset=\"https:\/\/static.ferrovial.com\/wp-content\/uploads\/2025\/11\/06102229\/cintra-lbj-express-us-4-1-1-edit.jpg\">\n                        <img decoding=\"async\" class=\"m-text-media__background-image\" src=\"https:\/\/static.ferrovial.com\/wp-content\/uploads\/2025\/11\/06102229\/cintra-lbj-express-us-4-1-1-edit.jpg\" alt=\"\" style=\"object-position: center center;\">\n                    <\/picture>\n                \n            \n        <\/div>\n    <\/m-text-media>\n\n    \n\n    <m-cyphers-basic>\n                        <div slot=\"head\">\n                                                <h3>\n                                \u00bfQu\u00e9 suponen las TEXpress en cifras?                            <\/h3>\n                                                            <p>\n                                    Descripci\u00f3n por defecto                                <\/p>\n                                            <\/div>\n                                <ul slot=\"cyphers\">\n                                                <li>\n                                                                        <p class=\"number\">\n                                            69,2                                        <\/p>\n                                                                                <p class=\"post\">\n                                            Kil\u00f3metros                                        <\/p>\n                                                                    <\/li>\n                                                        <li>\n                                                                        <p class=\"number\">\n                                            $6.8B                                        <\/p>\n                                                                                <p class=\"post\">\n                                            Inversi\u00f3n privada total                                        <\/p>\n                                                                    <\/li>\n                                                        <li>\n                                                                        <p class=\"number\">\n                                            8.5                                        <\/p>\n                                                                                <p class=\"post\">\n                                            Millones de conductores diarios                                        <\/p>\n                                                                    <\/li>\n                                                        <li>\n                                                                        <p class=\"number\">\n                                            35%                                        <\/p>\n                                                                                <p class=\"post\">\n                                            Tiempo de viaje ahorrado en hora punta                                        <\/p>\n                                                                    <\/li>\n                                            <\/ul>\n                    <\/m-cyphers-basic>\n\n    \n\n    <m-projects-distributor2 :translations='{\n        &quot;prev&quot;:&quot;Anterior&quot;,\n        &quot;next&quot;:&quot;Siguiente&quot;,\n        &quot;paginationseparator&quot;:&quot;de&quot;\n    }'>\n                        <h2 slot=\"title\">\n                Explora nuestras autopistas TEXpress                <\/h2>\n                        <a slot='button' title='M\u00e1s sobre autopistas' href='https:\/\/www.ferrovial.com\/en\/business-lines\/highways\/'>\n            M\u00e1s sobre autopistas        <\/a>\n\n                            <c-card slot=\"carouselItems\" type=\"type-1\" link=\"https:\/\/www.ferrovial.com\/es-la\/negocio\/proyectos\/autopista-lbj-express\/\"  >\n                                                <img slot='background' src='https:\/\/static.ferrovial.com\/wp-content\/uploads\/2019\/09\/13135536\/tr-pic-lbj-002-e1423132327989-360x640.jpg' alt='Cabecera LBJ' \/>\n                                                        <h3 slot=\"title\" role=\"listitem\">\n                                    LBJ Express, TX                                <\/h3>\n                                                                                <c-link slot=\"link\" type=\"negative\">\n                            <a href=\"https:\/\/www.ferrovial.com\/es-la\/negocio\/proyectos\/autopista-lbj-express\/\">\n                                Descubra el proyecto                            <\/a>\n                        <\/c-link>\n                    <\/c-card>\n                                        <c-card slot=\"carouselItems\" type=\"type-1\" link=\"https:\/\/www.ferrovial.com\/es-la\/negocio\/proyectos\/autopista-north-tarrant-express\/\"  >\n                                                <img slot='background' src='https:\/\/static.ferrovial.com\/wp-content\/uploads\/2019\/11\/13132124\/north-tarrant-express-nte-in-the-usa-360x640.jpg' alt='autopista noth Tarrant Express NTE en Texas, Estados Unidos' \/>\n                                                        <h3 slot=\"title\" role=\"listitem\">\n                                    North Tarrant Express, TX                                <\/h3>\n                                                                                <c-link slot=\"link\" type=\"negative\">\n                            <a href=\"https:\/\/www.ferrovial.com\/es-la\/negocio\/proyectos\/autopista-north-tarrant-express\/\">\n                                Descubra el proyecto                            <\/a>\n                        <\/c-link>\n                    <\/c-card>\n                                        <c-card slot=\"carouselItems\" type=\"type-1\" link=\"https:\/\/www.ferrovial.com\/es-la\/negocio\/proyectos\/north-tarrant-express-35w\/\"  >\n                                                <img slot='background' src='https:\/\/static.ferrovial.com\/wp-content\/uploads\/2019\/12\/13140407\/dsc01572-1024x683-360x640.jpg' alt='North Tarrant Express 35W' \/>\n                                                        <h3 slot=\"title\" role=\"listitem\">\n                                    North Tarrant Express 35W Highway                                <\/h3>\n                                                                                <c-link slot=\"link\" type=\"negative\">\n                            <a href=\"https:\/\/www.ferrovial.com\/es-la\/negocio\/proyectos\/north-tarrant-express-35w\/\">\n                                Descubra el proyecto                            <\/a>\n                        <\/c-link>\n                    <\/c-card>\n                        <\/m-projects-distributor2>\n\n    \n\n    <m-multiple-distributor columns='4'>\n                        <p slot=\"title\">\n                    \u00daltimas noticias y detalles sobre las autopistas TEXpress                <\/p>\n                                    <div class=\"card\">\n                                                <img decoding=\"async\" src=\"https:\/\/static.ferrovial.com\/wp-content\/uploads\/2019\/11\/13100635\/i-77-express-2-600x800.jpg\" alt=\"Picture of the I-77 express highway\" position=\"center center\" \/>\n                                                        <p class=\"name\">4 maneras en que los carriles expr\u00e9s mantienen el tr\u00e1fico fluido en verano<\/p>\n                                                                    <p class=\"description\">Descripci\u00f3n por defecto<\/p>\n                                                                        <a href='https:\/\/newsroom.ferrovial.com\/en-us\/articles\/express-lanes-keep-travel-moving\/' title='Leer m\u00e1s' target='_blank' aria-label='M\u00e1s informaci\u00f3n sobre 4 maneras en que los carriles expr\u00e9s mantienen el tr\u00e1fico fluido en verano' sr-only='Abrir una nueva ventana'>Leer m\u00e1s<\/a>\n                                                            <\/div>\n                                        <div class=\"card\">\n                                                <img decoding=\"async\" src=\"https:\/\/static.ferrovial.com\/wp-content\/uploads\/2020\/01\/13130336\/lbj-expres-dallas-texas-600x500.jpg\" alt=\"LBJ Expres - Dallas Texas\" position=\"center center\" \/>\n                                                        <p class=\"name\">C\u00f3mo las autopistas TEXpress han impulsado el crecimiento empresarial en el norte de Texas<\/p>\n                                                                    <p class=\"description\">Descripci\u00f3n por defecto<\/p>\n                                                                        <a href='https:\/\/newsroom.ferrovial.com\/en-us\/articles\/texpress-lanes-boosted-business-growth-' title='Leer m\u00e1s' target='_blank' aria-label='M\u00e1s informaci\u00f3n sobre C\u00f3mo las autopistas TEXpress han impulsado el crecimiento empresarial en el norte de Texas' sr-only='Abrir una nueva ventana'>Leer m\u00e1s<\/a>\n                                                            <\/div>\n                                        <div class=\"card\">\n                                                <img decoding=\"async\" src=\"https:\/\/static.ferrovial.com\/wp-content\/uploads\/2020\/11\/16130034\/lbj-express-texas-us-202303-034-1-600x800.jpg\" alt=\"\" position=\"center center\" \/>\n                                                        <p class=\"name\">10 a\u00f1os de progreso: c\u00f3mo las autopistas TEXpress est\u00e1n moldeando el futuro de la infraestructura y el desarrollo<\/p>\n                                                                    <p class=\"description\">Descripci\u00f3n por defecto<\/p>\n                                                                        <a href='https:\/\/newsroom.ferrovial.com\/en-us\/articles\/10-years-of-progress-how-the-texpress-l' title='View more' target='_blank' aria-label='M\u00e1s informaci\u00f3n sobre 10 a\u00f1os de progreso: c\u00f3mo las autopistas TEXpress est\u00e1n moldeando el futuro de la infraestructura y el desarrollo' sr-only='Abrir una nueva ventana'>View more<\/a>\n                                                            <\/div>\n                                        <div class=\"card\">\n                                                <img decoding=\"async\" src=\"https:\/\/static.ferrovial.com\/wp-content\/uploads\/2025\/11\/05163301\/cintra-lbj-express-us-4-1-1-600x800.jpg\" alt=\"\" position=\"center center\" \/>\n                                                        <p class=\"name\">El camino hacia el futuro: c\u00f3mo LBJ Express inspira a los futuros constructores<\/p>\n                                                                    <p class=\"description\">Descripci\u00f3n por defecto<\/p>\n                                                                        <a href='https:\/\/newsroom.ferrovial.com\/en-us\/articles\/how-lbj-express-inspires-tomorrows-buil' title='Leer m\u00e1s' target='_blank' aria-label='M\u00e1s informaci\u00f3n sobre El camino hacia el futuro: c\u00f3mo LBJ Express inspira a los futuros constructores' sr-only='Abrir una nueva ventana'>Leer m\u00e1s<\/a>\n                                                            <\/div>\n                        <\/m-multiple-distributor>\n\n    ","protected":false},"excerpt":{"rendered":"","protected":false},"featured_media":0,"parent":131269,"menu_order":0,"comment_status":"closed","ping_status":"closed","template":"","meta":{"_acf_changed":false,"footnotes":""},"class_list":["post-318762","page","type-page","status-publish","hentry"],"acf":[],"yoast_head":"<!-- This site is optimized with the Yoast SEO plugin v27.2 - https:\/\/yoast.com\/product\/yoast-seo-wordpress\/ -->\n<title>TEXpress Lanes - Ferrovial<\/title>\n<meta name=\"description\" content=\"Descubre las autopistas TEXpress: carriles de peaje din\u00e1mico que mejoran la movilidad y reducen la congesti\u00f3n en Dallas-Fort Worth.\" \/>\n<meta name=\"robots\" content=\"index, follow, max-snippet:-1, max-image-preview:large, max-video-preview:-1\" \/>\n<link rel=\"canonical\" href=\"https:\/\/www.ferrovial.com\/es-la\/negocio\/autopistas\/texpress-lanes\/\" \/>\n<meta property=\"og:locale\" content=\"es_ES\" \/>\n<meta property=\"og:type\" content=\"article\" \/>\n<meta property=\"og:title\" content=\"TEXpress Lanes - Ferrovial\" \/>\n<meta property=\"og:description\" content=\"Descubre las autopistas TEXpress: carriles de peaje din\u00e1mico que mejoran la movilidad y reducen la congesti\u00f3n en Dallas-Fort Worth.\" \/>\n<meta property=\"og:url\" content=\"https:\/\/www.ferrovial.com\/es-la\/negocio\/autopistas\/texpress-lanes\/\" \/>\n<meta property=\"og:site_name\" content=\"Ferrovial\" \/>\n<meta property=\"article:publisher\" content=\"https:\/\/www.facebook.com\/ferrovial\" \/>\n<meta property=\"article:modified_time\" content=\"2025-11-26T10:47:24+00:00\" \/>\n<meta name=\"twitter:card\" content=\"summary_large_image\" \/>\n<meta name=\"twitter:site\" content=\"@ferrovial\" \/>\n<meta name=\"twitter:label1\" content=\"Est. reading time\" \/>\n\t<meta name=\"twitter:data1\" content=\"1 minute\" \/>\n<!-- \/ Yoast SEO plugin. -->","yoast_head_json":{"title":"TEXpress Lanes - Ferrovial","description":"Descubre las autopistas TEXpress: carriles de peaje din\u00e1mico que mejoran la movilidad y reducen la congesti\u00f3n en Dallas-Fort Worth.","robots":{"index":"index","follow":"follow","max-snippet":"max-snippet:-1","max-image-preview":"max-image-preview:large","max-video-preview":"max-video-preview:-1"},"canonical":"https:\/\/www.ferrovial.com\/es-la\/negocio\/autopistas\/texpress-lanes\/","og_locale":"es_ES","og_type":"article","og_title":"TEXpress Lanes - Ferrovial","og_description":"Descubre las autopistas TEXpress: carriles de peaje din\u00e1mico que mejoran la movilidad y reducen la congesti\u00f3n en Dallas-Fort Worth.","og_url":"https:\/\/www.ferrovial.com\/es-la\/negocio\/autopistas\/texpress-lanes\/","og_site_name":"Ferrovial","article_publisher":"https:\/\/www.facebook.com\/ferrovial","article_modified_time":"2025-11-26T10:47:24+00:00","twitter_card":"summary_large_image","twitter_site":"@ferrovial","twitter_misc":{"Est. reading time":"1 minute"},"schema":{"@context":"https:\/\/schema.org","@graph":[{"@type":"WebPage","@id":"https:\/\/www.ferrovial.com\/es-la\/negocio\/autopistas\/texpress-lanes\/","url":"https:\/\/www.ferrovial.com\/es-la\/negocio\/autopistas\/texpress-lanes\/","name":"TEXpress Lanes - Ferrovial","isPartOf":{"@id":"https:\/\/www.ferrovial.com\/es-la\/#website"},"datePublished":"2025-11-26T10:39:53+00:00","dateModified":"2025-11-26T10:47:24+00:00","description":"Descubre las autopistas TEXpress: carriles de peaje din\u00e1mico que mejoran la movilidad y reducen la congesti\u00f3n en Dallas-Fort Worth.","breadcrumb":{"@id":"https:\/\/www.ferrovial.com\/es-la\/negocio\/autopistas\/texpress-lanes\/#breadcrumb"},"inLanguage":"es-419","potentialAction":[{"@type":"ReadAction","target":["https:\/\/www.ferrovial.com\/es-la\/negocio\/autopistas\/texpress-lanes\/"]}]},{"@type":"BreadcrumbList","@id":"https:\/\/www.ferrovial.com\/es-la\/negocio\/autopistas\/texpress-lanes\/#breadcrumb","itemListElement":[{"@type":"ListItem","position":1,"name":"Portada","item":"https:\/\/www.ferrovial.com\/es-la\/"},{"@type":"ListItem","position":2,"name":"Negocios","item":"https:\/\/www.ferrovial.com\/es-la\/negocio\/"},{"@type":"ListItem","position":3,"name":"Autopistas","item":"https:\/\/www.ferrovial.com\/es-la\/negocio\/autopistas\/"},{"@type":"ListItem","position":4,"name":"TEXpress Lanes"}]},{"@type":"WebSite","@id":"https:\/\/www.ferrovial.com\/es-la\/#website","url":"https:\/\/www.ferrovial.com\/es-la\/","name":"Ferrovial","description":"Welcome to the Ferrovial&#039;s website, global operator of sustainable infrastructure. Here you can find all the information about the company and subsidiaries.","publisher":{"@id":"https:\/\/www.ferrovial.com\/es-la\/#organization"},"potentialAction":[{"@type":"SearchAction","target":{"@type":"EntryPoint","urlTemplate":"https:\/\/www.ferrovial.com\/es-la\/?s={search_term_string}"},"query-input":{"@type":"PropertyValueSpecification","valueRequired":true,"valueName":"search_term_string"}}],"inLanguage":"es-419"},{"@type":"Organization","@id":"https:\/\/www.ferrovial.com\/es-la\/#organization","name":"Ferrovial S.A.","url":"https:\/\/www.ferrovial.com\/es-la\/","logo":{"@type":"ImageObject","inLanguage":"es-419","@id":"https:\/\/www.ferrovial.com\/es-la\/#\/schema\/logo\/image\/","url":"https:\/\/static.ferrovial.com\/wp-content\/uploads\/2020\/01\/13124948\/logo-ferrovial-cf7.png","contentUrl":"https:\/\/static.ferrovial.com\/wp-content\/uploads\/2020\/01\/13124948\/logo-ferrovial-cf7.png","width":144,"height":32,"caption":"Ferrovial S.A."},"image":{"@id":"https:\/\/www.ferrovial.com\/es-la\/#\/schema\/logo\/image\/"},"sameAs":["https:\/\/www.facebook.com\/ferrovial","https:\/\/x.com\/ferrovial","https:\/\/www.instagram.com\/ferrovial\/","https:\/\/www.linkedin.com\/company\/ferrovial","https:\/\/www.pinterest.es\/ferrovial\/","https:\/\/www.youtube.com\/ferrovial","https:\/\/en.wikipedia.org\/wiki\/Ferrovial"]}]}},"_links":{"self":[{"href":"https:\/\/www.ferrovial.com\/es-la\/wp-json\/wp\/v2\/pages\/318762","targetHints":{"allow":["GET"]}}],"collection":[{"href":"https:\/\/www.ferrovial.com\/es-la\/wp-json\/wp\/v2\/pages"}],"about":[{"href":"https:\/\/www.ferrovial.com\/es-la\/wp-json\/wp\/v2\/types\/page"}],"replies":[{"embeddable":true,"href":"https:\/\/www.ferrovial.com\/es-la\/wp-json\/wp\/v2\/comments?post=318762"}],"version-history":[{"count":1,"href":"https:\/\/www.ferrovial.com\/es-la\/wp-json\/wp\/v2\/pages\/318762\/revisions"}],"predecessor-version":[{"id":318765,"href":"https:\/\/www.ferrovial.com\/es-la\/wp-json\/wp\/v2\/pages\/318762\/revisions\/318765"}],"up":[{"embeddable":true,"href":"https:\/\/www.ferrovial.com\/es-la\/wp-json\/wp\/v2\/pages\/131269"}],"wp:attachment":[{"href":"https:\/\/www.ferrovial.com\/es-la\/wp-json\/wp\/v2\/media?parent=318762"}],"curies":[{"name":"wp","href":"https:\/\/api.w.org\/{rel}","templated":true}]}}