{"id":326420,"date":"2024-12-09T11:25:52","date_gmt":"2024-12-09T10:25:52","guid":{"rendered":"https:\/\/www.ferrovial.com\/sostenibilidad\/buen-gobierno\/tax-corner\/"},"modified":"2026-03-19T13:12:17","modified_gmt":"2026-03-19T12:12:17","slug":"tax-corner","status":"publish","type":"page","link":"https:\/\/www.ferrovial.com\/es-la\/sostenibilidad\/buen-gobierno\/tax-corner\/","title":{"rendered":"Tax Corner"},"content":{"rendered":"    <m-final-content-header bgimage='https:\/\/static.ferrovial.com\/wp-content\/uploads\/2019\/11\/13140934\/etica-gobierno-corporativo-ferrovial-people-1-1280x720.jpg'>\n            <c-breadcrumb label-text=\"Breadcrumb\" slot=\"breadcrumbs\" type='2' align='left' wrap='wrapped wrapped' aria-label='Vienes de Buen Gobierno'>\n                        <ol>\n\n                                                            <li><a href=\"https:\/\/www.ferrovial.com\/es-la\/\" title=\"Ferrovial\">Ferrovial<\/a><\/li>\n                                                                        <li><a href=\"https:\/\/www.ferrovial.com\/es\/sostenibilidad\/\" title=\"Sostenibilidad\">Sostenibilidad<\/a><\/li>\n                                                                        <li><a href=\"https:\/\/www.ferrovial.com\/es\/sostenibilidad\/buen-gobierno\/\" title=\"Buen Gobierno\">Buen Gobierno<\/a><\/li>\n                                    \n                <\/ol>\n\n                <\/c-breadcrumb>\n    \n        <div slot=\"header\">\n            <h1>\n                Fiscalidad \u00e9tica y responsable            <\/h1>\n                    <\/div>\n    <\/m-final-content-header>\n\n    \n\n\n<m-wysiwig class=\"wp-block-components-wysiwyg\"><div slot=\"maincontent\">    <p class=\"intro\">Tenemos un compromiso f\u00e9rreo con los principios de buenas pr\u00e1cticas tributarias. Realizamos un ejercicio de transparencia de la informaci\u00f3n fiscal con los distintos stakeholders. Aplicamos los criterios que conforman la gobernanza, riesgos y cumplimiento del sistema fiscal de Ferrovial (Tax GRC).<\/p>\n    \n\n\n<h2 class=\"wp-block-heading\">Gesti\u00f3n \u00e9tica y responsable<\/h2>\n\n\n\n<p>Para crear confianza en accionistas, inversores, clientes, empleados y otros grupos de inter\u00e9s, se requiere una gesti\u00f3n \u00e9tica y responsable. Las decisiones fiscales se adoptan conforme a una interpretaci\u00f3n razonable de la normativa tributaria y se encuentran alineadas con la actividad econ\u00f3mica de los diferentes negocios.<\/p>\n\n\n\n<p>La funci\u00f3n fiscal est\u00e1 presente en la toma de las decisiones empresariales de la compa\u00f1\u00eda garantizando que las mismas se adec\u00faan a los principios de su Pol\u00edtica Fiscal y se alinean con la realidad y motivaci\u00f3n econ\u00f3mica de sus negocios. El Consejo de Administraci\u00f3n revisa y aprueba anualmente la estrategia fiscal de la compa\u00f1\u00eda.<\/p>\n\n\n\n\n             <a class='rich-link' href='https:\/\/informeanualintegrado2025.ferrovial.com\/en\/annex\/additional-non-financial-information\/' title='Accede a la informaci\u00f3n de gesti\u00f3n \u00e9tica y responsable' target='_blank'>\n                <span>Accede a la informaci\u00f3n de gesti\u00f3n \u00e9tica y responsable<\/span>\n                <img src='https:\/\/www.ferrovial.com\/wp-content\/themes\/global\/front\/dist\/static\/img\/icon-download.svg' alt='download link'>\n            <\/a>\n        \n\n\n\n<p>El <strong>Tax GRC es una herramienta implementada por Ferrovial dentro de su modelo de cumplimiento tributario, <\/strong>cuyo objetivo es garantizar que las actuaciones y operaciones de la compa\u00f1\u00eda est\u00e9n regidas por principios, valores y normas claros. Estos criterios est\u00e1n alineados con el <a href=\"https:\/\/www.ferrovial.com\/es-la\/sostenibilidad\/etica\/codigo-etico\/\">C\u00f3digo de \u00c9tica y Conducta Empresarial<\/a> y otras normas de gobernanza corporativa.<\/p>\n\n\n\n<h3 class=\"wp-block-heading\">Pol\u00edtica de cumplimiento y buenas pr\u00e1cticas en materia tributaria<\/h3>\n\n\n\n<p>Est\u00e1 alineada con los est\u00e1ndares fiscales internacionales vigentes, como las directrices de la OCDE. Tiene como objetivo primordial garantizar un modelo de cumplimiento tributario transparente, basado en las mejores pr\u00e1cticas fiscales.<\/p>\n\n\n\n\n             <a class='rich-link' href='https:\/\/static.ferrovial.com\/wp-content\/uploads\/2026\/03\/04113907\/politica-de-cumplimiento-y-buenas-practicas-en-materia-tributaria.pdf' title='Accede a la pol\u00edtica de cumplimiento y buenas pr\u00e1cticas en materia tributaria' target='_blank'>\n                <span>Accede a la pol\u00edtica de cumplimiento y buenas pr\u00e1cticas en materia tributaria<\/span>\n                <img src='https:\/\/www.ferrovial.com\/wp-content\/themes\/global\/front\/dist\/static\/img\/icon-download.svg' alt='download link'>\n            <\/a>\n        \n\n\n\n<blockquote class=\"wp-block-quote is-layout-flow wp-block-quote-is-layout-flow\">\n<p>Nuestra estrategia fiscal se fundamenta en la integridad y la transparencia, en l\u00ednea con los valores corporativos y las expectativas de todos nuestros grupos de inter\u00e9s.<\/p>\n<cite>Ignacio de Felipe, Director Fiscal de Ferrovial<\/cite><\/blockquote>\n\n\n\n<h2 class=\"wp-block-heading\">Contribuci\u00f3n fiscal total<\/h2>\n\n\n\n<p>Estamos comprometidos con el cumplimiento de nuestras obligaciones fiscales de manera justa y transparente. Reconocemos la importancia de la contribuci\u00f3n a la sociedad y pagamos los impuestos correspondientes en cada una de las jurisdicciones en las que operamos.<\/p>\n\n\n\n<figure class=\"wp-block-image size-full\"><img v-lazy=\"'https:\/\/static.ferrovial.com\/wp-content\/uploads\/2026\/03\/17125424\/tax-contribution-by-market-2025-and-2024.png'\" alt=\"\" class=\"wp-image-327333\"\/><\/figure>\n\n\n\n<h3 class=\"wp-block-heading\">Country by Country Report<\/h3>\n\n\n\n<p>El Country-by-Country Report (CbCR) es un informe fiscal que proporciona informaci\u00f3n detallada sobre la distribuci\u00f3n de beneficios, impuestos pagados y actividades econ\u00f3micas de la compa\u00f1\u00eda en cada jurisdicci\u00f3n donde opera.<\/p>\n\n\n\n\n             <a class='rich-link' href='https:\/\/www.ferrovial.com\/es\/sostenibilidad\/buen-gobierno\/tax-corner\/fiscalidad-reporte-pais-por-pais\/' title='Accede al Reporte Pa\u00eds por Pa\u00eds' target='_blank'>\n                <span>Accede al Reporte Pa\u00eds por Pa\u00eds<\/span>\n                <img src='https:\/\/www.ferrovial.com\/wp-content\/themes\/global\/front\/dist\/static\/img\/icon-download.svg' alt='download link'>\n            <\/a>\n        \n\n\n\n<h3 class=\"wp-block-heading\"><strong>C\u00f3digo de Buenas Pr\u00e1cticas Tributarias y Transparencia Fiscal<\/strong><\/h3>\n\n\n\n<p>La pol\u00edtica fiscal de Ferrovial se basa en principios de integridad, responsabilidad y transparencia, asegurando que sus pr\u00e1cticas fiscales sean coherentes con los valores corporativos y con las expectativas de sus accionistas, empleados, clientes y otros grupos de inter\u00e9s. A trav\u00e9s de una gesti\u00f3n \u00e9tica y responsable, busca construir relaciones de confianza y credibilidad, contribuyendo al desarrollo sostenible de las comunidades en las que est\u00e1 presente.<\/p>\n\n\n\n<p>Estamos adheridos al c\u00f3digo de buenas pr\u00e1cticas tributarias&nbsp;de la Agencia Tributaria en Espa\u00f1a.<\/p>\n\n\n\n<ul class=\"wp-block-list\">\n<li>\u00bfQu\u00e9 es? <a href=\"https:\/\/sede.agenciatributaria.gob.es\/Sede\/colaborar-agencia-tributaria\/relacion-cooperativa\/foro-grandes-empresas\/codigo-buenas-practicas-tributarias\/adhesiones-codigo-buenas-practicas-tributarias.html\" target=\"_blank\" rel=\"noreferrer noopener nofollow\">Agencia Tributaria: C\u00f3digo de Buenas Pr\u00e1cticas Tributarias &#8211; Adhesiones al C\u00f3digo de Buenas Pr\u00e1cticas Tributarias<\/a>.<\/li>\n\n\n\n<li><a href=\"https:\/\/static.ferrovial.com\/wp-content\/uploads\/2025\/09\/22123336\/comunicacion-aeat-info-transparencia-2023-notif-15092025.pdf\" target=\"_blank\" rel=\"noreferrer noopener\">Carta de la AEAT<\/a>.<\/li>\n\n\n\n<li>Relaci\u00f3n de entidades adheridas actualizada: <a href=\"https:\/\/sede.agenciatributaria.gob.es\/Sede\/colaborar-agencia-tributaria\/relacion-cooperativa\/foro-grandes-empresas\/codigo-buenas-practicas-tributarias\/adhesiones-codigo-buenas-practicas-tributarias.html?faqId=dc8ead11bbd10810VgnVCM100000dc381e0aRCRD\" target=\"_blank\" rel=\"noreferrer noopener sponsored nofollow\">Agencia Tributaria: C\u00f3digo de Buenas Pr\u00e1cticas Tributarias &#8211; Adhesiones al C\u00f3digo de Buenas Pr\u00e1cticas Tributarias<\/a>.<\/li>\n<\/ul>\n\n\n\n<p>Obtenemos el reconocimiento por parte de la Administraci\u00f3n Tributaria espa\u00f1ola por la presentaci\u00f3n voluntaria del \u201cInforme Anual de Transparencia Fiscal<em>\u201d.<\/em><\/p>\n\n\n\n<h2 class=\"wp-block-heading\">AENOR: Certificaci\u00f3n UNE 19602:2019<\/h2>\n\n\n\n<figure class=\"wp-block-image size-large\"><img v-lazy=\"'https:\/\/static.ferrovial.com\/wp-content\/uploads\/2024\/11\/21155047\/aenor-certificacion-une-196022019-iconos-tax-corner-1-1024x364.png'\" alt=\"\" class=\"wp-image-292706\"\/><\/figure>\n<\/div><\/m-wysiwig>\n\n\n\n<m-wysiwig class=\"wp-block-components-wysiwyg\"><div slot=\"maincontent\">\n\n             <a class='rich-link' href='https:\/\/static.ferrovial.com\/wp-content\/uploads\/2025\/01\/16162605\/certificado-gct-2021-ferrovial.pdf' title='Certificado AENOR 2021' target='_blank'>\n                <span>Certificado AENOR 2021<\/span>\n                <img src='https:\/\/www.ferrovial.com\/wp-content\/themes\/global\/front\/dist\/static\/img\/icon-download.svg' alt='download link'>\n            <\/a>\n        \n\n\n\n\n             <a class='rich-link' href='https:\/\/static.ferrovial.com\/wp-content\/uploads\/2025\/01\/16162610\/certificado-gct-2024-ferrovial.pdf' title='Certificado AENOR 2024' target='_blank'>\n                <span>Certificado AENOR 2024<\/span>\n                <img src='https:\/\/www.ferrovial.com\/wp-content\/themes\/global\/front\/dist\/static\/img\/icon-download.svg' alt='download link'>\n            <\/a>\n        \n\n\n\n<h2 class=\"wp-block-heading\">Litigios fiscales<\/h2>\n\n\n\n<ul class=\"wp-block-list\">\n<li>Potenciamos los acuerdos con las administraciones de las jurisdicciones en que opera.<\/li>\n\n\n\n<li>En caso de controversia con las autoridades fiscales se hace uso de las posibilidades que ofrecen los distintos procedimientos legales.<\/li>\n\n\n\n<li>Trataremos con transparencia los litigios fiscales.<\/li>\n<\/ul>\n\n\n\n\n             <a class='rich-link' href='https:\/\/static.ferrovial.com\/wp-content\/uploads\/2026\/02\/25231840\/iai-2025-ferrovial.pdf' title='Accede al Informe Anual Integrado (p\u00e1gina 404)' target='_blank'>\n                <span>Accede al Informe Anual Integrado (p\u00e1gina 404)<\/span>\n                <img src='https:\/\/www.ferrovial.com\/wp-content\/themes\/global\/front\/dist\/static\/img\/icon-download.svg' alt='download link'>\n            <\/a>\n        \n\n\n\n<h2 class=\"wp-block-heading\"><strong>Calificaci\u00f3n por el Observatorio fiscal de la UE<\/strong><\/h2>\n\n\n\n<p>Ferrovial alcanza una excelente calificaci\u00f3n en la evaluaci\u00f3n de transparencia y buenas pr\u00e1cticas fiscales realizada por el Observatorio fiscal de la UE.<\/p>\n\n\n\n\n             <a class='rich-link' href='https:\/\/www.taxplorer.eu\/Company' title='Consulta el informe por a\u00f1os (solo disponible en ingl\u00e9s)' target='_blank'>\n                <span>Consulta el informe por a\u00f1os (solo disponible en ingl\u00e9s)<\/span>\n                <img src='https:\/\/www.ferrovial.com\/wp-content\/themes\/global\/front\/dist\/static\/img\/icon-download.svg' alt='download link'>\n            <\/a>\n        \n\n\n\n<h2 class=\"wp-block-heading\"><strong>Canal \u00c9tico de Ferrovial<\/strong><\/h2>\n\n\n\n<p>El Canal \u00c9tico de Ferrovial es una plataforma de comunicaci\u00f3n espec\u00edfica que permite a los empleados y terceros con los que Ferrovial mantiene relaciones comerciales formular consultas, plantear dudas y presentar quejas relacionadas con la aplicaci\u00f3n del C\u00f3digo de \u00c9tica Empresarial.<\/p>\n\n\n\n<p>Este canal est\u00e1 disponible las 24 horas del d\u00eda y los 365 d\u00edas del a\u00f1o, y permite realizar comunicaciones de forma an\u00f3nima.<\/p>\n\n\n\n<p>Ferrovial garantiza la confidencialidad de todas las comunicaciones recibidas a trav\u00e9s del Canal \u00c9tico y protege a los remitentes contra cualquier forma de represalia.<\/p>\n\n\n\n\n             <a class='rich-link' href='https:\/\/www.ferrovial.com\/es\/sostenibilidad\/etica\/canal-etico\/' title='Accede al Canal \u00c9tico' target='_blank'>\n                <span>Accede al Canal \u00c9tico<\/span>\n                <img src='https:\/\/www.ferrovial.com\/wp-content\/themes\/global\/front\/dist\/static\/img\/icon-download.svg' alt='download link'>\n            <\/a>\n        \n\n\n\n<h2 class=\"wp-block-heading\"><strong>Presencia en jurisdicciones no cooperativas<\/strong><\/h2>\n\n\n\n<p>Ferrovial no desarrolla operaciones en ninguna jurisdicci\u00f3n considerada como no cooperativas por las autoridades fiscales.<\/p>\n<\/div><\/m-wysiwig>\n\n\n    <m-annual-report :whitetext='false' :gutenberg='true'>\n                        <p slot=\"cta\">\n                    Ver las cifras destacadas de Ferrovial en 2025                <\/p>\n                \n                        <c-button href='https:\/\/informeanualintegrado2025.ferrovial.com\/en\/' title='Accede al Informe Anual Integrado' slot='cta' disabled='false' type='ghost-positive-alt' target='_blank' rel='noopener' >\n                Accede al Informe Anual Integrado                <span class=\"sr-only\">Abrir en una nueva pesta\u00f1a<\/span>\n                                <\/c-button>\n                \n        \n            <ul slot=\"cypher\">\n\n                                            <li>\n                                \n                                <div>\n                                    <span><\/span><span >9627<\/span><span>M\u20ac<\/span>\n                                <\/div>\n\n                                                                        <span>\n                                            Ventas                                        <\/span>\n                                                                    <\/li>\n                                                    <li>\n                                \n                                <div>\n                                    <span><\/span><span >40606<\/span><span>M\u20ac<\/span>\n                                <\/div>\n\n                                                                        <span>\n                                            Capitalizaci\u00f3n                                         <\/span>\n                                                                    <\/li>\n                                                    <li>\n                                \n                                <div>\n                                    <span><\/span><span >5088<\/span><span>M\u20ac<\/span>\n                                <\/div>\n\n                                                                        <span>\n                                            Liquidez                                        <\/span>\n                                                                    <\/li>\n                                                    <li>\n                                \n                                <div>\n                                    <span><\/span><span >22609<\/span><span><\/span>\n                                <\/div>\n\n                                                                        <span>\n                                            Empleados                                        <\/span>\n                                                                    <\/li>\n                        \n            <\/ul>\n            <\/m-annual-report>\n\n    ","protected":false},"excerpt":{"rendered":"","protected":false},"featured_media":0,"parent":131473,"menu_order":0,"comment_status":"closed","ping_status":"closed","template":"","meta":{"_acf_changed":false,"footnotes":""},"class_list":["post-326420","page","type-page","status-publish","hentry"],"acf":[],"yoast_head":"<!-- This site is optimized with the Yoast SEO plugin v27.2 - https:\/\/yoast.com\/product\/yoast-seo-wordpress\/ -->\n<title>Tax Corner - Ferrovial<\/title>\n<meta name=\"description\" content=\"Welcome to the Ferrovial&#039;s website, global operator of sustainable infrastructure. Here you can find all the information about the company and subsidiaries.\" \/>\n<meta name=\"robots\" content=\"index, follow, max-snippet:-1, max-image-preview:large, max-video-preview:-1\" \/>\n<link rel=\"canonical\" href=\"https:\/\/www.ferrovial.com\/es-la\/sostenibilidad\/buen-gobierno\/tax-corner\/\" \/>\n<meta property=\"og:locale\" content=\"es_ES\" \/>\n<meta property=\"og:type\" content=\"article\" \/>\n<meta property=\"og:title\" content=\"Tax Corner - Ferrovial\" \/>\n<meta property=\"og:description\" content=\"Welcome to the Ferrovial&#039;s website, global operator of sustainable infrastructure. Here you can find all the information about the company and subsidiaries.\" \/>\n<meta property=\"og:url\" content=\"https:\/\/www.ferrovial.com\/es-la\/sostenibilidad\/buen-gobierno\/tax-corner\/\" \/>\n<meta property=\"og:site_name\" content=\"Ferrovial\" \/>\n<meta property=\"article:publisher\" content=\"https:\/\/www.facebook.com\/ferrovial\" \/>\n<meta property=\"article:modified_time\" content=\"2026-03-19T12:12:17+00:00\" \/>\n<meta property=\"og:image\" content=\"https:\/\/www.ferrovial.com\/wp-content\/uploads\/2026\/03\/tax-contribution-by-market-2025-and-2024.png\" \/>\n<meta name=\"twitter:card\" content=\"summary_large_image\" \/>\n<meta name=\"twitter:site\" content=\"@ferrovial\" \/>\n<meta name=\"twitter:label1\" content=\"Est. reading time\" \/>\n\t<meta name=\"twitter:data1\" content=\"4 minutes\" \/>\n<!-- \/ Yoast SEO plugin. -->","yoast_head_json":{"title":"Tax Corner - Ferrovial","description":"Welcome to the Ferrovial's website, global operator of sustainable infrastructure. Here you can find all the information about the company and subsidiaries.","robots":{"index":"index","follow":"follow","max-snippet":"max-snippet:-1","max-image-preview":"max-image-preview:large","max-video-preview":"max-video-preview:-1"},"canonical":"https:\/\/www.ferrovial.com\/es-la\/sostenibilidad\/buen-gobierno\/tax-corner\/","og_locale":"es_ES","og_type":"article","og_title":"Tax Corner - Ferrovial","og_description":"Welcome to the Ferrovial's website, global operator of sustainable infrastructure. Here you can find all the information about the company and subsidiaries.","og_url":"https:\/\/www.ferrovial.com\/es-la\/sostenibilidad\/buen-gobierno\/tax-corner\/","og_site_name":"Ferrovial","article_publisher":"https:\/\/www.facebook.com\/ferrovial","article_modified_time":"2026-03-19T12:12:17+00:00","og_image":[{"url":"https:\/\/www.ferrovial.com\/wp-content\/uploads\/2026\/03\/tax-contribution-by-market-2025-and-2024.png","type":"","width":"","height":""}],"twitter_card":"summary_large_image","twitter_site":"@ferrovial","twitter_misc":{"Est. reading time":"4 minutes"},"schema":{"@context":"https:\/\/schema.org","@graph":[{"@type":"WebPage","@id":"https:\/\/www.ferrovial.com\/es-la\/sostenibilidad\/buen-gobierno\/tax-corner\/","url":"https:\/\/www.ferrovial.com\/es-la\/sostenibilidad\/buen-gobierno\/tax-corner\/","name":"Tax Corner - Ferrovial","isPartOf":{"@id":"https:\/\/www.ferrovial.com\/es-la\/#website"},"primaryImageOfPage":{"@id":"https:\/\/www.ferrovial.com\/es-la\/sostenibilidad\/buen-gobierno\/tax-corner\/#primaryimage"},"image":{"@id":"https:\/\/www.ferrovial.com\/es-la\/sostenibilidad\/buen-gobierno\/tax-corner\/#primaryimage"},"thumbnailUrl":"https:\/\/www.ferrovial.com\/wp-content\/uploads\/2026\/03\/tax-contribution-by-market-2025-and-2024.png","datePublished":"2024-12-09T10:25:52+00:00","dateModified":"2026-03-19T12:12:17+00:00","description":"Welcome to the Ferrovial's website, global operator of sustainable infrastructure. Here you can find all the information about the company and subsidiaries.","breadcrumb":{"@id":"https:\/\/www.ferrovial.com\/es-la\/sostenibilidad\/buen-gobierno\/tax-corner\/#breadcrumb"},"inLanguage":"es-419","potentialAction":[{"@type":"ReadAction","target":["https:\/\/www.ferrovial.com\/es-la\/sostenibilidad\/buen-gobierno\/tax-corner\/"]}]},{"@type":"ImageObject","inLanguage":"es-419","@id":"https:\/\/www.ferrovial.com\/es-la\/sostenibilidad\/buen-gobierno\/tax-corner\/#primaryimage","url":"https:\/\/www.ferrovial.com\/wp-content\/uploads\/2026\/03\/tax-contribution-by-market-2025-and-2024.png","contentUrl":"https:\/\/www.ferrovial.com\/wp-content\/uploads\/2026\/03\/tax-contribution-by-market-2025-and-2024.png"},{"@type":"BreadcrumbList","@id":"https:\/\/www.ferrovial.com\/es-la\/sostenibilidad\/buen-gobierno\/tax-corner\/#breadcrumb","itemListElement":[{"@type":"ListItem","position":1,"name":"Portada","item":"https:\/\/www.ferrovial.com\/es-la\/"},{"@type":"ListItem","position":2,"name":"Sostenibilidad","item":"https:\/\/www.ferrovial.com\/es-la\/sostenibilidad\/"},{"@type":"ListItem","position":3,"name":"Buen Gobierno","item":"https:\/\/www.ferrovial.com\/es-la\/sostenibilidad\/buen-gobierno\/"},{"@type":"ListItem","position":4,"name":"Tax Corner"}]},{"@type":"WebSite","@id":"https:\/\/www.ferrovial.com\/es-la\/#website","url":"https:\/\/www.ferrovial.com\/es-la\/","name":"Ferrovial","description":"Welcome to the Ferrovial&#039;s website, global operator of sustainable infrastructure. Here you can find all the information about the company and subsidiaries.","publisher":{"@id":"https:\/\/www.ferrovial.com\/es-la\/#organization"},"potentialAction":[{"@type":"SearchAction","target":{"@type":"EntryPoint","urlTemplate":"https:\/\/www.ferrovial.com\/es-la\/?s={search_term_string}"},"query-input":{"@type":"PropertyValueSpecification","valueRequired":true,"valueName":"search_term_string"}}],"inLanguage":"es-419"},{"@type":"Organization","@id":"https:\/\/www.ferrovial.com\/es-la\/#organization","name":"Ferrovial S.A.","url":"https:\/\/www.ferrovial.com\/es-la\/","logo":{"@type":"ImageObject","inLanguage":"es-419","@id":"https:\/\/www.ferrovial.com\/es-la\/#\/schema\/logo\/image\/","url":"https:\/\/static.ferrovial.com\/wp-content\/uploads\/2020\/01\/13124948\/logo-ferrovial-cf7.png","contentUrl":"https:\/\/static.ferrovial.com\/wp-content\/uploads\/2020\/01\/13124948\/logo-ferrovial-cf7.png","width":144,"height":32,"caption":"Ferrovial S.A."},"image":{"@id":"https:\/\/www.ferrovial.com\/es-la\/#\/schema\/logo\/image\/"},"sameAs":["https:\/\/www.facebook.com\/ferrovial","https:\/\/x.com\/ferrovial","https:\/\/www.instagram.com\/ferrovial\/","https:\/\/www.linkedin.com\/company\/ferrovial","https:\/\/www.pinterest.es\/ferrovial\/","https:\/\/www.youtube.com\/ferrovial","https:\/\/en.wikipedia.org\/wiki\/Ferrovial"]}]}},"_links":{"self":[{"href":"https:\/\/www.ferrovial.com\/es-la\/wp-json\/wp\/v2\/pages\/326420","targetHints":{"allow":["GET"]}}],"collection":[{"href":"https:\/\/www.ferrovial.com\/es-la\/wp-json\/wp\/v2\/pages"}],"about":[{"href":"https:\/\/www.ferrovial.com\/es-la\/wp-json\/wp\/v2\/types\/page"}],"replies":[{"embeddable":true,"href":"https:\/\/www.ferrovial.com\/es-la\/wp-json\/wp\/v2\/comments?post=326420"}],"version-history":[{"count":3,"href":"https:\/\/www.ferrovial.com\/es-la\/wp-json\/wp\/v2\/pages\/326420\/revisions"}],"predecessor-version":[{"id":327581,"href":"https:\/\/www.ferrovial.com\/es-la\/wp-json\/wp\/v2\/pages\/326420\/revisions\/327581"}],"up":[{"embeddable":true,"href":"https:\/\/www.ferrovial.com\/es-la\/wp-json\/wp\/v2\/pages\/131473"}],"wp:attachment":[{"href":"https:\/\/www.ferrovial.com\/es-la\/wp-json\/wp\/v2\/media?parent=326420"}],"curies":[{"name":"wp","href":"https:\/\/api.w.org\/{rel}","templated":true}]}}