{"id":106860,"date":"2019-12-02T19:10:48","date_gmt":"2019-12-02T18:10:48","guid":{"rendered":"https:\/\/www.ferrovial.com\/?page_id=106860"},"modified":"2025-10-21T10:17:04","modified_gmt":"2025-10-21T08:17:04","slug":"comprometidos-con-la-sostenibilidad","status":"publish","type":"page","link":"https:\/\/www.ferrovial.com\/es\/f-construccion\/quienes-somos\/comprometidos-con-la-sostenibilidad\/","title":{"rendered":"Comprometidos con la sostenibilidad en Ferrovial Construcci\u00f3n"},"content":{"rendered":"    <m-final-content-header bgimage='https:\/\/static.ferrovial.com\/wp-content\/uploads\/2020\/01\/13130829\/sustainability-ferrovial-agroman-1280x720.jpg'>\n            <c-breadcrumb label-text=\"Breadcrumb\" slot=\"breadcrumbs\" type='2' align='left' wrap='wrapped wrapped' aria-label='Vienes de Qui\u00e9nes somos'>\n                        <ol>\n\n                                                            <li><a href=\"https:\/\/www.ferrovial.com\/es\/\" title=\"Ferrovial\">Ferrovial<\/a><\/li>\n                                                                        <li><a href=\"https:\/\/www.ferrovial.com\/es\/f-construccion\/\" title=\"Ferrovial Construcci\u00f3n\">Ferrovial Construcci\u00f3n<\/a><\/li>\n                                                                        <li><a href=\"https:\/\/www.ferrovial.com\/es\/f-construccion\/quienes-somos\/\" title=\"Qui\u00e9nes somos\">Qui\u00e9nes somos<\/a><\/li>\n                                    \n                <\/ol>\n\n                <\/c-breadcrumb>\n    \n        <div slot=\"header\">\n            <h1>\n                Comprometidos con la sostenibilidad            <\/h1>\n                    <\/div>\n    <\/m-final-content-header>\n\n    \n\n\n<m-wysiwig class=\"wp-block-components-wysiwyg\"><div slot=\"maincontent\">    <p class=\"intro\">La sostenibilidad es un aspecto clave en nuestras actividades y la raz\u00f3n por la cual estamos comprometidos a reducir el impacto ambiental de nuestras acciones, priorizando la seguridad de las personas, contribuyendo al desarrollo sostenible de la sociedad, y utilizando la innovaci\u00f3n como un instrumento fundamental para la productividad y la competitividad.<\/p>\n    \n\n\n<h2 class=\"wp-block-heading\">Comprometidos con el Medio Ambiente<\/h2>\n\n\n\n<p>Pretendemos contribuir positivamente a la conservaci\u00f3n del medio ambiente y hacer un uso responsable y eficiente de los recursos naturales. Consideramos el respeto al medio ambiente como una parte esencial de nuestras obras y servicios. As\u00ed, hemos incrementado sistem\u00e1ticamente nuestros ratios de reciclado de residuos y reducido nuestras tasas de consumo de combustibles f\u00f3siles, con la consiguiente reducci\u00f3n de emisiones de <strong><a href=\"https:\/\/www.ferrovial.com\/es-es\/sostenibilidad\/medio-ambiente\/huella-carbono\/reduccion-emisiones\/gei-1-2\/\">gases GEI<\/a> en un 20%<\/strong>.<\/p>\n\n\n\n<p>Hemos sido pioneros en la implantaci\u00f3n de <strong>Sistemas de Gesti\u00f3n Medioambiental ISO 14001<\/strong> y de <strong>Gesti\u00f3n de la Energ\u00eda ISO 50001<\/strong> en el sector de la Construcci\u00f3n.<\/p>\n\n\n\n<p><a href=\"https:\/\/static.ferrovial.com\/wp-content\/uploads\/2025\/10\/13124509\/politica-medio-ambiente-9-0-1.pdf\" target=\"_blank\" rel=\"noreferrer noopener\">Accede a la Pol\u00edtica de Medio Ambiente aqu\u00ed<\/a>.<\/p>\n\n\n\n<h2 class=\"wp-block-heading\">Comprometidos con la Calidad<\/h2>\n\n\n\n<p>Nuestra misi\u00f3n es realizar las obras y servicios de acuerdo a la finalidad requerida por nuestros clientes, optimizando el precio, cumpliendo el plazo y satisfaciendo los requisitos aplicables del cliente, los legales y los reglamentarios, con la mayor rentabilidad. <\/p>\n\n\n\n<p>Queremos ser reconocidos como l\u00edderes en el mercado por el <strong>alto nivel de satisfacci\u00f3n<\/strong> de nuestros clientes, empleados y accionistas. Desde junio de 1995, tenemos implantado un sistema de calidad certificado conforme a la norma <strong>ISO 9001<\/strong>.   <\/p>\n\n\n\n<p><a href=\"https:\/\/static.ferrovial.com\/wp-content\/uploads\/2025\/10\/13124506\/politica-calidad-9-0.pdf\" target=\"_blank\" rel=\"noreferrer noopener\">Accede a la Pol\u00edtica de Calidad aqu\u00ed. <\/a><\/p>\n\n\n\n<h2 class=\"wp-block-heading\">Comprometidos con la Seguridad y Salud<\/h2>\n\n\n\n<p>La realizaci\u00f3n de todas las actividades con un alto nivel de Prevenci\u00f3n de Riesgos Laborales, es un objetivo primordial en la compa\u00f1\u00eda. Por ello tenemos implementado un sistema corporativo de seguridad y salud bajo la <strong>certificaci\u00f3n OHSAS 18001<\/strong>, siendo actualmente el principal est\u00e1ndar internacional reconocido para la gesti\u00f3n de la seguridad y salud de los trabajadores.<\/p>\n\n\n\n<p>Otro de los&nbsp;pilares fundamentales para entender la gesti\u00f3n de la seguridad y salud en nuestra compa\u00f1\u00eda es el compromiso de la direcci\u00f3n, con un estilo de liderazgo participativo y visible, reforzando la cultura preventiva mediante la comunicaci\u00f3n constructiva.<\/p>\n\n\n\n<p>Finalmente, destacamos los distintos <strong>programas de seguridad y salud<\/strong> basados en el comportamiento que la empresa tiene implantados (SAFE, BIP, LIFE\u2026). Estos programas est\u00e1n focalizados en la participaci\u00f3n activa de todos los trabajadores en la mejora de las condiciones de seguridad, facilitando la incorporaci\u00f3n e integraci\u00f3n en la gesti\u00f3n de la seguridad y salud de cada proyecto.<\/p>\n\n\n\n<p><a href=\"https:\/\/static.ferrovial.com\/wp-content\/uploads\/2020\/01\/13131104\/politica-de-seguridad-y-salud-en-el-trabajo-ed-1-0-con-cajetin.pdf\">Accede a la Pol\u00edtica de Seguridad y Salud aqu\u00ed. <\/a><\/p>\n\n\n\n<figure class=\"wp-block-embed is-type-video is-provider-youtube wp-block-embed-youtube wp-embed-aspect-16-9 wp-has-aspect-ratio\"><div class=\"wp-block-embed__wrapper\">\n<iframe loading=\"lazy\" title=\"Ignacio Gast\u00f3n nos habla sobre la seguridad y la salud en construcci\u00f3n\" width=\"500\" height=\"281\" src=\"https:\/\/www.youtube.com\/embed\/y0hdMepEiMY?feature=oembed&#038;enablejsapi=1&#038;origin=https:\/\/www.ferrovial.com\" frameborder=\"0\" allow=\"accelerometer; autoplay; clipboard-write; encrypted-media; gyroscope; picture-in-picture; web-share\" referrerpolicy=\"strict-origin-when-cross-origin\" allowfullscreen><\/iframe>\n<\/div><\/figure>\n<\/div><\/m-wysiwig>\n","protected":false},"excerpt":{"rendered":"","protected":false},"featured_media":0,"parent":17995,"menu_order":0,"comment_status":"closed","ping_status":"closed","template":"","meta":{"_acf_changed":false,"footnotes":""},"class_list":["post-106860","page","type-page","status-publish","hentry"],"acf":[],"yoast_head":"<!-- This site is optimized with the Yoast SEO plugin v27.2 - https:\/\/yoast.com\/product\/yoast-seo-wordpress\/ -->\n<title>Comprometidos con la sostenibilidad en Ferrovial Construcci\u00f3n - Ferrovial<\/title>\n<meta name=\"description\" content=\"Comprometidos con la sostenibilidad, reducimos el impacto ambiental priorizando la seguridad, la innovaci\u00f3n y el desarrollo social responsable.\" \/>\n<meta name=\"robots\" content=\"index, follow, max-snippet:-1, max-image-preview:large, max-video-preview:-1\" \/>\n<link rel=\"canonical\" href=\"https:\/\/www.ferrovial.com\/es\/f-construccion\/quienes-somos\/comprometidos-con-la-sostenibilidad\/\" \/>\n<meta property=\"og:locale\" content=\"es_ES\" \/>\n<meta property=\"og:type\" content=\"article\" \/>\n<meta property=\"og:title\" content=\"Comprometidos con la sostenibilidad en Ferrovial Construcci\u00f3n - Ferrovial\" \/>\n<meta property=\"og:description\" content=\"Comprometidos con la sostenibilidad, reducimos el impacto ambiental priorizando la seguridad, la innovaci\u00f3n y el desarrollo social responsable.\" \/>\n<meta property=\"og:url\" content=\"https:\/\/www.ferrovial.com\/es\/f-construccion\/quienes-somos\/comprometidos-con-la-sostenibilidad\/\" \/>\n<meta property=\"og:site_name\" content=\"Ferrovial\" \/>\n<meta property=\"article:publisher\" content=\"https:\/\/www.facebook.com\/ferrovial\" \/>\n<meta property=\"article:modified_time\" content=\"2025-10-21T08:17:04+00:00\" \/>\n<meta name=\"twitter:card\" content=\"summary_large_image\" \/>\n<meta name=\"twitter:site\" content=\"@ferrovial\" \/>\n<meta name=\"twitter:label1\" content=\"Est. reading time\" \/>\n\t<meta name=\"twitter:data1\" content=\"2 minutos\" \/>\n<!-- \/ Yoast SEO plugin. -->","yoast_head_json":{"title":"Comprometidos con la sostenibilidad en Ferrovial Construcci\u00f3n - Ferrovial","description":"Comprometidos con la sostenibilidad, reducimos el impacto ambiental priorizando la seguridad, la innovaci\u00f3n y el desarrollo social responsable.","robots":{"index":"index","follow":"follow","max-snippet":"max-snippet:-1","max-image-preview":"max-image-preview:large","max-video-preview":"max-video-preview:-1"},"canonical":"https:\/\/www.ferrovial.com\/es\/f-construccion\/quienes-somos\/comprometidos-con-la-sostenibilidad\/","og_locale":"es_ES","og_type":"article","og_title":"Comprometidos con la sostenibilidad en Ferrovial Construcci\u00f3n - Ferrovial","og_description":"Comprometidos con la sostenibilidad, reducimos el impacto ambiental priorizando la seguridad, la innovaci\u00f3n y el desarrollo social responsable.","og_url":"https:\/\/www.ferrovial.com\/es\/f-construccion\/quienes-somos\/comprometidos-con-la-sostenibilidad\/","og_site_name":"Ferrovial","article_publisher":"https:\/\/www.facebook.com\/ferrovial","article_modified_time":"2025-10-21T08:17:04+00:00","twitter_card":"summary_large_image","twitter_site":"@ferrovial","twitter_misc":{"Est. reading time":"2 minutos"},"schema":{"@context":"https:\/\/schema.org","@graph":[{"@type":"WebPage","@id":"https:\/\/www.ferrovial.com\/es\/f-construccion\/quienes-somos\/comprometidos-con-la-sostenibilidad\/","url":"https:\/\/www.ferrovial.com\/es\/f-construccion\/quienes-somos\/comprometidos-con-la-sostenibilidad\/","name":"Comprometidos con la sostenibilidad en Ferrovial Construcci\u00f3n - Ferrovial","isPartOf":{"@id":"https:\/\/www.ferrovial.com\/es\/#website"},"datePublished":"2019-12-02T18:10:48+00:00","dateModified":"2025-10-21T08:17:04+00:00","description":"Comprometidos con la sostenibilidad, reducimos el impacto ambiental priorizando la seguridad, la innovaci\u00f3n y el desarrollo social responsable.","breadcrumb":{"@id":"https:\/\/www.ferrovial.com\/es\/f-construccion\/quienes-somos\/comprometidos-con-la-sostenibilidad\/#breadcrumb"},"inLanguage":"es","potentialAction":[{"@type":"ReadAction","target":["https:\/\/www.ferrovial.com\/es\/f-construccion\/quienes-somos\/comprometidos-con-la-sostenibilidad\/"]}]},{"@type":"BreadcrumbList","@id":"https:\/\/www.ferrovial.com\/es\/f-construccion\/quienes-somos\/comprometidos-con-la-sostenibilidad\/#breadcrumb","itemListElement":[{"@type":"ListItem","position":1,"name":"Portada","item":"https:\/\/www.ferrovial.com\/es\/"},{"@type":"ListItem","position":2,"name":"Ferrovial Construcci\u00f3n","item":"https:\/\/www.ferrovial.com\/es\/f-construccion\/"},{"@type":"ListItem","position":3,"name":"Qui\u00e9nes somos","item":"https:\/\/www.ferrovial.com\/es\/f-construccion\/quienes-somos\/"},{"@type":"ListItem","position":4,"name":"Comprometidos con la sostenibilidad en Ferrovial Construcci\u00f3n"}]},{"@type":"WebSite","@id":"https:\/\/www.ferrovial.com\/es\/#website","url":"https:\/\/www.ferrovial.com\/es\/","name":"Ferrovial","description":"Welcome to the Ferrovial&#039;s website, global operator of sustainable infrastructure. Here you can find all the information about the company and subsidiaries.","publisher":{"@id":"https:\/\/www.ferrovial.com\/es\/#organization"},"potentialAction":[{"@type":"SearchAction","target":{"@type":"EntryPoint","urlTemplate":"https:\/\/www.ferrovial.com\/es\/?s={search_term_string}"},"query-input":{"@type":"PropertyValueSpecification","valueRequired":true,"valueName":"search_term_string"}}],"inLanguage":"es"},{"@type":"Organization","@id":"https:\/\/www.ferrovial.com\/es\/#organization","name":"Ferrovial S.A.","url":"https:\/\/www.ferrovial.com\/es\/","logo":{"@type":"ImageObject","inLanguage":"es","@id":"https:\/\/www.ferrovial.com\/es\/#\/schema\/logo\/image\/","url":"https:\/\/static.ferrovial.com\/wp-content\/uploads\/2020\/01\/13124948\/logo-ferrovial-cf7.png","contentUrl":"https:\/\/static.ferrovial.com\/wp-content\/uploads\/2020\/01\/13124948\/logo-ferrovial-cf7.png","width":144,"height":32,"caption":"Ferrovial S.A."},"image":{"@id":"https:\/\/www.ferrovial.com\/es\/#\/schema\/logo\/image\/"},"sameAs":["https:\/\/www.facebook.com\/ferrovial","https:\/\/x.com\/ferrovial","https:\/\/www.instagram.com\/ferrovial\/","https:\/\/www.linkedin.com\/company\/ferrovial","https:\/\/www.pinterest.es\/ferrovial\/","https:\/\/www.youtube.com\/ferrovial","https:\/\/en.wikipedia.org\/wiki\/Ferrovial"]}]}},"_links":{"self":[{"href":"https:\/\/www.ferrovial.com\/es\/wp-json\/wp\/v2\/pages\/106860","targetHints":{"allow":["GET"]}}],"collection":[{"href":"https:\/\/www.ferrovial.com\/es\/wp-json\/wp\/v2\/pages"}],"about":[{"href":"https:\/\/www.ferrovial.com\/es\/wp-json\/wp\/v2\/types\/page"}],"replies":[{"embeddable":true,"href":"https:\/\/www.ferrovial.com\/es\/wp-json\/wp\/v2\/comments?post=106860"}],"version-history":[{"count":2,"href":"https:\/\/www.ferrovial.com\/es\/wp-json\/wp\/v2\/pages\/106860\/revisions"}],"predecessor-version":[{"id":315581,"href":"https:\/\/www.ferrovial.com\/es\/wp-json\/wp\/v2\/pages\/106860\/revisions\/315581"}],"up":[{"embeddable":true,"href":"https:\/\/www.ferrovial.com\/es\/wp-json\/wp\/v2\/pages\/17995"}],"wp:attachment":[{"href":"https:\/\/www.ferrovial.com\/es\/wp-json\/wp\/v2\/media?parent=106860"}],"curies":[{"name":"wp","href":"https:\/\/api.w.org\/{rel}","templated":true}]}}