{"id":112175,"date":"2019-11-21T13:06:03","date_gmt":"2019-11-21T12:06:03","guid":{"rendered":"https:\/\/www.ferrovial.com\/who-we-are\/"},"modified":"2025-09-24T17:06:33","modified_gmt":"2025-09-24T15:06:33","slug":"quienes-somos","status":"publish","type":"page","link":"https:\/\/www.ferrovial.com\/es\/power-infrastructure\/quienes-somos\/","title":{"rendered":"Qui\u00e9nes somos"},"content":{"rendered":"    <m-final-content-header bgimage='https:\/\/static.ferrovial.com\/wp-content\/uploads\/2019\/12\/13132015\/power-infrastructure-home.jpg'>\n            <c-breadcrumb label-text=\"Breadcrumb\" slot=\"breadcrumbs\" type='2' align='left' wrap='wrapped wrapped' aria-label='Vienes de Power Infrastructure'>\n                        <ol>\n\n                                                            <li><a href=\"https:\/\/www.ferrovial.com\/es\/\" title=\"Ferrovial\">Ferrovial<\/a><\/li>\n                                                                        <li><a href=\"https:\/\/www.ferrovial.com\/es\/power-infrastructure\/\" title=\"Power Infrastructure\">Power Infrastructure<\/a><\/li>\n                                    \n                <\/ol>\n\n                <\/c-breadcrumb>\n    \n        <div slot=\"header\">\n            <h1>\n                Qui\u00e9nes somos            <\/h1>\n                    <\/div>\n    <\/m-final-content-header>\n\n    \n\n\n<m-wysiwig class=\"wp-block-components-wysiwyg\"><div slot=\"maincontent\">    <p class=\"intro\">Integramos todas las actividades de transmisi\u00f3n el\u00e9ctrica de la compa\u00f1\u00eda. Proporcionamos soluciones integrales para el dise\u00f1o, financiaci\u00f3n, construcci\u00f3n, operaci\u00f3n y mantenimiento de nuestras l\u00edneas de transmisi\u00f3n de una manera segura, fiable y eficiente para nuestros clientes. <\/p>\n    <\/div><\/m-wysiwig>\n\n\n    <m-cyphers-basic>\n                        <div slot=\"head\">\n                                                <h3>\n                                Cifras destacadas                            <\/h3>\n                                                            <p>\n                                    Descripci\u00f3n por defecto                                <\/p>\n                                                                <a href=\"https:\/\/www.ferrovial.com\/es\/power-infrastructure\/quienes-somos\/\" title=\"Qui\u00e9nes somos\">\n                                        Qui\u00e9nes somos                                    <\/a>\n                                                    <\/div>\n                                <ul slot=\"cyphers\">\n                                                <li>\n                                                                        <p class=\"number\">\n                                            0                                        <\/p>\n                                                                                <p class=\"post\">\n                                            Accidentes                                        <\/p>\n                                                                    <\/li>\n                                                        <li>\n                                                                        <p class=\"number\">\n                                            408                                         <\/p>\n                                                                                <p class=\"post\">\n                                            km operaci\u00f3n                                        <\/p>\n                                                                    <\/li>\n                                                        <li>\n                                                                        <p class=\"number\">\n                                            99,99%                                        <\/p>\n                                                                                <p class=\"post\">\n                                            disponibilidad                                        <\/p>\n                                                                    <\/li>\n                                                        <li>\n                                                                        <p class=\"number\">\n                                            524                                        <\/p>\n                                                                                <p class=\"post\">\n                                            km Construcci\u00f3n                                        <\/p>\n                                                                    <\/li>\n                                            <\/ul>\n                    <\/m-cyphers-basic>\n\n    \n\n\n<m-wysiwig class=\"wp-block-components-wysiwyg\"><div slot=\"maincontent\">\n<h2 class=\"wp-block-heading\"><strong>Nuestros activos<\/strong>&nbsp;<\/h2>\n\n\n\n<ul class=\"wp-block-list\">\n<li> <strong>Transchile<\/strong> &nbsp;<\/li>\n<\/ul>\n\n\n\n<p>A trav\u00e9s de esta unidad de negocio poseemos, operamos y mantenemos una l\u00ednea de transmisi\u00f3n en el sur de Chile, en las regiones del B\u00edo-B\u00edo y la Araucan\u00eda. Se trata de una l\u00ednea de doble circuito de&nbsp;<strong>220kV de 204 kil\u00f3metros de longitud<\/strong>&nbsp;y una capacidad de transmisi\u00f3n de&nbsp;<strong>500 MVA por circuito<\/strong>. Bajo el control del Sistema Nacional de Transmisi\u00f3n de Chile, la l\u00ednea sirve a m\u00e1s de&nbsp;<strong>300.000 hogares<\/strong>&nbsp;en el sur del pa\u00eds.<\/p>\n\n\n\n<ul class=\"wp-block-list\">\n<li><strong> Centella<\/strong> <strong>Transmisi\u00f3n<\/strong><\/li>\n<\/ul>\n\n\n\n<p>n julio de 2018, nos adjudicamos el 100% de una concesi\u00f3n para construir y operar una l\u00ednea de transmisi\u00f3n de doble circuito de 220kV de <strong>256 kil\u00f3metros<\/strong>&nbsp;situada en la regi\u00f3n de Coquimbo, al norte de Santiago de Chile, con una capacidad nominal de&nbsp;<strong>580 MVA por circuito<\/strong>. Adem\u00e1s, el proyecto incluye la construcci\u00f3n de la Nueva Subestaci\u00f3n Centella, en la localidad de Salamanca. Mientras que&nbsp;<a href=\"https:\/\/www.ferrovial.com\/es\/f-construccion\/\">Ferrovial Construcci\u00f3n<\/a>&nbsp;est\u00e1 liderando el proyecto de construcci\u00f3n, valorado en 125 millones de d\u00f3lares, desde&nbsp;<a href=\"https:\/\/www.ferrovial.com\/es\/power-infrastructure\/\">Ferrovial Power Infrastructure<\/a>&nbsp;nos encargaremos de la gesti\u00f3n del activo una vez terminada la fase de construcci\u00f3n.<\/p>\n\n\n\n<ul class=\"wp-block-list\">\n<li><strong>Tap Mauro<\/strong><\/li>\n<\/ul>\n\n\n\n<p>En febrero de 2020, nos adjudicamos los <strong>derechos para la construcci\u00f3n, operaci\u00f3n y mantenimiento de una l\u00ednea de transmisi\u00f3n de cuatro circuitos<\/strong>. Este nuevo activo tiene una extensi\u00f3n de 3 km por circuito y permite la conexi\u00f3n de la <strong>l\u00ednea de transmisi\u00f3n Los Piuquenes-Tap Mauro y la nueva subestaci\u00f3n el\u00e9ctrica en construcci\u00f3n de Ferrovial, Centella<\/strong>, ubicada en la Regi\u00f3n de Coquimbo, al norte de Santiago. La fecha de operaci\u00f3n comercial est\u00e1 programada para 2023.<\/p>\n<\/div><\/m-wysiwig>\n\n\n\n    <m-link-list>\n                    <h3 slot=\"maintitle\">\n                Estados financieros            <\/h3>\n                    <p slot=\"text\">Descripci\u00f3n por defecto<\/p>\n                    <ul slot=\"links\">\n                                    <li>\n                        <c-link external='_blank' sr-only='Abrir en una nueva pesta\u00f1a' icon='download'>\n                            <a href=\"https:\/\/static.ferrovial.com\/wp-content\/uploads\/2025\/09\/05132152\/2024-eeff-transchile-charrua-transmision-sa-al-31-12-2024.pdf\" title=\"Estado Financiero Transchile\">\n                                Estado Financiero Transchile (PDF 745 KB)                            <\/a>\n                        <\/c-link>\n                    <\/li>\n                                    <li>\n                        <c-link external='_blank' sr-only='Abrir en una nueva pesta\u00f1a' icon='download'>\n                            <a href=\"https:\/\/static.ferrovial.com\/wp-content\/uploads\/2025\/09\/24170529\/2024-eeff-centella-transmision-sa-31-12-2024.pdf\" title=\"Estado financiero Centella\">\n                                Estado financiero Centella (PDF 786 KB)                            <\/a>\n                        <\/c-link>\n                    <\/li>\n                            <\/ul>\n            <\/m-link-list>\n    ","protected":false},"excerpt":{"rendered":"","protected":false},"featured_media":0,"parent":112360,"menu_order":0,"comment_status":"closed","ping_status":"closed","template":"","meta":{"_acf_changed":false,"footnotes":""},"class_list":["post-112175","page","type-page","status-publish","hentry"],"acf":[],"yoast_head":"<!-- This site is optimized with the Yoast SEO plugin v27.2 - https:\/\/yoast.com\/product\/yoast-seo-wordpress\/ -->\n<title>Qui\u00e9nes somos<\/title>\n<meta name=\"description\" content=\"Welcome to the Ferrovial&#039;s website, global operator of sustainable infrastructure. Here you can find all the information about the company and subsidiaries.\" \/>\n<meta name=\"robots\" content=\"index, follow, max-snippet:-1, max-image-preview:large, max-video-preview:-1\" \/>\n<link rel=\"canonical\" href=\"https:\/\/www.ferrovial.com\/es\/power-infrastructure\/quienes-somos\/\" \/>\n<meta property=\"og:locale\" content=\"es_ES\" \/>\n<meta property=\"og:type\" content=\"article\" \/>\n<meta property=\"og:title\" content=\"Qui\u00e9nes somos\" \/>\n<meta property=\"og:description\" content=\"Welcome to the Ferrovial&#039;s website, global operator of sustainable infrastructure. Here you can find all the information about the company and subsidiaries.\" \/>\n<meta property=\"og:url\" content=\"https:\/\/www.ferrovial.com\/es\/power-infrastructure\/quienes-somos\/\" \/>\n<meta property=\"og:site_name\" content=\"Ferrovial\" \/>\n<meta property=\"article:publisher\" content=\"https:\/\/www.facebook.com\/ferrovial\" \/>\n<meta property=\"article:modified_time\" content=\"2025-09-24T15:06:33+00:00\" \/>\n<meta name=\"twitter:card\" content=\"summary_large_image\" \/>\n<meta name=\"twitter:site\" content=\"@ferrovial\" \/>\n<meta name=\"twitter:label1\" content=\"Est. reading time\" \/>\n\t<meta name=\"twitter:data1\" content=\"2 minutos\" \/>\n<!-- \/ Yoast SEO plugin. -->","yoast_head_json":{"title":"Qui\u00e9nes somos","description":"Welcome to the Ferrovial's website, global operator of sustainable infrastructure. Here you can find all the information about the company and subsidiaries.","robots":{"index":"index","follow":"follow","max-snippet":"max-snippet:-1","max-image-preview":"max-image-preview:large","max-video-preview":"max-video-preview:-1"},"canonical":"https:\/\/www.ferrovial.com\/es\/power-infrastructure\/quienes-somos\/","og_locale":"es_ES","og_type":"article","og_title":"Qui\u00e9nes somos","og_description":"Welcome to the Ferrovial's website, global operator of sustainable infrastructure. Here you can find all the information about the company and subsidiaries.","og_url":"https:\/\/www.ferrovial.com\/es\/power-infrastructure\/quienes-somos\/","og_site_name":"Ferrovial","article_publisher":"https:\/\/www.facebook.com\/ferrovial","article_modified_time":"2025-09-24T15:06:33+00:00","twitter_card":"summary_large_image","twitter_site":"@ferrovial","twitter_misc":{"Est. reading time":"2 minutos"},"schema":{"@context":"https:\/\/schema.org","@graph":[{"@type":"WebPage","@id":"https:\/\/www.ferrovial.com\/es\/power-infrastructure\/quienes-somos\/","url":"https:\/\/www.ferrovial.com\/es\/power-infrastructure\/quienes-somos\/","name":"Qui\u00e9nes somos","isPartOf":{"@id":"https:\/\/www.ferrovial.com\/es\/#website"},"datePublished":"2019-11-21T12:06:03+00:00","dateModified":"2025-09-24T15:06:33+00:00","description":"Welcome to the Ferrovial's website, global operator of sustainable infrastructure. Here you can find all the information about the company and subsidiaries.","breadcrumb":{"@id":"https:\/\/www.ferrovial.com\/es\/power-infrastructure\/quienes-somos\/#breadcrumb"},"inLanguage":"es","potentialAction":[{"@type":"ReadAction","target":["https:\/\/www.ferrovial.com\/es\/power-infrastructure\/quienes-somos\/"]}]},{"@type":"BreadcrumbList","@id":"https:\/\/www.ferrovial.com\/es\/power-infrastructure\/quienes-somos\/#breadcrumb","itemListElement":[{"@type":"ListItem","position":1,"name":"Portada","item":"https:\/\/www.ferrovial.com\/es\/"},{"@type":"ListItem","position":2,"name":"Power Infrastructure","item":"https:\/\/www.ferrovial.com\/es\/power-infrastructure\/"},{"@type":"ListItem","position":3,"name":"Qui\u00e9nes somos"}]},{"@type":"WebSite","@id":"https:\/\/www.ferrovial.com\/es\/#website","url":"https:\/\/www.ferrovial.com\/es\/","name":"Ferrovial","description":"Welcome to the Ferrovial&#039;s website, global operator of sustainable infrastructure. Here you can find all the information about the company and subsidiaries.","publisher":{"@id":"https:\/\/www.ferrovial.com\/es\/#organization"},"potentialAction":[{"@type":"SearchAction","target":{"@type":"EntryPoint","urlTemplate":"https:\/\/www.ferrovial.com\/es\/?s={search_term_string}"},"query-input":{"@type":"PropertyValueSpecification","valueRequired":true,"valueName":"search_term_string"}}],"inLanguage":"es"},{"@type":"Organization","@id":"https:\/\/www.ferrovial.com\/es\/#organization","name":"Ferrovial S.A.","url":"https:\/\/www.ferrovial.com\/es\/","logo":{"@type":"ImageObject","inLanguage":"es","@id":"https:\/\/www.ferrovial.com\/es\/#\/schema\/logo\/image\/","url":"https:\/\/static.ferrovial.com\/wp-content\/uploads\/2020\/01\/13124948\/logo-ferrovial-cf7.png","contentUrl":"https:\/\/static.ferrovial.com\/wp-content\/uploads\/2020\/01\/13124948\/logo-ferrovial-cf7.png","width":144,"height":32,"caption":"Ferrovial S.A."},"image":{"@id":"https:\/\/www.ferrovial.com\/es\/#\/schema\/logo\/image\/"},"sameAs":["https:\/\/www.facebook.com\/ferrovial","https:\/\/x.com\/ferrovial","https:\/\/www.instagram.com\/ferrovial\/","https:\/\/www.linkedin.com\/company\/ferrovial","https:\/\/www.pinterest.es\/ferrovial\/","https:\/\/www.youtube.com\/ferrovial","https:\/\/en.wikipedia.org\/wiki\/Ferrovial"]}]}},"_links":{"self":[{"href":"https:\/\/www.ferrovial.com\/es\/wp-json\/wp\/v2\/pages\/112175","targetHints":{"allow":["GET"]}}],"collection":[{"href":"https:\/\/www.ferrovial.com\/es\/wp-json\/wp\/v2\/pages"}],"about":[{"href":"https:\/\/www.ferrovial.com\/es\/wp-json\/wp\/v2\/types\/page"}],"replies":[{"embeddable":true,"href":"https:\/\/www.ferrovial.com\/es\/wp-json\/wp\/v2\/comments?post=112175"}],"version-history":[{"count":3,"href":"https:\/\/www.ferrovial.com\/es\/wp-json\/wp\/v2\/pages\/112175\/revisions"}],"predecessor-version":[{"id":313844,"href":"https:\/\/www.ferrovial.com\/es\/wp-json\/wp\/v2\/pages\/112175\/revisions\/313844"}],"up":[{"embeddable":true,"href":"https:\/\/www.ferrovial.com\/es\/wp-json\/wp\/v2\/pages\/112360"}],"wp:attachment":[{"href":"https:\/\/www.ferrovial.com\/es\/wp-json\/wp\/v2\/media?parent=112175"}],"curies":[{"name":"wp","href":"https:\/\/api.w.org\/{rel}","templated":true}]}}