{"id":112428,"date":"2019-09-05T11:54:55","date_gmt":"2019-09-05T09:54:55","guid":{"rendered":"https:\/\/www.ferrovial.com\/budimex\/who-we-are\/"},"modified":"2020-04-21T20:47:16","modified_gmt":"2020-04-21T18:47:16","slug":"quienes-somos","status":"publish","type":"page","link":"https:\/\/www.ferrovial.com\/es\/budimex\/quienes-somos\/","title":{"rendered":"Qui\u00e9nes somos"},"content":{"rendered":"    <m-final-content-header bgimage='https:\/\/static.ferrovial.com\/wp-content\/uploads\/2019\/12\/13131956\/bridge-over-vistula-river-in-kwidzyn-budimex.jpg'>\n            <c-breadcrumb label-text=\"Breadcrumb\" slot=\"breadcrumbs\" type='2' align='left' wrap='wrapped wrapped' aria-label='Vienes de Budimex'>\n                        <ol>\n\n                                                            <li><a href=\"https:\/\/www.ferrovial.com\/es\/\" title=\"Ferrovial\">Ferrovial<\/a><\/li>\n                                                                        <li><a href=\"https:\/\/www.ferrovial.com\/es\/budimex\/\" title=\"Budimex\">Budimex<\/a><\/li>\n                                    \n                <\/ol>\n\n                <\/c-breadcrumb>\n    \n        <div slot=\"header\">\n            <h1>\n                \u00bfQui\u00e9nes somos?            <\/h1>\n                    <\/div>\n    <\/m-final-content-header>\n\n    \n\n\n<m-wysiwig class=\"wp-block-components-wysiwyg\"><div slot=\"maincontent\">    <p class=\"intro\">Somos una de las grandes constructoras que operan en Polonia, y contamos con el reconocimiento internacional por nuestra experiencia y conocimientos, por la competencia de nuestros trabajadores y por los emblem\u00e1ticos proyectos que hemos llevado a cabo.<\/p>\n    \n\n\n<p>Nuestros\nservicios est\u00e1n dirigidos al sector de las infraestructuras \u2014construcci\u00f3n y\nmantenimiento de carreteras, aeropuertos y edificios comerciales\u2014, la energ\u00eda,\nla industria y la ecolog\u00eda. Pero tambi\u00e9n gestionamos instalaciones\n(mantenimiento de fincas e infraestructuras) y residuos.<\/p>\n\n\n\n<p>Nuestro\nobjetivo es llevar a cabo inversiones en edificios sostenibles y prestar\nservicios que garanticen un adecuado desarrollo de la econom\u00eda y la sociedad.<\/p>\n\n\n\n<p>Una buena\nparte de nuestro \u00e9xito se debe a las personas que han hecho posible que nuestra\nempresa sea la que es en la actualidad.&nbsp;\nGracias a ellas, podemos ofrecer servicios adaptados a las necesidades\nde nuestros clientes. Y por eso los clientes conf\u00edan en nuestra experiencia,\nnuestras competencias y nuestra profesionalidad a la hora de celebrar contratos\nbasados en los est\u00e1ndares internacionales de gesti\u00f3n.<\/p>\n\n\n\n<h2 class=\"wp-block-heading\"><strong>Sostenibilidad&nbsp;<\/strong>&nbsp;<\/h2>\n\n\n\n<p>La sostenibilidad abarca el respeto por el entorno natural, los principios \u00e9ticos, la satisfacci\u00f3n del cliente y la comodidad de los usuarios. Nosotros trabajamos de un modo sostenible gracias a nuestra profesionalidad, pasi\u00f3n, eficacia y al \u00e9xito de la colaboraci\u00f3n que mantenemos con nuestros proveedores.&nbsp; <\/p>\n\n\n\n<p>El desarrollo sostenible es un compromiso que hemos asumido con las generaciones futuras a trav\u00e9s de la observancia de seis aspectos fundamentales: la seguridad, la calidad, la protecci\u00f3n del medio ambiente, la gesti\u00f3n integrada, las actividades responsables y la responsabilidad social corporativa.<\/p>\n\n\n\n<h2 class=\"wp-block-heading\"><strong>Nuestra historia&nbsp;<\/strong>&nbsp;<\/h2>\n\n\n\n<p>Nuestra historia se remonta a 1968, a\u00f1o en el que se fund\u00f3 el Centro de Comercio Exterior Budimex para el Sector de la Construcci\u00f3n, cuyo principal objetivo era la exportaci\u00f3n de servicios de construcci\u00f3n. <\/p>\n\n\n\n<p>Desde entonces, hemos alcanzado importantes metas, como la entrada en la Bolsa de Varsovia en 1995, la expansi\u00f3n al mercado internacional, el reconocimiento como mayor empresa constructora de Polonia en 1997, y la creaci\u00f3n de Budimex Unibud en 1999, como resultado de la fusi\u00f3n de Budimex Pozna\u0144 y Mostostal Krak\u00f3w.&nbsp; <\/p>\n\n\n\n<p>En 2000 demostramos y reforzamos nuestra s\u00f3lida posici\u00f3n en el mercado cuando Ferrovial, la mayor constructora del mundo, adquiri\u00f3 una participaci\u00f3n mayoritaria en nuestra empresa. Gracias a esta adquisici\u00f3n, pudimos aprovecharnos del potencial de Ferrovial, de su posici\u00f3n en el mercado y de sus conocimientos para agrandar a\u00fan m\u00e1s nuestra ventaja competitiva. En 2005 logramos introducirnos en el \u00edndice RESPECT de las empresas m\u00e1s responsables del mundo en materia de gobernanza corporativa, pol\u00edticas medioambientales y pr\u00e1cticas sociales, entre otras. <\/p>\n\n\n\n<p>En la actualidad damos trabajo a casi 5000 empleados, colaboramos todos los a\u00f1os con 12&nbsp;000 entidades y celebramos m\u00e1s de 100 contratos al a\u00f1o.<\/p>\n<\/div><\/m-wysiwig>\n","protected":false},"excerpt":{"rendered":"","protected":false},"featured_media":0,"parent":112426,"menu_order":0,"comment_status":"closed","ping_status":"closed","template":"","meta":{"_acf_changed":false,"footnotes":""},"class_list":["post-112428","page","type-page","status-publish","hentry"],"acf":[],"yoast_head":"<!-- This site is optimized with the Yoast SEO plugin v27.2 - https:\/\/yoast.com\/product\/yoast-seo-wordpress\/ -->\n<title>Qui\u00e9nes somos<\/title>\n<meta name=\"description\" content=\"Welcome to the Ferrovial&#039;s website, global operator of sustainable infrastructure. Here you can find all the information about the company and subsidiaries.\" \/>\n<meta name=\"robots\" content=\"index, follow, max-snippet:-1, max-image-preview:large, max-video-preview:-1\" \/>\n<link rel=\"canonical\" href=\"https:\/\/www.ferrovial.com\/es\/budimex\/quienes-somos\/\" \/>\n<meta property=\"og:locale\" content=\"es_ES\" \/>\n<meta property=\"og:type\" content=\"article\" \/>\n<meta property=\"og:title\" content=\"Qui\u00e9nes somos\" \/>\n<meta property=\"og:description\" content=\"Welcome to the Ferrovial&#039;s website, global operator of sustainable infrastructure. Here you can find all the information about the company and subsidiaries.\" \/>\n<meta property=\"og:url\" content=\"https:\/\/www.ferrovial.com\/es\/budimex\/quienes-somos\/\" \/>\n<meta property=\"og:site_name\" content=\"Ferrovial\" \/>\n<meta property=\"article:publisher\" content=\"https:\/\/www.facebook.com\/ferrovial\" \/>\n<meta property=\"article:modified_time\" content=\"2020-04-21T18:47:16+00:00\" \/>\n<meta name=\"twitter:card\" content=\"summary_large_image\" \/>\n<meta name=\"twitter:site\" content=\"@ferrovial\" \/>\n<meta name=\"twitter:label1\" content=\"Est. reading time\" \/>\n\t<meta name=\"twitter:data1\" content=\"2 minutos\" \/>\n<!-- \/ Yoast SEO plugin. -->","yoast_head_json":{"title":"Qui\u00e9nes somos","description":"Welcome to the Ferrovial's website, global operator of sustainable infrastructure. Here you can find all the information about the company and subsidiaries.","robots":{"index":"index","follow":"follow","max-snippet":"max-snippet:-1","max-image-preview":"max-image-preview:large","max-video-preview":"max-video-preview:-1"},"canonical":"https:\/\/www.ferrovial.com\/es\/budimex\/quienes-somos\/","og_locale":"es_ES","og_type":"article","og_title":"Qui\u00e9nes somos","og_description":"Welcome to the Ferrovial's website, global operator of sustainable infrastructure. Here you can find all the information about the company and subsidiaries.","og_url":"https:\/\/www.ferrovial.com\/es\/budimex\/quienes-somos\/","og_site_name":"Ferrovial","article_publisher":"https:\/\/www.facebook.com\/ferrovial","article_modified_time":"2020-04-21T18:47:16+00:00","twitter_card":"summary_large_image","twitter_site":"@ferrovial","twitter_misc":{"Est. reading time":"2 minutos"},"schema":{"@context":"https:\/\/schema.org","@graph":[{"@type":"WebPage","@id":"https:\/\/www.ferrovial.com\/es\/budimex\/quienes-somos\/","url":"https:\/\/www.ferrovial.com\/es\/budimex\/quienes-somos\/","name":"Qui\u00e9nes somos","isPartOf":{"@id":"https:\/\/www.ferrovial.com\/es\/#website"},"datePublished":"2019-09-05T09:54:55+00:00","dateModified":"2020-04-21T18:47:16+00:00","description":"Welcome to the Ferrovial's website, global operator of sustainable infrastructure. Here you can find all the information about the company and subsidiaries.","breadcrumb":{"@id":"https:\/\/www.ferrovial.com\/es\/budimex\/quienes-somos\/#breadcrumb"},"inLanguage":"es","potentialAction":[{"@type":"ReadAction","target":["https:\/\/www.ferrovial.com\/es\/budimex\/quienes-somos\/"]}]},{"@type":"BreadcrumbList","@id":"https:\/\/www.ferrovial.com\/es\/budimex\/quienes-somos\/#breadcrumb","itemListElement":[{"@type":"ListItem","position":1,"name":"Portada","item":"https:\/\/www.ferrovial.com\/es\/"},{"@type":"ListItem","position":2,"name":"Budimex","item":"https:\/\/www.ferrovial.com\/es\/budimex\/"},{"@type":"ListItem","position":3,"name":"Qui\u00e9nes somos"}]},{"@type":"WebSite","@id":"https:\/\/www.ferrovial.com\/es\/#website","url":"https:\/\/www.ferrovial.com\/es\/","name":"Ferrovial","description":"Welcome to the Ferrovial&#039;s website, global operator of sustainable infrastructure. Here you can find all the information about the company and subsidiaries.","publisher":{"@id":"https:\/\/www.ferrovial.com\/es\/#organization"},"potentialAction":[{"@type":"SearchAction","target":{"@type":"EntryPoint","urlTemplate":"https:\/\/www.ferrovial.com\/es\/?s={search_term_string}"},"query-input":{"@type":"PropertyValueSpecification","valueRequired":true,"valueName":"search_term_string"}}],"inLanguage":"es"},{"@type":"Organization","@id":"https:\/\/www.ferrovial.com\/es\/#organization","name":"Ferrovial S.A.","url":"https:\/\/www.ferrovial.com\/es\/","logo":{"@type":"ImageObject","inLanguage":"es","@id":"https:\/\/www.ferrovial.com\/es\/#\/schema\/logo\/image\/","url":"https:\/\/static.ferrovial.com\/wp-content\/uploads\/2020\/01\/13124948\/logo-ferrovial-cf7.png","contentUrl":"https:\/\/static.ferrovial.com\/wp-content\/uploads\/2020\/01\/13124948\/logo-ferrovial-cf7.png","width":144,"height":32,"caption":"Ferrovial S.A."},"image":{"@id":"https:\/\/www.ferrovial.com\/es\/#\/schema\/logo\/image\/"},"sameAs":["https:\/\/www.facebook.com\/ferrovial","https:\/\/x.com\/ferrovial","https:\/\/www.instagram.com\/ferrovial\/","https:\/\/www.linkedin.com\/company\/ferrovial","https:\/\/www.pinterest.es\/ferrovial\/","https:\/\/www.youtube.com\/ferrovial","https:\/\/en.wikipedia.org\/wiki\/Ferrovial"]}]}},"_links":{"self":[{"href":"https:\/\/www.ferrovial.com\/es\/wp-json\/wp\/v2\/pages\/112428","targetHints":{"allow":["GET"]}}],"collection":[{"href":"https:\/\/www.ferrovial.com\/es\/wp-json\/wp\/v2\/pages"}],"about":[{"href":"https:\/\/www.ferrovial.com\/es\/wp-json\/wp\/v2\/types\/page"}],"replies":[{"embeddable":true,"href":"https:\/\/www.ferrovial.com\/es\/wp-json\/wp\/v2\/comments?post=112428"}],"version-history":[{"count":3,"href":"https:\/\/www.ferrovial.com\/es\/wp-json\/wp\/v2\/pages\/112428\/revisions"}],"predecessor-version":[{"id":157771,"href":"https:\/\/www.ferrovial.com\/es\/wp-json\/wp\/v2\/pages\/112428\/revisions\/157771"}],"up":[{"embeddable":true,"href":"https:\/\/www.ferrovial.com\/es\/wp-json\/wp\/v2\/pages\/112426"}],"wp:attachment":[{"href":"https:\/\/www.ferrovial.com\/es\/wp-json\/wp\/v2\/media?parent=112428"}],"curies":[{"name":"wp","href":"https:\/\/api.w.org\/{rel}","templated":true}]}}