{"id":112429,"date":"2019-09-05T11:55:28","date_gmt":"2019-09-05T09:55:28","guid":{"rendered":"https:\/\/www.ferrovial.com\/budimex\/what-we-do\/"},"modified":"2020-04-21T20:47:52","modified_gmt":"2020-04-21T18:47:52","slug":"que-hacemos","status":"publish","type":"page","link":"https:\/\/www.ferrovial.com\/es\/budimex\/que-hacemos\/","title":{"rendered":"\u00bfQu\u00e9 hacemos?"},"content":{"rendered":"    <m-final-content-header bgimage='https:\/\/static.ferrovial.com\/wp-content\/uploads\/2019\/12\/13131959\/bridge-over-vistula-river-in-kwidzyn-budimex-2-1280x720.jpg'>\n            <c-breadcrumb label-text=\"Breadcrumb\" slot=\"breadcrumbs\" type='2' align='left' wrap='wrapped wrapped' aria-label='Vienes de Budimex'>\n                        <ol>\n\n                                                            <li><a href=\"https:\/\/www.ferrovial.com\/es\/\" title=\"Ferrovial\">Ferrovial<\/a><\/li>\n                                                                        <li><a href=\"https:\/\/www.ferrovial.com\/es\/budimex\/\" title=\"Budimex\">Budimex<\/a><\/li>\n                                    \n                <\/ol>\n\n                <\/c-breadcrumb>\n    \n        <div slot=\"header\">\n            <h1>\n                \u00bfQu\u00e9 hacemos?            <\/h1>\n                    <\/div>\n    <\/m-final-content-header>\n\n    \n\n\n<m-wysiwig class=\"wp-block-components-wysiwyg\"><div slot=\"maincontent\">    <p class=\"intro\">Somos una empresa constructora que presta una gran variedad de servicios, entre los que se encuentra la construcci\u00f3n de edificios p\u00fablicos, comerciales, industriales, residenciales e instalaciones deportivas. Y lo hacemos implic\u00e1ndonos cada vez m\u00e1s en los sectores de la gesti\u00f3n de instalaciones (mantenimiento de fincas e infraestructuras) y de residuos. <\/p>\n    \n\n\n<p>Adem\u00e1s de estos servicios, poseemos y explotamos varias f\u00e1bricas de mezclas bituminosas, grandes laboratorios e instalaciones tecnol\u00f3gicas.&nbsp;&nbsp;<\/p>\n\n\n\n<h2 class=\"wp-block-heading\"><strong>Construcci\u00f3n<\/strong>&nbsp;&nbsp;<\/h2>\n\n\n\n<p>Nuestra divisi\u00f3n de construcci\u00f3n abarca todo el pa\u00eds y ofrece todo tipo de servicios. Gracias a la envergadura de nuestra organizaci\u00f3n, podemos llevar a cabo simult\u00e1neamente varios proyectos de gran tama\u00f1o.&nbsp;&nbsp;<\/p>\n\n\n\n<p>Pero tambi\u00e9n prestamos servicios integrales en cada etapa del proceso de construcci\u00f3n ofreciendo a nuestros clientes las mejores soluciones tecnol\u00f3gicas.\u202f&nbsp;&nbsp;<\/p>\n\n\n\n<p>Todos estos servicios est\u00e1n respaldados por las empresas del Grupo: FBSerwis, una empresa que presta servicios integrales de gesti\u00f3n de instalaciones, y Mostostal Krak\u00f3w, una empresa especializada en la fabricaci\u00f3n de estructuras de acero.<\/p>\n\n\n\n<h2 class=\"wp-block-heading\"><strong>Protecci\u00f3n del medio ambiente<\/strong>&nbsp;<\/h2>\n\n\n\n<p> A trav\u00e9s de la construcci\u00f3n, modernizaci\u00f3n y ampliaci\u00f3n de instalaciones de gesti\u00f3n de residuos y depuraci\u00f3n de aguas residuales, contribuimos a la reducci\u00f3n del impacto negativo que nuestras actividades puedan tener en el medio natural. <\/p>\n\n\n\n<p>Un ejemplo de ello es nuestro trabajo en la estaci\u00f3n depuradora de aguas residuales de Breslavia. Tras las obras de reconstrucci\u00f3n, su capacidad aument\u00f3 hasta los 140&nbsp;000 m<sup>3<\/sup> de media al d\u00eda. Esta mejora de la capacidad permite recoger las aguas residuales no solo de la ciudad, sino tambi\u00e9n de las comunidades vecinas.<\/p>\n\n\n\n<p>Tambi\u00e9n participamos en la construcci\u00f3n de la primera planta de reciclaje de Polonia. Esta nueva planta de incineraci\u00f3n se encuentra en Varsovia, y constituye un pilar fundamental del sistema municipal de gesti\u00f3n de residuos. <\/p>\n\n\n\n<h2 class=\"wp-block-heading\"><strong>Proyectos de energ\u00eda e industriales<\/strong>&nbsp;&nbsp;<\/h2>\n\n\n\n<p> Los sectores energ\u00e9tico e industrial resultan de vital importancia para nuestra expansi\u00f3n internacional, y nuestra presencia en este mercado se remonta ya a varios a\u00f1os atr\u00e1s. Ofrecemos la implementaci\u00f3n de proyectos tanto en solitario como en colaboraci\u00f3n con otras empresas de los sectores de la energ\u00eda y la industria para ofrecer a nuestros clientes las soluciones m\u00e1s innovadoras. &nbsp;<\/p>\n\n\n\n<h2 class=\"wp-block-heading\"><strong>Equipamiento<\/strong>&nbsp;&nbsp;<\/h2>\n\n\n\n<p>Contamos con personal altamente cualificado y modernos equipos para realizar movimientos de tierras, aplicaci\u00f3n de mezclas, pavimentado, trabajos de apilado y elevaci\u00f3n y transporte profesional sobre plataformas planas.&nbsp;<\/p>\n\n\n\n<h2 class=\"wp-block-heading\"><strong>Mezclas bituminosas<\/strong>&nbsp;<\/h2>\n\n\n\n<p>Poseemos varias f\u00e1bricas de mezclas bituminosas en Polonia con una capacidad de 320 toneladas por hora y unos 3,5 millones de toneladas al a\u00f1o.&nbsp;<\/p>\n\n\n\n<p>Y tenemos una gran experiencia en la tecnolog\u00eda de reciclaje de este producto. Nuestros excelentes laboratorios e instalaciones t\u00e9cnicas nos permiten producir las mejores mezclas de minerales y asfalto sin perder de vista los requisitos t\u00e9cnicos y los costes del material. Nuestras mezclas respetan la normativa europea para productos de construcci\u00f3n, y se venden a un precio muy competitivo.&nbsp;<\/p>\n\n\n\n<h2 class=\"wp-block-heading\">&nbsp;<strong>Servicios de laboratorio<\/strong>&nbsp;<\/h2>\n\n\n\n<p>&nbsp; Nuestros laboratorios e instalaciones t\u00e9cnicas en Polonia nos permiten llevar a cabo un continuo control de la calidad de las labores de construcci\u00f3n y su posterior seguimiento. Contamos con la autorizaci\u00f3n n\u00famero AB1414 del Centro Polaco de Acreditaci\u00f3n.<\/p>\n\n\n\n<p>&nbsp;Sabemos lo importante que es mejorar constantemente los m\u00e9todos de investigaci\u00f3n. Por este motivo, colaboramos con instituciones cient\u00edficas de renombre para realizar ensayos comparativos de laboratorio y de competencias. Gracias a ello, gozamos de una gran reputaci\u00f3n en el mercado por nuestra fiabilidad y prestigio.<\/p>\n<\/div><\/m-wysiwig>\n","protected":false},"excerpt":{"rendered":"","protected":false},"featured_media":0,"parent":112426,"menu_order":0,"comment_status":"closed","ping_status":"closed","template":"","meta":{"_acf_changed":false,"footnotes":""},"class_list":["post-112429","page","type-page","status-publish","hentry"],"acf":[],"yoast_head":"<!-- This site is optimized with the Yoast SEO plugin v27.2 - https:\/\/yoast.com\/product\/yoast-seo-wordpress\/ -->\n<title>\u00bfQu\u00e9 hacemos?<\/title>\n<meta name=\"description\" content=\"Welcome to the Ferrovial&#039;s website, global operator of sustainable infrastructure. Here you can find all the information about the company and subsidiaries.\" \/>\n<meta name=\"robots\" content=\"index, follow, max-snippet:-1, max-image-preview:large, max-video-preview:-1\" \/>\n<link rel=\"canonical\" href=\"https:\/\/www.ferrovial.com\/es\/budimex\/que-hacemos\/\" \/>\n<meta property=\"og:locale\" content=\"es_ES\" \/>\n<meta property=\"og:type\" content=\"article\" \/>\n<meta property=\"og:title\" content=\"\u00bfQu\u00e9 hacemos?\" \/>\n<meta property=\"og:description\" content=\"Welcome to the Ferrovial&#039;s website, global operator of sustainable infrastructure. Here you can find all the information about the company and subsidiaries.\" \/>\n<meta property=\"og:url\" content=\"https:\/\/www.ferrovial.com\/es\/budimex\/que-hacemos\/\" \/>\n<meta property=\"og:site_name\" content=\"Ferrovial\" \/>\n<meta property=\"article:publisher\" content=\"https:\/\/www.facebook.com\/ferrovial\" \/>\n<meta property=\"article:modified_time\" content=\"2020-04-21T18:47:52+00:00\" \/>\n<meta name=\"twitter:card\" content=\"summary_large_image\" \/>\n<meta name=\"twitter:site\" content=\"@ferrovial\" \/>\n<meta name=\"twitter:label1\" content=\"Est. reading time\" \/>\n\t<meta name=\"twitter:data1\" content=\"3 minutos\" \/>\n<!-- \/ Yoast SEO plugin. -->","yoast_head_json":{"title":"\u00bfQu\u00e9 hacemos?","description":"Welcome to the Ferrovial's website, global operator of sustainable infrastructure. Here you can find all the information about the company and subsidiaries.","robots":{"index":"index","follow":"follow","max-snippet":"max-snippet:-1","max-image-preview":"max-image-preview:large","max-video-preview":"max-video-preview:-1"},"canonical":"https:\/\/www.ferrovial.com\/es\/budimex\/que-hacemos\/","og_locale":"es_ES","og_type":"article","og_title":"\u00bfQu\u00e9 hacemos?","og_description":"Welcome to the Ferrovial's website, global operator of sustainable infrastructure. Here you can find all the information about the company and subsidiaries.","og_url":"https:\/\/www.ferrovial.com\/es\/budimex\/que-hacemos\/","og_site_name":"Ferrovial","article_publisher":"https:\/\/www.facebook.com\/ferrovial","article_modified_time":"2020-04-21T18:47:52+00:00","twitter_card":"summary_large_image","twitter_site":"@ferrovial","twitter_misc":{"Est. reading time":"3 minutos"},"schema":{"@context":"https:\/\/schema.org","@graph":[{"@type":"WebPage","@id":"https:\/\/www.ferrovial.com\/es\/budimex\/que-hacemos\/","url":"https:\/\/www.ferrovial.com\/es\/budimex\/que-hacemos\/","name":"\u00bfQu\u00e9 hacemos?","isPartOf":{"@id":"https:\/\/www.ferrovial.com\/es\/#website"},"datePublished":"2019-09-05T09:55:28+00:00","dateModified":"2020-04-21T18:47:52+00:00","description":"Welcome to the Ferrovial's website, global operator of sustainable infrastructure. Here you can find all the information about the company and subsidiaries.","breadcrumb":{"@id":"https:\/\/www.ferrovial.com\/es\/budimex\/que-hacemos\/#breadcrumb"},"inLanguage":"es","potentialAction":[{"@type":"ReadAction","target":["https:\/\/www.ferrovial.com\/es\/budimex\/que-hacemos\/"]}]},{"@type":"BreadcrumbList","@id":"https:\/\/www.ferrovial.com\/es\/budimex\/que-hacemos\/#breadcrumb","itemListElement":[{"@type":"ListItem","position":1,"name":"Portada","item":"https:\/\/www.ferrovial.com\/es\/"},{"@type":"ListItem","position":2,"name":"Budimex","item":"https:\/\/www.ferrovial.com\/es\/budimex\/"},{"@type":"ListItem","position":3,"name":"\u00bfQu\u00e9 hacemos?"}]},{"@type":"WebSite","@id":"https:\/\/www.ferrovial.com\/es\/#website","url":"https:\/\/www.ferrovial.com\/es\/","name":"Ferrovial","description":"Welcome to the Ferrovial&#039;s website, global operator of sustainable infrastructure. Here you can find all the information about the company and subsidiaries.","publisher":{"@id":"https:\/\/www.ferrovial.com\/es\/#organization"},"potentialAction":[{"@type":"SearchAction","target":{"@type":"EntryPoint","urlTemplate":"https:\/\/www.ferrovial.com\/es\/?s={search_term_string}"},"query-input":{"@type":"PropertyValueSpecification","valueRequired":true,"valueName":"search_term_string"}}],"inLanguage":"es"},{"@type":"Organization","@id":"https:\/\/www.ferrovial.com\/es\/#organization","name":"Ferrovial S.A.","url":"https:\/\/www.ferrovial.com\/es\/","logo":{"@type":"ImageObject","inLanguage":"es","@id":"https:\/\/www.ferrovial.com\/es\/#\/schema\/logo\/image\/","url":"https:\/\/static.ferrovial.com\/wp-content\/uploads\/2020\/01\/13124948\/logo-ferrovial-cf7.png","contentUrl":"https:\/\/static.ferrovial.com\/wp-content\/uploads\/2020\/01\/13124948\/logo-ferrovial-cf7.png","width":144,"height":32,"caption":"Ferrovial S.A."},"image":{"@id":"https:\/\/www.ferrovial.com\/es\/#\/schema\/logo\/image\/"},"sameAs":["https:\/\/www.facebook.com\/ferrovial","https:\/\/x.com\/ferrovial","https:\/\/www.instagram.com\/ferrovial\/","https:\/\/www.linkedin.com\/company\/ferrovial","https:\/\/www.pinterest.es\/ferrovial\/","https:\/\/www.youtube.com\/ferrovial","https:\/\/en.wikipedia.org\/wiki\/Ferrovial"]}]}},"_links":{"self":[{"href":"https:\/\/www.ferrovial.com\/es\/wp-json\/wp\/v2\/pages\/112429","targetHints":{"allow":["GET"]}}],"collection":[{"href":"https:\/\/www.ferrovial.com\/es\/wp-json\/wp\/v2\/pages"}],"about":[{"href":"https:\/\/www.ferrovial.com\/es\/wp-json\/wp\/v2\/types\/page"}],"replies":[{"embeddable":true,"href":"https:\/\/www.ferrovial.com\/es\/wp-json\/wp\/v2\/comments?post=112429"}],"version-history":[{"count":3,"href":"https:\/\/www.ferrovial.com\/es\/wp-json\/wp\/v2\/pages\/112429\/revisions"}],"predecessor-version":[{"id":145759,"href":"https:\/\/www.ferrovial.com\/es\/wp-json\/wp\/v2\/pages\/112429\/revisions\/145759"}],"up":[{"embeddable":true,"href":"https:\/\/www.ferrovial.com\/es\/wp-json\/wp\/v2\/pages\/112426"}],"wp:attachment":[{"href":"https:\/\/www.ferrovial.com\/es\/wp-json\/wp\/v2\/media?parent=112429"}],"curies":[{"name":"wp","href":"https:\/\/api.w.org\/{rel}","templated":true}]}}