{"id":113692,"date":"2019-11-20T16:47:51","date_gmt":"2019-11-20T15:47:51","guid":{"rendered":"https:\/\/www.ferrovial.com\/webber\/que-hacemos\/heavy-civil\/"},"modified":"2025-07-27T17:57:06","modified_gmt":"2025-07-27T15:57:06","slug":"obra-civil","status":"publish","type":"page","link":"https:\/\/www.ferrovial.com\/es\/webber\/que-hacemos\/obra-civil\/","title":{"rendered":"Obra Civil"},"content":{"rendered":"    <m-hero type='reduced' :translations='{\n        &quot;play&quot;:&quot;Reproducir v\u00eddeo de fondo&quot;,\n        &quot;pause&quot;:&quot;Pausar v\u00eddeo de fondo&quot;,\n        &quot;prev&quot;:&quot;Anterior&quot;,\n        &quot;next&quot;:&quot;Siguiente&quot;,\n        &quot;paginationseparator&quot;:&quot;de&quot;,\n        &quot;goto&quot;:&quot;Ir al slide&quot;,\n        &quot;external&quot;:&quot;Abrir una nueva ventana&quot;\n    }'>\n            <c-breadcrumb label-text=\"Breadcrumb\" slot=\"breadcrumbs\" type='1' align='left left' wrap='wrapped wrapped' aria-label='Vienes de \u00bfQu\u00e9 hacemos?'>\n                        <ol>\n\n                                                            <li><a href=\"https:\/\/www.ferrovial.com\/es\/\" title=\"Ferrovial\">Ferrovial<\/a><\/li>\n                                                                        <li><a href=\"https:\/\/www.ferrovial.com\/es\/webber\/\" title=\"Webber\">Webber<\/a><\/li>\n                                                                        <li><a href=\"https:\/\/www.ferrovial.com\/es\/webber\/que-hacemos\/\" title=\"\u00bfQu\u00e9 hacemos?\">\u00bfQu\u00e9 hacemos?<\/a><\/li>\n                                    \n                <\/ol>\n\n                <\/c-breadcrumb>\n    \n                        <div slot=\"carouselItem\">\n                            <c-background-video :sources=\"['https:\/\/static.ferrovial.com\/wp-content\/uploads\/2020\/01\/13130732\/webber_bucle_01_1.mp4']\" position=\"center center\" poster=\"https:\/\/static.ferrovial.com\/wp-content\/uploads\/2019\/11\/13142036\/heavy-cil-highway-construction-screenshot.png\" :translations=\"{&quot;play&quot;:&quot;Reproducir v\u00eddeo de fondo&quot;,&quot;pause&quot;:&quot;Pausar v\u00eddeo de fondo&quot;}\"><\/c-background-video>\n                        <\/div>\n        <section slot=\"hero\">\n            <article>\n                                        <h1>\n                            Obra Civil                        <\/h1>\n                                                <p>Descripci\u00f3n por defecto<\/p>\n                                    <\/article>\n        <\/section>\n    <\/m-hero>\n\n    \n\n    <m-introduction-subhome type='primary' pathfront='1' pathback='2'>\n        <img decoding=\"async\" class=\"dots hidden\" slot=\"bg\" src=\"https:\/\/www.ferrovial.com\/wp-content\/themes\/global\/front\/dist\/static\/img\/dots.svg\" alt=\"\" \/>\n                        <img decoding=\"async\" slot=\"logo\" src=\"https:\/\/static.ferrovial.com\/wp-content\/uploads\/2019\/11\/13141950\/webber-heavy-civil.png\" alt=\"webber heavy civil icon\" \/>\n                                <h3 slot=\"title\">\n                    Desde 1964                <\/h3>\n                                <p slot=\"description\">\n                    Durante los \u00faltimos 60 a\u00f1os, nos hemos establecido como una de las empresas de construcci\u00f3n de infraestructuras de transporte m\u00e1s grandes de Texas.                <\/p>\n                    <\/m-introduction-subhome>\n    \n\n\n<m-wysiwig class=\"wp-block-components-wysiwyg\"><div slot=\"maincontent\">\n<p>Nos enorgullece ofrecer a nuestros clientes el m\u00e1s alto nivel de servicio e innovaci\u00f3n para una variedad de obras civiles, incluidas autopistas y puentes, proyectos de tr\u00e1nsito y ferrocarril, puertos y terminales mar\u00edtimas y aeropuertos. Nuestros 3.000 miembros de la tripulaci\u00f3n, junto con nuestra red global de ingenieros altamente cualificados, tienen la experiencia para hacer que cualquier proyecto de obra civil tenga \u00e9xito de principio a fin.<\/p>\n<\/div><\/m-wysiwig>\n\n\n    <m-projects-distributor2 :translations='{\n        &quot;prev&quot;:&quot;Anterior&quot;,\n        &quot;next&quot;:&quot;Siguiente&quot;,\n        &quot;paginationseparator&quot;:&quot;de&quot;\n    }'>\n                        <h2 slot=\"label\">\n                    Actividades                <\/h2>\n                                <h3 slot=\"title\">\n                Nuestros proyectos                <\/h3>\n                        <a slot='button' title='Descubre nuestros proyectos' href='https:\/\/www.ferrovial.com\/es\/webber\/proyectos\/'>\n            Descubre nuestros proyectos        <\/a>\n\n                            <c-card slot=\"carouselItems\" type=\"type-1\" link=\"https:\/\/www.ferrovial.com\/es\/negocio\/proyectos\/wvm-segmento-5-de-la-autopista-us-290\/\"  >\n                                                <img slot='background' src='https:\/\/static.ferrovial.com\/wp-content\/uploads\/2019\/11\/13132150\/us-290-segment-5-1604226164-360x640.jpg' alt='WVM US 290 Segment 5' \/>\n                                                        <h3 slot=\"title\" role=\"listitem\">\n                                    Segmento 5 autopista US 290, Texas                                <\/h3>\n                                                                                <c-link slot=\"link\" type=\"negative\">\n                            <a href=\"https:\/\/www.ferrovial.com\/es\/negocio\/proyectos\/wvm-segmento-5-de-la-autopista-us-290\/\">\n                                Descubra el proyecto                            <\/a>\n                        <\/c-link>\n                    <\/c-card>\n                                        <c-card slot=\"carouselItems\" type=\"type-1\" link=\"https:\/\/www.ferrovial.com\/es\/negocio\/proyectos\/wvq-sl-8-harris-county-houston\/\"  >\n                                                <img slot='background' src='https:\/\/static.ferrovial.com\/wp-content\/uploads\/2019\/11\/13132146\/sl8-harris-county-1511236017-1-360x640.jpg' alt='WVQ SL 8 Harris County, Houston' \/>\n                                                        <h3 slot=\"title\" role=\"listitem\">\n                                    North Loop West, Texas                                <\/h3>\n                                                                                <c-link slot=\"link\" type=\"negative\">\n                            <a href=\"https:\/\/www.ferrovial.com\/es\/negocio\/proyectos\/wvq-sl-8-harris-county-houston\/\">\n                                Descubra el proyecto                            <\/a>\n                        <\/c-link>\n                    <\/c-card>\n                        <\/m-projects-distributor2>\n\n    ","protected":false},"excerpt":{"rendered":"","protected":false},"featured_media":0,"parent":18035,"menu_order":0,"comment_status":"closed","ping_status":"closed","template":"","meta":{"_acf_changed":false,"footnotes":""},"class_list":["post-113692","page","type-page","status-publish","hentry"],"acf":[],"yoast_head":"<!-- This site is optimized with the Yoast SEO plugin v27.2 - https:\/\/yoast.com\/product\/yoast-seo-wordpress\/ -->\n<title>Expertos en obra civil en EEUU - Webber<\/title>\n<meta name=\"description\" content=\"Empresa l\u00edder en construcci\u00f3n de obra civil en EEUU. Webber cuenta con a\u00f1os de experiencia en el sector construcci\u00f3n, lo que la convierte en ...\" \/>\n<meta name=\"robots\" content=\"index, follow, max-snippet:-1, max-image-preview:large, max-video-preview:-1\" \/>\n<link rel=\"canonical\" href=\"https:\/\/www.ferrovial.com\/es\/webber\/que-hacemos\/obra-civil\/\" \/>\n<meta property=\"og:locale\" content=\"es_ES\" \/>\n<meta property=\"og:type\" content=\"article\" \/>\n<meta property=\"og:title\" content=\"Expertos en obra civil en EEUU - Webber\" \/>\n<meta property=\"og:description\" content=\"Empresa l\u00edder en construcci\u00f3n de obra civil en EEUU. Webber cuenta con a\u00f1os de experiencia en el sector construcci\u00f3n, lo que la convierte en ...\" \/>\n<meta property=\"og:url\" content=\"https:\/\/www.ferrovial.com\/es\/webber\/que-hacemos\/obra-civil\/\" \/>\n<meta property=\"og:site_name\" content=\"Ferrovial\" \/>\n<meta property=\"article:publisher\" content=\"https:\/\/www.facebook.com\/ferrovial\" \/>\n<meta property=\"article:modified_time\" content=\"2025-07-27T15:57:06+00:00\" \/>\n<meta property=\"og:image\" content=\"https:\/\/www.ferrovial.com\/wp-content\/themes\/global\/front\/dist\/static\/img\/dots.svg\" \/>\n<meta name=\"twitter:card\" content=\"summary_large_image\" \/>\n<meta name=\"twitter:site\" content=\"@ferrovial\" \/>\n<meta name=\"twitter:label1\" content=\"Est. reading time\" \/>\n\t<meta name=\"twitter:data1\" content=\"1 minuto\" \/>\n<!-- \/ Yoast SEO plugin. -->","yoast_head_json":{"title":"Expertos en obra civil en EEUU - Webber","description":"Empresa l\u00edder en construcci\u00f3n de obra civil en EEUU. Webber cuenta con a\u00f1os de experiencia en el sector construcci\u00f3n, lo que la convierte en ...","robots":{"index":"index","follow":"follow","max-snippet":"max-snippet:-1","max-image-preview":"max-image-preview:large","max-video-preview":"max-video-preview:-1"},"canonical":"https:\/\/www.ferrovial.com\/es\/webber\/que-hacemos\/obra-civil\/","og_locale":"es_ES","og_type":"article","og_title":"Expertos en obra civil en EEUU - Webber","og_description":"Empresa l\u00edder en construcci\u00f3n de obra civil en EEUU. Webber cuenta con a\u00f1os de experiencia en el sector construcci\u00f3n, lo que la convierte en ...","og_url":"https:\/\/www.ferrovial.com\/es\/webber\/que-hacemos\/obra-civil\/","og_site_name":"Ferrovial","article_publisher":"https:\/\/www.facebook.com\/ferrovial","article_modified_time":"2025-07-27T15:57:06+00:00","og_image":[{"url":"https:\/\/www.ferrovial.com\/wp-content\/themes\/global\/front\/dist\/static\/img\/dots.svg","type":"","width":"","height":""}],"twitter_card":"summary_large_image","twitter_site":"@ferrovial","twitter_misc":{"Est. reading time":"1 minuto"},"schema":{"@context":"https:\/\/schema.org","@graph":[{"@type":"WebPage","@id":"https:\/\/www.ferrovial.com\/es\/webber\/que-hacemos\/obra-civil\/","url":"https:\/\/www.ferrovial.com\/es\/webber\/que-hacemos\/obra-civil\/","name":"Expertos en obra civil en EEUU - Webber","isPartOf":{"@id":"https:\/\/www.ferrovial.com\/es\/#website"},"primaryImageOfPage":{"@id":"https:\/\/www.ferrovial.com\/es\/webber\/que-hacemos\/obra-civil\/#primaryimage"},"image":{"@id":"https:\/\/www.ferrovial.com\/es\/webber\/que-hacemos\/obra-civil\/#primaryimage"},"thumbnailUrl":"https:\/\/www.ferrovial.com\/wp-content\/themes\/global\/front\/dist\/static\/img\/dots.svg","datePublished":"2019-11-20T15:47:51+00:00","dateModified":"2025-07-27T15:57:06+00:00","description":"Empresa l\u00edder en construcci\u00f3n de obra civil en EEUU. Webber cuenta con a\u00f1os de experiencia en el sector construcci\u00f3n, lo que la convierte en ...","breadcrumb":{"@id":"https:\/\/www.ferrovial.com\/es\/webber\/que-hacemos\/obra-civil\/#breadcrumb"},"inLanguage":"es","potentialAction":[{"@type":"ReadAction","target":["https:\/\/www.ferrovial.com\/es\/webber\/que-hacemos\/obra-civil\/"]}]},{"@type":"ImageObject","inLanguage":"es","@id":"https:\/\/www.ferrovial.com\/es\/webber\/que-hacemos\/obra-civil\/#primaryimage","url":"https:\/\/www.ferrovial.com\/wp-content\/themes\/global\/front\/dist\/static\/img\/dots.svg","contentUrl":"https:\/\/www.ferrovial.com\/wp-content\/themes\/global\/front\/dist\/static\/img\/dots.svg"},{"@type":"BreadcrumbList","@id":"https:\/\/www.ferrovial.com\/es\/webber\/que-hacemos\/obra-civil\/#breadcrumb","itemListElement":[{"@type":"ListItem","position":1,"name":"Portada","item":"https:\/\/www.ferrovial.com\/es\/"},{"@type":"ListItem","position":2,"name":"Webber","item":"https:\/\/www.ferrovial.com\/es\/webber\/"},{"@type":"ListItem","position":3,"name":"\u00bfQu\u00e9 hacemos?","item":"https:\/\/www.ferrovial.com\/es\/webber\/que-hacemos\/"},{"@type":"ListItem","position":4,"name":"Obra Civil"}]},{"@type":"WebSite","@id":"https:\/\/www.ferrovial.com\/es\/#website","url":"https:\/\/www.ferrovial.com\/es\/","name":"Ferrovial","description":"Welcome to the Ferrovial&#039;s website, global operator of sustainable infrastructure. Here you can find all the information about the company and subsidiaries.","publisher":{"@id":"https:\/\/www.ferrovial.com\/es\/#organization"},"potentialAction":[{"@type":"SearchAction","target":{"@type":"EntryPoint","urlTemplate":"https:\/\/www.ferrovial.com\/es\/?s={search_term_string}"},"query-input":{"@type":"PropertyValueSpecification","valueRequired":true,"valueName":"search_term_string"}}],"inLanguage":"es"},{"@type":"Organization","@id":"https:\/\/www.ferrovial.com\/es\/#organization","name":"Ferrovial S.A.","url":"https:\/\/www.ferrovial.com\/es\/","logo":{"@type":"ImageObject","inLanguage":"es","@id":"https:\/\/www.ferrovial.com\/es\/#\/schema\/logo\/image\/","url":"https:\/\/static.ferrovial.com\/wp-content\/uploads\/2020\/01\/13124948\/logo-ferrovial-cf7.png","contentUrl":"https:\/\/static.ferrovial.com\/wp-content\/uploads\/2020\/01\/13124948\/logo-ferrovial-cf7.png","width":144,"height":32,"caption":"Ferrovial S.A."},"image":{"@id":"https:\/\/www.ferrovial.com\/es\/#\/schema\/logo\/image\/"},"sameAs":["https:\/\/www.facebook.com\/ferrovial","https:\/\/x.com\/ferrovial","https:\/\/www.instagram.com\/ferrovial\/","https:\/\/www.linkedin.com\/company\/ferrovial","https:\/\/www.pinterest.es\/ferrovial\/","https:\/\/www.youtube.com\/ferrovial","https:\/\/en.wikipedia.org\/wiki\/Ferrovial"]}]}},"_links":{"self":[{"href":"https:\/\/www.ferrovial.com\/es\/wp-json\/wp\/v2\/pages\/113692","targetHints":{"allow":["GET"]}}],"collection":[{"href":"https:\/\/www.ferrovial.com\/es\/wp-json\/wp\/v2\/pages"}],"about":[{"href":"https:\/\/www.ferrovial.com\/es\/wp-json\/wp\/v2\/types\/page"}],"replies":[{"embeddable":true,"href":"https:\/\/www.ferrovial.com\/es\/wp-json\/wp\/v2\/comments?post=113692"}],"version-history":[{"count":3,"href":"https:\/\/www.ferrovial.com\/es\/wp-json\/wp\/v2\/pages\/113692\/revisions"}],"predecessor-version":[{"id":310298,"href":"https:\/\/www.ferrovial.com\/es\/wp-json\/wp\/v2\/pages\/113692\/revisions\/310298"}],"up":[{"embeddable":true,"href":"https:\/\/www.ferrovial.com\/es\/wp-json\/wp\/v2\/pages\/18035"}],"wp:attachment":[{"href":"https:\/\/www.ferrovial.com\/es\/wp-json\/wp\/v2\/media?parent=113692"}],"curies":[{"name":"wp","href":"https:\/\/api.w.org\/{rel}","templated":true}]}}