{"id":127577,"date":"2020-01-03T17:01:23","date_gmt":"2020-01-03T16:01:23","guid":{"rendered":"https:\/\/www.ferrovial.com\/?page_id=127577"},"modified":"2025-07-28T14:28:00","modified_gmt":"2025-07-28T12:28:00","slug":"agua","status":"publish","type":"page","link":"https:\/\/www.ferrovial.com\/es\/agua\/","title":{"rendered":"Agua"},"content":{"rendered":"    <m-hero type='single' :translations='{\n        &quot;play&quot;:&quot;Reproducir v\u00eddeo de fondo&quot;,\n        &quot;pause&quot;:&quot;Pausar v\u00eddeo de fondo&quot;,\n        &quot;prev&quot;:&quot;Anterior&quot;,\n        &quot;next&quot;:&quot;Siguiente&quot;,\n        &quot;paginationseparator&quot;:&quot;de&quot;,\n        &quot;goto&quot;:&quot;Ir al slide&quot;,\n        &quot;external&quot;:&quot;Abrir una nueva ventana&quot;\n    }'>\n            <c-breadcrumb label-text=\"Breadcrumb\" slot=\"breadcrumbs\" type='1' align='left left' wrap='wrapped wrapped'>\n                        <ol>\n\n                                                            <li><a href=\"https:\/\/www.ferrovial.com\/es\/\" title=\"Ferrovial\">Ferrovial<\/a><\/li>\n                                    \n                <\/ol>\n\n                <\/c-breadcrumb>\n    \n                        <div slot=\"carouselItem\">\n                            <c-background-video :sources=\"['https:\/\/static.ferrovial.com\/wp-content\/uploads\/2020\/01\/13131030\/16-agua.mp4']\" position=\"center center\" poster=\"https:\/\/static.ferrovial.com\/wp-content\/uploads\/2019\/10\/13134022\/planta-de-tratamiento-de-agua-a-coruna-cadagua-1.jpg\" :translations=\"{&quot;play&quot;:&quot;Reproducir v\u00eddeo de fondo&quot;,&quot;pause&quot;:&quot;Pausar v\u00eddeo de fondo&quot;}\"><\/c-background-video>\n                        <\/div>        <section slot=\"hero\">\n            <article>\n                                        <h1>Agua<\/h1>\n                                                <p>Descripci\u00f3n por defecto<\/p>\n                                    <\/article>\n        <\/section>\n    <\/m-hero>\n\n    \n\n    <m-introduction-subhome type='primary' pathfront='1' pathback='2' icon='water'>\n        <img decoding=\"async\" class=\"dots \" slot=\"bg\" src=\"https:\/\/www.ferrovial.com\/wp-content\/themes\/global\/front\/dist\/static\/img\/dots.svg\" alt=\"\" \/>\n                        <p slot=\"description\">\n                    Somos expertos en el dise\u00f1o, construcci\u00f3n, operaci\u00f3n y mantenimiento de plantas de tratamiento de agua potable, residual urbana, industrial y desalaci\u00f3n.                <\/p>\n                    <\/m-introduction-subhome>\n    \n\n\n<m-wysiwig class=\"wp-block-components-wysiwyg\"><div slot=\"maincontent\">\n<p>Desarrollamos nuestra actividad de forma sostenible y respetando el medio ambiente a trav\u00e9s de dos empresas, la multinacional <a href=\"https:\/\/www.ferrovial.com\/es-es\/cadagua\/\">Cadagua<\/a> y la estadounidense, <a href=\"https:\/\/www.ferrovial.com\/es\/plw-waterworks\/\">Webber<\/a>. Contamos con m\u00e1s de <strong>460 referencias en dise\u00f1o<\/strong> y construcci\u00f3n de plantas de tratamiento de agua que alcanzan una capacidad agregada de casi <strong>18.000.000 e m\u00b3\/d<\/strong>.<\/p>\n\n\n\n<p>Los <strong>Servicios de Operaci\u00f3n y Mantenimiento<\/strong> son una parte muy relevante del negocio con un n\u00famero de habitantes equivalentes servidos agregados hist\u00f3ricamente superior a los <strong>41.000.0000<\/strong>.<\/p>\n<\/div><\/m-wysiwig>\n\n\n    <m-cyphers-extended>\n         \n                <span slot=\"label\">\n                    M\u00e1s de 45 a\u00f1os de experiencia                <\/span>\n                                    <h2 slot=\"title\">\n                        Expertos en dise\u00f1o, construcci\u00f3n y explotaci\u00f3n de plantas de tratamiento de agua y desalaci\u00f3n                    <\/h2>\n                    \n                                            <div slot=\"cypher\">\n                                                        \n                                                            <div>\n                                    <span >460<\/span>referencias                                 <\/div>\n                            \n                                                            <span>\n                                    en dise\u00f1o                                <\/span>\n                                                    <\/div>\n                    \n                    \n                                            <div slot=\"cypher\">\n                                                            <span>\n                                    Capacidad de                                 <\/span>\n                                                        \n                                                            <div>\n                                    <span >18.000.000<\/span>M m\u00b3\/d                                <\/div>\n                            \n                                                    <\/div>\n                    \n                    \n                                            <div slot=\"cypher\">\n                                                        \n                                                            <div>\n                                    +<span >41<\/span>M                                <\/div>\n                            \n                                                            <span>\n                                    De habitantes                                <\/span>\n                                                    <\/div>\n                    \n                                <\/m-cyphers-extended>\n    \n\n    <m-distributor-brands-basic>\n                        <h2 slot=\"label\">\n                    Compa\u00f1\u00edas                <\/h2>\n                                <h3 slot=\"title\">\n                    Conoce nuestras compa\u00f1\u00edas del sector del agua                 <\/h3>\n                                    <a slot='card' href='https:\/\/www.ferrovial.com\/es-es\/cadagua\/' target='_blank'>\n                                                        <img src='https:\/\/static.ferrovial.com\/wp-content\/uploads\/2019\/10\/13134004\/CNT-PRINCIPAL-CADAGUA.svg' alt='logotipo cadagua' \/>\n                                                        <p class=\"description\">\n                            M\u00e1s de 45 a\u00f1os aportando soluciones de tratamiento de aguas en m\u00e1s de 200 proyectos.                        <\/p>\n                                                        <p class=\"country\">\n                                    Saber m\u00e1s                                <\/p>\n                                                    <\/a>\n                                        <a slot='card'>\n                                                        <img src='https:\/\/static.ferrovial.com\/wp-content\/uploads\/2019\/10\/13134001\/CNT-PRINCIPAL-WEBBER.svg' alt='Logo Webber' \/>\n                                                        <p class=\"description\">\n                            Soluciones de tratamiento, depuraci\u00f3n y reutilizaci\u00f3n de aguas en Estados Unidos.                        <\/p>\n                                                        <p class=\"country\">\n                                    Saber m\u00e1s                                <\/p>\n                                                    <\/a>\n                        <\/m-distributor-brands-basic>\n\n    \n\n    <m-annual-report :whitetext='false' :gutenberg='true'>\n                        <p slot=\"cta\">\n                    Ver las cifras destacadas de Ferrovial en 2025                <\/p>\n                \n                        <c-button href='https:\/\/informeanualintegrado2025.ferrovial.com\/en\/' title='Accede al Informe Anual Integrado' slot='cta' disabled='false' type='ghost-positive-alt' target='_blank' rel='noopener' >\n                Accede al Informe Anual Integrado                <span class=\"sr-only\">Abrir en una nueva pesta\u00f1a<\/span>\n                                <\/c-button>\n                \n        \n            <ul slot=\"cypher\">\n\n                                            <li>\n                                \n                                <div>\n                                    <span><\/span><span >9627<\/span><span>M\u20ac<\/span>\n                                <\/div>\n\n                                                                        <span>\n                                            Ventas                                        <\/span>\n                                                                    <\/li>\n                                                    <li>\n                                \n                                <div>\n                                    <span><\/span><span >40606<\/span><span>M\u20ac<\/span>\n                                <\/div>\n\n                                                                        <span>\n                                            Capitalizaci\u00f3n                                         <\/span>\n                                                                    <\/li>\n                                                    <li>\n                                \n                                <div>\n                                    <span><\/span><span >5088<\/span><span>M\u20ac<\/span>\n                                <\/div>\n\n                                                                        <span>\n                                            Liquidez                                        <\/span>\n                                                                    <\/li>\n                                                    <li>\n                                \n                                <div>\n                                    <span><\/span><span >22609<\/span><span><\/span>\n                                <\/div>\n\n                                                                        <span>\n                                            Empleados                                        <\/span>\n                                                                    <\/li>\n                        \n            <\/ul>\n            <\/m-annual-report>\n\n    ","protected":false},"excerpt":{"rendered":"","protected":false},"featured_media":0,"parent":0,"menu_order":0,"comment_status":"closed","ping_status":"closed","template":"","meta":{"_acf_changed":false,"footnotes":""},"class_list":["post-127577","page","type-page","status-publish","hentry"],"acf":[],"yoast_head":"<!-- This site is optimized with the Yoast SEO plugin v27.2 - https:\/\/yoast.com\/product\/yoast-seo-wordpress\/ -->\n<title>Tratamiento de aguas residuales y potabilizaci\u00f3n - Ferrovial<\/title>\n<meta name=\"description\" content=\"Somos expertos en el dise\u00f1o, construcci\u00f3n y explotaci\u00f3n de plantas de tratamiento de agua potable, residual urbana e industrial y desalaci\u00f3n.\" \/>\n<meta name=\"robots\" content=\"index, follow, max-snippet:-1, max-image-preview:large, max-video-preview:-1\" \/>\n<link rel=\"canonical\" href=\"https:\/\/www.ferrovial.com\/es\/agua\/\" \/>\n<meta property=\"og:locale\" content=\"es_ES\" \/>\n<meta property=\"og:type\" content=\"article\" \/>\n<meta property=\"og:title\" content=\"Tratamiento de aguas residuales y potabilizaci\u00f3n - Ferrovial\" \/>\n<meta property=\"og:description\" content=\"Somos expertos en el dise\u00f1o, construcci\u00f3n y explotaci\u00f3n de plantas de tratamiento de agua potable, residual urbana e industrial y desalaci\u00f3n.\" \/>\n<meta property=\"og:url\" content=\"https:\/\/www.ferrovial.com\/es\/agua\/\" \/>\n<meta property=\"og:site_name\" content=\"Ferrovial\" \/>\n<meta property=\"article:publisher\" content=\"https:\/\/www.facebook.com\/ferrovial\" \/>\n<meta property=\"article:modified_time\" content=\"2025-07-28T12:28:00+00:00\" \/>\n<meta property=\"og:image\" content=\"https:\/\/www.ferrovial.com\/wp-content\/themes\/global\/front\/dist\/static\/img\/dots.svg\" \/>\n<meta name=\"twitter:card\" content=\"summary_large_image\" \/>\n<meta name=\"twitter:site\" content=\"@ferrovial\" \/>\n<meta name=\"twitter:label1\" content=\"Est. reading time\" \/>\n\t<meta name=\"twitter:data1\" content=\"1 minuto\" \/>\n<!-- \/ Yoast SEO plugin. -->","yoast_head_json":{"title":"Tratamiento de aguas residuales y potabilizaci\u00f3n - Ferrovial","description":"Somos expertos en el dise\u00f1o, construcci\u00f3n y explotaci\u00f3n de plantas de tratamiento de agua potable, residual urbana e industrial y desalaci\u00f3n.","robots":{"index":"index","follow":"follow","max-snippet":"max-snippet:-1","max-image-preview":"max-image-preview:large","max-video-preview":"max-video-preview:-1"},"canonical":"https:\/\/www.ferrovial.com\/es\/agua\/","og_locale":"es_ES","og_type":"article","og_title":"Tratamiento de aguas residuales y potabilizaci\u00f3n - Ferrovial","og_description":"Somos expertos en el dise\u00f1o, construcci\u00f3n y explotaci\u00f3n de plantas de tratamiento de agua potable, residual urbana e industrial y desalaci\u00f3n.","og_url":"https:\/\/www.ferrovial.com\/es\/agua\/","og_site_name":"Ferrovial","article_publisher":"https:\/\/www.facebook.com\/ferrovial","article_modified_time":"2025-07-28T12:28:00+00:00","og_image":[{"url":"https:\/\/www.ferrovial.com\/wp-content\/themes\/global\/front\/dist\/static\/img\/dots.svg","type":"","width":"","height":""}],"twitter_card":"summary_large_image","twitter_site":"@ferrovial","twitter_misc":{"Est. reading time":"1 minuto"},"schema":{"@context":"https:\/\/schema.org","@graph":[{"@type":"WebPage","@id":"https:\/\/www.ferrovial.com\/es\/agua\/","url":"https:\/\/www.ferrovial.com\/es\/agua\/","name":"Tratamiento de aguas residuales y potabilizaci\u00f3n - Ferrovial","isPartOf":{"@id":"https:\/\/www.ferrovial.com\/es\/#website"},"primaryImageOfPage":{"@id":"https:\/\/www.ferrovial.com\/es\/agua\/#primaryimage"},"image":{"@id":"https:\/\/www.ferrovial.com\/es\/agua\/#primaryimage"},"thumbnailUrl":"https:\/\/www.ferrovial.com\/wp-content\/themes\/global\/front\/dist\/static\/img\/dots.svg","datePublished":"2020-01-03T16:01:23+00:00","dateModified":"2025-07-28T12:28:00+00:00","description":"Somos expertos en el dise\u00f1o, construcci\u00f3n y explotaci\u00f3n de plantas de tratamiento de agua potable, residual urbana e industrial y desalaci\u00f3n.","breadcrumb":{"@id":"https:\/\/www.ferrovial.com\/es\/agua\/#breadcrumb"},"inLanguage":"es","potentialAction":[{"@type":"ReadAction","target":["https:\/\/www.ferrovial.com\/es\/agua\/"]}]},{"@type":"ImageObject","inLanguage":"es","@id":"https:\/\/www.ferrovial.com\/es\/agua\/#primaryimage","url":"https:\/\/www.ferrovial.com\/wp-content\/themes\/global\/front\/dist\/static\/img\/dots.svg","contentUrl":"https:\/\/www.ferrovial.com\/wp-content\/themes\/global\/front\/dist\/static\/img\/dots.svg"},{"@type":"BreadcrumbList","@id":"https:\/\/www.ferrovial.com\/es\/agua\/#breadcrumb","itemListElement":[{"@type":"ListItem","position":1,"name":"Portada","item":"https:\/\/www.ferrovial.com\/es\/"},{"@type":"ListItem","position":2,"name":"Agua"}]},{"@type":"WebSite","@id":"https:\/\/www.ferrovial.com\/es\/#website","url":"https:\/\/www.ferrovial.com\/es\/","name":"Ferrovial","description":"Welcome to the Ferrovial&#039;s website, global operator of sustainable infrastructure. Here you can find all the information about the company and subsidiaries.","publisher":{"@id":"https:\/\/www.ferrovial.com\/es\/#organization"},"potentialAction":[{"@type":"SearchAction","target":{"@type":"EntryPoint","urlTemplate":"https:\/\/www.ferrovial.com\/es\/?s={search_term_string}"},"query-input":{"@type":"PropertyValueSpecification","valueRequired":true,"valueName":"search_term_string"}}],"inLanguage":"es"},{"@type":"Organization","@id":"https:\/\/www.ferrovial.com\/es\/#organization","name":"Ferrovial S.A.","url":"https:\/\/www.ferrovial.com\/es\/","logo":{"@type":"ImageObject","inLanguage":"es","@id":"https:\/\/www.ferrovial.com\/es\/#\/schema\/logo\/image\/","url":"https:\/\/static.ferrovial.com\/wp-content\/uploads\/2020\/01\/13124948\/logo-ferrovial-cf7.png","contentUrl":"https:\/\/static.ferrovial.com\/wp-content\/uploads\/2020\/01\/13124948\/logo-ferrovial-cf7.png","width":144,"height":32,"caption":"Ferrovial S.A."},"image":{"@id":"https:\/\/www.ferrovial.com\/es\/#\/schema\/logo\/image\/"},"sameAs":["https:\/\/www.facebook.com\/ferrovial","https:\/\/x.com\/ferrovial","https:\/\/www.instagram.com\/ferrovial\/","https:\/\/www.linkedin.com\/company\/ferrovial","https:\/\/www.pinterest.es\/ferrovial\/","https:\/\/www.youtube.com\/ferrovial","https:\/\/en.wikipedia.org\/wiki\/Ferrovial"]}]}},"_links":{"self":[{"href":"https:\/\/www.ferrovial.com\/es\/wp-json\/wp\/v2\/pages\/127577","targetHints":{"allow":["GET"]}}],"collection":[{"href":"https:\/\/www.ferrovial.com\/es\/wp-json\/wp\/v2\/pages"}],"about":[{"href":"https:\/\/www.ferrovial.com\/es\/wp-json\/wp\/v2\/types\/page"}],"replies":[{"embeddable":true,"href":"https:\/\/www.ferrovial.com\/es\/wp-json\/wp\/v2\/comments?post=127577"}],"version-history":[{"count":3,"href":"https:\/\/www.ferrovial.com\/es\/wp-json\/wp\/v2\/pages\/127577\/revisions"}],"predecessor-version":[{"id":310376,"href":"https:\/\/www.ferrovial.com\/es\/wp-json\/wp\/v2\/pages\/127577\/revisions\/310376"}],"wp:attachment":[{"href":"https:\/\/www.ferrovial.com\/es\/wp-json\/wp\/v2\/media?parent=127577"}],"curies":[{"name":"wp","href":"https:\/\/api.w.org\/{rel}","templated":true}]}}