{"id":141690,"date":"2020-01-17T11:00:16","date_gmt":"2020-01-17T10:00:16","guid":{"rendered":"https:\/\/www.ferrovial.com\/ferrovial-agroman-program-in-the-uk\/"},"modified":"2022-04-26T16:52:26","modified_gmt":"2022-04-26T14:52:26","slug":"programa-para-graduados-en-reino-unido","status":"publish","type":"page","link":"https:\/\/www.ferrovial.com\/es\/empleo\/graduate-program\/programa-de-graduados-en-construccion\/programa-para-graduados-en-reino-unido\/","title":{"rendered":"Programa para graduados en Reino Unido"},"content":{"rendered":"    <m-final-content-header bgimage='https:\/\/static.ferrovial.com\/wp-content\/uploads\/2019\/12\/13131924\/crossrail-ferrovial-uk-1280x720.jpg'>\n            <c-breadcrumb label-text=\"Breadcrumb\" slot=\"breadcrumbs\" type='2' align='left' wrap='wrapped wrapped' aria-label='Vienes de Programa de graduados en construcci\u00f3n'>\n                        <ol>\n\n                                                            <li><a href=\"https:\/\/www.ferrovial.com\/es\/\" title=\"Ferrovial\">Ferrovial<\/a><\/li>\n                                                                        <li><a href=\"https:\/\/www.ferrovial.com\/es\/empleo\/\" title=\"Empleo\">Empleo<\/a><\/li>\n                                                                        <li><a href=\"https:\/\/www.ferrovial.com\/es\/empleo\/graduate-program\/\" title=\"Becas y graduados\">Becas y graduados<\/a><\/li>\n                                                                        <li><a href=\"https:\/\/www.ferrovial.com\/es\/empleo\/graduate-program\/programa-de-graduados-en-construccion\/\" title=\"Programa de graduados en construcci\u00f3n\">Programa de graduados en construcci\u00f3n<\/a><\/li>\n                                    \n                <\/ol>\n\n                <\/c-breadcrumb>\n    \n        <div slot=\"header\">\n            <h1>\n                Programa para graduados en Reino Unido            <\/h1>\n                    <\/div>\n    <\/m-final-content-header>\n\n    \n\n\n<m-wysiwig class=\"wp-block-components-wysiwyg\"><div slot=\"maincontent\">    <p class=\"intro\">Nuestro programa de graduados est\u00e1 dise\u00f1ado para incorporar a profesionales de gran potencial, dotar a los graduados de las habilidades, t\u00e9cnicas, competencias, conocimientos y seguridad necesarios para dirigir y llevar a cabo una gesti\u00f3n efectiva, mientras adquieren conocimientos t\u00e9cnicos que generen resultados estrat\u00e9gicos a trav\u00e9s de un aprendizaje estructurado, tanto formal como informal, en proyectos reales.<\/p>\n    \n\n\n<p>El programa se inscribe dentro de varias disciplinas que permiten que el estudiante progrese hacia un estado de profesionalizaci\u00f3n con la certificaci\u00f3n por parte de \u00f3rganos reguladores importantes de la propia industria. Dentro del programa, nuestros graduados recibir\u00e1n asesor\u00eda y supervisi\u00f3n, mientras conocen los entresijos comerciales de la empresa mediante el asesoramiento y al entrar en contacto con la direcci\u00f3n ejecutiva y con profesionales del sector. <\/p>\n\n\n\n<p>Tambi\u00e9n existen oportunidades de voluntariado. Uno de los factores clave del programa es invitar a nuestros graduados a convertirse en \u00abEmbajadores STEM\u00bb para conseguir comprometerse, inspirar y promover la industria de la pr\u00f3xima generaci\u00f3n. <\/p>\n<\/div><\/m-wysiwig>\n\n\n","protected":false},"excerpt":{"rendered":"","protected":false},"featured_media":0,"parent":150493,"menu_order":0,"comment_status":"closed","ping_status":"closed","template":"","meta":{"_acf_changed":false,"footnotes":""},"class_list":["post-141690","page","type-page","status-publish","hentry"],"acf":[],"yoast_head":"<!-- This site is optimized with the Yoast SEO plugin v27.2 - https:\/\/yoast.com\/product\/yoast-seo-wordpress\/ -->\n<title>Programa para graduados en Reino Unido - Ferrovial<\/title>\n<meta name=\"description\" content=\"Welcome to the Ferrovial&#039;s website, global operator of sustainable infrastructure. Here you can find all the information about the company and subsidiaries.\" \/>\n<meta name=\"robots\" content=\"index, follow, max-snippet:-1, max-image-preview:large, max-video-preview:-1\" \/>\n<link rel=\"canonical\" href=\"https:\/\/www.ferrovial.com\/es\/empleo\/graduate-program\/programa-de-graduados-en-construccion\/programa-para-graduados-en-reino-unido\/\" \/>\n<meta property=\"og:locale\" content=\"es_ES\" \/>\n<meta property=\"og:type\" content=\"article\" \/>\n<meta property=\"og:title\" content=\"Programa para graduados en Reino Unido - Ferrovial\" \/>\n<meta property=\"og:description\" content=\"Welcome to the Ferrovial&#039;s website, global operator of sustainable infrastructure. Here you can find all the information about the company and subsidiaries.\" \/>\n<meta property=\"og:url\" content=\"https:\/\/www.ferrovial.com\/es\/empleo\/graduate-program\/programa-de-graduados-en-construccion\/programa-para-graduados-en-reino-unido\/\" \/>\n<meta property=\"og:site_name\" content=\"Ferrovial\" \/>\n<meta property=\"article:publisher\" content=\"https:\/\/www.facebook.com\/ferrovial\" \/>\n<meta property=\"article:modified_time\" content=\"2022-04-26T14:52:26+00:00\" \/>\n<meta name=\"twitter:card\" content=\"summary_large_image\" \/>\n<meta name=\"twitter:site\" content=\"@ferrovial\" \/>\n<meta name=\"twitter:label1\" content=\"Est. reading time\" \/>\n\t<meta name=\"twitter:data1\" content=\"1 minuto\" \/>\n<!-- \/ Yoast SEO plugin. -->","yoast_head_json":{"title":"Programa para graduados en Reino Unido - Ferrovial","description":"Welcome to the Ferrovial's website, global operator of sustainable infrastructure. Here you can find all the information about the company and subsidiaries.","robots":{"index":"index","follow":"follow","max-snippet":"max-snippet:-1","max-image-preview":"max-image-preview:large","max-video-preview":"max-video-preview:-1"},"canonical":"https:\/\/www.ferrovial.com\/es\/empleo\/graduate-program\/programa-de-graduados-en-construccion\/programa-para-graduados-en-reino-unido\/","og_locale":"es_ES","og_type":"article","og_title":"Programa para graduados en Reino Unido - Ferrovial","og_description":"Welcome to the Ferrovial's website, global operator of sustainable infrastructure. Here you can find all the information about the company and subsidiaries.","og_url":"https:\/\/www.ferrovial.com\/es\/empleo\/graduate-program\/programa-de-graduados-en-construccion\/programa-para-graduados-en-reino-unido\/","og_site_name":"Ferrovial","article_publisher":"https:\/\/www.facebook.com\/ferrovial","article_modified_time":"2022-04-26T14:52:26+00:00","twitter_card":"summary_large_image","twitter_site":"@ferrovial","twitter_misc":{"Est. reading time":"1 minuto"},"schema":{"@context":"https:\/\/schema.org","@graph":[{"@type":"WebPage","@id":"https:\/\/www.ferrovial.com\/es\/empleo\/graduate-program\/programa-de-graduados-en-construccion\/programa-para-graduados-en-reino-unido\/","url":"https:\/\/www.ferrovial.com\/es\/empleo\/graduate-program\/programa-de-graduados-en-construccion\/programa-para-graduados-en-reino-unido\/","name":"Programa para graduados en Reino Unido - Ferrovial","isPartOf":{"@id":"https:\/\/www.ferrovial.com\/es\/#website"},"datePublished":"2020-01-17T10:00:16+00:00","dateModified":"2022-04-26T14:52:26+00:00","description":"Welcome to the Ferrovial's website, global operator of sustainable infrastructure. Here you can find all the information about the company and subsidiaries.","breadcrumb":{"@id":"https:\/\/www.ferrovial.com\/es\/empleo\/graduate-program\/programa-de-graduados-en-construccion\/programa-para-graduados-en-reino-unido\/#breadcrumb"},"inLanguage":"es","potentialAction":[{"@type":"ReadAction","target":["https:\/\/www.ferrovial.com\/es\/empleo\/graduate-program\/programa-de-graduados-en-construccion\/programa-para-graduados-en-reino-unido\/"]}]},{"@type":"BreadcrumbList","@id":"https:\/\/www.ferrovial.com\/es\/empleo\/graduate-program\/programa-de-graduados-en-construccion\/programa-para-graduados-en-reino-unido\/#breadcrumb","itemListElement":[{"@type":"ListItem","position":1,"name":"Portada","item":"https:\/\/www.ferrovial.com\/es\/"},{"@type":"ListItem","position":2,"name":"Empleo","item":"https:\/\/www.ferrovial.com\/es\/empleo\/"},{"@type":"ListItem","position":3,"name":"Becas y graduados","item":"https:\/\/www.ferrovial.com\/es\/empleo\/graduate-program\/"},{"@type":"ListItem","position":4,"name":"Programa de graduados en construcci\u00f3n","item":"https:\/\/www.ferrovial.com\/es\/empleo\/graduate-program\/programa-de-graduados-en-construccion\/"},{"@type":"ListItem","position":5,"name":"Programa para graduados en Reino Unido"}]},{"@type":"WebSite","@id":"https:\/\/www.ferrovial.com\/es\/#website","url":"https:\/\/www.ferrovial.com\/es\/","name":"Ferrovial","description":"Welcome to the Ferrovial&#039;s website, global operator of sustainable infrastructure. Here you can find all the information about the company and subsidiaries.","publisher":{"@id":"https:\/\/www.ferrovial.com\/es\/#organization"},"potentialAction":[{"@type":"SearchAction","target":{"@type":"EntryPoint","urlTemplate":"https:\/\/www.ferrovial.com\/es\/?s={search_term_string}"},"query-input":{"@type":"PropertyValueSpecification","valueRequired":true,"valueName":"search_term_string"}}],"inLanguage":"es"},{"@type":"Organization","@id":"https:\/\/www.ferrovial.com\/es\/#organization","name":"Ferrovial S.A.","url":"https:\/\/www.ferrovial.com\/es\/","logo":{"@type":"ImageObject","inLanguage":"es","@id":"https:\/\/www.ferrovial.com\/es\/#\/schema\/logo\/image\/","url":"https:\/\/static.ferrovial.com\/wp-content\/uploads\/2020\/01\/13124948\/logo-ferrovial-cf7.png","contentUrl":"https:\/\/static.ferrovial.com\/wp-content\/uploads\/2020\/01\/13124948\/logo-ferrovial-cf7.png","width":144,"height":32,"caption":"Ferrovial S.A."},"image":{"@id":"https:\/\/www.ferrovial.com\/es\/#\/schema\/logo\/image\/"},"sameAs":["https:\/\/www.facebook.com\/ferrovial","https:\/\/x.com\/ferrovial","https:\/\/www.instagram.com\/ferrovial\/","https:\/\/www.linkedin.com\/company\/ferrovial","https:\/\/www.pinterest.es\/ferrovial\/","https:\/\/www.youtube.com\/ferrovial","https:\/\/en.wikipedia.org\/wiki\/Ferrovial"]}]}},"_links":{"self":[{"href":"https:\/\/www.ferrovial.com\/es\/wp-json\/wp\/v2\/pages\/141690","targetHints":{"allow":["GET"]}}],"collection":[{"href":"https:\/\/www.ferrovial.com\/es\/wp-json\/wp\/v2\/pages"}],"about":[{"href":"https:\/\/www.ferrovial.com\/es\/wp-json\/wp\/v2\/types\/page"}],"replies":[{"embeddable":true,"href":"https:\/\/www.ferrovial.com\/es\/wp-json\/wp\/v2\/comments?post=141690"}],"version-history":[{"count":2,"href":"https:\/\/www.ferrovial.com\/es\/wp-json\/wp\/v2\/pages\/141690\/revisions"}],"predecessor-version":[{"id":221270,"href":"https:\/\/www.ferrovial.com\/es\/wp-json\/wp\/v2\/pages\/141690\/revisions\/221270"}],"up":[{"embeddable":true,"href":"https:\/\/www.ferrovial.com\/es\/wp-json\/wp\/v2\/pages\/150493"}],"wp:attachment":[{"href":"https:\/\/www.ferrovial.com\/es\/wp-json\/wp\/v2\/media?parent=141690"}],"curies":[{"name":"wp","href":"https:\/\/api.w.org\/{rel}","templated":true}]}}