{"id":141703,"date":"2020-01-17T11:15:30","date_gmt":"2020-01-17T10:15:30","guid":{"rendered":"https:\/\/www.ferrovial.com\/ferrovial-agromans-program-in-the-us\/"},"modified":"2022-04-26T16:54:38","modified_gmt":"2022-04-26T14:54:38","slug":"programa-para-graduados-en-eeuu","status":"publish","type":"page","link":"https:\/\/www.ferrovial.com\/es\/empleo\/graduate-program\/programa-de-graduados-en-construccion\/programa-para-graduados-en-eeuu\/","title":{"rendered":"Programa para graduados en EEUU"},"content":{"rendered":"    <m-final-content-header bgimage='https:\/\/static.ferrovial.com\/wp-content\/uploads\/2019\/12\/13131719\/i-66-outside-the-beltway-1280x720.jpg'>\n            <c-breadcrumb label-text=\"Breadcrumb\" slot=\"breadcrumbs\" type='2' align='left' wrap='wrapped wrapped' aria-label='Vienes de Programa de graduados en construcci\u00f3n'>\n                        <ol>\n\n                                                            <li><a href=\"https:\/\/www.ferrovial.com\/es\/\" title=\"Ferrovial\">Ferrovial<\/a><\/li>\n                                                                        <li><a href=\"https:\/\/www.ferrovial.com\/es\/empleo\/\" title=\"Empleo\">Empleo<\/a><\/li>\n                                                                        <li><a href=\"https:\/\/www.ferrovial.com\/es\/empleo\/graduate-program\/\" title=\"Becas y graduados\">Becas y graduados<\/a><\/li>\n                                                                        <li><a href=\"https:\/\/www.ferrovial.com\/es\/empleo\/graduate-program\/programa-de-graduados-en-construccion\/\" title=\"Programa de graduados en construcci\u00f3n\">Programa de graduados en construcci\u00f3n<\/a><\/li>\n                                    \n                <\/ol>\n\n                <\/c-breadcrumb>\n    \n        <div slot=\"header\">\n            <h1>\n                Programa para graduados en EEUU            <\/h1>\n                    <\/div>\n    <\/m-final-content-header>\n\n    \n\n\n<m-wysiwig class=\"wp-block-components-wysiwyg\"><div slot=\"maincontent\">    <p class=\"intro\">Nuestro programa de becas le ayudar\u00e1 a acelerar su carrera profesional al incorporarse a un equipo internacional encargado de la direcci\u00f3n de alguno de los proyectos de desarrollo de infraestructuras m\u00e1s grandes y sobresalientes del continente americano.  <\/p>\n    \n\n\n<p>La dedicaci\u00f3n, el esfuerzo, la experiencia y la pasi\u00f3n que demuestran nuestros empleados es lo que nos sit\u00faa en un nivel superior al resto. Por este motivo, animamos a nuestros becarios a generar un impacto en el mundo al asumir proyectos complejos, de perfil alto y que resulten un reto para ellos, ya que ayudar\u00e1n a encontrar soluciones colaborativas e innovadoras. <\/p>\n\n\n\n<p>Al trabajar codo con codo con alguna de las personas m\u00e1s preparadas y brillantes de la industria, nuestros becarios no solo reciben la formaci\u00f3n y desarrollo necesarios para mejorar su carrera profesional, sino que tambi\u00e9n tienen la oportunidad de crecer de manera personal a trav\u00e9s del apoyo de los responsables dentro de la empresa que saben valorar los logros conseguidos en cada una de las etapas del proceso de formaci\u00f3n. <\/p>\n<\/div><\/m-wysiwig>\n\n\n","protected":false},"excerpt":{"rendered":"","protected":false},"featured_media":0,"parent":150493,"menu_order":0,"comment_status":"closed","ping_status":"closed","template":"","meta":{"_acf_changed":false,"footnotes":""},"class_list":["post-141703","page","type-page","status-publish","hentry"],"acf":[],"yoast_head":"<!-- This site is optimized with the Yoast SEO plugin v27.2 - https:\/\/yoast.com\/product\/yoast-seo-wordpress\/ -->\n<title>Programa para graduados en EEUU - Ferrovial<\/title>\n<meta name=\"description\" content=\"Welcome to the Ferrovial&#039;s website, global operator of sustainable infrastructure. Here you can find all the information about the company and subsidiaries.\" \/>\n<meta name=\"robots\" content=\"index, follow, max-snippet:-1, max-image-preview:large, max-video-preview:-1\" \/>\n<link rel=\"canonical\" href=\"https:\/\/www.ferrovial.com\/es\/empleo\/graduate-program\/programa-de-graduados-en-construccion\/programa-para-graduados-en-eeuu\/\" \/>\n<meta property=\"og:locale\" content=\"es_ES\" \/>\n<meta property=\"og:type\" content=\"article\" \/>\n<meta property=\"og:title\" content=\"Programa para graduados en EEUU - Ferrovial\" \/>\n<meta property=\"og:description\" content=\"Welcome to the Ferrovial&#039;s website, global operator of sustainable infrastructure. Here you can find all the information about the company and subsidiaries.\" \/>\n<meta property=\"og:url\" content=\"https:\/\/www.ferrovial.com\/es\/empleo\/graduate-program\/programa-de-graduados-en-construccion\/programa-para-graduados-en-eeuu\/\" \/>\n<meta property=\"og:site_name\" content=\"Ferrovial\" \/>\n<meta property=\"article:publisher\" content=\"https:\/\/www.facebook.com\/ferrovial\" \/>\n<meta property=\"article:modified_time\" content=\"2022-04-26T14:54:38+00:00\" \/>\n<meta name=\"twitter:card\" content=\"summary_large_image\" \/>\n<meta name=\"twitter:site\" content=\"@ferrovial\" \/>\n<meta name=\"twitter:label1\" content=\"Est. reading time\" \/>\n\t<meta name=\"twitter:data1\" content=\"1 minuto\" \/>\n<!-- \/ Yoast SEO plugin. -->","yoast_head_json":{"title":"Programa para graduados en EEUU - Ferrovial","description":"Welcome to the Ferrovial's website, global operator of sustainable infrastructure. Here you can find all the information about the company and subsidiaries.","robots":{"index":"index","follow":"follow","max-snippet":"max-snippet:-1","max-image-preview":"max-image-preview:large","max-video-preview":"max-video-preview:-1"},"canonical":"https:\/\/www.ferrovial.com\/es\/empleo\/graduate-program\/programa-de-graduados-en-construccion\/programa-para-graduados-en-eeuu\/","og_locale":"es_ES","og_type":"article","og_title":"Programa para graduados en EEUU - Ferrovial","og_description":"Welcome to the Ferrovial's website, global operator of sustainable infrastructure. Here you can find all the information about the company and subsidiaries.","og_url":"https:\/\/www.ferrovial.com\/es\/empleo\/graduate-program\/programa-de-graduados-en-construccion\/programa-para-graduados-en-eeuu\/","og_site_name":"Ferrovial","article_publisher":"https:\/\/www.facebook.com\/ferrovial","article_modified_time":"2022-04-26T14:54:38+00:00","twitter_card":"summary_large_image","twitter_site":"@ferrovial","twitter_misc":{"Est. reading time":"1 minuto"},"schema":{"@context":"https:\/\/schema.org","@graph":[{"@type":"WebPage","@id":"https:\/\/www.ferrovial.com\/es\/empleo\/graduate-program\/programa-de-graduados-en-construccion\/programa-para-graduados-en-eeuu\/","url":"https:\/\/www.ferrovial.com\/es\/empleo\/graduate-program\/programa-de-graduados-en-construccion\/programa-para-graduados-en-eeuu\/","name":"Programa para graduados en EEUU - Ferrovial","isPartOf":{"@id":"https:\/\/www.ferrovial.com\/es\/#website"},"datePublished":"2020-01-17T10:15:30+00:00","dateModified":"2022-04-26T14:54:38+00:00","description":"Welcome to the Ferrovial's website, global operator of sustainable infrastructure. Here you can find all the information about the company and subsidiaries.","breadcrumb":{"@id":"https:\/\/www.ferrovial.com\/es\/empleo\/graduate-program\/programa-de-graduados-en-construccion\/programa-para-graduados-en-eeuu\/#breadcrumb"},"inLanguage":"es","potentialAction":[{"@type":"ReadAction","target":["https:\/\/www.ferrovial.com\/es\/empleo\/graduate-program\/programa-de-graduados-en-construccion\/programa-para-graduados-en-eeuu\/"]}]},{"@type":"BreadcrumbList","@id":"https:\/\/www.ferrovial.com\/es\/empleo\/graduate-program\/programa-de-graduados-en-construccion\/programa-para-graduados-en-eeuu\/#breadcrumb","itemListElement":[{"@type":"ListItem","position":1,"name":"Portada","item":"https:\/\/www.ferrovial.com\/es\/"},{"@type":"ListItem","position":2,"name":"Empleo","item":"https:\/\/www.ferrovial.com\/es\/empleo\/"},{"@type":"ListItem","position":3,"name":"Becas y graduados","item":"https:\/\/www.ferrovial.com\/es\/empleo\/graduate-program\/"},{"@type":"ListItem","position":4,"name":"Programa de graduados en construcci\u00f3n","item":"https:\/\/www.ferrovial.com\/es\/empleo\/graduate-program\/programa-de-graduados-en-construccion\/"},{"@type":"ListItem","position":5,"name":"Programa para graduados en EEUU"}]},{"@type":"WebSite","@id":"https:\/\/www.ferrovial.com\/es\/#website","url":"https:\/\/www.ferrovial.com\/es\/","name":"Ferrovial","description":"Welcome to the Ferrovial&#039;s website, global operator of sustainable infrastructure. Here you can find all the information about the company and subsidiaries.","publisher":{"@id":"https:\/\/www.ferrovial.com\/es\/#organization"},"potentialAction":[{"@type":"SearchAction","target":{"@type":"EntryPoint","urlTemplate":"https:\/\/www.ferrovial.com\/es\/?s={search_term_string}"},"query-input":{"@type":"PropertyValueSpecification","valueRequired":true,"valueName":"search_term_string"}}],"inLanguage":"es"},{"@type":"Organization","@id":"https:\/\/www.ferrovial.com\/es\/#organization","name":"Ferrovial S.A.","url":"https:\/\/www.ferrovial.com\/es\/","logo":{"@type":"ImageObject","inLanguage":"es","@id":"https:\/\/www.ferrovial.com\/es\/#\/schema\/logo\/image\/","url":"https:\/\/static.ferrovial.com\/wp-content\/uploads\/2020\/01\/13124948\/logo-ferrovial-cf7.png","contentUrl":"https:\/\/static.ferrovial.com\/wp-content\/uploads\/2020\/01\/13124948\/logo-ferrovial-cf7.png","width":144,"height":32,"caption":"Ferrovial S.A."},"image":{"@id":"https:\/\/www.ferrovial.com\/es\/#\/schema\/logo\/image\/"},"sameAs":["https:\/\/www.facebook.com\/ferrovial","https:\/\/x.com\/ferrovial","https:\/\/www.instagram.com\/ferrovial\/","https:\/\/www.linkedin.com\/company\/ferrovial","https:\/\/www.pinterest.es\/ferrovial\/","https:\/\/www.youtube.com\/ferrovial","https:\/\/en.wikipedia.org\/wiki\/Ferrovial"]}]}},"_links":{"self":[{"href":"https:\/\/www.ferrovial.com\/es\/wp-json\/wp\/v2\/pages\/141703","targetHints":{"allow":["GET"]}}],"collection":[{"href":"https:\/\/www.ferrovial.com\/es\/wp-json\/wp\/v2\/pages"}],"about":[{"href":"https:\/\/www.ferrovial.com\/es\/wp-json\/wp\/v2\/types\/page"}],"replies":[{"embeddable":true,"href":"https:\/\/www.ferrovial.com\/es\/wp-json\/wp\/v2\/comments?post=141703"}],"version-history":[{"count":3,"href":"https:\/\/www.ferrovial.com\/es\/wp-json\/wp\/v2\/pages\/141703\/revisions"}],"predecessor-version":[{"id":221271,"href":"https:\/\/www.ferrovial.com\/es\/wp-json\/wp\/v2\/pages\/141703\/revisions\/221271"}],"up":[{"embeddable":true,"href":"https:\/\/www.ferrovial.com\/es\/wp-json\/wp\/v2\/pages\/150493"}],"wp:attachment":[{"href":"https:\/\/www.ferrovial.com\/es\/wp-json\/wp\/v2\/media?parent=141703"}],"curies":[{"name":"wp","href":"https:\/\/api.w.org\/{rel}","templated":true}]}}