{"id":141725,"date":"2020-01-17T11:32:57","date_gmt":"2020-01-17T10:32:57","guid":{"rendered":"https:\/\/www.ferrovial.com\/internship-summer-program-webber\/"},"modified":"2020-02-12T13:08:41","modified_gmt":"2020-02-12T12:08:41","slug":"programa-weber-becas-de-verano","status":"publish","type":"page","link":"https:\/\/www.ferrovial.com\/es\/empleo\/graduate-program\/programa-de-graduados-en-construccion\/programa-weber-becas-de-verano\/","title":{"rendered":"Programa Webber de becas de verano"},"content":{"rendered":"    <m-final-content-header bgimage='https:\/\/static.ferrovial.com\/wp-content\/uploads\/2019\/11\/13141945\/works-scc-materials-webber-1280x720.jpg'>\n            <c-breadcrumb label-text=\"Breadcrumb\" slot=\"breadcrumbs\" type='2' align='left' wrap='wrapped wrapped' aria-label='Vienes de Programa de graduados en construcci\u00f3n'>\n                        <ol>\n\n                                                            <li><a href=\"https:\/\/www.ferrovial.com\/es\/\" title=\"Ferrovial\">Ferrovial<\/a><\/li>\n                                                                        <li><a href=\"https:\/\/www.ferrovial.com\/es\/empleo\/\" title=\"Empleo\">Empleo<\/a><\/li>\n                                                                        <li><a href=\"https:\/\/www.ferrovial.com\/es\/empleo\/graduate-program\/\" title=\"Becas y graduados\">Becas y graduados<\/a><\/li>\n                                                                        <li><a href=\"https:\/\/www.ferrovial.com\/es\/empleo\/graduate-program\/programa-de-graduados-en-construccion\/\" title=\"Programa de graduados en construcci\u00f3n\">Programa de graduados en construcci\u00f3n<\/a><\/li>\n                                    \n                <\/ol>\n\n                <\/c-breadcrumb>\n    \n        <div slot=\"header\">\n            <h1>\n                Programa Webber de becas de verano            <\/h1>\n                    <\/div>\n    <\/m-final-content-header>\n\n    \n\n\n<m-wysiwig class=\"wp-block-components-wysiwyg\"><div slot=\"maincontent\">    <p class=\"intro\">Nuestro programa de becas proporciona a los estudiantes las herramientas necesarias para desarrollar los conocimientos necesarios en el sector de la construcci\u00f3n de infraestructuras inteligentes. <\/p>\n    \n\n\n<p>El programa de becas de verano de Webber es un programa galardonado que se centra en la seguridad, sondeo, elaboraci\u00f3n de presupuestos, supervisi\u00f3n de proyectos, ingenier\u00eda de campo y otros muchos aspectos. Al programa se incorporan los estudiantes m\u00e1s prometedores y brillantes procedentes de las universidades m\u00e1s prestigiosas de los Estados Unidos. El programa est\u00e1 dise\u00f1ado para atesorar experiencia pr\u00e1ctica en proyectos del mundo real para estudiantes que quieran licenciarse en ingenier\u00eda civil, direcci\u00f3n de obras o alg\u00fan campo relacionado.<\/p>\n\n\n\n<p>A los becarios se les asigna un proyecto en el que trabajan de manera presencial para observar y ayudar al gestor de proyectos, superintendente, ingenieros y otros cargos, en las funciones diarias propias de las operaciones de construcci\u00f3n. Al trabajar realizando una gran variedad de funciones desde la elaboraci\u00f3n de presupuestos a la supervisi\u00f3n de campo, el becario se grad\u00faa del programa con una excelente base sobre la que seguir form\u00e1ndose. Webber ofrece becas en nuestras divisiones de obra civil, comercial, hidr\u00e1ulica y materiales.<\/p>\n<\/div><\/m-wysiwig>\n\n\n    <m-careers>\n                            <section slot=\"careers\">\n                        <div>\n                                                                <h2>\n                                        Empleo                                    <\/h2>\n                                                                        <h3>\n                                        \u00danete a nuestro equipo                                    <\/h3>\n                                                                <blockquote>\n                                                                <img decoding=\"async\" src=\"https:\/\/static.ferrovial.com\/wp-content\/uploads\/2019\/12\/13140807\/hannah-olonovich-graduates.png\" alt=\"Hannah Olonovichrela employee webber\" \/>\n                                <p>Webber foment\u00f3 mi pasi\u00f3n por el aprendizaje y la ejecuci\u00f3n. La experiencia en los proyectos de la compa\u00f1\u00eda y en el trabajo de campo es invaluable. Gracias a la inversi\u00f3n de Webber en mis objetivos, pude formar nuevas conexiones, construir una base dentro de la industria y obtener una valiosa experiencia para mi futura carrera.<\/p>\n\n                                                                        <footer>\n                                                                                                <cite>\n                                                        Hannah Olonovich                                                    <\/cite>\n                                                                                                        <p>\n                                                        Instituto de Miner\u00eda Nuevo M\u00e9xico                                                    <\/p>\n                                                                                            <\/footer>\n                                                                    <\/blockquote>\n\n                                                                <nav>\n                                        <ul>\n                                                                                                <li>\n                                                        <a href=\"\" title=\"Graduate Programme\" target=\"\" icon=\"\">\n                                                            Graduate Programme                                                        <\/a>\n                                                    <\/li>\n                                                                                                        <li>\n                                                        <a href=\"https:\/\/www.ferrovial.com\/es\/empleo\/ofertas\/?visible_en=Graduados+y+becarios\" title=\"Ofertas de Empleo\" target=\"_blank\" icon=\"\">\n                                                            Ofertas de Empleo                                                        <\/a>\n                                                    <\/li>\n                                                                                                        <li>\n                                                        <a href=\"\" title=\"Por qu\u00e9 Ferrovial\" target=\"\" icon=\"\">\n                                                            Por qu\u00e9 Ferrovial                                                        <\/a>\n                                                    <\/li>\n                                                                                            <\/ul>\n                                    <\/nav>\n                                                            <\/div>\n                    <\/section>\n                    <\/m-careers>\n\n    ","protected":false},"excerpt":{"rendered":"","protected":false},"featured_media":0,"parent":150493,"menu_order":0,"comment_status":"closed","ping_status":"closed","template":"","meta":{"_acf_changed":false,"footnotes":""},"class_list":["post-141725","page","type-page","status-publish","hentry"],"acf":[],"yoast_head":"<!-- This site is optimized with the Yoast SEO plugin v27.2 - https:\/\/yoast.com\/product\/yoast-seo-wordpress\/ -->\n<title>Programa Webber de becas de verano - Ferrovial<\/title>\n<meta name=\"description\" content=\"Welcome to the Ferrovial&#039;s website, global operator of sustainable infrastructure. Here you can find all the information about the company and subsidiaries.\" \/>\n<meta name=\"robots\" content=\"index, follow, max-snippet:-1, max-image-preview:large, max-video-preview:-1\" \/>\n<link rel=\"canonical\" href=\"https:\/\/www.ferrovial.com\/es\/empleo\/graduate-program\/programa-de-graduados-en-construccion\/programa-weber-becas-de-verano\/\" \/>\n<meta property=\"og:locale\" content=\"es_ES\" \/>\n<meta property=\"og:type\" content=\"article\" \/>\n<meta property=\"og:title\" content=\"Programa Webber de becas de verano - Ferrovial\" \/>\n<meta property=\"og:description\" content=\"Welcome to the Ferrovial&#039;s website, global operator of sustainable infrastructure. Here you can find all the information about the company and subsidiaries.\" \/>\n<meta property=\"og:url\" content=\"https:\/\/www.ferrovial.com\/es\/empleo\/graduate-program\/programa-de-graduados-en-construccion\/programa-weber-becas-de-verano\/\" \/>\n<meta property=\"og:site_name\" content=\"Ferrovial\" \/>\n<meta property=\"article:publisher\" content=\"https:\/\/www.facebook.com\/ferrovial\" \/>\n<meta property=\"article:modified_time\" content=\"2020-02-12T12:08:41+00:00\" \/>\n<meta name=\"twitter:card\" content=\"summary_large_image\" \/>\n<meta name=\"twitter:site\" content=\"@ferrovial\" \/>\n<meta name=\"twitter:label1\" content=\"Est. reading time\" \/>\n\t<meta name=\"twitter:data1\" content=\"1 minuto\" \/>\n<!-- \/ Yoast SEO plugin. -->","yoast_head_json":{"title":"Programa Webber de becas de verano - Ferrovial","description":"Welcome to the Ferrovial's website, global operator of sustainable infrastructure. Here you can find all the information about the company and subsidiaries.","robots":{"index":"index","follow":"follow","max-snippet":"max-snippet:-1","max-image-preview":"max-image-preview:large","max-video-preview":"max-video-preview:-1"},"canonical":"https:\/\/www.ferrovial.com\/es\/empleo\/graduate-program\/programa-de-graduados-en-construccion\/programa-weber-becas-de-verano\/","og_locale":"es_ES","og_type":"article","og_title":"Programa Webber de becas de verano - Ferrovial","og_description":"Welcome to the Ferrovial's website, global operator of sustainable infrastructure. Here you can find all the information about the company and subsidiaries.","og_url":"https:\/\/www.ferrovial.com\/es\/empleo\/graduate-program\/programa-de-graduados-en-construccion\/programa-weber-becas-de-verano\/","og_site_name":"Ferrovial","article_publisher":"https:\/\/www.facebook.com\/ferrovial","article_modified_time":"2020-02-12T12:08:41+00:00","twitter_card":"summary_large_image","twitter_site":"@ferrovial","twitter_misc":{"Est. reading time":"1 minuto"},"schema":{"@context":"https:\/\/schema.org","@graph":[{"@type":"WebPage","@id":"https:\/\/www.ferrovial.com\/es\/empleo\/graduate-program\/programa-de-graduados-en-construccion\/programa-weber-becas-de-verano\/","url":"https:\/\/www.ferrovial.com\/es\/empleo\/graduate-program\/programa-de-graduados-en-construccion\/programa-weber-becas-de-verano\/","name":"Programa Webber de becas de verano - Ferrovial","isPartOf":{"@id":"https:\/\/www.ferrovial.com\/es\/#website"},"datePublished":"2020-01-17T10:32:57+00:00","dateModified":"2020-02-12T12:08:41+00:00","description":"Welcome to the Ferrovial's website, global operator of sustainable infrastructure. Here you can find all the information about the company and subsidiaries.","breadcrumb":{"@id":"https:\/\/www.ferrovial.com\/es\/empleo\/graduate-program\/programa-de-graduados-en-construccion\/programa-weber-becas-de-verano\/#breadcrumb"},"inLanguage":"es","potentialAction":[{"@type":"ReadAction","target":["https:\/\/www.ferrovial.com\/es\/empleo\/graduate-program\/programa-de-graduados-en-construccion\/programa-weber-becas-de-verano\/"]}]},{"@type":"BreadcrumbList","@id":"https:\/\/www.ferrovial.com\/es\/empleo\/graduate-program\/programa-de-graduados-en-construccion\/programa-weber-becas-de-verano\/#breadcrumb","itemListElement":[{"@type":"ListItem","position":1,"name":"Portada","item":"https:\/\/www.ferrovial.com\/es\/"},{"@type":"ListItem","position":2,"name":"Empleo","item":"https:\/\/www.ferrovial.com\/es\/empleo\/"},{"@type":"ListItem","position":3,"name":"Becas y graduados","item":"https:\/\/www.ferrovial.com\/es\/empleo\/graduate-program\/"},{"@type":"ListItem","position":4,"name":"Programa de graduados en construcci\u00f3n","item":"https:\/\/www.ferrovial.com\/es\/empleo\/graduate-program\/programa-de-graduados-en-construccion\/"},{"@type":"ListItem","position":5,"name":"Programa Webber de becas de verano"}]},{"@type":"WebSite","@id":"https:\/\/www.ferrovial.com\/es\/#website","url":"https:\/\/www.ferrovial.com\/es\/","name":"Ferrovial","description":"Welcome to the Ferrovial&#039;s website, global operator of sustainable infrastructure. Here you can find all the information about the company and subsidiaries.","publisher":{"@id":"https:\/\/www.ferrovial.com\/es\/#organization"},"potentialAction":[{"@type":"SearchAction","target":{"@type":"EntryPoint","urlTemplate":"https:\/\/www.ferrovial.com\/es\/?s={search_term_string}"},"query-input":{"@type":"PropertyValueSpecification","valueRequired":true,"valueName":"search_term_string"}}],"inLanguage":"es"},{"@type":"Organization","@id":"https:\/\/www.ferrovial.com\/es\/#organization","name":"Ferrovial S.A.","url":"https:\/\/www.ferrovial.com\/es\/","logo":{"@type":"ImageObject","inLanguage":"es","@id":"https:\/\/www.ferrovial.com\/es\/#\/schema\/logo\/image\/","url":"https:\/\/static.ferrovial.com\/wp-content\/uploads\/2020\/01\/13124948\/logo-ferrovial-cf7.png","contentUrl":"https:\/\/static.ferrovial.com\/wp-content\/uploads\/2020\/01\/13124948\/logo-ferrovial-cf7.png","width":144,"height":32,"caption":"Ferrovial S.A."},"image":{"@id":"https:\/\/www.ferrovial.com\/es\/#\/schema\/logo\/image\/"},"sameAs":["https:\/\/www.facebook.com\/ferrovial","https:\/\/x.com\/ferrovial","https:\/\/www.instagram.com\/ferrovial\/","https:\/\/www.linkedin.com\/company\/ferrovial","https:\/\/www.pinterest.es\/ferrovial\/","https:\/\/www.youtube.com\/ferrovial","https:\/\/en.wikipedia.org\/wiki\/Ferrovial"]}]}},"_links":{"self":[{"href":"https:\/\/www.ferrovial.com\/es\/wp-json\/wp\/v2\/pages\/141725","targetHints":{"allow":["GET"]}}],"collection":[{"href":"https:\/\/www.ferrovial.com\/es\/wp-json\/wp\/v2\/pages"}],"about":[{"href":"https:\/\/www.ferrovial.com\/es\/wp-json\/wp\/v2\/types\/page"}],"replies":[{"embeddable":true,"href":"https:\/\/www.ferrovial.com\/es\/wp-json\/wp\/v2\/comments?post=141725"}],"version-history":[{"count":4,"href":"https:\/\/www.ferrovial.com\/es\/wp-json\/wp\/v2\/pages\/141725\/revisions"}],"predecessor-version":[{"id":205491,"href":"https:\/\/www.ferrovial.com\/es\/wp-json\/wp\/v2\/pages\/141725\/revisions\/205491"}],"up":[{"embeddable":true,"href":"https:\/\/www.ferrovial.com\/es\/wp-json\/wp\/v2\/pages\/150493"}],"wp:attachment":[{"href":"https:\/\/www.ferrovial.com\/es\/wp-json\/wp\/v2\/media?parent=141725"}],"curies":[{"name":"wp","href":"https:\/\/api.w.org\/{rel}","templated":true}]}}