{"id":142467,"date":"2020-01-20T10:32:49","date_gmt":"2020-01-20T09:32:49","guid":{"rendered":"https:\/\/www.ferrovial.com\/?page_id=142467"},"modified":"2021-03-22T14:15:47","modified_gmt":"2021-03-22T13:15:47","slug":"5g","status":"publish","type":"page","link":"https:\/\/www.ferrovial.com\/es\/innovacion\/tecnologias\/5g\/","title":{"rendered":"5G"},"content":{"rendered":"    <m-final-content-header >\n            <c-breadcrumb label-text=\"Breadcrumb\" slot=\"breadcrumbs\" type='2' align='left' wrap='wrapped wrapped' aria-label='Vienes de Tecnolog\u00edas'>\n                        <ol>\n\n                                                            <li><a href=\"https:\/\/www.ferrovial.com\/es\/\" title=\"Ferrovial\">Ferrovial<\/a><\/li>\n                                                                        <li><a href=\"https:\/\/www.ferrovial.com\/es\/innovacion\/\" title=\"Innovaci\u00f3n\">Innovaci\u00f3n<\/a><\/li>\n                                                                        <li><a href=\"https:\/\/www.ferrovial.com\/es\/innovacion\/tecnologias\/\" title=\"Tecnolog\u00edas\">Tecnolog\u00edas<\/a><\/li>\n                                    \n                <\/ol>\n\n                <\/c-breadcrumb>\n    \n        <div slot=\"header\">\n            <h1>\n                5G            <\/h1>\n                    <\/div>\n    <\/m-final-content-header>\n\n    \n\n\n<m-wysiwig class=\"wp-block-components-wysiwyg\"><div slot=\"maincontent\">    <p class=\"intro\">El 5G representa la pr\u00f3xima generaci\u00f3n de tecnolog\u00eda de conexi\u00f3n de redes inal\u00e1mbricas que servir\u00e1 como combustible para la innovaci\u00f3n y para transformar nuestra manera de vivir, trabajar y divertirnos.<\/p>\n    \n\n\n<h2 class=\"wp-block-heading\"><strong>\u00bfQu\u00e9 es el 5G?<\/strong><\/h2>\n\n\n\n<p>Las redes 5G suponen la uni\u00f3n del mundo f\u00edsico y el digital y ofrecen enormes mejoras en t\u00e9rminos de <strong>velocidad<\/strong>, llegando hasta los 10 Gbps que suponen un incremento de entre 10 y 100 veces m\u00e1s que las redes 4G, <strong>capacidad<\/strong>, multiplicando por 100 la cantidad de dispositivos que podr\u00e1n estar conectados por \u00e1rea de unidad, <strong>ampliabilidad<\/strong>, <strong>seguridad <\/strong>y <strong>eficiencia energ\u00e9tica<\/strong>, reduciendo en un 90&nbsp;% el consumo de energ\u00eda. En un mundo en red, solo un entorno interconectado puede servir como base para el desarrollo de nuevos modelos de negocio, como podr\u00edan ser los coches aut\u00f3nomos o conectados o las infraestructuras inteligentes, por lo que se trata de un elemento fundamental para la competitividad de las empresas en el futuro: por el impulso que supone para la innovaci\u00f3n, expansi\u00f3n, transformaci\u00f3n y sostenibilidad.<\/p>\n\n\n\n<h2 class=\"wp-block-heading\"><strong>Disponibilidad<\/strong><\/h2>\n\n\n\n<p>La primera fase de normalizaci\u00f3n de las especificaciones del 5G internacional (realizadas por el Proyecto de consorcio de tercera generaci\u00f3n [3GPP, por sus siglas en ingl\u00e9s]) \u00abRelease 15\u00bb finaliz\u00f3 en abril de 2019 para dar cabida a ensayos comerciales e implantaciones pioneras. La segunda fase, \u00abRelease 16\u00bb tiene prevista su finalizaci\u00f3n para abril de 2020 para su presentaci\u00f3n ante la Uni\u00f3n Internacional de Telecomunicaciones (UIT) como aspirante para conseguir la autorizaci\u00f3n completa IMT-2020. <\/p>\n\n\n\n<p>Algunos operadores ya han comenzado a desplegar redes 5G en pa\u00edses como Estados Unidos y Corea del Sur, aunque de forma muy restringida y no para m\u00f3viles. Por ejemplo, la empresa de telecomunicaciones m\u00f3viles AT&amp;T lanz\u00f3 un servicio de punto de acceso wifi 5G en una docena de ciudades a finales de 2018. <\/p>\n\n\n\n<p>En t\u00e9rminos del despliegue \u00edntegro de la red 5G para m\u00f3viles, Verizon lanz\u00f3 el primer servicio comercial en Chicago en abril de 2019 y estableci\u00f3 el servicio 5G (\u00edntegro) en 30 ciudades m\u00e1s de los Estados Unidos hacia&nbsp;finales de 2019. <\/p>\n\n\n\n<p>Telef\u00f3nica, comenz\u00f3 su implantaci\u00f3n en 2018 al transformar dos ciudades espa\u00f1olas como Segovia y Talavera de la Reina en \u00ablaboratorios 5G vivientes\u00bb, trabajando en colaboraci\u00f3n con Nokia y Ericsson. Vodafone Espa\u00f1a tambi\u00e9n ha comenzado la implantaci\u00f3n previa a la comercializaci\u00f3n de redes 5G en zonas del centro de Madrid, Barcelona, Sevilla, Valencia, Bilbao y M\u00e1laga. En otros pa\u00edses, de manera particular en Alemania, solo recientemente se ha anunciado que se realizar\u00e1n las licitaciones de espectro 5G. <\/p>\n\n\n\n<p>Con la adecuaci\u00f3n de la normativa, operadores de red y dispositivos, es probable que la segunda mitad del a\u00f1o 2020 suponga el punto de partida para la implantaci\u00f3n comercial y adopci\u00f3n de la tecnolog\u00eda 5G.<\/p>\n\n\n\n<h2 class=\"wp-block-heading\"><strong>5G para Ferrovial<\/strong><\/h2>\n\n\n\n<h3 class=\"wp-block-heading\"><strong>Infraestructuras\nde red<\/strong><strong><\/strong><\/h3>\n\n\n\n<p>Existen numerosas oportunidades que van desde la instalaci\u00f3n hasta el mantenimiento de las nuevas infraestructuras requeridas por los operadores externos de redes m\u00f3viles para operar con una red 5G. <\/p>\n\n\n\n<h3 class=\"wp-block-heading\"><strong>Explotaci\u00f3n del 5G<\/strong><\/h3>\n\n\n\n<p>La conectividad V2X (para conectar el veh\u00edculo con todo) 5G favorecer\u00e1 la creaci\u00f3n de numerosas aplicaciones veh\u00edculo-red y permitir\u00e1 la implantaci\u00f3n de servicios novedosos y revolucionarios para los usuarios de carreteras y autopistas: descarga de una gran cantidad de contenidos y datos multimedia en tiempo real, actualizaci\u00f3n de los programas inform\u00e1ticos del veh\u00edculo, servicio en l\u00ednea de diagn\u00f3stico del veh\u00edculo, mejora de los servicios de posicionamiento y navegaci\u00f3n, pago en l\u00ednea de peajes, etc., a partir del dispositivo 5G integrado en el coche. El 5G tambi\u00e9n permitir\u00e1 que las empresas concesionarias de carreteras introduzcan elementos revolucionarios de seguridad en carretera y sistemas de gesti\u00f3n del tr\u00e1fico en tiempo real.<\/p>\n\n\n\n<p>Aparte de las aplicaciones m\u00e1s obvias\ncomo m\u00f3viles y otros dispositivos m\u00f3viles, el Internet de las cosas, por\nejemplo, se beneficiar\u00e1 enormemente de la velocidad y ancho de banda que\nproporciona el 5G, en particular conforme se produzca la expansi\u00f3n del sector.\nCirug\u00eda rob\u00f3tica, veh\u00edculos aut\u00f3nomos, monitorizaci\u00f3n de infraestructuras\nfundamentales y servicios de emergencia, son solo algunas de las aplicaciones\npotenciales del Internet de las cosas con tecnolog\u00eda 5G.<\/p>\n<\/div><\/m-wysiwig>\n","protected":false},"excerpt":{"rendered":"","protected":false},"featured_media":0,"parent":74618,"menu_order":0,"comment_status":"closed","ping_status":"closed","template":"","meta":{"_acf_changed":false,"footnotes":""},"class_list":["post-142467","page","type-page","status-publish","hentry"],"acf":[],"yoast_head":"<!-- This site is optimized with the Yoast SEO plugin v27.2 - https:\/\/yoast.com\/product\/yoast-seo-wordpress\/ -->\n<title>\u00bfQu\u00e9 es el 5G? - Ferrovial<\/title>\n<meta name=\"description\" content=\"Welcome to the Ferrovial&#039;s website, global operator of sustainable infrastructure. Here you can find all the information about the company and subsidiaries.\" \/>\n<meta name=\"robots\" content=\"index, follow, max-snippet:-1, max-image-preview:large, max-video-preview:-1\" \/>\n<link rel=\"canonical\" href=\"https:\/\/www.ferrovial.com\/es\/innovacion\/tecnologias\/5g\/\" \/>\n<meta property=\"og:locale\" content=\"es_ES\" \/>\n<meta property=\"og:type\" content=\"article\" \/>\n<meta property=\"og:title\" content=\"\u00bfQu\u00e9 es el 5G? - Ferrovial\" \/>\n<meta property=\"og:description\" content=\"Welcome to the Ferrovial&#039;s website, global operator of sustainable infrastructure. Here you can find all the information about the company and subsidiaries.\" \/>\n<meta property=\"og:url\" content=\"https:\/\/www.ferrovial.com\/es\/innovacion\/tecnologias\/5g\/\" \/>\n<meta property=\"og:site_name\" content=\"Ferrovial\" \/>\n<meta property=\"article:publisher\" content=\"https:\/\/www.facebook.com\/ferrovial\" \/>\n<meta property=\"article:modified_time\" content=\"2021-03-22T13:15:47+00:00\" \/>\n<meta name=\"twitter:card\" content=\"summary_large_image\" \/>\n<meta name=\"twitter:site\" content=\"@ferrovial\" \/>\n<meta name=\"twitter:label1\" content=\"Est. reading time\" \/>\n\t<meta name=\"twitter:data1\" content=\"3 minutos\" \/>\n<!-- \/ Yoast SEO plugin. -->","yoast_head_json":{"title":"\u00bfQu\u00e9 es el 5G? - Ferrovial","description":"Welcome to the Ferrovial's website, global operator of sustainable infrastructure. Here you can find all the information about the company and subsidiaries.","robots":{"index":"index","follow":"follow","max-snippet":"max-snippet:-1","max-image-preview":"max-image-preview:large","max-video-preview":"max-video-preview:-1"},"canonical":"https:\/\/www.ferrovial.com\/es\/innovacion\/tecnologias\/5g\/","og_locale":"es_ES","og_type":"article","og_title":"\u00bfQu\u00e9 es el 5G? - Ferrovial","og_description":"Welcome to the Ferrovial's website, global operator of sustainable infrastructure. Here you can find all the information about the company and subsidiaries.","og_url":"https:\/\/www.ferrovial.com\/es\/innovacion\/tecnologias\/5g\/","og_site_name":"Ferrovial","article_publisher":"https:\/\/www.facebook.com\/ferrovial","article_modified_time":"2021-03-22T13:15:47+00:00","twitter_card":"summary_large_image","twitter_site":"@ferrovial","twitter_misc":{"Est. reading time":"3 minutos"},"schema":{"@context":"https:\/\/schema.org","@graph":[{"@type":"WebPage","@id":"https:\/\/www.ferrovial.com\/es\/innovacion\/tecnologias\/5g\/","url":"https:\/\/www.ferrovial.com\/es\/innovacion\/tecnologias\/5g\/","name":"\u00bfQu\u00e9 es el 5G? - Ferrovial","isPartOf":{"@id":"https:\/\/www.ferrovial.com\/es\/#website"},"datePublished":"2020-01-20T09:32:49+00:00","dateModified":"2021-03-22T13:15:47+00:00","description":"Welcome to the Ferrovial's website, global operator of sustainable infrastructure. Here you can find all the information about the company and subsidiaries.","breadcrumb":{"@id":"https:\/\/www.ferrovial.com\/es\/innovacion\/tecnologias\/5g\/#breadcrumb"},"inLanguage":"es","potentialAction":[{"@type":"ReadAction","target":["https:\/\/www.ferrovial.com\/es\/innovacion\/tecnologias\/5g\/"]}]},{"@type":"BreadcrumbList","@id":"https:\/\/www.ferrovial.com\/es\/innovacion\/tecnologias\/5g\/#breadcrumb","itemListElement":[{"@type":"ListItem","position":1,"name":"Portada","item":"https:\/\/www.ferrovial.com\/es\/"},{"@type":"ListItem","position":2,"name":"Innovaci\u00f3n","item":"https:\/\/www.ferrovial.com\/es\/innovacion\/"},{"@type":"ListItem","position":3,"name":"Tecnolog\u00edas","item":"https:\/\/www.ferrovial.com\/es\/innovacion\/tecnologias\/"},{"@type":"ListItem","position":4,"name":"5G"}]},{"@type":"WebSite","@id":"https:\/\/www.ferrovial.com\/es\/#website","url":"https:\/\/www.ferrovial.com\/es\/","name":"Ferrovial","description":"Welcome to the Ferrovial&#039;s website, global operator of sustainable infrastructure. Here you can find all the information about the company and subsidiaries.","publisher":{"@id":"https:\/\/www.ferrovial.com\/es\/#organization"},"potentialAction":[{"@type":"SearchAction","target":{"@type":"EntryPoint","urlTemplate":"https:\/\/www.ferrovial.com\/es\/?s={search_term_string}"},"query-input":{"@type":"PropertyValueSpecification","valueRequired":true,"valueName":"search_term_string"}}],"inLanguage":"es"},{"@type":"Organization","@id":"https:\/\/www.ferrovial.com\/es\/#organization","name":"Ferrovial S.A.","url":"https:\/\/www.ferrovial.com\/es\/","logo":{"@type":"ImageObject","inLanguage":"es","@id":"https:\/\/www.ferrovial.com\/es\/#\/schema\/logo\/image\/","url":"https:\/\/static.ferrovial.com\/wp-content\/uploads\/2020\/01\/13124948\/logo-ferrovial-cf7.png","contentUrl":"https:\/\/static.ferrovial.com\/wp-content\/uploads\/2020\/01\/13124948\/logo-ferrovial-cf7.png","width":144,"height":32,"caption":"Ferrovial S.A."},"image":{"@id":"https:\/\/www.ferrovial.com\/es\/#\/schema\/logo\/image\/"},"sameAs":["https:\/\/www.facebook.com\/ferrovial","https:\/\/x.com\/ferrovial","https:\/\/www.instagram.com\/ferrovial\/","https:\/\/www.linkedin.com\/company\/ferrovial","https:\/\/www.pinterest.es\/ferrovial\/","https:\/\/www.youtube.com\/ferrovial","https:\/\/en.wikipedia.org\/wiki\/Ferrovial"]}]}},"_links":{"self":[{"href":"https:\/\/www.ferrovial.com\/es\/wp-json\/wp\/v2\/pages\/142467","targetHints":{"allow":["GET"]}}],"collection":[{"href":"https:\/\/www.ferrovial.com\/es\/wp-json\/wp\/v2\/pages"}],"about":[{"href":"https:\/\/www.ferrovial.com\/es\/wp-json\/wp\/v2\/types\/page"}],"replies":[{"embeddable":true,"href":"https:\/\/www.ferrovial.com\/es\/wp-json\/wp\/v2\/comments?post=142467"}],"version-history":[{"count":2,"href":"https:\/\/www.ferrovial.com\/es\/wp-json\/wp\/v2\/pages\/142467\/revisions"}],"predecessor-version":[{"id":143278,"href":"https:\/\/www.ferrovial.com\/es\/wp-json\/wp\/v2\/pages\/142467\/revisions\/143278"}],"up":[{"embeddable":true,"href":"https:\/\/www.ferrovial.com\/es\/wp-json\/wp\/v2\/pages\/74618"}],"wp:attachment":[{"href":"https:\/\/www.ferrovial.com\/es\/wp-json\/wp\/v2\/media?parent=142467"}],"curies":[{"name":"wp","href":"https:\/\/api.w.org\/{rel}","templated":true}]}}