{"id":145792,"date":"2020-01-21T20:00:49","date_gmt":"2020-01-21T19:00:49","guid":{"rendered":"https:\/\/www.ferrovial.com\/?page_id=145792"},"modified":"2020-04-21T22:36:37","modified_gmt":"2020-04-21T20:36:37","slug":"tecnologias-emergentes","status":"publish","type":"page","link":"https:\/\/www.ferrovial.com\/es\/innovacion\/digital-hub\/tecnologias-emergentes\/","title":{"rendered":"Tecnolog\u00edas emergentes"},"content":{"rendered":"    <m-final-content-header bgimage='https:\/\/static.ferrovial.com\/wp-content\/uploads\/2020\/01\/13141207\/emergents-technologies-digital-hub-ferrovial-young-businessman-sitting-in-front-of-laptop-1000x720.jpg'>\n            <c-breadcrumb label-text=\"Breadcrumb\" slot=\"breadcrumbs\" type='2' align='left' wrap='wrapped wrapped' aria-label='Vienes de Digital Hub'>\n                        <ol>\n\n                                                            <li><a href=\"https:\/\/www.ferrovial.com\/es\/\" title=\"Ferrovial\">Ferrovial<\/a><\/li>\n                                                                        <li><a href=\"https:\/\/www.ferrovial.com\/es\/innovacion\/\" title=\"Innovaci\u00f3n\">Innovaci\u00f3n<\/a><\/li>\n                                                                        <li><a href=\"https:\/\/www.ferrovial.com\/es\/innovacion\/digital-hub\/\" title=\"Digital Hub\">Digital Hub<\/a><\/li>\n                                    \n                <\/ol>\n\n                <\/c-breadcrumb>\n    \n        <div slot=\"header\">\n            <h1>\n                Tecnolog\u00edas emergentes            <\/h1>\n                    <\/div>\n    <\/m-final-content-header>\n\n    \n\n\n<m-wysiwig class=\"wp-block-components-wysiwyg\"><div slot=\"maincontent\">\n<p>Las tecnolog\u00edas emergentes se caracterizan en general por ser tecnolog\u00edas innovadoras que <strong>aportan mejoras frente a otras m\u00e1s tradicionales<\/strong> ya consolidadas pero que a\u00fan no han alcanzado su nivel m\u00e1ximo de madurez, por lo que se encuentran a\u00fan en v\u00edas de desarrollo.<\/p>\n\n\n\n<p>Nosotros <strong>exploramos de forma peri\u00f3dica<\/strong> estas tecnolog\u00edas para identificar cu\u00e1les de todas las existentes en el mercado tienen un <strong>nivel de madurez suficiente<\/strong> como para poder ser implantadas y aportar un <strong>valor diferencial<\/strong> o una ventaja competitiva a nuestro negocio. <\/p>\n\n\n\n<p>Una vez identificadas las tecnolog\u00edas de mayor inter\u00e9s para Ferrovial, el \u00e1rea de tecnolog\u00edas emergentes del Digital Hub cuenta con un equipo especializado en adquirir y consolidar conocimiento sobre estas tecnolog\u00edas, acelerar su implantaci\u00f3n en los proyectos y favorecer la reutilizaci\u00f3n de estas soluciones en otras \u00e1reas con el objetivo de generar sinergias dentro de la organizaci\u00f3n que beneficien al Grupo.&nbsp; <\/p>\n\n\n\n<p>Actualmente las\ntecnolog\u00edas emergentes en las que trabaja el Digital Hub son:<\/p>\n\n\n\n<ul class=\"wp-block-list\"><li><strong>Internet de las cosas (IoT):<\/strong> uso de <strong>dispositivos<\/strong> que nos permiten <strong>medir<\/strong> ciertos par\u00e1metros del entorno en el que se ubican, generando <strong>datos<\/strong> que enriquecen el conocimiento del negocio y permiten desencadenar <strong>acciones autom\u00e1ticas<\/strong> de forma inmediata. <\/li><li><strong>Drones<\/strong>: uso de veh\u00edculos a\u00e9reos que permiten mediante sistemas embarcados <strong>adquirir una gran cantidad de informaci\u00f3n<\/strong> (im\u00e1genes, v\u00eddeos, datos) <strong>en entornos de dif\u00edcil acceso o elevado riesgo<\/strong> sin comprometer la seguridad del operador.<\/li><li><strong>Rob\u00f3tica:<\/strong> sistemas que imitan de forma aut\u00f3mata capacidades humanas en sus diversos \u00e1mbitos de trabajo: social, colaborativo e industrial.<\/li><li><strong>Impresi\u00f3n 3D:<\/strong> facilita la creaci\u00f3n de ciertos prototipos y piezas de la misma utilidad que otras fabricadas de manera tradicional, en menor tiempo y\/o coste.<\/li><\/ul>\n\n\n\n<p>Una visi\u00f3n global nos permite apreciar la <strong>interrelaci\u00f3n entre estas tecnolog\u00edas emergentes y otras como anal\u00edtica de datos o inteligencia artificial. <\/strong><\/p>\n\n\n\n<p>As\u00ed por ejemplo, las\nsoluciones de IoT, rob\u00f3tica o veh\u00edculos aut\u00f3nomos, no son s\u00f3lo las encargadas\nde generar m\u00faltiples datos cuyo an\u00e1lisis impulsa la optimizaci\u00f3n de procesos,\nsino que adem\u00e1s son el <strong>soporte f\u00edsico<\/strong>\nsobre el que se ejecutan cada vez con mayor frecuencia complejos procesos de <strong>anal\u00edtica e inteligencia artificial<\/strong> que\nest\u00e1n cambiando de forma dr\u00e1stica la manera en la que interactuamos con los\nobjetos y las infraestructuras que nos rodean. <\/p>\n<\/div><\/m-wysiwig>\n\n\n    <m-gallery :translations='{\n        &quot;prev&quot;:&quot;Anterior&quot;,\n        &quot;next&quot;:&quot;Siguiente&quot;,\n        &quot;paginationseparator&quot;:&quot;de&quot;,\n        &quot;close&quot;:&quot;Cerrar&quot;\n    }' class='gutenberg'>\n\n    <div slot=\"header\">\n                    <p>Descripci\u00f3n por defecto<\/p>\n                <\/div>\n\n                    <div slot=\"carouselItem\" v-lazy:background-image=\"'https:\/\/static.ferrovial.com\/wp-content\/uploads\/2020\/01\/13130633\/tec_carrusel_01-1280x720.jpg'\">\n                                    <\/div>\n                                <div slot=\"carouselItem\" v-lazy:background-image=\"'https:\/\/static.ferrovial.com\/wp-content\/uploads\/2020\/01\/13130631\/tec_carrusel_02-1280x720.jpg'\">\n                                    <\/div>\n                                <div slot=\"carouselItem\" v-lazy:background-image=\"'https:\/\/static.ferrovial.com\/wp-content\/uploads\/2020\/01\/13130629\/tec_carrusel_03-1280x720.png'\">\n                                    <\/div>\n                                <div slot=\"carouselItem\" v-lazy:background-image=\"'https:\/\/static.ferrovial.com\/wp-content\/uploads\/2020\/01\/13130628\/tec_carrusel_04-1280x720.jpg'\">\n                                    <\/div>\n                                <div slot=\"carouselItem\" v-lazy:background-image=\"'https:\/\/static.ferrovial.com\/wp-content\/uploads\/2020\/01\/13130626\/tec_carrusel_05-1280x720.jpg'\">\n                                    <\/div>\n                                <div slot=\"modalItem\">\n                    <img v-lazy=\"'https:\/\/static.ferrovial.com\/wp-content\/uploads\/2020\/01\/13130633\/tec_carrusel_01-1280x720.jpg'\" alt=\"\" hidden\/>\n                <\/div>\n                                <div slot=\"modalItem\">\n                    <img v-lazy=\"'https:\/\/static.ferrovial.com\/wp-content\/uploads\/2020\/01\/13130631\/tec_carrusel_02-1280x720.jpg'\" alt=\"\" hidden\/>\n                <\/div>\n                                <div slot=\"modalItem\">\n                    <img v-lazy=\"'https:\/\/static.ferrovial.com\/wp-content\/uploads\/2020\/01\/13130629\/tec_carrusel_03-1280x720.png'\" alt=\"\" hidden\/>\n                <\/div>\n                                <div slot=\"modalItem\">\n                    <img v-lazy=\"'https:\/\/static.ferrovial.com\/wp-content\/uploads\/2020\/01\/13130628\/tec_carrusel_04-1280x720.jpg'\" alt=\"\" hidden\/>\n                <\/div>\n                                <div slot=\"modalItem\">\n                    <img v-lazy=\"'https:\/\/static.ferrovial.com\/wp-content\/uploads\/2020\/01\/13130626\/tec_carrusel_05-1280x720.jpg'\" alt=\"\" hidden\/>\n                <\/div>\n                    <\/m-gallery>\n\n    ","protected":false},"excerpt":{"rendered":"","protected":false},"featured_media":131542,"parent":18766,"menu_order":0,"comment_status":"closed","ping_status":"closed","template":"","meta":{"_acf_changed":false,"footnotes":""},"class_list":["post-145792","page","type-page","status-publish","has-post-thumbnail","hentry"],"acf":[],"yoast_head":"<!-- This site is optimized with the Yoast SEO plugin v27.2 - https:\/\/yoast.com\/product\/yoast-seo-wordpress\/ -->\n<title>Tecnolog\u00edas emergentes - Ferrovial<\/title>\n<meta name=\"description\" content=\"Welcome to the Ferrovial&#039;s website, global operator of sustainable infrastructure. Here you can find all the information about the company and subsidiaries.\" \/>\n<meta name=\"robots\" content=\"index, follow, max-snippet:-1, max-image-preview:large, max-video-preview:-1\" \/>\n<link rel=\"canonical\" href=\"https:\/\/www.ferrovial.com\/es\/innovacion\/digital-hub\/tecnologias-emergentes\/\" \/>\n<meta property=\"og:locale\" content=\"es_ES\" \/>\n<meta property=\"og:type\" content=\"article\" \/>\n<meta property=\"og:title\" content=\"Tecnolog\u00edas emergentes - Ferrovial\" \/>\n<meta property=\"og:description\" content=\"Welcome to the Ferrovial&#039;s website, global operator of sustainable infrastructure. Here you can find all the information about the company and subsidiaries.\" \/>\n<meta property=\"og:url\" content=\"https:\/\/www.ferrovial.com\/es\/innovacion\/digital-hub\/tecnologias-emergentes\/\" \/>\n<meta property=\"og:site_name\" content=\"Ferrovial\" \/>\n<meta property=\"article:publisher\" content=\"https:\/\/www.facebook.com\/ferrovial\" \/>\n<meta property=\"article:modified_time\" content=\"2020-04-21T20:36:37+00:00\" \/>\n<meta property=\"og:image\" content=\"https:\/\/static.ferrovial.com\/wp-content\/uploads\/2020\/01\/13141207\/emergents-technologies-digital-hub-ferrovial-young-businessman-sitting-in-front-of-laptop.jpg\" \/>\n\t<meta property=\"og:image:width\" content=\"1000\" \/>\n\t<meta property=\"og:image:height\" content=\"1500\" \/>\n\t<meta property=\"og:image:type\" content=\"image\/jpeg\" \/>\n<meta name=\"twitter:card\" content=\"summary_large_image\" \/>\n<meta name=\"twitter:site\" content=\"@ferrovial\" \/>\n<meta name=\"twitter:label1\" content=\"Est. reading time\" \/>\n\t<meta name=\"twitter:data1\" content=\"2 minutos\" \/>\n<!-- \/ Yoast SEO plugin. -->","yoast_head_json":{"title":"Tecnolog\u00edas emergentes - Ferrovial","description":"Welcome to the Ferrovial's website, global operator of sustainable infrastructure. Here you can find all the information about the company and subsidiaries.","robots":{"index":"index","follow":"follow","max-snippet":"max-snippet:-1","max-image-preview":"max-image-preview:large","max-video-preview":"max-video-preview:-1"},"canonical":"https:\/\/www.ferrovial.com\/es\/innovacion\/digital-hub\/tecnologias-emergentes\/","og_locale":"es_ES","og_type":"article","og_title":"Tecnolog\u00edas emergentes - Ferrovial","og_description":"Welcome to the Ferrovial's website, global operator of sustainable infrastructure. Here you can find all the information about the company and subsidiaries.","og_url":"https:\/\/www.ferrovial.com\/es\/innovacion\/digital-hub\/tecnologias-emergentes\/","og_site_name":"Ferrovial","article_publisher":"https:\/\/www.facebook.com\/ferrovial","article_modified_time":"2020-04-21T20:36:37+00:00","og_image":[{"width":1000,"height":1500,"url":"https:\/\/static.ferrovial.com\/wp-content\/uploads\/2020\/01\/13141207\/emergents-technologies-digital-hub-ferrovial-young-businessman-sitting-in-front-of-laptop.jpg","type":"image\/jpeg"}],"twitter_card":"summary_large_image","twitter_site":"@ferrovial","twitter_misc":{"Est. reading time":"2 minutos"},"schema":{"@context":"https:\/\/schema.org","@graph":[{"@type":"WebPage","@id":"https:\/\/www.ferrovial.com\/es\/innovacion\/digital-hub\/tecnologias-emergentes\/","url":"https:\/\/www.ferrovial.com\/es\/innovacion\/digital-hub\/tecnologias-emergentes\/","name":"Tecnolog\u00edas emergentes - Ferrovial","isPartOf":{"@id":"https:\/\/www.ferrovial.com\/es\/#website"},"primaryImageOfPage":{"@id":"https:\/\/www.ferrovial.com\/es\/innovacion\/digital-hub\/tecnologias-emergentes\/#primaryimage"},"image":{"@id":"https:\/\/www.ferrovial.com\/es\/innovacion\/digital-hub\/tecnologias-emergentes\/#primaryimage"},"thumbnailUrl":"https:\/\/static.ferrovial.com\/wp-content\/uploads\/2020\/01\/13141207\/emergents-technologies-digital-hub-ferrovial-young-businessman-sitting-in-front-of-laptop.jpg","datePublished":"2020-01-21T19:00:49+00:00","dateModified":"2020-04-21T20:36:37+00:00","description":"Welcome to the Ferrovial's website, global operator of sustainable infrastructure. Here you can find all the information about the company and subsidiaries.","breadcrumb":{"@id":"https:\/\/www.ferrovial.com\/es\/innovacion\/digital-hub\/tecnologias-emergentes\/#breadcrumb"},"inLanguage":"es","potentialAction":[{"@type":"ReadAction","target":["https:\/\/www.ferrovial.com\/es\/innovacion\/digital-hub\/tecnologias-emergentes\/"]}]},{"@type":"ImageObject","inLanguage":"es","@id":"https:\/\/www.ferrovial.com\/es\/innovacion\/digital-hub\/tecnologias-emergentes\/#primaryimage","url":"https:\/\/static.ferrovial.com\/wp-content\/uploads\/2020\/01\/13141207\/emergents-technologies-digital-hub-ferrovial-young-businessman-sitting-in-front-of-laptop.jpg","contentUrl":"https:\/\/static.ferrovial.com\/wp-content\/uploads\/2020\/01\/13141207\/emergents-technologies-digital-hub-ferrovial-young-businessman-sitting-in-front-of-laptop.jpg","width":1000,"height":1500,"caption":"Young businessman sitting in front of laptop and working over picture of new 3d model before printing it"},{"@type":"BreadcrumbList","@id":"https:\/\/www.ferrovial.com\/es\/innovacion\/digital-hub\/tecnologias-emergentes\/#breadcrumb","itemListElement":[{"@type":"ListItem","position":1,"name":"Portada","item":"https:\/\/www.ferrovial.com\/es\/"},{"@type":"ListItem","position":2,"name":"Innovaci\u00f3n","item":"https:\/\/www.ferrovial.com\/es\/innovacion\/"},{"@type":"ListItem","position":3,"name":"Digital Hub","item":"https:\/\/www.ferrovial.com\/es\/innovacion\/digital-hub\/"},{"@type":"ListItem","position":4,"name":"Tecnolog\u00edas emergentes"}]},{"@type":"WebSite","@id":"https:\/\/www.ferrovial.com\/es\/#website","url":"https:\/\/www.ferrovial.com\/es\/","name":"Ferrovial","description":"Welcome to the Ferrovial&#039;s website, global operator of sustainable infrastructure. Here you can find all the information about the company and subsidiaries.","publisher":{"@id":"https:\/\/www.ferrovial.com\/es\/#organization"},"potentialAction":[{"@type":"SearchAction","target":{"@type":"EntryPoint","urlTemplate":"https:\/\/www.ferrovial.com\/es\/?s={search_term_string}"},"query-input":{"@type":"PropertyValueSpecification","valueRequired":true,"valueName":"search_term_string"}}],"inLanguage":"es"},{"@type":"Organization","@id":"https:\/\/www.ferrovial.com\/es\/#organization","name":"Ferrovial S.A.","url":"https:\/\/www.ferrovial.com\/es\/","logo":{"@type":"ImageObject","inLanguage":"es","@id":"https:\/\/www.ferrovial.com\/es\/#\/schema\/logo\/image\/","url":"https:\/\/static.ferrovial.com\/wp-content\/uploads\/2020\/01\/13124948\/logo-ferrovial-cf7.png","contentUrl":"https:\/\/static.ferrovial.com\/wp-content\/uploads\/2020\/01\/13124948\/logo-ferrovial-cf7.png","width":144,"height":32,"caption":"Ferrovial S.A."},"image":{"@id":"https:\/\/www.ferrovial.com\/es\/#\/schema\/logo\/image\/"},"sameAs":["https:\/\/www.facebook.com\/ferrovial","https:\/\/x.com\/ferrovial","https:\/\/www.instagram.com\/ferrovial\/","https:\/\/www.linkedin.com\/company\/ferrovial","https:\/\/www.pinterest.es\/ferrovial\/","https:\/\/www.youtube.com\/ferrovial","https:\/\/en.wikipedia.org\/wiki\/Ferrovial"]}]}},"_links":{"self":[{"href":"https:\/\/www.ferrovial.com\/es\/wp-json\/wp\/v2\/pages\/145792","targetHints":{"allow":["GET"]}}],"collection":[{"href":"https:\/\/www.ferrovial.com\/es\/wp-json\/wp\/v2\/pages"}],"about":[{"href":"https:\/\/www.ferrovial.com\/es\/wp-json\/wp\/v2\/types\/page"}],"replies":[{"embeddable":true,"href":"https:\/\/www.ferrovial.com\/es\/wp-json\/wp\/v2\/comments?post=145792"}],"version-history":[{"count":2,"href":"https:\/\/www.ferrovial.com\/es\/wp-json\/wp\/v2\/pages\/145792\/revisions"}],"predecessor-version":[{"id":149046,"href":"https:\/\/www.ferrovial.com\/es\/wp-json\/wp\/v2\/pages\/145792\/revisions\/149046"}],"up":[{"embeddable":true,"href":"https:\/\/www.ferrovial.com\/es\/wp-json\/wp\/v2\/pages\/18766"}],"wp:featuredmedia":[{"embeddable":true,"href":"https:\/\/www.ferrovial.com\/es\/wp-json\/wp\/v2\/media\/131542"}],"wp:attachment":[{"href":"https:\/\/www.ferrovial.com\/es\/wp-json\/wp\/v2\/media?parent=145792"}],"curies":[{"name":"wp","href":"https:\/\/api.w.org\/{rel}","templated":true}]}}