{"id":155097,"date":"2020-01-30T15:48:00","date_gmt":"2020-01-30T14:48:00","guid":{"rendered":"https:\/\/www.ferrovial.com\/?page_id=155097"},"modified":"2026-04-07T11:05:05","modified_gmt":"2026-04-07T09:05:05","slug":"comunicaciones-de-informacion-relevante","status":"publish","type":"page","link":"https:\/\/www.ferrovial.com\/es\/accionistas-e-inversores\/informacion-financiera\/hechos-relevantes\/comunicaciones-de-informacion-relevante\/","title":{"rendered":"Otra informaci\u00f3n relevante de Ferrovial, S.A. (desde 25\/11\/18 hasta 15\/06\/23)"},"content":{"rendered":"    <m-final-content-header bgimage='https:\/\/static.ferrovial.com\/wp-content\/uploads\/2019\/09\/13134118\/t2-heathrow-ferrovial.jpg'>\n            <c-breadcrumb label-text=\"Breadcrumb\" slot=\"breadcrumbs\" type='2' align='left' wrap='wrapped wrapped' aria-label='Vienes de Hist\u00f3rico de informaci\u00f3n de Ferrovial, S.A.'>\n                        <ol>\n\n                                                            <li><a href=\"https:\/\/www.ferrovial.com\/es\/\" title=\"Ferrovial\">Ferrovial<\/a><\/li>\n                                                                        <li><a href=\"https:\/\/www.ferrovial.com\/es\/accionistas-e-inversores\/\" title=\"Accionistas e inversores\">Accionistas e inversores<\/a><\/li>\n                                                                        <li><a href=\"https:\/\/www.ferrovial.com\/es\/accionistas-e-inversores\/informacion-financiera\/\" title=\"Informaci\u00f3n financiera\">Informaci\u00f3n financiera<\/a><\/li>\n                                                                        <li><a href=\"https:\/\/www.ferrovial.com\/es\/accionistas-e-inversores\/informacion-financiera\/hechos-relevantes\/\" title=\"Hist\u00f3rico de informaci\u00f3n de Ferrovial, S.A.\">Hist\u00f3rico de informaci\u00f3n de Ferrovial, S.A.<\/a><\/li>\n                                    \n                <\/ol>\n\n                <\/c-breadcrumb>\n    \n        <div slot=\"header\">\n            <h1>\n                Otra informaci\u00f3n relevante de Ferrovial, S.A. (desde 25\/11\/18 hasta 15\/06\/23)            <\/h1>\n                    <\/div>\n    <\/m-final-content-header>\n\n    \n\n\n<m-wysiwig class=\"wp-block-components-wysiwyg\"><div slot=\"maincontent\">\n<p> Los textos recogidos en esta p\u00e1gina se corresponden exactamente con los remitidos a la Comisi\u00f3n Nacional del Mercado de Valores por Ferrovial S.A. o por terceros y difundidos por aquella. Pueden consultarse en la p\u00e1gina web de la <a rel=\"noreferrer noopener\" href=\"https:\/\/www.cnmv.es\/Portal\/HR\/ResultadoBusquedaHR.aspx?nif=A81939209&amp;division=1\" target=\"_blank\">Comisi\u00f3n Nacional del Mercado de Valores<\/a><\/p>\n<\/div><\/m-wysiwig>\n\n\n\n    <div>\n        <script>\n            window.doPage = function(page) {\n                function getUrlParameterByName() {\n                    var key = false, res = {}, itm = null;\n                    var qs = location.search.substring(1);\n                    if (arguments.length > 0 && arguments[0].length > 1)\n                    key = arguments[0];\n                    var pattern = \/([^&=]+)=([^&]*)\/g;\n                    while (itm = pattern.exec(qs)) {\n                    if (key !== false && decodeURIComponent(itm[1]) === key)\n                        return decodeURIComponent(itm[2]);\n                    else if (key === false)\n                        res[decodeURIComponent(itm[1])] = decodeURIComponent(itm[2]);\n                    }\n\n                    return key === false ? res : null;\n                }\n                function replaceUrlParam(param, newval, search) {\n                    var regex = new RegExp(\"([?;&])\" + param + \"[^&;]*[;&]?\");\n                    var query = search.replace(regex, \"$1\").replace(\/&$\/, '');\n\n                    return (query.length > 2 ? query + \"&\" : \"?\") + (newval ? param + \"=\" + newval : '');\n                }\n\n                var pager = getUrlParameterByName('pager');\n\n                if (pager!=null) {\n\n                    var new_url = window.location.origin + window.location.pathname + replaceUrlParam('pager', page, window.location.search) + window.location.hash\n                    window.location.href = new_url;\n\n                } else {\n\n                    if(window.location.hash) {\n                        var hash = window.location.hash;\n\n                        var new_href =  window.location.href+'?pager='+page + hash;\n\n                        if(window.location.search.length != \"\"){\n                            new_href = window.location.search+'&pager='+page+hash;\n                        }\n\n                        window.location.href = new_href;\n\n                    }else{\n                        var new_href =  window.location.href+'?pager='+page;\n\n                        if(window.location.search.length != \"\"){\n                            new_href = window.location.href+'&pager='+page;\n                        }\n\n                        window.location.href = new_href;\n                    }\n\n                }\n\n            }\n        <\/script>\n\n        \n            <div id=\"popupAcceptanceContainer\" class=\"popup-acceptance-container d-none\">\n                <div class=\"popup-acceptance-content\">\n                    \n            <h3 class=\"popup-acceptance-title\">Aviso Legal<\/h3>\n            <p class=\"popup-text\">\n                Por favor, lea la siguiente informaci\u00f3n legal cuidadosamente antes de continuar.\n            <\/p>\n            <div class=\"popup-acceptance-legal-text\">\n                <h3>DESCARGO DE RESPONSABILIDAD \u2013 IMPORTANTE<\/h3>\n                <p>LAS VERSIONES ELECTR\u00d3NICAS DE LOS MATERIALES QUE EST\u00c1 INTENTANDO ACCEDER EST\u00c1N DISPONIBLES EN ESTA P\u00c1GINA WEB POR FERROVIAL DE BUENA FE Y SOLO CON FINES INFORMATIVOS.<\/p>\n                <p>ESTOS MATERIALES NO EST\u00c1N DIRIGIDOS NI SON ACCESIBLES PARA PERSONAS UBICADAS EN LOS ESTADOS UNIDOS, CANAD\u00c1, AUSTRALIA, LA REP\u00daBLICA DE SUD\u00c1FRICA, JAP\u00d3N O CUALQUIER OTRA JURISDICCI\u00d3N DONDE LA EXTENSI\u00d3N O DISPONIBILIDAD DE LA TRANSACCI\u00d3N SUPONGA UNA VIOLACI\u00d3N DE CUALQUIER LEY O REGLAMENTO APLICABLE.<\/p>\n                <h3>Personas en el extranjero<\/h3>\n                <p>El acceso a los materiales que desea consultar puede no ser legal en ciertas jurisdicciones. En otras jurisdicciones, solo ciertas categor\u00edas de personas pueden acceder a dichos materiales. Cualquier persona que desee acceder a estos materiales debe asegurarse previamente de que no est\u00e1 sujeta a requisitos locales que lo proh\u00edban o restrinjan.<\/p>\n                <p>En particular, salvo que la Empresa lo determine de otra manera y est\u00e9 permitido por la ley y regulaci\u00f3n aplicable, no se pretende, con ciertas excepciones, que cualquier oferta de los valores mencionados en dichos materiales se haga, ni que se env\u00ede documentaci\u00f3n, directa o indirectamente, en o hacia Estados Unidos, Canad\u00e1, Australia, la Rep\u00fablica de Sud\u00e1frica, Jap\u00f3n o cualquier otra jurisdicci\u00f3n donde dichas comunicaciones no est\u00e9n permitidas o est\u00e9n restringidas conforme a las leyes, normas y regulaciones aplicables.<\/p>\n                <p>Estos materiales no constituyen ni forman parte de ninguna oferta o solicitud para comprar o suscribirse a valores en Estados Unidos, Canad\u00e1, Australia, la Rep\u00fablica de Sud\u00e1frica, Jap\u00f3n o en cualquier jurisdicci\u00f3n en la que dicha oferta o solicitud ser\u00eda ilegal antes de la inscripci\u00f3n o calificaci\u00f3n bajo las leyes de valores de dicha jurisdicci\u00f3n. Estos materiales no est\u00e1n dirigidos a personas ubicadas en Estados Unidos. Los valores mencionados no han sido y no ser\u00e1n registrados bajo la Ley de Valores de EE. UU. de 1933 (la \u201cLey de Valores\u201d) ni bajo ninguna ley de valores aplicable de cualquier estado, provincia, territorio, condado u otra jurisdicci\u00f3n de Estados Unidos, y no pueden ofrecerse, venderse, revenderse, entregarse o distribuirse, directa o indirectamente, en o hacia Estados Unidos, salvo que exista una exenci\u00f3n aplicable de registro o en una transacci\u00f3n no sujeta a los requisitos de registro de la Ley de Valores y en cumplimiento de las leyes de valores de cualquier estado u otra jurisdicci\u00f3n de Estados Unidos. No habr\u00e1 oferta p\u00fablica de dichos valores en Estados Unidos. Los valores mencionados tampoco ser\u00e1n registrados ni ofrecidos cumpliendo las leyes de valores aplicables en cualquier otro estado, provincia, territorio o condado donde tales comunicaciones no est\u00e9n permitidas o est\u00e9n restringidas conforme a las leyes, normas y regulaciones aplicables. Por lo tanto, salvo que exista una exenci\u00f3n bajo la ley de valores correspondiente, dichos valores no pueden ofrecerse, venderse, revenderse, entregarse o distribuirse, directa o indirectamente, en ninguna otra jurisdicci\u00f3n si hacerlo constituir\u00eda una violaci\u00f3n de las leyes locales o requerir\u00eda su registro en dicha jurisdicci\u00f3n.<\/p>\n                <p>Los materiales est\u00e1n dirigidos \u00fanicamente a personas en los estados miembros del Espacio Econ\u00f3mico Europeo que sean \u201cinversores cualificados\u201d seg\u00fan el art\u00edculo 2(e) del Reglamento sobre Folletos (UE) 2017\/1129 (seg\u00fan lo complementado por el Reglamento Delegado (UE) 2019\/980 y el Reglamento Delegado (UE) 2019\/979) (\u201cInversores Cualificados\u201d). En el Reino Unido, este documento se dirige \u00fanicamente a personas: (A) que tengan experiencia profesional en asuntos relacionados con inversiones conforme al art\u00edculo 19(5) del Financial Services and Markets Act 2000 (Financial Promotion) Order 2005, seg\u00fan enmendado (el \u201cOrden\u201d); (ii) que se encuentren dentro del art\u00edculo 49(2)(a) a (d) del Orden; o (iii) a quienes se pueda comunicar legalmente; y (B) que sean \u201cinversores cualificados\u201d seg\u00fan el art\u00edculo 2 del Reglamento sobre Folletos como parte de la legislaci\u00f3n de la UE retenida seg\u00fan lo definido en el European Union (Withdrawal) Act 2018 (todas estas personas referidas conjuntamente como \u201cPersonas Relevantes\u201d). No se debe actuar ni confiar en los materiales: (i) en el Reino Unido, por personas que no sean Personas Relevantes; y (ii) en cualquier estado miembro del Espacio Econ\u00f3mico Europeo, por personas que no sean Inversores Cualificados.<\/p>\n                <p>Cualquier inversi\u00f3n o actividad de inversi\u00f3n relacionada con este documento est\u00e1 disponible solo para: (i) en el Reino Unido, Personas Relevantes; y (ii) en cualquier estado miembro del Espacio Econ\u00f3mico Europeo, Inversores Cualificados, y solo se llevar\u00e1 a cabo con dichas personas.<\/p>\n                <p>Si no tiene permiso para ver los materiales en esta p\u00e1gina web o tiene dudas sobre si tiene permiso, salga de esta p\u00e1gina web.<\/p>\n                <h3>Base de acceso<\/h3>\n                <p>El acceso a las versiones electr\u00f3nicas de estos materiales est\u00e1 disponible en esta p\u00e1gina web por la Empresa de buena fe y solo con fines informativos. Cualquier persona que busque acceder a esta p\u00e1gina web declara y garantiza a la Empresa que lo hace \u00fanicamente con fines informativos. Poner anuncios de prensa u otros documentos a disposici\u00f3n en formato electr\u00f3nico no constituye una oferta de venta ni la solicitud de una oferta de compra de valores. Adem\u00e1s, no constituye una recomendaci\u00f3n de la Empresa ni de ning\u00fan otro tercero para vender o comprar valores. Si no tiene permiso para ver los materiales en esta p\u00e1gina web o tiene dudas sobre si tiene permiso, salga de esta p\u00e1gina web.<\/p>\n                <h3>Confirmaci\u00f3n de comprensi\u00f3n y aceptaci\u00f3n del descargo de responsabilidad<\/h3>\n                <p>Las versiones electr\u00f3nicas de estos materiales no est\u00e1n dirigidas ni son accesibles para personas ubicadas en Estados Unidos, Canad\u00e1, Australia, la Rep\u00fablica de Sud\u00e1frica, Jap\u00f3n o cualquier otra jurisdicci\u00f3n restringida.<\/p>\n                <p>Al hacer clic en el bot\u00f3n \u201cAcepto\u201d, certifico que no me encuentro en Estados Unidos, Canad\u00e1, Australia, la Rep\u00fablica de Sud\u00e1frica, Jap\u00f3n o cualquier otra jurisdicci\u00f3n restringida. Acepto que no transmitir\u00e9 ni enviar\u00e9 de otro modo ning\u00fan material contenido en este sitio web a ninguna persona en Estados Unidos, Canad\u00e1, Australia, la Rep\u00fablica de Sud\u00e1frica, Jap\u00f3n o cualquier otra jurisdicci\u00f3n donde hacerlo violar\u00eda la ley o regulaci\u00f3n local aplicable.<\/p>\n                <p>He le\u00eddo y comprendido el descargo de responsabilidad indicado anteriormente. Entiendo que puede afectar mis derechos. Acepto estar sujeto a sus t\u00e9rminos. Al hacer clic en el bot\u00f3n \u201cAcepto\u201d, confirmo que se me permite continuar hacia las versiones electr\u00f3nicas de estos materiales.<\/p>\n            <\/div>\n                            <div class=\"popup-acceptance-actions\">\n                        <button id=\"acceptBtn\" class=\"popup-acceptance-btn accept-btn\">Estoy de acuerdo<\/button>\n                        <button id=\"declineBtn\" class=\"popup-acceptance-btn decline-btn\">No estoy de acuerdo<\/button>\n                    <\/div>\n                <\/div>\n            <\/div>\n\n            <div class=\"global-loader d-none\" id=\"globalLoader\">\n                <div class=\"spinner\"><\/div>\n            <\/div>\n\n        \n                    <m-filters title=\"Documentaci\u00f3n\" id=\"filter-table-hr\" hide_form=true><\/m-filters>\n                <div class=\"basic-list-container\">\n            \n                <m-basic-list type=\"1\" wider>\n                    <div class=\"items\">\n\n                                                    <div class=\"item\">\n                                <p class=\"date\">\n                                    28\/02\/2019                                <\/p>\n                                                                    <!-- BuybackProgram: solo si el bloque est\u00e1 configurado \u00fanicamente como Buy-back program -->\n                                                                                                                        <a class=\"title\" href=\"https:\/\/www.ferrovial.com\/es\/accionistas-e-inversores\/hechos-relevantes\/la-sociedad-remite-el-informe-anual-de-gobierno-corporativo-correspondiente-al-ejercicio-2018\/\" target=\"_blank\" title=\"La Sociedad remite el Informe Anual de Gobierno Corporativo correspondiente al ejercicio 2018\" external=\"\">\n                                                La Sociedad remite el Informe Anual de Gobierno Corporativo correspondiente al ejercicio 2018                                            <\/a>\n                                                                                                            \n                            <\/div>\n                                                    <div class=\"item\">\n                                <p class=\"date\">\n                                    28\/02\/2019                                <\/p>\n                                                                    <!-- BuybackProgram: solo si el bloque est\u00e1 configurado \u00fanicamente como Buy-back program -->\n                                                                                                                        <a class=\"title\" href=\"https:\/\/www.ferrovial.com\/es\/accionistas-e-inversores\/hechos-relevantes\/la-sociedad-remite-el-informe-anual-sobre-remuneraciones-de-los-consejeros-del-ejercicio-2018\/\" target=\"_blank\" title=\"La Sociedad remite el Informe Anual sobre Remuneraciones de los Consejeros del ejercicio 2018\" external=\"\">\n                                                La Sociedad remite el Informe Anual sobre Remuneraciones de los Consejeros del ejercicio 2018                                            <\/a>\n                                                                                                            \n                            <\/div>\n                                                    <div class=\"item\">\n                                <p class=\"date\">\n                                    12\/11\/2014                                <\/p>\n                                                                    <!-- BuybackProgram: solo si el bloque est\u00e1 configurado \u00fanicamente como Buy-back program -->\n                                                                                                                        <a class=\"title\" href=\"https:\/\/www.ferrovial.com\/es\/accionistas-e-inversores\/hechos-relevantes\/rafael-del-pino-presidente-de-ferrovial-aumenta-su-inversion-en-la-sociedad\/\" target=\"_blank\" title=\"Rafael del Pino, Presidente de Ferrovial, aumenta su inversi\u00f3n en la Sociedad\" external=\"\">\n                                                Rafael del Pino, Presidente de Ferrovial, aumenta su inversi\u00f3n en la Sociedad                                            <\/a>\n                                                                                                            \n                            <\/div>\n                                                    <div class=\"item\">\n                                <p class=\"date\">\n                                    19\/10\/2012                                <\/p>\n                                                                    <!-- BuybackProgram: solo si el bloque est\u00e1 configurado \u00fanicamente como Buy-back program -->\n                                                                                                                        <a class=\"title\" href=\"https:\/\/www.ferrovial.com\/es\/accionistas-e-inversores\/hechos-relevantes\/las-sociedades-que-gestionan-la-explotacion-de-la-ap-36-ocana-la-roda-han-acordado-solicitar-la-declaracion-judicial-de-concurso-de-acreedores\/\" target=\"_blank\" title=\"Las sociedades que gestionan la explotaci\u00f3n de la AP-36 Oca\u00f1a-La Roda han acordado solicitar la declaraci\u00f3n judicial de concurso de acreedores\" external=\"\">\n                                                Las sociedades que gestionan la explotaci\u00f3n de la AP-36 Oca\u00f1a-La Roda han acordado solicitar la declaraci\u00f3n judicial de concurso de acreedores                                            <\/a>\n                                                                                                            \n                            <\/div>\n                        \n                    <\/div>\n                <\/m-basic-list>\n\n                                    <c-pagination :current=\"1\" :total=\"11\" @paginate=\"globals.doPage\"><\/c-pagination>\n                \n                    <\/div>\n    <\/div>\n\n    ","protected":false},"excerpt":{"rendered":"","protected":false},"featured_media":0,"parent":24101,"menu_order":0,"comment_status":"closed","ping_status":"closed","template":"","meta":{"_acf_changed":false,"footnotes":""},"class_list":["post-155097","page","type-page","status-publish","hentry"],"acf":[],"yoast_head":"<!-- This site is optimized with the Yoast SEO plugin v27.2 - https:\/\/yoast.com\/product\/yoast-seo-wordpress\/ -->\n<title>Otra informaci\u00f3n relevante de Ferrovial, S.A. (desde 25\/11\/18 hasta 15\/06\/23) - Ferrovial<\/title>\n<meta name=\"description\" content=\"Consulta la otra informaci\u00f3n relevante de Ferrovial, S.A. remitida a la CNMV entre 2018 y 2023, incluida documentaci\u00f3n sobre la fusi\u00f3n y acciones corporativas clave.\" \/>\n<meta name=\"robots\" content=\"index, follow, max-snippet:-1, max-image-preview:large, max-video-preview:-1\" \/>\n<link rel=\"canonical\" href=\"https:\/\/www.ferrovial.com\/es\/accionistas-e-inversores\/informacion-financiera\/hechos-relevantes\/comunicaciones-de-informacion-relevante\/\" \/>\n<meta property=\"og:locale\" content=\"es_ES\" \/>\n<meta property=\"og:type\" content=\"article\" \/>\n<meta property=\"og:title\" content=\"Otra informaci\u00f3n relevante de Ferrovial, S.A. (desde 25\/11\/18 hasta 15\/06\/23)\" \/>\n<meta property=\"og:description\" content=\"Consulta la otra informaci\u00f3n relevante de Ferrovial, S.A. remitida a la CNMV entre 2018 y 2023, incluida documentaci\u00f3n sobre la fusi\u00f3n y acciones corporativas clave.\" \/>\n<meta property=\"og:url\" content=\"https:\/\/www.ferrovial.com\/es\/accionistas-e-inversores\/informacion-financiera\/hechos-relevantes\/comunicaciones-de-informacion-relevante\/\" \/>\n<meta property=\"og:site_name\" content=\"Ferrovial\" \/>\n<meta property=\"article:publisher\" content=\"https:\/\/www.facebook.com\/ferrovial\" \/>\n<meta property=\"article:modified_time\" content=\"2026-04-07T09:05:05+00:00\" \/>\n<meta name=\"twitter:card\" content=\"summary_large_image\" \/>\n<meta name=\"twitter:site\" content=\"@ferrovial\" \/>\n<meta name=\"twitter:label1\" content=\"Est. reading time\" \/>\n\t<meta name=\"twitter:data1\" content=\"1 minuto\" \/>\n<!-- \/ Yoast SEO plugin. -->","yoast_head_json":{"title":"Otra informaci\u00f3n relevante de Ferrovial, S.A. (desde 25\/11\/18 hasta 15\/06\/23) - Ferrovial","description":"Consulta la otra informaci\u00f3n relevante de Ferrovial, S.A. remitida a la CNMV entre 2018 y 2023, incluida documentaci\u00f3n sobre la fusi\u00f3n y acciones corporativas clave.","robots":{"index":"index","follow":"follow","max-snippet":"max-snippet:-1","max-image-preview":"max-image-preview:large","max-video-preview":"max-video-preview:-1"},"canonical":"https:\/\/www.ferrovial.com\/es\/accionistas-e-inversores\/informacion-financiera\/hechos-relevantes\/comunicaciones-de-informacion-relevante\/","og_locale":"es_ES","og_type":"article","og_title":"Otra informaci\u00f3n relevante de Ferrovial, S.A. (desde 25\/11\/18 hasta 15\/06\/23)","og_description":"Consulta la otra informaci\u00f3n relevante de Ferrovial, S.A. remitida a la CNMV entre 2018 y 2023, incluida documentaci\u00f3n sobre la fusi\u00f3n y acciones corporativas clave.","og_url":"https:\/\/www.ferrovial.com\/es\/accionistas-e-inversores\/informacion-financiera\/hechos-relevantes\/comunicaciones-de-informacion-relevante\/","og_site_name":"Ferrovial","article_publisher":"https:\/\/www.facebook.com\/ferrovial","article_modified_time":"2026-04-07T09:05:05+00:00","twitter_card":"summary_large_image","twitter_site":"@ferrovial","twitter_misc":{"Est. reading time":"1 minuto"},"schema":{"@context":"https:\/\/schema.org","@graph":[{"@type":"WebPage","@id":"https:\/\/www.ferrovial.com\/es\/accionistas-e-inversores\/informacion-financiera\/hechos-relevantes\/comunicaciones-de-informacion-relevante\/","url":"https:\/\/www.ferrovial.com\/es\/accionistas-e-inversores\/informacion-financiera\/hechos-relevantes\/comunicaciones-de-informacion-relevante\/","name":"Otra informaci\u00f3n relevante de Ferrovial, S.A. (desde 25\/11\/18 hasta 15\/06\/23) - Ferrovial","isPartOf":{"@id":"https:\/\/www.ferrovial.com\/es\/#website"},"datePublished":"2020-01-30T14:48:00+00:00","dateModified":"2026-04-07T09:05:05+00:00","description":"Consulta la otra informaci\u00f3n relevante de Ferrovial, S.A. remitida a la CNMV entre 2018 y 2023, incluida documentaci\u00f3n sobre la fusi\u00f3n y acciones corporativas clave.","breadcrumb":{"@id":"https:\/\/www.ferrovial.com\/es\/accionistas-e-inversores\/informacion-financiera\/hechos-relevantes\/comunicaciones-de-informacion-relevante\/#breadcrumb"},"inLanguage":"es","potentialAction":[{"@type":"ReadAction","target":["https:\/\/www.ferrovial.com\/es\/accionistas-e-inversores\/informacion-financiera\/hechos-relevantes\/comunicaciones-de-informacion-relevante\/"]}]},{"@type":"BreadcrumbList","@id":"https:\/\/www.ferrovial.com\/es\/accionistas-e-inversores\/informacion-financiera\/hechos-relevantes\/comunicaciones-de-informacion-relevante\/#breadcrumb","itemListElement":[{"@type":"ListItem","position":1,"name":"Portada","item":"https:\/\/www.ferrovial.com\/es\/"},{"@type":"ListItem","position":2,"name":"Accionistas e inversores","item":"https:\/\/www.ferrovial.com\/es\/accionistas-e-inversores\/"},{"@type":"ListItem","position":3,"name":"Informaci\u00f3n financiera","item":"https:\/\/www.ferrovial.com\/es\/accionistas-e-inversores\/informacion-financiera\/"},{"@type":"ListItem","position":4,"name":"Hist\u00f3rico de informaci\u00f3n de Ferrovial, S.A.","item":"https:\/\/www.ferrovial.com\/es\/accionistas-e-inversores\/informacion-financiera\/hechos-relevantes\/"},{"@type":"ListItem","position":5,"name":"Otra informaci\u00f3n relevante de Ferrovial, S.A. (desde 25\/11\/18 hasta 15\/06\/23)"}]},{"@type":"WebSite","@id":"https:\/\/www.ferrovial.com\/es\/#website","url":"https:\/\/www.ferrovial.com\/es\/","name":"Ferrovial","description":"Welcome to the Ferrovial&#039;s website, global operator of sustainable infrastructure. Here you can find all the information about the company and subsidiaries.","publisher":{"@id":"https:\/\/www.ferrovial.com\/es\/#organization"},"potentialAction":[{"@type":"SearchAction","target":{"@type":"EntryPoint","urlTemplate":"https:\/\/www.ferrovial.com\/es\/?s={search_term_string}"},"query-input":{"@type":"PropertyValueSpecification","valueRequired":true,"valueName":"search_term_string"}}],"inLanguage":"es"},{"@type":"Organization","@id":"https:\/\/www.ferrovial.com\/es\/#organization","name":"Ferrovial S.A.","url":"https:\/\/www.ferrovial.com\/es\/","logo":{"@type":"ImageObject","inLanguage":"es","@id":"https:\/\/www.ferrovial.com\/es\/#\/schema\/logo\/image\/","url":"https:\/\/static.ferrovial.com\/wp-content\/uploads\/2020\/01\/13124948\/logo-ferrovial-cf7.png","contentUrl":"https:\/\/static.ferrovial.com\/wp-content\/uploads\/2020\/01\/13124948\/logo-ferrovial-cf7.png","width":144,"height":32,"caption":"Ferrovial S.A."},"image":{"@id":"https:\/\/www.ferrovial.com\/es\/#\/schema\/logo\/image\/"},"sameAs":["https:\/\/www.facebook.com\/ferrovial","https:\/\/x.com\/ferrovial","https:\/\/www.instagram.com\/ferrovial\/","https:\/\/www.linkedin.com\/company\/ferrovial","https:\/\/www.pinterest.es\/ferrovial\/","https:\/\/www.youtube.com\/ferrovial","https:\/\/en.wikipedia.org\/wiki\/Ferrovial"]}]}},"_links":{"self":[{"href":"https:\/\/www.ferrovial.com\/es\/wp-json\/wp\/v2\/pages\/155097","targetHints":{"allow":["GET"]}}],"collection":[{"href":"https:\/\/www.ferrovial.com\/es\/wp-json\/wp\/v2\/pages"}],"about":[{"href":"https:\/\/www.ferrovial.com\/es\/wp-json\/wp\/v2\/types\/page"}],"replies":[{"embeddable":true,"href":"https:\/\/www.ferrovial.com\/es\/wp-json\/wp\/v2\/comments?post=155097"}],"version-history":[{"count":3,"href":"https:\/\/www.ferrovial.com\/es\/wp-json\/wp\/v2\/pages\/155097\/revisions"}],"predecessor-version":[{"id":329281,"href":"https:\/\/www.ferrovial.com\/es\/wp-json\/wp\/v2\/pages\/155097\/revisions\/329281"}],"up":[{"embeddable":true,"href":"https:\/\/www.ferrovial.com\/es\/wp-json\/wp\/v2\/pages\/24101"}],"wp:attachment":[{"href":"https:\/\/www.ferrovial.com\/es\/wp-json\/wp\/v2\/media?parent=155097"}],"curies":[{"name":"wp","href":"https:\/\/api.w.org\/{rel}","templated":true}]}}